{"id":5174,"date":"2022-12-19T18:39:29","date_gmt":"2022-12-19T17:39:29","guid":{"rendered":"https:\/\/leite-europa.com\/mini-tombereaux\/"},"modified":"2024-03-04T11:10:32","modified_gmt":"2024-03-04T10:10:32","slug":"mini-tombereaux","status":"publish","type":"page","link":"https:\/\/leite-europa.com\/es\/mini-tombereaux\/","title":{"rendered":"Mini dumper"},"content":{"rendered":"<p>[et_pb_section fb_built=&#8221;1&#8243; specialty=&#8221;on&#8221; _builder_version=&#8221;4.19.4&#8243; _module_preset=&#8221;default&#8221; custom_padding=&#8221;||14px|||&#8221; global_colors_info=&#8221;{}&#8221;][et_pb_column type=&#8221;2_3&#8243; specialty_columns=&#8221;2&#8243; _builder_version=&#8221;4.16&#8243; custom_padding=&#8221;|||&#8221; global_colors_info=&#8221;{}&#8221; custom_padding__hover=&#8221;|||&#8221;][et_pb_row_inner _builder_version=&#8221;4.19.4&#8243; _module_preset=&#8221;default&#8221; global_colors_info=&#8221;{}&#8221;][et_pb_column_inner saved_specialty_column_type=&#8221;2_3&#8243; _builder_version=&#8221;4.19.4&#8243; _module_preset=&#8221;default&#8221; global_colors_info=&#8221;{}&#8221;][et_pb_text _builder_version=&#8221;4.23.1&#8243; _module_preset=&#8221;default&#8221; header_font_size=&#8221;80px&#8221; header_font_size_tablet=&#8221;80px&#8221; header_font_size_phone=&#8221;50px&#8221; header_font_size_last_edited=&#8221;on|phone&#8221; global_colors_info=&#8221;{}&#8221;]<\/p>\n<h1 style=\"text-align: center;\"><span style=\"color: #ff6600;\">MINI DUMPERS<\/span><\/h1>\n<p>[\/et_pb_text][\/et_pb_column_inner][\/et_pb_row_inner][et_pb_row_inner _builder_version=&#8221;4.19.4&#8243; _module_preset=&#8221;default&#8221; global_colors_info=&#8221;{}&#8221;][et_pb_column_inner saved_specialty_column_type=&#8221;2_3&#8243; _builder_version=&#8221;4.19.4&#8243; _module_preset=&#8221;default&#8221; global_colors_info=&#8221;{}&#8221;][et_pb_text _builder_version=&#8221;4.22.1&#8243; _module_preset=&#8221;default&#8221; text_font_size=&#8221;20px&#8221; text_line_height=&#8221;2em&#8221; text_orientation=&#8221;center&#8221; global_colors_info=&#8221;{}&#8221;]<\/p>\n<p><span style=\"color: #333333;\">Mini dumper con caja basculante para el transporte de cargas pesadas en espacios reducidos.<\/span><\/p>\n<p>[\/et_pb_text][\/et_pb_column_inner][\/et_pb_row_inner][\/et_pb_column][et_pb_column type=&#8221;1_3&#8243; _builder_version=&#8221;4.16&#8243; custom_padding=&#8221;|||&#8221; global_colors_info=&#8221;{}&#8221; custom_padding__hover=&#8221;|||&#8221;][et_pb_image src=&#8221;https:\/\/leite-europa.com\/wp-content\/uploads\/2022\/12\/3-1.png&#8221; alt=&#8221;Mini dumper Leite&#8221; title_text=&#8221;Mini dumper&#8221; _builder_version=&#8221;4.20.4&#8243; _module_preset=&#8221;default&#8221; animation_style=&#8221;slide&#8221; global_colors_info=&#8221;{}&#8221;][\/et_pb_image][\/et_pb_column][\/et_pb_section][et_pb_section fb_built=&#8221;1&#8243; admin_label=&#8221;leite france&#8221; _builder_version=&#8221;4.20.4&#8243; _module_preset=&#8221;4a029949-531b-42bd-9cc5-1c6ec0bc6ba1&#8243; background_enable_color=&#8221;off&#8221; use_background_color_gradient=&#8221;on&#8221; background_color_gradient_stops=&#8221;#000000 0%|#ffffff 98%&#8221; min_height=&#8221;494.1px&#8221; custom_margin=&#8221;1px|||||&#8221; custom_padding=&#8221;0.7%|0px|0.4%|0px||&#8221; bottom_divider_flip=&#8221;horizontal&#8221; locked=&#8221;off&#8221; global_colors_info=&#8221;{}&#8221;][et_pb_row _builder_version=&#8221;4.19.4&#8243; _module_preset=&#8221;default&#8221; global_colors_info=&#8221;{}&#8221;][et_pb_column type=&#8221;4_4&#8243; _builder_version=&#8221;4.19.4&#8243; _module_preset=&#8221;default&#8221; global_colors_info=&#8221;{}&#8221;][et_pb_text _builder_version=&#8221;4.20.4&#8243; _module_preset=&#8221;default&#8221; header_2_text_color=&#8221;#FFFFFF&#8221; header_2_font_size=&#8221;34px&#8221; custom_padding=&#8221;5px|||||&#8221; global_colors_info=&#8221;{}&#8221;]<\/p>\n<h2>Nuestros Mini dumpers<\/h2>\n<p>[\/et_pb_text][et_pb_shop type=&#8221;product_category&#8221; posts_number=&#8221;3&#8243; include_categories=&#8221;158&#8243; orderby=&#8221;date-desc&#8221; show_rating=&#8221;off&#8221; show_sale_badge=&#8221;off&#8221; _builder_version=&#8221;4.23.1&#8243; _module_preset=&#8221;default&#8221; title_font_size=&#8221;18px&#8221; price_font=&#8221;|600|||||||&#8221; price_text_color=&#8221;#E75F0D&#8221; price_font_size=&#8221;28px&#8221; text_orientation=&#8221;center&#8221; custom_css_product=&#8221;background-color:#FFFFFF;||padding:20px!important;||border-radius:10px!important;&#8221; global_colors_info=&#8221;{}&#8221;][\/et_pb_shop][\/et_pb_column][\/et_pb_row][\/et_pb_section][et_pb_section fb_built=&#8221;1&#8243; _builder_version=&#8221;4.20.4&#8243; _module_preset=&#8221;default&#8221; background_color=&#8221;RGBA(255,255,255,0)&#8221; collapsed=&#8221;on&#8221; global_colors_info=&#8221;{}&#8221;][et_pb_row column_structure=&#8221;1_2,1_2&#8243; _builder_version=&#8221;4.20.4&#8243; _module_preset=&#8221;default&#8221; global_colors_info=&#8221;{}&#8221;][et_pb_column type=&#8221;1_2&#8243; _builder_version=&#8221;4.20.4&#8243; _module_preset=&#8221;default&#8221; global_colors_info=&#8221;{}&#8221;][et_pb_text _builder_version=&#8221;4.20.4&#8243; _module_preset=&#8221;default&#8221; text_font_size=&#8221;18px&#8221; text_orientation=&#8221;justified&#8221; global_colors_info=&#8221;{}&#8221;]<\/p>\n<p><strong>LEITE Europa, especialista en la importaci\u00f3n de miniequipos de construcci\u00f3n chinos, se enorgullece de presentar su Mini dumper, tambi\u00e9n conocido como Mini dumper, cami\u00f3n volquete, Mini dumper o carretilla sobre orugas. Esta m\u00e1quina compacta y potente es ideal para transportar materiales a obras de construcci\u00f3n, agricultura o paisajismo. Descubra las ventajas de este Mini dumper econ\u00f3mico y de alto rendimiento, dise\u00f1ado para satisfacer sus necesidades espec\u00edficas.<\/strong><\/p>\n<p>[\/et_pb_text][et_pb_text admin_label=&#8221;Le mini dumper de LEITE France, un engin compact et polyvalent&#8221; _builder_version=&#8221;4.20.4&#8243; _module_preset=&#8221;default&#8221; header_2_text_color=&#8221;#E75F0D&#8221; global_colors_info=&#8221;{}&#8221;]<\/p>\n<h2>El mini dumper LEITE Europa, un veh\u00edculo compacto y vers\u00e1til<\/h2>\n<p>[\/et_pb_text][et_pb_text _builder_version=&#8221;4.20.4&#8243; _module_preset=&#8221;default&#8221; text_orientation=&#8221;justified&#8221; global_colors_info=&#8221;{}&#8221;]<\/p>\n<p>El mini dumper LEITE Europa es un equipo de construcci\u00f3n ligero y maniobrable, especialmente dise\u00f1ado para facilitar el transporte de materiales en sus obras. Gracias a su tama\u00f1o compacto y a sus orugas, se desplaza con facilidad por espacios reducidos y terrenos dif\u00edciles. Nuestro mini dumper chino es la soluci\u00f3n ideal para hacer su trabajo m\u00e1s eficiente y productivo.<\/p>\n<p>[\/et_pb_text][et_pb_text admin_label=&#8221;Un mini dumper chinois de qualit\u00e9 chez LEITE France&#8221; _builder_version=&#8221;4.20.4&#8243; _module_preset=&#8221;default&#8221; header_2_text_color=&#8221;#E75F0D&#8221; global_colors_info=&#8221;{}&#8221;]<\/p>\n<h2>Un mini dumper chino de calidad de LEITE Europa<\/h2>\n<p>[\/et_pb_text][et_pb_text _builder_version=&#8221;4.20.4&#8243; _module_preset=&#8221;default&#8221; text_orientation=&#8221;justified&#8221; global_colors_info=&#8221;{}&#8221;]<\/p>\n<p>Nuestro mini dumper chino es el resultado de un riguroso proceso de selecci\u00f3n, basado en la calidad, el rendimiento y la durabilidad. Llevamos m\u00e1s de 30 a\u00f1os colaborando estrechamente con un prestigioso fabricante chino para ofrecerle una m\u00e1quina robusta y fiable. Equipado con un motor potente y econ\u00f3mico, nuestro mini dumper garantiza una productividad \u00f3ptima y un bajo consumo de combustible. Adem\u00e1s, est\u00e1 dise\u00f1ada para que el operador disfrute de una comodidad \u00f3ptima, con mandos sencillos y ergon\u00f3micos.<\/p>\n<p>[\/et_pb_text][\/et_pb_column][et_pb_column type=&#8221;1_2&#8243; _builder_version=&#8221;4.20.4&#8243; _module_preset=&#8221;default&#8221; global_colors_info=&#8221;{}&#8221;][et_pb_text admin_label=&#8221;Les nombreux usages du mini dumper de LEITE France&#8221; _builder_version=&#8221;4.20.4&#8243; _module_preset=&#8221;default&#8221; header_2_text_color=&#8221;#E75F0D&#8221; global_colors_info=&#8221;{}&#8221;]<\/p>\n<h2>Los m\u00faltiples usos del mini dumper LEITE Europa<\/h2>\n<p>[\/et_pb_text][et_pb_text _builder_version=&#8221;4.20.4&#8243; _module_preset=&#8221;default&#8221; text_orientation=&#8221;justified&#8221; global_colors_info=&#8221;{}&#8221;]<\/p>\n<p>El mini dumper LEITE Europa es una m\u00e1quina vers\u00e1til, adecuada para una amplia gama de usos en sus obras:<\/p>\n<ol>\n<li>Transporte de materiales: mueva materiales sueltos como arena, tierra o escombros de forma r\u00e1pida y sencilla con su caja basculante.<\/li>\n<li>Retirada de residuos: simplifique la gesti\u00f3n de residuos de la obra retirando escombros y otros residuos con facilidad.<\/li>\n<li>Paisajismo: facilite el acondicionamiento de jardines, parques o zonas verdes transportando grandes cantidades de tierra, mantillo o abono.<\/li>\n<li>Trabajos agr\u00edcolas: utilice el mini dumper para mover cargas pesadas, como sacos de grano, pacas de heno o aperos de labranza.<\/li>\n<li>Trabajo en terrenos irregulares: gracias a sus orugas, el mini dumper se desplaza f\u00e1cilmente por terrenos embarrados, inclinados o irregulares.<\/li>\n<\/ol>\n<p>[\/et_pb_text][et_pb_text admin_label=&#8221;Un service apr\u00e8s-vente et une assistance technique de qualit\u00e9&#8221; _builder_version=&#8221;4.20.4&#8243; _module_preset=&#8221;default&#8221; header_2_text_color=&#8221;#E75F0D&#8221; global_colors_info=&#8221;{}&#8221;]<\/p>\n<h2>Servicio posventa y asistencia t\u00e9cnica de alta calidad<\/h2>\n<p>[\/et_pb_text][et_pb_text _builder_version=&#8221;4.20.4&#8243; _module_preset=&#8221;default&#8221; text_orientation=&#8221;justified&#8221; global_colors_info=&#8221;{}&#8221;]<\/p>\n<p>LEITE Europa hace especial hincapi\u00e9 en el servicio posventa y la asistencia t\u00e9cnica. Por eso le apoyamos durante toda la vida \u00fatil de su mini dumper, ofreci\u00e9ndole consejos de mantenimiento adaptados a sus necesidades y proporcion\u00e1ndole piezas de repuesto originales. Nuestro equipo de t\u00e9cnicos cualificados est\u00e1 a su servicio para asesorarle y ayudarle siempre que lo necesite, garantizando el futuro a largo plazo de su inversi\u00f3n.<\/p>\n<p>[\/et_pb_text][et_pb_text _builder_version=&#8221;4.20.4&#8243; _module_preset=&#8221;default&#8221; text_orientation=&#8221;justified&#8221; global_colors_info=&#8221;{}&#8221;]<\/p>\n<p>Optar por el mini dumper chino de LEITE Europa significa elegir un veh\u00edculo compacto, de altas prestaciones y vers\u00e1til, adaptado a sus necesidades profesionales o personales. P\u00f3ngase en contacto con nosotros para obtener m\u00e1s informaci\u00f3n sobre nuestro mini dumper y beneficiarse de la experiencia de nuestros asesores. Trabajemos juntos para encontrar la soluci\u00f3n ideal que facilite su trabajo diario y optimice su productividad in situ. Puede confiar en que LEITE Europa le ayudar\u00e1 a tomar la decisi\u00f3n correcta y le proporcionar\u00e1 un servicio posventa y una asistencia t\u00e9cnica de alta calidad.<\/p>\n<p>[\/et_pb_text][\/et_pb_column][\/et_pb_row][\/et_pb_section][et_pb_section fb_built=&#8221;1&#8243; admin_label=&#8221;Gamme&#8221; _builder_version=&#8221;4.18.1&#8243; _module_preset=&#8221;3bea0239-54ee-4010-bd63-d0bbfc72a98f&#8221; background_color=&#8221;#FFFFFF&#8221; custom_margin=&#8221;1px|||||&#8221; custom_padding=&#8221;16px|||||&#8221; collapsed=&#8221;on&#8221; global_colors_info=&#8221;{}&#8221;][et_pb_row _builder_version=&#8221;4.19.2&#8243; _module_preset=&#8221;default&#8221; global_colors_info=&#8221;{}&#8221;][et_pb_column type=&#8221;4_4&#8243; _builder_version=&#8221;4.19.2&#8243; _module_preset=&#8221;default&#8221; global_colors_info=&#8221;{}&#8221;][et_pb_text _builder_version=&#8221;4.20.4&#8243; _module_preset=&#8221;default&#8221; header_2_text_color=&#8221;#444245&#8243; header_2_font_size=&#8221;34px&#8221; global_colors_info=&#8221;{}&#8221;]<\/p>\n<h2>Descubra las dem\u00e1s m\u00e1quinas de la gama<\/h2>\n<p>[\/et_pb_text][\/et_pb_column][\/et_pb_row][et_pb_row _builder_version=&#8221;4.19.4&#8243; _module_preset=&#8221;default&#8221; global_colors_info=&#8221;{}&#8221;][et_pb_column type=&#8221;4_4&#8243; _builder_version=&#8221;4.19.4&#8243; _module_preset=&#8221;default&#8221; global_colors_info=&#8221;{}&#8221;][et_pb_shop type=&#8221;product_category&#8221; include_categories=&#8221;160&#8243; orderby=&#8221;date-desc&#8221; show_rating=&#8221;off&#8221; show_sale_badge=&#8221;off&#8221; _builder_version=&#8221;4.24.0&#8243; _module_preset=&#8221;default&#8221; title_font_size=&#8221;18px&#8221; price_font=&#8221;|600|||||||&#8221; price_text_color=&#8221;#E75F0D&#8221; price_font_size=&#8221;28px&#8221; text_orientation=&#8221;center&#8221; hover_enabled=&#8221;0&#8243; custom_css_product=&#8221;background-color:#FFFFFF;||padding:5px&#8221; global_colors_info=&#8221;{}&#8221; sticky_enabled=&#8221;0&#8243;][\/et_pb_shop][\/et_pb_column][\/et_pb_row][\/et_pb_section][et_pb_section fb_built=&#8221;1&#8243; _builder_version=&#8221;4.20.4&#8243; _module_preset=&#8221;default&#8221; background_color=&#8221;#E75F0D&#8221; global_colors_info=&#8221;{}&#8221;][et_pb_row _builder_version=&#8221;4.20.4&#8243; _module_preset=&#8221;default&#8221; global_colors_info=&#8221;{}&#8221;][et_pb_column type=&#8221;4_4&#8243; _builder_version=&#8221;4.20.4&#8243; _module_preset=&#8221;default&#8221; global_colors_info=&#8221;{}&#8221;][et_pb_text _builder_version=&#8221;4.20.4&#8243; _module_preset=&#8221;default&#8221; text_text_color=&#8221;#FFFFFF&#8221; header_2_text_color=&#8221;#FFFFFF&#8221; header_2_font_size=&#8221;34px&#8221; global_colors_info=&#8221;{}&#8221;]<\/p>\n<h2>Nuestros consejos y noticias&#8230;<\/h2>\n<p>[\/et_pb_text][et_pb_blog fullwidth=&#8221;off&#8221; posts_number=&#8221;3&#8243; include_categories=&#8221;34&#8243; show_author=&#8221;off&#8221; show_date=&#8221;off&#8221; show_categories=&#8221;off&#8221; show_excerpt=&#8221;off&#8221; show_pagination=&#8221;off&#8221; module_class=&#8221;dc_blog-ratio_1-1&#8243; _builder_version=&#8221;4.22.2&#8243; _module_preset=&#8221;default&#8221; header_text_color=&#8221;#E75F0D&#8221; animation_style=&#8221;slide&#8221; box_shadow_style=&#8221;preset2&#8243; global_colors_info=&#8221;{}&#8221;][\/et_pb_blog][\/et_pb_column][\/et_pb_row][\/et_pb_section]<\/p>\n","protected":false},"excerpt":{"rendered":"<p>MINI DUMPERSMini dumper con caja basculante para el transporte de cargas pesadas en espacios reducidos.Nuestros Mini dumpersLEITE Europa, especialista en la importaci\u00f3n de miniequipos de construcci\u00f3n chinos, se enorgullece de presentar su Mini dumper, tambi\u00e9n conocido como Mini dumper, cami\u00f3n volquete, Mini dumper o carretilla sobre orugas. Esta m\u00e1quina compacta y potente es ideal para [&hellip;]<\/p>\n","protected":false},"author":3,"featured_media":0,"parent":0,"menu_order":0,"comment_status":"closed","ping_status":"closed","template":"","meta":{"_et_pb_use_builder":"on","_et_pb_old_content":"","_et_gb_content_width":"","footnotes":""},"class_list":["post-5174","page","type-page","status-publish","hentry"],"yoast_head":"<!-- This site is optimized with the Yoast SEO plugin v27.5 - https:\/\/yoast.com\/product\/yoast-seo-wordpress\/ -->\n<title>Mini dumper - Leite Europe<\/title>\n<meta name=\"description\" content=\"El minidumper es un elevador hidr\u00e1ulico completo. Este peque\u00f1o y maniobrable volquete equipado con orugas es apto para su uso fuera de la carretera.\" \/>\n<meta name=\"robots\" content=\"index, follow, max-snippet:-1, max-image-preview:large, max-video-preview:-1\" \/>\n<link rel=\"canonical\" href=\"https:\/\/leite-europa.com\/es\/mini-tombereaux\/\" \/>\n<meta property=\"og:locale\" content=\"es_ES\" \/>\n<meta property=\"og:type\" content=\"article\" \/>\n<meta property=\"og:title\" content=\"Mini dumper - Leite Europe\" \/>\n<meta property=\"og:description\" content=\"El minidumper es un elevador hidr\u00e1ulico completo. Este peque\u00f1o y maniobrable volquete equipado con orugas es apto para su uso fuera de la carretera.\" \/>\n<meta property=\"og:url\" content=\"https:\/\/leite-europa.com\/es\/mini-tombereaux\/\" \/>\n<meta property=\"og:site_name\" content=\"Leite Europe\" \/>\n<meta property=\"article:publisher\" content=\"https:\/\/www.facebook.com\/profile.php?id=100089192656837\" \/>\n<meta property=\"article:modified_time\" content=\"2024-03-04T10:10:32+00:00\" \/>\n<meta name=\"twitter:card\" content=\"summary_large_image\" \/>\n<meta name=\"twitter:label1\" content=\"Tiempo de lectura\" \/>\n\t<meta name=\"twitter:data1\" content=\"8 minutos\" \/>\n<script type=\"application\/ld+json\" class=\"yoast-schema-graph\">{\"@context\":\"https:\\\/\\\/schema.org\",\"@graph\":[{\"@type\":\"WebPage\",\"@id\":\"https:\\\/\\\/leite-europa.com\\\/es\\\/mini-tombereaux\\\/\",\"url\":\"https:\\\/\\\/leite-europa.com\\\/es\\\/mini-tombereaux\\\/\",\"name\":\"Mini dumper - Leite Europe\",\"isPartOf\":{\"@id\":\"https:\\\/\\\/leite-europa.com\\\/es\\\/#website\"},\"datePublished\":\"2022-12-19T17:39:29+00:00\",\"dateModified\":\"2024-03-04T10:10:32+00:00\",\"description\":\"El minidumper es un elevador hidr\u00e1ulico completo. Este peque\u00f1o y maniobrable volquete equipado con orugas es apto para su uso fuera de la carretera.\",\"breadcrumb\":{\"@id\":\"https:\\\/\\\/leite-europa.com\\\/es\\\/mini-tombereaux\\\/#breadcrumb\"},\"inLanguage\":\"es\",\"potentialAction\":[{\"@type\":\"ReadAction\",\"target\":[\"https:\\\/\\\/leite-europa.com\\\/es\\\/mini-tombereaux\\\/\"]}]},{\"@type\":\"BreadcrumbList\",\"@id\":\"https:\\\/\\\/leite-europa.com\\\/es\\\/mini-tombereaux\\\/#breadcrumb\",\"itemListElement\":[{\"@type\":\"ListItem\",\"position\":1,\"name\":\"Accueil\",\"item\":\"https:\\\/\\\/leite-europa.com\\\/es\\\/inicio\\\/\"},{\"@type\":\"ListItem\",\"position\":2,\"name\":\"Mini dumper\"}]},{\"@type\":\"WebSite\",\"@id\":\"https:\\\/\\\/leite-europa.com\\\/es\\\/#website\",\"url\":\"https:\\\/\\\/leite-europa.com\\\/es\\\/\",\"name\":\"Leite Europe\",\"description\":\"\",\"publisher\":{\"@id\":\"https:\\\/\\\/leite-europa.com\\\/es\\\/#organization\"},\"potentialAction\":[{\"@type\":\"SearchAction\",\"target\":{\"@type\":\"EntryPoint\",\"urlTemplate\":\"https:\\\/\\\/leite-europa.com\\\/es\\\/?s={search_term_string}\"},\"query-input\":{\"@type\":\"PropertyValueSpecification\",\"valueRequired\":true,\"valueName\":\"search_term_string\"}}],\"inLanguage\":\"es\"},{\"@type\":\"Organization\",\"@id\":\"https:\\\/\\\/leite-europa.com\\\/es\\\/#organization\",\"name\":\"Leite Europe\",\"url\":\"https:\\\/\\\/leite-europa.com\\\/es\\\/\",\"logo\":{\"@type\":\"ImageObject\",\"inLanguage\":\"es\",\"@id\":\"https:\\\/\\\/leite-europa.com\\\/es\\\/#\\\/schema\\\/logo\\\/image\\\/\",\"url\":\"https:\\\/\\\/leite-europa.com\\\/wp-content\\\/uploads\\\/2022\\\/12\\\/LOGO-LEITE.png\",\"contentUrl\":\"https:\\\/\\\/leite-europa.com\\\/wp-content\\\/uploads\\\/2022\\\/12\\\/LOGO-LEITE.png\",\"width\":1024,\"height\":512,\"caption\":\"Leite Europe\"},\"image\":{\"@id\":\"https:\\\/\\\/leite-europa.com\\\/es\\\/#\\\/schema\\\/logo\\\/image\\\/\"},\"sameAs\":[\"https:\\\/\\\/www.facebook.com\\\/profile.php?id=100089192656837\",\"https:\\\/\\\/www.instagram.com\\\/leite_france_minipelle\\\/\",\"https:\\\/\\\/www.linkedin.com\\\/company\\\/leite-france\\\/\"]}]}<\/script>\n<!-- \/ Yoast SEO plugin. -->","yoast_head_json":{"title":"Mini dumper - Leite Europe","description":"El minidumper es un elevador hidr\u00e1ulico completo. Este peque\u00f1o y maniobrable volquete equipado con orugas es apto para su uso fuera de la carretera.","robots":{"index":"index","follow":"follow","max-snippet":"max-snippet:-1","max-image-preview":"max-image-preview:large","max-video-preview":"max-video-preview:-1"},"canonical":"https:\/\/leite-europa.com\/es\/mini-tombereaux\/","og_locale":"es_ES","og_type":"article","og_title":"Mini dumper - Leite Europe","og_description":"El minidumper es un elevador hidr\u00e1ulico completo. Este peque\u00f1o y maniobrable volquete equipado con orugas es apto para su uso fuera de la carretera.","og_url":"https:\/\/leite-europa.com\/es\/mini-tombereaux\/","og_site_name":"Leite Europe","article_publisher":"https:\/\/www.facebook.com\/profile.php?id=100089192656837","article_modified_time":"2024-03-04T10:10:32+00:00","twitter_card":"summary_large_image","twitter_misc":{"Tiempo de lectura":"8 minutos"},"schema":{"@context":"https:\/\/schema.org","@graph":[{"@type":"WebPage","@id":"https:\/\/leite-europa.com\/es\/mini-tombereaux\/","url":"https:\/\/leite-europa.com\/es\/mini-tombereaux\/","name":"Mini dumper - Leite Europe","isPartOf":{"@id":"https:\/\/leite-europa.com\/es\/#website"},"datePublished":"2022-12-19T17:39:29+00:00","dateModified":"2024-03-04T10:10:32+00:00","description":"El minidumper es un elevador hidr\u00e1ulico completo. Este peque\u00f1o y maniobrable volquete equipado con orugas es apto para su uso fuera de la carretera.","breadcrumb":{"@id":"https:\/\/leite-europa.com\/es\/mini-tombereaux\/#breadcrumb"},"inLanguage":"es","potentialAction":[{"@type":"ReadAction","target":["https:\/\/leite-europa.com\/es\/mini-tombereaux\/"]}]},{"@type":"BreadcrumbList","@id":"https:\/\/leite-europa.com\/es\/mini-tombereaux\/#breadcrumb","itemListElement":[{"@type":"ListItem","position":1,"name":"Accueil","item":"https:\/\/leite-europa.com\/es\/inicio\/"},{"@type":"ListItem","position":2,"name":"Mini dumper"}]},{"@type":"WebSite","@id":"https:\/\/leite-europa.com\/es\/#website","url":"https:\/\/leite-europa.com\/es\/","name":"Leite Europe","description":"","publisher":{"@id":"https:\/\/leite-europa.com\/es\/#organization"},"potentialAction":[{"@type":"SearchAction","target":{"@type":"EntryPoint","urlTemplate":"https:\/\/leite-europa.com\/es\/?s={search_term_string}"},"query-input":{"@type":"PropertyValueSpecification","valueRequired":true,"valueName":"search_term_string"}}],"inLanguage":"es"},{"@type":"Organization","@id":"https:\/\/leite-europa.com\/es\/#organization","name":"Leite Europe","url":"https:\/\/leite-europa.com\/es\/","logo":{"@type":"ImageObject","inLanguage":"es","@id":"https:\/\/leite-europa.com\/es\/#\/schema\/logo\/image\/","url":"https:\/\/leite-europa.com\/wp-content\/uploads\/2022\/12\/LOGO-LEITE.png","contentUrl":"https:\/\/leite-europa.com\/wp-content\/uploads\/2022\/12\/LOGO-LEITE.png","width":1024,"height":512,"caption":"Leite Europe"},"image":{"@id":"https:\/\/leite-europa.com\/es\/#\/schema\/logo\/image\/"},"sameAs":["https:\/\/www.facebook.com\/profile.php?id=100089192656837","https:\/\/www.instagram.com\/leite_france_minipelle\/","https:\/\/www.linkedin.com\/company\/leite-france\/"]}]}},"_links":{"self":[{"href":"https:\/\/leite-europa.com\/es\/wp-json\/wp\/v2\/pages\/5174","targetHints":{"allow":["GET"]}}],"collection":[{"href":"https:\/\/leite-europa.com\/es\/wp-json\/wp\/v2\/pages"}],"about":[{"href":"https:\/\/leite-europa.com\/es\/wp-json\/wp\/v2\/types\/page"}],"author":[{"embeddable":true,"href":"https:\/\/leite-europa.com\/es\/wp-json\/wp\/v2\/users\/3"}],"replies":[{"embeddable":true,"href":"https:\/\/leite-europa.com\/es\/wp-json\/wp\/v2\/comments?post=5174"}],"version-history":[{"count":30,"href":"https:\/\/leite-europa.com\/es\/wp-json\/wp\/v2\/pages\/5174\/revisions"}],"predecessor-version":[{"id":9502,"href":"https:\/\/leite-europa.com\/es\/wp-json\/wp\/v2\/pages\/5174\/revisions\/9502"}],"wp:attachment":[{"href":"https:\/\/leite-europa.com\/es\/wp-json\/wp\/v2\/media?parent=5174"}],"curies":[{"name":"wp","href":"https:\/\/api.w.org\/{rel}","templated":true}]}}