{"id":8173,"date":"2023-11-06T09:36:53","date_gmt":"2023-11-06T08:36:53","guid":{"rendered":"https:\/\/leite-europa.com\/produit\/tractor-cl30-4\/"},"modified":"2024-04-17T15:37:56","modified_gmt":"2024-04-17T13:37:56","slug":"tractor-cl30-4","status":"publish","type":"product","link":"https:\/\/leite-europa.com\/es\/produit\/tractor-cl30-4\/","title":{"rendered":"Tractor CL30-4"},"content":{"rendered":"<p>[et_pb_section fb_built=&#8221;1&#8243; _builder_version=&#8221;4.19.2&#8243; _module_preset=&#8221;default&#8221; background_color=&#8221;#FFFFFF&#8221; custom_padding=&#8221;||4px|||&#8221; global_colors_info=&#8221;{}&#8221;][et_pb_row column_structure=&#8221;1_2,1_2&#8243; _builder_version=&#8221;4.19.2&#8243; _module_preset=&#8221;default&#8221; global_colors_info=&#8221;{}&#8221;][et_pb_column type=&#8221;1_2&#8243; _builder_version=&#8221;4.19.2&#8243; _module_preset=&#8221;default&#8221; global_colors_info=&#8221;{}&#8221;][et_pb_gallery gallery_ids=&#8221;7767&#8243; fullwidth=&#8221;on&#8221; _builder_version=&#8221;4.23.1&#8243; _module_preset=&#8221;default&#8221; global_colors_info=&#8221;{}&#8221;][\/et_pb_gallery][et_pb_text _builder_version=&#8221;4.22.2&#8243; _module_preset=&#8221;default&#8221; text_font=&#8221;Oswald||||||||&#8221; text_text_color=&#8221;#E75F0D&#8221; text_font_size=&#8221;20px&#8221; custom_margin=&#8221;49px|||||&#8221; global_colors_info=&#8221;{}&#8221;]<strong>Tipo<\/strong>: Tractor de ruedas 4&#215;4<\/p>\n<p><strong>Peso operativo<\/strong>: 1500 Kg<\/p>\n<p><strong>Motor<\/strong>: 4L22 (vertical, 4 cilindros, refrigerado por agua, 4 tiempos)<\/p>\n<p><strong>Potencia<\/strong>: 25,7 Kw (30 CV)<\/p>\n<p><strong>Combustible<\/strong>: Diesel<\/p>\n<p><strong>Transmisi\u00f3n<\/strong>: 8V+2R<\/p>\n<p><strong>Velocidad:<\/strong> 0-32 Km\/h<\/p>\n<p><strong>Equipamiento adicional<\/strong>: lastre (delantero\/trasero)<br \/>\n[\/et_pb_text][\/et_pb_column][et_pb_column type=&#8221;1_2&#8243; _builder_version=&#8221;4.19.2&#8243; _module_preset=&#8221;default&#8221; global_colors_info=&#8221;{}&#8221;][et_pb_text _builder_version=&#8221;4.22.1&#8243; _module_preset=&#8221;default&#8221; global_colors_info=&#8221;{}&#8221;]<\/p>\n<h2><span style=\"color: #ff6600;\">&#8220;Su socio agr\u00edcola y paisajista<\/span><\/h2>\n<p>[\/et_pb_text][et_pb_text _builder_version=&#8221;4.22.1&#8243; _module_preset=&#8221;default&#8221; text_orientation=&#8221;justified&#8221; global_colors_info=&#8221;{}&#8221;]<strong>Tractor CL30-4: la alianza perfecta entre tecnolog\u00eda avanzada y robustez<\/strong><\/p>\n<p>Cuando se trata de maquinaria agr\u00edcola, elegir el equipo adecuado es crucial. El tractor CL30-4 est\u00e1 dise\u00f1ado para quienes buscan la perfecci\u00f3n en rendimiento, durabilidad y eficiencia. Perm\u00edtanos guiarle a trav\u00e9s de las excepcionales caracter\u00edsticas de esta extraordinaria m\u00e1quina.<\/p>\n<p><strong>Dise\u00f1o robusto para un rendimiento inigualable<\/strong><\/p>\n<p>El CL30-4 es un tractor con ruedas 4&#215;4 que garantiza una tracci\u00f3n y una maniobrabilidad \u00f3ptimas, incluso en las condiciones m\u00e1s dif\u00edciles. Su robusto dise\u00f1o se ve reforzado por un peso operativo de 1.500 kg, que ofrece una estabilidad infalible para todos sus trabajos, ya sean de arado, siembra o transporte.<br \/>\n[\/et_pb_text][\/et_pb_column][\/et_pb_row][et_pb_row _builder_version=&#8221;4.21.2&#8243; _module_preset=&#8221;default&#8221; global_colors_info=&#8221;{}&#8221;][et_pb_column type=&#8221;4_4&#8243; _builder_version=&#8221;4.21.2&#8243; _module_preset=&#8221;default&#8221; global_colors_info=&#8221;{}&#8221;][et_pb_text _builder_version=&#8221;4.22.1&#8243; _module_preset=&#8221;default&#8221; text_orientation=&#8221;justified&#8221; global_colors_info=&#8221;{}&#8221;]<strong>Motor: El potente coraz\u00f3n del CL30-4<\/strong><\/p>\n<p>En el coraz\u00f3n de esta bestia mec\u00e1nica se encuentra el motor 4L22. Vertical, de 4 cilindros y refrigerado por agua, este motor funciona en 4 tiempos, lo que garantiza una combusti\u00f3n eficiente y el m\u00e1ximo rendimiento. Con una impresionante potencia de 25,7 Kw, o 30 CV, la CL30-4 est\u00e1 preparada para afrontar cualquier reto, desde el terreno m\u00e1s suave hasta el m\u00e1s abrupto.<\/p>\n<p><strong>Transmisi\u00f3n y manejo<\/strong><\/p>\n<p>La transmisi\u00f3n es un componente clave de cualquier tractor, y el CL30-4 no es una excepci\u00f3n. Con su transmisi\u00f3n 8V+2R, ofrece una gama de velocidades adecuada para una gran variedad de tareas. Tanto si necesita velocidad para el transporte como control para el arado, la CL30-4 est\u00e1 a la altura de las circunstancias.<\/p>\n<p><strong>Econom\u00eda y eficiencia con di\u00e9sel<\/strong><\/p>\n<p>La elecci\u00f3n del combustible es esencial para el rendimiento y la econom\u00eda. El CL30-4 funciona con gas\u00f3leo, un combustible conocido por su combusti\u00f3n eficiente y su durabilidad. Al elegir el di\u00e9sel, no s\u00f3lo se beneficiar\u00e1 de una m\u00e1quina potente, sino tambi\u00e9n de un importante ahorro de combustible.<\/p>\n<p><strong>Dimensiones y adaptabilidad<\/strong><\/p>\n<p>Las dimensiones de la CL30-4 se han dise\u00f1ado cuidadosamente para ofrecer el mejor equilibrio entre tama\u00f1o y rendimiento. Con una longitud de 3.060 mm, una anchura de 1.380 mm y una altura de 1.440 mm, es compacta pero ofrece el espacio necesario para una cabina c\u00f3moda y un f\u00e1cil acceso a los componentes clave. La distancia al suelo de 320 mm garantiza que el tractor pueda circular por terrenos irregulares sin riesgo de sufrir da\u00f1os.<\/p>\n<p><strong>Equipamiento adicional para mejorar el rendimiento<\/strong><\/p>\n<p>La CL30-4 tambi\u00e9n est\u00e1 equipada con balastos delanteros y traseros. Estos pesos adicionales aumentan la estabilidad del tractor, especialmente cuando se trabaja con un gran esfuerzo de tracci\u00f3n.<\/p>\n<p><strong>Conclusi\u00f3n: El CL30-4, su compa\u00f1ero ideal<\/strong><\/p>\n<p>En conclusi\u00f3n, el tractor CL30-4 es mucho m\u00e1s que una m\u00e1quina. Es un socio fiable, fabricado para durar y ofrecer un rendimiento excepcional d\u00eda tras d\u00eda. Cada caracter\u00edstica, cada componente ha sido cuidadosamente pensado para satisfacer las necesidades de los profesionales m\u00e1s exigentes.<\/p>\n<p>Tanto si es un agricultor experimentado como un contratista de obras o un entusiasta de la maquinaria, la CL30-4 es la elecci\u00f3n ideal. Con su combinaci\u00f3n de potencia, durabilidad y eficiencia, est\u00e1 lista para transformar su forma de trabajar.<\/p>\n<p>No espere m\u00e1s y descubra el CL30-4, el tractor que est\u00e1 redefiniendo los est\u00e1ndares del sector. Visite nuestro sitio web para obtener m\u00e1s informaci\u00f3n y descubrir c\u00f3mo la CL30-4 puede revolucionar su trabajo diario.<br \/>\n[\/et_pb_text][\/et_pb_column][\/et_pb_row][\/et_pb_section][et_pb_section fb_built=&#8221;1&#8243; _builder_version=&#8221;4.19.4&#8243; _module_preset=&#8221;default&#8221; background_color=&#8221;RGBA(255,255,255,0)&#8221; custom_padding=&#8221;2px||4px|||&#8221; global_colors_info=&#8221;{}&#8221;][et_pb_row _builder_version=&#8221;4.19.4&#8243; _module_preset=&#8221;default&#8221; animation_direction=&#8221;bottom&#8221; global_colors_info=&#8221;{}&#8221;][et_pb_column type=&#8221;4_4&#8243; _builder_version=&#8221;4.19.4&#8243; _module_preset=&#8221;default&#8221; global_colors_info=&#8221;{}&#8221;][et_pb_gallery gallery_ids=&#8221;2527,2528,2529,2530,2531,2532,2533,2534,2535,2536,2537,2538,2539,2540,2541,2542,2543,2701,2702,2703,2704,2705,2706&#8243; fullwidth=&#8221;on&#8221; _builder_version=&#8221;4.22.1&#8243; _module_preset=&#8221;default&#8221; background_color=&#8221;RGBA(255,255,255,0)&#8221; auto=&#8221;on&#8221; auto_speed=&#8221;3000&#8243; global_colors_info=&#8221;{}&#8221;][\/et_pb_gallery][\/et_pb_column][\/et_pb_row][\/et_pb_section][et_pb_section fb_built=&#8221;1&#8243; _builder_version=&#8221;4.19.2&#8243; _module_preset=&#8221;default&#8221; background_color=&#8221;#FFFFFF&#8221; custom_padding=&#8221;3px||3px|||&#8221; global_colors_info=&#8221;{}&#8221;][et_pb_row _builder_version=&#8221;4.19.4&#8243; _module_preset=&#8221;default&#8221; custom_margin=&#8221;-2px|auto||auto||&#8221; animation_style=&#8221;flip&#8221; global_colors_info=&#8221;{}&#8221;][et_pb_column type=&#8221;4_4&#8243; _builder_version=&#8221;4.19.2&#8243; _module_preset=&#8221;default&#8221; global_colors_info=&#8221;{}&#8221;][dvmd_table_maker tbl_title_mode=&#8221;on&#8221; tbl_title_text=&#8221;Caract\u00e9ristiques techniques Tracteur CL30-4&#8243; tbl_chead_cell_color=&#8221;#E75F0D&#8221; tbl_rhead_cell_color=&#8221;#A3A3A3&#8243; tbl_chead_text_level_active=&#8221;on&#8221; tbl_rhead_text_level_active=&#8221;on&#8221; tbl_rhead_text_level=&#8221;h4&#8243; admin_label=&#8221;Caract\u00e9ristiques techniques Tracteur CL30-4&#8243; _builder_version=&#8221;4.23&#8243; _module_preset=&#8221;default&#8221; global_colors_info=&#8221;{}&#8221;][dvmd_table_maker_item col_content=&#8221;Caracter\u00edsticas<br \/>\nModelo<br \/>\nTipo<br \/>\nPeso operativo&#8221; _builder_version=&#8221;4.23&#8243; _module_preset=&#8221;default&#8221; global_colors_info=&#8221;{}&#8221;][\/dvmd_table_maker_item][dvmd_table_maker_item col_content=&#8221;Caracter\u00edsticas<br \/>\nCL30<br \/>\nTractor de ruedas 4&#215;4<br \/>\n1500 Kg&#8221; _builder_version=&#8221;4.23&#8243; _module_preset=&#8221;default&#8221; global_colors_info=&#8221;{}&#8221;][\/dvmd_table_maker_item][\/dvmd_table_maker][dvmd_table_maker tbl_rhead_cell_color=&#8221;#a3a3a3&#8243; tbl_chead_text_level_active=&#8221;on&#8221; tbl_rhead_text_level_active=&#8221;on&#8221; tbl_rhead_text_level=&#8221;h4&#8243; _builder_version=&#8221;4.23&#8243; _module_preset=&#8221;default&#8221; global_colors_info=&#8221;{}&#8221;][dvmd_table_maker_item col_content=&#8221;<br \/>\nLongitud (hasta el lastre delantero)<br \/>\nAnchura<br \/>\nAltura (hasta el orificio de escape)<br \/>\nBanda de rodamiento (delantera\/trasera)<br \/>\nBase del eje<br \/>\nDistancia al suelo&#8221; _builder_version=&#8221;4.23&#8243; _module_preset=&#8221;default&#8221; global_colors_info=&#8221;{}&#8221;][\/dvmd_table_maker_item][dvmd_table_maker_item col_content=&#8221;Dimensiones<br \/>\n3060 mm<br \/>\n1380 mm<br \/>\n1440 mm<br \/>\n1100 mm \/ 1200 mm<br \/>\n1559 mm<br \/>\n320 mm&#8221; _builder_version=&#8221;4.23&#8243; _module_preset=&#8221;default&#8221; global_colors_info=&#8221;{}&#8221;][\/dvmd_table_maker_item][\/dvmd_table_maker][dvmd_table_maker tbl_rhead_cell_color=&#8221;#a3a3a3&#8243; tbl_chead_text_level_active=&#8221;on&#8221; tbl_rhead_text_level_active=&#8221;on&#8221; tbl_rhead_text_level=&#8221;h4&#8243; _builder_version=&#8221;4.23&#8243; _module_preset=&#8221;default&#8221; global_colors_info=&#8221;{}&#8221;][dvmd_table_maker_item col_content=&#8221;<br \/>\nMotor<br \/>\nPotencia<br \/>\nVelocidad del motor<br \/>\nCombustible<br \/>\nNeum\u00e1ticos (Delanteros\/Traseros)<br \/>\nEmbrague<br \/>\nTransmisi\u00f3n<br \/>\nSuspensi\u00f3n<br \/>\nToma de fuerza (TDF)<br \/>\nInstrumentaci\u00f3n<br \/>\nLastre (Delantero\/Trasero)&#8221; _builder_version=&#8221;4.23&#8243; _module_preset=&#8221;default&#8221; global_colors_info=&#8221;{}&#8221;][\/dvmd_table_maker_item][dvmd_table_maker_item col_content=&#8221;Especificaciones t\u00e9cnicas<br \/>\n4L22 (Vertical, 4 cilindros, refrigerado por agua, 4 tiempos)<br \/>\n25,7 Kw (30 CV)<br \/>\n2350 r\/min<br \/>\nDiesel<br \/>\n6.00-16 \/ 9.50-24<br \/>\nUna planta<br \/>\n8V+2R<br \/>\nPosicionado, hidr\u00e1ulico de tres puntos<br \/>\nSemidentado, 720 rpm, estriado rectangular F35 (6 dientes)<br \/>\nCombinado<br \/>\nS\u00ed\/S\u00ed&#8221; _builder_version=&#8221;4.23&#8243; _module_preset=&#8221;default&#8221; global_colors_info=&#8221;{}&#8221;][\/dvmd_table_maker_item][\/dvmd_table_maker][\/et_pb_column][\/et_pb_row][\/et_pb_section][et_pb_section fb_built=&#8221;1&#8243; _builder_version=&#8221;4.19.4&#8243; _module_preset=&#8221;default&#8221; background_color=&#8221;#484F54&#8243; global_colors_info=&#8221;{}&#8221;][et_pb_row column_structure=&#8221;1_2,1_2&#8243; _builder_version=&#8221;4.23.1&#8243; _module_preset=&#8221;default&#8221; custom_padding=&#8221;30px|30px|30px|30px|false|false&#8221; global_colors_info=&#8221;{}&#8221;][et_pb_column type=&#8221;1_2&#8243; _builder_version=&#8221;4.19.2&#8243; _module_preset=&#8221;default&#8221; global_colors_info=&#8221;{}&#8221;][et_pb_text _builder_version=&#8221;4.22.1&#8243; _module_preset=&#8221;default&#8221; text_text_color=&#8221;#FFFFFF&#8221; header_2_font=&#8221;Oswald||||||||&#8221; global_colors_info=&#8221;{}&#8221;]<strong>Garant\u00eda de piezas de 24 meses<\/strong>: tranquilidad con una garant\u00eda completa de 24 meses.<\/p>\n<p><strong>Rendimiento \u00f3ptimo<\/strong>: Potente motor de 25,7 Kw para un rendimiento inigualable.<br \/>\n[\/et_pb_text][\/et_pb_column][et_pb_column type=&#8221;1_2&#8243; _builder_version=&#8221;4.19.2&#8243; _module_preset=&#8221;default&#8221; global_colors_info=&#8221;{}&#8221;][et_pb_text _builder_version=&#8221;4.22.1&#8243; _module_preset=&#8221;default&#8221; text_text_color=&#8221;#FFFFFF&#8221; header_2_font=&#8221;Oswald||||||||&#8221; global_colors_info=&#8221;{}&#8221;]<strong>Ahorro de combustible<\/strong>: Combusti\u00f3n di\u00e9sel eficiente para un ahorro significativo.<\/p>\n<p><strong>Equipamiento adicional incluido<\/strong>: lastres delanteros y traseros para una m\u00e1xima estabilidad.<br \/>\n[\/et_pb_text][\/et_pb_column][\/et_pb_row][\/et_pb_section][et_pb_section fb_built=&#8221;1&#8243; _builder_version=&#8221;4.19.2&#8243; _module_preset=&#8221;default&#8221; background_color=&#8221;#FFFFFF&#8221; custom_padding=&#8221;3px||2px|||&#8221; global_colors_info=&#8221;{}&#8221;][et_pb_row _builder_version=&#8221;4.19.2&#8243; _module_preset=&#8221;default&#8221; global_colors_info=&#8221;{}&#8221;][et_pb_column type=&#8221;4_4&#8243; _builder_version=&#8221;4.19.2&#8243; _module_preset=&#8221;default&#8221; global_colors_info=&#8221;{}&#8221;][et_pb_image src=&#8221;https:\/\/leite-france.fr\/wp-content\/uploads\/2023\/09\/0Q8A1678.jpg&#8221; alt=&#8221;Tractor CL30-4 Leite&#8221; title_text=&#8221;Tractor CL30-4 Leite&#8221; align=&#8221;center&#8221; _builder_version=&#8221;4.22.1&#8243; _module_preset=&#8221;default&#8221; global_colors_info=&#8221;{}&#8221;][\/et_pb_image][\/et_pb_column][\/et_pb_row][\/et_pb_section][et_pb_section fb_built=&#8221;1&#8243; disabled_on=&#8221;off|off|off&#8221; _builder_version=&#8221;4.22.1&#8243; _module_preset=&#8221;default&#8221; background_color=&#8221;#FFFFFF&#8221; custom_padding=&#8221;0px|||||&#8221; global_colors_info=&#8221;{}&#8221;][et_pb_row _builder_version=&#8221;4.19.2&#8243; _module_preset=&#8221;default&#8221; custom_padding=&#8221;||49px|||&#8221; global_colors_info=&#8221;{}&#8221;][et_pb_column type=&#8221;4_4&#8243; _builder_version=&#8221;4.19.2&#8243; _module_preset=&#8221;default&#8221; global_colors_info=&#8221;{}&#8221;][et_pb_text _builder_version=&#8221;4.22.1&#8243; _module_preset=&#8221;default&#8221; global_colors_info=&#8221;{}&#8221;]<\/p>\n<h2><span style=\"color: #333333;\">Lista de accesorios en stock, compatibles con nuestro tractor&#8230;<\/span><\/h2>\n<p>[\/et_pb_text][et_pb_shop type=&#8221;product_category&#8221; include_categories=&#8221;175&#8243; orderby=&#8221;date-desc&#8221; show_rating=&#8221;off&#8221; show_sale_badge=&#8221;off&#8221; _builder_version=&#8221;4.23.1&#8243; _module_preset=&#8221;default&#8221; title_font_size=&#8221;18px&#8221; price_font=&#8221;|600|||||||&#8221; price_text_color=&#8221;#E75F0D&#8221; price_font_size=&#8221;28px&#8221; text_orientation=&#8221;center&#8221; custom_css_product=&#8221;background-color:#FFFFFF;||padding:5px&#8221; global_colors_info=&#8221;{}&#8221;][\/et_pb_shop][\/et_pb_column][\/et_pb_row][\/et_pb_section]<\/p>\n","protected":false},"excerpt":{"rendered":"<p>Tipo: Tractor de ruedas 4&#215;4 Peso operativo: 1500 Kg Motor: 4L22 (vertical, 4 cilindros, refrigerado por agua, 4 tiempos) Potencia: 25,7 Kw (30 CV) Combustible: Diesel Transmisi\u00f3n: 8V+2R Velocidad: 0-32 Km\/h Equipamiento adicional: lastre (delantero\/trasero) &#8220;Su socio agr\u00edcola y paisajista Tractor CL30-4: la alianza perfecta entre tecnolog\u00eda avanzada y robustez Cuando se trata de maquinaria [&hellip;]<\/p>\n","protected":false},"featured_media":7771,"template":"","meta":{"_et_pb_use_builder":"on","_et_pb_old_content":"","_et_gb_content_width":""},"product_brand":[],"product_cat":[317],"product_tag":[],"class_list":{"0":"post-8173","1":"product","2":"type-product","3":"status-publish","4":"has-post-thumbnail","6":"product_cat-tractor-es","8":"first","9":"instock","10":"taxable","11":"shipping-taxable","12":"purchasable","13":"product-type-simple"},"yoast_head":"<!-- This site is optimized with the Yoast SEO plugin v27.3 - https:\/\/yoast.com\/product\/yoast-seo-wordpress\/ -->\n<title>Tractor CL30-4 - Leite Europe<\/title>\n<meta name=\"description\" content=\"Tractor CL30-4: la combinaci\u00f3n perfecta de tecnolog\u00eda avanzada y robustez, con ruedas 4x4 para una tracci\u00f3n y maniobrabilidad \u00f3ptimas.\" \/>\n<meta name=\"robots\" content=\"index, follow, max-snippet:-1, max-image-preview:large, max-video-preview:-1\" \/>\n<link rel=\"canonical\" href=\"https:\/\/leite-europa.com\/es\/produit\/tractor-cl30-4\/\" \/>\n<meta property=\"og:locale\" content=\"es_ES\" \/>\n<meta property=\"og:type\" content=\"article\" \/>\n<meta property=\"og:title\" content=\"Tractor CL30-4 - Leite Europe\" \/>\n<meta property=\"og:description\" content=\"Tractor CL30-4: la combinaci\u00f3n perfecta de tecnolog\u00eda avanzada y robustez, con ruedas 4x4 para una tracci\u00f3n y maniobrabilidad \u00f3ptimas.\" \/>\n<meta property=\"og:url\" content=\"https:\/\/leite-europa.com\/es\/produit\/tractor-cl30-4\/\" \/>\n<meta property=\"og:site_name\" content=\"Leite Europe\" \/>\n<meta property=\"article:publisher\" content=\"https:\/\/www.facebook.com\/profile.php?id=100089192656837\" \/>\n<meta property=\"article:modified_time\" content=\"2024-04-17T13:37:56+00:00\" \/>\n<meta property=\"og:image\" content=\"https:\/\/leite-europa.com\/wp-content\/uploads\/2023\/08\/7-1.png\" \/>\n\t<meta property=\"og:image:width\" content=\"1080\" \/>\n\t<meta property=\"og:image:height\" content=\"1080\" \/>\n\t<meta property=\"og:image:type\" content=\"image\/png\" \/>\n<meta name=\"twitter:card\" content=\"summary_large_image\" \/>\n<meta name=\"twitter:label1\" content=\"Tiempo de lectura\" \/>\n\t<meta name=\"twitter:data1\" content=\"8 minutos\" \/>\n<script type=\"application\/ld+json\" class=\"yoast-schema-graph\">{\"@context\":\"https:\\\/\\\/schema.org\",\"@graph\":[{\"@type\":\"WebPage\",\"@id\":\"https:\\\/\\\/leite-europa.com\\\/es\\\/produit\\\/tractor-cl30-4\\\/\",\"url\":\"https:\\\/\\\/leite-europa.com\\\/es\\\/produit\\\/tractor-cl30-4\\\/\",\"name\":\"Tractor CL30-4 - Leite Europe\",\"isPartOf\":{\"@id\":\"https:\\\/\\\/leite-europa.com\\\/es\\\/#website\"},\"primaryImageOfPage\":{\"@id\":\"https:\\\/\\\/leite-europa.com\\\/es\\\/produit\\\/tractor-cl30-4\\\/#primaryimage\"},\"image\":{\"@id\":\"https:\\\/\\\/leite-europa.com\\\/es\\\/produit\\\/tractor-cl30-4\\\/#primaryimage\"},\"thumbnailUrl\":\"https:\\\/\\\/leite-europa.com\\\/wp-content\\\/uploads\\\/2023\\\/08\\\/7-1.png\",\"datePublished\":\"2023-11-06T08:36:53+00:00\",\"dateModified\":\"2024-04-17T13:37:56+00:00\",\"description\":\"Tractor CL30-4: la combinaci\u00f3n perfecta de tecnolog\u00eda avanzada y robustez, con ruedas 4x4 para una tracci\u00f3n y maniobrabilidad \u00f3ptimas.\",\"breadcrumb\":{\"@id\":\"https:\\\/\\\/leite-europa.com\\\/es\\\/produit\\\/tractor-cl30-4\\\/#breadcrumb\"},\"inLanguage\":\"es\",\"potentialAction\":[{\"@type\":\"ReadAction\",\"target\":[\"https:\\\/\\\/leite-europa.com\\\/es\\\/produit\\\/tractor-cl30-4\\\/\"]}]},{\"@type\":\"ImageObject\",\"inLanguage\":\"es\",\"@id\":\"https:\\\/\\\/leite-europa.com\\\/es\\\/produit\\\/tractor-cl30-4\\\/#primaryimage\",\"url\":\"https:\\\/\\\/leite-europa.com\\\/wp-content\\\/uploads\\\/2023\\\/08\\\/7-1.png\",\"contentUrl\":\"https:\\\/\\\/leite-europa.com\\\/wp-content\\\/uploads\\\/2023\\\/08\\\/7-1.png\",\"width\":1080,\"height\":1080},{\"@type\":\"BreadcrumbList\",\"@id\":\"https:\\\/\\\/leite-europa.com\\\/es\\\/produit\\\/tractor-cl30-4\\\/#breadcrumb\",\"itemListElement\":[{\"@type\":\"ListItem\",\"position\":1,\"name\":\"Accueil\",\"item\":\"https:\\\/\\\/leite-europa.com\\\/es\\\/inicio\\\/\"},{\"@type\":\"ListItem\",\"position\":2,\"name\":\"Tienda\",\"item\":\"https:\\\/\\\/leite-europa.com\\\/fr\\\/boutique\\\/\"},{\"@type\":\"ListItem\",\"position\":3,\"name\":\"Tractor CL30-4\"}]},{\"@type\":\"WebSite\",\"@id\":\"https:\\\/\\\/leite-europa.com\\\/es\\\/#website\",\"url\":\"https:\\\/\\\/leite-europa.com\\\/es\\\/\",\"name\":\"Leite Europe\",\"description\":\"\",\"publisher\":{\"@id\":\"https:\\\/\\\/leite-europa.com\\\/es\\\/#organization\"},\"potentialAction\":[{\"@type\":\"SearchAction\",\"target\":{\"@type\":\"EntryPoint\",\"urlTemplate\":\"https:\\\/\\\/leite-europa.com\\\/es\\\/?s={search_term_string}\"},\"query-input\":{\"@type\":\"PropertyValueSpecification\",\"valueRequired\":true,\"valueName\":\"search_term_string\"}}],\"inLanguage\":\"es\"},{\"@type\":\"Organization\",\"@id\":\"https:\\\/\\\/leite-europa.com\\\/es\\\/#organization\",\"name\":\"Leite Europe\",\"url\":\"https:\\\/\\\/leite-europa.com\\\/es\\\/\",\"logo\":{\"@type\":\"ImageObject\",\"inLanguage\":\"es\",\"@id\":\"https:\\\/\\\/leite-europa.com\\\/es\\\/#\\\/schema\\\/logo\\\/image\\\/\",\"url\":\"https:\\\/\\\/leite-europa.com\\\/wp-content\\\/uploads\\\/2022\\\/12\\\/LOGO-LEITE.png\",\"contentUrl\":\"https:\\\/\\\/leite-europa.com\\\/wp-content\\\/uploads\\\/2022\\\/12\\\/LOGO-LEITE.png\",\"width\":1024,\"height\":512,\"caption\":\"Leite Europe\"},\"image\":{\"@id\":\"https:\\\/\\\/leite-europa.com\\\/es\\\/#\\\/schema\\\/logo\\\/image\\\/\"},\"sameAs\":[\"https:\\\/\\\/www.facebook.com\\\/profile.php?id=100089192656837\",\"https:\\\/\\\/www.instagram.com\\\/leite_france_minipelle\\\/\",\"https:\\\/\\\/www.linkedin.com\\\/company\\\/leite-france\\\/\"]}]}<\/script>\n<!-- \/ Yoast SEO plugin. -->","yoast_head_json":{"title":"Tractor CL30-4 - Leite Europe","description":"Tractor CL30-4: la combinaci\u00f3n perfecta de tecnolog\u00eda avanzada y robustez, con ruedas 4x4 para una tracci\u00f3n y maniobrabilidad \u00f3ptimas.","robots":{"index":"index","follow":"follow","max-snippet":"max-snippet:-1","max-image-preview":"max-image-preview:large","max-video-preview":"max-video-preview:-1"},"canonical":"https:\/\/leite-europa.com\/es\/produit\/tractor-cl30-4\/","og_locale":"es_ES","og_type":"article","og_title":"Tractor CL30-4 - Leite Europe","og_description":"Tractor CL30-4: la combinaci\u00f3n perfecta de tecnolog\u00eda avanzada y robustez, con ruedas 4x4 para una tracci\u00f3n y maniobrabilidad \u00f3ptimas.","og_url":"https:\/\/leite-europa.com\/es\/produit\/tractor-cl30-4\/","og_site_name":"Leite Europe","article_publisher":"https:\/\/www.facebook.com\/profile.php?id=100089192656837","article_modified_time":"2024-04-17T13:37:56+00:00","og_image":[{"width":1080,"height":1080,"url":"https:\/\/leite-europa.com\/wp-content\/uploads\/2023\/08\/7-1.png","type":"image\/png"}],"twitter_card":"summary_large_image","twitter_misc":{"Tiempo de lectura":"8 minutos"},"schema":{"@context":"https:\/\/schema.org","@graph":[{"@type":"WebPage","@id":"https:\/\/leite-europa.com\/es\/produit\/tractor-cl30-4\/","url":"https:\/\/leite-europa.com\/es\/produit\/tractor-cl30-4\/","name":"Tractor CL30-4 - Leite Europe","isPartOf":{"@id":"https:\/\/leite-europa.com\/es\/#website"},"primaryImageOfPage":{"@id":"https:\/\/leite-europa.com\/es\/produit\/tractor-cl30-4\/#primaryimage"},"image":{"@id":"https:\/\/leite-europa.com\/es\/produit\/tractor-cl30-4\/#primaryimage"},"thumbnailUrl":"https:\/\/leite-europa.com\/wp-content\/uploads\/2023\/08\/7-1.png","datePublished":"2023-11-06T08:36:53+00:00","dateModified":"2024-04-17T13:37:56+00:00","description":"Tractor CL30-4: la combinaci\u00f3n perfecta de tecnolog\u00eda avanzada y robustez, con ruedas 4x4 para una tracci\u00f3n y maniobrabilidad \u00f3ptimas.","breadcrumb":{"@id":"https:\/\/leite-europa.com\/es\/produit\/tractor-cl30-4\/#breadcrumb"},"inLanguage":"es","potentialAction":[{"@type":"ReadAction","target":["https:\/\/leite-europa.com\/es\/produit\/tractor-cl30-4\/"]}]},{"@type":"ImageObject","inLanguage":"es","@id":"https:\/\/leite-europa.com\/es\/produit\/tractor-cl30-4\/#primaryimage","url":"https:\/\/leite-europa.com\/wp-content\/uploads\/2023\/08\/7-1.png","contentUrl":"https:\/\/leite-europa.com\/wp-content\/uploads\/2023\/08\/7-1.png","width":1080,"height":1080},{"@type":"BreadcrumbList","@id":"https:\/\/leite-europa.com\/es\/produit\/tractor-cl30-4\/#breadcrumb","itemListElement":[{"@type":"ListItem","position":1,"name":"Accueil","item":"https:\/\/leite-europa.com\/es\/inicio\/"},{"@type":"ListItem","position":2,"name":"Tienda","item":"https:\/\/leite-europa.com\/fr\/boutique\/"},{"@type":"ListItem","position":3,"name":"Tractor CL30-4"}]},{"@type":"WebSite","@id":"https:\/\/leite-europa.com\/es\/#website","url":"https:\/\/leite-europa.com\/es\/","name":"Leite Europe","description":"","publisher":{"@id":"https:\/\/leite-europa.com\/es\/#organization"},"potentialAction":[{"@type":"SearchAction","target":{"@type":"EntryPoint","urlTemplate":"https:\/\/leite-europa.com\/es\/?s={search_term_string}"},"query-input":{"@type":"PropertyValueSpecification","valueRequired":true,"valueName":"search_term_string"}}],"inLanguage":"es"},{"@type":"Organization","@id":"https:\/\/leite-europa.com\/es\/#organization","name":"Leite Europe","url":"https:\/\/leite-europa.com\/es\/","logo":{"@type":"ImageObject","inLanguage":"es","@id":"https:\/\/leite-europa.com\/es\/#\/schema\/logo\/image\/","url":"https:\/\/leite-europa.com\/wp-content\/uploads\/2022\/12\/LOGO-LEITE.png","contentUrl":"https:\/\/leite-europa.com\/wp-content\/uploads\/2022\/12\/LOGO-LEITE.png","width":1024,"height":512,"caption":"Leite Europe"},"image":{"@id":"https:\/\/leite-europa.com\/es\/#\/schema\/logo\/image\/"},"sameAs":["https:\/\/www.facebook.com\/profile.php?id=100089192656837","https:\/\/www.instagram.com\/leite_france_minipelle\/","https:\/\/www.linkedin.com\/company\/leite-france\/"]}]}},"_links":{"self":[{"href":"https:\/\/leite-europa.com\/es\/wp-json\/wp\/v2\/product\/8173","targetHints":{"allow":["GET"]}}],"collection":[{"href":"https:\/\/leite-europa.com\/es\/wp-json\/wp\/v2\/product"}],"about":[{"href":"https:\/\/leite-europa.com\/es\/wp-json\/wp\/v2\/types\/product"}],"wp:featuredmedia":[{"embeddable":true,"href":"https:\/\/leite-europa.com\/es\/wp-json\/wp\/v2\/media\/7771"}],"wp:attachment":[{"href":"https:\/\/leite-europa.com\/es\/wp-json\/wp\/v2\/media?parent=8173"}],"wp:term":[{"taxonomy":"product_brand","embeddable":true,"href":"https:\/\/leite-europa.com\/es\/wp-json\/wp\/v2\/product_brand?post=8173"},{"taxonomy":"product_cat","embeddable":true,"href":"https:\/\/leite-europa.com\/es\/wp-json\/wp\/v2\/product_cat?post=8173"},{"taxonomy":"product_tag","embeddable":true,"href":"https:\/\/leite-europa.com\/es\/wp-json\/wp\/v2\/product_tag?post=8173"}],"curies":[{"name":"wp","href":"https:\/\/api.w.org\/{rel}","templated":true}]}}