{"id":8183,"date":"2023-11-06T09:48:18","date_gmt":"2023-11-06T08:48:18","guid":{"rendered":"https:\/\/leite-europa.com\/produit\/mini-gondola-ltd-o5a\/"},"modified":"2024-03-06T18:09:12","modified_gmt":"2024-03-06T17:09:12","slug":"mini-dumper-ltd-o5a","status":"publish","type":"product","link":"https:\/\/leite-europa.com\/es\/produit\/mini-dumper-ltd-o5a\/","title":{"rendered":"Mini Dumper LTD O5A"},"content":{"rendered":"<p>[et_pb_section fb_built=&#8221;1&#8243; _builder_version=&#8221;4.19.2&#8243; _module_preset=&#8221;default&#8221; background_color=&#8221;#FFFFFF&#8221; custom_padding=&#8221;||4px|||&#8221; global_colors_info=&#8221;{}&#8221;][et_pb_row column_structure=&#8221;1_2,1_2&#8243; _builder_version=&#8221;4.19.2&#8243; _module_preset=&#8221;default&#8221; global_colors_info=&#8221;{}&#8221;][et_pb_column type=&#8221;1_2&#8243; _builder_version=&#8221;4.19.2&#8243; _module_preset=&#8221;default&#8221; global_colors_info=&#8221;{}&#8221;][et_pb_gallery gallery_ids=&#8221;8014&#8243; fullwidth=&#8221;on&#8221; _builder_version=&#8221;4.23.1&#8243; _module_preset=&#8221;default&#8221; global_colors_info=&#8221;{}&#8221;][\/et_pb_gallery][et_pb_text _builder_version=&#8221;4.20.4&#8243; _module_preset=&#8221;default&#8221; text_font=&#8221;Oswald||||||||&#8221; text_font_size=&#8221;20px&#8221; custom_margin=&#8221;49px|||||&#8221; global_colors_info=&#8221;{}&#8221;]<span style=\"color: #e75f0d;\"><strong>Peso operativo:<\/strong> 500 kg<\/span><\/p>\n<p><span style=\"color: #e75f0d;\"><strong>Capacidad de la cuchara:<\/strong> 0,15 m3<\/span><\/p>\n<p><span style=\"color: #e75f0d;\"><strong>Potencia:<\/strong> 12 KWH<\/span><\/p>\n<p><span style=\"color: #e75f0d;\"><strong>Motor :<\/strong> <span class=\"WdYUQQ\">Briggs &amp; Stratton Gasolina<\/span><\/span><\/p>\n<p><span style=\"color: #e75f0d;\"><strong>Velocidad:<\/strong> 5 Km\/h<\/span><br \/>\n[\/et_pb_text][\/et_pb_column][et_pb_column type=&#8221;1_2&#8243; _builder_version=&#8221;4.19.2&#8243; _module_preset=&#8221;default&#8221; global_colors_info=&#8221;{}&#8221;][et_pb_text _builder_version=&#8221;4.19.4&#8243; _module_preset=&#8221;default&#8221; global_colors_info=&#8221;{}&#8221;]<\/p>\n<h2><span style=\"color: #ff6600;\">&#8220;Manejable y fuerte<\/span><\/h2>\n<p>[\/et_pb_text][et_pb_text _builder_version=&#8221;4.19.4&#8243; _module_preset=&#8221;default&#8221; global_colors_info=&#8221;{}&#8221;]<span style=\"color: #000000;\">El minidumper LTD05A de Leite France es una herramienta vers\u00e1til y de alto rendimiento para el transporte de cargas pesadas en espacios reducidos. Con 12 kWh de potencia, este d\u00famper puede transportar cargas de hasta 500 kg con una facilidad desconcertante.<\/span><\/p>\n<p><span style=\"color: #000000;\">La LTD05A est\u00e1 montada sobre orugas, lo que le permite operar en terrenos accidentados de dif\u00edcil acceso. Las orugas proporcionan un agarre \u00f3ptimo, garantizando la estabilidad del d\u00famper en movimiento.<\/span><\/p>\n<p><span style=\"color: #000000;\">El sistema de elevaci\u00f3n de la LTD05A es totalmente hidr\u00e1ulico, lo que garantiza un movimiento suave y preciso. Esto facilita enormemente la carga y descarga de materiales, al tiempo que garantiza la seguridad del operario.<\/span><\/p>\n<p><span style=\"color: #000000;\">Este minivolquete es ideal para trabajos de construcci\u00f3n, movimiento de tierras, jardiner\u00eda y paisajismo. Es f\u00e1cil de usar y mantener, y su robusto dise\u00f1o garantiza una larga durabilidad.<\/span><\/p>\n<p><span style=\"color: #000000;\">El minid\u00famper LTD05A de Leite France es una herramienta de trabajo eficaz, potente y fiable que facilitar\u00e1 enormemente el transporte de materiales en obras y terrenos dif\u00edciles.<\/span><br \/>\n[\/et_pb_text][\/et_pb_column][\/et_pb_row][\/et_pb_section][et_pb_section fb_built=&#8221;1&#8243; _builder_version=&#8221;4.19.4&#8243; _module_preset=&#8221;default&#8221; background_color=&#8221;RGBA(255,255,255,0)&#8221; custom_padding=&#8221;2px||4px|||&#8221; global_colors_info=&#8221;{}&#8221;][et_pb_row _builder_version=&#8221;4.19.4&#8243; _module_preset=&#8221;default&#8221; animation_direction=&#8221;bottom&#8221; global_colors_info=&#8221;{}&#8221;][et_pb_column type=&#8221;4_4&#8243; _builder_version=&#8221;4.19.4&#8243; _module_preset=&#8221;default&#8221; global_colors_info=&#8221;{}&#8221;][et_pb_gallery gallery_ids=&#8221;1371,1372,1373,1374,1375,1376,1377,1378,1379,1380,1381&#8243; fullwidth=&#8221;on&#8221; _builder_version=&#8221;4.19.4&#8243; _module_preset=&#8221;default&#8221; background_color=&#8221;RGBA(255,255,255,0)&#8221; auto=&#8221;on&#8221; auto_speed=&#8221;3000&#8243; global_colors_info=&#8221;{}&#8221;][\/et_pb_gallery][\/et_pb_column][\/et_pb_row][\/et_pb_section][et_pb_section fb_built=&#8221;1&#8243; _builder_version=&#8221;4.19.2&#8243; _module_preset=&#8221;default&#8221; background_color=&#8221;#FFFFFF&#8221; custom_padding=&#8221;3px||3px|||&#8221; global_colors_info=&#8221;{}&#8221;][\/et_pb_section][et_pb_section fb_built=&#8221;1&#8243; _builder_version=&#8221;4.19.4&#8243; _module_preset=&#8221;default&#8221; background_color=&#8221;#484F54&#8243; global_colors_info=&#8221;{}&#8221;][et_pb_row column_structure=&#8221;1_2,1_2&#8243; _builder_version=&#8221;4.23.1&#8243; _module_preset=&#8221;default&#8221; custom_padding=&#8221;30px|30px|30px|30px|false|false&#8221; global_colors_info=&#8221;{}&#8221;][et_pb_column type=&#8221;1_2&#8243; _builder_version=&#8221;4.19.2&#8243; _module_preset=&#8221;default&#8221; global_colors_info=&#8221;{}&#8221;][et_pb_text _builder_version=&#8221;4.20.4&#8243; _module_preset=&#8221;default&#8221; text_text_color=&#8221;#FFFFFF&#8221; header_3_text_color=&#8221;#FFFFFF&#8221; global_colors_info=&#8221;{}&#8221;]<\/p>\n<h3>Rendimiento del producto<\/h3>\n<p>[\/et_pb_text][et_pb_text _builder_version=&#8221;4.20.4&#8243; _module_preset=&#8221;default&#8221; text_text_color=&#8221;#FFFFFF&#8221; header_2_font=&#8221;Oswald||||||||&#8221; global_colors_info=&#8221;{}&#8221;]<\/p>\n<p class=\"_04xlpA direction-ltr align-justify para-style-subtitle\" style=\"text-align: justify;\"><span class=\"S1PPyQ\">Enfriador de aceite hidr\u00e1ulico<\/span><\/p>\n<p class=\"_04xlpA direction-ltr align-justify para-style-subtitle\"><span class=\"S1PPyQ\">El refrigerador de mayor superficie de la misma clase es adecuado para trabajos hidr\u00e1ulicos de larga duraci\u00f3n y alta intensidad.<\/span><\/p>\n<p>&nbsp;<br \/>\n[\/et_pb_text][\/et_pb_column][et_pb_column type=&#8221;1_2&#8243; _builder_version=&#8221;4.19.2&#8243; _module_preset=&#8221;default&#8221; global_colors_info=&#8221;{}&#8221;][et_pb_text _builder_version=&#8221;4.20.4&#8243; _module_preset=&#8221;default&#8221; text_text_color=&#8221;#FFFFFF&#8221; header_3_text_color=&#8221;#FFFFFF&#8221; global_colors_info=&#8221;{}&#8221;]<\/p>\n<h3>F\u00e1cil de mantener<\/h3>\n<p>[\/et_pb_text][et_pb_text _builder_version=&#8221;4.20.4&#8243; _module_preset=&#8221;default&#8221; text_text_color=&#8221;#FFFFFF&#8221; header_2_font=&#8221;Oswald||||||||&#8221; global_colors_info=&#8221;{}&#8221;]<\/p>\n<p class=\"_04xlpA direction-ltr align-justify para-style-subtitle\"><span class=\"S1PPyQ\">Gran \u00e1ngulo de apertura y cierre del cap\u00f3 del motor.  <\/span><span class=\"S1PPyQ\">El cap\u00f3 puede abrirse para la inspecci\u00f3n y el mantenimiento diario.<\/span><\/p>\n<p>[\/et_pb_text][\/et_pb_column][\/et_pb_row][\/et_pb_section][et_pb_section fb_built=&#8221;1&#8243; _builder_version=&#8221;4.19.2&#8243; _module_preset=&#8221;default&#8221; background_color=&#8221;#FFFFFF&#8221; custom_padding=&#8221;3px||2px|||&#8221; global_colors_info=&#8221;{}&#8221;][et_pb_row column_structure=&#8221;1_2,1_2&#8243; _builder_version=&#8221;4.23&#8243; _module_preset=&#8221;default&#8221; global_colors_info=&#8221;{}&#8221;][et_pb_column type=&#8221;1_2&#8243; _builder_version=&#8221;4.23&#8243; _module_preset=&#8221;default&#8221; box_shadow_style=&#8221;preset2&#8243; global_colors_info=&#8221;{}&#8221;][et_pb_image src=&#8221;https:\/\/leite-france.fr\/wp-content\/uploads\/2023\/11\/Mini-Tombereau-LTD-O5A-1.webp&#8221; alt=&#8221;Ficha t\u00e9cnica minivolquete LTD05A&#8221; title_text=&#8221;Mini G\u00f3ndola LTD O5A-1&#8243; _builder_version=&#8221;4.23&#8243; _module_preset=&#8221;default&#8221; global_colors_info=&#8221;{}&#8221;][\/et_pb_image][\/et_pb_column][et_pb_column type=&#8221;1_2&#8243; _builder_version=&#8221;4.23&#8243; _module_preset=&#8221;default&#8221; box_shadow_style=&#8221;preset2&#8243; global_colors_info=&#8221;{}&#8221;][et_pb_image src=&#8221;https:\/\/leite-france.fr\/wp-content\/uploads\/2023\/11\/Mini-Tombereau-LTD-O5A-2.webp&#8221; alt=&#8221;Ficha t\u00e9cnica minivolquete LTD05A&#8221; title_text=&#8221;Minig\u00f3ndola LTD O5A-2&#8243; _builder_version=&#8221;4.23&#8243; _module_preset=&#8221;default&#8221; global_colors_info=&#8221;{}&#8221;][\/et_pb_image][\/et_pb_column][\/et_pb_row][\/et_pb_section][et_pb_section fb_built=&#8221;1&#8243; _builder_version=&#8221;4.19.2&#8243; _module_preset=&#8221;default&#8221; background_color=&#8221;#FFFFFF&#8221; custom_padding=&#8221;3px||2px|||&#8221; global_colors_info=&#8221;{}&#8221;][et_pb_row _builder_version=&#8221;4.19.4&#8243; _module_preset=&#8221;default&#8221; global_colors_info=&#8221;{}&#8221;][et_pb_column type=&#8221;4_4&#8243; _builder_version=&#8221;4.19.4&#8243; _module_preset=&#8221;default&#8221; global_colors_info=&#8221;{}&#8221;][dvmd_table_maker tbl_rhead_cell_color=&#8221;#a3a3a3&#8243; tbl_chead_text_level_active=&#8221;on&#8221; tbl_rhead_text_level_active=&#8221;on&#8221; tbl_rhead_text_level=&#8221;h4&#8243; admin_label=&#8221;LT &#8211; D05A MINIDUMPER&#8221; _builder_version=&#8221;4.23&#8243; _module_preset=&#8221;default&#8221; global_colors_info=&#8221;{}&#8221;][dvmd_table_maker_item col_content=&#8221;<br \/>\nPeso operativo<br \/>\nPeso de la m\u00e1quina<br \/>\nTama\u00f1o de la caja (L*A*A)<br \/>\nTipo de motor<br \/>\nPotencia<br \/>\nVelocidad&#8221; _builder_version=&#8221;4.23&#8243; _module_preset=&#8221;default&#8221; global_colors_info=&#8221;{}&#8221;][\/dvmd_table_maker_item][dvmd_table_maker_item col_content=&#8221;LT &#8211; D05A MINIDUMPER<br \/>\n500 kg<br \/>\n430 kg\/270kg<br \/>\n1000*700*450 mm<br \/>\nMotor de gasolina<br \/>\n13,6 CV\/9,6 CV<br \/>\n5 km\/h&#8221; _builder_version=&#8221;4.23&#8243; _module_preset=&#8221;default&#8221; global_colors_info=&#8221;{}&#8221;][\/dvmd_table_maker_item][\/dvmd_table_maker][\/et_pb_column][\/et_pb_row][\/et_pb_section]<\/p>\n","protected":false},"excerpt":{"rendered":"<p>Peso operativo: 500 kg Capacidad de la cuchara: 0,15 m3 Potencia: 12 KWH Motor : Briggs &amp; Stratton Gasolina Velocidad: 5 Km\/h &#8220;Manejable y fuerte El minidumper LTD05A de Leite France es una herramienta vers\u00e1til y de alto rendimiento para el transporte de cargas pesadas en espacios reducidos. Con 12 kWh de potencia, este d\u00famper [&hellip;]<\/p>\n","protected":false},"featured_media":8018,"template":"","meta":{"_et_pb_use_builder":"on","_et_pb_old_content":"","_et_gb_content_width":""},"product_brand":[],"product_cat":[187],"product_tag":[],"class_list":{"0":"post-8183","1":"product","2":"type-product","3":"status-publish","4":"has-post-thumbnail","6":"product_cat-minivolquete","8":"first","9":"instock","10":"taxable","11":"shipping-taxable","12":"purchasable","13":"product-type-simple"},"yoast_head":"<!-- This site is optimized with the Yoast SEO plugin v27.3 - https:\/\/yoast.com\/product\/yoast-seo-wordpress\/ -->\n<title>Mini Dumper LTD O5A - Leite Europe<\/title>\n<meta name=\"description\" content=\"El minivolquete es un elevador hidr\u00e1ulico completo, un peque\u00f1o volquete con orugas apto para uso fuera de carretera.\" \/>\n<meta name=\"robots\" content=\"index, follow, max-snippet:-1, max-image-preview:large, max-video-preview:-1\" \/>\n<link rel=\"canonical\" href=\"https:\/\/leite-europa.com\/es\/produit\/mini-dumper-ltd-o5a\/\" \/>\n<meta property=\"og:locale\" content=\"es_ES\" \/>\n<meta property=\"og:type\" content=\"article\" \/>\n<meta property=\"og:title\" content=\"Mini Dumper LTD O5A - Leite Europe\" \/>\n<meta property=\"og:description\" content=\"El minivolquete es un elevador hidr\u00e1ulico completo, un peque\u00f1o volquete con orugas apto para uso fuera de carretera.\" \/>\n<meta property=\"og:url\" content=\"https:\/\/leite-europa.com\/es\/produit\/mini-dumper-ltd-o5a\/\" \/>\n<meta property=\"og:site_name\" content=\"Leite Europe\" \/>\n<meta property=\"article:publisher\" content=\"https:\/\/www.facebook.com\/profile.php?id=100089192656837\" \/>\n<meta property=\"article:modified_time\" content=\"2024-03-06T17:09:12+00:00\" \/>\n<meta property=\"og:image\" content=\"https:\/\/leite-europa.com\/wp-content\/uploads\/2023\/11\/Mini-Tombereau-LTD-O5A.webp\" \/>\n\t<meta property=\"og:image:width\" content=\"1000\" \/>\n\t<meta property=\"og:image:height\" content=\"1000\" \/>\n\t<meta property=\"og:image:type\" content=\"image\/webp\" \/>\n<meta name=\"twitter:card\" content=\"summary_large_image\" \/>\n<meta name=\"twitter:label1\" content=\"Tiempo de lectura\" \/>\n\t<meta name=\"twitter:data1\" content=\"3 minutos\" \/>\n<script type=\"application\/ld+json\" class=\"yoast-schema-graph\">{\"@context\":\"https:\\\/\\\/schema.org\",\"@graph\":[{\"@type\":\"WebPage\",\"@id\":\"https:\\\/\\\/leite-europa.com\\\/es\\\/produit\\\/mini-dumper-ltd-o5a\\\/\",\"url\":\"https:\\\/\\\/leite-europa.com\\\/es\\\/produit\\\/mini-dumper-ltd-o5a\\\/\",\"name\":\"Mini Dumper LTD O5A - Leite Europe\",\"isPartOf\":{\"@id\":\"https:\\\/\\\/leite-europa.com\\\/es\\\/#website\"},\"primaryImageOfPage\":{\"@id\":\"https:\\\/\\\/leite-europa.com\\\/es\\\/produit\\\/mini-dumper-ltd-o5a\\\/#primaryimage\"},\"image\":{\"@id\":\"https:\\\/\\\/leite-europa.com\\\/es\\\/produit\\\/mini-dumper-ltd-o5a\\\/#primaryimage\"},\"thumbnailUrl\":\"https:\\\/\\\/leite-europa.com\\\/wp-content\\\/uploads\\\/2023\\\/11\\\/Mini-Tombereau-LTD-O5A.webp\",\"datePublished\":\"2023-11-06T08:48:18+00:00\",\"dateModified\":\"2024-03-06T17:09:12+00:00\",\"description\":\"El minivolquete es un elevador hidr\u00e1ulico completo, un peque\u00f1o volquete con orugas apto para uso fuera de carretera.\",\"breadcrumb\":{\"@id\":\"https:\\\/\\\/leite-europa.com\\\/es\\\/produit\\\/mini-dumper-ltd-o5a\\\/#breadcrumb\"},\"inLanguage\":\"es\",\"potentialAction\":[{\"@type\":\"ReadAction\",\"target\":[\"https:\\\/\\\/leite-europa.com\\\/es\\\/produit\\\/mini-dumper-ltd-o5a\\\/\"]}]},{\"@type\":\"ImageObject\",\"inLanguage\":\"es\",\"@id\":\"https:\\\/\\\/leite-europa.com\\\/es\\\/produit\\\/mini-dumper-ltd-o5a\\\/#primaryimage\",\"url\":\"https:\\\/\\\/leite-europa.com\\\/wp-content\\\/uploads\\\/2023\\\/11\\\/Mini-Tombereau-LTD-O5A.webp\",\"contentUrl\":\"https:\\\/\\\/leite-europa.com\\\/wp-content\\\/uploads\\\/2023\\\/11\\\/Mini-Tombereau-LTD-O5A.webp\",\"width\":1000,\"height\":1000},{\"@type\":\"BreadcrumbList\",\"@id\":\"https:\\\/\\\/leite-europa.com\\\/es\\\/produit\\\/mini-dumper-ltd-o5a\\\/#breadcrumb\",\"itemListElement\":[{\"@type\":\"ListItem\",\"position\":1,\"name\":\"Accueil\",\"item\":\"https:\\\/\\\/leite-europa.com\\\/es\\\/inicio\\\/\"},{\"@type\":\"ListItem\",\"position\":2,\"name\":\"Tienda\",\"item\":\"https:\\\/\\\/leite-europa.com\\\/fr\\\/boutique\\\/\"},{\"@type\":\"ListItem\",\"position\":3,\"name\":\"Mini Dumper LTD O5A\"}]},{\"@type\":\"WebSite\",\"@id\":\"https:\\\/\\\/leite-europa.com\\\/es\\\/#website\",\"url\":\"https:\\\/\\\/leite-europa.com\\\/es\\\/\",\"name\":\"Leite Europe\",\"description\":\"\",\"publisher\":{\"@id\":\"https:\\\/\\\/leite-europa.com\\\/es\\\/#organization\"},\"potentialAction\":[{\"@type\":\"SearchAction\",\"target\":{\"@type\":\"EntryPoint\",\"urlTemplate\":\"https:\\\/\\\/leite-europa.com\\\/es\\\/?s={search_term_string}\"},\"query-input\":{\"@type\":\"PropertyValueSpecification\",\"valueRequired\":true,\"valueName\":\"search_term_string\"}}],\"inLanguage\":\"es\"},{\"@type\":\"Organization\",\"@id\":\"https:\\\/\\\/leite-europa.com\\\/es\\\/#organization\",\"name\":\"Leite Europe\",\"url\":\"https:\\\/\\\/leite-europa.com\\\/es\\\/\",\"logo\":{\"@type\":\"ImageObject\",\"inLanguage\":\"es\",\"@id\":\"https:\\\/\\\/leite-europa.com\\\/es\\\/#\\\/schema\\\/logo\\\/image\\\/\",\"url\":\"https:\\\/\\\/leite-europa.com\\\/wp-content\\\/uploads\\\/2022\\\/12\\\/LOGO-LEITE.png\",\"contentUrl\":\"https:\\\/\\\/leite-europa.com\\\/wp-content\\\/uploads\\\/2022\\\/12\\\/LOGO-LEITE.png\",\"width\":1024,\"height\":512,\"caption\":\"Leite Europe\"},\"image\":{\"@id\":\"https:\\\/\\\/leite-europa.com\\\/es\\\/#\\\/schema\\\/logo\\\/image\\\/\"},\"sameAs\":[\"https:\\\/\\\/www.facebook.com\\\/profile.php?id=100089192656837\",\"https:\\\/\\\/www.instagram.com\\\/leite_france_minipelle\\\/\",\"https:\\\/\\\/www.linkedin.com\\\/company\\\/leite-france\\\/\"]}]}<\/script>\n<!-- \/ Yoast SEO plugin. -->","yoast_head_json":{"title":"Mini Dumper LTD O5A - Leite Europe","description":"El minivolquete es un elevador hidr\u00e1ulico completo, un peque\u00f1o volquete con orugas apto para uso fuera de carretera.","robots":{"index":"index","follow":"follow","max-snippet":"max-snippet:-1","max-image-preview":"max-image-preview:large","max-video-preview":"max-video-preview:-1"},"canonical":"https:\/\/leite-europa.com\/es\/produit\/mini-dumper-ltd-o5a\/","og_locale":"es_ES","og_type":"article","og_title":"Mini Dumper LTD O5A - Leite Europe","og_description":"El minivolquete es un elevador hidr\u00e1ulico completo, un peque\u00f1o volquete con orugas apto para uso fuera de carretera.","og_url":"https:\/\/leite-europa.com\/es\/produit\/mini-dumper-ltd-o5a\/","og_site_name":"Leite Europe","article_publisher":"https:\/\/www.facebook.com\/profile.php?id=100089192656837","article_modified_time":"2024-03-06T17:09:12+00:00","og_image":[{"width":1000,"height":1000,"url":"https:\/\/leite-europa.com\/wp-content\/uploads\/2023\/11\/Mini-Tombereau-LTD-O5A.webp","type":"image\/webp"}],"twitter_card":"summary_large_image","twitter_misc":{"Tiempo de lectura":"3 minutos"},"schema":{"@context":"https:\/\/schema.org","@graph":[{"@type":"WebPage","@id":"https:\/\/leite-europa.com\/es\/produit\/mini-dumper-ltd-o5a\/","url":"https:\/\/leite-europa.com\/es\/produit\/mini-dumper-ltd-o5a\/","name":"Mini Dumper LTD O5A - Leite Europe","isPartOf":{"@id":"https:\/\/leite-europa.com\/es\/#website"},"primaryImageOfPage":{"@id":"https:\/\/leite-europa.com\/es\/produit\/mini-dumper-ltd-o5a\/#primaryimage"},"image":{"@id":"https:\/\/leite-europa.com\/es\/produit\/mini-dumper-ltd-o5a\/#primaryimage"},"thumbnailUrl":"https:\/\/leite-europa.com\/wp-content\/uploads\/2023\/11\/Mini-Tombereau-LTD-O5A.webp","datePublished":"2023-11-06T08:48:18+00:00","dateModified":"2024-03-06T17:09:12+00:00","description":"El minivolquete es un elevador hidr\u00e1ulico completo, un peque\u00f1o volquete con orugas apto para uso fuera de carretera.","breadcrumb":{"@id":"https:\/\/leite-europa.com\/es\/produit\/mini-dumper-ltd-o5a\/#breadcrumb"},"inLanguage":"es","potentialAction":[{"@type":"ReadAction","target":["https:\/\/leite-europa.com\/es\/produit\/mini-dumper-ltd-o5a\/"]}]},{"@type":"ImageObject","inLanguage":"es","@id":"https:\/\/leite-europa.com\/es\/produit\/mini-dumper-ltd-o5a\/#primaryimage","url":"https:\/\/leite-europa.com\/wp-content\/uploads\/2023\/11\/Mini-Tombereau-LTD-O5A.webp","contentUrl":"https:\/\/leite-europa.com\/wp-content\/uploads\/2023\/11\/Mini-Tombereau-LTD-O5A.webp","width":1000,"height":1000},{"@type":"BreadcrumbList","@id":"https:\/\/leite-europa.com\/es\/produit\/mini-dumper-ltd-o5a\/#breadcrumb","itemListElement":[{"@type":"ListItem","position":1,"name":"Accueil","item":"https:\/\/leite-europa.com\/es\/inicio\/"},{"@type":"ListItem","position":2,"name":"Tienda","item":"https:\/\/leite-europa.com\/fr\/boutique\/"},{"@type":"ListItem","position":3,"name":"Mini Dumper LTD O5A"}]},{"@type":"WebSite","@id":"https:\/\/leite-europa.com\/es\/#website","url":"https:\/\/leite-europa.com\/es\/","name":"Leite Europe","description":"","publisher":{"@id":"https:\/\/leite-europa.com\/es\/#organization"},"potentialAction":[{"@type":"SearchAction","target":{"@type":"EntryPoint","urlTemplate":"https:\/\/leite-europa.com\/es\/?s={search_term_string}"},"query-input":{"@type":"PropertyValueSpecification","valueRequired":true,"valueName":"search_term_string"}}],"inLanguage":"es"},{"@type":"Organization","@id":"https:\/\/leite-europa.com\/es\/#organization","name":"Leite Europe","url":"https:\/\/leite-europa.com\/es\/","logo":{"@type":"ImageObject","inLanguage":"es","@id":"https:\/\/leite-europa.com\/es\/#\/schema\/logo\/image\/","url":"https:\/\/leite-europa.com\/wp-content\/uploads\/2022\/12\/LOGO-LEITE.png","contentUrl":"https:\/\/leite-europa.com\/wp-content\/uploads\/2022\/12\/LOGO-LEITE.png","width":1024,"height":512,"caption":"Leite Europe"},"image":{"@id":"https:\/\/leite-europa.com\/es\/#\/schema\/logo\/image\/"},"sameAs":["https:\/\/www.facebook.com\/profile.php?id=100089192656837","https:\/\/www.instagram.com\/leite_france_minipelle\/","https:\/\/www.linkedin.com\/company\/leite-france\/"]}]}},"_links":{"self":[{"href":"https:\/\/leite-europa.com\/es\/wp-json\/wp\/v2\/product\/8183","targetHints":{"allow":["GET"]}}],"collection":[{"href":"https:\/\/leite-europa.com\/es\/wp-json\/wp\/v2\/product"}],"about":[{"href":"https:\/\/leite-europa.com\/es\/wp-json\/wp\/v2\/types\/product"}],"wp:featuredmedia":[{"embeddable":true,"href":"https:\/\/leite-europa.com\/es\/wp-json\/wp\/v2\/media\/8018"}],"wp:attachment":[{"href":"https:\/\/leite-europa.com\/es\/wp-json\/wp\/v2\/media?parent=8183"}],"wp:term":[{"taxonomy":"product_brand","embeddable":true,"href":"https:\/\/leite-europa.com\/es\/wp-json\/wp\/v2\/product_brand?post=8183"},{"taxonomy":"product_cat","embeddable":true,"href":"https:\/\/leite-europa.com\/es\/wp-json\/wp\/v2\/product_cat?post=8183"},{"taxonomy":"product_tag","embeddable":true,"href":"https:\/\/leite-europa.com\/es\/wp-json\/wp\/v2\/product_tag?post=8183"}],"curies":[{"name":"wp","href":"https:\/\/api.w.org\/{rel}","templated":true}]}}