{"id":8205,"date":"2023-11-07T11:42:24","date_gmt":"2023-11-07T10:42:24","guid":{"rendered":"https:\/\/leite-europa.com\/produit\/horquilla-de-pinza-o-de-cocodrilo\/"},"modified":"2024-10-23T14:04:36","modified_gmt":"2024-10-23T12:04:36","slug":"tenedor-cocodrilo","status":"publish","type":"product","link":"https:\/\/leite-europa.com\/es\/produit\/tenedor-cocodrilo\/","title":{"rendered":"Horquilla de pinza o de cocodrilo"},"content":{"rendered":"<p>[et_pb_section fb_built=&#8221;1&#8243; _builder_version=&#8221;4.19.2&#8243; _module_preset=&#8221;default&#8221; background_color=&#8221;#FFFFFF&#8221; custom_padding=&#8221;||4px|||&#8221; global_colors_info=&#8221;{}&#8221; theme_builder_area=&#8221;post_content&#8221;][et_pb_row column_structure=&#8221;1_2,1_2&#8243; _builder_version=&#8221;4.19.2&#8243; _module_preset=&#8221;default&#8221; global_colors_info=&#8221;{}&#8221; theme_builder_area=&#8221;post_content&#8221;][et_pb_column type=&#8221;1_2&#8243; _builder_version=&#8221;4.19.2&#8243; _module_preset=&#8221;default&#8221; global_colors_info=&#8221;{}&#8221; theme_builder_area=&#8221;post_content&#8221;][et_pb_gallery gallery_ids=&#8221;1991&#8243; fullwidth=&#8221;on&#8221; _builder_version=&#8221;4.20.4&#8243; _module_preset=&#8221;default&#8221; global_colors_info=&#8221;{}&#8221; theme_builder_area=&#8221;post_content&#8221;][\/et_pb_gallery][\/et_pb_column][et_pb_column type=&#8221;1_2&#8243; _builder_version=&#8221;4.19.2&#8243; _module_preset=&#8221;default&#8221; global_colors_info=&#8221;{}&#8221; theme_builder_area=&#8221;post_content&#8221;][et_pb_text _builder_version=&#8221;4.20.4&#8243; _module_preset=&#8221;default&#8221; text_line_height=&#8221;2em&#8221; header_2_text_color=&#8221;#E75F0D&#8221; global_colors_info=&#8221;{}&#8221; theme_builder_area=&#8221;post_content&#8221;]<\/p>\n<h2>&#8220;Aumente su eficacia con la horquilla Leite Grapple&#8221;.<\/h2>\n<p>[\/et_pb_text][et_pb_text _builder_version=&#8221;4.20.4&#8243; _module_preset=&#8221;default&#8221; text_orientation=&#8221;justified&#8221; global_colors_info=&#8221;{}&#8221; theme_builder_area=&#8221;post_content&#8221;]<\/p>\n<p>Conquiste sus trabajos m\u00e1s duros con nuestra horquilla de grapa, tambi\u00e9n conocida como horquilla de cocodrilo, especialmente dise\u00f1ada para las minicargadoras Leite LTH380. Este revolucionario accesorio convierte su equipo en una aut\u00e9ntica m\u00e1quina todoterreno, facilitando m\u00e1s que nunca la manipulaci\u00f3n de materiales voluminosos, irregulares o delicados.<\/p>\n<p>[\/et_pb_text][\/et_pb_column][\/et_pb_row][et_pb_row _builder_version=&#8221;4.20.4&#8243; _module_preset=&#8221;default&#8221; global_colors_info=&#8221;{}&#8221; theme_builder_area=&#8221;post_content&#8221;][et_pb_column type=&#8221;4_4&#8243; _builder_version=&#8221;4.20.4&#8243; _module_preset=&#8221;default&#8221; global_colors_info=&#8221;{}&#8221; theme_builder_area=&#8221;post_content&#8221;][et_pb_text _builder_version=&#8221;4.20.4&#8243; _module_preset=&#8221;default&#8221; global_colors_info=&#8221;{}&#8221; theme_builder_area=&#8221;post_content&#8221;]<\/p>\n<p>&nbsp;<\/p>\n<p><strong>Una fuerza inigualable a su disposici\u00f3n <\/strong><\/p>\n<p>La horquilla Leite Grapple (o horquilla cocodrilo) est\u00e1 dise\u00f1ada para soportar las cargas m\u00e1s pesadas y las condiciones m\u00e1s exigentes. Su potente y robusto mecanismo de agarre proporciona un agarre firme y preciso, haciendo que incluso las tareas m\u00e1s dif\u00edciles sean un juego de ni\u00f1os.<\/p>\n<p><strong>Instalaci\u00f3n r\u00e1pida y manejo intuitivo <\/strong><\/p>\n<p>Nuestra horquilla de pinza, perfectamente adaptada a la minicargadora Leite LTH380, es muy f\u00e1cil de instalar y utilizar. Su dise\u00f1o ergon\u00f3mico ofrece una maniobrabilidad excepcional y una visibilidad \u00f3ptima, lo que facilita y asegura la manipulaci\u00f3n de cargas voluminosas.<\/p>\n<p><strong>M\u00e1xima seguridad y durabilidad <\/strong><\/p>\n<p>En Leite France, no hacemos concesiones en materia de seguridad y durabilidad. Por eso, nuestra horquilla de garfio (o horquilla cocodrilo) est\u00e1 dise\u00f1ada para ofrecer la m\u00e1xima resistencia, garantizando la protecci\u00f3n del operador y una larga vida \u00fatil, incluso en los entornos de trabajo m\u00e1s exigentes.<\/p>\n<p><strong>Adaptable a multitud de aplicaciones <\/strong><\/p>\n<p>Tanto si se dedica a la construcci\u00f3n, la agricultura, la gesti\u00f3n de residuos o la silvicultura, nuestra horquilla de pinzas es la herramienta ideal. Le permite recoger y manipular 33 f\u00e1cilmente diversos materiales como troncos de \u00e1rboles, piedras, pal\u00e9s, escombros de construcci\u00f3n y mucho m\u00e1s.<\/p>\n<p><strong>Aumente su productividad con la horquilla de pinza Leite<\/strong><\/p>\n<p>Experimente lo \u00faltimo en potencia y eficacia con la horquilla de grapa (o horquilla cocodrilo) para minicargadoras Leite LTH380. No deje que las tareas exigentes ralenticen su trabajo; tome el control con Leite.<\/p>\n<p>Si desea m\u00e1s informaci\u00f3n, p\u00f3ngase en contacto con nosotros. Nuestro equipo est\u00e1 preparado para ayudarle a liberar todo el potencial de su minicargadora con nuestra horquilla de grapa.<\/p>\n<p>&nbsp;<\/p>\n<p>[\/et_pb_text][\/et_pb_column][\/et_pb_row][\/et_pb_section]<\/p>\n","protected":false},"excerpt":{"rendered":"<p>&#8220;Aumente su eficacia con la horquilla Leite Grapple&#8221;.Conquiste sus trabajos m\u00e1s duros con nuestra horquilla de grapa, tambi\u00e9n conocida como horquilla de cocodrilo, especialmente dise\u00f1ada para las minicargadoras Leite LTH380. Este revolucionario accesorio convierte su equipo en una aut\u00e9ntica m\u00e1quina todoterreno, facilitando m\u00e1s que nunca la manipulaci\u00f3n de materiales voluminosos, irregulares o delicados.&nbsp; Una fuerza [&hellip;]<\/p>\n","protected":false},"featured_media":4232,"template":"","meta":{"_et_pb_use_builder":"on","_et_pb_old_content":"","_et_gb_content_width":""},"product_brand":[],"product_cat":[308,312,198],"product_tag":[],"class_list":{"0":"post-8205","1":"product","2":"type-product","3":"status-publish","4":"has-post-thumbnail","6":"product_cat-accesorios-minicargador-lth380","7":"product_cat-accesorios-para-minicargador-lth280","8":"product_cat-accesorios-para-minicargadores","10":"first","11":"instock","12":"taxable","13":"shipping-taxable","14":"purchasable","15":"product-type-simple"},"yoast_head":"<!-- This site is optimized with the Yoast SEO plugin v27.4 - https:\/\/yoast.com\/product\/yoast-seo-wordpress\/ -->\n<title>Horquilla de pinza o de cocodrilo - Leite Europe<\/title>\n<meta name=\"description\" content=\"Conquiste sus trabajos m\u00e1s duros con nuestra horquilla de grapa, u horquilla de cocodrilo, para minicargadoras Leite LTH380.\" \/>\n<meta name=\"robots\" content=\"index, follow, max-snippet:-1, max-image-preview:large, max-video-preview:-1\" \/>\n<link rel=\"canonical\" href=\"https:\/\/leite-europa.com\/es\/produit\/tenedor-cocodrilo\/\" \/>\n<meta property=\"og:locale\" content=\"es_ES\" \/>\n<meta property=\"og:type\" content=\"article\" \/>\n<meta property=\"og:title\" content=\"Horquilla de pinza o de cocodrilo - Leite Europe\" \/>\n<meta property=\"og:description\" content=\"Conquiste sus trabajos m\u00e1s duros con nuestra horquilla de grapa, u horquilla de cocodrilo, para minicargadoras Leite LTH380.\" \/>\n<meta property=\"og:url\" content=\"https:\/\/leite-europa.com\/es\/produit\/tenedor-cocodrilo\/\" \/>\n<meta property=\"og:site_name\" content=\"Leite Europe\" \/>\n<meta property=\"article:publisher\" content=\"https:\/\/www.facebook.com\/profile.php?id=100089192656837\" \/>\n<meta property=\"article:modified_time\" content=\"2024-10-23T12:04:36+00:00\" \/>\n<meta property=\"og:image\" content=\"https:\/\/leite-europa.com\/wp-content\/uploads\/2023\/07\/fourche-grappin.jpg\" \/>\n\t<meta property=\"og:image:width\" content=\"445\" \/>\n\t<meta property=\"og:image:height\" content=\"384\" \/>\n\t<meta property=\"og:image:type\" content=\"image\/jpeg\" \/>\n<meta name=\"twitter:card\" content=\"summary_large_image\" \/>\n<meta name=\"twitter:label1\" content=\"Tiempo de lectura\" \/>\n\t<meta name=\"twitter:data1\" content=\"3 minutos\" \/>\n<script type=\"application\/ld+json\" class=\"yoast-schema-graph\">{\"@context\":\"https:\\\/\\\/schema.org\",\"@graph\":[{\"@type\":\"WebPage\",\"@id\":\"https:\\\/\\\/leite-europa.com\\\/es\\\/produit\\\/tenedor-cocodrilo\\\/\",\"url\":\"https:\\\/\\\/leite-europa.com\\\/es\\\/produit\\\/tenedor-cocodrilo\\\/\",\"name\":\"Horquilla de pinza o de cocodrilo - Leite Europe\",\"isPartOf\":{\"@id\":\"https:\\\/\\\/leite-europa.com\\\/es\\\/#website\"},\"primaryImageOfPage\":{\"@id\":\"https:\\\/\\\/leite-europa.com\\\/es\\\/produit\\\/tenedor-cocodrilo\\\/#primaryimage\"},\"image\":{\"@id\":\"https:\\\/\\\/leite-europa.com\\\/es\\\/produit\\\/tenedor-cocodrilo\\\/#primaryimage\"},\"thumbnailUrl\":\"https:\\\/\\\/leite-europa.com\\\/wp-content\\\/uploads\\\/2023\\\/07\\\/fourche-grappin.jpg\",\"datePublished\":\"2023-11-07T10:42:24+00:00\",\"dateModified\":\"2024-10-23T12:04:36+00:00\",\"description\":\"Conquiste sus trabajos m\u00e1s duros con nuestra horquilla de grapa, u horquilla de cocodrilo, para minicargadoras Leite LTH380.\",\"breadcrumb\":{\"@id\":\"https:\\\/\\\/leite-europa.com\\\/es\\\/produit\\\/tenedor-cocodrilo\\\/#breadcrumb\"},\"inLanguage\":\"es\",\"potentialAction\":[{\"@type\":\"ReadAction\",\"target\":[\"https:\\\/\\\/leite-europa.com\\\/es\\\/produit\\\/tenedor-cocodrilo\\\/\"]}]},{\"@type\":\"ImageObject\",\"inLanguage\":\"es\",\"@id\":\"https:\\\/\\\/leite-europa.com\\\/es\\\/produit\\\/tenedor-cocodrilo\\\/#primaryimage\",\"url\":\"https:\\\/\\\/leite-europa.com\\\/wp-content\\\/uploads\\\/2023\\\/07\\\/fourche-grappin.jpg\",\"contentUrl\":\"https:\\\/\\\/leite-europa.com\\\/wp-content\\\/uploads\\\/2023\\\/07\\\/fourche-grappin.jpg\",\"width\":445,\"height\":384,\"caption\":\"Horquilla de caim\u00e1n Horquilla de pinza\"},{\"@type\":\"BreadcrumbList\",\"@id\":\"https:\\\/\\\/leite-europa.com\\\/es\\\/produit\\\/tenedor-cocodrilo\\\/#breadcrumb\",\"itemListElement\":[{\"@type\":\"ListItem\",\"position\":1,\"name\":\"Accueil\",\"item\":\"https:\\\/\\\/leite-europa.com\\\/es\\\/inicio\\\/\"},{\"@type\":\"ListItem\",\"position\":2,\"name\":\"Tienda\",\"item\":\"https:\\\/\\\/leite-europa.com\\\/fr\\\/boutique\\\/\"},{\"@type\":\"ListItem\",\"position\":3,\"name\":\"Horquilla de pinza o de cocodrilo\"}]},{\"@type\":\"WebSite\",\"@id\":\"https:\\\/\\\/leite-europa.com\\\/es\\\/#website\",\"url\":\"https:\\\/\\\/leite-europa.com\\\/es\\\/\",\"name\":\"Leite Europe\",\"description\":\"\",\"publisher\":{\"@id\":\"https:\\\/\\\/leite-europa.com\\\/es\\\/#organization\"},\"potentialAction\":[{\"@type\":\"SearchAction\",\"target\":{\"@type\":\"EntryPoint\",\"urlTemplate\":\"https:\\\/\\\/leite-europa.com\\\/es\\\/?s={search_term_string}\"},\"query-input\":{\"@type\":\"PropertyValueSpecification\",\"valueRequired\":true,\"valueName\":\"search_term_string\"}}],\"inLanguage\":\"es\"},{\"@type\":\"Organization\",\"@id\":\"https:\\\/\\\/leite-europa.com\\\/es\\\/#organization\",\"name\":\"Leite Europe\",\"url\":\"https:\\\/\\\/leite-europa.com\\\/es\\\/\",\"logo\":{\"@type\":\"ImageObject\",\"inLanguage\":\"es\",\"@id\":\"https:\\\/\\\/leite-europa.com\\\/es\\\/#\\\/schema\\\/logo\\\/image\\\/\",\"url\":\"https:\\\/\\\/leite-europa.com\\\/wp-content\\\/uploads\\\/2022\\\/12\\\/LOGO-LEITE.png\",\"contentUrl\":\"https:\\\/\\\/leite-europa.com\\\/wp-content\\\/uploads\\\/2022\\\/12\\\/LOGO-LEITE.png\",\"width\":1024,\"height\":512,\"caption\":\"Leite Europe\"},\"image\":{\"@id\":\"https:\\\/\\\/leite-europa.com\\\/es\\\/#\\\/schema\\\/logo\\\/image\\\/\"},\"sameAs\":[\"https:\\\/\\\/www.facebook.com\\\/profile.php?id=100089192656837\",\"https:\\\/\\\/www.instagram.com\\\/leite_france_minipelle\\\/\",\"https:\\\/\\\/www.linkedin.com\\\/company\\\/leite-france\\\/\"]}]}<\/script>\n<!-- \/ Yoast SEO plugin. -->","yoast_head_json":{"title":"Horquilla de pinza o de cocodrilo - Leite Europe","description":"Conquiste sus trabajos m\u00e1s duros con nuestra horquilla de grapa, u horquilla de cocodrilo, para minicargadoras Leite LTH380.","robots":{"index":"index","follow":"follow","max-snippet":"max-snippet:-1","max-image-preview":"max-image-preview:large","max-video-preview":"max-video-preview:-1"},"canonical":"https:\/\/leite-europa.com\/es\/produit\/tenedor-cocodrilo\/","og_locale":"es_ES","og_type":"article","og_title":"Horquilla de pinza o de cocodrilo - Leite Europe","og_description":"Conquiste sus trabajos m\u00e1s duros con nuestra horquilla de grapa, u horquilla de cocodrilo, para minicargadoras Leite LTH380.","og_url":"https:\/\/leite-europa.com\/es\/produit\/tenedor-cocodrilo\/","og_site_name":"Leite Europe","article_publisher":"https:\/\/www.facebook.com\/profile.php?id=100089192656837","article_modified_time":"2024-10-23T12:04:36+00:00","og_image":[{"width":445,"height":384,"url":"https:\/\/leite-europa.com\/wp-content\/uploads\/2023\/07\/fourche-grappin.jpg","type":"image\/jpeg"}],"twitter_card":"summary_large_image","twitter_misc":{"Tiempo de lectura":"3 minutos"},"schema":{"@context":"https:\/\/schema.org","@graph":[{"@type":"WebPage","@id":"https:\/\/leite-europa.com\/es\/produit\/tenedor-cocodrilo\/","url":"https:\/\/leite-europa.com\/es\/produit\/tenedor-cocodrilo\/","name":"Horquilla de pinza o de cocodrilo - Leite Europe","isPartOf":{"@id":"https:\/\/leite-europa.com\/es\/#website"},"primaryImageOfPage":{"@id":"https:\/\/leite-europa.com\/es\/produit\/tenedor-cocodrilo\/#primaryimage"},"image":{"@id":"https:\/\/leite-europa.com\/es\/produit\/tenedor-cocodrilo\/#primaryimage"},"thumbnailUrl":"https:\/\/leite-europa.com\/wp-content\/uploads\/2023\/07\/fourche-grappin.jpg","datePublished":"2023-11-07T10:42:24+00:00","dateModified":"2024-10-23T12:04:36+00:00","description":"Conquiste sus trabajos m\u00e1s duros con nuestra horquilla de grapa, u horquilla de cocodrilo, para minicargadoras Leite LTH380.","breadcrumb":{"@id":"https:\/\/leite-europa.com\/es\/produit\/tenedor-cocodrilo\/#breadcrumb"},"inLanguage":"es","potentialAction":[{"@type":"ReadAction","target":["https:\/\/leite-europa.com\/es\/produit\/tenedor-cocodrilo\/"]}]},{"@type":"ImageObject","inLanguage":"es","@id":"https:\/\/leite-europa.com\/es\/produit\/tenedor-cocodrilo\/#primaryimage","url":"https:\/\/leite-europa.com\/wp-content\/uploads\/2023\/07\/fourche-grappin.jpg","contentUrl":"https:\/\/leite-europa.com\/wp-content\/uploads\/2023\/07\/fourche-grappin.jpg","width":445,"height":384,"caption":"Horquilla de caim\u00e1n Horquilla de pinza"},{"@type":"BreadcrumbList","@id":"https:\/\/leite-europa.com\/es\/produit\/tenedor-cocodrilo\/#breadcrumb","itemListElement":[{"@type":"ListItem","position":1,"name":"Accueil","item":"https:\/\/leite-europa.com\/es\/inicio\/"},{"@type":"ListItem","position":2,"name":"Tienda","item":"https:\/\/leite-europa.com\/fr\/boutique\/"},{"@type":"ListItem","position":3,"name":"Horquilla de pinza o de cocodrilo"}]},{"@type":"WebSite","@id":"https:\/\/leite-europa.com\/es\/#website","url":"https:\/\/leite-europa.com\/es\/","name":"Leite Europe","description":"","publisher":{"@id":"https:\/\/leite-europa.com\/es\/#organization"},"potentialAction":[{"@type":"SearchAction","target":{"@type":"EntryPoint","urlTemplate":"https:\/\/leite-europa.com\/es\/?s={search_term_string}"},"query-input":{"@type":"PropertyValueSpecification","valueRequired":true,"valueName":"search_term_string"}}],"inLanguage":"es"},{"@type":"Organization","@id":"https:\/\/leite-europa.com\/es\/#organization","name":"Leite Europe","url":"https:\/\/leite-europa.com\/es\/","logo":{"@type":"ImageObject","inLanguage":"es","@id":"https:\/\/leite-europa.com\/es\/#\/schema\/logo\/image\/","url":"https:\/\/leite-europa.com\/wp-content\/uploads\/2022\/12\/LOGO-LEITE.png","contentUrl":"https:\/\/leite-europa.com\/wp-content\/uploads\/2022\/12\/LOGO-LEITE.png","width":1024,"height":512,"caption":"Leite Europe"},"image":{"@id":"https:\/\/leite-europa.com\/es\/#\/schema\/logo\/image\/"},"sameAs":["https:\/\/www.facebook.com\/profile.php?id=100089192656837","https:\/\/www.instagram.com\/leite_france_minipelle\/","https:\/\/www.linkedin.com\/company\/leite-france\/"]}]}},"_links":{"self":[{"href":"https:\/\/leite-europa.com\/es\/wp-json\/wp\/v2\/product\/8205","targetHints":{"allow":["GET"]}}],"collection":[{"href":"https:\/\/leite-europa.com\/es\/wp-json\/wp\/v2\/product"}],"about":[{"href":"https:\/\/leite-europa.com\/es\/wp-json\/wp\/v2\/types\/product"}],"wp:featuredmedia":[{"embeddable":true,"href":"https:\/\/leite-europa.com\/es\/wp-json\/wp\/v2\/media\/4232"}],"wp:attachment":[{"href":"https:\/\/leite-europa.com\/es\/wp-json\/wp\/v2\/media?parent=8205"}],"wp:term":[{"taxonomy":"product_brand","embeddable":true,"href":"https:\/\/leite-europa.com\/es\/wp-json\/wp\/v2\/product_brand?post=8205"},{"taxonomy":"product_cat","embeddable":true,"href":"https:\/\/leite-europa.com\/es\/wp-json\/wp\/v2\/product_cat?post=8205"},{"taxonomy":"product_tag","embeddable":true,"href":"https:\/\/leite-europa.com\/es\/wp-json\/wp\/v2\/product_tag?post=8205"}],"curies":[{"name":"wp","href":"https:\/\/api.w.org\/{rel}","templated":true}]}}