{"id":8214,"date":"2023-11-07T11:49:14","date_gmt":"2023-11-07T10:49:14","guid":{"rendered":"https:\/\/leite-europa.com\/produit\/sinfin-de-perforacion\/"},"modified":"2024-07-29T10:56:51","modified_gmt":"2024-07-29T08:56:51","slug":"tariere-de-forage","status":"publish","type":"product","link":"https:\/\/leite-europa.com\/es\/produit\/tariere-de-forage\/","title":{"rendered":"Sinf\u00edn de perforaci\u00f3n"},"content":{"rendered":"<p>[et_pb_section fb_built=&#8221;1&#8243; _builder_version=&#8221;4.19.2&#8243; _module_preset=&#8221;default&#8221; background_color=&#8221;#FFFFFF&#8221; custom_padding=&#8221;||4px|||&#8221; global_colors_info=&#8221;{}&#8221;][et_pb_row column_structure=&#8221;1_2,1_2&#8243; _builder_version=&#8221;4.19.2&#8243; _module_preset=&#8221;default&#8221; global_colors_info=&#8221;{}&#8221;][et_pb_column type=&#8221;1_2&#8243; _builder_version=&#8221;4.19.2&#8243; _module_preset=&#8221;default&#8221; global_colors_info=&#8221;{}&#8221;][et_pb_gallery gallery_ids=&#8221;1993&#8243; fullwidth=&#8221;on&#8221; _builder_version=&#8221;4.20.4&#8243; _module_preset=&#8221;default&#8221; global_colors_info=&#8221;{}&#8221;][\/et_pb_gallery][\/et_pb_column][et_pb_column type=&#8221;1_2&#8243; _builder_version=&#8221;4.19.2&#8243; _module_preset=&#8221;default&#8221; global_colors_info=&#8221;{}&#8221;][et_pb_text _builder_version=&#8221;4.20.4&#8243; _module_preset=&#8221;default&#8221; text_line_height=&#8221;2em&#8221; header_2_text_color=&#8221;#E75F0D&#8221; global_colors_info=&#8221;{}&#8221;]<\/p>\n<h2>&#8220;Lleve su perforaci\u00f3n al siguiente nivel con la barrena de perforaci\u00f3n Leite&#8221;.<\/h2>\n<p>[\/et_pb_text][et_pb_text _builder_version=&#8221;4.20.4&#8243; _module_preset=&#8221;default&#8221; text_orientation=&#8221;justified&#8221; global_colors_info=&#8221;{}&#8221;]Descubra un nuevo mundo de eficiencia y precisi\u00f3n con nuestro sinf\u00edn de perforaci\u00f3n, dise\u00f1ado espec\u00edficamente para las minicargadoras Leite LTH380. Esta herramienta altamente especializada convierte su cargadora en una potente perforadora, capaz de perforar la tierra con una precisi\u00f3n inigualable.[\/et_pb_text][\/et_pb_column][\/et_pb_row][et_pb_row _builder_version=&#8221;4.20.4&#8243; _module_preset=&#8221;default&#8221; global_colors_info=&#8221;{}&#8221;][et_pb_column type=&#8221;4_4&#8243; _builder_version=&#8221;4.20.4&#8243; _module_preset=&#8221;default&#8221; global_colors_info=&#8221;{}&#8221;][et_pb_text _builder_version=&#8221;4.20.4&#8243; _module_preset=&#8221;default&#8221; global_colors_info=&#8221;{}&#8221;]<strong>Potencia de perforaci\u00f3n para aumentar su productividad<\/strong><\/p>\n<p>Equipada con un motor robusto y brocas de alta calidad, la barrena de perforaci\u00f3n Leite est\u00e1 preparada para afrontar cualquier reto, desde terrenos blandos hasta los m\u00e1s dif\u00edciles. Est\u00e1 disponible en tres di\u00e1metros diferentes: 150 mm, 220 mm y 300 mm, lo que le da libertad para elegir el tama\u00f1o de broca que mejor se adapte a su proyecto.<\/p>\n<p><strong>F\u00e1cil de instalar y utilizar<\/strong><\/p>\n<p>Nuestro sinf\u00edn de perforaci\u00f3n, especialmente adaptado a la minicargadora Leite LTH380, es tan f\u00e1cil de instalar como de utilizar. Su manejo intuitivo, combinado con una maniobrabilidad excepcional, permite que cualquier usuario, sea cual sea su nivel de experiencia, pueda perforar con precisi\u00f3n y eficacia.<\/p>\n<p><strong>Centrarse en la sostenibilidad y la seguridad<\/strong><\/p>\n<p>En Leite France, es para nosotros una cuesti\u00f3n de honor garantizar tanto la seguridad del operario como la durabilidad de nuestros productos. Por eso nuestro sinf\u00edn de perforaci\u00f3n ha sido dise\u00f1ado para soportar las condiciones m\u00e1s exigentes, garantizando al mismo tiempo un uso seguro.<\/p>\n<p><strong>Adaptabilidad sin precedentes<\/strong><\/p>\n<p>Tanto si trabaja en el sector de la construcci\u00f3n, el paisajismo, la agricultura o la instalaci\u00f3n de postes, nuestro sinf\u00edn de perforaci\u00f3n es la herramienta adecuada para usted. Gracias a su capacidad para perforar una amplia variedad de tama\u00f1os de orificio, le ofrece una versatilidad y flexibilidad inigualables.<\/p>\n<p><strong>Descubra la potencia de la barrena de perforaci\u00f3n Leite<\/strong><\/p>\n<p>Afronte cualquier reto de perforaci\u00f3n con el sinf\u00edn de perforaci\u00f3n Leite LTH380 para minicargadoras. No deje que la perforaci\u00f3n le frene, elija la soluci\u00f3n Leite.<\/p>\n<p>Si desea m\u00e1s informaci\u00f3n, p\u00f3ngase en contacto con nosotros. Nuestro equipo est\u00e1 preparado para ayudarle a sacar el m\u00e1ximo partido a su minicargadora con nuestra barrena de perforaci\u00f3n.[\/et_pb_text][\/et_pb_column][\/et_pb_row][\/et_pb_section][et_pb_section fb_built=&#8221;1&#8243; _builder_version=&#8221;4.19.4&#8243; _module_preset=&#8221;default&#8221; background_color=&#8221;#E75F0D&#8221; custom_padding=&#8221;0px||0px|||&#8221; animation_style=&#8221;flip&#8221; global_colors_info=&#8221;{}&#8221;][et_pb_row column_structure=&#8221;3_5,2_5&#8243; _builder_version=&#8221;4.19.2&#8243; _module_preset=&#8221;default&#8221; custom_padding=&#8221;47px|||||&#8221; global_colors_info=&#8221;{}&#8221;][et_pb_column type=&#8221;3_5&#8243; _builder_version=&#8221;4.19.2&#8243; _module_preset=&#8221;default&#8221; global_colors_info=&#8221;{}&#8221;][\/et_pb_column][et_pb_column type=&#8221;2_5&#8243; _builder_version=&#8221;4.19.4&#8243; _module_preset=&#8221;default&#8221; global_colors_info=&#8221;{}&#8221;][et_pb_text _builder_version=&#8221;4.20.4&#8243; _module_preset=&#8221;default&#8221; text_font=&#8221;Oswald||||||||&#8221; text_text_color=&#8221;#FFFFFF&#8221; text_font_size=&#8221;30px&#8221; custom_padding=&#8221;||4px|||&#8221; global_colors_info=&#8221;{}&#8221;]<\/p>\n<p style=\"text-align: left;\">+ varilla de perforaci\u00f3n<\/p>\n<p style=\"text-align: right;\">150 mm = 166 euros sin IVA<\/p>\n<p style=\"text-align: right;\">220 mm = 218 \u20ac sin IVA<\/p>\n<p style=\"text-align: right;\">300 mm = 252 \u20ac sin IVA<\/p>\n<p>[\/et_pb_text][\/et_pb_column][\/et_pb_row][\/et_pb_section]<\/p>\n","protected":false},"excerpt":{"rendered":"<p>&#8220;Lleve su perforaci\u00f3n al siguiente nivel con la barrena de perforaci\u00f3n Leite&#8221;.Descubra un nuevo mundo de eficiencia y precisi\u00f3n con nuestro sinf\u00edn de perforaci\u00f3n, dise\u00f1ado espec\u00edficamente para las minicargadoras Leite LTH380. Esta herramienta altamente especializada convierte su cargadora en una potente perforadora, capaz de perforar la tierra con una precisi\u00f3n inigualable.Potencia de perforaci\u00f3n para aumentar [&hellip;]<\/p>\n","protected":false},"featured_media":4240,"template":"","meta":{"_et_pb_use_builder":"on","_et_pb_old_content":"","_et_gb_content_width":""},"product_brand":[],"product_cat":[308,312,198],"product_tag":[],"class_list":{"0":"post-8214","1":"product","2":"type-product","3":"status-publish","4":"has-post-thumbnail","6":"product_cat-accesorios-minicargador-lth380","7":"product_cat-accesorios-para-minicargador-lth280","8":"product_cat-accesorios-para-minicargadores","10":"first","11":"instock","12":"taxable","13":"shipping-taxable","14":"purchasable","15":"product-type-variable"},"yoast_head":"<!-- This site is optimized with the Yoast SEO plugin v27.3 - https:\/\/yoast.com\/product\/yoast-seo-wordpress\/ -->\n<title>Sinf\u00edn de perforaci\u00f3n - Leite Europe<\/title>\n<meta name=\"description\" content=\"Sum\u00e9rjase en una nueva era de eficiencia con nuestro sinf\u00edn de perforaci\u00f3n, hecho a medida para las minicargadoras Leite LTH380.\" \/>\n<meta name=\"robots\" content=\"index, follow, max-snippet:-1, max-image-preview:large, max-video-preview:-1\" \/>\n<link rel=\"canonical\" href=\"https:\/\/leite-europa.com\/es\/produit\/tariere-de-forage\/\" \/>\n<meta property=\"og:locale\" content=\"es_ES\" \/>\n<meta property=\"og:type\" content=\"article\" \/>\n<meta property=\"og:title\" content=\"Sinf\u00edn de perforaci\u00f3n - Leite Europe\" \/>\n<meta property=\"og:description\" content=\"Sum\u00e9rjase en una nueva era de eficiencia con nuestro sinf\u00edn de perforaci\u00f3n, hecho a medida para las minicargadoras Leite LTH380.\" \/>\n<meta property=\"og:url\" content=\"https:\/\/leite-europa.com\/es\/produit\/tariere-de-forage\/\" \/>\n<meta property=\"og:site_name\" content=\"Leite Europe\" \/>\n<meta property=\"article:publisher\" content=\"https:\/\/www.facebook.com\/profile.php?id=100089192656837\" \/>\n<meta property=\"article:modified_time\" content=\"2024-07-29T08:56:51+00:00\" \/>\n<meta property=\"og:image\" content=\"https:\/\/leite-europa.com\/wp-content\/uploads\/2023\/07\/tariere.jpg\" \/>\n\t<meta property=\"og:image:width\" content=\"314\" \/>\n\t<meta property=\"og:image:height\" content=\"344\" \/>\n\t<meta property=\"og:image:type\" content=\"image\/jpeg\" \/>\n<meta name=\"twitter:card\" content=\"summary_large_image\" \/>\n<meta name=\"twitter:label1\" content=\"Tiempo de lectura\" \/>\n\t<meta name=\"twitter:data1\" content=\"3 minutos\" \/>\n<script type=\"application\/ld+json\" class=\"yoast-schema-graph\">{\"@context\":\"https:\\\/\\\/schema.org\",\"@graph\":[{\"@type\":\"WebPage\",\"@id\":\"https:\\\/\\\/leite-europa.com\\\/es\\\/produit\\\/tariere-de-forage\\\/\",\"url\":\"https:\\\/\\\/leite-europa.com\\\/es\\\/produit\\\/tariere-de-forage\\\/\",\"name\":\"Sinf\u00edn de perforaci\u00f3n - Leite Europe\",\"isPartOf\":{\"@id\":\"https:\\\/\\\/leite-europa.com\\\/es\\\/#website\"},\"primaryImageOfPage\":{\"@id\":\"https:\\\/\\\/leite-europa.com\\\/es\\\/produit\\\/tariere-de-forage\\\/#primaryimage\"},\"image\":{\"@id\":\"https:\\\/\\\/leite-europa.com\\\/es\\\/produit\\\/tariere-de-forage\\\/#primaryimage\"},\"thumbnailUrl\":\"https:\\\/\\\/leite-europa.com\\\/wp-content\\\/uploads\\\/2023\\\/07\\\/tariere.jpg\",\"datePublished\":\"2023-11-07T10:49:14+00:00\",\"dateModified\":\"2024-07-29T08:56:51+00:00\",\"description\":\"Sum\u00e9rjase en una nueva era de eficiencia con nuestro sinf\u00edn de perforaci\u00f3n, hecho a medida para las minicargadoras Leite LTH380.\",\"breadcrumb\":{\"@id\":\"https:\\\/\\\/leite-europa.com\\\/es\\\/produit\\\/tariere-de-forage\\\/#breadcrumb\"},\"inLanguage\":\"es\",\"potentialAction\":[{\"@type\":\"ReadAction\",\"target\":[\"https:\\\/\\\/leite-europa.com\\\/es\\\/produit\\\/tariere-de-forage\\\/\"]}]},{\"@type\":\"ImageObject\",\"inLanguage\":\"es\",\"@id\":\"https:\\\/\\\/leite-europa.com\\\/es\\\/produit\\\/tariere-de-forage\\\/#primaryimage\",\"url\":\"https:\\\/\\\/leite-europa.com\\\/wp-content\\\/uploads\\\/2023\\\/07\\\/tariere.jpg\",\"contentUrl\":\"https:\\\/\\\/leite-europa.com\\\/wp-content\\\/uploads\\\/2023\\\/07\\\/tariere.jpg\",\"width\":314,\"height\":344,\"caption\":\"Sinf\u00edn de perforaci\u00f3n\"},{\"@type\":\"BreadcrumbList\",\"@id\":\"https:\\\/\\\/leite-europa.com\\\/es\\\/produit\\\/tariere-de-forage\\\/#breadcrumb\",\"itemListElement\":[{\"@type\":\"ListItem\",\"position\":1,\"name\":\"Accueil\",\"item\":\"https:\\\/\\\/leite-europa.com\\\/es\\\/inicio\\\/\"},{\"@type\":\"ListItem\",\"position\":2,\"name\":\"Tienda\",\"item\":\"https:\\\/\\\/leite-europa.com\\\/fr\\\/boutique\\\/\"},{\"@type\":\"ListItem\",\"position\":3,\"name\":\"Sinf\u00edn de perforaci\u00f3n\"}]},{\"@type\":\"WebSite\",\"@id\":\"https:\\\/\\\/leite-europa.com\\\/es\\\/#website\",\"url\":\"https:\\\/\\\/leite-europa.com\\\/es\\\/\",\"name\":\"Leite Europe\",\"description\":\"\",\"publisher\":{\"@id\":\"https:\\\/\\\/leite-europa.com\\\/es\\\/#organization\"},\"potentialAction\":[{\"@type\":\"SearchAction\",\"target\":{\"@type\":\"EntryPoint\",\"urlTemplate\":\"https:\\\/\\\/leite-europa.com\\\/es\\\/?s={search_term_string}\"},\"query-input\":{\"@type\":\"PropertyValueSpecification\",\"valueRequired\":true,\"valueName\":\"search_term_string\"}}],\"inLanguage\":\"es\"},{\"@type\":\"Organization\",\"@id\":\"https:\\\/\\\/leite-europa.com\\\/es\\\/#organization\",\"name\":\"Leite Europe\",\"url\":\"https:\\\/\\\/leite-europa.com\\\/es\\\/\",\"logo\":{\"@type\":\"ImageObject\",\"inLanguage\":\"es\",\"@id\":\"https:\\\/\\\/leite-europa.com\\\/es\\\/#\\\/schema\\\/logo\\\/image\\\/\",\"url\":\"https:\\\/\\\/leite-europa.com\\\/wp-content\\\/uploads\\\/2022\\\/12\\\/LOGO-LEITE.png\",\"contentUrl\":\"https:\\\/\\\/leite-europa.com\\\/wp-content\\\/uploads\\\/2022\\\/12\\\/LOGO-LEITE.png\",\"width\":1024,\"height\":512,\"caption\":\"Leite Europe\"},\"image\":{\"@id\":\"https:\\\/\\\/leite-europa.com\\\/es\\\/#\\\/schema\\\/logo\\\/image\\\/\"},\"sameAs\":[\"https:\\\/\\\/www.facebook.com\\\/profile.php?id=100089192656837\",\"https:\\\/\\\/www.instagram.com\\\/leite_france_minipelle\\\/\",\"https:\\\/\\\/www.linkedin.com\\\/company\\\/leite-france\\\/\"]}]}<\/script>\n<!-- \/ Yoast SEO plugin. -->","yoast_head_json":{"title":"Sinf\u00edn de perforaci\u00f3n - Leite Europe","description":"Sum\u00e9rjase en una nueva era de eficiencia con nuestro sinf\u00edn de perforaci\u00f3n, hecho a medida para las minicargadoras Leite LTH380.","robots":{"index":"index","follow":"follow","max-snippet":"max-snippet:-1","max-image-preview":"max-image-preview:large","max-video-preview":"max-video-preview:-1"},"canonical":"https:\/\/leite-europa.com\/es\/produit\/tariere-de-forage\/","og_locale":"es_ES","og_type":"article","og_title":"Sinf\u00edn de perforaci\u00f3n - Leite Europe","og_description":"Sum\u00e9rjase en una nueva era de eficiencia con nuestro sinf\u00edn de perforaci\u00f3n, hecho a medida para las minicargadoras Leite LTH380.","og_url":"https:\/\/leite-europa.com\/es\/produit\/tariere-de-forage\/","og_site_name":"Leite Europe","article_publisher":"https:\/\/www.facebook.com\/profile.php?id=100089192656837","article_modified_time":"2024-07-29T08:56:51+00:00","og_image":[{"width":314,"height":344,"url":"https:\/\/leite-europa.com\/wp-content\/uploads\/2023\/07\/tariere.jpg","type":"image\/jpeg"}],"twitter_card":"summary_large_image","twitter_misc":{"Tiempo de lectura":"3 minutos"},"schema":{"@context":"https:\/\/schema.org","@graph":[{"@type":"WebPage","@id":"https:\/\/leite-europa.com\/es\/produit\/tariere-de-forage\/","url":"https:\/\/leite-europa.com\/es\/produit\/tariere-de-forage\/","name":"Sinf\u00edn de perforaci\u00f3n - Leite Europe","isPartOf":{"@id":"https:\/\/leite-europa.com\/es\/#website"},"primaryImageOfPage":{"@id":"https:\/\/leite-europa.com\/es\/produit\/tariere-de-forage\/#primaryimage"},"image":{"@id":"https:\/\/leite-europa.com\/es\/produit\/tariere-de-forage\/#primaryimage"},"thumbnailUrl":"https:\/\/leite-europa.com\/wp-content\/uploads\/2023\/07\/tariere.jpg","datePublished":"2023-11-07T10:49:14+00:00","dateModified":"2024-07-29T08:56:51+00:00","description":"Sum\u00e9rjase en una nueva era de eficiencia con nuestro sinf\u00edn de perforaci\u00f3n, hecho a medida para las minicargadoras Leite LTH380.","breadcrumb":{"@id":"https:\/\/leite-europa.com\/es\/produit\/tariere-de-forage\/#breadcrumb"},"inLanguage":"es","potentialAction":[{"@type":"ReadAction","target":["https:\/\/leite-europa.com\/es\/produit\/tariere-de-forage\/"]}]},{"@type":"ImageObject","inLanguage":"es","@id":"https:\/\/leite-europa.com\/es\/produit\/tariere-de-forage\/#primaryimage","url":"https:\/\/leite-europa.com\/wp-content\/uploads\/2023\/07\/tariere.jpg","contentUrl":"https:\/\/leite-europa.com\/wp-content\/uploads\/2023\/07\/tariere.jpg","width":314,"height":344,"caption":"Sinf\u00edn de perforaci\u00f3n"},{"@type":"BreadcrumbList","@id":"https:\/\/leite-europa.com\/es\/produit\/tariere-de-forage\/#breadcrumb","itemListElement":[{"@type":"ListItem","position":1,"name":"Accueil","item":"https:\/\/leite-europa.com\/es\/inicio\/"},{"@type":"ListItem","position":2,"name":"Tienda","item":"https:\/\/leite-europa.com\/fr\/boutique\/"},{"@type":"ListItem","position":3,"name":"Sinf\u00edn de perforaci\u00f3n"}]},{"@type":"WebSite","@id":"https:\/\/leite-europa.com\/es\/#website","url":"https:\/\/leite-europa.com\/es\/","name":"Leite Europe","description":"","publisher":{"@id":"https:\/\/leite-europa.com\/es\/#organization"},"potentialAction":[{"@type":"SearchAction","target":{"@type":"EntryPoint","urlTemplate":"https:\/\/leite-europa.com\/es\/?s={search_term_string}"},"query-input":{"@type":"PropertyValueSpecification","valueRequired":true,"valueName":"search_term_string"}}],"inLanguage":"es"},{"@type":"Organization","@id":"https:\/\/leite-europa.com\/es\/#organization","name":"Leite Europe","url":"https:\/\/leite-europa.com\/es\/","logo":{"@type":"ImageObject","inLanguage":"es","@id":"https:\/\/leite-europa.com\/es\/#\/schema\/logo\/image\/","url":"https:\/\/leite-europa.com\/wp-content\/uploads\/2022\/12\/LOGO-LEITE.png","contentUrl":"https:\/\/leite-europa.com\/wp-content\/uploads\/2022\/12\/LOGO-LEITE.png","width":1024,"height":512,"caption":"Leite Europe"},"image":{"@id":"https:\/\/leite-europa.com\/es\/#\/schema\/logo\/image\/"},"sameAs":["https:\/\/www.facebook.com\/profile.php?id=100089192656837","https:\/\/www.instagram.com\/leite_france_minipelle\/","https:\/\/www.linkedin.com\/company\/leite-france\/"]}]}},"_links":{"self":[{"href":"https:\/\/leite-europa.com\/es\/wp-json\/wp\/v2\/product\/8214","targetHints":{"allow":["GET"]}}],"collection":[{"href":"https:\/\/leite-europa.com\/es\/wp-json\/wp\/v2\/product"}],"about":[{"href":"https:\/\/leite-europa.com\/es\/wp-json\/wp\/v2\/types\/product"}],"wp:featuredmedia":[{"embeddable":true,"href":"https:\/\/leite-europa.com\/es\/wp-json\/wp\/v2\/media\/4240"}],"wp:attachment":[{"href":"https:\/\/leite-europa.com\/es\/wp-json\/wp\/v2\/media?parent=8214"}],"wp:term":[{"taxonomy":"product_brand","embeddable":true,"href":"https:\/\/leite-europa.com\/es\/wp-json\/wp\/v2\/product_brand?post=8214"},{"taxonomy":"product_cat","embeddable":true,"href":"https:\/\/leite-europa.com\/es\/wp-json\/wp\/v2\/product_cat?post=8214"},{"taxonomy":"product_tag","embeddable":true,"href":"https:\/\/leite-europa.com\/es\/wp-json\/wp\/v2\/product_tag?post=8214"}],"curies":[{"name":"wp","href":"https:\/\/api.w.org\/{rel}","templated":true}]}}