{"id":8220,"date":"2023-11-07T12:00:33","date_gmt":"2023-11-07T11:00:33","guid":{"rendered":"https:\/\/leite-europa.com\/produit\/martillo-hidraulico-brh-lth380\/"},"modified":"2024-04-17T15:54:32","modified_gmt":"2024-04-17T13:54:32","slug":"brh-husillo-hidraulico-lth380","status":"publish","type":"product","link":"https:\/\/leite-europa.com\/es\/produit\/brh-husillo-hidraulico-lth380\/","title":{"rendered":"Martillo hidr\u00e1ulico BRH LTH380"},"content":{"rendered":"<p>[et_pb_section fb_built=&#8221;1&#8243; _builder_version=&#8221;4.19.2&#8243; _module_preset=&#8221;default&#8221; background_color=&#8221;#FFFFFF&#8221; custom_padding=&#8221;||4px|||&#8221; global_colors_info=&#8221;{}&#8221; theme_builder_area=&#8221;post_content&#8221;][et_pb_row column_structure=&#8221;1_2,1_2&#8243; _builder_version=&#8221;4.19.2&#8243; _module_preset=&#8221;default&#8221; global_colors_info=&#8221;{}&#8221; theme_builder_area=&#8221;post_content&#8221;][et_pb_column type=&#8221;1_2&#8243; _builder_version=&#8221;4.19.2&#8243; _module_preset=&#8221;default&#8221; global_colors_info=&#8221;{}&#8221; theme_builder_area=&#8221;post_content&#8221;][et_pb_gallery gallery_ids=&#8221;1987&#8243; fullwidth=&#8221;on&#8221; _builder_version=&#8221;4.20.4&#8243; _module_preset=&#8221;default&#8221; global_colors_info=&#8221;{}&#8221; theme_builder_area=&#8221;post_content&#8221;][\/et_pb_gallery][\/et_pb_column][et_pb_column type=&#8221;1_2&#8243; _builder_version=&#8221;4.19.2&#8243; _module_preset=&#8221;default&#8221; global_colors_info=&#8221;{}&#8221; theme_builder_area=&#8221;post_content&#8221;][et_pb_text _builder_version=&#8221;4.20.4&#8243; _module_preset=&#8221;default&#8221; text_line_height=&#8221;2em&#8221; header_2_text_color=&#8221;#E75F0D&#8221; global_colors_info=&#8221;{}&#8221; theme_builder_area=&#8221;post_content&#8221;]<\/p>\n<h2>&#8220;Experimente el poder destructivo del martillo hidr\u00e1ulico Leite&#8221;.<\/h2>\n<p>[\/et_pb_text][et_pb_text _builder_version=&#8221;4.20.4&#8243; _module_preset=&#8221;default&#8221; text_orientation=&#8221;justified&#8221; global_colors_info=&#8221;{}&#8221; theme_builder_area=&#8221;post_content&#8221;]<\/p>\n<p>Convierta su minicargadora Leite LTH380 en una m\u00e1quina de demolici\u00f3n con nuestro BRH (rompedor de rocas hidr\u00e1ulico). Esta herramienta de demolici\u00f3n de alto rendimiento est\u00e1 dise\u00f1ada para romper los materiales m\u00e1s duros con una precisi\u00f3n y eficacia excepcionales.<\/p>\n<p>[\/et_pb_text][\/et_pb_column][\/et_pb_row][et_pb_row _builder_version=&#8221;4.20.4&#8243; _module_preset=&#8221;default&#8221; global_colors_info=&#8221;{}&#8221; theme_builder_area=&#8221;post_content&#8221;][et_pb_column type=&#8221;4_4&#8243; _builder_version=&#8221;4.20.4&#8243; _module_preset=&#8221;default&#8221; global_colors_info=&#8221;{}&#8221; theme_builder_area=&#8221;post_content&#8221;][et_pb_text _builder_version=&#8221;4.20.4&#8243; _module_preset=&#8221;default&#8221; global_colors_info=&#8221;{}&#8221; theme_builder_area=&#8221;post_content&#8221;]<\/p>\n<p><strong>Una herramienta de demolici\u00f3n potente y precisa<\/strong><\/p>\n<p>El martillo Leite est\u00e1 equipado con un martillo hidr\u00e1ulico de gran potencia, capaz de fracturar y pulverizar incluso la roca y el hormig\u00f3n m\u00e1s duros. Gracias a su avanzado sistema hidr\u00e1ulico, proporciona un impacto potente y preciso en cada disparo.<\/p>\n<p><strong>Instalaci\u00f3n sencilla y manejo intuitivo<\/strong><\/p>\n<p>Nuestro BRH, especialmente dise\u00f1ado para adaptarse al minicargador Leite LTH380, es tan f\u00e1cil de instalar como de usar. Su manejo intuitivo le permite realizar trabajos de demolici\u00f3n precisos y eficaces, incluso si no es un usuario experimentado.<\/p>\n<p><strong>Sostenibilidad y seguridad, nuestras prioridades<\/strong><\/p>\n<p>En Leite France, damos prioridad a la seguridad del operario y a la durabilidad de nuestros productos. Por eso nuestra BRH se ha dise\u00f1ado para ofrecer la m\u00e1xima resistencia, garantizando al mismo tiempo la seguridad del operador. Incluso en las condiciones de demolici\u00f3n m\u00e1s exigentes, puede confiar en esta robusta herramienta para obtener un rendimiento inquebrantable.<\/p>\n<p><strong>Versatilidad para una gran variedad de aplicaciones<\/strong><\/p>\n<p>Sea cual sea su tarea de demolici\u00f3n, nuestra BRH es la herramienta que necesita. Es ideal para romper roca, hormig\u00f3n y otros materiales duros en proyectos de construcci\u00f3n, demolici\u00f3n, excavaci\u00f3n de zanjas, miner\u00eda y mucho m\u00e1s.<\/p>\n<p><strong>Descubra el poder de BRH Leite<\/strong><\/p>\n<p>Transforme su trabajo de demolici\u00f3n con el rompedor de rocas hidr\u00e1ulico Leite LTH380 para minicargadoras. No deje que los materiales duros le frenen, opte por la soluci\u00f3n Leite.<\/p>\n<p>Si desea m\u00e1s informaci\u00f3n, p\u00f3ngase en contacto con nosotros. Nuestro equipo est\u00e1 preparado para ayudarle a sacar el m\u00e1ximo partido de su minicargadora con nuestro rompepiedras hidr\u00e1ulico.<\/p>\n<p>[\/et_pb_text][\/et_pb_column][\/et_pb_row][\/et_pb_section]<\/p>\n","protected":false},"excerpt":{"rendered":"<p>&#8220;Experimente el poder destructivo del martillo hidr\u00e1ulico Leite&#8221;.Convierta su minicargadora Leite LTH380 en una m\u00e1quina de demolici\u00f3n con nuestro BRH (rompedor de rocas hidr\u00e1ulico). Esta herramienta de demolici\u00f3n de alto rendimiento est\u00e1 dise\u00f1ada para romper los materiales m\u00e1s duros con una precisi\u00f3n y eficacia excepcionales.Una herramienta de demolici\u00f3n potente y precisa El martillo Leite est\u00e1 [&hellip;]<\/p>\n","protected":false},"featured_media":4216,"template":"","meta":{"_et_pb_use_builder":"on","_et_pb_old_content":"","_et_gb_content_width":""},"product_brand":[],"product_cat":[308,312,198],"product_tag":[],"class_list":{"0":"post-8220","1":"product","2":"type-product","3":"status-publish","4":"has-post-thumbnail","6":"product_cat-accesorios-minicargador-lth380","7":"product_cat-accesorios-para-minicargador-lth280","8":"product_cat-accesorios-para-minicargadores","10":"first","11":"instock","12":"taxable","13":"shipping-taxable","14":"purchasable","15":"product-type-simple"},"yoast_head":"<!-- This site is optimized with the Yoast SEO plugin v27.3 - https:\/\/yoast.com\/product\/yoast-seo-wordpress\/ -->\n<title>Martillo hidr\u00e1ulico BRH LTH380 - Leite Europe<\/title>\n<meta name=\"description\" content=\"Convierta su minicargadora Leite LTH380 en una m\u00e1quina de demolici\u00f3n con nuestro BRH (rompedor de rocas hidr\u00e1ulico).\" \/>\n<meta name=\"robots\" content=\"index, follow, max-snippet:-1, max-image-preview:large, max-video-preview:-1\" \/>\n<link rel=\"canonical\" href=\"https:\/\/leite-europa.com\/es\/produit\/brh-husillo-hidraulico-lth380\/\" \/>\n<meta property=\"og:locale\" content=\"es_ES\" \/>\n<meta property=\"og:type\" content=\"article\" \/>\n<meta property=\"og:title\" content=\"Martillo hidr\u00e1ulico BRH LTH380 - Leite Europe\" \/>\n<meta property=\"og:description\" content=\"Convierta su minicargadora Leite LTH380 en una m\u00e1quina de demolici\u00f3n con nuestro BRH (rompedor de rocas hidr\u00e1ulico).\" \/>\n<meta property=\"og:url\" content=\"https:\/\/leite-europa.com\/es\/produit\/brh-husillo-hidraulico-lth380\/\" \/>\n<meta property=\"og:site_name\" content=\"Leite Europe\" \/>\n<meta property=\"article:publisher\" content=\"https:\/\/www.facebook.com\/profile.php?id=100089192656837\" \/>\n<meta property=\"article:modified_time\" content=\"2024-04-17T13:54:32+00:00\" \/>\n<meta property=\"og:image\" content=\"https:\/\/leite-europa.com\/wp-content\/uploads\/2023\/07\/BRH.jpg\" \/>\n\t<meta property=\"og:image:width\" content=\"429\" \/>\n\t<meta property=\"og:image:height\" content=\"479\" \/>\n\t<meta property=\"og:image:type\" content=\"image\/jpeg\" \/>\n<meta name=\"twitter:card\" content=\"summary_large_image\" \/>\n<meta name=\"twitter:label1\" content=\"Tiempo de lectura\" \/>\n\t<meta name=\"twitter:data1\" content=\"3 minutos\" \/>\n<script type=\"application\/ld+json\" class=\"yoast-schema-graph\">{\"@context\":\"https:\\\/\\\/schema.org\",\"@graph\":[{\"@type\":\"WebPage\",\"@id\":\"https:\\\/\\\/leite-europa.com\\\/es\\\/produit\\\/brh-husillo-hidraulico-lth380\\\/\",\"url\":\"https:\\\/\\\/leite-europa.com\\\/es\\\/produit\\\/brh-husillo-hidraulico-lth380\\\/\",\"name\":\"Martillo hidr\u00e1ulico BRH LTH380 - Leite Europe\",\"isPartOf\":{\"@id\":\"https:\\\/\\\/leite-europa.com\\\/es\\\/#website\"},\"primaryImageOfPage\":{\"@id\":\"https:\\\/\\\/leite-europa.com\\\/es\\\/produit\\\/brh-husillo-hidraulico-lth380\\\/#primaryimage\"},\"image\":{\"@id\":\"https:\\\/\\\/leite-europa.com\\\/es\\\/produit\\\/brh-husillo-hidraulico-lth380\\\/#primaryimage\"},\"thumbnailUrl\":\"https:\\\/\\\/leite-europa.com\\\/wp-content\\\/uploads\\\/2023\\\/07\\\/BRH.jpg\",\"datePublished\":\"2023-11-07T11:00:33+00:00\",\"dateModified\":\"2024-04-17T13:54:32+00:00\",\"description\":\"Convierta su minicargadora Leite LTH380 en una m\u00e1quina de demolici\u00f3n con nuestro BRH (rompedor de rocas hidr\u00e1ulico).\",\"breadcrumb\":{\"@id\":\"https:\\\/\\\/leite-europa.com\\\/es\\\/produit\\\/brh-husillo-hidraulico-lth380\\\/#breadcrumb\"},\"inLanguage\":\"es\",\"potentialAction\":[{\"@type\":\"ReadAction\",\"target\":[\"https:\\\/\\\/leite-europa.com\\\/es\\\/produit\\\/brh-husillo-hidraulico-lth380\\\/\"]}]},{\"@type\":\"ImageObject\",\"inLanguage\":\"es\",\"@id\":\"https:\\\/\\\/leite-europa.com\\\/es\\\/produit\\\/brh-husillo-hidraulico-lth380\\\/#primaryimage\",\"url\":\"https:\\\/\\\/leite-europa.com\\\/wp-content\\\/uploads\\\/2023\\\/07\\\/BRH.jpg\",\"contentUrl\":\"https:\\\/\\\/leite-europa.com\\\/wp-content\\\/uploads\\\/2023\\\/07\\\/BRH.jpg\",\"width\":429,\"height\":479,\"caption\":\"Martillo hidr\u00e1ulico BRH\"},{\"@type\":\"BreadcrumbList\",\"@id\":\"https:\\\/\\\/leite-europa.com\\\/es\\\/produit\\\/brh-husillo-hidraulico-lth380\\\/#breadcrumb\",\"itemListElement\":[{\"@type\":\"ListItem\",\"position\":1,\"name\":\"Accueil\",\"item\":\"https:\\\/\\\/leite-europa.com\\\/es\\\/inicio\\\/\"},{\"@type\":\"ListItem\",\"position\":2,\"name\":\"Tienda\",\"item\":\"https:\\\/\\\/leite-europa.com\\\/fr\\\/boutique\\\/\"},{\"@type\":\"ListItem\",\"position\":3,\"name\":\"Martillo hidr\u00e1ulico BRH LTH380\"}]},{\"@type\":\"WebSite\",\"@id\":\"https:\\\/\\\/leite-europa.com\\\/es\\\/#website\",\"url\":\"https:\\\/\\\/leite-europa.com\\\/es\\\/\",\"name\":\"Leite Europe\",\"description\":\"\",\"publisher\":{\"@id\":\"https:\\\/\\\/leite-europa.com\\\/es\\\/#organization\"},\"potentialAction\":[{\"@type\":\"SearchAction\",\"target\":{\"@type\":\"EntryPoint\",\"urlTemplate\":\"https:\\\/\\\/leite-europa.com\\\/es\\\/?s={search_term_string}\"},\"query-input\":{\"@type\":\"PropertyValueSpecification\",\"valueRequired\":true,\"valueName\":\"search_term_string\"}}],\"inLanguage\":\"es\"},{\"@type\":\"Organization\",\"@id\":\"https:\\\/\\\/leite-europa.com\\\/es\\\/#organization\",\"name\":\"Leite Europe\",\"url\":\"https:\\\/\\\/leite-europa.com\\\/es\\\/\",\"logo\":{\"@type\":\"ImageObject\",\"inLanguage\":\"es\",\"@id\":\"https:\\\/\\\/leite-europa.com\\\/es\\\/#\\\/schema\\\/logo\\\/image\\\/\",\"url\":\"https:\\\/\\\/leite-europa.com\\\/wp-content\\\/uploads\\\/2022\\\/12\\\/LOGO-LEITE.png\",\"contentUrl\":\"https:\\\/\\\/leite-europa.com\\\/wp-content\\\/uploads\\\/2022\\\/12\\\/LOGO-LEITE.png\",\"width\":1024,\"height\":512,\"caption\":\"Leite Europe\"},\"image\":{\"@id\":\"https:\\\/\\\/leite-europa.com\\\/es\\\/#\\\/schema\\\/logo\\\/image\\\/\"},\"sameAs\":[\"https:\\\/\\\/www.facebook.com\\\/profile.php?id=100089192656837\",\"https:\\\/\\\/www.instagram.com\\\/leite_france_minipelle\\\/\",\"https:\\\/\\\/www.linkedin.com\\\/company\\\/leite-france\\\/\"]}]}<\/script>\n<!-- \/ Yoast SEO plugin. -->","yoast_head_json":{"title":"Martillo hidr\u00e1ulico BRH LTH380 - Leite Europe","description":"Convierta su minicargadora Leite LTH380 en una m\u00e1quina de demolici\u00f3n con nuestro BRH (rompedor de rocas hidr\u00e1ulico).","robots":{"index":"index","follow":"follow","max-snippet":"max-snippet:-1","max-image-preview":"max-image-preview:large","max-video-preview":"max-video-preview:-1"},"canonical":"https:\/\/leite-europa.com\/es\/produit\/brh-husillo-hidraulico-lth380\/","og_locale":"es_ES","og_type":"article","og_title":"Martillo hidr\u00e1ulico BRH LTH380 - Leite Europe","og_description":"Convierta su minicargadora Leite LTH380 en una m\u00e1quina de demolici\u00f3n con nuestro BRH (rompedor de rocas hidr\u00e1ulico).","og_url":"https:\/\/leite-europa.com\/es\/produit\/brh-husillo-hidraulico-lth380\/","og_site_name":"Leite Europe","article_publisher":"https:\/\/www.facebook.com\/profile.php?id=100089192656837","article_modified_time":"2024-04-17T13:54:32+00:00","og_image":[{"width":429,"height":479,"url":"https:\/\/leite-europa.com\/wp-content\/uploads\/2023\/07\/BRH.jpg","type":"image\/jpeg"}],"twitter_card":"summary_large_image","twitter_misc":{"Tiempo de lectura":"3 minutos"},"schema":{"@context":"https:\/\/schema.org","@graph":[{"@type":"WebPage","@id":"https:\/\/leite-europa.com\/es\/produit\/brh-husillo-hidraulico-lth380\/","url":"https:\/\/leite-europa.com\/es\/produit\/brh-husillo-hidraulico-lth380\/","name":"Martillo hidr\u00e1ulico BRH LTH380 - Leite Europe","isPartOf":{"@id":"https:\/\/leite-europa.com\/es\/#website"},"primaryImageOfPage":{"@id":"https:\/\/leite-europa.com\/es\/produit\/brh-husillo-hidraulico-lth380\/#primaryimage"},"image":{"@id":"https:\/\/leite-europa.com\/es\/produit\/brh-husillo-hidraulico-lth380\/#primaryimage"},"thumbnailUrl":"https:\/\/leite-europa.com\/wp-content\/uploads\/2023\/07\/BRH.jpg","datePublished":"2023-11-07T11:00:33+00:00","dateModified":"2024-04-17T13:54:32+00:00","description":"Convierta su minicargadora Leite LTH380 en una m\u00e1quina de demolici\u00f3n con nuestro BRH (rompedor de rocas hidr\u00e1ulico).","breadcrumb":{"@id":"https:\/\/leite-europa.com\/es\/produit\/brh-husillo-hidraulico-lth380\/#breadcrumb"},"inLanguage":"es","potentialAction":[{"@type":"ReadAction","target":["https:\/\/leite-europa.com\/es\/produit\/brh-husillo-hidraulico-lth380\/"]}]},{"@type":"ImageObject","inLanguage":"es","@id":"https:\/\/leite-europa.com\/es\/produit\/brh-husillo-hidraulico-lth380\/#primaryimage","url":"https:\/\/leite-europa.com\/wp-content\/uploads\/2023\/07\/BRH.jpg","contentUrl":"https:\/\/leite-europa.com\/wp-content\/uploads\/2023\/07\/BRH.jpg","width":429,"height":479,"caption":"Martillo hidr\u00e1ulico BRH"},{"@type":"BreadcrumbList","@id":"https:\/\/leite-europa.com\/es\/produit\/brh-husillo-hidraulico-lth380\/#breadcrumb","itemListElement":[{"@type":"ListItem","position":1,"name":"Accueil","item":"https:\/\/leite-europa.com\/es\/inicio\/"},{"@type":"ListItem","position":2,"name":"Tienda","item":"https:\/\/leite-europa.com\/fr\/boutique\/"},{"@type":"ListItem","position":3,"name":"Martillo hidr\u00e1ulico BRH LTH380"}]},{"@type":"WebSite","@id":"https:\/\/leite-europa.com\/es\/#website","url":"https:\/\/leite-europa.com\/es\/","name":"Leite Europe","description":"","publisher":{"@id":"https:\/\/leite-europa.com\/es\/#organization"},"potentialAction":[{"@type":"SearchAction","target":{"@type":"EntryPoint","urlTemplate":"https:\/\/leite-europa.com\/es\/?s={search_term_string}"},"query-input":{"@type":"PropertyValueSpecification","valueRequired":true,"valueName":"search_term_string"}}],"inLanguage":"es"},{"@type":"Organization","@id":"https:\/\/leite-europa.com\/es\/#organization","name":"Leite Europe","url":"https:\/\/leite-europa.com\/es\/","logo":{"@type":"ImageObject","inLanguage":"es","@id":"https:\/\/leite-europa.com\/es\/#\/schema\/logo\/image\/","url":"https:\/\/leite-europa.com\/wp-content\/uploads\/2022\/12\/LOGO-LEITE.png","contentUrl":"https:\/\/leite-europa.com\/wp-content\/uploads\/2022\/12\/LOGO-LEITE.png","width":1024,"height":512,"caption":"Leite Europe"},"image":{"@id":"https:\/\/leite-europa.com\/es\/#\/schema\/logo\/image\/"},"sameAs":["https:\/\/www.facebook.com\/profile.php?id=100089192656837","https:\/\/www.instagram.com\/leite_france_minipelle\/","https:\/\/www.linkedin.com\/company\/leite-france\/"]}]}},"_links":{"self":[{"href":"https:\/\/leite-europa.com\/es\/wp-json\/wp\/v2\/product\/8220","targetHints":{"allow":["GET"]}}],"collection":[{"href":"https:\/\/leite-europa.com\/es\/wp-json\/wp\/v2\/product"}],"about":[{"href":"https:\/\/leite-europa.com\/es\/wp-json\/wp\/v2\/types\/product"}],"wp:featuredmedia":[{"embeddable":true,"href":"https:\/\/leite-europa.com\/es\/wp-json\/wp\/v2\/media\/4216"}],"wp:attachment":[{"href":"https:\/\/leite-europa.com\/es\/wp-json\/wp\/v2\/media?parent=8220"}],"wp:term":[{"taxonomy":"product_brand","embeddable":true,"href":"https:\/\/leite-europa.com\/es\/wp-json\/wp\/v2\/product_brand?post=8220"},{"taxonomy":"product_cat","embeddable":true,"href":"https:\/\/leite-europa.com\/es\/wp-json\/wp\/v2\/product_cat?post=8220"},{"taxonomy":"product_tag","embeddable":true,"href":"https:\/\/leite-europa.com\/es\/wp-json\/wp\/v2\/product_tag?post=8220"}],"curies":[{"name":"wp","href":"https:\/\/api.w.org\/{rel}","templated":true}]}}