{"id":8224,"date":"2023-11-07T11:57:01","date_gmt":"2023-11-07T10:57:01","guid":{"rendered":"https:\/\/leite-europa.com\/produit\/cepillo-giratorio-quitanieves\/"},"modified":"2024-04-17T15:54:56","modified_gmt":"2024-04-17T13:54:56","slug":"cepillo-rotativo-quitanieves","status":"publish","type":"product","link":"https:\/\/leite-europa.com\/es\/produit\/cepillo-rotativo-quitanieves\/","title":{"rendered":"Cepillo giratorio \/ Quitanieves"},"content":{"rendered":"<p>[et_pb_section fb_built=&#8221;1&#8243; _builder_version=&#8221;4.19.2&#8243; _module_preset=&#8221;default&#8221; background_color=&#8221;#FFFFFF&#8221; custom_padding=&#8221;||4px|||&#8221; global_colors_info=&#8221;{}&#8221; theme_builder_area=&#8221;post_content&#8221;][et_pb_row column_structure=&#8221;1_2,1_2&#8243; _builder_version=&#8221;4.19.2&#8243; _module_preset=&#8221;default&#8221; global_colors_info=&#8221;{}&#8221; theme_builder_area=&#8221;post_content&#8221;][et_pb_column type=&#8221;1_2&#8243; _builder_version=&#8221;4.19.2&#8243; _module_preset=&#8221;default&#8221; global_colors_info=&#8221;{}&#8221; theme_builder_area=&#8221;post_content&#8221;][et_pb_gallery gallery_ids=&#8221;2083&#8243; fullwidth=&#8221;on&#8221; _builder_version=&#8221;4.20.4&#8243; _module_preset=&#8221;default&#8221; global_colors_info=&#8221;{}&#8221; theme_builder_area=&#8221;post_content&#8221;][\/et_pb_gallery][\/et_pb_column][et_pb_column type=&#8221;1_2&#8243; _builder_version=&#8221;4.19.2&#8243; _module_preset=&#8221;default&#8221; global_colors_info=&#8221;{}&#8221; theme_builder_area=&#8221;post_content&#8221;][et_pb_text _builder_version=&#8221;4.20.4&#8243; _module_preset=&#8221;default&#8221; text_line_height=&#8221;2em&#8221; header_2_text_color=&#8221;#E75F0D&#8221; global_colors_info=&#8221;{}&#8221; theme_builder_area=&#8221;post_content&#8221;]<\/p>\n<h2>&#8220;Doma el invierno con la barredora de nieve Leite&#8221;.<\/h2>\n<p>[\/et_pb_text][et_pb_text _builder_version=&#8221;4.20.4&#8243; _module_preset=&#8221;default&#8221; text_orientation=&#8221;justified&#8221; global_colors_info=&#8221;{}&#8221; theme_builder_area=&#8221;post_content&#8221;]<\/p>\n<p>Descubra una nueva era de comodidad y eficacia con nuestra barredora de nieve, dise\u00f1ada espec\u00edficamente para las minicargadoras Leite LTH380. Esta innovadora herramienta, equipada con un rodillo de cepillo giratorio, convierte su cargadora en una potente m\u00e1quina de limpieza, capaz de hacer frente incluso a los montones de nieve y suciedad m\u00e1s resistentes.<\/p>\n<p>[\/et_pb_text][\/et_pb_column][\/et_pb_row][et_pb_row _builder_version=&#8221;4.20.4&#8243; _module_preset=&#8221;default&#8221; global_colors_info=&#8221;{}&#8221; theme_builder_area=&#8221;post_content&#8221;][et_pb_column type=&#8221;4_4&#8243; _builder_version=&#8221;4.20.4&#8243; _module_preset=&#8221;default&#8221; global_colors_info=&#8221;{}&#8221; theme_builder_area=&#8221;post_content&#8221;][et_pb_text _builder_version=&#8221;4.20.4&#8243; _module_preset=&#8221;default&#8221; global_colors_info=&#8221;{}&#8221; theme_builder_area=&#8221;post_content&#8221;]<\/p>\n<p><strong>Despeje r\u00e1pido y eficaz, sea cual sea la temporada<\/strong><\/p>\n<p>Gracias a su robusto cepillo de rodillo giratorio, la barredora de nieve Leite est\u00e1 preparada para afrontar cualquier reto, ya sea nieve o escombros en su camino. Su excepcional rendimiento le permite limpiar la nieve de forma r\u00e1pida y eficaz, sean cuales sean las condiciones meteorol\u00f3gicas.<\/p>\n<p><strong>Instalaci\u00f3n sin esfuerzo y funcionamiento sencillo<\/strong><\/p>\n<p>Nuestra barredora de nieve, dise\u00f1ada para encajar perfectamente con el minicargador Leite LTH380, es tan f\u00e1cil de instalar como de usar. Su manejo intuitivo y su extraordinaria maniobrabilidad convierten la limpieza de nieve y escombros en un juego de ni\u00f1os, sea cual sea su experiencia.<\/p>\n<p><strong>Durabilidad y seguridad ante todo<\/strong><\/p>\n<p>En Leite France, la sostenibilidad y la seguridad son nuestras prioridades. Por eso nuestra Barredora de Nieve ha sido dise\u00f1ada para ofrecer la m\u00e1xima resistencia, garantizando al mismo tiempo la seguridad del operador. Incluso en las condiciones invernales m\u00e1s duras, puede confiar en esta robusta herramienta para un servicio infalible.<\/p>\n<p><strong>Versatilidad a su servicio<\/strong><\/p>\n<p>Sea cual sea su profesi\u00f3n, nuestra barredora de nieve es la herramienta ideal para mantener sus carreteras despejadas. Tanto si est\u00e1 limpiando calles, aparcamientos o despejando v\u00edas de acceso, su versatilidad hace que su trabajo sea m\u00e1s f\u00e1cil y eficaz.<\/p>\n<p><strong>Facilite el invierno con la barredora de nieve Leite<\/strong><\/p>\n<p>Limpie la nieve y los escombros en un abrir y cerrar de ojos con la barredora de nieve Leite LTH380 para minicargadoras. No deje que el invierno frene su productividad: elija la soluci\u00f3n Leite.<\/p>\n<p>Si desea m\u00e1s informaci\u00f3n, p\u00f3ngase en contacto con nosotros. Nuestro equipo est\u00e1 preparado para ayudarle a sacar el m\u00e1ximo partido de su minicargadora con nuestra barredora de nieve.<\/p>\n<p>[\/et_pb_text][\/et_pb_column][\/et_pb_row][\/et_pb_section][et_pb_section fb_built=&#8221;1&#8243; _builder_version=&#8221;4.20.4&#8243; _module_preset=&#8221;default&#8221; background_color=&#8221;RGBA(255,255,255,0)&#8221; global_colors_info=&#8221;{}&#8221; theme_builder_area=&#8221;post_content&#8221;][et_pb_row column_structure=&#8221;1_2,1_2&#8243; _builder_version=&#8221;4.20.4&#8243; _module_preset=&#8221;default&#8221; global_colors_info=&#8221;{}&#8221; theme_builder_area=&#8221;post_content&#8221;][et_pb_column type=&#8221;1_2&#8243; _builder_version=&#8221;4.20.4&#8243; _module_preset=&#8221;default&#8221; global_colors_info=&#8221;{}&#8221; theme_builder_area=&#8221;post_content&#8221;][et_pb_image src=&#8221;https:\/\/leite-france.fr\/wp-content\/uploads\/2023\/07\/8.jpg&#8221; alt=&#8221;Cepillo giratorio&#8221; title_text=&#8221;Cepillo giratorio&#8221; _builder_version=&#8221;4.20.4&#8243; _module_preset=&#8221;default&#8221; global_colors_info=&#8221;{}&#8221; theme_builder_area=&#8221;post_content&#8221;][\/et_pb_image][\/et_pb_column][et_pb_column type=&#8221;1_2&#8243; _builder_version=&#8221;4.20.4&#8243; _module_preset=&#8221;default&#8221; global_colors_info=&#8221;{}&#8221; theme_builder_area=&#8221;post_content&#8221;][et_pb_image src=&#8221;https:\/\/leite-france.fr\/wp-content\/uploads\/2023\/07\/7.jpg&#8221; alt=&#8221;Cepillo giratorio&#8221; title_text=&#8221;Cepillo giratorio&#8221; _builder_version=&#8221;4.20.4&#8243; _module_preset=&#8221;default&#8221; global_colors_info=&#8221;{}&#8221; theme_builder_area=&#8221;post_content&#8221;][\/et_pb_image][\/et_pb_column][\/et_pb_row][\/et_pb_section]<\/p>\n","protected":false},"excerpt":{"rendered":"<p>&#8220;Doma el invierno con la barredora de nieve Leite&#8221;.Descubra una nueva era de comodidad y eficacia con nuestra barredora de nieve, dise\u00f1ada espec\u00edficamente para las minicargadoras Leite LTH380. Esta innovadora herramienta, equipada con un rodillo de cepillo giratorio, convierte su cargadora en una potente m\u00e1quina de limpieza, capaz de hacer frente incluso a los montones [&hellip;]<\/p>\n","protected":false},"featured_media":4272,"template":"","meta":{"_et_pb_use_builder":"on","_et_pb_old_content":"","_et_gb_content_width":""},"product_brand":[],"product_cat":[308,198],"product_tag":[],"class_list":{"0":"post-8224","1":"product","2":"type-product","3":"status-publish","4":"has-post-thumbnail","6":"product_cat-accesorios-minicargador-lth380","7":"product_cat-accesorios-para-minicargadores","9":"first","10":"instock","11":"taxable","12":"shipping-taxable","13":"purchasable","14":"product-type-simple"},"yoast_head":"<!-- This site is optimized with the Yoast SEO plugin v27.3 - https:\/\/yoast.com\/product\/yoast-seo-wordpress\/ -->\n<title>Cepillo giratorio \/ Quitanieves - Leite Europe<\/title>\n<meta name=\"description\" content=\"Descubra una nueva era de comodidad y eficacia con nuestra barredora de nieve, dise\u00f1ada espec\u00edficamente para las minicargadoras Leite LTH380.\" \/>\n<meta name=\"robots\" content=\"index, follow, max-snippet:-1, max-image-preview:large, max-video-preview:-1\" \/>\n<link rel=\"canonical\" href=\"https:\/\/leite-europa.com\/es\/produit\/cepillo-rotativo-quitanieves\/\" \/>\n<meta property=\"og:locale\" content=\"es_ES\" \/>\n<meta property=\"og:type\" content=\"article\" \/>\n<meta property=\"og:title\" content=\"Cepillo giratorio \/ Quitanieves - Leite Europe\" \/>\n<meta property=\"og:description\" content=\"Descubra una nueva era de comodidad y eficacia con nuestra barredora de nieve, dise\u00f1ada espec\u00edficamente para las minicargadoras Leite LTH380.\" \/>\n<meta property=\"og:url\" content=\"https:\/\/leite-europa.com\/es\/produit\/cepillo-rotativo-quitanieves\/\" \/>\n<meta property=\"og:site_name\" content=\"Leite Europe\" \/>\n<meta property=\"article:publisher\" content=\"https:\/\/www.facebook.com\/profile.php?id=100089192656837\" \/>\n<meta property=\"article:modified_time\" content=\"2024-04-17T13:54:56+00:00\" \/>\n<meta property=\"og:image\" content=\"https:\/\/leite-europa.com\/wp-content\/uploads\/2023\/07\/Photo-articles-site-web-leite.jpg\" \/>\n\t<meta property=\"og:image:width\" content=\"1920\" \/>\n\t<meta property=\"og:image:height\" content=\"1357\" \/>\n\t<meta property=\"og:image:type\" content=\"image\/jpeg\" \/>\n<meta name=\"twitter:card\" content=\"summary_large_image\" \/>\n<meta name=\"twitter:label1\" content=\"Tiempo de lectura\" \/>\n\t<meta name=\"twitter:data1\" content=\"4 minutos\" \/>\n<script type=\"application\/ld+json\" class=\"yoast-schema-graph\">{\"@context\":\"https:\\\/\\\/schema.org\",\"@graph\":[{\"@type\":\"WebPage\",\"@id\":\"https:\\\/\\\/leite-europa.com\\\/es\\\/produit\\\/cepillo-rotativo-quitanieves\\\/\",\"url\":\"https:\\\/\\\/leite-europa.com\\\/es\\\/produit\\\/cepillo-rotativo-quitanieves\\\/\",\"name\":\"Cepillo giratorio \\\/ Quitanieves - Leite Europe\",\"isPartOf\":{\"@id\":\"https:\\\/\\\/leite-europa.com\\\/es\\\/#website\"},\"primaryImageOfPage\":{\"@id\":\"https:\\\/\\\/leite-europa.com\\\/es\\\/produit\\\/cepillo-rotativo-quitanieves\\\/#primaryimage\"},\"image\":{\"@id\":\"https:\\\/\\\/leite-europa.com\\\/es\\\/produit\\\/cepillo-rotativo-quitanieves\\\/#primaryimage\"},\"thumbnailUrl\":\"https:\\\/\\\/leite-europa.com\\\/wp-content\\\/uploads\\\/2023\\\/07\\\/Photo-articles-site-web-leite.jpg\",\"datePublished\":\"2023-11-07T10:57:01+00:00\",\"dateModified\":\"2024-04-17T13:54:56+00:00\",\"description\":\"Descubra una nueva era de comodidad y eficacia con nuestra barredora de nieve, dise\u00f1ada espec\u00edficamente para las minicargadoras Leite LTH380.\",\"breadcrumb\":{\"@id\":\"https:\\\/\\\/leite-europa.com\\\/es\\\/produit\\\/cepillo-rotativo-quitanieves\\\/#breadcrumb\"},\"inLanguage\":\"es\",\"potentialAction\":[{\"@type\":\"ReadAction\",\"target\":[\"https:\\\/\\\/leite-europa.com\\\/es\\\/produit\\\/cepillo-rotativo-quitanieves\\\/\"]}]},{\"@type\":\"ImageObject\",\"inLanguage\":\"es\",\"@id\":\"https:\\\/\\\/leite-europa.com\\\/es\\\/produit\\\/cepillo-rotativo-quitanieves\\\/#primaryimage\",\"url\":\"https:\\\/\\\/leite-europa.com\\\/wp-content\\\/uploads\\\/2023\\\/07\\\/Photo-articles-site-web-leite.jpg\",\"contentUrl\":\"https:\\\/\\\/leite-europa.com\\\/wp-content\\\/uploads\\\/2023\\\/07\\\/Photo-articles-site-web-leite.jpg\",\"width\":1920,\"height\":1357,\"caption\":\"Cepillo giratorio\"},{\"@type\":\"BreadcrumbList\",\"@id\":\"https:\\\/\\\/leite-europa.com\\\/es\\\/produit\\\/cepillo-rotativo-quitanieves\\\/#breadcrumb\",\"itemListElement\":[{\"@type\":\"ListItem\",\"position\":1,\"name\":\"Accueil\",\"item\":\"https:\\\/\\\/leite-europa.com\\\/es\\\/inicio\\\/\"},{\"@type\":\"ListItem\",\"position\":2,\"name\":\"Tienda\",\"item\":\"https:\\\/\\\/leite-europa.com\\\/fr\\\/boutique\\\/\"},{\"@type\":\"ListItem\",\"position\":3,\"name\":\"Cepillo giratorio \\\/ Quitanieves\"}]},{\"@type\":\"WebSite\",\"@id\":\"https:\\\/\\\/leite-europa.com\\\/es\\\/#website\",\"url\":\"https:\\\/\\\/leite-europa.com\\\/es\\\/\",\"name\":\"Leite Europe\",\"description\":\"\",\"publisher\":{\"@id\":\"https:\\\/\\\/leite-europa.com\\\/es\\\/#organization\"},\"potentialAction\":[{\"@type\":\"SearchAction\",\"target\":{\"@type\":\"EntryPoint\",\"urlTemplate\":\"https:\\\/\\\/leite-europa.com\\\/es\\\/?s={search_term_string}\"},\"query-input\":{\"@type\":\"PropertyValueSpecification\",\"valueRequired\":true,\"valueName\":\"search_term_string\"}}],\"inLanguage\":\"es\"},{\"@type\":\"Organization\",\"@id\":\"https:\\\/\\\/leite-europa.com\\\/es\\\/#organization\",\"name\":\"Leite Europe\",\"url\":\"https:\\\/\\\/leite-europa.com\\\/es\\\/\",\"logo\":{\"@type\":\"ImageObject\",\"inLanguage\":\"es\",\"@id\":\"https:\\\/\\\/leite-europa.com\\\/es\\\/#\\\/schema\\\/logo\\\/image\\\/\",\"url\":\"https:\\\/\\\/leite-europa.com\\\/wp-content\\\/uploads\\\/2022\\\/12\\\/LOGO-LEITE.png\",\"contentUrl\":\"https:\\\/\\\/leite-europa.com\\\/wp-content\\\/uploads\\\/2022\\\/12\\\/LOGO-LEITE.png\",\"width\":1024,\"height\":512,\"caption\":\"Leite Europe\"},\"image\":{\"@id\":\"https:\\\/\\\/leite-europa.com\\\/es\\\/#\\\/schema\\\/logo\\\/image\\\/\"},\"sameAs\":[\"https:\\\/\\\/www.facebook.com\\\/profile.php?id=100089192656837\",\"https:\\\/\\\/www.instagram.com\\\/leite_france_minipelle\\\/\",\"https:\\\/\\\/www.linkedin.com\\\/company\\\/leite-france\\\/\"]}]}<\/script>\n<!-- \/ Yoast SEO plugin. -->","yoast_head_json":{"title":"Cepillo giratorio \/ Quitanieves - Leite Europe","description":"Descubra una nueva era de comodidad y eficacia con nuestra barredora de nieve, dise\u00f1ada espec\u00edficamente para las minicargadoras Leite LTH380.","robots":{"index":"index","follow":"follow","max-snippet":"max-snippet:-1","max-image-preview":"max-image-preview:large","max-video-preview":"max-video-preview:-1"},"canonical":"https:\/\/leite-europa.com\/es\/produit\/cepillo-rotativo-quitanieves\/","og_locale":"es_ES","og_type":"article","og_title":"Cepillo giratorio \/ Quitanieves - Leite Europe","og_description":"Descubra una nueva era de comodidad y eficacia con nuestra barredora de nieve, dise\u00f1ada espec\u00edficamente para las minicargadoras Leite LTH380.","og_url":"https:\/\/leite-europa.com\/es\/produit\/cepillo-rotativo-quitanieves\/","og_site_name":"Leite Europe","article_publisher":"https:\/\/www.facebook.com\/profile.php?id=100089192656837","article_modified_time":"2024-04-17T13:54:56+00:00","og_image":[{"width":1920,"height":1357,"url":"https:\/\/leite-europa.com\/wp-content\/uploads\/2023\/07\/Photo-articles-site-web-leite.jpg","type":"image\/jpeg"}],"twitter_card":"summary_large_image","twitter_misc":{"Tiempo de lectura":"4 minutos"},"schema":{"@context":"https:\/\/schema.org","@graph":[{"@type":"WebPage","@id":"https:\/\/leite-europa.com\/es\/produit\/cepillo-rotativo-quitanieves\/","url":"https:\/\/leite-europa.com\/es\/produit\/cepillo-rotativo-quitanieves\/","name":"Cepillo giratorio \/ Quitanieves - Leite Europe","isPartOf":{"@id":"https:\/\/leite-europa.com\/es\/#website"},"primaryImageOfPage":{"@id":"https:\/\/leite-europa.com\/es\/produit\/cepillo-rotativo-quitanieves\/#primaryimage"},"image":{"@id":"https:\/\/leite-europa.com\/es\/produit\/cepillo-rotativo-quitanieves\/#primaryimage"},"thumbnailUrl":"https:\/\/leite-europa.com\/wp-content\/uploads\/2023\/07\/Photo-articles-site-web-leite.jpg","datePublished":"2023-11-07T10:57:01+00:00","dateModified":"2024-04-17T13:54:56+00:00","description":"Descubra una nueva era de comodidad y eficacia con nuestra barredora de nieve, dise\u00f1ada espec\u00edficamente para las minicargadoras Leite LTH380.","breadcrumb":{"@id":"https:\/\/leite-europa.com\/es\/produit\/cepillo-rotativo-quitanieves\/#breadcrumb"},"inLanguage":"es","potentialAction":[{"@type":"ReadAction","target":["https:\/\/leite-europa.com\/es\/produit\/cepillo-rotativo-quitanieves\/"]}]},{"@type":"ImageObject","inLanguage":"es","@id":"https:\/\/leite-europa.com\/es\/produit\/cepillo-rotativo-quitanieves\/#primaryimage","url":"https:\/\/leite-europa.com\/wp-content\/uploads\/2023\/07\/Photo-articles-site-web-leite.jpg","contentUrl":"https:\/\/leite-europa.com\/wp-content\/uploads\/2023\/07\/Photo-articles-site-web-leite.jpg","width":1920,"height":1357,"caption":"Cepillo giratorio"},{"@type":"BreadcrumbList","@id":"https:\/\/leite-europa.com\/es\/produit\/cepillo-rotativo-quitanieves\/#breadcrumb","itemListElement":[{"@type":"ListItem","position":1,"name":"Accueil","item":"https:\/\/leite-europa.com\/es\/inicio\/"},{"@type":"ListItem","position":2,"name":"Tienda","item":"https:\/\/leite-europa.com\/fr\/boutique\/"},{"@type":"ListItem","position":3,"name":"Cepillo giratorio \/ Quitanieves"}]},{"@type":"WebSite","@id":"https:\/\/leite-europa.com\/es\/#website","url":"https:\/\/leite-europa.com\/es\/","name":"Leite Europe","description":"","publisher":{"@id":"https:\/\/leite-europa.com\/es\/#organization"},"potentialAction":[{"@type":"SearchAction","target":{"@type":"EntryPoint","urlTemplate":"https:\/\/leite-europa.com\/es\/?s={search_term_string}"},"query-input":{"@type":"PropertyValueSpecification","valueRequired":true,"valueName":"search_term_string"}}],"inLanguage":"es"},{"@type":"Organization","@id":"https:\/\/leite-europa.com\/es\/#organization","name":"Leite Europe","url":"https:\/\/leite-europa.com\/es\/","logo":{"@type":"ImageObject","inLanguage":"es","@id":"https:\/\/leite-europa.com\/es\/#\/schema\/logo\/image\/","url":"https:\/\/leite-europa.com\/wp-content\/uploads\/2022\/12\/LOGO-LEITE.png","contentUrl":"https:\/\/leite-europa.com\/wp-content\/uploads\/2022\/12\/LOGO-LEITE.png","width":1024,"height":512,"caption":"Leite Europe"},"image":{"@id":"https:\/\/leite-europa.com\/es\/#\/schema\/logo\/image\/"},"sameAs":["https:\/\/www.facebook.com\/profile.php?id=100089192656837","https:\/\/www.instagram.com\/leite_france_minipelle\/","https:\/\/www.linkedin.com\/company\/leite-france\/"]}]}},"_links":{"self":[{"href":"https:\/\/leite-europa.com\/es\/wp-json\/wp\/v2\/product\/8224","targetHints":{"allow":["GET"]}}],"collection":[{"href":"https:\/\/leite-europa.com\/es\/wp-json\/wp\/v2\/product"}],"about":[{"href":"https:\/\/leite-europa.com\/es\/wp-json\/wp\/v2\/types\/product"}],"wp:featuredmedia":[{"embeddable":true,"href":"https:\/\/leite-europa.com\/es\/wp-json\/wp\/v2\/media\/4272"}],"wp:attachment":[{"href":"https:\/\/leite-europa.com\/es\/wp-json\/wp\/v2\/media?parent=8224"}],"wp:term":[{"taxonomy":"product_brand","embeddable":true,"href":"https:\/\/leite-europa.com\/es\/wp-json\/wp\/v2\/product_brand?post=8224"},{"taxonomy":"product_cat","embeddable":true,"href":"https:\/\/leite-europa.com\/es\/wp-json\/wp\/v2\/product_cat?post=8224"},{"taxonomy":"product_tag","embeddable":true,"href":"https:\/\/leite-europa.com\/es\/wp-json\/wp\/v2\/product_tag?post=8224"}],"curies":[{"name":"wp","href":"https:\/\/api.w.org\/{rel}","templated":true}]}}