{"id":8241,"date":"2023-11-07T14:17:29","date_gmt":"2023-11-07T13:17:29","guid":{"rendered":"https:\/\/leite-europa.com\/produit\/rodillo-compresor-con-punta\/"},"modified":"2024-10-23T14:15:44","modified_gmt":"2024-10-23T12:15:44","slug":"punto-rodillo-compresor","status":"publish","type":"product","link":"https:\/\/leite-europa.com\/es\/produit\/punto-rodillo-compresor\/","title":{"rendered":"Compresor giratorio con puntas"},"content":{"rendered":"<p>[et_pb_section fb_built=&#8221;1&#8243; _builder_version=&#8221;4.19.2&#8243; _module_preset=&#8221;default&#8221; background_color=&#8221;#FFFFFF&#8221; custom_padding=&#8221;||4px|||&#8221; global_colors_info=&#8221;{}&#8221; theme_builder_area=&#8221;post_content&#8221;][et_pb_row column_structure=&#8221;1_2,1_2&#8243; _builder_version=&#8221;4.19.2&#8243; _module_preset=&#8221;default&#8221; global_colors_info=&#8221;{}&#8221; theme_builder_area=&#8221;post_content&#8221;][et_pb_column type=&#8221;1_2&#8243; _builder_version=&#8221;4.19.2&#8243; _module_preset=&#8221;default&#8221; global_colors_info=&#8221;{}&#8221; theme_builder_area=&#8221;post_content&#8221;][et_pb_gallery gallery_ids=&#8221;2181&#8243; fullwidth=&#8221;on&#8221; _builder_version=&#8221;4.20.4&#8243; _module_preset=&#8221;default&#8221; global_colors_info=&#8221;{}&#8221; theme_builder_area=&#8221;post_content&#8221;][\/et_pb_gallery][\/et_pb_column][et_pb_column type=&#8221;1_2&#8243; _builder_version=&#8221;4.19.2&#8243; _module_preset=&#8221;default&#8221; global_colors_info=&#8221;{}&#8221; theme_builder_area=&#8221;post_content&#8221;][et_pb_text _builder_version=&#8221;4.27.0&#8243; _module_preset=&#8221;default&#8221; text_line_height=&#8221;2em&#8221; header_2_text_color=&#8221;#E75F0D&#8221; hover_enabled=&#8221;0&#8243; global_colors_info=&#8221;{}&#8221; theme_builder_area=&#8221;post_content&#8221; sticky_enabled=&#8221;0&#8243;]<\/p>\n<h2>Mejore su c\u00e9sped y su terreno con precisi\u00f3n y eficacia<\/h2>\n<p>[\/et_pb_text][et_pb_text _builder_version=&#8221;4.20.4&#8243; _module_preset=&#8221;default&#8221; text_orientation=&#8221;justified&#8221; global_colors_info=&#8221;{}&#8221; theme_builder_area=&#8221;post_content&#8221;]<\/p>\n<p>Optimice las capacidades de su minicargadora Leite LTH380 con nuestro rodillo compresor de p\u00faas, una herramienta dise\u00f1ada para perfeccionar y facilitar sus trabajos de compactaci\u00f3n y aireaci\u00f3n del suelo. Con su doble funcionalidad, este accesorio robusto y vers\u00e1til es su baza para un trabajo de calidad en su c\u00e9sped.<\/p>\n<p>[\/et_pb_text][\/et_pb_column][\/et_pb_row][et_pb_row _builder_version=&#8221;4.20.4&#8243; _module_preset=&#8221;default&#8221; global_colors_info=&#8221;{}&#8221; theme_builder_area=&#8221;post_content&#8221;][et_pb_column type=&#8221;4_4&#8243; _builder_version=&#8221;4.20.4&#8243; _module_preset=&#8221;default&#8221; global_colors_info=&#8221;{}&#8221; theme_builder_area=&#8221;post_content&#8221;][et_pb_text _builder_version=&#8221;4.27.0&#8243; _module_preset=&#8221;default&#8221; hover_enabled=&#8221;0&#8243; global_colors_info=&#8221;{}&#8221; theme_builder_area=&#8221;post_content&#8221; sticky_enabled=&#8221;0&#8243;]<\/p>\n<p><strong>Caracter\u00edsticas :<\/strong><\/p>\n<ul>\n<li><span style=\"font-size: 14px;\"><strong>Compatibilidad:<\/strong> Perfectamente adaptable a su minicargadora Leite LTH380, el <strong>compresor giratorio<\/strong> transforma su m\u00e1quina en una herramienta multifuncional, capaz de satisfacer eficazmente sus necesidades de compactaci\u00f3n y aireaci\u00f3n del suelo. <\/span><\/li>\n<li><span style=\"font-size: 14px;\"><strong>Rendimiento:<\/strong> Gracias a su capacidad para compactar a la vez que airea, este compresor proporciona una preparaci\u00f3n uniforme y eficaz del suelo, facilitando el desarrollo \u00f3ptimo de c\u00e9spedes y cultivos. <\/span><\/li>\n<li><span style=\"font-size: 14px;\"><strong>Durabilidad:<\/strong> Fabricado con materiales de alta resistencia, nuestro compresor giratorio est\u00e1 dise\u00f1ado para soportar las condiciones de trabajo m\u00e1s duras, garantizando una inversi\u00f3n duradera. <\/span><\/li>\n<\/ul>\n<p><strong><span style=\"font-size: 14px;\">Las ventajas de nuestro compresor giratorio: <\/span><\/strong><\/p>\n<ul>\n<li><span style=\"font-size: 14px;\"><strong>Mejora de la calidad del suelo:<\/strong> Al perforar el suelo mientras lo compacta, nuestro <strong>compresor giratorio<\/strong> facilita la circulaci\u00f3n de aire, agua y nutrientes, favoreciendo la vitalidad de sus c\u00e9spedes y plantaciones. <\/span><\/li>\n<li><span style=\"font-size: 14px;\"><strong>Eficacia:<\/strong> Al combinar la compactaci\u00f3n y la aireaci\u00f3n en una sola operaci\u00f3n, optimizar\u00e1 su tiempo y esfuerzo, aumentando su productividad. <\/span><\/li>\n<li><span style=\"font-size: 14px;\"><strong>Ahorro de costes:<\/strong> El c<strong>ompresor giratorio<\/strong> maximiza el uso de su minicargadora Leite LTH380, evitando la necesidad de adquirir costosos equipos especializados. <\/span><\/li>\n<\/ul>\n<p><strong><span style=\"font-size: 14px;\">Conclusi\u00f3n: <\/span><\/strong><\/p>\n<p><span style=\"font-size: 14px;\">Realice sus trabajos de preparaci\u00f3n del suelo con una eficacia y precisi\u00f3n inigualables gracias a nuestro<strong> compresor giratorio<\/strong> para la minicargadora Leite LTH380. Su acci\u00f3n combinada de compactaci\u00f3n y aireaci\u00f3n prepara su terreno de forma ideal para cualquier proyecto, al tiempo que favorece la salud de su c\u00e9sped. Invierta en nuestro <strong>compresor giratorio<\/strong> y disfrute de resultados excepcionales cada vez que lo utilice.<\/span><\/p>\n<p>&nbsp;<\/p>\n<p>[\/et_pb_text][\/et_pb_column][\/et_pb_row][\/et_pb_section][et_pb_section fb_built=&#8221;1&#8243; _builder_version=&#8221;4.20.4&#8243; _module_preset=&#8221;default&#8221; global_colors_info=&#8221;{}&#8221; theme_builder_area=&#8221;post_content&#8221;][et_pb_row column_structure=&#8221;1_2,1_2&#8243; _builder_version=&#8221;4.20.4&#8243; _module_preset=&#8221;default&#8221; global_colors_info=&#8221;{}&#8221; theme_builder_area=&#8221;post_content&#8221;][et_pb_column type=&#8221;1_2&#8243; _builder_version=&#8221;4.20.4&#8243; _module_preset=&#8221;default&#8221; global_colors_info=&#8221;{}&#8221; theme_builder_area=&#8221;post_content&#8221;][et_pb_image src=&#8221;https:\/\/leite-france.fr\/wp-content\/uploads\/2023\/08\/0Q8A9372-1.jpg&#8221; alt=&#8221;Rodillo compresor con punta&#8221; title_text=&#8221;Rodillo compresor con punta&#8221; _builder_version=&#8221;4.20.4&#8243; _module_preset=&#8221;default&#8221; global_colors_info=&#8221;{}&#8221; theme_builder_area=&#8221;post_content&#8221;][\/et_pb_image][\/et_pb_column][et_pb_column type=&#8221;1_2&#8243; _builder_version=&#8221;4.20.4&#8243; _module_preset=&#8221;default&#8221; global_colors_info=&#8221;{}&#8221; theme_builder_area=&#8221;post_content&#8221;][et_pb_image src=&#8221;https:\/\/leite-france.fr\/wp-content\/uploads\/2023\/08\/0Q8A9353.jpg&#8221; alt=&#8221;Rodillo compresor con punta&#8221; title_text=&#8221;Rodillo compresor con punta&#8221; _builder_version=&#8221;4.20.4&#8243; _module_preset=&#8221;default&#8221; global_colors_info=&#8221;{}&#8221; theme_builder_area=&#8221;post_content&#8221;][\/et_pb_image][\/et_pb_column][\/et_pb_row][\/et_pb_section]<\/p>\n","protected":false},"excerpt":{"rendered":"<p>Mejore su c\u00e9sped y su terreno con precisi\u00f3n y eficaciaOptimice las capacidades de su minicargadora Leite LTH380 con nuestro rodillo compresor de p\u00faas, una herramienta dise\u00f1ada para perfeccionar y facilitar sus trabajos de compactaci\u00f3n y aireaci\u00f3n del suelo. Con su doble funcionalidad, este accesorio robusto y vers\u00e1til es su baza para un trabajo de calidad [&hellip;]<\/p>\n","protected":false},"featured_media":4364,"template":"","meta":{"_et_pb_use_builder":"on","_et_pb_old_content":"","_et_gb_content_width":""},"product_brand":[],"product_cat":[308,198],"product_tag":[],"class_list":{"0":"post-8241","1":"product","2":"type-product","3":"status-publish","4":"has-post-thumbnail","6":"product_cat-accesorios-minicargador-lth380","7":"product_cat-accesorios-para-minicargadores","9":"first","10":"instock","11":"taxable","12":"shipping-taxable","13":"purchasable","14":"product-type-simple"},"yoast_head":"<!-- This site is optimized with the Yoast SEO plugin v27.4 - https:\/\/yoast.com\/product\/yoast-seo-wordpress\/ -->\n<title>Compresor giratorio con puntas - Leite Europe<\/title>\n<meta name=\"description\" content=\"Nuestro rodillo compresor de p\u00faas es un accesorio dise\u00f1ado para perfeccionar y facilitar sus trabajos de compactaci\u00f3n y aireaci\u00f3n del suelo.\" \/>\n<meta name=\"robots\" content=\"index, follow, max-snippet:-1, max-image-preview:large, max-video-preview:-1\" \/>\n<link rel=\"canonical\" href=\"https:\/\/leite-europa.com\/es\/produit\/punto-rodillo-compresor\/\" \/>\n<meta property=\"og:locale\" content=\"es_ES\" \/>\n<meta property=\"og:type\" content=\"article\" \/>\n<meta property=\"og:title\" content=\"Compresor giratorio con puntas - Leite Europe\" \/>\n<meta property=\"og:description\" content=\"Nuestro rodillo compresor de p\u00faas es un accesorio dise\u00f1ado para perfeccionar y facilitar sus trabajos de compactaci\u00f3n y aireaci\u00f3n del suelo.\" \/>\n<meta property=\"og:url\" content=\"https:\/\/leite-europa.com\/es\/produit\/punto-rodillo-compresor\/\" \/>\n<meta property=\"og:site_name\" content=\"Leite Europe\" \/>\n<meta property=\"article:publisher\" content=\"https:\/\/www.facebook.com\/profile.php?id=100089192656837\" \/>\n<meta property=\"article:modified_time\" content=\"2024-10-23T12:15:44+00:00\" \/>\n<meta property=\"og:image\" content=\"https:\/\/leite-europa.com\/wp-content\/uploads\/2023\/08\/0Q8A9357.jpg\" \/>\n\t<meta property=\"og:image:width\" content=\"1920\" \/>\n\t<meta property=\"og:image:height\" content=\"1440\" \/>\n\t<meta property=\"og:image:type\" content=\"image\/jpeg\" \/>\n<meta name=\"twitter:card\" content=\"summary_large_image\" \/>\n<meta name=\"twitter:label1\" content=\"Tiempo de lectura\" \/>\n\t<meta name=\"twitter:data1\" content=\"4 minutos\" \/>\n<script type=\"application\/ld+json\" class=\"yoast-schema-graph\">{\"@context\":\"https:\\\/\\\/schema.org\",\"@graph\":[{\"@type\":\"WebPage\",\"@id\":\"https:\\\/\\\/leite-europa.com\\\/es\\\/produit\\\/punto-rodillo-compresor\\\/\",\"url\":\"https:\\\/\\\/leite-europa.com\\\/es\\\/produit\\\/punto-rodillo-compresor\\\/\",\"name\":\"Compresor giratorio con puntas - Leite Europe\",\"isPartOf\":{\"@id\":\"https:\\\/\\\/leite-europa.com\\\/es\\\/#website\"},\"primaryImageOfPage\":{\"@id\":\"https:\\\/\\\/leite-europa.com\\\/es\\\/produit\\\/punto-rodillo-compresor\\\/#primaryimage\"},\"image\":{\"@id\":\"https:\\\/\\\/leite-europa.com\\\/es\\\/produit\\\/punto-rodillo-compresor\\\/#primaryimage\"},\"thumbnailUrl\":\"https:\\\/\\\/leite-europa.com\\\/wp-content\\\/uploads\\\/2023\\\/08\\\/0Q8A9357.jpg\",\"datePublished\":\"2023-11-07T13:17:29+00:00\",\"dateModified\":\"2024-10-23T12:15:44+00:00\",\"description\":\"Nuestro rodillo compresor de p\u00faas es un accesorio dise\u00f1ado para perfeccionar y facilitar sus trabajos de compactaci\u00f3n y aireaci\u00f3n del suelo.\",\"breadcrumb\":{\"@id\":\"https:\\\/\\\/leite-europa.com\\\/es\\\/produit\\\/punto-rodillo-compresor\\\/#breadcrumb\"},\"inLanguage\":\"es\",\"potentialAction\":[{\"@type\":\"ReadAction\",\"target\":[\"https:\\\/\\\/leite-europa.com\\\/es\\\/produit\\\/punto-rodillo-compresor\\\/\"]}]},{\"@type\":\"ImageObject\",\"inLanguage\":\"es\",\"@id\":\"https:\\\/\\\/leite-europa.com\\\/es\\\/produit\\\/punto-rodillo-compresor\\\/#primaryimage\",\"url\":\"https:\\\/\\\/leite-europa.com\\\/wp-content\\\/uploads\\\/2023\\\/08\\\/0Q8A9357.jpg\",\"contentUrl\":\"https:\\\/\\\/leite-europa.com\\\/wp-content\\\/uploads\\\/2023\\\/08\\\/0Q8A9357.jpg\",\"width\":1920,\"height\":1440,\"caption\":\"Rodillo compresor con punta\"},{\"@type\":\"BreadcrumbList\",\"@id\":\"https:\\\/\\\/leite-europa.com\\\/es\\\/produit\\\/punto-rodillo-compresor\\\/#breadcrumb\",\"itemListElement\":[{\"@type\":\"ListItem\",\"position\":1,\"name\":\"Accueil\",\"item\":\"https:\\\/\\\/leite-europa.com\\\/es\\\/inicio\\\/\"},{\"@type\":\"ListItem\",\"position\":2,\"name\":\"Tienda\",\"item\":\"https:\\\/\\\/leite-europa.com\\\/fr\\\/boutique\\\/\"},{\"@type\":\"ListItem\",\"position\":3,\"name\":\"Compresor giratorio con puntas\"}]},{\"@type\":\"WebSite\",\"@id\":\"https:\\\/\\\/leite-europa.com\\\/es\\\/#website\",\"url\":\"https:\\\/\\\/leite-europa.com\\\/es\\\/\",\"name\":\"Leite Europe\",\"description\":\"\",\"publisher\":{\"@id\":\"https:\\\/\\\/leite-europa.com\\\/es\\\/#organization\"},\"potentialAction\":[{\"@type\":\"SearchAction\",\"target\":{\"@type\":\"EntryPoint\",\"urlTemplate\":\"https:\\\/\\\/leite-europa.com\\\/es\\\/?s={search_term_string}\"},\"query-input\":{\"@type\":\"PropertyValueSpecification\",\"valueRequired\":true,\"valueName\":\"search_term_string\"}}],\"inLanguage\":\"es\"},{\"@type\":\"Organization\",\"@id\":\"https:\\\/\\\/leite-europa.com\\\/es\\\/#organization\",\"name\":\"Leite Europe\",\"url\":\"https:\\\/\\\/leite-europa.com\\\/es\\\/\",\"logo\":{\"@type\":\"ImageObject\",\"inLanguage\":\"es\",\"@id\":\"https:\\\/\\\/leite-europa.com\\\/es\\\/#\\\/schema\\\/logo\\\/image\\\/\",\"url\":\"https:\\\/\\\/leite-europa.com\\\/wp-content\\\/uploads\\\/2022\\\/12\\\/LOGO-LEITE.png\",\"contentUrl\":\"https:\\\/\\\/leite-europa.com\\\/wp-content\\\/uploads\\\/2022\\\/12\\\/LOGO-LEITE.png\",\"width\":1024,\"height\":512,\"caption\":\"Leite Europe\"},\"image\":{\"@id\":\"https:\\\/\\\/leite-europa.com\\\/es\\\/#\\\/schema\\\/logo\\\/image\\\/\"},\"sameAs\":[\"https:\\\/\\\/www.facebook.com\\\/profile.php?id=100089192656837\",\"https:\\\/\\\/www.instagram.com\\\/leite_france_minipelle\\\/\",\"https:\\\/\\\/www.linkedin.com\\\/company\\\/leite-france\\\/\"]}]}<\/script>\n<!-- \/ Yoast SEO plugin. -->","yoast_head_json":{"title":"Compresor giratorio con puntas - Leite Europe","description":"Nuestro rodillo compresor de p\u00faas es un accesorio dise\u00f1ado para perfeccionar y facilitar sus trabajos de compactaci\u00f3n y aireaci\u00f3n del suelo.","robots":{"index":"index","follow":"follow","max-snippet":"max-snippet:-1","max-image-preview":"max-image-preview:large","max-video-preview":"max-video-preview:-1"},"canonical":"https:\/\/leite-europa.com\/es\/produit\/punto-rodillo-compresor\/","og_locale":"es_ES","og_type":"article","og_title":"Compresor giratorio con puntas - Leite Europe","og_description":"Nuestro rodillo compresor de p\u00faas es un accesorio dise\u00f1ado para perfeccionar y facilitar sus trabajos de compactaci\u00f3n y aireaci\u00f3n del suelo.","og_url":"https:\/\/leite-europa.com\/es\/produit\/punto-rodillo-compresor\/","og_site_name":"Leite Europe","article_publisher":"https:\/\/www.facebook.com\/profile.php?id=100089192656837","article_modified_time":"2024-10-23T12:15:44+00:00","og_image":[{"width":1920,"height":1440,"url":"https:\/\/leite-europa.com\/wp-content\/uploads\/2023\/08\/0Q8A9357.jpg","type":"image\/jpeg"}],"twitter_card":"summary_large_image","twitter_misc":{"Tiempo de lectura":"4 minutos"},"schema":{"@context":"https:\/\/schema.org","@graph":[{"@type":"WebPage","@id":"https:\/\/leite-europa.com\/es\/produit\/punto-rodillo-compresor\/","url":"https:\/\/leite-europa.com\/es\/produit\/punto-rodillo-compresor\/","name":"Compresor giratorio con puntas - Leite Europe","isPartOf":{"@id":"https:\/\/leite-europa.com\/es\/#website"},"primaryImageOfPage":{"@id":"https:\/\/leite-europa.com\/es\/produit\/punto-rodillo-compresor\/#primaryimage"},"image":{"@id":"https:\/\/leite-europa.com\/es\/produit\/punto-rodillo-compresor\/#primaryimage"},"thumbnailUrl":"https:\/\/leite-europa.com\/wp-content\/uploads\/2023\/08\/0Q8A9357.jpg","datePublished":"2023-11-07T13:17:29+00:00","dateModified":"2024-10-23T12:15:44+00:00","description":"Nuestro rodillo compresor de p\u00faas es un accesorio dise\u00f1ado para perfeccionar y facilitar sus trabajos de compactaci\u00f3n y aireaci\u00f3n del suelo.","breadcrumb":{"@id":"https:\/\/leite-europa.com\/es\/produit\/punto-rodillo-compresor\/#breadcrumb"},"inLanguage":"es","potentialAction":[{"@type":"ReadAction","target":["https:\/\/leite-europa.com\/es\/produit\/punto-rodillo-compresor\/"]}]},{"@type":"ImageObject","inLanguage":"es","@id":"https:\/\/leite-europa.com\/es\/produit\/punto-rodillo-compresor\/#primaryimage","url":"https:\/\/leite-europa.com\/wp-content\/uploads\/2023\/08\/0Q8A9357.jpg","contentUrl":"https:\/\/leite-europa.com\/wp-content\/uploads\/2023\/08\/0Q8A9357.jpg","width":1920,"height":1440,"caption":"Rodillo compresor con punta"},{"@type":"BreadcrumbList","@id":"https:\/\/leite-europa.com\/es\/produit\/punto-rodillo-compresor\/#breadcrumb","itemListElement":[{"@type":"ListItem","position":1,"name":"Accueil","item":"https:\/\/leite-europa.com\/es\/inicio\/"},{"@type":"ListItem","position":2,"name":"Tienda","item":"https:\/\/leite-europa.com\/fr\/boutique\/"},{"@type":"ListItem","position":3,"name":"Compresor giratorio con puntas"}]},{"@type":"WebSite","@id":"https:\/\/leite-europa.com\/es\/#website","url":"https:\/\/leite-europa.com\/es\/","name":"Leite Europe","description":"","publisher":{"@id":"https:\/\/leite-europa.com\/es\/#organization"},"potentialAction":[{"@type":"SearchAction","target":{"@type":"EntryPoint","urlTemplate":"https:\/\/leite-europa.com\/es\/?s={search_term_string}"},"query-input":{"@type":"PropertyValueSpecification","valueRequired":true,"valueName":"search_term_string"}}],"inLanguage":"es"},{"@type":"Organization","@id":"https:\/\/leite-europa.com\/es\/#organization","name":"Leite Europe","url":"https:\/\/leite-europa.com\/es\/","logo":{"@type":"ImageObject","inLanguage":"es","@id":"https:\/\/leite-europa.com\/es\/#\/schema\/logo\/image\/","url":"https:\/\/leite-europa.com\/wp-content\/uploads\/2022\/12\/LOGO-LEITE.png","contentUrl":"https:\/\/leite-europa.com\/wp-content\/uploads\/2022\/12\/LOGO-LEITE.png","width":1024,"height":512,"caption":"Leite Europe"},"image":{"@id":"https:\/\/leite-europa.com\/es\/#\/schema\/logo\/image\/"},"sameAs":["https:\/\/www.facebook.com\/profile.php?id=100089192656837","https:\/\/www.instagram.com\/leite_france_minipelle\/","https:\/\/www.linkedin.com\/company\/leite-france\/"]}]}},"_links":{"self":[{"href":"https:\/\/leite-europa.com\/es\/wp-json\/wp\/v2\/product\/8241","targetHints":{"allow":["GET"]}}],"collection":[{"href":"https:\/\/leite-europa.com\/es\/wp-json\/wp\/v2\/product"}],"about":[{"href":"https:\/\/leite-europa.com\/es\/wp-json\/wp\/v2\/types\/product"}],"wp:featuredmedia":[{"embeddable":true,"href":"https:\/\/leite-europa.com\/es\/wp-json\/wp\/v2\/media\/4364"}],"wp:attachment":[{"href":"https:\/\/leite-europa.com\/es\/wp-json\/wp\/v2\/media?parent=8241"}],"wp:term":[{"taxonomy":"product_brand","embeddable":true,"href":"https:\/\/leite-europa.com\/es\/wp-json\/wp\/v2\/product_brand?post=8241"},{"taxonomy":"product_cat","embeddable":true,"href":"https:\/\/leite-europa.com\/es\/wp-json\/wp\/v2\/product_cat?post=8241"},{"taxonomy":"product_tag","embeddable":true,"href":"https:\/\/leite-europa.com\/es\/wp-json\/wp\/v2\/product_tag?post=8241"}],"curies":[{"name":"wp","href":"https:\/\/api.w.org\/{rel}","templated":true}]}}