{"id":8257,"date":"2023-11-07T11:45:57","date_gmt":"2023-11-07T10:45:57","guid":{"rendered":"https:\/\/leite-europa.com\/produit\/rotavator-grada-rotativa\/"},"modified":"2024-10-23T14:02:14","modified_gmt":"2024-10-23T12:02:14","slug":"rotavator-herse-rotativo","status":"publish","type":"product","link":"https:\/\/leite-europa.com\/es\/produit\/rotavator-herse-rotativo\/","title":{"rendered":"Rotavator \/ Grada rotativa"},"content":{"rendered":"<p>[et_pb_section fb_built=&#8221;1&#8243; _builder_version=&#8221;4.19.2&#8243; _module_preset=&#8221;default&#8221; background_color=&#8221;#FFFFFF&#8221; custom_padding=&#8221;||4px|||&#8221; global_colors_info=&#8221;{}&#8221; theme_builder_area=&#8221;post_content&#8221;][et_pb_row column_structure=&#8221;1_2,1_2&#8243; _builder_version=&#8221;4.19.2&#8243; _module_preset=&#8221;default&#8221; global_colors_info=&#8221;{}&#8221; theme_builder_area=&#8221;post_content&#8221;][et_pb_column type=&#8221;1_2&#8243; _builder_version=&#8221;4.19.2&#8243; _module_preset=&#8221;default&#8221; global_colors_info=&#8221;{}&#8221; theme_builder_area=&#8221;post_content&#8221;][et_pb_gallery gallery_ids=&#8221;1992&#8243; fullwidth=&#8221;on&#8221; _builder_version=&#8221;4.20.4&#8243; _module_preset=&#8221;default&#8221; global_colors_info=&#8221;{}&#8221; theme_builder_area=&#8221;post_content&#8221;][\/et_pb_gallery][\/et_pb_column][et_pb_column type=&#8221;1_2&#8243; _builder_version=&#8221;4.19.2&#8243; _module_preset=&#8221;default&#8221; global_colors_info=&#8221;{}&#8221; theme_builder_area=&#8221;post_content&#8221;][et_pb_text _builder_version=&#8221;4.27.0&#8243; _module_preset=&#8221;default&#8221; text_line_height=&#8221;2em&#8221; header_2_text_color=&#8221;#E75F0D&#8221; hover_enabled=&#8221;0&#8243; global_colors_info=&#8221;{}&#8221; theme_builder_area=&#8221;post_content&#8221; sticky_enabled=&#8221;0&#8243;]<\/p>\n<h2>&#8220;El compa\u00f1ero ideal para revolucionar su trabajo de preparaci\u00f3n del suelo&#8221;.<\/h2>\n<p>[\/et_pb_text][et_pb_text _builder_version=&#8221;4.20.4&#8243; _module_preset=&#8221;default&#8221; text_orientation=&#8221;justified&#8221; global_colors_info=&#8221;{}&#8221; theme_builder_area=&#8221;post_content&#8221;]<\/p>\n<p>Convierta su minicargadora Leite LTH380 en una potente m\u00e1quina de arar con nuestro rotavator adaptable. La combinaci\u00f3n perfecta de robustez, rendimiento y durabilidad, este rotavator est\u00e1 dise\u00f1ado para llegar m\u00e1s lejos, trabajar m\u00e1s duro y durar m\u00e1s. Le ofrece una versatilidad sin igual en todos sus trabajos de preparaci\u00f3n del suelo.<\/p>\n<p>[\/et_pb_text][\/et_pb_column][\/et_pb_row][et_pb_row _builder_version=&#8221;4.20.4&#8243; _module_preset=&#8221;default&#8221; global_colors_info=&#8221;{}&#8221; theme_builder_area=&#8221;post_content&#8221;][et_pb_column type=&#8221;4_4&#8243; _builder_version=&#8221;4.20.4&#8243; _module_preset=&#8221;default&#8221; global_colors_info=&#8221;{}&#8221; theme_builder_area=&#8221;post_content&#8221;][et_pb_text _builder_version=&#8221;4.27.0&#8243; _module_preset=&#8221;default&#8221; hover_enabled=&#8221;0&#8243; global_colors_info=&#8221;{}&#8221; theme_builder_area=&#8221;post_content&#8221; sticky_enabled=&#8221;0&#8243;]<\/p>\n<p><strong>Caracter\u00edsticas :<\/strong><\/p>\n<ul>\n<li><span style=\"font-size: 14px;\"><strong>F\u00e1cil montaje:<\/strong> \u00a1no es necesario perder tiempo en instalaciones complejas! Nuestro rotavator se adapta r\u00e1pida y f\u00e1cilmente a su minicargador LTH380.\u00a0<\/span><\/li>\n<li><span style=\"font-size: 14px;\"><strong>Un trabajo de titanes:<\/strong> gracias a sus s\u00f3lidas y afiladas cuchillas, el rotavator penetra en el suelo a diferentes profundidades con implacable precisi\u00f3n, dejando tras de s\u00ed una superficie perfectamente preparada para la siembra o la plantaci\u00f3n. <\/span><\/li>\n<li><span style=\"font-size: 14px;\">Resistente como un clavo: fabricado con materiales de calidad, este rotavator es una inversi\u00f3n segura a largo plazo. Est\u00e1 dise\u00f1ado para soportar las condiciones m\u00e1s duras y seguir funcionando como nuevo. <\/span><\/li>\n<li><span style=\"font-size: 14px;\">Adaptado <strong>a sus necesidades:<\/strong> Con 3 niveles de ajuste de profundidad, tendr\u00e1 un control perfecto sobre la preparaci\u00f3n del suelo. Ya sea para un jard\u00edn paisajista, para plantar cultivos, para un campo deportivo o para desbrozar, el rotavator puede adaptarse a sus necesidades. <\/span><\/li>\n<\/ul>\n<p><strong><span style=\"font-size: 14px;\">La promesa de nuestro rotavator : <\/span><\/strong><\/p>\n<ul>\n<li><span style=\"font-size: 14px;\"><strong>Importante ahorro de tiempo:<\/strong> diga adi\u00f3s a las largas horas de trabajo manual. El rotavator prepara el terreno r\u00e1pidamente, dej\u00e1ndole m\u00e1s tiempo para concentrarse en otras tareas importantes. <\/span><\/li>\n<li><span style=\"font-size: 14px;\"><strong>Rendimiento excepcional:<\/strong> la preparaci\u00f3n uniforme y precisa del suelo es la clave del \u00e9xito de una cosecha o un paisaje. El rotavator garantiza un trabajo de calidad inigualable. <\/span><\/li>\n<li><span style=\"font-size: 14px;\"><strong>Ahorre dinero:<\/strong> \u00bfPor qu\u00e9 invertir en m\u00e1quinas caras cuando puede sacar el m\u00e1ximo partido a su minicargador LTH380 actual? Nuestro rotavator es una soluci\u00f3n econ\u00f3mica para sus trabajos de preparaci\u00f3n del terreno. <\/span><\/li>\n<\/ul>\n<p><span style=\"font-size: 14px;\">El minicargador rotavator Leite LTH380 es la clave para aumentar su productividad y maximizar la eficacia de sus trabajos de preparaci\u00f3n del suelo. No deje pasar esta oportunidad: opte por nuestro rotavator y prep\u00e1rese para quedar impresionado por la potencia y el rendimiento que aporta a su minicargador LTH380 Leite.<\/span><\/p>\n<p>&nbsp;<\/p>\n<p>[\/et_pb_text][\/et_pb_column][\/et_pb_row][\/et_pb_section]<\/p>\n","protected":false},"excerpt":{"rendered":"<p>&#8220;El compa\u00f1ero ideal para revolucionar su trabajo de preparaci\u00f3n del suelo&#8221;.Convierta su minicargadora Leite LTH380 en una potente m\u00e1quina de arar con nuestro rotavator adaptable. La combinaci\u00f3n perfecta de robustez, rendimiento y durabilidad, este rotavator est\u00e1 dise\u00f1ado para llegar m\u00e1s lejos, trabajar m\u00e1s duro y durar m\u00e1s. Le ofrece una versatilidad sin igual en todos [&hellip;]<\/p>\n","protected":false},"featured_media":4236,"template":"","meta":{"_et_pb_use_builder":"on","_et_pb_old_content":"","_et_gb_content_width":""},"product_brand":[],"product_cat":[308,198],"product_tag":[],"class_list":{"0":"post-8257","1":"product","2":"type-product","3":"status-publish","4":"has-post-thumbnail","6":"product_cat-accesorios-minicargador-lth380","7":"product_cat-accesorios-para-minicargadores","9":"first","10":"instock","11":"taxable","12":"shipping-taxable","13":"purchasable","14":"product-type-simple"},"yoast_head":"<!-- This site is optimized with the Yoast SEO plugin v27.3 - https:\/\/yoast.com\/product\/yoast-seo-wordpress\/ -->\n<title>Rotavator \/ Grada rotativa - Leite Europe<\/title>\n<meta name=\"description\" content=\"Convierta su minicargadora Leite LTH380 en una potente m\u00e1quina de arar con nuestro rotavator adaptable.\" \/>\n<meta name=\"robots\" content=\"index, follow, max-snippet:-1, max-image-preview:large, max-video-preview:-1\" \/>\n<link rel=\"canonical\" href=\"https:\/\/leite-europa.com\/es\/produit\/rotavator-herse-rotativo\/\" \/>\n<meta property=\"og:locale\" content=\"es_ES\" \/>\n<meta property=\"og:type\" content=\"article\" \/>\n<meta property=\"og:title\" content=\"Rotavator \/ Grada rotativa - Leite Europe\" \/>\n<meta property=\"og:description\" content=\"Convierta su minicargadora Leite LTH380 en una potente m\u00e1quina de arar con nuestro rotavator adaptable.\" \/>\n<meta property=\"og:url\" content=\"https:\/\/leite-europa.com\/es\/produit\/rotavator-herse-rotativo\/\" \/>\n<meta property=\"og:site_name\" content=\"Leite Europe\" \/>\n<meta property=\"article:publisher\" content=\"https:\/\/www.facebook.com\/profile.php?id=100089192656837\" \/>\n<meta property=\"article:modified_time\" content=\"2024-10-23T12:02:14+00:00\" \/>\n<meta property=\"og:image\" content=\"https:\/\/leite-europa.com\/wp-content\/uploads\/2023\/07\/rotavator.jpg\" \/>\n\t<meta property=\"og:image:width\" content=\"502\" \/>\n\t<meta property=\"og:image:height\" content=\"309\" \/>\n\t<meta property=\"og:image:type\" content=\"image\/jpeg\" \/>\n<meta name=\"twitter:card\" content=\"summary_large_image\" \/>\n<meta name=\"twitter:label1\" content=\"Tiempo de lectura\" \/>\n\t<meta name=\"twitter:data1\" content=\"3 minutos\" \/>\n<script type=\"application\/ld+json\" class=\"yoast-schema-graph\">{\"@context\":\"https:\\\/\\\/schema.org\",\"@graph\":[{\"@type\":\"WebPage\",\"@id\":\"https:\\\/\\\/leite-europa.com\\\/es\\\/produit\\\/rotavator-herse-rotativo\\\/\",\"url\":\"https:\\\/\\\/leite-europa.com\\\/es\\\/produit\\\/rotavator-herse-rotativo\\\/\",\"name\":\"Rotavator \\\/ Grada rotativa - Leite Europe\",\"isPartOf\":{\"@id\":\"https:\\\/\\\/leite-europa.com\\\/es\\\/#website\"},\"primaryImageOfPage\":{\"@id\":\"https:\\\/\\\/leite-europa.com\\\/es\\\/produit\\\/rotavator-herse-rotativo\\\/#primaryimage\"},\"image\":{\"@id\":\"https:\\\/\\\/leite-europa.com\\\/es\\\/produit\\\/rotavator-herse-rotativo\\\/#primaryimage\"},\"thumbnailUrl\":\"https:\\\/\\\/leite-europa.com\\\/wp-content\\\/uploads\\\/2023\\\/07\\\/rotavator.jpg\",\"datePublished\":\"2023-11-07T10:45:57+00:00\",\"dateModified\":\"2024-10-23T12:02:14+00:00\",\"description\":\"Convierta su minicargadora Leite LTH380 en una potente m\u00e1quina de arar con nuestro rotavator adaptable.\",\"breadcrumb\":{\"@id\":\"https:\\\/\\\/leite-europa.com\\\/es\\\/produit\\\/rotavator-herse-rotativo\\\/#breadcrumb\"},\"inLanguage\":\"es\",\"potentialAction\":[{\"@type\":\"ReadAction\",\"target\":[\"https:\\\/\\\/leite-europa.com\\\/es\\\/produit\\\/rotavator-herse-rotativo\\\/\"]}]},{\"@type\":\"ImageObject\",\"inLanguage\":\"es\",\"@id\":\"https:\\\/\\\/leite-europa.com\\\/es\\\/produit\\\/rotavator-herse-rotativo\\\/#primaryimage\",\"url\":\"https:\\\/\\\/leite-europa.com\\\/wp-content\\\/uploads\\\/2023\\\/07\\\/rotavator.jpg\",\"contentUrl\":\"https:\\\/\\\/leite-europa.com\\\/wp-content\\\/uploads\\\/2023\\\/07\\\/rotavator.jpg\",\"width\":502,\"height\":309,\"caption\":\"Grada rotativa rotavator\"},{\"@type\":\"BreadcrumbList\",\"@id\":\"https:\\\/\\\/leite-europa.com\\\/es\\\/produit\\\/rotavator-herse-rotativo\\\/#breadcrumb\",\"itemListElement\":[{\"@type\":\"ListItem\",\"position\":1,\"name\":\"Accueil\",\"item\":\"https:\\\/\\\/leite-europa.com\\\/es\\\/inicio\\\/\"},{\"@type\":\"ListItem\",\"position\":2,\"name\":\"Tienda\",\"item\":\"https:\\\/\\\/leite-europa.com\\\/fr\\\/boutique\\\/\"},{\"@type\":\"ListItem\",\"position\":3,\"name\":\"Rotavator \\\/ Grada rotativa\"}]},{\"@type\":\"WebSite\",\"@id\":\"https:\\\/\\\/leite-europa.com\\\/es\\\/#website\",\"url\":\"https:\\\/\\\/leite-europa.com\\\/es\\\/\",\"name\":\"Leite Europe\",\"description\":\"\",\"publisher\":{\"@id\":\"https:\\\/\\\/leite-europa.com\\\/es\\\/#organization\"},\"potentialAction\":[{\"@type\":\"SearchAction\",\"target\":{\"@type\":\"EntryPoint\",\"urlTemplate\":\"https:\\\/\\\/leite-europa.com\\\/es\\\/?s={search_term_string}\"},\"query-input\":{\"@type\":\"PropertyValueSpecification\",\"valueRequired\":true,\"valueName\":\"search_term_string\"}}],\"inLanguage\":\"es\"},{\"@type\":\"Organization\",\"@id\":\"https:\\\/\\\/leite-europa.com\\\/es\\\/#organization\",\"name\":\"Leite Europe\",\"url\":\"https:\\\/\\\/leite-europa.com\\\/es\\\/\",\"logo\":{\"@type\":\"ImageObject\",\"inLanguage\":\"es\",\"@id\":\"https:\\\/\\\/leite-europa.com\\\/es\\\/#\\\/schema\\\/logo\\\/image\\\/\",\"url\":\"https:\\\/\\\/leite-europa.com\\\/wp-content\\\/uploads\\\/2022\\\/12\\\/LOGO-LEITE.png\",\"contentUrl\":\"https:\\\/\\\/leite-europa.com\\\/wp-content\\\/uploads\\\/2022\\\/12\\\/LOGO-LEITE.png\",\"width\":1024,\"height\":512,\"caption\":\"Leite Europe\"},\"image\":{\"@id\":\"https:\\\/\\\/leite-europa.com\\\/es\\\/#\\\/schema\\\/logo\\\/image\\\/\"},\"sameAs\":[\"https:\\\/\\\/www.facebook.com\\\/profile.php?id=100089192656837\",\"https:\\\/\\\/www.instagram.com\\\/leite_france_minipelle\\\/\",\"https:\\\/\\\/www.linkedin.com\\\/company\\\/leite-france\\\/\"]}]}<\/script>\n<!-- \/ Yoast SEO plugin. -->","yoast_head_json":{"title":"Rotavator \/ Grada rotativa - Leite Europe","description":"Convierta su minicargadora Leite LTH380 en una potente m\u00e1quina de arar con nuestro rotavator adaptable.","robots":{"index":"index","follow":"follow","max-snippet":"max-snippet:-1","max-image-preview":"max-image-preview:large","max-video-preview":"max-video-preview:-1"},"canonical":"https:\/\/leite-europa.com\/es\/produit\/rotavator-herse-rotativo\/","og_locale":"es_ES","og_type":"article","og_title":"Rotavator \/ Grada rotativa - Leite Europe","og_description":"Convierta su minicargadora Leite LTH380 en una potente m\u00e1quina de arar con nuestro rotavator adaptable.","og_url":"https:\/\/leite-europa.com\/es\/produit\/rotavator-herse-rotativo\/","og_site_name":"Leite Europe","article_publisher":"https:\/\/www.facebook.com\/profile.php?id=100089192656837","article_modified_time":"2024-10-23T12:02:14+00:00","og_image":[{"width":502,"height":309,"url":"https:\/\/leite-europa.com\/wp-content\/uploads\/2023\/07\/rotavator.jpg","type":"image\/jpeg"}],"twitter_card":"summary_large_image","twitter_misc":{"Tiempo de lectura":"3 minutos"},"schema":{"@context":"https:\/\/schema.org","@graph":[{"@type":"WebPage","@id":"https:\/\/leite-europa.com\/es\/produit\/rotavator-herse-rotativo\/","url":"https:\/\/leite-europa.com\/es\/produit\/rotavator-herse-rotativo\/","name":"Rotavator \/ Grada rotativa - Leite Europe","isPartOf":{"@id":"https:\/\/leite-europa.com\/es\/#website"},"primaryImageOfPage":{"@id":"https:\/\/leite-europa.com\/es\/produit\/rotavator-herse-rotativo\/#primaryimage"},"image":{"@id":"https:\/\/leite-europa.com\/es\/produit\/rotavator-herse-rotativo\/#primaryimage"},"thumbnailUrl":"https:\/\/leite-europa.com\/wp-content\/uploads\/2023\/07\/rotavator.jpg","datePublished":"2023-11-07T10:45:57+00:00","dateModified":"2024-10-23T12:02:14+00:00","description":"Convierta su minicargadora Leite LTH380 en una potente m\u00e1quina de arar con nuestro rotavator adaptable.","breadcrumb":{"@id":"https:\/\/leite-europa.com\/es\/produit\/rotavator-herse-rotativo\/#breadcrumb"},"inLanguage":"es","potentialAction":[{"@type":"ReadAction","target":["https:\/\/leite-europa.com\/es\/produit\/rotavator-herse-rotativo\/"]}]},{"@type":"ImageObject","inLanguage":"es","@id":"https:\/\/leite-europa.com\/es\/produit\/rotavator-herse-rotativo\/#primaryimage","url":"https:\/\/leite-europa.com\/wp-content\/uploads\/2023\/07\/rotavator.jpg","contentUrl":"https:\/\/leite-europa.com\/wp-content\/uploads\/2023\/07\/rotavator.jpg","width":502,"height":309,"caption":"Grada rotativa rotavator"},{"@type":"BreadcrumbList","@id":"https:\/\/leite-europa.com\/es\/produit\/rotavator-herse-rotativo\/#breadcrumb","itemListElement":[{"@type":"ListItem","position":1,"name":"Accueil","item":"https:\/\/leite-europa.com\/es\/inicio\/"},{"@type":"ListItem","position":2,"name":"Tienda","item":"https:\/\/leite-europa.com\/fr\/boutique\/"},{"@type":"ListItem","position":3,"name":"Rotavator \/ Grada rotativa"}]},{"@type":"WebSite","@id":"https:\/\/leite-europa.com\/es\/#website","url":"https:\/\/leite-europa.com\/es\/","name":"Leite Europe","description":"","publisher":{"@id":"https:\/\/leite-europa.com\/es\/#organization"},"potentialAction":[{"@type":"SearchAction","target":{"@type":"EntryPoint","urlTemplate":"https:\/\/leite-europa.com\/es\/?s={search_term_string}"},"query-input":{"@type":"PropertyValueSpecification","valueRequired":true,"valueName":"search_term_string"}}],"inLanguage":"es"},{"@type":"Organization","@id":"https:\/\/leite-europa.com\/es\/#organization","name":"Leite Europe","url":"https:\/\/leite-europa.com\/es\/","logo":{"@type":"ImageObject","inLanguage":"es","@id":"https:\/\/leite-europa.com\/es\/#\/schema\/logo\/image\/","url":"https:\/\/leite-europa.com\/wp-content\/uploads\/2022\/12\/LOGO-LEITE.png","contentUrl":"https:\/\/leite-europa.com\/wp-content\/uploads\/2022\/12\/LOGO-LEITE.png","width":1024,"height":512,"caption":"Leite Europe"},"image":{"@id":"https:\/\/leite-europa.com\/es\/#\/schema\/logo\/image\/"},"sameAs":["https:\/\/www.facebook.com\/profile.php?id=100089192656837","https:\/\/www.instagram.com\/leite_france_minipelle\/","https:\/\/www.linkedin.com\/company\/leite-france\/"]}]}},"_links":{"self":[{"href":"https:\/\/leite-europa.com\/es\/wp-json\/wp\/v2\/product\/8257","targetHints":{"allow":["GET"]}}],"collection":[{"href":"https:\/\/leite-europa.com\/es\/wp-json\/wp\/v2\/product"}],"about":[{"href":"https:\/\/leite-europa.com\/es\/wp-json\/wp\/v2\/types\/product"}],"wp:featuredmedia":[{"embeddable":true,"href":"https:\/\/leite-europa.com\/es\/wp-json\/wp\/v2\/media\/4236"}],"wp:attachment":[{"href":"https:\/\/leite-europa.com\/es\/wp-json\/wp\/v2\/media?parent=8257"}],"wp:term":[{"taxonomy":"product_brand","embeddable":true,"href":"https:\/\/leite-europa.com\/es\/wp-json\/wp\/v2\/product_brand?post=8257"},{"taxonomy":"product_cat","embeddable":true,"href":"https:\/\/leite-europa.com\/es\/wp-json\/wp\/v2\/product_cat?post=8257"},{"taxonomy":"product_tag","embeddable":true,"href":"https:\/\/leite-europa.com\/es\/wp-json\/wp\/v2\/product_tag?post=8257"}],"curies":[{"name":"wp","href":"https:\/\/api.w.org\/{rel}","templated":true}]}}