{"id":8270,"date":"2023-11-07T18:44:51","date_gmt":"2023-11-07T17:44:51","guid":{"rendered":"https:\/\/leite-europa.com\/produit\/cubo-basculante\/"},"modified":"2024-10-22T11:34:20","modified_gmt":"2024-10-22T09:34:20","slug":"cubo-orientable-inclinable","status":"publish","type":"product","link":"https:\/\/leite-europa.com\/es\/produit\/cubo-orientable-inclinable\/","title":{"rendered":"Cuchara basculante"},"content":{"rendered":"<p>[et_pb_section fb_built=&#8221;1&#8243; _builder_version=&#8221;4.19.2&#8243; _module_preset=&#8221;default&#8221; background_color=&#8221;#FFFFFF&#8221; custom_padding=&#8221;||4px|||&#8221; global_colors_info=&#8221;{}&#8221;][et_pb_row column_structure=&#8221;1_2,1_2&#8243; _builder_version=&#8221;4.19.2&#8243; _module_preset=&#8221;default&#8221; global_colors_info=&#8221;{}&#8221;][et_pb_column type=&#8221;1_2&#8243; _builder_version=&#8221;4.19.2&#8243; _module_preset=&#8221;default&#8221; global_colors_info=&#8221;{}&#8221;][et_pb_gallery gallery_ids=&#8221;2395&#8243; fullwidth=&#8221;on&#8221; _builder_version=&#8221;4.21.2&#8243; _module_preset=&#8221;default&#8221; global_colors_info=&#8221;{}&#8221;][\/et_pb_gallery][\/et_pb_column][et_pb_column type=&#8221;1_2&#8243; _builder_version=&#8221;4.19.2&#8243; _module_preset=&#8221;default&#8221; global_colors_info=&#8221;{}&#8221;][et_pb_text _builder_version=&#8221;4.20.4&#8243; _module_preset=&#8221;default&#8221; text_line_height=&#8221;2em&#8221; header_2_text_color=&#8221;#E75F0D&#8221; global_colors_info=&#8221;{}&#8221;]<\/p>\n<h2>&#8220;Cuchara basculante: precisi\u00f3n para su trabajo&#8221;.<\/h2>\n<p>[\/et_pb_text][et_pb_text _builder_version=&#8221;4.21.2&#8243; _module_preset=&#8221;default&#8221; text_orientation=&#8221;justified&#8221; global_colors_info=&#8221;{}&#8221;]<\/p>\n<p>Conocida con diversos nombres -cuchara basculante, cuchara giratoria, cuchara basculante, cuchara giratoria, cuchara articulada, cuchara de inclinaci\u00f3n variable, cuchara de inclinaci\u00f3n ajustable, cuchara multidireccional, cuchara de movimiento lateral o cuchara de inclinaci\u00f3n ajustable-, la <strong>cuchara Leite TILT<\/strong> es un implemento para maquinaria de construcci\u00f3n de la gama Leite dise\u00f1ado para maximizar la precisi\u00f3n, flexibilidad y eficacia de los trabajos de excavaci\u00f3n. Especialmente adaptada para nuestras miniexcavadoras Leite, esta cuchara orientable &#8220;TILT&#8221; ofrece una sinergia y una adaptabilidad sin precedentes en el campo.<\/p>\n<h3>Caracter\u00edsticas principales:<\/h3>\n<h3><strong style=\"font-size: 14px; color: #484f54; font-family: Montserrat, Helvetica, Arial, Lucida, sans-serif;\">Dise\u00f1o integrado<\/strong><span style=\"font-size: 14px; color: #484f54; font-family: Montserrat, Helvetica, Arial, Lucida, sans-serif;\">Especialmente dise\u00f1ado para ser compatible con las miniexcavadoras Leite, el <\/span><strong style=\"font-size: 14px; color: #484f54; font-family: Montserrat, Helvetica, Arial, Lucida, sans-serif;\">cuchar\u00f3n giratorio &#8220;TILT<\/strong><span style=\"font-size: 14px; color: #484f54; font-family: Montserrat, Helvetica, Arial, Lucida, sans-serif;\"> garantiza una instalaci\u00f3n sin complicaciones y un rendimiento \u00f3ptimo.<\/span><\/h3>\n<h3><strong style=\"font-size: 14px; color: #484f54; font-family: Montserrat, Helvetica, Arial, Lucida, sans-serif;\">Flexibilidad de movimiento<\/strong><span style=\"font-size: 14px; color: #484f54; font-family: Montserrat, Helvetica, Arial, Lucida, sans-serif;\">Nuestro <\/span><strong style=\"font-size: 14px; color: #484f54; font-family: Montserrat, Helvetica, Arial, Lucida, sans-serif;\">cuchara orientable &#8220;TILT<\/strong><span style=\"font-size: 14px; color: #484f54; font-family: Montserrat, Helvetica, Arial, Lucida, sans-serif;\"> puede inclinarse hasta 30\u00b0 a ambos lados, lo que facilita la excavaci\u00f3n, la nivelaci\u00f3n y el movimiento de tierras, incluso en zonas de dif\u00edcil acceso.<\/span><\/h3>\n<h3><strong style=\"font-size: 14px; color: #484f54; font-family: Montserrat, Helvetica, Arial, Lucida, sans-serif;\">Construcci\u00f3n robusta<\/strong><span style=\"font-size: 14px; color: #484f54; font-family: Montserrat, Helvetica, Arial, Lucida, sans-serif;\">Fabricada en acero de alta calidad, promete una durabilidad y resistencia inigualables.<\/span><\/h3>\n<p>&nbsp;<\/p>\n<p>[\/et_pb_text][\/et_pb_column][\/et_pb_row][\/et_pb_section][et_pb_section fb_built=&#8221;1&#8243; _builder_version=&#8221;4.20.4&#8243; _module_preset=&#8221;default&#8221; background_enable_color=&#8221;off&#8221; global_colors_info=&#8221;{}&#8221;][et_pb_row _builder_version=&#8221;4.20.4&#8243; _module_preset=&#8221;default&#8221; global_colors_info=&#8221;{}&#8221;][et_pb_column type=&#8221;4_4&#8243; _builder_version=&#8221;4.20.4&#8243; _module_preset=&#8221;default&#8221; global_colors_info=&#8221;{}&#8221;][et_pb_text _builder_version=&#8221;4.20.4&#8243; _module_preset=&#8221;default&#8221; header_2_text_color=&#8221;#444245&#8243; global_colors_info=&#8221;{}&#8221;]<\/p>\n<h2>Precisi\u00f3n en el centro de sus proyectos con la cuchara basculante<\/h2>\n<p>[\/et_pb_text][et_pb_text _builder_version=&#8221;4.20.4&#8243; _module_preset=&#8221;default&#8221; text_text_color=&#8221;#000000&#8243; global_colors_info=&#8221;{}&#8221;]<\/p>\n<h3 style=\"text-align: justify;\">Aplicaciones :<\/h3>\n<ul style=\"text-align: justify;\">\n<li>Excavaci\u00f3n precisa alrededor de obst\u00e1culos como tuber\u00edas o cimientos.<\/li>\n<li>Nivelaci\u00f3n y movimientos de tierra en terrenos irregulares o en pendiente.<\/li>\n<li>Trabajos de paisajismo que requieren la precisi\u00f3n de una <strong>cuchara orientable &#8220;TILT<\/strong>&#8220;.<\/li>\n<li>Creaci\u00f3n de zanjas con una pendiente determinada.<\/li>\n<\/ul>\n<h3 style=\"text-align: justify;\">Especificaciones t\u00e9cnicas :<\/h3>\n<ul style=\"text-align: justify;\">\n<li><strong>Anchura<\/strong>: 80 cm.<\/li>\n<li><strong>Capacidad<\/strong>: 0,35 m\u00b3.<\/li>\n<li><strong>\u00c1ngulo de inclinaci\u00f3n<\/strong>: hasta 30\u00b0 a izquierda y derecha.<\/li>\n<li><strong>Material<\/strong>: Acero de alta resistencia.<\/li>\n<li><strong>Compatibilidad<\/strong>: Dise\u00f1ado exclusivamente para miniexcavadoras Leite.<\/li>\n<\/ul>\n<p style=\"text-align: justify;\">La <strong>cuchara orientable Leite &#8220;TILT<\/strong> &#8221; es la soluci\u00f3n ideal para los profesionales que utilizan nuestras miniexcavadoras Leite. Su dise\u00f1o a medida garantiza una compatibilidad perfecta a la vez que ofrece un rendimiento excepcional en excavaci\u00f3n y movimiento de tierras. Para aquellos que buscan lo mejor en eficiencia y durabilidad, la <strong>cuchara basculante &#8220;TILT<\/strong> &#8221; es la elecci\u00f3n obvia.<\/p>\n<ol style=\"text-align: justify;\"><\/ol>\n<p>[\/et_pb_text][\/et_pb_column][\/et_pb_row][et_pb_row _builder_version=&#8221;4.21.2&#8243; _module_preset=&#8221;default&#8221; global_colors_info=&#8221;{}&#8221;][et_pb_column type=&#8221;4_4&#8243; _builder_version=&#8221;4.21.2&#8243; _module_preset=&#8221;default&#8221; global_colors_info=&#8221;{}&#8221;][et_pb_gallery gallery_ids=&#8221;2400,2401,2402,2403,2404,2405,2406,2407,2408,2409,2410,2411,2412,2413,2399&#8243; fullwidth=&#8221;on&#8221; _builder_version=&#8221;4.21.2&#8243; _module_preset=&#8221;default&#8221; global_colors_info=&#8221;{}&#8221;][\/et_pb_gallery][\/et_pb_column][\/et_pb_row][\/et_pb_section]<\/p>\n","protected":false},"excerpt":{"rendered":"<p>&#8220;Cuchara basculante: precisi\u00f3n para su trabajo&#8221;.Conocida con diversos nombres -cuchara basculante, cuchara giratoria, cuchara basculante, cuchara giratoria, cuchara articulada, cuchara de inclinaci\u00f3n variable, cuchara de inclinaci\u00f3n ajustable, cuchara multidireccional, cuchara de movimiento lateral o cuchara de inclinaci\u00f3n ajustable-, la cuchara Leite TILT es un implemento para maquinaria de construcci\u00f3n de la gama Leite dise\u00f1ado para [&hellip;]<\/p>\n","protected":false},"featured_media":4560,"template":"","meta":{"_et_pb_use_builder":"on","_et_pb_old_content":"","_et_gb_content_width":""},"product_brand":[],"product_cat":[189,201,204,291],"product_tag":[],"class_list":{"0":"post-8270","1":"product","2":"type-product","3":"status-publish","4":"has-post-thumbnail","6":"product_cat-accesorios-para-miniexcavadoras","7":"product_cat-accesorios-para-miniexcavadoras-cl12s","8":"product_cat-accesorios-para-miniexcavadoras-cl18s-es","9":"product_cat-accesorios-para-miniexcavadoras-cl20","11":"first","12":"instock","13":"taxable","14":"shipping-taxable","15":"purchasable","16":"product-type-variable"},"yoast_head":"<!-- This site is optimized with the Yoast SEO plugin v27.3 - https:\/\/yoast.com\/product\/yoast-seo-wordpress\/ -->\n<title>Cuchara basculante - Leite Europe<\/title>\n<meta name=\"description\" content=\"La cuchara orientable Tilt es la herramienta esencial para mejorar la precisi\u00f3n y flexibilidad de su trabajo.\" \/>\n<meta name=\"robots\" content=\"index, follow, max-snippet:-1, max-image-preview:large, max-video-preview:-1\" \/>\n<link rel=\"canonical\" href=\"https:\/\/leite-europa.com\/es\/produit\/cubo-orientable-inclinable\/\" \/>\n<meta property=\"og:locale\" content=\"es_ES\" \/>\n<meta property=\"og:type\" content=\"article\" \/>\n<meta property=\"og:title\" content=\"Cuchara basculante - Leite Europe\" \/>\n<meta property=\"og:description\" content=\"La cuchara orientable Tilt es la herramienta esencial para mejorar la precisi\u00f3n y flexibilidad de su trabajo.\" \/>\n<meta property=\"og:url\" content=\"https:\/\/leite-europa.com\/es\/produit\/cubo-orientable-inclinable\/\" \/>\n<meta property=\"og:site_name\" content=\"Leite Europe\" \/>\n<meta property=\"article:publisher\" content=\"https:\/\/www.facebook.com\/profile.php?id=100089192656837\" \/>\n<meta property=\"article:modified_time\" content=\"2024-10-22T09:34:20+00:00\" \/>\n<meta property=\"og:image\" content=\"https:\/\/leite-europa.com\/wp-content\/uploads\/2023\/07\/IMG_6431.jpeg\" \/>\n\t<meta property=\"og:image:width\" content=\"1440\" \/>\n\t<meta property=\"og:image:height\" content=\"1920\" \/>\n\t<meta property=\"og:image:type\" content=\"image\/jpeg\" \/>\n<meta name=\"twitter:card\" content=\"summary_large_image\" \/>\n<meta name=\"twitter:label1\" content=\"Tiempo de lectura\" \/>\n\t<meta name=\"twitter:data1\" content=\"3 minutos\" \/>\n<script type=\"application\/ld+json\" class=\"yoast-schema-graph\">{\"@context\":\"https:\\\/\\\/schema.org\",\"@graph\":[{\"@type\":\"WebPage\",\"@id\":\"https:\\\/\\\/leite-europa.com\\\/es\\\/produit\\\/cubo-orientable-inclinable\\\/\",\"url\":\"https:\\\/\\\/leite-europa.com\\\/es\\\/produit\\\/cubo-orientable-inclinable\\\/\",\"name\":\"Cuchara basculante - Leite Europe\",\"isPartOf\":{\"@id\":\"https:\\\/\\\/leite-europa.com\\\/es\\\/#website\"},\"primaryImageOfPage\":{\"@id\":\"https:\\\/\\\/leite-europa.com\\\/es\\\/produit\\\/cubo-orientable-inclinable\\\/#primaryimage\"},\"image\":{\"@id\":\"https:\\\/\\\/leite-europa.com\\\/es\\\/produit\\\/cubo-orientable-inclinable\\\/#primaryimage\"},\"thumbnailUrl\":\"https:\\\/\\\/leite-europa.com\\\/wp-content\\\/uploads\\\/2023\\\/07\\\/IMG_6431.jpeg\",\"datePublished\":\"2023-11-07T17:44:51+00:00\",\"dateModified\":\"2024-10-22T09:34:20+00:00\",\"description\":\"La cuchara orientable Tilt es la herramienta esencial para mejorar la precisi\u00f3n y flexibilidad de su trabajo.\",\"breadcrumb\":{\"@id\":\"https:\\\/\\\/leite-europa.com\\\/es\\\/produit\\\/cubo-orientable-inclinable\\\/#breadcrumb\"},\"inLanguage\":\"es\",\"potentialAction\":[{\"@type\":\"ReadAction\",\"target\":[\"https:\\\/\\\/leite-europa.com\\\/es\\\/produit\\\/cubo-orientable-inclinable\\\/\"]}]},{\"@type\":\"ImageObject\",\"inLanguage\":\"es\",\"@id\":\"https:\\\/\\\/leite-europa.com\\\/es\\\/produit\\\/cubo-orientable-inclinable\\\/#primaryimage\",\"url\":\"https:\\\/\\\/leite-europa.com\\\/wp-content\\\/uploads\\\/2023\\\/07\\\/IMG_6431.jpeg\",\"contentUrl\":\"https:\\\/\\\/leite-europa.com\\\/wp-content\\\/uploads\\\/2023\\\/07\\\/IMG_6431.jpeg\",\"width\":1440,\"height\":1920,\"caption\":\"Minipala basculante leite\"},{\"@type\":\"BreadcrumbList\",\"@id\":\"https:\\\/\\\/leite-europa.com\\\/es\\\/produit\\\/cubo-orientable-inclinable\\\/#breadcrumb\",\"itemListElement\":[{\"@type\":\"ListItem\",\"position\":1,\"name\":\"Accueil\",\"item\":\"https:\\\/\\\/leite-europa.com\\\/es\\\/inicio\\\/\"},{\"@type\":\"ListItem\",\"position\":2,\"name\":\"Tienda\",\"item\":\"https:\\\/\\\/leite-europa.com\\\/fr\\\/boutique\\\/\"},{\"@type\":\"ListItem\",\"position\":3,\"name\":\"Cuchara basculante\"}]},{\"@type\":\"WebSite\",\"@id\":\"https:\\\/\\\/leite-europa.com\\\/es\\\/#website\",\"url\":\"https:\\\/\\\/leite-europa.com\\\/es\\\/\",\"name\":\"Leite Europe\",\"description\":\"\",\"publisher\":{\"@id\":\"https:\\\/\\\/leite-europa.com\\\/es\\\/#organization\"},\"potentialAction\":[{\"@type\":\"SearchAction\",\"target\":{\"@type\":\"EntryPoint\",\"urlTemplate\":\"https:\\\/\\\/leite-europa.com\\\/es\\\/?s={search_term_string}\"},\"query-input\":{\"@type\":\"PropertyValueSpecification\",\"valueRequired\":true,\"valueName\":\"search_term_string\"}}],\"inLanguage\":\"es\"},{\"@type\":\"Organization\",\"@id\":\"https:\\\/\\\/leite-europa.com\\\/es\\\/#organization\",\"name\":\"Leite Europe\",\"url\":\"https:\\\/\\\/leite-europa.com\\\/es\\\/\",\"logo\":{\"@type\":\"ImageObject\",\"inLanguage\":\"es\",\"@id\":\"https:\\\/\\\/leite-europa.com\\\/es\\\/#\\\/schema\\\/logo\\\/image\\\/\",\"url\":\"https:\\\/\\\/leite-europa.com\\\/wp-content\\\/uploads\\\/2022\\\/12\\\/LOGO-LEITE.png\",\"contentUrl\":\"https:\\\/\\\/leite-europa.com\\\/wp-content\\\/uploads\\\/2022\\\/12\\\/LOGO-LEITE.png\",\"width\":1024,\"height\":512,\"caption\":\"Leite Europe\"},\"image\":{\"@id\":\"https:\\\/\\\/leite-europa.com\\\/es\\\/#\\\/schema\\\/logo\\\/image\\\/\"},\"sameAs\":[\"https:\\\/\\\/www.facebook.com\\\/profile.php?id=100089192656837\",\"https:\\\/\\\/www.instagram.com\\\/leite_france_minipelle\\\/\",\"https:\\\/\\\/www.linkedin.com\\\/company\\\/leite-france\\\/\"]}]}<\/script>\n<!-- \/ Yoast SEO plugin. -->","yoast_head_json":{"title":"Cuchara basculante - Leite Europe","description":"La cuchara orientable Tilt es la herramienta esencial para mejorar la precisi\u00f3n y flexibilidad de su trabajo.","robots":{"index":"index","follow":"follow","max-snippet":"max-snippet:-1","max-image-preview":"max-image-preview:large","max-video-preview":"max-video-preview:-1"},"canonical":"https:\/\/leite-europa.com\/es\/produit\/cubo-orientable-inclinable\/","og_locale":"es_ES","og_type":"article","og_title":"Cuchara basculante - Leite Europe","og_description":"La cuchara orientable Tilt es la herramienta esencial para mejorar la precisi\u00f3n y flexibilidad de su trabajo.","og_url":"https:\/\/leite-europa.com\/es\/produit\/cubo-orientable-inclinable\/","og_site_name":"Leite Europe","article_publisher":"https:\/\/www.facebook.com\/profile.php?id=100089192656837","article_modified_time":"2024-10-22T09:34:20+00:00","og_image":[{"width":1440,"height":1920,"url":"https:\/\/leite-europa.com\/wp-content\/uploads\/2023\/07\/IMG_6431.jpeg","type":"image\/jpeg"}],"twitter_card":"summary_large_image","twitter_misc":{"Tiempo de lectura":"3 minutos"},"schema":{"@context":"https:\/\/schema.org","@graph":[{"@type":"WebPage","@id":"https:\/\/leite-europa.com\/es\/produit\/cubo-orientable-inclinable\/","url":"https:\/\/leite-europa.com\/es\/produit\/cubo-orientable-inclinable\/","name":"Cuchara basculante - Leite Europe","isPartOf":{"@id":"https:\/\/leite-europa.com\/es\/#website"},"primaryImageOfPage":{"@id":"https:\/\/leite-europa.com\/es\/produit\/cubo-orientable-inclinable\/#primaryimage"},"image":{"@id":"https:\/\/leite-europa.com\/es\/produit\/cubo-orientable-inclinable\/#primaryimage"},"thumbnailUrl":"https:\/\/leite-europa.com\/wp-content\/uploads\/2023\/07\/IMG_6431.jpeg","datePublished":"2023-11-07T17:44:51+00:00","dateModified":"2024-10-22T09:34:20+00:00","description":"La cuchara orientable Tilt es la herramienta esencial para mejorar la precisi\u00f3n y flexibilidad de su trabajo.","breadcrumb":{"@id":"https:\/\/leite-europa.com\/es\/produit\/cubo-orientable-inclinable\/#breadcrumb"},"inLanguage":"es","potentialAction":[{"@type":"ReadAction","target":["https:\/\/leite-europa.com\/es\/produit\/cubo-orientable-inclinable\/"]}]},{"@type":"ImageObject","inLanguage":"es","@id":"https:\/\/leite-europa.com\/es\/produit\/cubo-orientable-inclinable\/#primaryimage","url":"https:\/\/leite-europa.com\/wp-content\/uploads\/2023\/07\/IMG_6431.jpeg","contentUrl":"https:\/\/leite-europa.com\/wp-content\/uploads\/2023\/07\/IMG_6431.jpeg","width":1440,"height":1920,"caption":"Minipala basculante leite"},{"@type":"BreadcrumbList","@id":"https:\/\/leite-europa.com\/es\/produit\/cubo-orientable-inclinable\/#breadcrumb","itemListElement":[{"@type":"ListItem","position":1,"name":"Accueil","item":"https:\/\/leite-europa.com\/es\/inicio\/"},{"@type":"ListItem","position":2,"name":"Tienda","item":"https:\/\/leite-europa.com\/fr\/boutique\/"},{"@type":"ListItem","position":3,"name":"Cuchara basculante"}]},{"@type":"WebSite","@id":"https:\/\/leite-europa.com\/es\/#website","url":"https:\/\/leite-europa.com\/es\/","name":"Leite Europe","description":"","publisher":{"@id":"https:\/\/leite-europa.com\/es\/#organization"},"potentialAction":[{"@type":"SearchAction","target":{"@type":"EntryPoint","urlTemplate":"https:\/\/leite-europa.com\/es\/?s={search_term_string}"},"query-input":{"@type":"PropertyValueSpecification","valueRequired":true,"valueName":"search_term_string"}}],"inLanguage":"es"},{"@type":"Organization","@id":"https:\/\/leite-europa.com\/es\/#organization","name":"Leite Europe","url":"https:\/\/leite-europa.com\/es\/","logo":{"@type":"ImageObject","inLanguage":"es","@id":"https:\/\/leite-europa.com\/es\/#\/schema\/logo\/image\/","url":"https:\/\/leite-europa.com\/wp-content\/uploads\/2022\/12\/LOGO-LEITE.png","contentUrl":"https:\/\/leite-europa.com\/wp-content\/uploads\/2022\/12\/LOGO-LEITE.png","width":1024,"height":512,"caption":"Leite Europe"},"image":{"@id":"https:\/\/leite-europa.com\/es\/#\/schema\/logo\/image\/"},"sameAs":["https:\/\/www.facebook.com\/profile.php?id=100089192656837","https:\/\/www.instagram.com\/leite_france_minipelle\/","https:\/\/www.linkedin.com\/company\/leite-france\/"]}]}},"_links":{"self":[{"href":"https:\/\/leite-europa.com\/es\/wp-json\/wp\/v2\/product\/8270","targetHints":{"allow":["GET"]}}],"collection":[{"href":"https:\/\/leite-europa.com\/es\/wp-json\/wp\/v2\/product"}],"about":[{"href":"https:\/\/leite-europa.com\/es\/wp-json\/wp\/v2\/types\/product"}],"wp:featuredmedia":[{"embeddable":true,"href":"https:\/\/leite-europa.com\/es\/wp-json\/wp\/v2\/media\/4560"}],"wp:attachment":[{"href":"https:\/\/leite-europa.com\/es\/wp-json\/wp\/v2\/media?parent=8270"}],"wp:term":[{"taxonomy":"product_brand","embeddable":true,"href":"https:\/\/leite-europa.com\/es\/wp-json\/wp\/v2\/product_brand?post=8270"},{"taxonomy":"product_cat","embeddable":true,"href":"https:\/\/leite-europa.com\/es\/wp-json\/wp\/v2\/product_cat?post=8270"},{"taxonomy":"product_tag","embeddable":true,"href":"https:\/\/leite-europa.com\/es\/wp-json\/wp\/v2\/product_tag?post=8270"}],"curies":[{"name":"wp","href":"https:\/\/api.w.org\/{rel}","templated":true}]}}