{"id":8275,"date":"2023-11-07T18:47:30","date_gmt":"2023-11-07T17:47:30","guid":{"rendered":"https:\/\/leite-europa.com\/produit\/cierre-rapido-semiautomatico\/"},"modified":"2024-10-22T11:45:45","modified_gmt":"2024-10-22T09:45:45","slug":"cierre-rapido-semiautomatico","status":"publish","type":"product","link":"https:\/\/leite-europa.com\/es\/produit\/cierre-rapido-semiautomatico\/","title":{"rendered":"Enganche r\u00e1pido semiautom\u00e1tico"},"content":{"rendered":"<p>[et_pb_section fb_built=&#8221;1&#8243; _builder_version=&#8221;4.19.2&#8243; _module_preset=&#8221;default&#8221; background_color=&#8221;#FFFFFF&#8221; custom_padding=&#8221;||4px|||&#8221; global_colors_info=&#8221;{}&#8221;][et_pb_row column_structure=&#8221;1_2,1_2&#8243; _builder_version=&#8221;4.19.2&#8243; _module_preset=&#8221;default&#8221; global_colors_info=&#8221;{}&#8221;][et_pb_column type=&#8221;1_2&#8243; _builder_version=&#8221;4.19.2&#8243; _module_preset=&#8221;default&#8221; global_colors_info=&#8221;{}&#8221;][et_pb_gallery gallery_ids=&#8221;2892,2893,2894&#8243; fullwidth=&#8221;on&#8221; _builder_version=&#8221;4.22.2&#8243; _module_preset=&#8221;default&#8221; global_colors_info=&#8221;{}&#8221;][\/et_pb_gallery][\/et_pb_column][et_pb_column type=&#8221;1_2&#8243; _builder_version=&#8221;4.19.2&#8243; _module_preset=&#8221;default&#8221; global_colors_info=&#8221;{}&#8221;][et_pb_text _builder_version=&#8221;4.22.2&#8243; _module_preset=&#8221;default&#8221; text_line_height=&#8221;2em&#8221; global_colors_info=&#8221;{}&#8221;]<\/p>\n<h2><span style=\"color: #ff6600;\">&#8220;Una soluci\u00f3n para ahorrar a\u00fan m\u00e1s tiempo&#8221;.<\/span><\/h2>\n<p>[\/et_pb_text][et_pb_text _builder_version=&#8221;4.22.2&#8243; _module_preset=&#8221;default&#8221; text_text_color=&#8221;#484F54&#8243; global_colors_info=&#8221;{}&#8221;]<\/p>\n<p>El enganche r\u00e1pido semiautom\u00e1tico Leite para miniexcavadoras est\u00e1 dise\u00f1ado para maximizar la productividad y versatilidad de su maquinaria de obra. Fabricado con materiales de alta calidad, este implemento garantiza durabilidad y fiabilidad durante las operaciones de movimiento de tierras.<\/p>\n<p><strong>Caracter\u00edsticas principales:<\/strong><\/p>\n<ol>\n<li><strong>Sistema semiautom\u00e1tico:<\/strong> permite cambiar los accesorios de forma r\u00e1pida y sencilla sin necesidad de herramientas adicionales.<\/li>\n<li><strong>Compatibilidad universal:<\/strong> Dise\u00f1ada para adaptarse perfectamente a todas las miniexcavadoras Leite, garantizando una integraci\u00f3n fluida y eficaz.<\/li>\n<li><strong>Materiales robustos :<\/strong> Fabricados en acero de alta calidad, ofrecen una resistencia \u00f3ptima a la corrosi\u00f3n y al desgaste.<\/li>\n<li><strong>Seguridad \u00f3ptima:<\/strong> equipado con un mecanismo de bloqueo seguro para evitar que se suelte accidentalmente durante el funcionamiento.<\/li>\n<li><strong>Peso:<\/strong> Ligero y robusto, este acoplamiento r\u00e1pido a\u00f1ade poco peso adicional a su m\u00e1quina, preservando su rendimiento original.<\/li>\n<\/ol>\n<p>[\/et_pb_text][\/et_pb_column][\/et_pb_row][et_pb_row _builder_version=&#8221;4.22.2&#8243; _module_preset=&#8221;default&#8221; global_colors_info=&#8221;{}&#8221;][et_pb_column type=&#8221;4_4&#8243; _builder_version=&#8221;4.22.2&#8243; _module_preset=&#8221;default&#8221; global_colors_info=&#8221;{}&#8221;][et_pb_text _builder_version=&#8221;4.22.2&#8243; _module_preset=&#8221;default&#8221; text_text_color=&#8221;#484F54&#8243; global_colors_info=&#8221;{}&#8221;]<\/p>\n<p><strong>Ventajas :<\/strong><\/p>\n<ul>\n<li><strong>Versatilidad:<\/strong> Permite al operador cambiar r\u00e1pidamente entre diferentes implementos, como cucharones, martillos, cucharas, etc.<\/li>\n<li><strong>Ahorro de tiempo:<\/strong> reduce considerablemente el tiempo necesario para cambiar los accesorios, lo que aumenta la productividad in situ.<\/li>\n<li><strong>Durabilidad:<\/strong> Gracias a su robusta construcci\u00f3n, el cierre r\u00e1pido garantiza una larga vida \u00fatil incluso en las condiciones m\u00e1s duras.<\/li>\n<li><strong>F\u00e1cil de instalar:<\/strong> el implemento est\u00e1 dise\u00f1ado para una instalaci\u00f3n r\u00e1pida y sencilla, sin necesidad de realizar grandes modificaciones en su miniexcavadora.<\/li>\n<\/ul>\n<p>Aumente la capacidad de su miniexcavadora Leite para adaptarse a las diferentes necesidades del lugar de trabajo con el enganche r\u00e1pido semiautom\u00e1tico. Haga que cada minuto en el campo cuente reduciendo los tiempos de cambio de implementos y aumentando la versatilidad de su m\u00e1quina. Invierta en rendimiento, seguridad y eficacia con este accesorio esencial.<\/p>\n<p>[\/et_pb_text][\/et_pb_column][\/et_pb_row][\/et_pb_section][et_pb_section fb_built=&#8221;1&#8243; _builder_version=&#8221;4.19.4&#8243; _module_preset=&#8221;default&#8221; background_color=&#8221;RGBA(255,255,255,0)&#8221; custom_padding=&#8221;2px||4px|||&#8221; global_colors_info=&#8221;{}&#8221;][et_pb_row column_structure=&#8221;1_3,1_3,1_3&#8243; _builder_version=&#8221;4.19.4&#8243; _module_preset=&#8221;default&#8221; animation_direction=&#8221;bottom&#8221; global_colors_info=&#8221;{}&#8221;][et_pb_column type=&#8221;1_3&#8243; _builder_version=&#8221;4.19.4&#8243; _module_preset=&#8221;default&#8221; global_colors_info=&#8221;{}&#8221;][et_pb_image src=&#8221;https:\/\/leite-france.fr\/wp-content\/uploads\/2023\/10\/1.png&#8221; alt=&#8221;Enganche r\u00e1pido semiautom\u00e1tico para miniexcavadoras Dimensiones Leite&#8221; title_text=&#8221;Enganche r\u00e1pido semiautom\u00e1tico para miniexcavadoras Dimensiones Leite&#8221; _builder_version=&#8221;4.22.2&#8243; _module_preset=&#8221;default&#8221; global_colors_info=&#8221;{}&#8221;][\/et_pb_image][\/et_pb_column][et_pb_column type=&#8221;1_3&#8243; _builder_version=&#8221;4.19.4&#8243; _module_preset=&#8221;default&#8221; global_colors_info=&#8221;{}&#8221;][et_pb_image src=&#8221;https:\/\/leite-france.fr\/wp-content\/uploads\/2023\/10\/2.png&#8221; alt=&#8221;Enganche r\u00e1pido semiautom\u00e1tico para miniexcavadoras Dimensiones Leite&#8221; title_text=&#8221;Enganche r\u00e1pido semiautom\u00e1tico para miniexcavadoras Dimensiones Leite&#8221; _builder_version=&#8221;4.22.2&#8243; _module_preset=&#8221;default&#8221; global_colors_info=&#8221;{}&#8221;][\/et_pb_image][\/et_pb_column][et_pb_column type=&#8221;1_3&#8243; _builder_version=&#8221;4.19.4&#8243; _module_preset=&#8221;default&#8221; global_colors_info=&#8221;{}&#8221;][et_pb_image src=&#8221;https:\/\/leite-france.fr\/wp-content\/uploads\/2023\/10\/3.png&#8221; alt=&#8221;Enganche r\u00e1pido para miniexcavadora semiautom\u00e1tica Leite&#8221; title_text=&#8221;Enganche r\u00e1pido semiautom\u00e1tico para miniexcavadoras Dimensiones Leite&#8221; _builder_version=&#8221;4.22.2&#8243; _module_preset=&#8221;default&#8221; global_colors_info=&#8221;{}&#8221;][\/et_pb_image][\/et_pb_column][\/et_pb_row][\/et_pb_section]<\/p>\n","protected":false},"excerpt":{"rendered":"<p>&#8220;Una soluci\u00f3n para ahorrar a\u00fan m\u00e1s tiempo&#8221;.El enganche r\u00e1pido semiautom\u00e1tico Leite para miniexcavadoras est\u00e1 dise\u00f1ado para maximizar la productividad y versatilidad de su maquinaria de obra. Fabricado con materiales de alta calidad, este implemento garantiza durabilidad y fiabilidad durante las operaciones de movimiento de tierras. Caracter\u00edsticas principales: Sistema semiautom\u00e1tico: permite cambiar los accesorios de forma [&hellip;]<\/p>\n","protected":false},"featured_media":4960,"template":"","meta":{"_et_pb_use_builder":"on","_et_pb_old_content":"","_et_gb_content_width":""},"product_brand":[],"product_cat":[189,201,204,291],"product_tag":[],"class_list":{"0":"post-8275","1":"product","2":"type-product","3":"status-publish","4":"has-post-thumbnail","6":"product_cat-accesorios-para-miniexcavadoras","7":"product_cat-accesorios-para-miniexcavadoras-cl12s","8":"product_cat-accesorios-para-miniexcavadoras-cl18s-es","9":"product_cat-accesorios-para-miniexcavadoras-cl20","11":"first","12":"instock","13":"taxable","14":"shipping-taxable","15":"purchasable","16":"product-type-variable"},"yoast_head":"<!-- This site is optimized with the Yoast SEO plugin v27.4 - https:\/\/yoast.com\/product\/yoast-seo-wordpress\/ -->\n<title>Enganche r\u00e1pido semiautom\u00e1tico - Leite Europe<\/title>\n<meta name=\"description\" content=\"Maximice la versatilidad de sus miniexcavadoras Leite con nuestro enganche r\u00e1pido semiautom\u00e1tico. Durabilidad, seguridad y facilidad de uso.\" \/>\n<meta name=\"robots\" content=\"index, follow, max-snippet:-1, max-image-preview:large, max-video-preview:-1\" \/>\n<link rel=\"canonical\" href=\"https:\/\/leite-europa.com\/es\/produit\/cierre-rapido-semiautomatico\/\" \/>\n<meta property=\"og:locale\" content=\"es_ES\" \/>\n<meta property=\"og:type\" content=\"article\" \/>\n<meta property=\"og:title\" content=\"Enganche r\u00e1pido semiautom\u00e1tico - Leite Europe\" \/>\n<meta property=\"og:description\" content=\"Maximice la versatilidad de sus miniexcavadoras Leite con nuestro enganche r\u00e1pido semiautom\u00e1tico. Durabilidad, seguridad y facilidad de uso.\" \/>\n<meta property=\"og:url\" content=\"https:\/\/leite-europa.com\/es\/produit\/cierre-rapido-semiautomatico\/\" \/>\n<meta property=\"og:site_name\" content=\"Leite Europe\" \/>\n<meta property=\"article:publisher\" content=\"https:\/\/www.facebook.com\/profile.php?id=100089192656837\" \/>\n<meta property=\"article:modified_time\" content=\"2024-10-22T09:45:45+00:00\" \/>\n<meta property=\"og:image\" content=\"https:\/\/leite-europa.com\/wp-content\/uploads\/2023\/10\/thumbnail_IMG_7072.jpg\" \/>\n\t<meta property=\"og:image:width\" content=\"1440\" \/>\n\t<meta property=\"og:image:height\" content=\"1920\" \/>\n\t<meta property=\"og:image:type\" content=\"image\/jpeg\" \/>\n<meta name=\"twitter:card\" content=\"summary_large_image\" \/>\n<meta name=\"twitter:label1\" content=\"Tiempo de lectura\" \/>\n\t<meta name=\"twitter:data1\" content=\"3 minutos\" \/>\n<script type=\"application\/ld+json\" class=\"yoast-schema-graph\">{\"@context\":\"https:\\\/\\\/schema.org\",\"@graph\":[{\"@type\":\"WebPage\",\"@id\":\"https:\\\/\\\/leite-europa.com\\\/es\\\/produit\\\/cierre-rapido-semiautomatico\\\/\",\"url\":\"https:\\\/\\\/leite-europa.com\\\/es\\\/produit\\\/cierre-rapido-semiautomatico\\\/\",\"name\":\"Enganche r\u00e1pido semiautom\u00e1tico - Leite Europe\",\"isPartOf\":{\"@id\":\"https:\\\/\\\/leite-europa.com\\\/es\\\/#website\"},\"primaryImageOfPage\":{\"@id\":\"https:\\\/\\\/leite-europa.com\\\/es\\\/produit\\\/cierre-rapido-semiautomatico\\\/#primaryimage\"},\"image\":{\"@id\":\"https:\\\/\\\/leite-europa.com\\\/es\\\/produit\\\/cierre-rapido-semiautomatico\\\/#primaryimage\"},\"thumbnailUrl\":\"https:\\\/\\\/leite-europa.com\\\/wp-content\\\/uploads\\\/2023\\\/10\\\/thumbnail_IMG_7072.jpg\",\"datePublished\":\"2023-11-07T17:47:30+00:00\",\"dateModified\":\"2024-10-22T09:45:45+00:00\",\"description\":\"Maximice la versatilidad de sus miniexcavadoras Leite con nuestro enganche r\u00e1pido semiautom\u00e1tico. Durabilidad, seguridad y facilidad de uso.\",\"breadcrumb\":{\"@id\":\"https:\\\/\\\/leite-europa.com\\\/es\\\/produit\\\/cierre-rapido-semiautomatico\\\/#breadcrumb\"},\"inLanguage\":\"es\",\"potentialAction\":[{\"@type\":\"ReadAction\",\"target\":[\"https:\\\/\\\/leite-europa.com\\\/es\\\/produit\\\/cierre-rapido-semiautomatico\\\/\"]}]},{\"@type\":\"ImageObject\",\"inLanguage\":\"es\",\"@id\":\"https:\\\/\\\/leite-europa.com\\\/es\\\/produit\\\/cierre-rapido-semiautomatico\\\/#primaryimage\",\"url\":\"https:\\\/\\\/leite-europa.com\\\/wp-content\\\/uploads\\\/2023\\\/10\\\/thumbnail_IMG_7072.jpg\",\"contentUrl\":\"https:\\\/\\\/leite-europa.com\\\/wp-content\\\/uploads\\\/2023\\\/10\\\/thumbnail_IMG_7072.jpg\",\"width\":1440,\"height\":1920,\"caption\":\"Enganche r\u00e1pido para miniexcavadora semiautom\u00e1tica Leite\"},{\"@type\":\"BreadcrumbList\",\"@id\":\"https:\\\/\\\/leite-europa.com\\\/es\\\/produit\\\/cierre-rapido-semiautomatico\\\/#breadcrumb\",\"itemListElement\":[{\"@type\":\"ListItem\",\"position\":1,\"name\":\"Accueil\",\"item\":\"https:\\\/\\\/leite-europa.com\\\/es\\\/inicio\\\/\"},{\"@type\":\"ListItem\",\"position\":2,\"name\":\"Tienda\",\"item\":\"https:\\\/\\\/leite-europa.com\\\/fr\\\/boutique\\\/\"},{\"@type\":\"ListItem\",\"position\":3,\"name\":\"Enganche r\u00e1pido semiautom\u00e1tico\"}]},{\"@type\":\"WebSite\",\"@id\":\"https:\\\/\\\/leite-europa.com\\\/es\\\/#website\",\"url\":\"https:\\\/\\\/leite-europa.com\\\/es\\\/\",\"name\":\"Leite Europe\",\"description\":\"\",\"publisher\":{\"@id\":\"https:\\\/\\\/leite-europa.com\\\/es\\\/#organization\"},\"potentialAction\":[{\"@type\":\"SearchAction\",\"target\":{\"@type\":\"EntryPoint\",\"urlTemplate\":\"https:\\\/\\\/leite-europa.com\\\/es\\\/?s={search_term_string}\"},\"query-input\":{\"@type\":\"PropertyValueSpecification\",\"valueRequired\":true,\"valueName\":\"search_term_string\"}}],\"inLanguage\":\"es\"},{\"@type\":\"Organization\",\"@id\":\"https:\\\/\\\/leite-europa.com\\\/es\\\/#organization\",\"name\":\"Leite Europe\",\"url\":\"https:\\\/\\\/leite-europa.com\\\/es\\\/\",\"logo\":{\"@type\":\"ImageObject\",\"inLanguage\":\"es\",\"@id\":\"https:\\\/\\\/leite-europa.com\\\/es\\\/#\\\/schema\\\/logo\\\/image\\\/\",\"url\":\"https:\\\/\\\/leite-europa.com\\\/wp-content\\\/uploads\\\/2022\\\/12\\\/LOGO-LEITE.png\",\"contentUrl\":\"https:\\\/\\\/leite-europa.com\\\/wp-content\\\/uploads\\\/2022\\\/12\\\/LOGO-LEITE.png\",\"width\":1024,\"height\":512,\"caption\":\"Leite Europe\"},\"image\":{\"@id\":\"https:\\\/\\\/leite-europa.com\\\/es\\\/#\\\/schema\\\/logo\\\/image\\\/\"},\"sameAs\":[\"https:\\\/\\\/www.facebook.com\\\/profile.php?id=100089192656837\",\"https:\\\/\\\/www.instagram.com\\\/leite_france_minipelle\\\/\",\"https:\\\/\\\/www.linkedin.com\\\/company\\\/leite-france\\\/\"]}]}<\/script>\n<!-- \/ Yoast SEO plugin. -->","yoast_head_json":{"title":"Enganche r\u00e1pido semiautom\u00e1tico - Leite Europe","description":"Maximice la versatilidad de sus miniexcavadoras Leite con nuestro enganche r\u00e1pido semiautom\u00e1tico. Durabilidad, seguridad y facilidad de uso.","robots":{"index":"index","follow":"follow","max-snippet":"max-snippet:-1","max-image-preview":"max-image-preview:large","max-video-preview":"max-video-preview:-1"},"canonical":"https:\/\/leite-europa.com\/es\/produit\/cierre-rapido-semiautomatico\/","og_locale":"es_ES","og_type":"article","og_title":"Enganche r\u00e1pido semiautom\u00e1tico - Leite Europe","og_description":"Maximice la versatilidad de sus miniexcavadoras Leite con nuestro enganche r\u00e1pido semiautom\u00e1tico. Durabilidad, seguridad y facilidad de uso.","og_url":"https:\/\/leite-europa.com\/es\/produit\/cierre-rapido-semiautomatico\/","og_site_name":"Leite Europe","article_publisher":"https:\/\/www.facebook.com\/profile.php?id=100089192656837","article_modified_time":"2024-10-22T09:45:45+00:00","og_image":[{"width":1440,"height":1920,"url":"https:\/\/leite-europa.com\/wp-content\/uploads\/2023\/10\/thumbnail_IMG_7072.jpg","type":"image\/jpeg"}],"twitter_card":"summary_large_image","twitter_misc":{"Tiempo de lectura":"3 minutos"},"schema":{"@context":"https:\/\/schema.org","@graph":[{"@type":"WebPage","@id":"https:\/\/leite-europa.com\/es\/produit\/cierre-rapido-semiautomatico\/","url":"https:\/\/leite-europa.com\/es\/produit\/cierre-rapido-semiautomatico\/","name":"Enganche r\u00e1pido semiautom\u00e1tico - Leite Europe","isPartOf":{"@id":"https:\/\/leite-europa.com\/es\/#website"},"primaryImageOfPage":{"@id":"https:\/\/leite-europa.com\/es\/produit\/cierre-rapido-semiautomatico\/#primaryimage"},"image":{"@id":"https:\/\/leite-europa.com\/es\/produit\/cierre-rapido-semiautomatico\/#primaryimage"},"thumbnailUrl":"https:\/\/leite-europa.com\/wp-content\/uploads\/2023\/10\/thumbnail_IMG_7072.jpg","datePublished":"2023-11-07T17:47:30+00:00","dateModified":"2024-10-22T09:45:45+00:00","description":"Maximice la versatilidad de sus miniexcavadoras Leite con nuestro enganche r\u00e1pido semiautom\u00e1tico. Durabilidad, seguridad y facilidad de uso.","breadcrumb":{"@id":"https:\/\/leite-europa.com\/es\/produit\/cierre-rapido-semiautomatico\/#breadcrumb"},"inLanguage":"es","potentialAction":[{"@type":"ReadAction","target":["https:\/\/leite-europa.com\/es\/produit\/cierre-rapido-semiautomatico\/"]}]},{"@type":"ImageObject","inLanguage":"es","@id":"https:\/\/leite-europa.com\/es\/produit\/cierre-rapido-semiautomatico\/#primaryimage","url":"https:\/\/leite-europa.com\/wp-content\/uploads\/2023\/10\/thumbnail_IMG_7072.jpg","contentUrl":"https:\/\/leite-europa.com\/wp-content\/uploads\/2023\/10\/thumbnail_IMG_7072.jpg","width":1440,"height":1920,"caption":"Enganche r\u00e1pido para miniexcavadora semiautom\u00e1tica Leite"},{"@type":"BreadcrumbList","@id":"https:\/\/leite-europa.com\/es\/produit\/cierre-rapido-semiautomatico\/#breadcrumb","itemListElement":[{"@type":"ListItem","position":1,"name":"Accueil","item":"https:\/\/leite-europa.com\/es\/inicio\/"},{"@type":"ListItem","position":2,"name":"Tienda","item":"https:\/\/leite-europa.com\/fr\/boutique\/"},{"@type":"ListItem","position":3,"name":"Enganche r\u00e1pido semiautom\u00e1tico"}]},{"@type":"WebSite","@id":"https:\/\/leite-europa.com\/es\/#website","url":"https:\/\/leite-europa.com\/es\/","name":"Leite Europe","description":"","publisher":{"@id":"https:\/\/leite-europa.com\/es\/#organization"},"potentialAction":[{"@type":"SearchAction","target":{"@type":"EntryPoint","urlTemplate":"https:\/\/leite-europa.com\/es\/?s={search_term_string}"},"query-input":{"@type":"PropertyValueSpecification","valueRequired":true,"valueName":"search_term_string"}}],"inLanguage":"es"},{"@type":"Organization","@id":"https:\/\/leite-europa.com\/es\/#organization","name":"Leite Europe","url":"https:\/\/leite-europa.com\/es\/","logo":{"@type":"ImageObject","inLanguage":"es","@id":"https:\/\/leite-europa.com\/es\/#\/schema\/logo\/image\/","url":"https:\/\/leite-europa.com\/wp-content\/uploads\/2022\/12\/LOGO-LEITE.png","contentUrl":"https:\/\/leite-europa.com\/wp-content\/uploads\/2022\/12\/LOGO-LEITE.png","width":1024,"height":512,"caption":"Leite Europe"},"image":{"@id":"https:\/\/leite-europa.com\/es\/#\/schema\/logo\/image\/"},"sameAs":["https:\/\/www.facebook.com\/profile.php?id=100089192656837","https:\/\/www.instagram.com\/leite_france_minipelle\/","https:\/\/www.linkedin.com\/company\/leite-france\/"]}]}},"_links":{"self":[{"href":"https:\/\/leite-europa.com\/es\/wp-json\/wp\/v2\/product\/8275","targetHints":{"allow":["GET"]}}],"collection":[{"href":"https:\/\/leite-europa.com\/es\/wp-json\/wp\/v2\/product"}],"about":[{"href":"https:\/\/leite-europa.com\/es\/wp-json\/wp\/v2\/types\/product"}],"wp:featuredmedia":[{"embeddable":true,"href":"https:\/\/leite-europa.com\/es\/wp-json\/wp\/v2\/media\/4960"}],"wp:attachment":[{"href":"https:\/\/leite-europa.com\/es\/wp-json\/wp\/v2\/media?parent=8275"}],"wp:term":[{"taxonomy":"product_brand","embeddable":true,"href":"https:\/\/leite-europa.com\/es\/wp-json\/wp\/v2\/product_brand?post=8275"},{"taxonomy":"product_cat","embeddable":true,"href":"https:\/\/leite-europa.com\/es\/wp-json\/wp\/v2\/product_cat?post=8275"},{"taxonomy":"product_tag","embeddable":true,"href":"https:\/\/leite-europa.com\/es\/wp-json\/wp\/v2\/product_tag?post=8275"}],"curies":[{"name":"wp","href":"https:\/\/api.w.org\/{rel}","templated":true}]}}