{"id":8291,"date":"2023-11-07T13:52:06","date_gmt":"2023-11-07T12:52:06","guid":{"rendered":"https:\/\/leite-europa.com\/produit\/quitanieves\/"},"modified":"2024-10-23T11:19:28","modified_gmt":"2024-10-23T09:19:28","slug":"pala-quitanieves","status":"publish","type":"product","link":"https:\/\/leite-europa.com\/es\/produit\/pala-quitanieves\/","title":{"rendered":"Quitanieves"},"content":{"rendered":"<p>[et_pb_section fb_built=&#8221;1&#8243; _builder_version=&#8221;4.19.2&#8243; _module_preset=&#8221;default&#8221; background_color=&#8221;#FFFFFF&#8221; custom_padding=&#8221;||4px|||&#8221; global_colors_info=&#8221;{}&#8221; theme_builder_area=&#8221;post_content&#8221;][et_pb_row column_structure=&#8221;1_2,1_2&#8243; _builder_version=&#8221;4.19.2&#8243; _module_preset=&#8221;default&#8221; global_colors_info=&#8221;{}&#8221; theme_builder_area=&#8221;post_content&#8221;][et_pb_column type=&#8221;1_2&#8243; _builder_version=&#8221;4.19.2&#8243; _module_preset=&#8221;default&#8221; global_colors_info=&#8221;{}&#8221; theme_builder_area=&#8221;post_content&#8221;][et_pb_gallery gallery_ids=&#8221;2148&#8243; fullwidth=&#8221;on&#8221; _builder_version=&#8221;4.20.4&#8243; _module_preset=&#8221;default&#8221; global_colors_info=&#8221;{}&#8221; theme_builder_area=&#8221;post_content&#8221;][\/et_pb_gallery][\/et_pb_column][et_pb_column type=&#8221;1_2&#8243; _builder_version=&#8221;4.19.2&#8243; _module_preset=&#8221;default&#8221; global_colors_info=&#8221;{}&#8221; theme_builder_area=&#8221;post_content&#8221;][et_pb_text _builder_version=&#8221;4.20.4&#8243; _module_preset=&#8221;default&#8221; text_line_height=&#8221;2em&#8221; header_2_text_color=&#8221;#E75F0D&#8221; global_colors_info=&#8221;{}&#8221; theme_builder_area=&#8221;post_content&#8221;]<\/p>\n<h2>&#8220;Tu aliado imprescindible para afrontar el invierno&#8221;.<\/h2>\n<p>[\/et_pb_text][et_pb_text _builder_version=&#8221;4.20.4&#8243; _module_preset=&#8221;default&#8221; text_orientation=&#8221;justified&#8221; global_colors_info=&#8221;{}&#8221; theme_builder_area=&#8221;post_content&#8221;]<\/p>\n<p>Convierta su minicargadora Leite LTH380 en una m\u00e1quina quitanieves con nuestra cuchilla quitanieves adaptable. Dise\u00f1ada para soportar los rigores del invierno, esta cuchilla quitanieves est\u00e1 equipada con una potente chimenea para soplar la nieve hacia los lados. Es la herramienta perfecta para despejar r\u00e1pidamente carreteras, entradas de veh\u00edculos y zonas de aparcamiento, para que pueda seguir trabajando haga el tiempo que haga.<\/p>\n<p>[\/et_pb_text][\/et_pb_column][\/et_pb_row][et_pb_row _builder_version=&#8221;4.20.4&#8243; _module_preset=&#8221;default&#8221; global_colors_info=&#8221;{}&#8221; theme_builder_area=&#8221;post_content&#8221;][et_pb_column type=&#8221;4_4&#8243; _builder_version=&#8221;4.20.4&#8243; _module_preset=&#8221;default&#8221; global_colors_info=&#8221;{}&#8221; theme_builder_area=&#8221;post_content&#8221;][et_pb_text _builder_version=&#8221;4.27.0&#8243; _module_preset=&#8221;default&#8221; hover_enabled=&#8221;0&#8243; global_colors_info=&#8221;{}&#8221; theme_builder_area=&#8221;post_content&#8221; sticky_enabled=&#8221;0&#8243;]<\/p>\n<p><strong>Caracter\u00edsticas :<\/strong><\/p>\n<ul>\n<li><span style=\"font-size: 14px;\"><strong>F\u00e1cil de instalar:<\/strong> Nuestra cuchilla quitanieves se adapta perfecta y r\u00e1pidamente a su minicargadora LTH380 Leite, ofreci\u00e9ndole una soluci\u00f3n eficaz para quitar la nieve en un abrir y cerrar de ojos. <\/span><\/li>\n<li><span style=\"font-size: 14px;\"><strong>Eficacia superior:<\/strong> La cuchilla quitanieves est\u00e1 equipada con una amplia hoja para recoger la nieve y una potente chimenea que la sopla eficazmente hacia los lados, despejando un carril ancho en una sola pasada. <\/span><\/li>\n<li><span style=\"font-size: 14px;\"><strong>Dise\u00f1o robusto:<\/strong> Fabricada con materiales de calidad, esta cuchilla quitanieves est\u00e1 dise\u00f1ada para soportar las condiciones invernales m\u00e1s duras y durar muchas temporadas. <\/span><\/li>\n<li><span style=\"font-size: 14px;\"><strong>Ajuste flexible:<\/strong> La chimenea ajustable le permite controlar con precisi\u00f3n la direcci\u00f3n en la que sopla la nieve, logrando una limpieza m\u00e1s eficaz y selectiva. <\/span><\/li>\n<\/ul>\n<p><strong><span style=\"font-size: 14px;\">La promesa de nuestro quitanieves: <\/span><\/strong><\/p>\n<ul>\n<li><span style=\"font-size: 14px;\"><strong>Velocidad:<\/strong> No deje que la nieve dicte su horario. Con nuestra cuchilla quitanieves, quite la nieve de forma r\u00e1pida y eficaz, para que pueda volver al trabajo enseguida. <\/span><\/li>\n<li><span style=\"font-size: 14px;\"><strong>M\u00e1xima eficacia:<\/strong> Con la chimenea del soplador de nieve, puede mover la nieve donde no le moleste, logrando una limpieza \u00f3ptima. <\/span><\/li>\n<li><span style=\"font-size: 14px;\"><strong>Ahorro:<\/strong> Al adaptar la cuchilla quitanieves a su minicargadora LTH380 Leite existente, ahorrar\u00e1 los costes asociados a la compra de equipos especializados para la retirada de nieve. <\/span><\/li>\n<\/ul>\n<p><strong><span style=\"font-size: 14px;\">En pocas palabras: <\/span><\/strong><\/p>\n<p><span style=\"font-size: 14px;\">Nuestra minicargadora quitanieves LTH380 Leite es su mejor defensa contra el invierno. Ofrece un rendimiento y una facilidad de uso excepcionales, despejando la nieve con eficacia y precisi\u00f3n. Con nuestra cuchilla quitanieves, podr\u00e1 afrontar el invierno con confianza y eficiencia.<\/span><\/p>\n<p>&nbsp;<\/p>\n<p>[\/et_pb_text][\/et_pb_column][\/et_pb_row][\/et_pb_section][et_pb_section fb_built=&#8221;1&#8243; _builder_version=&#8221;4.20.4&#8243; _module_preset=&#8221;default&#8221; global_colors_info=&#8221;{}&#8221; theme_builder_area=&#8221;post_content&#8221;][et_pb_row column_structure=&#8221;1_2,1_2&#8243; _builder_version=&#8221;4.20.4&#8243; _module_preset=&#8221;default&#8221; global_colors_info=&#8221;{}&#8221; theme_builder_area=&#8221;post_content&#8221;][et_pb_column type=&#8221;1_2&#8243; _builder_version=&#8221;4.20.4&#8243; _module_preset=&#8221;default&#8221; global_colors_info=&#8221;{}&#8221; theme_builder_area=&#8221;post_content&#8221;][et_pb_image src=&#8221;https:\/\/leite-france.fr\/wp-content\/uploads\/2023\/08\/0Q8A9552.jpg&#8221; alt=&#8221;LTH380 Mini cargador quitanieves Leite&#8221; title_text=&#8221;LTH380 Mini cargador quitanieves Leite&#8221; _builder_version=&#8221;4.20.4&#8243; _module_preset=&#8221;default&#8221; global_colors_info=&#8221;{}&#8221; theme_builder_area=&#8221;post_content&#8221;][\/et_pb_image][\/et_pb_column][et_pb_column type=&#8221;1_2&#8243; _builder_version=&#8221;4.20.4&#8243; _module_preset=&#8221;default&#8221; global_colors_info=&#8221;{}&#8221; theme_builder_area=&#8221;post_content&#8221;][et_pb_image src=&#8221;https:\/\/leite-france.fr\/wp-content\/uploads\/2023\/08\/0Q8A9502.jpg&#8221; alt=&#8221;LTH380 Mini cargador quitanieves Leite&#8221; title_text=&#8221;LTH380 Mini cargador quitanieves Leite&#8221; _builder_version=&#8221;4.20.4&#8243; _module_preset=&#8221;default&#8221; global_colors_info=&#8221;{}&#8221; theme_builder_area=&#8221;post_content&#8221;][\/et_pb_image][\/et_pb_column][\/et_pb_row][\/et_pb_section]<\/p>\n","protected":false},"excerpt":{"rendered":"<p>&#8220;Tu aliado imprescindible para afrontar el invierno&#8221;.Convierta su minicargadora Leite LTH380 en una m\u00e1quina quitanieves con nuestra cuchilla quitanieves adaptable. Dise\u00f1ada para soportar los rigores del invierno, esta cuchilla quitanieves est\u00e1 equipada con una potente chimenea para soplar la nieve hacia los lados. Es la herramienta perfecta para despejar r\u00e1pidamente carreteras, entradas de veh\u00edculos y [&hellip;]<\/p>\n","protected":false},"featured_media":4308,"template":"","meta":{"_et_pb_use_builder":"on","_et_pb_old_content":"","_et_gb_content_width":""},"product_brand":[],"product_cat":[308,198],"product_tag":[],"class_list":{"0":"post-8291","1":"product","2":"type-product","3":"status-publish","4":"has-post-thumbnail","6":"product_cat-accesorios-minicargador-lth380","7":"product_cat-accesorios-para-minicargadores","9":"first","10":"instock","11":"taxable","12":"shipping-taxable","13":"purchasable","14":"product-type-simple"},"yoast_head":"<!-- This site is optimized with the Yoast SEO plugin v27.4 - https:\/\/yoast.com\/product\/yoast-seo-wordpress\/ -->\n<title>Quitanieves - Leite Europe<\/title>\n<meta name=\"description\" content=\"Convierta su minicargadora Leite LTH380 en una m\u00e1quina quitanieves con nuestra cuchilla quitanieves adaptable.\" \/>\n<meta name=\"robots\" content=\"index, follow, max-snippet:-1, max-image-preview:large, max-video-preview:-1\" \/>\n<link rel=\"canonical\" href=\"https:\/\/leite-europa.com\/es\/produit\/pala-quitanieves\/\" \/>\n<meta property=\"og:locale\" content=\"es_ES\" \/>\n<meta property=\"og:type\" content=\"article\" \/>\n<meta property=\"og:title\" content=\"Quitanieves - Leite Europe\" \/>\n<meta property=\"og:description\" content=\"Convierta su minicargadora Leite LTH380 en una m\u00e1quina quitanieves con nuestra cuchilla quitanieves adaptable.\" \/>\n<meta property=\"og:url\" content=\"https:\/\/leite-europa.com\/es\/produit\/pala-quitanieves\/\" \/>\n<meta property=\"og:site_name\" content=\"Leite Europe\" \/>\n<meta property=\"article:publisher\" content=\"https:\/\/www.facebook.com\/profile.php?id=100089192656837\" \/>\n<meta property=\"article:modified_time\" content=\"2024-10-23T09:19:28+00:00\" \/>\n<meta property=\"og:image\" content=\"https:\/\/leite-europa.com\/wp-content\/uploads\/2023\/08\/0Q8A9541.jpg\" \/>\n\t<meta property=\"og:image:width\" content=\"1920\" \/>\n\t<meta property=\"og:image:height\" content=\"1440\" \/>\n\t<meta property=\"og:image:type\" content=\"image\/jpeg\" \/>\n<meta name=\"twitter:card\" content=\"summary_large_image\" \/>\n<meta name=\"twitter:label1\" content=\"Tiempo de lectura\" \/>\n\t<meta name=\"twitter:data1\" content=\"4 minutos\" \/>\n<script type=\"application\/ld+json\" class=\"yoast-schema-graph\">{\"@context\":\"https:\\\/\\\/schema.org\",\"@graph\":[{\"@type\":\"WebPage\",\"@id\":\"https:\\\/\\\/leite-europa.com\\\/es\\\/produit\\\/pala-quitanieves\\\/\",\"url\":\"https:\\\/\\\/leite-europa.com\\\/es\\\/produit\\\/pala-quitanieves\\\/\",\"name\":\"Quitanieves - Leite Europe\",\"isPartOf\":{\"@id\":\"https:\\\/\\\/leite-europa.com\\\/es\\\/#website\"},\"primaryImageOfPage\":{\"@id\":\"https:\\\/\\\/leite-europa.com\\\/es\\\/produit\\\/pala-quitanieves\\\/#primaryimage\"},\"image\":{\"@id\":\"https:\\\/\\\/leite-europa.com\\\/es\\\/produit\\\/pala-quitanieves\\\/#primaryimage\"},\"thumbnailUrl\":\"https:\\\/\\\/leite-europa.com\\\/wp-content\\\/uploads\\\/2023\\\/08\\\/0Q8A9541.jpg\",\"datePublished\":\"2023-11-07T12:52:06+00:00\",\"dateModified\":\"2024-10-23T09:19:28+00:00\",\"description\":\"Convierta su minicargadora Leite LTH380 en una m\u00e1quina quitanieves con nuestra cuchilla quitanieves adaptable.\",\"breadcrumb\":{\"@id\":\"https:\\\/\\\/leite-europa.com\\\/es\\\/produit\\\/pala-quitanieves\\\/#breadcrumb\"},\"inLanguage\":\"es\",\"potentialAction\":[{\"@type\":\"ReadAction\",\"target\":[\"https:\\\/\\\/leite-europa.com\\\/es\\\/produit\\\/pala-quitanieves\\\/\"]}]},{\"@type\":\"ImageObject\",\"inLanguage\":\"es\",\"@id\":\"https:\\\/\\\/leite-europa.com\\\/es\\\/produit\\\/pala-quitanieves\\\/#primaryimage\",\"url\":\"https:\\\/\\\/leite-europa.com\\\/wp-content\\\/uploads\\\/2023\\\/08\\\/0Q8A9541.jpg\",\"contentUrl\":\"https:\\\/\\\/leite-europa.com\\\/wp-content\\\/uploads\\\/2023\\\/08\\\/0Q8A9541.jpg\",\"width\":1920,\"height\":1440,\"caption\":\"LTH380 Mini cargador quitanieves Leite\"},{\"@type\":\"BreadcrumbList\",\"@id\":\"https:\\\/\\\/leite-europa.com\\\/es\\\/produit\\\/pala-quitanieves\\\/#breadcrumb\",\"itemListElement\":[{\"@type\":\"ListItem\",\"position\":1,\"name\":\"Accueil\",\"item\":\"https:\\\/\\\/leite-europa.com\\\/es\\\/inicio\\\/\"},{\"@type\":\"ListItem\",\"position\":2,\"name\":\"Tienda\",\"item\":\"https:\\\/\\\/leite-europa.com\\\/fr\\\/boutique\\\/\"},{\"@type\":\"ListItem\",\"position\":3,\"name\":\"Quitanieves\"}]},{\"@type\":\"WebSite\",\"@id\":\"https:\\\/\\\/leite-europa.com\\\/es\\\/#website\",\"url\":\"https:\\\/\\\/leite-europa.com\\\/es\\\/\",\"name\":\"Leite Europe\",\"description\":\"\",\"publisher\":{\"@id\":\"https:\\\/\\\/leite-europa.com\\\/es\\\/#organization\"},\"potentialAction\":[{\"@type\":\"SearchAction\",\"target\":{\"@type\":\"EntryPoint\",\"urlTemplate\":\"https:\\\/\\\/leite-europa.com\\\/es\\\/?s={search_term_string}\"},\"query-input\":{\"@type\":\"PropertyValueSpecification\",\"valueRequired\":true,\"valueName\":\"search_term_string\"}}],\"inLanguage\":\"es\"},{\"@type\":\"Organization\",\"@id\":\"https:\\\/\\\/leite-europa.com\\\/es\\\/#organization\",\"name\":\"Leite Europe\",\"url\":\"https:\\\/\\\/leite-europa.com\\\/es\\\/\",\"logo\":{\"@type\":\"ImageObject\",\"inLanguage\":\"es\",\"@id\":\"https:\\\/\\\/leite-europa.com\\\/es\\\/#\\\/schema\\\/logo\\\/image\\\/\",\"url\":\"https:\\\/\\\/leite-europa.com\\\/wp-content\\\/uploads\\\/2022\\\/12\\\/LOGO-LEITE.png\",\"contentUrl\":\"https:\\\/\\\/leite-europa.com\\\/wp-content\\\/uploads\\\/2022\\\/12\\\/LOGO-LEITE.png\",\"width\":1024,\"height\":512,\"caption\":\"Leite Europe\"},\"image\":{\"@id\":\"https:\\\/\\\/leite-europa.com\\\/es\\\/#\\\/schema\\\/logo\\\/image\\\/\"},\"sameAs\":[\"https:\\\/\\\/www.facebook.com\\\/profile.php?id=100089192656837\",\"https:\\\/\\\/www.instagram.com\\\/leite_france_minipelle\\\/\",\"https:\\\/\\\/www.linkedin.com\\\/company\\\/leite-france\\\/\"]}]}<\/script>\n<!-- \/ Yoast SEO plugin. -->","yoast_head_json":{"title":"Quitanieves - Leite Europe","description":"Convierta su minicargadora Leite LTH380 en una m\u00e1quina quitanieves con nuestra cuchilla quitanieves adaptable.","robots":{"index":"index","follow":"follow","max-snippet":"max-snippet:-1","max-image-preview":"max-image-preview:large","max-video-preview":"max-video-preview:-1"},"canonical":"https:\/\/leite-europa.com\/es\/produit\/pala-quitanieves\/","og_locale":"es_ES","og_type":"article","og_title":"Quitanieves - Leite Europe","og_description":"Convierta su minicargadora Leite LTH380 en una m\u00e1quina quitanieves con nuestra cuchilla quitanieves adaptable.","og_url":"https:\/\/leite-europa.com\/es\/produit\/pala-quitanieves\/","og_site_name":"Leite Europe","article_publisher":"https:\/\/www.facebook.com\/profile.php?id=100089192656837","article_modified_time":"2024-10-23T09:19:28+00:00","og_image":[{"width":1920,"height":1440,"url":"https:\/\/leite-europa.com\/wp-content\/uploads\/2023\/08\/0Q8A9541.jpg","type":"image\/jpeg"}],"twitter_card":"summary_large_image","twitter_misc":{"Tiempo de lectura":"4 minutos"},"schema":{"@context":"https:\/\/schema.org","@graph":[{"@type":"WebPage","@id":"https:\/\/leite-europa.com\/es\/produit\/pala-quitanieves\/","url":"https:\/\/leite-europa.com\/es\/produit\/pala-quitanieves\/","name":"Quitanieves - Leite Europe","isPartOf":{"@id":"https:\/\/leite-europa.com\/es\/#website"},"primaryImageOfPage":{"@id":"https:\/\/leite-europa.com\/es\/produit\/pala-quitanieves\/#primaryimage"},"image":{"@id":"https:\/\/leite-europa.com\/es\/produit\/pala-quitanieves\/#primaryimage"},"thumbnailUrl":"https:\/\/leite-europa.com\/wp-content\/uploads\/2023\/08\/0Q8A9541.jpg","datePublished":"2023-11-07T12:52:06+00:00","dateModified":"2024-10-23T09:19:28+00:00","description":"Convierta su minicargadora Leite LTH380 en una m\u00e1quina quitanieves con nuestra cuchilla quitanieves adaptable.","breadcrumb":{"@id":"https:\/\/leite-europa.com\/es\/produit\/pala-quitanieves\/#breadcrumb"},"inLanguage":"es","potentialAction":[{"@type":"ReadAction","target":["https:\/\/leite-europa.com\/es\/produit\/pala-quitanieves\/"]}]},{"@type":"ImageObject","inLanguage":"es","@id":"https:\/\/leite-europa.com\/es\/produit\/pala-quitanieves\/#primaryimage","url":"https:\/\/leite-europa.com\/wp-content\/uploads\/2023\/08\/0Q8A9541.jpg","contentUrl":"https:\/\/leite-europa.com\/wp-content\/uploads\/2023\/08\/0Q8A9541.jpg","width":1920,"height":1440,"caption":"LTH380 Mini cargador quitanieves Leite"},{"@type":"BreadcrumbList","@id":"https:\/\/leite-europa.com\/es\/produit\/pala-quitanieves\/#breadcrumb","itemListElement":[{"@type":"ListItem","position":1,"name":"Accueil","item":"https:\/\/leite-europa.com\/es\/inicio\/"},{"@type":"ListItem","position":2,"name":"Tienda","item":"https:\/\/leite-europa.com\/fr\/boutique\/"},{"@type":"ListItem","position":3,"name":"Quitanieves"}]},{"@type":"WebSite","@id":"https:\/\/leite-europa.com\/es\/#website","url":"https:\/\/leite-europa.com\/es\/","name":"Leite Europe","description":"","publisher":{"@id":"https:\/\/leite-europa.com\/es\/#organization"},"potentialAction":[{"@type":"SearchAction","target":{"@type":"EntryPoint","urlTemplate":"https:\/\/leite-europa.com\/es\/?s={search_term_string}"},"query-input":{"@type":"PropertyValueSpecification","valueRequired":true,"valueName":"search_term_string"}}],"inLanguage":"es"},{"@type":"Organization","@id":"https:\/\/leite-europa.com\/es\/#organization","name":"Leite Europe","url":"https:\/\/leite-europa.com\/es\/","logo":{"@type":"ImageObject","inLanguage":"es","@id":"https:\/\/leite-europa.com\/es\/#\/schema\/logo\/image\/","url":"https:\/\/leite-europa.com\/wp-content\/uploads\/2022\/12\/LOGO-LEITE.png","contentUrl":"https:\/\/leite-europa.com\/wp-content\/uploads\/2022\/12\/LOGO-LEITE.png","width":1024,"height":512,"caption":"Leite Europe"},"image":{"@id":"https:\/\/leite-europa.com\/es\/#\/schema\/logo\/image\/"},"sameAs":["https:\/\/www.facebook.com\/profile.php?id=100089192656837","https:\/\/www.instagram.com\/leite_france_minipelle\/","https:\/\/www.linkedin.com\/company\/leite-france\/"]}]}},"_links":{"self":[{"href":"https:\/\/leite-europa.com\/es\/wp-json\/wp\/v2\/product\/8291","targetHints":{"allow":["GET"]}}],"collection":[{"href":"https:\/\/leite-europa.com\/es\/wp-json\/wp\/v2\/product"}],"about":[{"href":"https:\/\/leite-europa.com\/es\/wp-json\/wp\/v2\/types\/product"}],"wp:featuredmedia":[{"embeddable":true,"href":"https:\/\/leite-europa.com\/es\/wp-json\/wp\/v2\/media\/4308"}],"wp:attachment":[{"href":"https:\/\/leite-europa.com\/es\/wp-json\/wp\/v2\/media?parent=8291"}],"wp:term":[{"taxonomy":"product_brand","embeddable":true,"href":"https:\/\/leite-europa.com\/es\/wp-json\/wp\/v2\/product_brand?post=8291"},{"taxonomy":"product_cat","embeddable":true,"href":"https:\/\/leite-europa.com\/es\/wp-json\/wp\/v2\/product_cat?post=8291"},{"taxonomy":"product_tag","embeddable":true,"href":"https:\/\/leite-europa.com\/es\/wp-json\/wp\/v2\/product_tag?post=8291"}],"curies":[{"name":"wp","href":"https:\/\/api.w.org\/{rel}","templated":true}]}}