{"id":8320,"date":"2023-11-07T16:45:22","date_gmt":"2023-11-07T15:45:22","guid":{"rendered":"https:\/\/leite-europa.com\/produit\/brh-martillo-hidraulico-cl18s\/"},"modified":"2024-08-01T12:22:34","modified_gmt":"2024-08-01T10:22:34","slug":"brh-husillo-hidraulico-cl18s","status":"publish","type":"product","link":"https:\/\/leite-europa.com\/es\/produit\/brh-husillo-hidraulico-cl18s\/","title":{"rendered":"BRH- Martillo hidr\u00e1ulico CL12 &#8211; CL18S"},"content":{"rendered":"<p>[et_pb_section fb_built=&#8221;1&#8243; _builder_version=&#8221;4.19.2&#8243; _module_preset=&#8221;default&#8221; background_color=&#8221;#FFFFFF&#8221; custom_padding=&#8221;||4px|||&#8221; global_colors_info=&#8221;{}&#8221;][et_pb_row column_structure=&#8221;1_2,1_2&#8243; _builder_version=&#8221;4.19.2&#8243; _module_preset=&#8221;default&#8221; global_colors_info=&#8221;{}&#8221;][et_pb_column type=&#8221;1_2&#8243; _builder_version=&#8221;4.19.2&#8243; _module_preset=&#8221;default&#8221; global_colors_info=&#8221;{}&#8221;][et_pb_gallery gallery_ids=&#8221;1059&#8243; fullwidth=&#8221;on&#8221; _builder_version=&#8221;4.19.4&#8243; _module_preset=&#8221;default&#8221; global_colors_info=&#8221;{}&#8221;][\/et_pb_gallery][\/et_pb_column][et_pb_column type=&#8221;1_2&#8243; _builder_version=&#8221;4.19.2&#8243; _module_preset=&#8221;default&#8221; global_colors_info=&#8221;{}&#8221;][et_pb_text _builder_version=&#8221;4.19.4&#8243; _module_preset=&#8221;default&#8221; text_line_height=&#8221;2em&#8221; global_colors_info=&#8221;{}&#8221;]<\/p>\n<h2><span style=\"color: #ff6600;\">&#8220;Una soluci\u00f3n para la demolici\u00f3n y el trabajo en roca&#8221;.<\/span><\/h2>\n<p>[\/et_pb_text][et_pb_text _builder_version=&#8221;4.19.4&#8243; _module_preset=&#8221;default&#8221; global_colors_info=&#8221;{}&#8221;]<\/p>\n<div>\n<p><span data-canva-clipboard=\"ewAiAGEAIgA6ADUALAAiAGQAIgA6ACIAQgAiACwAIgBoACIAOgAiAHcAdwB3AC4AYwBhAG4AdgBhAC4AYwBvAG0AIgAsACIAYwAiADoAIgBEAEEARgBYAFIAawBCAEoAdgA0ADAAIgAsACIAaQAiADoAIgBJADMAcgAxAFkATwB6AFYAaABVAGUARQBmAFkAQgBVAEQAYwA3AEkAZQBBACIALAAiAGIAIgA6ADEANgA3ADMANAAzADMANAAwADQANwA3ADAALAAiAEEAPwAiADoAIgBFACIALAAiAEEAIgA6AHsAIgBBACIAOgBbAHsAIgBBACIAOgB7ACIAQQA\/ACIAOgAiAEEAIgAsACIAQQAiADoAIgBVAG4AZQAgAHQAYQByAGkA6AByAGUAIABwAG8AdQByACAAbQBpAG4AaQAgAHAAZQBsAGwAZQAgAGUAcwB0ACAAdQBuACAAbwB1AHQAaQBsACAAcgBvAGIAdQBzAHQAZQAgAGUAdAAgAHAAbwBsAHkAdgBhAGwAZQBuAHQAIABxAHUAaQAgAHAAZQByAG0AZQB0ACAAZABlACAAYwByAGUAdQBzAGUAcgAgAGQAZQBzACAAdAByAG8AdQBzACAAagB1AHMAcQB1ACcA4AAgADMAMAAgAGMAbQAgAGQAZQAgAHAAcgBvAGYAbwBuAGQAZQB1AHIALgAgAEkAbAAgAHAAZQByAG0AZQB0ACAAZABlACAAYwByAGUAdQBzAGUAcgAgAGQAZQBzACAAdAByAG8AdQBzACAAZABhAG4AcwAgAGwAZQAgAHMAbwBsACAAcABvAHUAcgAgAGwAYQAgAHAAbABhAG4AdABhAHQAaQBvAG4AIABkACcAYQByAGIAcgBlAHMALAAgAGwAJwBpAG4AcwB0AGEAbABsAGEAdABpAG8AbgAgAGQAJwDpAGMAbABhAGkAcgBhAGcAZQAgAHAAYQB5AHMAYQBnAGUAcgAsACAAbABhACAAbQBpAHMAZQAgAGUAbgAgAHAAbABhAGMAZQAgAGQAZQAgAGMAbAD0AHQAdQByAGUAcwAsACAAbABlACAAdABlAHIAcgBhAHMAcwBlAG0AZQBuAHQAIABlAHQAIABsAGUAIABjAHIAZQB1AHMAYQBnAGUAIABkAGUAIABwAHUAaQB0AHMALgAgAEwAZQBzACAAdABhAHIAaQDoAHIAZQBzACAAcABvAHUAcgAgAG0AaQBuAGkAIABwAGUAbABsAGUAIABzAG8AbgB0ACAAYwBvAG4A5wB1AGUAcwAgAHAAbwB1AHIAIADqAHQAcgBlACAAdQB0AGkAbABpAHMA6QBlAHMAIABhAHYAZQBjACAAZABlAHMAIABtAGkAbgBpACAAcABlAGwAbABlAHMALAAgAGUAdAAgAHMAbwBuAHQAIABjAG8AbgDnAHUAZQBzACAAcABvAHUAcgAgAG8AZgBmAHIAaQByACAAdQBuAGUAIABwAHIA6QBjAGkAcwBpAG8AbgAgAGUAdAAgAHUAbgBlACAAZgBhAGMAaQBsAGkAdADpACAAZAAnAHUAdABpAGwAaQBzAGEAdABpAG8AbgAgAG8AcAB0AGkAbQBhAGwAZQBzAC4AIgB9ACwAIgBCACIAOgB7ACIAQQAiADoAIgBZAEEARABMAGoASQA5AHEAeABUAEEALAAwACIALAAiAEgAIgA6ACIALQAwAC4AMAAzADIAZQBtACIALAAiAEkAIgA6ACIAMQAuADEAMgAiAH0AfQBdAH0AfQA=\" style=\"color: rgba(255, 255, 255, 0);\"><\/span><\/p>\n<div>\n<div>\n<p><span data-canva-clipboard=\"ewAiAGEAIgA6ADUALAAiAGQAIgA6ACIAQgAiACwAIgBoACIAOgAiAHcAdwB3AC4AYwBhAG4AdgBhAC4AYwBvAG0AIgAsACIAYwAiADoAIgBEAEEARgBYAFIAawBCAEoAdgA0ADAAIgAsACIAaQAiADoAIgBJADMAcgAxAFkATwB6AFYAaABVAGUARQBmAFkAQgBVAEQAYwA3AEkAZQBBACIALAAiAGIAIgA6ADEANgA3ADMANAAzADMANAAwADQANwA3ADAALAAiAEEAPwAiADoAIgBFACIALAAiAEEAIgA6AHsAIgBBACIAOgBbAHsAIgBBACIAOgB7ACIAQQA\/ACIAOgAiAEEAIgAsACIAQQAiADoAIgBVAG4AIABiAHIAaQBzAGUAIAByAG8AYwBoAGUAIABoAHkAZAByAGEAdQBsAGkAcQB1AGUAIAAoACIAfQAsACIAQgAiADoAewAiAEEAIgA6ACIAWQBBAEQATABqAEkAOQBxAHgAVABBACwAMAAiACwAIgBCACIAOgAiADEANgBwAHgAIgAsACIAQwAiADoAIgBuAG8AcgBtAGEAbAAiACwAIgBEACIAOgAiAG4AbwByAG0AYQBsACIALAAiAEUAIgA6ACIAIwAyADAAMgAxADIANAAiACwAIgBIACIAOgAiADAAZQBtACIALAAiAEkAIgA6ACIAMQAuADEAMgAiAH0AfQAsAHsAIgBBACIAOgB7ACIAQQA\/ACIAOgAiAEEAIgAsACIAQQAiADoAIgBCAFIASAAiAH0ALAAiAEMAIgA6AHsAIgBDACIAOgB0AHIAdQBlAH0AfQAsAHsAIgBBACIAOgB7ACIAQQA\/ACIAOgAiAEEAIgAsACIAQQAiADoAIgApACIAfQAsACIAQgAiADoAewAiAEMAIgA6ACIAbgBvAHIAbQBhAGwAIgB9AH0ALAB7ACIAQQAiADoAewAiAEEAPwAiADoAIgBBACIALAAiAEEAIgA6ACIAIABlAHMAdAAgAHUAbgAgAGEAYwBjAGUAcwBzAG8AaQByAGUAIABxAHUAaQAiAH0ALAAiAEMAIgA6AHsAIgBCACIAOgB0AHIAdQBlACwAIgBDACIAOgB0AHIAdQBlACwAIgBEACIAOgB0AHIAdQBlACwAIgBIACIAOgB0AHIAdQBlAH0AfQAsAHsAIgBBACIAOgB7ACIAQQA\/ACIAOgAiAEEAIgAsACIAQQAiADoAIgAgAHMAZQByAHQAIADgACAAbABhACAAZADpAG0AbwBsAGkAdABpAG8AbgAgAGQAZQAgAGMAaABhAHUAcwBzAOkAZQBzACAAZQB0ACAAdAByAG8AdAB0AG8AaQByAHMALAAgACIAfQAsACIAQgAiADoAewAiAEIAIgA6ACIAMQA2AHAAeAAiACwAIgBDACIAOgAiAG4AbwByAG0AYQBsACIALAAiAEQAIgA6ACIAbgBvAHIAbQBhAGwAIgAsACIASAAiADoAIgAwAGUAbQAiAH0AfQAsAHsAIgBBACIAOgB7ACIAQQA\/ACIAOgAiAEEAIgAsACIAQQAiADoAIgBlAHQAIABtAGEAdADpAHIAaQBhAHUAeAAgAGQAdQByAHMAIABlAHQAIABjAG8AbQBwAGEAYwB0AHMAIAB0AGUAbABzACAAcQB1AGUAIABsAGUAIABiAOkAdABvAG4ALAAgAGwAZQAgAGcAcgBhAG4AaQB0ACAAZQB0ACAAbABhACAAcgBvAGMAaABlAC4AIABBAHUAcwBzAGkAIABhAHAAcABlAGwA6QAgAG0AYQByAHQAZQBhAHUAIABwAGkAcQB1AGUAdQByACAAaAB5AGQAcgBhAHUAbABpAHEAdQBlACwAIABpAGwAIAAiAH0ALAAiAEMAIgA6AHsAIgBCACIAOgB0AHIAdQBlACwAIgBDACIAOgB0AHIAdQBlACwAIgBEACIAOgB0AHIAdQBlACwAIgBIACIAOgB0AHIAdQBlAH0AfQAsAHsAIgBBACIAOgB7ACIAQQA\/ACIAOgAiAEEAIgAsACIAQQAiADoAIgBlAHMAdAAgAGcA6QBuAOkAcgBhAGwAZQBtAGUAbgB0ACAAdQB0AGkAbABpAHMA6QAgAHAAbwB1AHIAIABwAHIA6QBwAGEAcgBlAHIAIABsAGUAcwAgAHMAdQByAGYAYQBjAGUAcwAgAGUAdAAgAGMAcgDpAGUAcgAgAGQAZQBzACAAdAByAG8AdQBzACAAZQB0ACAAZABlAHMAIABmAGkAcwBzAHUAcgBlAHMAIABwAG8AdQByACAAbABlACAAZAByAGEAaQBuAGEAZwBlACAAZQB0ACAAbAAnAGUAeAB0AHIAYQBjAHQAaQBvAG4AIABtAGkAbgBpAOgAcgBlACAAZQBuAHQAcgBlACAAYQB1AHQAcgBlAHMALgAiAH0ALAAiAEIAIgA6AHsAIgBIACIAOgAiAC0AMAAuADAAMwAyAGUAbQAiAH0ALAAiAEMAIgA6AHsAIgBFACIAOgB0AHIAdQBlAH0AfQBdAH0AfQA=\" style=\"color: rgba(255, 255, 255, 0);\"><\/span><\/p>\n<div>\n<p><span style=\"color: #484f54;\">Un martillo hidr\u00e1ulico de roca (BRH) es un accesorio utilizado para demoler pavimentos y materiales duros y compactos como hormig\u00f3n, granito y roca.  <\/span><\/p>\n<p><span style=\"color: #484f54;\">Tambi\u00e9n conocido como martillo neum\u00e1tico hidr\u00e1ulico, se utiliza generalmente para preparar superficies y crear agujeros y fisuras para drenaje, miner\u00eda y otros fines.<\/span><\/p>\n<\/div>\n<\/div>\n<\/div>\n<\/div>\n<p><span data-canva-clipboard=\"ewAiAGEAIgA6ADUALAAiAGQAIgA6ACIAQgAiACwAIgBoACIAOgAiAHcAdwB3AC4AYwBhAG4AdgBhAC4AYwBvAG0AIgAsACIAYwAiADoAIgBEAEEARgBYAFIAawBCAEoAdgA0ADAAIgAsACIAaQAiADoAIgBJADMAcgAxAFkATwB6AFYAaABVAGUARQBmAFkAQgBVAEQAYwA3AEkAZQBBACIALAAiAGIAIgA6ADEANgA3ADMANAAzADMANAAwADQANwA3ADAALAAiAEEAPwAiADoAIgBFACIALAAiAEEAIgA6AHsAIgBBACIAOgBbAHsAIgBBACIAOgB7ACIAQQA\/ACIAOgAiAEEAIgAsACIAQQAiADoAIgBMAGUAoAAiAH0ALAAiAEIAIgA6AHsAIgBBACIAOgAiAFkAQQBEAEwAagBJADkAcQB4AFQAQQAsADAAIgAsACIASAAiADoAIgAtADAALgAwADMAMgBlAG0AIgAsACIASQAiADoAIgAxAC4AMQAyACIAfQB9ACwAewAiAEEAIgA6AHsAIgBBAD8AIgA6ACIAQQAiACwAIgBBACIAOgAiAGcAbwBkAGUAdAAgAGQAZQAgAGMAdQByAGEAZwBlACIAfQAsACIAQgAiADoAewAiAEMAIgA6ACIAYgBvAGwAZAAiAH0AfQAsAHsAIgBBACIAOgB7ACIAQQA\/ACIAOgAiAEEAIgAsACIAQQAiADoAIgAsACAA6QBnAGEAbABlAG0AZQBuAHQAIABhAHAAcABlAGwA6QAiAH0ALAAiAEMAIgA6AHsAIgBDACIAOgB0AHIAdQBlAH0AfQAsAHsAIgBBACIAOgB7ACIAQQA\/ACIAOgAiAEEAIgAsACIAQQAiADoAIgCgAGcAbwBkAGUAdAAgAGQAZQAgAHQAZQByAHIAYQBzAHMAZQBtAGUAbgB0ACIAfQAsACIAQgAiADoAewAiAEMAIgA6ACIAYgBvAGwAZAAiAH0AfQAsAHsAIgBBACIAOgB7ACIAQQA\/ACIAOgAiAEEAIgAsACIAQQAiADoAIgAsAKAAIgB9ACwAIgBDACIAOgB7ACIAQwAiADoAdAByAHUAZQB9AH0ALAB7ACIAQQAiADoAewAiAEEAPwAiADoAIgBBACIALAAiAEEAIgA6ACIAZwBvAGQAZQB0ACAA4AAgAGYAbwBzAHMA6QCgACIAfQAsACIAQgAiADoAewAiAEMAIgA6ACIAYgBvAGwAZAAiAH0AfQAsAHsAIgBBACIAOgB7ACIAQQA\/ACIAOgAiAEEAIgAsACIAQQAiADoAIgBvAHUAoAAiAH0ALAAiAEMAIgA6AHsAIgBDACIAOgB0AHIAdQBlAH0AfQAsAHsAIgBBACIAOgB7ACIAQQA\/ACIAOgAiAEEAIgAsACIAQQAiADoAIgBnAG8AZABlAHQAIABkAGUAIABuAGkAdgBlAGwAbABlAG0AZQBuAHQAIgB9ACwAIgBCACIAOgB7ACIAQwAiADoAIgBiAG8AbABkACIAfQB9ACwAewAiAEEAIgA6AHsAIgBBAD8AIgA6ACIAQQAiACwAIgBBACIAOgAiAKAAZQBzAHQAIAB1AG4AIABvAHUAdABpAGwAIABpAG4AZABpAHMAcABlAG4AcwBhAGIAbABlACAAcABvAHUAcgAgAGwAZQBzACAAdAByAGEAdgBhAHUAeAAgAGQAZQAgAHIAZQBtAGIAbABhAHkAYQBnAGUAIABlAHQAIABkAGUAIABuAGkAdgBlAGwAYQBnAGUALgAgAEkAbAAgAGUAcwB0ACAAZwDpAG4A6QByAGEAbABlAG0AZQBuAHQAIAB1AHQAaQBsAGkAcwDpACAAcABvAHUAcgAgAGwAZQAgAHQAZQByAHIAYQBzAHMAZQBtAGUAbgB0ACAAZABlACAAdABlAHIAcgBhAGkAbgAsACAAbABlACAAbgBlAHQAdABvAHkAYQBnAGUAIABkAGUAIABmAG8AcwBzAOkALAAgAGwAZQAgAHQAYQBsAHUAdABhAGcAZQAgAHAAbwB1AHIAIABsAGUAcwAgAHQAcgBhAHYAYQB1AHgAIABkAGUAIAB2AG8AaQByAGkAZQAgAGEAaQBuAHMAaQAgAHEAdQBlACAAbAAnAGUAbgB0AHIAZQB0AGkAZQBuACAAZABlAHMAIABiAG8AcgBkAHMAIABkAGUAIAByAG8AdQB0AGUAIABlAHQAIABkAGUAcwAgAGMAYQBuAGEAdQB4ACAAZAAnAOkAYwBvAHUAbABlAG0AZQBuAHQAIABkACcAZQBhAHUALgAgAEMAZQByAHQAYQBpAG4AcwAgAG0AbwBkAOgAbABlAHMAIABzAG8AbgB0ACAAYwBvAG4A5wB1AHMAIABwAG8AdQByACAA6gB0AHIAZQAgAG0AbwBuAHQA6QBzACAAcwB1AHIAIABsAGUAcwAgAHAAZQBsAGwAZQBzACwAIABsAGUAcwCgACIAfQAsACIAQwAiADoAewAiAEMAIgA6AHQAcgB1AGUAfQB9ACwAewAiAEEAIgA6AHsAIgBBAD8AIgA6ACIAQQAiACwAIgBBACIAOgAiAG0AaQBuAGkALQBwAGUAbABsAGUAcwAiAH0ALAAiAEIAIgA6AHsAIgBHACIAOgAiAGgAdAB0AHAAcwA6AC8ALwB3AHcAdwAuAGgAZQBsAGwAbwBwAHIAbwAuAGYAcgAvAG0AaQBuAGkALQBwAGUAbABsAGUAcwAtAG0AbwBpAG4AcwAtAGQAZQAtADEAMAAtAHQAbwBuAG4AZQBzAC0AMQAwADAAMQAzADIAOAAtAGYAcgAtADEALQBmAGUAdQBpAGwAbABlAC4AaAB0AG0AbAAiAH0AfQAsAHsAIgBBACIAOgB7ACIAQQA\/ACIAOgAiAEEAIgAsACIAQQAiADoAIgCgAGUAdAAgAGwAZQBzAKAAIgB9ACwAIgBDACIAOgB7ACIARwAiADoAdAByAHUAZQB9AH0ALAB7ACIAQQAiADoAewAiAEEAPwAiADoAIgBBACIALAAiAEEAIgA6ACIAdAByAGEAYwB0AG8AcABlAGwAbABlAHMAIgB9ACwAIgBCACIAOgB7ACIARwAiADoAIgBoAHQAdABwAHMAOgAvAC8AdwB3AHcALgBoAGUAbABsAG8AcAByAG8ALgBmAHIALwB0AHIAYQBjAHQAbwBwAGUAbABsAGUAcwAtADIAMAAxADcANQA5ADMALQBmAHIALQAxAC0AZgBlAHUAaQBsAGwAZQAuAGgAdABtAGwAIgB9AH0ALAB7ACIAQQAiADoAewAiAEEAPwAiADoAIgBBACIALAAiAEEAIgA6ACIAoAB0AGEAbgBkAGkAcwAgAHEAdQBlACAAZAAnAGEAdQB0AHIAZQBzACAAcwBvAG4AdAAgAHAAcgDpAHYAdQBzACAAcABvAHUAcgAgAGwAZQBzACAAZQBuAGcAaQBuAHMAIABkAGUAIAB0AHkAcABlAKAAIgB9ACwAIgBDACIAOgB7ACIARwAiADoAdAByAHUAZQB9AH0ALAB7ACIAQQAiADoAewAiAEEAPwAiADoAIgBBACIALAAiAEEAIgA6ACIAYwBoAGEAcgBnAGUAdQBzAGUAIgB9ACwAIgBCACIAOgB7ACIARwAiADoAIgBoAHQAdABwAHMAOgAvAC8AdwB3AHcALgBoAGUAbABsAG8AcAByAG8ALgBmAHIALwBjAGgAYQByAGcAZQB1AHMAZQBzAC0AMgAwADAAMQA2ADYAMQAtAGYAcgAtADEALQBmAGUAdQBpAGwAbABlAC4AaAB0AG0AbAAiAH0AfQAsAHsAIgBBACIAOgB7ACIAQQA\/ACIAOgAiAEEAIgAsACIAQQAiADoAIgAuAKAAXABuACIAfQAsACIAQwAiADoAewAiAEcAIgA6AHQAcgB1AGUAfQB9AF0ALAAiAEIAIgA6AHsAIgB2AGgATQBhAGEARABLAHAAegBfAEsAYgA0AEwAXwBpACIAOgB7ACIAQgAiADoANQAzADYAfQB9AH0AfQA=\" style=\"color: rgba(255, 255, 255, 0);\"><\/span><\/p>\n<p>[\/et_pb_text][et_pb_text _builder_version=&#8221;4.19.4&#8243; _module_preset=&#8221;default&#8221; text_text_color=&#8221;#484F54&#8243; global_colors_info=&#8221;{}&#8221;][\/et_pb_text][\/et_pb_column][\/et_pb_row][\/et_pb_section][et_pb_section fb_built=&#8221;1&#8243; _builder_version=&#8221;4.19.4&#8243; _module_preset=&#8221;default&#8221; background_color=&#8221;RGBA(255,255,255,0)&#8221; custom_padding=&#8221;2px||4px|||&#8221; global_colors_info=&#8221;{}&#8221;][et_pb_row _builder_version=&#8221;4.19.4&#8243; _module_preset=&#8221;default&#8221; animation_direction=&#8221;bottom&#8221; global_colors_info=&#8221;{}&#8221;][et_pb_column type=&#8221;4_4&#8243; _builder_version=&#8221;4.19.4&#8243; _module_preset=&#8221;default&#8221; global_colors_info=&#8221;{}&#8221;][et_pb_gallery gallery_ids=&#8221;1060,1061,1059&#8243; fullwidth=&#8221;on&#8221; _builder_version=&#8221;4.19.4&#8243; _module_preset=&#8221;default&#8221; background_color=&#8221;RGBA(255,255,255,0)&#8221; auto=&#8221;on&#8221; auto_speed=&#8221;3000&#8243; global_colors_info=&#8221;{}&#8221;][\/et_pb_gallery][\/et_pb_column][\/et_pb_row][\/et_pb_section]<\/p>\n","protected":false},"excerpt":{"rendered":"<p>&#8220;Una soluci\u00f3n para la demolici\u00f3n y el trabajo en roca&#8221;. Un martillo hidr\u00e1ulico de roca (BRH) es un accesorio utilizado para demoler pavimentos y materiales duros y compactos como hormig\u00f3n, granito y roca. Tambi\u00e9n conocido como martillo neum\u00e1tico hidr\u00e1ulico, se utiliza generalmente para preparar superficies y crear agujeros y fisuras para drenaje, miner\u00eda y otros [&hellip;]<\/p>\n","protected":false},"featured_media":3760,"template":"","meta":{"_et_pb_use_builder":"on","_et_pb_old_content":"","_et_gb_content_width":""},"product_brand":[],"product_cat":[189,201,204,291],"product_tag":[],"class_list":{"0":"post-8320","1":"product","2":"type-product","3":"status-publish","4":"has-post-thumbnail","6":"product_cat-accesorios-para-miniexcavadoras","7":"product_cat-accesorios-para-miniexcavadoras-cl12s","8":"product_cat-accesorios-para-miniexcavadoras-cl18s-es","9":"product_cat-accesorios-para-miniexcavadoras-cl20","11":"first","12":"instock","13":"taxable","14":"shipping-taxable","15":"purchasable","16":"product-type-variable"},"yoast_head":"<!-- This site is optimized with the Yoast SEO plugin v27.3 - https:\/\/yoast.com\/product\/yoast-seo-wordpress\/ -->\n<title>BRH- Martillo hidr\u00e1ulico CL12 - CL18S - Leite Europe<\/title>\n<meta name=\"robots\" content=\"index, follow, max-snippet:-1, max-image-preview:large, max-video-preview:-1\" \/>\n<link rel=\"canonical\" href=\"https:\/\/leite-europa.com\/es\/produit\/brh-husillo-hidraulico-cl18s\/\" \/>\n<meta property=\"og:locale\" content=\"es_ES\" \/>\n<meta property=\"og:type\" content=\"article\" \/>\n<meta property=\"og:title\" content=\"BRH- Martillo hidr\u00e1ulico CL12 - CL18S - Leite Europe\" \/>\n<meta property=\"og:description\" content=\"&quot;Una soluci\u00f3n para la demolici\u00f3n y el trabajo en roca&quot;. Un martillo hidr\u00e1ulico de roca (BRH) es un accesorio utilizado para demoler pavimentos y materiales duros y compactos como hormig\u00f3n, granito y roca. Tambi\u00e9n conocido como martillo neum\u00e1tico hidr\u00e1ulico, se utiliza generalmente para preparar superficies y crear agujeros y fisuras para drenaje, miner\u00eda y otros [&hellip;]\" \/>\n<meta property=\"og:url\" content=\"https:\/\/leite-europa.com\/es\/produit\/brh-husillo-hidraulico-cl18s\/\" \/>\n<meta property=\"og:site_name\" content=\"Leite Europe\" \/>\n<meta property=\"article:publisher\" content=\"https:\/\/www.facebook.com\/profile.php?id=100089192656837\" \/>\n<meta property=\"article:modified_time\" content=\"2024-08-01T10:22:34+00:00\" \/>\n<meta property=\"og:image\" content=\"https:\/\/leite-europa.com\/wp-content\/uploads\/2023\/01\/IMG_1429.jpeg\" \/>\n\t<meta property=\"og:image:width\" content=\"1440\" \/>\n\t<meta property=\"og:image:height\" content=\"1920\" \/>\n\t<meta property=\"og:image:type\" content=\"image\/jpeg\" \/>\n<meta name=\"twitter:card\" content=\"summary_large_image\" \/>\n<meta name=\"twitter:label1\" content=\"Tiempo de lectura\" \/>\n\t<meta name=\"twitter:data1\" content=\"1 minuto\" \/>\n<script type=\"application\/ld+json\" class=\"yoast-schema-graph\">{\"@context\":\"https:\\\/\\\/schema.org\",\"@graph\":[{\"@type\":\"WebPage\",\"@id\":\"https:\\\/\\\/leite-europa.com\\\/es\\\/produit\\\/brh-husillo-hidraulico-cl18s\\\/\",\"url\":\"https:\\\/\\\/leite-europa.com\\\/es\\\/produit\\\/brh-husillo-hidraulico-cl18s\\\/\",\"name\":\"BRH- Martillo hidr\u00e1ulico CL12 - CL18S - Leite Europe\",\"isPartOf\":{\"@id\":\"https:\\\/\\\/leite-europa.com\\\/es\\\/#website\"},\"primaryImageOfPage\":{\"@id\":\"https:\\\/\\\/leite-europa.com\\\/es\\\/produit\\\/brh-husillo-hidraulico-cl18s\\\/#primaryimage\"},\"image\":{\"@id\":\"https:\\\/\\\/leite-europa.com\\\/es\\\/produit\\\/brh-husillo-hidraulico-cl18s\\\/#primaryimage\"},\"thumbnailUrl\":\"https:\\\/\\\/leite-europa.com\\\/wp-content\\\/uploads\\\/2023\\\/01\\\/IMG_1429.jpeg\",\"datePublished\":\"2023-11-07T15:45:22+00:00\",\"dateModified\":\"2024-08-01T10:22:34+00:00\",\"breadcrumb\":{\"@id\":\"https:\\\/\\\/leite-europa.com\\\/es\\\/produit\\\/brh-husillo-hidraulico-cl18s\\\/#breadcrumb\"},\"inLanguage\":\"es\",\"potentialAction\":[{\"@type\":\"ReadAction\",\"target\":[\"https:\\\/\\\/leite-europa.com\\\/es\\\/produit\\\/brh-husillo-hidraulico-cl18s\\\/\"]}]},{\"@type\":\"ImageObject\",\"inLanguage\":\"es\",\"@id\":\"https:\\\/\\\/leite-europa.com\\\/es\\\/produit\\\/brh-husillo-hidraulico-cl18s\\\/#primaryimage\",\"url\":\"https:\\\/\\\/leite-europa.com\\\/wp-content\\\/uploads\\\/2023\\\/01\\\/IMG_1429.jpeg\",\"contentUrl\":\"https:\\\/\\\/leite-europa.com\\\/wp-content\\\/uploads\\\/2023\\\/01\\\/IMG_1429.jpeg\",\"width\":1440,\"height\":1920,\"caption\":\"BRH Martillo hidr\u00e1ulico Leite\"},{\"@type\":\"BreadcrumbList\",\"@id\":\"https:\\\/\\\/leite-europa.com\\\/es\\\/produit\\\/brh-husillo-hidraulico-cl18s\\\/#breadcrumb\",\"itemListElement\":[{\"@type\":\"ListItem\",\"position\":1,\"name\":\"Accueil\",\"item\":\"https:\\\/\\\/leite-europa.com\\\/es\\\/inicio\\\/\"},{\"@type\":\"ListItem\",\"position\":2,\"name\":\"Tienda\",\"item\":\"https:\\\/\\\/leite-europa.com\\\/fr\\\/boutique\\\/\"},{\"@type\":\"ListItem\",\"position\":3,\"name\":\"BRH- Martillo hidr\u00e1ulico CL12 &#8211; CL18S\"}]},{\"@type\":\"WebSite\",\"@id\":\"https:\\\/\\\/leite-europa.com\\\/es\\\/#website\",\"url\":\"https:\\\/\\\/leite-europa.com\\\/es\\\/\",\"name\":\"Leite Europe\",\"description\":\"\",\"publisher\":{\"@id\":\"https:\\\/\\\/leite-europa.com\\\/es\\\/#organization\"},\"potentialAction\":[{\"@type\":\"SearchAction\",\"target\":{\"@type\":\"EntryPoint\",\"urlTemplate\":\"https:\\\/\\\/leite-europa.com\\\/es\\\/?s={search_term_string}\"},\"query-input\":{\"@type\":\"PropertyValueSpecification\",\"valueRequired\":true,\"valueName\":\"search_term_string\"}}],\"inLanguage\":\"es\"},{\"@type\":\"Organization\",\"@id\":\"https:\\\/\\\/leite-europa.com\\\/es\\\/#organization\",\"name\":\"Leite Europe\",\"url\":\"https:\\\/\\\/leite-europa.com\\\/es\\\/\",\"logo\":{\"@type\":\"ImageObject\",\"inLanguage\":\"es\",\"@id\":\"https:\\\/\\\/leite-europa.com\\\/es\\\/#\\\/schema\\\/logo\\\/image\\\/\",\"url\":\"https:\\\/\\\/leite-europa.com\\\/wp-content\\\/uploads\\\/2022\\\/12\\\/LOGO-LEITE.png\",\"contentUrl\":\"https:\\\/\\\/leite-europa.com\\\/wp-content\\\/uploads\\\/2022\\\/12\\\/LOGO-LEITE.png\",\"width\":1024,\"height\":512,\"caption\":\"Leite Europe\"},\"image\":{\"@id\":\"https:\\\/\\\/leite-europa.com\\\/es\\\/#\\\/schema\\\/logo\\\/image\\\/\"},\"sameAs\":[\"https:\\\/\\\/www.facebook.com\\\/profile.php?id=100089192656837\",\"https:\\\/\\\/www.instagram.com\\\/leite_france_minipelle\\\/\",\"https:\\\/\\\/www.linkedin.com\\\/company\\\/leite-france\\\/\"]}]}<\/script>\n<!-- \/ Yoast SEO plugin. -->","yoast_head_json":{"title":"BRH- Martillo hidr\u00e1ulico CL12 - CL18S - Leite Europe","robots":{"index":"index","follow":"follow","max-snippet":"max-snippet:-1","max-image-preview":"max-image-preview:large","max-video-preview":"max-video-preview:-1"},"canonical":"https:\/\/leite-europa.com\/es\/produit\/brh-husillo-hidraulico-cl18s\/","og_locale":"es_ES","og_type":"article","og_title":"BRH- Martillo hidr\u00e1ulico CL12 - CL18S - Leite Europe","og_description":"\"Una soluci\u00f3n para la demolici\u00f3n y el trabajo en roca\". Un martillo hidr\u00e1ulico de roca (BRH) es un accesorio utilizado para demoler pavimentos y materiales duros y compactos como hormig\u00f3n, granito y roca. Tambi\u00e9n conocido como martillo neum\u00e1tico hidr\u00e1ulico, se utiliza generalmente para preparar superficies y crear agujeros y fisuras para drenaje, miner\u00eda y otros [&hellip;]","og_url":"https:\/\/leite-europa.com\/es\/produit\/brh-husillo-hidraulico-cl18s\/","og_site_name":"Leite Europe","article_publisher":"https:\/\/www.facebook.com\/profile.php?id=100089192656837","article_modified_time":"2024-08-01T10:22:34+00:00","og_image":[{"width":1440,"height":1920,"url":"https:\/\/leite-europa.com\/wp-content\/uploads\/2023\/01\/IMG_1429.jpeg","type":"image\/jpeg"}],"twitter_card":"summary_large_image","twitter_misc":{"Tiempo de lectura":"1 minuto"},"schema":{"@context":"https:\/\/schema.org","@graph":[{"@type":"WebPage","@id":"https:\/\/leite-europa.com\/es\/produit\/brh-husillo-hidraulico-cl18s\/","url":"https:\/\/leite-europa.com\/es\/produit\/brh-husillo-hidraulico-cl18s\/","name":"BRH- Martillo hidr\u00e1ulico CL12 - CL18S - Leite Europe","isPartOf":{"@id":"https:\/\/leite-europa.com\/es\/#website"},"primaryImageOfPage":{"@id":"https:\/\/leite-europa.com\/es\/produit\/brh-husillo-hidraulico-cl18s\/#primaryimage"},"image":{"@id":"https:\/\/leite-europa.com\/es\/produit\/brh-husillo-hidraulico-cl18s\/#primaryimage"},"thumbnailUrl":"https:\/\/leite-europa.com\/wp-content\/uploads\/2023\/01\/IMG_1429.jpeg","datePublished":"2023-11-07T15:45:22+00:00","dateModified":"2024-08-01T10:22:34+00:00","breadcrumb":{"@id":"https:\/\/leite-europa.com\/es\/produit\/brh-husillo-hidraulico-cl18s\/#breadcrumb"},"inLanguage":"es","potentialAction":[{"@type":"ReadAction","target":["https:\/\/leite-europa.com\/es\/produit\/brh-husillo-hidraulico-cl18s\/"]}]},{"@type":"ImageObject","inLanguage":"es","@id":"https:\/\/leite-europa.com\/es\/produit\/brh-husillo-hidraulico-cl18s\/#primaryimage","url":"https:\/\/leite-europa.com\/wp-content\/uploads\/2023\/01\/IMG_1429.jpeg","contentUrl":"https:\/\/leite-europa.com\/wp-content\/uploads\/2023\/01\/IMG_1429.jpeg","width":1440,"height":1920,"caption":"BRH Martillo hidr\u00e1ulico Leite"},{"@type":"BreadcrumbList","@id":"https:\/\/leite-europa.com\/es\/produit\/brh-husillo-hidraulico-cl18s\/#breadcrumb","itemListElement":[{"@type":"ListItem","position":1,"name":"Accueil","item":"https:\/\/leite-europa.com\/es\/inicio\/"},{"@type":"ListItem","position":2,"name":"Tienda","item":"https:\/\/leite-europa.com\/fr\/boutique\/"},{"@type":"ListItem","position":3,"name":"BRH- Martillo hidr\u00e1ulico CL12 &#8211; CL18S"}]},{"@type":"WebSite","@id":"https:\/\/leite-europa.com\/es\/#website","url":"https:\/\/leite-europa.com\/es\/","name":"Leite Europe","description":"","publisher":{"@id":"https:\/\/leite-europa.com\/es\/#organization"},"potentialAction":[{"@type":"SearchAction","target":{"@type":"EntryPoint","urlTemplate":"https:\/\/leite-europa.com\/es\/?s={search_term_string}"},"query-input":{"@type":"PropertyValueSpecification","valueRequired":true,"valueName":"search_term_string"}}],"inLanguage":"es"},{"@type":"Organization","@id":"https:\/\/leite-europa.com\/es\/#organization","name":"Leite Europe","url":"https:\/\/leite-europa.com\/es\/","logo":{"@type":"ImageObject","inLanguage":"es","@id":"https:\/\/leite-europa.com\/es\/#\/schema\/logo\/image\/","url":"https:\/\/leite-europa.com\/wp-content\/uploads\/2022\/12\/LOGO-LEITE.png","contentUrl":"https:\/\/leite-europa.com\/wp-content\/uploads\/2022\/12\/LOGO-LEITE.png","width":1024,"height":512,"caption":"Leite Europe"},"image":{"@id":"https:\/\/leite-europa.com\/es\/#\/schema\/logo\/image\/"},"sameAs":["https:\/\/www.facebook.com\/profile.php?id=100089192656837","https:\/\/www.instagram.com\/leite_france_minipelle\/","https:\/\/www.linkedin.com\/company\/leite-france\/"]}]}},"_links":{"self":[{"href":"https:\/\/leite-europa.com\/es\/wp-json\/wp\/v2\/product\/8320","targetHints":{"allow":["GET"]}}],"collection":[{"href":"https:\/\/leite-europa.com\/es\/wp-json\/wp\/v2\/product"}],"about":[{"href":"https:\/\/leite-europa.com\/es\/wp-json\/wp\/v2\/types\/product"}],"wp:featuredmedia":[{"embeddable":true,"href":"https:\/\/leite-europa.com\/es\/wp-json\/wp\/v2\/media\/3760"}],"wp:attachment":[{"href":"https:\/\/leite-europa.com\/es\/wp-json\/wp\/v2\/media?parent=8320"}],"wp:term":[{"taxonomy":"product_brand","embeddable":true,"href":"https:\/\/leite-europa.com\/es\/wp-json\/wp\/v2\/product_brand?post=8320"},{"taxonomy":"product_cat","embeddable":true,"href":"https:\/\/leite-europa.com\/es\/wp-json\/wp\/v2\/product_cat?post=8320"},{"taxonomy":"product_tag","embeddable":true,"href":"https:\/\/leite-europa.com\/es\/wp-json\/wp\/v2\/product_tag?post=8320"}],"curies":[{"name":"wp","href":"https:\/\/api.w.org\/{rel}","templated":true}]}}