{"id":8322,"date":"2023-11-07T18:57:18","date_gmt":"2023-11-07T17:57:18","guid":{"rendered":"https:\/\/leite-europa.com\/produit\/rotavator-motoazada-140-para-tractores-leite\/"},"modified":"2023-11-15T11:49:04","modified_gmt":"2023-11-15T10:49:04","slug":"rotavator-rotary-tiller-140-para-tractor-leite","status":"publish","type":"product","link":"https:\/\/leite-europa.com\/es\/produit\/rotavator-rotary-tiller-140-para-tractor-leite\/","title":{"rendered":"Rotavator &#8211; Motoazada 140 para tractores LEITE"},"content":{"rendered":"<p>[et_pb_section fb_built=&#8221;1&#8243; _builder_version=&#8221;4.19.2&#8243; _module_preset=&#8221;default&#8221; background_color=&#8221;#FFFFFF&#8221; custom_padding=&#8221;||4px|||&#8221; global_colors_info=&#8221;{}&#8221;][et_pb_row column_structure=&#8221;1_2,1_2&#8243; _builder_version=&#8221;4.19.2&#8243; _module_preset=&#8221;default&#8221; global_colors_info=&#8221;{}&#8221;][et_pb_column type=&#8221;1_2&#8243; _builder_version=&#8221;4.19.2&#8243; _module_preset=&#8221;default&#8221; global_colors_info=&#8221;{}&#8221;][et_pb_gallery gallery_ids=&#8221;2595&#8243; fullwidth=&#8221;on&#8221; _builder_version=&#8221;4.22.1&#8243; _module_preset=&#8221;default&#8221; global_colors_info=&#8221;{}&#8221;][\/et_pb_gallery][\/et_pb_column][et_pb_column type=&#8221;1_2&#8243; _builder_version=&#8221;4.19.2&#8243; _module_preset=&#8221;default&#8221; global_colors_info=&#8221;{}&#8221;][et_pb_text _builder_version=&#8221;4.22.1&#8243; _module_preset=&#8221;default&#8221; text_line_height=&#8221;2em&#8221; header_2_text_color=&#8221;#E75F0D&#8221; global_colors_info=&#8221;{}&#8221;]<\/p>\n<h2>&#8220;La herramienta ideal para una preparaci\u00f3n \u00f3ptima del suelo&#8221;.<\/h2>\n<p>[\/et_pb_text][et_pb_text _builder_version=&#8221;4.22.1&#8243; _module_preset=&#8221;default&#8221; text_orientation=&#8221;justified&#8221; global_colors_info=&#8221;{}&#8221;]<\/p>\n<p>Descubra el rotocultivador <strong>140<\/strong>, un rotavator de gama alta dise\u00f1ado para ofrecer un rendimiento excepcional. Con una anchura de trabajo de 1400 mm y 32 cuchillas afiladas, prepare la tierra para plantar de forma eficaz y uniforme.<\/p>\n<p><strong>Especificaciones t\u00e9cnicas :<\/strong><\/p>\n<ul>\n<li><strong>Modelo:<\/strong> Rotary Tiller 140<\/li>\n<li><strong>Anchura de trabajo:<\/strong> 1400 mm<\/li>\n<li><strong>N\u00famero de cuchillas:<\/strong> 32<\/li>\n<li><strong>M\u00e9todo de enganche:<\/strong> Suspensi\u00f3n de tres puntos<\/li>\n<li><strong>Potencia adecuada:<\/strong> de 30 a 50 CV<\/li>\n<li><strong>Velocidad de la toma de fuerza (TDF):<\/strong> 540 rpm<\/li>\n<\/ul>\n<p><strong>Ventajas :<\/strong><\/p>\n<ol>\n<li><strong>Rendimiento inigualable:<\/strong> con sus 32 cuchillas, el rotocultivador 140 garantiza una preparaci\u00f3n r\u00e1pida y uniforme del suelo.<\/li>\n<li><strong>Compatibilidad:<\/strong> Dise\u00f1ado para tractores de 30 a 50 CV, satisface una amplia gama de necesidades agr\u00edcolas.<\/li>\n<li><strong>F\u00e1cil instalaci\u00f3n:<\/strong> fijaci\u00f3n sencilla y eficaz con suspensi\u00f3n de tres puntos.<\/li>\n<li><strong>Durabilidad garantizada:<\/strong> materiales robustos para una larga vida \u00fatil.<\/li>\n<\/ol>\n<p>[\/et_pb_text][\/et_pb_column][\/et_pb_row][\/et_pb_section]<\/p>\n","protected":false},"excerpt":{"rendered":"<p>&#8220;La herramienta ideal para una preparaci\u00f3n \u00f3ptima del suelo&#8221;.Descubra el rotocultivador 140, un rotavator de gama alta dise\u00f1ado para ofrecer un rendimiento excepcional. Con una anchura de trabajo de 1400 mm y 32 cuchillas afiladas, prepare la tierra para plantar de forma eficaz y uniforme. Especificaciones t\u00e9cnicas : Modelo: Rotary Tiller 140 Anchura de trabajo: [&hellip;]<\/p>\n","protected":false},"featured_media":4780,"template":"","meta":{"_et_pb_use_builder":"on","_et_pb_old_content":"","_et_gb_content_width":""},"product_brand":[],"product_cat":[213],"product_tag":[],"class_list":{"0":"post-8322","1":"product","2":"type-product","3":"status-publish","4":"has-post-thumbnail","6":"product_cat-accesorios-para-tractores","8":"first","9":"instock","10":"taxable","11":"shipping-taxable","12":"purchasable","13":"product-type-simple"},"yoast_head":"<!-- This site is optimized with the Yoast SEO plugin v27.3 - https:\/\/yoast.com\/product\/yoast-seo-wordpress\/ -->\n<title>Rotavator - Motoazada 140 para tractores LEITE - Leite Europe<\/title>\n<meta name=\"description\" content=\"El Rotary Tiller 140 es el rotovator ideal para una preparaci\u00f3n \u00f3ptima del suelo. 1400mm de ancho, 32 cuchillas, para tractores.\" \/>\n<meta name=\"robots\" content=\"index, follow, max-snippet:-1, max-image-preview:large, max-video-preview:-1\" \/>\n<link rel=\"canonical\" href=\"https:\/\/leite-europa.com\/es\/produit\/rotavator-rotary-tiller-140-para-tractor-leite\/\" \/>\n<meta property=\"og:locale\" content=\"es_ES\" \/>\n<meta property=\"og:type\" content=\"article\" \/>\n<meta property=\"og:title\" content=\"Rotavator - Motoazada 140 para tractores LEITE - Leite Europe\" \/>\n<meta property=\"og:description\" content=\"El Rotary Tiller 140 es el rotovator ideal para una preparaci\u00f3n \u00f3ptima del suelo. 1400mm de ancho, 32 cuchillas, para tractores.\" \/>\n<meta property=\"og:url\" content=\"https:\/\/leite-europa.com\/es\/produit\/rotavator-rotary-tiller-140-para-tractor-leite\/\" \/>\n<meta property=\"og:site_name\" content=\"Leite Europe\" \/>\n<meta property=\"article:publisher\" content=\"https:\/\/www.facebook.com\/profile.php?id=100089192656837\" \/>\n<meta property=\"article:modified_time\" content=\"2023-11-15T10:49:04+00:00\" \/>\n<meta property=\"og:image\" content=\"https:\/\/leite-europa.com\/wp-content\/uploads\/2023\/09\/Rotavator-Tracteur-LEITE-1024x819.png\" \/>\n\t<meta property=\"og:image:width\" content=\"1024\" \/>\n\t<meta property=\"og:image:height\" content=\"819\" \/>\n\t<meta property=\"og:image:type\" content=\"image\/png\" \/>\n<meta name=\"twitter:card\" content=\"summary_large_image\" \/>\n<meta name=\"twitter:label1\" content=\"Tiempo de lectura\" \/>\n\t<meta name=\"twitter:data1\" content=\"1 minuto\" \/>\n<script type=\"application\/ld+json\" class=\"yoast-schema-graph\">{\"@context\":\"https:\\\/\\\/schema.org\",\"@graph\":[{\"@type\":\"WebPage\",\"@id\":\"https:\\\/\\\/leite-europa.com\\\/es\\\/produit\\\/rotavator-rotary-tiller-140-para-tractor-leite\\\/\",\"url\":\"https:\\\/\\\/leite-europa.com\\\/es\\\/produit\\\/rotavator-rotary-tiller-140-para-tractor-leite\\\/\",\"name\":\"Rotavator - Motoazada 140 para tractores LEITE - Leite Europe\",\"isPartOf\":{\"@id\":\"https:\\\/\\\/leite-europa.com\\\/es\\\/#website\"},\"primaryImageOfPage\":{\"@id\":\"https:\\\/\\\/leite-europa.com\\\/es\\\/produit\\\/rotavator-rotary-tiller-140-para-tractor-leite\\\/#primaryimage\"},\"image\":{\"@id\":\"https:\\\/\\\/leite-europa.com\\\/es\\\/produit\\\/rotavator-rotary-tiller-140-para-tractor-leite\\\/#primaryimage\"},\"thumbnailUrl\":\"https:\\\/\\\/leite-europa.com\\\/wp-content\\\/uploads\\\/2023\\\/09\\\/Rotavator-Tracteur-LEITE.png\",\"datePublished\":\"2023-11-07T17:57:18+00:00\",\"dateModified\":\"2023-11-15T10:49:04+00:00\",\"description\":\"El Rotary Tiller 140 es el rotovator ideal para una preparaci\u00f3n \u00f3ptima del suelo. 1400mm de ancho, 32 cuchillas, para tractores.\",\"breadcrumb\":{\"@id\":\"https:\\\/\\\/leite-europa.com\\\/es\\\/produit\\\/rotavator-rotary-tiller-140-para-tractor-leite\\\/#breadcrumb\"},\"inLanguage\":\"es\",\"potentialAction\":[{\"@type\":\"ReadAction\",\"target\":[\"https:\\\/\\\/leite-europa.com\\\/es\\\/produit\\\/rotavator-rotary-tiller-140-para-tractor-leite\\\/\"]}]},{\"@type\":\"ImageObject\",\"inLanguage\":\"es\",\"@id\":\"https:\\\/\\\/leite-europa.com\\\/es\\\/produit\\\/rotavator-rotary-tiller-140-para-tractor-leite\\\/#primaryimage\",\"url\":\"https:\\\/\\\/leite-europa.com\\\/wp-content\\\/uploads\\\/2023\\\/09\\\/Rotavator-Tracteur-LEITE.png\",\"contentUrl\":\"https:\\\/\\\/leite-europa.com\\\/wp-content\\\/uploads\\\/2023\\\/09\\\/Rotavator-Tracteur-LEITE.png\",\"width\":2000,\"height\":1600,\"caption\":\"Rotavator - Motoazada 140 para tractores LEITE\"},{\"@type\":\"BreadcrumbList\",\"@id\":\"https:\\\/\\\/leite-europa.com\\\/es\\\/produit\\\/rotavator-rotary-tiller-140-para-tractor-leite\\\/#breadcrumb\",\"itemListElement\":[{\"@type\":\"ListItem\",\"position\":1,\"name\":\"Accueil\",\"item\":\"https:\\\/\\\/leite-europa.com\\\/es\\\/inicio\\\/\"},{\"@type\":\"ListItem\",\"position\":2,\"name\":\"Tienda\",\"item\":\"https:\\\/\\\/leite-europa.com\\\/fr\\\/boutique\\\/\"},{\"@type\":\"ListItem\",\"position\":3,\"name\":\"Rotavator &#8211; Motoazada 140 para tractores LEITE\"}]},{\"@type\":\"WebSite\",\"@id\":\"https:\\\/\\\/leite-europa.com\\\/es\\\/#website\",\"url\":\"https:\\\/\\\/leite-europa.com\\\/es\\\/\",\"name\":\"Leite Europe\",\"description\":\"\",\"publisher\":{\"@id\":\"https:\\\/\\\/leite-europa.com\\\/es\\\/#organization\"},\"potentialAction\":[{\"@type\":\"SearchAction\",\"target\":{\"@type\":\"EntryPoint\",\"urlTemplate\":\"https:\\\/\\\/leite-europa.com\\\/es\\\/?s={search_term_string}\"},\"query-input\":{\"@type\":\"PropertyValueSpecification\",\"valueRequired\":true,\"valueName\":\"search_term_string\"}}],\"inLanguage\":\"es\"},{\"@type\":\"Organization\",\"@id\":\"https:\\\/\\\/leite-europa.com\\\/es\\\/#organization\",\"name\":\"Leite Europe\",\"url\":\"https:\\\/\\\/leite-europa.com\\\/es\\\/\",\"logo\":{\"@type\":\"ImageObject\",\"inLanguage\":\"es\",\"@id\":\"https:\\\/\\\/leite-europa.com\\\/es\\\/#\\\/schema\\\/logo\\\/image\\\/\",\"url\":\"https:\\\/\\\/leite-europa.com\\\/wp-content\\\/uploads\\\/2022\\\/12\\\/LOGO-LEITE.png\",\"contentUrl\":\"https:\\\/\\\/leite-europa.com\\\/wp-content\\\/uploads\\\/2022\\\/12\\\/LOGO-LEITE.png\",\"width\":1024,\"height\":512,\"caption\":\"Leite Europe\"},\"image\":{\"@id\":\"https:\\\/\\\/leite-europa.com\\\/es\\\/#\\\/schema\\\/logo\\\/image\\\/\"},\"sameAs\":[\"https:\\\/\\\/www.facebook.com\\\/profile.php?id=100089192656837\",\"https:\\\/\\\/www.instagram.com\\\/leite_france_minipelle\\\/\",\"https:\\\/\\\/www.linkedin.com\\\/company\\\/leite-france\\\/\"]}]}<\/script>\n<!-- \/ Yoast SEO plugin. -->","yoast_head_json":{"title":"Rotavator - Motoazada 140 para tractores LEITE - Leite Europe","description":"El Rotary Tiller 140 es el rotovator ideal para una preparaci\u00f3n \u00f3ptima del suelo. 1400mm de ancho, 32 cuchillas, para tractores.","robots":{"index":"index","follow":"follow","max-snippet":"max-snippet:-1","max-image-preview":"max-image-preview:large","max-video-preview":"max-video-preview:-1"},"canonical":"https:\/\/leite-europa.com\/es\/produit\/rotavator-rotary-tiller-140-para-tractor-leite\/","og_locale":"es_ES","og_type":"article","og_title":"Rotavator - Motoazada 140 para tractores LEITE - Leite Europe","og_description":"El Rotary Tiller 140 es el rotovator ideal para una preparaci\u00f3n \u00f3ptima del suelo. 1400mm de ancho, 32 cuchillas, para tractores.","og_url":"https:\/\/leite-europa.com\/es\/produit\/rotavator-rotary-tiller-140-para-tractor-leite\/","og_site_name":"Leite Europe","article_publisher":"https:\/\/www.facebook.com\/profile.php?id=100089192656837","article_modified_time":"2023-11-15T10:49:04+00:00","og_image":[{"width":1024,"height":819,"url":"https:\/\/leite-europa.com\/wp-content\/uploads\/2023\/09\/Rotavator-Tracteur-LEITE-1024x819.png","type":"image\/png"}],"twitter_card":"summary_large_image","twitter_misc":{"Tiempo de lectura":"1 minuto"},"schema":{"@context":"https:\/\/schema.org","@graph":[{"@type":"WebPage","@id":"https:\/\/leite-europa.com\/es\/produit\/rotavator-rotary-tiller-140-para-tractor-leite\/","url":"https:\/\/leite-europa.com\/es\/produit\/rotavator-rotary-tiller-140-para-tractor-leite\/","name":"Rotavator - Motoazada 140 para tractores LEITE - Leite Europe","isPartOf":{"@id":"https:\/\/leite-europa.com\/es\/#website"},"primaryImageOfPage":{"@id":"https:\/\/leite-europa.com\/es\/produit\/rotavator-rotary-tiller-140-para-tractor-leite\/#primaryimage"},"image":{"@id":"https:\/\/leite-europa.com\/es\/produit\/rotavator-rotary-tiller-140-para-tractor-leite\/#primaryimage"},"thumbnailUrl":"https:\/\/leite-europa.com\/wp-content\/uploads\/2023\/09\/Rotavator-Tracteur-LEITE.png","datePublished":"2023-11-07T17:57:18+00:00","dateModified":"2023-11-15T10:49:04+00:00","description":"El Rotary Tiller 140 es el rotovator ideal para una preparaci\u00f3n \u00f3ptima del suelo. 1400mm de ancho, 32 cuchillas, para tractores.","breadcrumb":{"@id":"https:\/\/leite-europa.com\/es\/produit\/rotavator-rotary-tiller-140-para-tractor-leite\/#breadcrumb"},"inLanguage":"es","potentialAction":[{"@type":"ReadAction","target":["https:\/\/leite-europa.com\/es\/produit\/rotavator-rotary-tiller-140-para-tractor-leite\/"]}]},{"@type":"ImageObject","inLanguage":"es","@id":"https:\/\/leite-europa.com\/es\/produit\/rotavator-rotary-tiller-140-para-tractor-leite\/#primaryimage","url":"https:\/\/leite-europa.com\/wp-content\/uploads\/2023\/09\/Rotavator-Tracteur-LEITE.png","contentUrl":"https:\/\/leite-europa.com\/wp-content\/uploads\/2023\/09\/Rotavator-Tracteur-LEITE.png","width":2000,"height":1600,"caption":"Rotavator - Motoazada 140 para tractores LEITE"},{"@type":"BreadcrumbList","@id":"https:\/\/leite-europa.com\/es\/produit\/rotavator-rotary-tiller-140-para-tractor-leite\/#breadcrumb","itemListElement":[{"@type":"ListItem","position":1,"name":"Accueil","item":"https:\/\/leite-europa.com\/es\/inicio\/"},{"@type":"ListItem","position":2,"name":"Tienda","item":"https:\/\/leite-europa.com\/fr\/boutique\/"},{"@type":"ListItem","position":3,"name":"Rotavator &#8211; Motoazada 140 para tractores LEITE"}]},{"@type":"WebSite","@id":"https:\/\/leite-europa.com\/es\/#website","url":"https:\/\/leite-europa.com\/es\/","name":"Leite Europe","description":"","publisher":{"@id":"https:\/\/leite-europa.com\/es\/#organization"},"potentialAction":[{"@type":"SearchAction","target":{"@type":"EntryPoint","urlTemplate":"https:\/\/leite-europa.com\/es\/?s={search_term_string}"},"query-input":{"@type":"PropertyValueSpecification","valueRequired":true,"valueName":"search_term_string"}}],"inLanguage":"es"},{"@type":"Organization","@id":"https:\/\/leite-europa.com\/es\/#organization","name":"Leite Europe","url":"https:\/\/leite-europa.com\/es\/","logo":{"@type":"ImageObject","inLanguage":"es","@id":"https:\/\/leite-europa.com\/es\/#\/schema\/logo\/image\/","url":"https:\/\/leite-europa.com\/wp-content\/uploads\/2022\/12\/LOGO-LEITE.png","contentUrl":"https:\/\/leite-europa.com\/wp-content\/uploads\/2022\/12\/LOGO-LEITE.png","width":1024,"height":512,"caption":"Leite Europe"},"image":{"@id":"https:\/\/leite-europa.com\/es\/#\/schema\/logo\/image\/"},"sameAs":["https:\/\/www.facebook.com\/profile.php?id=100089192656837","https:\/\/www.instagram.com\/leite_france_minipelle\/","https:\/\/www.linkedin.com\/company\/leite-france\/"]}]}},"_links":{"self":[{"href":"https:\/\/leite-europa.com\/es\/wp-json\/wp\/v2\/product\/8322","targetHints":{"allow":["GET"]}}],"collection":[{"href":"https:\/\/leite-europa.com\/es\/wp-json\/wp\/v2\/product"}],"about":[{"href":"https:\/\/leite-europa.com\/es\/wp-json\/wp\/v2\/types\/product"}],"wp:featuredmedia":[{"embeddable":true,"href":"https:\/\/leite-europa.com\/es\/wp-json\/wp\/v2\/media\/4780"}],"wp:attachment":[{"href":"https:\/\/leite-europa.com\/es\/wp-json\/wp\/v2\/media?parent=8322"}],"wp:term":[{"taxonomy":"product_brand","embeddable":true,"href":"https:\/\/leite-europa.com\/es\/wp-json\/wp\/v2\/product_brand?post=8322"},{"taxonomy":"product_cat","embeddable":true,"href":"https:\/\/leite-europa.com\/es\/wp-json\/wp\/v2\/product_cat?post=8322"},{"taxonomy":"product_tag","embeddable":true,"href":"https:\/\/leite-europa.com\/es\/wp-json\/wp\/v2\/product_tag?post=8322"}],"curies":[{"name":"wp","href":"https:\/\/api.w.org\/{rel}","templated":true}]}}