{"id":8323,"date":"2023-11-07T18:55:13","date_gmt":"2023-11-07T17:55:13","guid":{"rendered":"https:\/\/leite-europa.com\/produit\/leite-tractor-trituradora-segadora-modelo-clt-140\/"},"modified":"2023-11-15T11:49:05","modified_gmt":"2023-11-15T10:49:05","slug":"girobroyeur-tondeuse-pour-tracteur-leite-modele-clt-140","status":"publish","type":"product","link":"https:\/\/leite-europa.com\/es\/produit\/girobroyeur-tondeuse-pour-tracteur-leite-modele-clt-140\/","title":{"rendered":"LEITE Tractor Trituradora Segadora &#8211; Modelo CLT-140"},"content":{"rendered":"<p>[et_pb_section fb_built=&#8221;1&#8243; _builder_version=&#8221;4.19.2&#8243; _module_preset=&#8221;default&#8221; background_color=&#8221;#FFFFFF&#8221; custom_padding=&#8221;||4px|||&#8221; global_colors_info=&#8221;{}&#8221; theme_builder_area=&#8221;post_content&#8221;][et_pb_row column_structure=&#8221;1_2,1_2&#8243; _builder_version=&#8221;4.19.2&#8243; _module_preset=&#8221;default&#8221; global_colors_info=&#8221;{}&#8221; theme_builder_area=&#8221;post_content&#8221;][et_pb_column type=&#8221;1_2&#8243; _builder_version=&#8221;4.19.2&#8243; _module_preset=&#8221;default&#8221; global_colors_info=&#8221;{}&#8221; theme_builder_area=&#8221;post_content&#8221;][et_pb_gallery gallery_ids=&#8221;2584&#8243; fullwidth=&#8221;on&#8221; _builder_version=&#8221;4.22.1&#8243; _module_preset=&#8221;default&#8221; global_colors_info=&#8221;{}&#8221; theme_builder_area=&#8221;post_content&#8221;][\/et_pb_gallery][\/et_pb_column][et_pb_column type=&#8221;1_2&#8243; _builder_version=&#8221;4.19.2&#8243; _module_preset=&#8221;default&#8221; global_colors_info=&#8221;{}&#8221; theme_builder_area=&#8221;post_content&#8221;][et_pb_text _builder_version=&#8221;4.22.1&#8243; _module_preset=&#8221;default&#8221; text_line_height=&#8221;2em&#8221; header_2_text_color=&#8221;#E75F0D&#8221; global_colors_info=&#8221;{}&#8221; theme_builder_area=&#8221;post_content&#8221;]<\/p>\n<h2>&#8220;La herramienta ideal para todas sus necesidades de siega y trituraci\u00f3n&#8221;.<\/h2>\n<p>[\/et_pb_text][et_pb_text _builder_version=&#8221;4.22.1&#8243; _module_preset=&#8221;default&#8221; text_orientation=&#8221;justified&#8221; global_colors_info=&#8221;{}&#8221; theme_builder_area=&#8221;post_content&#8221;]<\/p>\n<p>Optimice el rendimiento de su tractor LEITE con nuestra segadora rotativa de alta calidad. Dise\u00f1ada para ofrecer una eficacia inigualable, la CLT-140 es la herramienta ideal para todas sus necesidades de siega y trituraci\u00f3n.<\/p>\n<p><strong>Especificaciones t\u00e9cnicas :<\/strong><\/p>\n<ul>\n<li><strong>Modelo:<\/strong> CLT-140<\/li>\n<li><strong>Dimensiones:<\/strong> 1400 x 1400 x 900 mm<\/li>\n<li><strong>Peso de la estructura:<\/strong> 160 kg<\/li>\n<li><strong>Anchura de corte \u00fatil:<\/strong> 134 cm<\/li>\n<li><strong>Rendimiento<\/strong>: Entre 4000 y 10.000 m\u00b2 por hora<\/li>\n<li><strong>Velocidad de giro de entrada:<\/strong> 540 rpm<\/li>\n<li><strong>Estriado de la toma de fuerza:<\/strong> 6 x 6 x 850<\/li>\n<li><strong>Potencia necesaria:<\/strong> entre 20 y 35 CV<\/li>\n<\/ul>\n<p>[\/et_pb_text][\/et_pb_column][\/et_pb_row][et_pb_row _builder_version=&#8221;4.20.4&#8243; _module_preset=&#8221;default&#8221; global_colors_info=&#8221;{}&#8221; theme_builder_area=&#8221;post_content&#8221;][et_pb_column type=&#8221;4_4&#8243; _builder_version=&#8221;4.20.4&#8243; _module_preset=&#8221;default&#8221; global_colors_info=&#8221;{}&#8221; theme_builder_area=&#8221;post_content&#8221;][et_pb_text _builder_version=&#8221;4.22.1&#8243; _module_preset=&#8221;default&#8221; global_colors_info=&#8221;{}&#8221; theme_builder_area=&#8221;post_content&#8221;]<\/p>\n<p><strong>Ventajas :<\/strong><\/p>\n<ol>\n<li><strong>Ajuste perfecto:<\/strong> Dise\u00f1ado espec\u00edficamente para el tractor LEITE, garantiza una instalaci\u00f3n sencilla y un rendimiento \u00f3ptimo.<\/li>\n<li><strong>M\u00e1xima eficacia:<\/strong> con una capacidad de hasta 10.000 m\u00b2 por hora, podr\u00e1 realizar el trabajo en un abrir y cerrar de ojos.<\/li>\n<li><strong>Durabilidad:<\/strong> Fabricados con materiales de alta calidad, garantizan una larga vida \u00fatil y resistencia a las condiciones m\u00e1s duras.<\/li>\n<li><strong>Potencia flexible:<\/strong> funciona eficazmente con tractores de entre 20 y 35 CV.<\/li>\n<\/ol>\n<p>No pierda esta oportunidad de mejorar el rendimiento de su tractor LEITE. La segadora trituradora CLT-140 es la herramienta que necesita para segar y triturar de forma r\u00e1pida y eficaz. Pida el suyo hoy mismo.<\/p>\n<p>[\/et_pb_text][\/et_pb_column][\/et_pb_row][\/et_pb_section]<\/p>\n","protected":false},"excerpt":{"rendered":"<p>&#8220;La herramienta ideal para todas sus necesidades de siega y trituraci\u00f3n&#8221;.Optimice el rendimiento de su tractor LEITE con nuestra segadora rotativa de alta calidad. Dise\u00f1ada para ofrecer una eficacia inigualable, la CLT-140 es la herramienta ideal para todas sus necesidades de siega y trituraci\u00f3n. Especificaciones t\u00e9cnicas : Modelo: CLT-140 Dimensiones: 1400 x 1400 x 900 [&hellip;]<\/p>\n","protected":false},"featured_media":4776,"template":"","meta":{"_et_pb_use_builder":"on","_et_pb_old_content":"","_et_gb_content_width":""},"product_brand":[],"product_cat":[213],"product_tag":[],"class_list":{"0":"post-8323","1":"product","2":"type-product","3":"status-publish","4":"has-post-thumbnail","6":"product_cat-accesorios-para-tractores","8":"first","9":"instock","10":"taxable","11":"shipping-taxable","12":"purchasable","13":"product-type-simple"},"yoast_head":"<!-- This site is optimized with the Yoast SEO plugin v27.3 - https:\/\/yoast.com\/product\/yoast-seo-wordpress\/ -->\n<title>LEITE Tractor Trituradora Segadora - Modelo CLT-140 - Leite Europe<\/title>\n<meta name=\"description\" content=\"Descubra la trituradora de hierba CLT-140 para tractores LEITE. Rendimiento de 10.000 m\u00b2\/h, adaptabilidad perfecta y potencia flexible\" \/>\n<meta name=\"robots\" content=\"index, follow, max-snippet:-1, max-image-preview:large, max-video-preview:-1\" \/>\n<link rel=\"canonical\" href=\"https:\/\/leite-europa.com\/es\/produit\/girobroyeur-tondeuse-pour-tracteur-leite-modele-clt-140\/\" \/>\n<meta property=\"og:locale\" content=\"es_ES\" \/>\n<meta property=\"og:type\" content=\"article\" \/>\n<meta property=\"og:title\" content=\"LEITE Tractor Trituradora Segadora - Modelo CLT-140 - Leite Europe\" \/>\n<meta property=\"og:description\" content=\"Descubra la trituradora de hierba CLT-140 para tractores LEITE. Rendimiento de 10.000 m\u00b2\/h, adaptabilidad perfecta y potencia flexible\" \/>\n<meta property=\"og:url\" content=\"https:\/\/leite-europa.com\/es\/produit\/girobroyeur-tondeuse-pour-tracteur-leite-modele-clt-140\/\" \/>\n<meta property=\"og:site_name\" content=\"Leite Europe\" \/>\n<meta property=\"article:publisher\" content=\"https:\/\/www.facebook.com\/profile.php?id=100089192656837\" \/>\n<meta property=\"article:modified_time\" content=\"2023-11-15T10:49:05+00:00\" \/>\n<meta property=\"og:image\" content=\"https:\/\/leite-europa.com\/wp-content\/uploads\/2023\/09\/8.png\" \/>\n\t<meta property=\"og:image:width\" content=\"1436\" \/>\n\t<meta property=\"og:image:height\" content=\"882\" \/>\n\t<meta property=\"og:image:type\" content=\"image\/png\" \/>\n<meta name=\"twitter:card\" content=\"summary_large_image\" \/>\n<meta name=\"twitter:label1\" content=\"Tiempo de lectura\" \/>\n\t<meta name=\"twitter:data1\" content=\"2 minutos\" \/>\n<script type=\"application\/ld+json\" class=\"yoast-schema-graph\">{\"@context\":\"https:\\\/\\\/schema.org\",\"@graph\":[{\"@type\":\"WebPage\",\"@id\":\"https:\\\/\\\/leite-europa.com\\\/es\\\/produit\\\/girobroyeur-tondeuse-pour-tracteur-leite-modele-clt-140\\\/\",\"url\":\"https:\\\/\\\/leite-europa.com\\\/es\\\/produit\\\/girobroyeur-tondeuse-pour-tracteur-leite-modele-clt-140\\\/\",\"name\":\"LEITE Tractor Trituradora Segadora - Modelo CLT-140 - Leite Europe\",\"isPartOf\":{\"@id\":\"https:\\\/\\\/leite-europa.com\\\/es\\\/#website\"},\"primaryImageOfPage\":{\"@id\":\"https:\\\/\\\/leite-europa.com\\\/es\\\/produit\\\/girobroyeur-tondeuse-pour-tracteur-leite-modele-clt-140\\\/#primaryimage\"},\"image\":{\"@id\":\"https:\\\/\\\/leite-europa.com\\\/es\\\/produit\\\/girobroyeur-tondeuse-pour-tracteur-leite-modele-clt-140\\\/#primaryimage\"},\"thumbnailUrl\":\"https:\\\/\\\/leite-europa.com\\\/wp-content\\\/uploads\\\/2023\\\/09\\\/8.png\",\"datePublished\":\"2023-11-07T17:55:13+00:00\",\"dateModified\":\"2023-11-15T10:49:05+00:00\",\"description\":\"Descubra la trituradora de hierba CLT-140 para tractores LEITE. Rendimiento de 10.000 m\u00b2\\\/h, adaptabilidad perfecta y potencia flexible\",\"breadcrumb\":{\"@id\":\"https:\\\/\\\/leite-europa.com\\\/es\\\/produit\\\/girobroyeur-tondeuse-pour-tracteur-leite-modele-clt-140\\\/#breadcrumb\"},\"inLanguage\":\"es\",\"potentialAction\":[{\"@type\":\"ReadAction\",\"target\":[\"https:\\\/\\\/leite-europa.com\\\/es\\\/produit\\\/girobroyeur-tondeuse-pour-tracteur-leite-modele-clt-140\\\/\"]}]},{\"@type\":\"ImageObject\",\"inLanguage\":\"es\",\"@id\":\"https:\\\/\\\/leite-europa.com\\\/es\\\/produit\\\/girobroyeur-tondeuse-pour-tracteur-leite-modele-clt-140\\\/#primaryimage\",\"url\":\"https:\\\/\\\/leite-europa.com\\\/wp-content\\\/uploads\\\/2023\\\/09\\\/8.png\",\"contentUrl\":\"https:\\\/\\\/leite-europa.com\\\/wp-content\\\/uploads\\\/2023\\\/09\\\/8.png\",\"width\":1436,\"height\":882,\"caption\":\"LEITE Tractor Trituradora Segadora - Modelo CLT-140\"},{\"@type\":\"BreadcrumbList\",\"@id\":\"https:\\\/\\\/leite-europa.com\\\/es\\\/produit\\\/girobroyeur-tondeuse-pour-tracteur-leite-modele-clt-140\\\/#breadcrumb\",\"itemListElement\":[{\"@type\":\"ListItem\",\"position\":1,\"name\":\"Accueil\",\"item\":\"https:\\\/\\\/leite-europa.com\\\/es\\\/inicio\\\/\"},{\"@type\":\"ListItem\",\"position\":2,\"name\":\"Tienda\",\"item\":\"https:\\\/\\\/leite-europa.com\\\/fr\\\/boutique\\\/\"},{\"@type\":\"ListItem\",\"position\":3,\"name\":\"LEITE Tractor Trituradora Segadora &#8211; Modelo CLT-140\"}]},{\"@type\":\"WebSite\",\"@id\":\"https:\\\/\\\/leite-europa.com\\\/es\\\/#website\",\"url\":\"https:\\\/\\\/leite-europa.com\\\/es\\\/\",\"name\":\"Leite Europe\",\"description\":\"\",\"publisher\":{\"@id\":\"https:\\\/\\\/leite-europa.com\\\/es\\\/#organization\"},\"potentialAction\":[{\"@type\":\"SearchAction\",\"target\":{\"@type\":\"EntryPoint\",\"urlTemplate\":\"https:\\\/\\\/leite-europa.com\\\/es\\\/?s={search_term_string}\"},\"query-input\":{\"@type\":\"PropertyValueSpecification\",\"valueRequired\":true,\"valueName\":\"search_term_string\"}}],\"inLanguage\":\"es\"},{\"@type\":\"Organization\",\"@id\":\"https:\\\/\\\/leite-europa.com\\\/es\\\/#organization\",\"name\":\"Leite Europe\",\"url\":\"https:\\\/\\\/leite-europa.com\\\/es\\\/\",\"logo\":{\"@type\":\"ImageObject\",\"inLanguage\":\"es\",\"@id\":\"https:\\\/\\\/leite-europa.com\\\/es\\\/#\\\/schema\\\/logo\\\/image\\\/\",\"url\":\"https:\\\/\\\/leite-europa.com\\\/wp-content\\\/uploads\\\/2022\\\/12\\\/LOGO-LEITE.png\",\"contentUrl\":\"https:\\\/\\\/leite-europa.com\\\/wp-content\\\/uploads\\\/2022\\\/12\\\/LOGO-LEITE.png\",\"width\":1024,\"height\":512,\"caption\":\"Leite Europe\"},\"image\":{\"@id\":\"https:\\\/\\\/leite-europa.com\\\/es\\\/#\\\/schema\\\/logo\\\/image\\\/\"},\"sameAs\":[\"https:\\\/\\\/www.facebook.com\\\/profile.php?id=100089192656837\",\"https:\\\/\\\/www.instagram.com\\\/leite_france_minipelle\\\/\",\"https:\\\/\\\/www.linkedin.com\\\/company\\\/leite-france\\\/\"]}]}<\/script>\n<!-- \/ Yoast SEO plugin. -->","yoast_head_json":{"title":"LEITE Tractor Trituradora Segadora - Modelo CLT-140 - Leite Europe","description":"Descubra la trituradora de hierba CLT-140 para tractores LEITE. Rendimiento de 10.000 m\u00b2\/h, adaptabilidad perfecta y potencia flexible","robots":{"index":"index","follow":"follow","max-snippet":"max-snippet:-1","max-image-preview":"max-image-preview:large","max-video-preview":"max-video-preview:-1"},"canonical":"https:\/\/leite-europa.com\/es\/produit\/girobroyeur-tondeuse-pour-tracteur-leite-modele-clt-140\/","og_locale":"es_ES","og_type":"article","og_title":"LEITE Tractor Trituradora Segadora - Modelo CLT-140 - Leite Europe","og_description":"Descubra la trituradora de hierba CLT-140 para tractores LEITE. Rendimiento de 10.000 m\u00b2\/h, adaptabilidad perfecta y potencia flexible","og_url":"https:\/\/leite-europa.com\/es\/produit\/girobroyeur-tondeuse-pour-tracteur-leite-modele-clt-140\/","og_site_name":"Leite Europe","article_publisher":"https:\/\/www.facebook.com\/profile.php?id=100089192656837","article_modified_time":"2023-11-15T10:49:05+00:00","og_image":[{"width":1436,"height":882,"url":"https:\/\/leite-europa.com\/wp-content\/uploads\/2023\/09\/8.png","type":"image\/png"}],"twitter_card":"summary_large_image","twitter_misc":{"Tiempo de lectura":"2 minutos"},"schema":{"@context":"https:\/\/schema.org","@graph":[{"@type":"WebPage","@id":"https:\/\/leite-europa.com\/es\/produit\/girobroyeur-tondeuse-pour-tracteur-leite-modele-clt-140\/","url":"https:\/\/leite-europa.com\/es\/produit\/girobroyeur-tondeuse-pour-tracteur-leite-modele-clt-140\/","name":"LEITE Tractor Trituradora Segadora - Modelo CLT-140 - Leite Europe","isPartOf":{"@id":"https:\/\/leite-europa.com\/es\/#website"},"primaryImageOfPage":{"@id":"https:\/\/leite-europa.com\/es\/produit\/girobroyeur-tondeuse-pour-tracteur-leite-modele-clt-140\/#primaryimage"},"image":{"@id":"https:\/\/leite-europa.com\/es\/produit\/girobroyeur-tondeuse-pour-tracteur-leite-modele-clt-140\/#primaryimage"},"thumbnailUrl":"https:\/\/leite-europa.com\/wp-content\/uploads\/2023\/09\/8.png","datePublished":"2023-11-07T17:55:13+00:00","dateModified":"2023-11-15T10:49:05+00:00","description":"Descubra la trituradora de hierba CLT-140 para tractores LEITE. Rendimiento de 10.000 m\u00b2\/h, adaptabilidad perfecta y potencia flexible","breadcrumb":{"@id":"https:\/\/leite-europa.com\/es\/produit\/girobroyeur-tondeuse-pour-tracteur-leite-modele-clt-140\/#breadcrumb"},"inLanguage":"es","potentialAction":[{"@type":"ReadAction","target":["https:\/\/leite-europa.com\/es\/produit\/girobroyeur-tondeuse-pour-tracteur-leite-modele-clt-140\/"]}]},{"@type":"ImageObject","inLanguage":"es","@id":"https:\/\/leite-europa.com\/es\/produit\/girobroyeur-tondeuse-pour-tracteur-leite-modele-clt-140\/#primaryimage","url":"https:\/\/leite-europa.com\/wp-content\/uploads\/2023\/09\/8.png","contentUrl":"https:\/\/leite-europa.com\/wp-content\/uploads\/2023\/09\/8.png","width":1436,"height":882,"caption":"LEITE Tractor Trituradora Segadora - Modelo CLT-140"},{"@type":"BreadcrumbList","@id":"https:\/\/leite-europa.com\/es\/produit\/girobroyeur-tondeuse-pour-tracteur-leite-modele-clt-140\/#breadcrumb","itemListElement":[{"@type":"ListItem","position":1,"name":"Accueil","item":"https:\/\/leite-europa.com\/es\/inicio\/"},{"@type":"ListItem","position":2,"name":"Tienda","item":"https:\/\/leite-europa.com\/fr\/boutique\/"},{"@type":"ListItem","position":3,"name":"LEITE Tractor Trituradora Segadora &#8211; Modelo CLT-140"}]},{"@type":"WebSite","@id":"https:\/\/leite-europa.com\/es\/#website","url":"https:\/\/leite-europa.com\/es\/","name":"Leite Europe","description":"","publisher":{"@id":"https:\/\/leite-europa.com\/es\/#organization"},"potentialAction":[{"@type":"SearchAction","target":{"@type":"EntryPoint","urlTemplate":"https:\/\/leite-europa.com\/es\/?s={search_term_string}"},"query-input":{"@type":"PropertyValueSpecification","valueRequired":true,"valueName":"search_term_string"}}],"inLanguage":"es"},{"@type":"Organization","@id":"https:\/\/leite-europa.com\/es\/#organization","name":"Leite Europe","url":"https:\/\/leite-europa.com\/es\/","logo":{"@type":"ImageObject","inLanguage":"es","@id":"https:\/\/leite-europa.com\/es\/#\/schema\/logo\/image\/","url":"https:\/\/leite-europa.com\/wp-content\/uploads\/2022\/12\/LOGO-LEITE.png","contentUrl":"https:\/\/leite-europa.com\/wp-content\/uploads\/2022\/12\/LOGO-LEITE.png","width":1024,"height":512,"caption":"Leite Europe"},"image":{"@id":"https:\/\/leite-europa.com\/es\/#\/schema\/logo\/image\/"},"sameAs":["https:\/\/www.facebook.com\/profile.php?id=100089192656837","https:\/\/www.instagram.com\/leite_france_minipelle\/","https:\/\/www.linkedin.com\/company\/leite-france\/"]}]}},"_links":{"self":[{"href":"https:\/\/leite-europa.com\/es\/wp-json\/wp\/v2\/product\/8323","targetHints":{"allow":["GET"]}}],"collection":[{"href":"https:\/\/leite-europa.com\/es\/wp-json\/wp\/v2\/product"}],"about":[{"href":"https:\/\/leite-europa.com\/es\/wp-json\/wp\/v2\/types\/product"}],"wp:featuredmedia":[{"embeddable":true,"href":"https:\/\/leite-europa.com\/es\/wp-json\/wp\/v2\/media\/4776"}],"wp:attachment":[{"href":"https:\/\/leite-europa.com\/es\/wp-json\/wp\/v2\/media?parent=8323"}],"wp:term":[{"taxonomy":"product_brand","embeddable":true,"href":"https:\/\/leite-europa.com\/es\/wp-json\/wp\/v2\/product_brand?post=8323"},{"taxonomy":"product_cat","embeddable":true,"href":"https:\/\/leite-europa.com\/es\/wp-json\/wp\/v2\/product_cat?post=8323"},{"taxonomy":"product_tag","embeddable":true,"href":"https:\/\/leite-europa.com\/es\/wp-json\/wp\/v2\/product_tag?post=8323"}],"curies":[{"name":"wp","href":"https:\/\/api.w.org\/{rel}","templated":true}]}}