{"id":8327,"date":"2023-11-07T19:00:42","date_gmt":"2023-11-07T18:00:42","guid":{"rendered":"https:\/\/leite-europa.com\/produit\/cuchara-de-carga-para-tractores-leite\/"},"modified":"2023-11-15T11:49:07","modified_gmt":"2023-11-15T10:49:07","slug":"cubo-de-carga-para-tractor-derecho","status":"publish","type":"product","link":"https:\/\/leite-europa.com\/es\/produit\/cubo-de-carga-para-tractor-derecho\/","title":{"rendered":"Cuchara de carga para tractores LEITE"},"content":{"rendered":"<p>[et_pb_section fb_built=&#8221;1&#8243; _builder_version=&#8221;4.19.2&#8243; _module_preset=&#8221;default&#8221; background_color=&#8221;#FFFFFF&#8221; custom_padding=&#8221;||4px|||&#8221; global_colors_info=&#8221;{}&#8221; theme_builder_area=&#8221;post_content&#8221;][et_pb_row column_structure=&#8221;1_2,1_2&#8243; _builder_version=&#8221;4.19.2&#8243; _module_preset=&#8221;default&#8221; global_colors_info=&#8221;{}&#8221; theme_builder_area=&#8221;post_content&#8221;][et_pb_column type=&#8221;1_2&#8243; _builder_version=&#8221;4.19.2&#8243; _module_preset=&#8221;default&#8221; global_colors_info=&#8221;{}&#8221; theme_builder_area=&#8221;post_content&#8221;][et_pb_gallery gallery_ids=&#8221;2543&#8243; fullwidth=&#8221;on&#8221; _builder_version=&#8221;4.22.1&#8243; _module_preset=&#8221;default&#8221; global_colors_info=&#8221;{}&#8221; theme_builder_area=&#8221;post_content&#8221;][\/et_pb_gallery][\/et_pb_column][et_pb_column type=&#8221;1_2&#8243; _builder_version=&#8221;4.19.2&#8243; _module_preset=&#8221;default&#8221; global_colors_info=&#8221;{}&#8221; theme_builder_area=&#8221;post_content&#8221;][et_pb_text _builder_version=&#8221;4.22.1&#8243; _module_preset=&#8221;default&#8221; text_line_height=&#8221;2em&#8221; header_2_text_color=&#8221;#E75F0D&#8221; global_colors_info=&#8221;{}&#8221; theme_builder_area=&#8221;post_content&#8221;]<\/p>\n<h2>&#8221; Rendimiento y precisi\u00f3n para sus operaciones de elevaci\u00f3n<\/h2>\n<p>[\/et_pb_text][et_pb_text _builder_version=&#8221;4.22.1&#8243; _module_preset=&#8221;default&#8221; global_colors_info=&#8221;{}&#8221; theme_builder_area=&#8221;post_content&#8221;]<\/p>\n<p>Descubra nuestra cuchara de carga, dise\u00f1ada para ofrecer el m\u00e1ximo rendimiento en sus operaciones de elevaci\u00f3n y descarga. Con sus generosas dimensiones y su capacidad de 0,20 m\u00b3, es la herramienta ideal para gestionar sus cargas con eficacia.<\/p>\n<p>[\/et_pb_text][\/et_pb_column][\/et_pb_row][\/et_pb_section][et_pb_section fb_built=&#8221;1&#8243; _builder_version=&#8221;4.22.1&#8243; _module_preset=&#8221;default&#8221; background_color=&#8221;RGBA(255,255,255,0)&#8221; global_colors_info=&#8221;{}&#8221; theme_builder_area=&#8221;post_content&#8221;][et_pb_row _builder_version=&#8221;4.22.1&#8243; _module_preset=&#8221;default&#8221; global_colors_info=&#8221;{}&#8221; theme_builder_area=&#8221;post_content&#8221;][et_pb_column type=&#8221;4_4&#8243; _builder_version=&#8221;4.22.1&#8243; _module_preset=&#8221;default&#8221; global_colors_info=&#8221;{}&#8221; theme_builder_area=&#8221;post_content&#8221;][et_pb_text _builder_version=&#8221;4.22.2&#8243; _module_preset=&#8221;default&#8221; text_orientation=&#8221;justified&#8221; global_colors_info=&#8221;{}&#8221; theme_builder_area=&#8221;post_content&#8221;]<\/p>\n<p><strong>Especificaciones t\u00e9cnicas :<\/strong><\/p>\n<ul>\n<li><strong>Dimensiones totales:<\/strong> 4100 x 1600 x 1580 mm<\/li>\n<li><strong>Potencia adecuada:<\/strong> de 25 a 45 CV<\/li>\n<li><strong>Altura m\u00e1xima de alta :<\/strong>  1800 mm<\/li>\n<li><strong>Distancia m\u00e1xima de alta :<\/strong>  900 mm<\/li>\n<li><strong>\u00c1ngulo de inversi\u00f3n:<\/strong> 420\u00b0.<\/li>\n<li><strong>\u00c1ngulo m\u00e1x. descarga :<\/strong>  470\u00b0<\/li>\n<li><strong>Profundidad m\u00e1xima tarjetas rasca y gana :<\/strong>  100 mm<\/li>\n<li><strong>Tiempo de elevaci\u00f3n hasta el eje de giro:<\/strong> 7 segundos<\/li>\n<li><strong>Tiempo de descenso:<\/strong> 3,5 segundos<\/li>\n<li><strong>Capacidad de la cuchara:<\/strong> 0,20 m\u00b3.<\/li>\n<li><strong>Carga m\u00e1xima:<\/strong> 260 Kg<\/li>\n<\/ul>\n<p>[\/et_pb_text][et_pb_text _builder_version=&#8221;4.22.1&#8243; _module_preset=&#8221;default&#8221; text_text_color=&#8221;#444245&#8243; global_colors_info=&#8221;{}&#8221; theme_builder_area=&#8221;post_content&#8221;]<\/p>\n<p><strong>Ventajas :<\/strong><\/p>\n<ol>\n<li><strong>Rendimiento \u00f3ptimo:<\/strong> Adecuado para tractores de 25 a 45 CV, garantiza un funcionamiento suave.<\/li>\n<li><strong>Precisi\u00f3n:<\/strong> Con \u00e1ngulos de inversi\u00f3n y descarga precisos, garantizan un vertido y rascado exactos.<\/li>\n<li><strong>Velocidad:<\/strong> Tiempos de elevaci\u00f3n y descenso r\u00e1pidos para una m\u00e1xima eficacia.<\/li>\n<li><strong>Capacidad adaptada:<\/strong> Una cuchara de 0,20 m\u00b3 para gestionar sus cargas con eficacia.<\/li>\n<\/ol>\n<p>[\/et_pb_text][\/et_pb_column][\/et_pb_row][\/et_pb_section][et_pb_section fb_built=&#8221;1&#8243; _builder_version=&#8221;4.19.4&#8243; _module_preset=&#8221;default&#8221; background_color=&#8221;#E75F0D&#8221; custom_padding=&#8221;0px||0px|||&#8221; animation_style=&#8221;flip&#8221; global_colors_info=&#8221;{}&#8221; theme_builder_area=&#8221;post_content&#8221;][et_pb_row _builder_version=&#8221;4.19.2&#8243; _module_preset=&#8221;default&#8221; custom_padding=&#8221;47px|||||&#8221; global_colors_info=&#8221;{}&#8221; theme_builder_area=&#8221;post_content&#8221;][et_pb_column type=&#8221;4_4&#8243; _builder_version=&#8221;4.19.2&#8243; _module_preset=&#8221;default&#8221; global_colors_info=&#8221;{}&#8221; theme_builder_area=&#8221;post_content&#8221;][et_pb_text _builder_version=&#8221;4.22.1&#8243; _module_preset=&#8221;default&#8221; text_font=&#8221;Oswald||||||||&#8221; text_text_color=&#8221;#FFFFFF&#8221; text_font_size=&#8221;18px&#8221; text_line_height=&#8221;1.8em&#8221; custom_padding=&#8221;||4px|||&#8221; hover_enabled=&#8221;0&#8243; global_colors_info=&#8221;{}&#8221; theme_builder_area=&#8221;post_content&#8221; sticky_enabled=&#8221;0&#8243;]<\/p>\n<p style=\"text-align: left;\">Accesorio para conectar al brazo hidr\u00e1ulico: 3440 euros sin IVA<\/p>\n<p>[\/et_pb_text][\/et_pb_column][\/et_pb_row][\/et_pb_section]<\/p>\n","protected":false},"excerpt":{"rendered":"<p>&#8221; Rendimiento y precisi\u00f3n para sus operaciones de elevaci\u00f3nDescubra nuestra cuchara de carga, dise\u00f1ada para ofrecer el m\u00e1ximo rendimiento en sus operaciones de elevaci\u00f3n y descarga. Con sus generosas dimensiones y su capacidad de 0,20 m\u00b3, es la herramienta ideal para gestionar sus cargas con eficacia.Especificaciones t\u00e9cnicas : Dimensiones totales: 4100 x 1600 x 1580 [&hellip;]<\/p>\n","protected":false},"featured_media":4752,"template":"","meta":{"_et_pb_use_builder":"on","_et_pb_old_content":"","_et_gb_content_width":""},"product_brand":[],"product_cat":[213],"product_tag":[],"class_list":{"0":"post-8327","1":"product","2":"type-product","3":"status-publish","4":"has-post-thumbnail","6":"product_cat-accesorios-para-tractores","8":"first","9":"instock","10":"taxable","11":"shipping-taxable","12":"purchasable","13":"product-type-simple"},"yoast_head":"<!-- This site is optimized with the Yoast SEO plugin v27.3 - https:\/\/yoast.com\/product\/yoast-seo-wordpress\/ -->\n<title>Cuchara de carga para tractores LEITE - Leite Europe<\/title>\n<meta name=\"description\" content=\"Descubra nuestra cuchara de carga con una capacidad de 0,20 m\u00b3, adecuada para tractores de 25 a 45 CV.\" \/>\n<meta name=\"robots\" content=\"index, follow, max-snippet:-1, max-image-preview:large, max-video-preview:-1\" \/>\n<link rel=\"canonical\" href=\"https:\/\/leite-europa.com\/es\/produit\/cubo-de-carga-para-tractor-derecho\/\" \/>\n<meta property=\"og:locale\" content=\"es_ES\" \/>\n<meta property=\"og:type\" content=\"article\" \/>\n<meta property=\"og:title\" content=\"Cuchara de carga para tractores LEITE - Leite Europe\" \/>\n<meta property=\"og:description\" content=\"Descubra nuestra cuchara de carga con una capacidad de 0,20 m\u00b3, adecuada para tractores de 25 a 45 CV.\" \/>\n<meta property=\"og:url\" content=\"https:\/\/leite-europa.com\/es\/produit\/cubo-de-carga-para-tractor-derecho\/\" \/>\n<meta property=\"og:site_name\" content=\"Leite Europe\" \/>\n<meta property=\"article:publisher\" content=\"https:\/\/www.facebook.com\/profile.php?id=100089192656837\" \/>\n<meta property=\"article:modified_time\" content=\"2023-11-15T10:49:07+00:00\" \/>\n<meta property=\"og:image\" content=\"https:\/\/leite-europa.com\/wp-content\/uploads\/2023\/09\/0Q8A1678.jpg\" \/>\n\t<meta property=\"og:image:width\" content=\"2400\" \/>\n\t<meta property=\"og:image:height\" content=\"1800\" \/>\n\t<meta property=\"og:image:type\" content=\"image\/jpeg\" \/>\n<meta name=\"twitter:card\" content=\"summary_large_image\" \/>\n<meta name=\"twitter:label1\" content=\"Tiempo de lectura\" \/>\n\t<meta name=\"twitter:data1\" content=\"3 minutos\" \/>\n<script type=\"application\/ld+json\" class=\"yoast-schema-graph\">{\"@context\":\"https:\\\/\\\/schema.org\",\"@graph\":[{\"@type\":\"WebPage\",\"@id\":\"https:\\\/\\\/leite-europa.com\\\/es\\\/produit\\\/cubo-de-carga-para-tractor-derecho\\\/\",\"url\":\"https:\\\/\\\/leite-europa.com\\\/es\\\/produit\\\/cubo-de-carga-para-tractor-derecho\\\/\",\"name\":\"Cuchara de carga para tractores LEITE - Leite Europe\",\"isPartOf\":{\"@id\":\"https:\\\/\\\/leite-europa.com\\\/es\\\/#website\"},\"primaryImageOfPage\":{\"@id\":\"https:\\\/\\\/leite-europa.com\\\/es\\\/produit\\\/cubo-de-carga-para-tractor-derecho\\\/#primaryimage\"},\"image\":{\"@id\":\"https:\\\/\\\/leite-europa.com\\\/es\\\/produit\\\/cubo-de-carga-para-tractor-derecho\\\/#primaryimage\"},\"thumbnailUrl\":\"https:\\\/\\\/leite-europa.com\\\/wp-content\\\/uploads\\\/2023\\\/09\\\/0Q8A1678.jpg\",\"datePublished\":\"2023-11-07T18:00:42+00:00\",\"dateModified\":\"2023-11-15T10:49:07+00:00\",\"description\":\"Descubra nuestra cuchara de carga con una capacidad de 0,20 m\u00b3, adecuada para tractores de 25 a 45 CV.\",\"breadcrumb\":{\"@id\":\"https:\\\/\\\/leite-europa.com\\\/es\\\/produit\\\/cubo-de-carga-para-tractor-derecho\\\/#breadcrumb\"},\"inLanguage\":\"es\",\"potentialAction\":[{\"@type\":\"ReadAction\",\"target\":[\"https:\\\/\\\/leite-europa.com\\\/es\\\/produit\\\/cubo-de-carga-para-tractor-derecho\\\/\"]}]},{\"@type\":\"ImageObject\",\"inLanguage\":\"es\",\"@id\":\"https:\\\/\\\/leite-europa.com\\\/es\\\/produit\\\/cubo-de-carga-para-tractor-derecho\\\/#primaryimage\",\"url\":\"https:\\\/\\\/leite-europa.com\\\/wp-content\\\/uploads\\\/2023\\\/09\\\/0Q8A1678.jpg\",\"contentUrl\":\"https:\\\/\\\/leite-europa.com\\\/wp-content\\\/uploads\\\/2023\\\/09\\\/0Q8A1678.jpg\",\"width\":2400,\"height\":1800,\"caption\":\"Cuchara de carga Tractor CL30-4 Leite\"},{\"@type\":\"BreadcrumbList\",\"@id\":\"https:\\\/\\\/leite-europa.com\\\/es\\\/produit\\\/cubo-de-carga-para-tractor-derecho\\\/#breadcrumb\",\"itemListElement\":[{\"@type\":\"ListItem\",\"position\":1,\"name\":\"Accueil\",\"item\":\"https:\\\/\\\/leite-europa.com\\\/es\\\/inicio\\\/\"},{\"@type\":\"ListItem\",\"position\":2,\"name\":\"Tienda\",\"item\":\"https:\\\/\\\/leite-europa.com\\\/fr\\\/boutique\\\/\"},{\"@type\":\"ListItem\",\"position\":3,\"name\":\"Cuchara de carga para tractores LEITE\"}]},{\"@type\":\"WebSite\",\"@id\":\"https:\\\/\\\/leite-europa.com\\\/es\\\/#website\",\"url\":\"https:\\\/\\\/leite-europa.com\\\/es\\\/\",\"name\":\"Leite Europe\",\"description\":\"\",\"publisher\":{\"@id\":\"https:\\\/\\\/leite-europa.com\\\/es\\\/#organization\"},\"potentialAction\":[{\"@type\":\"SearchAction\",\"target\":{\"@type\":\"EntryPoint\",\"urlTemplate\":\"https:\\\/\\\/leite-europa.com\\\/es\\\/?s={search_term_string}\"},\"query-input\":{\"@type\":\"PropertyValueSpecification\",\"valueRequired\":true,\"valueName\":\"search_term_string\"}}],\"inLanguage\":\"es\"},{\"@type\":\"Organization\",\"@id\":\"https:\\\/\\\/leite-europa.com\\\/es\\\/#organization\",\"name\":\"Leite Europe\",\"url\":\"https:\\\/\\\/leite-europa.com\\\/es\\\/\",\"logo\":{\"@type\":\"ImageObject\",\"inLanguage\":\"es\",\"@id\":\"https:\\\/\\\/leite-europa.com\\\/es\\\/#\\\/schema\\\/logo\\\/image\\\/\",\"url\":\"https:\\\/\\\/leite-europa.com\\\/wp-content\\\/uploads\\\/2022\\\/12\\\/LOGO-LEITE.png\",\"contentUrl\":\"https:\\\/\\\/leite-europa.com\\\/wp-content\\\/uploads\\\/2022\\\/12\\\/LOGO-LEITE.png\",\"width\":1024,\"height\":512,\"caption\":\"Leite Europe\"},\"image\":{\"@id\":\"https:\\\/\\\/leite-europa.com\\\/es\\\/#\\\/schema\\\/logo\\\/image\\\/\"},\"sameAs\":[\"https:\\\/\\\/www.facebook.com\\\/profile.php?id=100089192656837\",\"https:\\\/\\\/www.instagram.com\\\/leite_france_minipelle\\\/\",\"https:\\\/\\\/www.linkedin.com\\\/company\\\/leite-france\\\/\"]}]}<\/script>\n<!-- \/ Yoast SEO plugin. -->","yoast_head_json":{"title":"Cuchara de carga para tractores LEITE - Leite Europe","description":"Descubra nuestra cuchara de carga con una capacidad de 0,20 m\u00b3, adecuada para tractores de 25 a 45 CV.","robots":{"index":"index","follow":"follow","max-snippet":"max-snippet:-1","max-image-preview":"max-image-preview:large","max-video-preview":"max-video-preview:-1"},"canonical":"https:\/\/leite-europa.com\/es\/produit\/cubo-de-carga-para-tractor-derecho\/","og_locale":"es_ES","og_type":"article","og_title":"Cuchara de carga para tractores LEITE - Leite Europe","og_description":"Descubra nuestra cuchara de carga con una capacidad de 0,20 m\u00b3, adecuada para tractores de 25 a 45 CV.","og_url":"https:\/\/leite-europa.com\/es\/produit\/cubo-de-carga-para-tractor-derecho\/","og_site_name":"Leite Europe","article_publisher":"https:\/\/www.facebook.com\/profile.php?id=100089192656837","article_modified_time":"2023-11-15T10:49:07+00:00","og_image":[{"width":2400,"height":1800,"url":"https:\/\/leite-europa.com\/wp-content\/uploads\/2023\/09\/0Q8A1678.jpg","type":"image\/jpeg"}],"twitter_card":"summary_large_image","twitter_misc":{"Tiempo de lectura":"3 minutos"},"schema":{"@context":"https:\/\/schema.org","@graph":[{"@type":"WebPage","@id":"https:\/\/leite-europa.com\/es\/produit\/cubo-de-carga-para-tractor-derecho\/","url":"https:\/\/leite-europa.com\/es\/produit\/cubo-de-carga-para-tractor-derecho\/","name":"Cuchara de carga para tractores LEITE - Leite Europe","isPartOf":{"@id":"https:\/\/leite-europa.com\/es\/#website"},"primaryImageOfPage":{"@id":"https:\/\/leite-europa.com\/es\/produit\/cubo-de-carga-para-tractor-derecho\/#primaryimage"},"image":{"@id":"https:\/\/leite-europa.com\/es\/produit\/cubo-de-carga-para-tractor-derecho\/#primaryimage"},"thumbnailUrl":"https:\/\/leite-europa.com\/wp-content\/uploads\/2023\/09\/0Q8A1678.jpg","datePublished":"2023-11-07T18:00:42+00:00","dateModified":"2023-11-15T10:49:07+00:00","description":"Descubra nuestra cuchara de carga con una capacidad de 0,20 m\u00b3, adecuada para tractores de 25 a 45 CV.","breadcrumb":{"@id":"https:\/\/leite-europa.com\/es\/produit\/cubo-de-carga-para-tractor-derecho\/#breadcrumb"},"inLanguage":"es","potentialAction":[{"@type":"ReadAction","target":["https:\/\/leite-europa.com\/es\/produit\/cubo-de-carga-para-tractor-derecho\/"]}]},{"@type":"ImageObject","inLanguage":"es","@id":"https:\/\/leite-europa.com\/es\/produit\/cubo-de-carga-para-tractor-derecho\/#primaryimage","url":"https:\/\/leite-europa.com\/wp-content\/uploads\/2023\/09\/0Q8A1678.jpg","contentUrl":"https:\/\/leite-europa.com\/wp-content\/uploads\/2023\/09\/0Q8A1678.jpg","width":2400,"height":1800,"caption":"Cuchara de carga Tractor CL30-4 Leite"},{"@type":"BreadcrumbList","@id":"https:\/\/leite-europa.com\/es\/produit\/cubo-de-carga-para-tractor-derecho\/#breadcrumb","itemListElement":[{"@type":"ListItem","position":1,"name":"Accueil","item":"https:\/\/leite-europa.com\/es\/inicio\/"},{"@type":"ListItem","position":2,"name":"Tienda","item":"https:\/\/leite-europa.com\/fr\/boutique\/"},{"@type":"ListItem","position":3,"name":"Cuchara de carga para tractores LEITE"}]},{"@type":"WebSite","@id":"https:\/\/leite-europa.com\/es\/#website","url":"https:\/\/leite-europa.com\/es\/","name":"Leite Europe","description":"","publisher":{"@id":"https:\/\/leite-europa.com\/es\/#organization"},"potentialAction":[{"@type":"SearchAction","target":{"@type":"EntryPoint","urlTemplate":"https:\/\/leite-europa.com\/es\/?s={search_term_string}"},"query-input":{"@type":"PropertyValueSpecification","valueRequired":true,"valueName":"search_term_string"}}],"inLanguage":"es"},{"@type":"Organization","@id":"https:\/\/leite-europa.com\/es\/#organization","name":"Leite Europe","url":"https:\/\/leite-europa.com\/es\/","logo":{"@type":"ImageObject","inLanguage":"es","@id":"https:\/\/leite-europa.com\/es\/#\/schema\/logo\/image\/","url":"https:\/\/leite-europa.com\/wp-content\/uploads\/2022\/12\/LOGO-LEITE.png","contentUrl":"https:\/\/leite-europa.com\/wp-content\/uploads\/2022\/12\/LOGO-LEITE.png","width":1024,"height":512,"caption":"Leite Europe"},"image":{"@id":"https:\/\/leite-europa.com\/es\/#\/schema\/logo\/image\/"},"sameAs":["https:\/\/www.facebook.com\/profile.php?id=100089192656837","https:\/\/www.instagram.com\/leite_france_minipelle\/","https:\/\/www.linkedin.com\/company\/leite-france\/"]}]}},"_links":{"self":[{"href":"https:\/\/leite-europa.com\/es\/wp-json\/wp\/v2\/product\/8327","targetHints":{"allow":["GET"]}}],"collection":[{"href":"https:\/\/leite-europa.com\/es\/wp-json\/wp\/v2\/product"}],"about":[{"href":"https:\/\/leite-europa.com\/es\/wp-json\/wp\/v2\/types\/product"}],"wp:featuredmedia":[{"embeddable":true,"href":"https:\/\/leite-europa.com\/es\/wp-json\/wp\/v2\/media\/4752"}],"wp:attachment":[{"href":"https:\/\/leite-europa.com\/es\/wp-json\/wp\/v2\/media?parent=8327"}],"wp:term":[{"taxonomy":"product_brand","embeddable":true,"href":"https:\/\/leite-europa.com\/es\/wp-json\/wp\/v2\/product_brand?post=8327"},{"taxonomy":"product_cat","embeddable":true,"href":"https:\/\/leite-europa.com\/es\/wp-json\/wp\/v2\/product_cat?post=8327"},{"taxonomy":"product_tag","embeddable":true,"href":"https:\/\/leite-europa.com\/es\/wp-json\/wp\/v2\/product_tag?post=8327"}],"curies":[{"name":"wp","href":"https:\/\/api.w.org\/{rel}","templated":true}]}}