{"id":8333,"date":"2023-11-13T11:08:37","date_gmt":"2023-11-13T10:08:37","guid":{"rendered":"https:\/\/leite-europa.com\/produit\/pack-de-movimiento-de-tierras-para-miniexcavadoras-leite-cl12-y-cl18\/"},"modified":"2025-03-14T11:58:52","modified_gmt":"2025-03-14T10:58:52","slug":"earthworks-paquete-para-miniexcavadoras-cl12-cl18-leite","status":"publish","type":"product","link":"https:\/\/leite-europa.com\/es\/produit\/earthworks-paquete-para-miniexcavadoras-cl12-cl18-leite\/","title":{"rendered":"Pack Movimiento de Tierras para Miniexcavadoras LEITE CL10 y CL20"},"content":{"rendered":"<p>[et_pb_section fb_built=&#8221;1&#8243; _builder_version=&#8221;4.19.2&#8243; _module_preset=&#8221;default&#8221; background_color=&#8221;#FFFFFF&#8221; custom_padding=&#8221;||4px|||&#8221; global_colors_info=&#8221;{}&#8221;][et_pb_row column_structure=&#8221;1_2,1_2&#8243; _builder_version=&#8221;4.19.2&#8243; _module_preset=&#8221;default&#8221; global_colors_info=&#8221;{}&#8221;][et_pb_column type=&#8221;1_2&#8243; _builder_version=&#8221;4.19.2&#8243; _module_preset=&#8221;default&#8221; global_colors_info=&#8221;{}&#8221;][et_pb_gallery gallery_ids=&#8221;3516&#8243; fullwidth=&#8221;on&#8221; _builder_version=&#8221;4.23&#8243; _module_preset=&#8221;default&#8221; global_colors_info=&#8221;{}&#8221;][\/et_pb_gallery][\/et_pb_column][et_pb_column type=&#8221;1_2&#8243; _builder_version=&#8221;4.19.2&#8243; _module_preset=&#8221;default&#8221; global_colors_info=&#8221;{}&#8221;][et_pb_text _builder_version=&#8221;4.23&#8243; _module_preset=&#8221;default&#8221; text_line_height=&#8221;2em&#8221; global_colors_info=&#8221;{}&#8221;]<\/p>\n<h2><span style=\"color: #ff6600;\">Mejore la versatilidad y autonom\u00eda de sus miniexcavadoras con nuestros packs de movimiento de tierras Leite, dise\u00f1ados para responder eficazmente a una amplia gama de trabajos principales.<\/span><\/h2>\n<p>[\/et_pb_text][et_pb_text _builder_version=&#8221;4.23&#8243; _module_preset=&#8221;default&#8221; global_colors_info=&#8221;{}&#8221;]<\/p>\n<p><strong>M\u00e1xima versatilidad y<\/strong> autonom\u00eda Nuestros paquetes de movimiento de tierras est\u00e1n dise\u00f1ados para permitirle realizar multitud de tareas de forma aut\u00f3noma. Tanto si se trata de trabajos de precisi\u00f3n como la excavaci\u00f3n de zanjas estrechas o de tareas de mayor envergadura como la nivelaci\u00f3n y la limpieza, estos paquetes convierten su miniexcavadora en una herramienta vers\u00e1til, capaz de adaptarse a diferentes tipos de emplazamientos.<\/p>\n<p><strong class=\"ContentPasted0\"><u>Pack de movimiento de tierras para miniexcavadora CL12:<\/u><\/strong><\/p>\n<div><strong class=\"ContentPasted0\">Incluye:<\/strong><\/div>\n<div>\n<ul data-editing-info=\"{\"orderedStyleType\":1,\"unorderedStyleType\":1}\">\n<li><strong class=\"ContentPasted0\">Cazo para movimiento de tierras de 20 cm:<\/strong> Ideal para trabajos precisos, como la creaci\u00f3n de peque\u00f1os cimientos o zanjas.<\/li>\n<li><strong class=\"ContentPasted0\">Cazo de excavaci\u00f3n de 100 cm:<\/strong> Perfecto para limpiar y nivelar, haciendo que su miniexcavadora sea adecuada para trabajos de mayor envergadura.<\/li>\n<li><strong class=\"ContentPasted0\">Enganche r\u00e1pido manual:<\/strong> facilita el cambio r\u00e1pido de accesorios, aumentando la autonom\u00eda y reduciendo los tiempos de inactividad.<\/li>\n<\/ul>\n<p><strong class=\"ContentPasted0\"><u>Pack de movimiento de tierras para miniexcavadora CL18:<\/u><\/strong><\/p>\n<div><strong class=\"ContentPasted0\">Incluye:<\/strong><\/div>\n<div>\n<ul data-editing-info=\"{\"orderedStyleType\":1,\"unorderedStyleType\":1}\">\n<li><strong class=\"ContentPasted0\">Cazo para movimiento de tierras de 20 cm:<\/strong> Ideal para multitud de tareas de movimiento de tierras.<\/li>\n<li><strong class=\"ContentPasted0\">Cubo de limpieza alargado de 120 cm:<\/strong> Aumenta la capacidad de limpieza y nivelaci\u00f3n, perfecto para obras grandes.<\/li>\n<li><strong class=\"ContentPasted0\">Enganche r\u00e1pido manual:<\/strong> optimiza el tiempo de trabajo al facilitar el cambio entre diferentes cucharones.<\/li>\n<\/ul>\n<\/div>\n<\/div>\n<p>[\/et_pb_text][\/et_pb_column][\/et_pb_row][\/et_pb_section][et_pb_section fb_built=&#8221;1&#8243; _builder_version=&#8221;4.19.4&#8243; _module_preset=&#8221;default&#8221; background_color=&#8221;RGBA(255,255,255,0)&#8221; custom_padding=&#8221;2px||4px|||&#8221; global_colors_info=&#8221;{}&#8221;][et_pb_row column_structure=&#8221;1_3,1_3,1_3&#8243; _builder_version=&#8221;4.23&#8243; _module_preset=&#8221;default&#8221; global_colors_info=&#8221;{}&#8221;][et_pb_column type=&#8221;1_3&#8243; _builder_version=&#8221;4.23&#8243; _module_preset=&#8221;default&#8221; global_colors_info=&#8221;{}&#8221;][et_pb_image src=&#8221;https:\/\/leite-france.fr\/wp-content\/uploads\/2023\/01\/IMG_1283.jpeg&#8221; alt=&#8221;Cuchara Excavadora para miniexcavadora LEITE&#8221; title_text=&#8221;Cuchara Excavadora para miniexcavadora LEITE&#8221; _builder_version=&#8221;4.23&#8243; _module_preset=&#8221;default&#8221; global_colors_info=&#8221;{}&#8221;][\/et_pb_image][\/et_pb_column][et_pb_column type=&#8221;1_3&#8243; _builder_version=&#8221;4.23&#8243; _module_preset=&#8221;default&#8221; global_colors_info=&#8221;{}&#8221;][et_pb_image src=&#8221;https:\/\/leite-europa.com\/wp-content\/uploads\/2023\/01\/IMG_1339.jpeg&#8221; alt=&#8221;Cazo de limpieza Leite&#8221; title_text=&#8221;Cazo de limpieza Leite&#8221; _builder_version=&#8221;4.23.1&#8243; _module_preset=&#8221;default&#8221; global_colors_info=&#8221;{}&#8221;][\/et_pb_image][\/et_pb_column][et_pb_column type=&#8221;1_3&#8243; _builder_version=&#8221;4.23&#8243; _module_preset=&#8221;default&#8221; global_colors_info=&#8221;{}&#8221;][et_pb_image src=&#8221;https:\/\/leite-france.fr\/wp-content\/uploads\/2023\/01\/IMG_1316.jpeg&#8221; alt=&#8221;Mini pala cierre r\u00e1pido Leite france&#8221; title_text=&#8221;Mini pala cierre r\u00e1pido Leite france&#8221; _builder_version=&#8221;4.23&#8243; _module_preset=&#8221;default&#8221; global_colors_info=&#8221;{}&#8221;][\/et_pb_image][\/et_pb_column][\/et_pb_row][\/et_pb_section]<\/p>\n","protected":false},"excerpt":{"rendered":"<p>Mejore la versatilidad y autonom\u00eda de sus miniexcavadoras con nuestros packs de movimiento de tierras Leite, dise\u00f1ados para responder eficazmente a una amplia gama de trabajos principales.M\u00e1xima versatilidad y autonom\u00eda Nuestros paquetes de movimiento de tierras est\u00e1n dise\u00f1ados para permitirle realizar multitud de tareas de forma aut\u00f3noma. Tanto si se trata de trabajos de precisi\u00f3n [&hellip;]<\/p>\n","protected":false},"featured_media":8023,"template":"","meta":{"_et_pb_use_builder":"on","_et_pb_old_content":"","_et_gb_content_width":""},"product_brand":[],"product_cat":[223],"product_tag":[],"class_list":{"0":"post-8333","1":"product","2":"type-product","3":"status-publish","4":"has-post-thumbnail","6":"product_cat-paquete","8":"first","9":"instock","10":"taxable","11":"shipping-taxable","12":"purchasable","13":"product-type-variable"},"yoast_head":"<!-- This site is optimized with the Yoast SEO plugin v27.4 - https:\/\/yoast.com\/product\/yoast-seo-wordpress\/ -->\n<title>Pack Movimiento de Tierras para Miniexcavadoras LEITE CL10 y CL20 - Leite Europe<\/title>\n<meta name=\"description\" content=\"Nuestra cuchara excavadora Leite, tambi\u00e9n conocida como cuchara zanjadora o cuchara niveladora, es una cuchara sin dientes indispensable para trabajos de relleno y nivelaci\u00f3n.\" \/>\n<meta name=\"robots\" content=\"index, follow, max-snippet:-1, max-image-preview:large, max-video-preview:-1\" \/>\n<link rel=\"canonical\" href=\"https:\/\/leite-europa.com\/es\/produit\/earthworks-paquete-para-miniexcavadoras-cl12-cl18-leite\/\" \/>\n<meta property=\"og:locale\" content=\"es_ES\" \/>\n<meta property=\"og:type\" content=\"article\" \/>\n<meta property=\"og:title\" content=\"Pack Movimiento de Tierras para Miniexcavadoras LEITE CL10 y CL20 - Leite Europe\" \/>\n<meta property=\"og:description\" content=\"Nuestra cuchara excavadora Leite, tambi\u00e9n conocida como cuchara zanjadora o cuchara niveladora, es una cuchara sin dientes indispensable para trabajos de relleno y nivelaci\u00f3n.\" \/>\n<meta property=\"og:url\" content=\"https:\/\/leite-europa.com\/es\/produit\/earthworks-paquete-para-miniexcavadoras-cl12-cl18-leite\/\" \/>\n<meta property=\"og:site_name\" content=\"Leite Europe\" \/>\n<meta property=\"article:publisher\" content=\"https:\/\/www.facebook.com\/profile.php?id=100089192656837\" \/>\n<meta property=\"article:modified_time\" content=\"2025-03-14T10:58:52+00:00\" \/>\n<meta property=\"og:image\" content=\"https:\/\/leite-europa.com\/wp-content\/uploads\/2023\/11\/Pack-godet-pub-leite.webp\" \/>\n\t<meta property=\"og:image:width\" content=\"1080\" \/>\n\t<meta property=\"og:image:height\" content=\"1080\" \/>\n\t<meta property=\"og:image:type\" content=\"image\/webp\" \/>\n<meta name=\"twitter:card\" content=\"summary_large_image\" \/>\n<meta name=\"twitter:label1\" content=\"Tiempo de lectura\" \/>\n\t<meta name=\"twitter:data1\" content=\"3 minutos\" \/>\n<script type=\"application\/ld+json\" class=\"yoast-schema-graph\">{\"@context\":\"https:\\\/\\\/schema.org\",\"@graph\":[{\"@type\":\"WebPage\",\"@id\":\"https:\\\/\\\/leite-europa.com\\\/es\\\/produit\\\/earthworks-paquete-para-miniexcavadoras-cl12-cl18-leite\\\/\",\"url\":\"https:\\\/\\\/leite-europa.com\\\/es\\\/produit\\\/earthworks-paquete-para-miniexcavadoras-cl12-cl18-leite\\\/\",\"name\":\"Pack Movimiento de Tierras para Miniexcavadoras LEITE CL10 y CL20 - Leite Europe\",\"isPartOf\":{\"@id\":\"https:\\\/\\\/leite-europa.com\\\/es\\\/#website\"},\"primaryImageOfPage\":{\"@id\":\"https:\\\/\\\/leite-europa.com\\\/es\\\/produit\\\/earthworks-paquete-para-miniexcavadoras-cl12-cl18-leite\\\/#primaryimage\"},\"image\":{\"@id\":\"https:\\\/\\\/leite-europa.com\\\/es\\\/produit\\\/earthworks-paquete-para-miniexcavadoras-cl12-cl18-leite\\\/#primaryimage\"},\"thumbnailUrl\":\"https:\\\/\\\/leite-europa.com\\\/wp-content\\\/uploads\\\/2023\\\/11\\\/Pack-godet-pub-leite.webp\",\"datePublished\":\"2023-11-13T10:08:37+00:00\",\"dateModified\":\"2025-03-14T10:58:52+00:00\",\"description\":\"Nuestra cuchara excavadora Leite, tambi\u00e9n conocida como cuchara zanjadora o cuchara niveladora, es una cuchara sin dientes indispensable para trabajos de relleno y nivelaci\u00f3n.\",\"breadcrumb\":{\"@id\":\"https:\\\/\\\/leite-europa.com\\\/es\\\/produit\\\/earthworks-paquete-para-miniexcavadoras-cl12-cl18-leite\\\/#breadcrumb\"},\"inLanguage\":\"es\",\"potentialAction\":[{\"@type\":\"ReadAction\",\"target\":[\"https:\\\/\\\/leite-europa.com\\\/es\\\/produit\\\/earthworks-paquete-para-miniexcavadoras-cl12-cl18-leite\\\/\"]}]},{\"@type\":\"ImageObject\",\"inLanguage\":\"es\",\"@id\":\"https:\\\/\\\/leite-europa.com\\\/es\\\/produit\\\/earthworks-paquete-para-miniexcavadoras-cl12-cl18-leite\\\/#primaryimage\",\"url\":\"https:\\\/\\\/leite-europa.com\\\/wp-content\\\/uploads\\\/2023\\\/11\\\/Pack-godet-pub-leite.webp\",\"contentUrl\":\"https:\\\/\\\/leite-europa.com\\\/wp-content\\\/uploads\\\/2023\\\/11\\\/Pack-godet-pub-leite.webp\",\"width\":1080,\"height\":1080},{\"@type\":\"BreadcrumbList\",\"@id\":\"https:\\\/\\\/leite-europa.com\\\/es\\\/produit\\\/earthworks-paquete-para-miniexcavadoras-cl12-cl18-leite\\\/#breadcrumb\",\"itemListElement\":[{\"@type\":\"ListItem\",\"position\":1,\"name\":\"Accueil\",\"item\":\"https:\\\/\\\/leite-europa.com\\\/es\\\/inicio\\\/\"},{\"@type\":\"ListItem\",\"position\":2,\"name\":\"Tienda\",\"item\":\"https:\\\/\\\/leite-europa.com\\\/fr\\\/boutique\\\/\"},{\"@type\":\"ListItem\",\"position\":3,\"name\":\"Pack Movimiento de Tierras para Miniexcavadoras LEITE CL10 y CL20\"}]},{\"@type\":\"WebSite\",\"@id\":\"https:\\\/\\\/leite-europa.com\\\/es\\\/#website\",\"url\":\"https:\\\/\\\/leite-europa.com\\\/es\\\/\",\"name\":\"Leite Europe\",\"description\":\"\",\"publisher\":{\"@id\":\"https:\\\/\\\/leite-europa.com\\\/es\\\/#organization\"},\"potentialAction\":[{\"@type\":\"SearchAction\",\"target\":{\"@type\":\"EntryPoint\",\"urlTemplate\":\"https:\\\/\\\/leite-europa.com\\\/es\\\/?s={search_term_string}\"},\"query-input\":{\"@type\":\"PropertyValueSpecification\",\"valueRequired\":true,\"valueName\":\"search_term_string\"}}],\"inLanguage\":\"es\"},{\"@type\":\"Organization\",\"@id\":\"https:\\\/\\\/leite-europa.com\\\/es\\\/#organization\",\"name\":\"Leite Europe\",\"url\":\"https:\\\/\\\/leite-europa.com\\\/es\\\/\",\"logo\":{\"@type\":\"ImageObject\",\"inLanguage\":\"es\",\"@id\":\"https:\\\/\\\/leite-europa.com\\\/es\\\/#\\\/schema\\\/logo\\\/image\\\/\",\"url\":\"https:\\\/\\\/leite-europa.com\\\/wp-content\\\/uploads\\\/2022\\\/12\\\/LOGO-LEITE.png\",\"contentUrl\":\"https:\\\/\\\/leite-europa.com\\\/wp-content\\\/uploads\\\/2022\\\/12\\\/LOGO-LEITE.png\",\"width\":1024,\"height\":512,\"caption\":\"Leite Europe\"},\"image\":{\"@id\":\"https:\\\/\\\/leite-europa.com\\\/es\\\/#\\\/schema\\\/logo\\\/image\\\/\"},\"sameAs\":[\"https:\\\/\\\/www.facebook.com\\\/profile.php?id=100089192656837\",\"https:\\\/\\\/www.instagram.com\\\/leite_france_minipelle\\\/\",\"https:\\\/\\\/www.linkedin.com\\\/company\\\/leite-france\\\/\"]}]}<\/script>\n<!-- \/ Yoast SEO plugin. -->","yoast_head_json":{"title":"Pack Movimiento de Tierras para Miniexcavadoras LEITE CL10 y CL20 - Leite Europe","description":"Nuestra cuchara excavadora Leite, tambi\u00e9n conocida como cuchara zanjadora o cuchara niveladora, es una cuchara sin dientes indispensable para trabajos de relleno y nivelaci\u00f3n.","robots":{"index":"index","follow":"follow","max-snippet":"max-snippet:-1","max-image-preview":"max-image-preview:large","max-video-preview":"max-video-preview:-1"},"canonical":"https:\/\/leite-europa.com\/es\/produit\/earthworks-paquete-para-miniexcavadoras-cl12-cl18-leite\/","og_locale":"es_ES","og_type":"article","og_title":"Pack Movimiento de Tierras para Miniexcavadoras LEITE CL10 y CL20 - Leite Europe","og_description":"Nuestra cuchara excavadora Leite, tambi\u00e9n conocida como cuchara zanjadora o cuchara niveladora, es una cuchara sin dientes indispensable para trabajos de relleno y nivelaci\u00f3n.","og_url":"https:\/\/leite-europa.com\/es\/produit\/earthworks-paquete-para-miniexcavadoras-cl12-cl18-leite\/","og_site_name":"Leite Europe","article_publisher":"https:\/\/www.facebook.com\/profile.php?id=100089192656837","article_modified_time":"2025-03-14T10:58:52+00:00","og_image":[{"width":1080,"height":1080,"url":"https:\/\/leite-europa.com\/wp-content\/uploads\/2023\/11\/Pack-godet-pub-leite.webp","type":"image\/webp"}],"twitter_card":"summary_large_image","twitter_misc":{"Tiempo de lectura":"3 minutos"},"schema":{"@context":"https:\/\/schema.org","@graph":[{"@type":"WebPage","@id":"https:\/\/leite-europa.com\/es\/produit\/earthworks-paquete-para-miniexcavadoras-cl12-cl18-leite\/","url":"https:\/\/leite-europa.com\/es\/produit\/earthworks-paquete-para-miniexcavadoras-cl12-cl18-leite\/","name":"Pack Movimiento de Tierras para Miniexcavadoras LEITE CL10 y CL20 - Leite Europe","isPartOf":{"@id":"https:\/\/leite-europa.com\/es\/#website"},"primaryImageOfPage":{"@id":"https:\/\/leite-europa.com\/es\/produit\/earthworks-paquete-para-miniexcavadoras-cl12-cl18-leite\/#primaryimage"},"image":{"@id":"https:\/\/leite-europa.com\/es\/produit\/earthworks-paquete-para-miniexcavadoras-cl12-cl18-leite\/#primaryimage"},"thumbnailUrl":"https:\/\/leite-europa.com\/wp-content\/uploads\/2023\/11\/Pack-godet-pub-leite.webp","datePublished":"2023-11-13T10:08:37+00:00","dateModified":"2025-03-14T10:58:52+00:00","description":"Nuestra cuchara excavadora Leite, tambi\u00e9n conocida como cuchara zanjadora o cuchara niveladora, es una cuchara sin dientes indispensable para trabajos de relleno y nivelaci\u00f3n.","breadcrumb":{"@id":"https:\/\/leite-europa.com\/es\/produit\/earthworks-paquete-para-miniexcavadoras-cl12-cl18-leite\/#breadcrumb"},"inLanguage":"es","potentialAction":[{"@type":"ReadAction","target":["https:\/\/leite-europa.com\/es\/produit\/earthworks-paquete-para-miniexcavadoras-cl12-cl18-leite\/"]}]},{"@type":"ImageObject","inLanguage":"es","@id":"https:\/\/leite-europa.com\/es\/produit\/earthworks-paquete-para-miniexcavadoras-cl12-cl18-leite\/#primaryimage","url":"https:\/\/leite-europa.com\/wp-content\/uploads\/2023\/11\/Pack-godet-pub-leite.webp","contentUrl":"https:\/\/leite-europa.com\/wp-content\/uploads\/2023\/11\/Pack-godet-pub-leite.webp","width":1080,"height":1080},{"@type":"BreadcrumbList","@id":"https:\/\/leite-europa.com\/es\/produit\/earthworks-paquete-para-miniexcavadoras-cl12-cl18-leite\/#breadcrumb","itemListElement":[{"@type":"ListItem","position":1,"name":"Accueil","item":"https:\/\/leite-europa.com\/es\/inicio\/"},{"@type":"ListItem","position":2,"name":"Tienda","item":"https:\/\/leite-europa.com\/fr\/boutique\/"},{"@type":"ListItem","position":3,"name":"Pack Movimiento de Tierras para Miniexcavadoras LEITE CL10 y CL20"}]},{"@type":"WebSite","@id":"https:\/\/leite-europa.com\/es\/#website","url":"https:\/\/leite-europa.com\/es\/","name":"Leite Europe","description":"","publisher":{"@id":"https:\/\/leite-europa.com\/es\/#organization"},"potentialAction":[{"@type":"SearchAction","target":{"@type":"EntryPoint","urlTemplate":"https:\/\/leite-europa.com\/es\/?s={search_term_string}"},"query-input":{"@type":"PropertyValueSpecification","valueRequired":true,"valueName":"search_term_string"}}],"inLanguage":"es"},{"@type":"Organization","@id":"https:\/\/leite-europa.com\/es\/#organization","name":"Leite Europe","url":"https:\/\/leite-europa.com\/es\/","logo":{"@type":"ImageObject","inLanguage":"es","@id":"https:\/\/leite-europa.com\/es\/#\/schema\/logo\/image\/","url":"https:\/\/leite-europa.com\/wp-content\/uploads\/2022\/12\/LOGO-LEITE.png","contentUrl":"https:\/\/leite-europa.com\/wp-content\/uploads\/2022\/12\/LOGO-LEITE.png","width":1024,"height":512,"caption":"Leite Europe"},"image":{"@id":"https:\/\/leite-europa.com\/es\/#\/schema\/logo\/image\/"},"sameAs":["https:\/\/www.facebook.com\/profile.php?id=100089192656837","https:\/\/www.instagram.com\/leite_france_minipelle\/","https:\/\/www.linkedin.com\/company\/leite-france\/"]}]}},"_links":{"self":[{"href":"https:\/\/leite-europa.com\/es\/wp-json\/wp\/v2\/product\/8333","targetHints":{"allow":["GET"]}}],"collection":[{"href":"https:\/\/leite-europa.com\/es\/wp-json\/wp\/v2\/product"}],"about":[{"href":"https:\/\/leite-europa.com\/es\/wp-json\/wp\/v2\/types\/product"}],"wp:featuredmedia":[{"embeddable":true,"href":"https:\/\/leite-europa.com\/es\/wp-json\/wp\/v2\/media\/8023"}],"wp:attachment":[{"href":"https:\/\/leite-europa.com\/es\/wp-json\/wp\/v2\/media?parent=8333"}],"wp:term":[{"taxonomy":"product_brand","embeddable":true,"href":"https:\/\/leite-europa.com\/es\/wp-json\/wp\/v2\/product_brand?post=8333"},{"taxonomy":"product_cat","embeddable":true,"href":"https:\/\/leite-europa.com\/es\/wp-json\/wp\/v2\/product_cat?post=8333"},{"taxonomy":"product_tag","embeddable":true,"href":"https:\/\/leite-europa.com\/es\/wp-json\/wp\/v2\/product_tag?post=8333"}],"curies":[{"name":"wp","href":"https:\/\/api.w.org\/{rel}","templated":true}]}}