{"id":8336,"date":"2023-11-07T10:13:37","date_gmt":"2023-11-07T09:13:37","guid":{"rendered":"https:\/\/leite-europa.com\/produit\/cubo-4-en-1\/"},"modified":"2024-07-29T10:02:33","modified_gmt":"2024-07-29T08:02:33","slug":"cubo-4-en-1","status":"publish","type":"product","link":"https:\/\/leite-europa.com\/es\/produit\/cubo-4-en-1\/","title":{"rendered":"Cubo 4 en 1"},"content":{"rendered":"<p>[et_pb_section fb_built=&#8221;1&#8243; _builder_version=&#8221;4.19.2&#8243; _module_preset=&#8221;default&#8221; background_color=&#8221;#FFFFFF&#8221; custom_padding=&#8221;||4px|||&#8221; global_colors_info=&#8221;{}&#8221;][et_pb_row column_structure=&#8221;1_2,1_2&#8243; _builder_version=&#8221;4.19.4&#8243; _module_preset=&#8221;default&#8221; global_colors_info=&#8221;{}&#8221;][et_pb_column type=&#8221;1_2&#8243; _builder_version=&#8221;4.19.2&#8243; _module_preset=&#8221;default&#8221; global_colors_info=&#8221;{}&#8221;][et_pb_gallery gallery_ids=&#8221;1317,1318,1320,1322&#8243; fullwidth=&#8221;on&#8221; _builder_version=&#8221;4.19.4&#8243; _module_preset=&#8221;default&#8221; global_colors_info=&#8221;{}&#8221;][\/et_pb_gallery][\/et_pb_column][et_pb_column type=&#8221;1_2&#8243; _builder_version=&#8221;4.19.2&#8243; _module_preset=&#8221;default&#8221; global_colors_info=&#8221;{}&#8221;][et_pb_text _builder_version=&#8221;4.19.4&#8243; _module_preset=&#8221;default&#8221; text_line_height=&#8221;2em&#8221; global_colors_info=&#8221;{}&#8221;]<\/p>\n<h2><span style=\"color: #ff6600;\">&#8220;Una soluci\u00f3n para plantar y extraer agua&#8221;.<\/span><\/h2>\n<p>[\/et_pb_text][et_pb_text _builder_version=&#8221;4.19.4&#8243; _module_preset=&#8221;default&#8221; global_colors_info=&#8221;{}&#8221;]<\/p>\n<p><span style=\"color: #000000;\">La cuchara 4 en 1 para la minicargadora LTH380 de Leite France es un equipo vers\u00e1til y eficaz para todos sus trabajos de construcci\u00f3n, movimiento de tierras y demolici\u00f3n. Dise\u00f1ada para adaptarse perfectamente a su minicargadora LTH380, esta cuchara le permitir\u00e1 realizar multitud de tareas con una sola m\u00e1quina.<\/span><\/p>\n<p><span style=\"color: #000000;\">La cuchara 4 en 1 cuenta con una hoja frontal, dos potentes cilindros hidr\u00e1ulicos, un sistema de bloqueo r\u00e1pido y una capacidad de carga \u00f3ptima. Con su funci\u00f3n de garra hidr\u00e1ulica, es posible agarrar materiales como rocas, ramas, \u00e1rboles y escombros. La cuchara tambi\u00e9n se puede utilizar como cuchara est\u00e1ndar, garra, cuchara para madera o cuchilla niveladora.<\/span><\/p>\n<p><span style=\"color: #000000;\">La construcci\u00f3n de acero de alta resistencia de la cuchara 4 en 1 garantiza una gran durabilidad y resistencia a los impactos y al desgaste. Bordes de corte reforzados para una mayor durabilidad y resistencia a los impactos.<\/span><\/p>\n<p><span style=\"color: #000000;\">La cuchara 4 en 1 es f\u00e1cil de usar gracias a su sistema de control hidr\u00e1ulico integrado. El mando le permite seleccionar r\u00e1pidamente la funci\u00f3n que necesita para la tarea en cuesti\u00f3n, para que pueda trabajar con mayor rapidez y eficacia.<\/span><\/p>\n<p><span style=\"color: #000000;\">La cuchara 4 en 1 para minicargadora Leite France LTH380 es un equipo vers\u00e1til que le permitir\u00e1 realizar multitud de tareas con una sola m\u00e1quina. Su construcci\u00f3n en acero de alta resistencia, su sistema de control hidr\u00e1ulico y su \u00f3ptima capacidad de carga la convierten en la herramienta preferida para todos sus trabajos de movimiento de tierras, construcci\u00f3n y demolici\u00f3n.<\/span><\/p>\n<p>[\/et_pb_text][et_pb_text _builder_version=&#8221;4.19.4&#8243; _module_preset=&#8221;default&#8221; text_text_color=&#8221;#484F54&#8243; global_colors_info=&#8221;{}&#8221;][\/et_pb_text][\/et_pb_column][\/et_pb_row][\/et_pb_section][et_pb_section fb_built=&#8221;1&#8243; _builder_version=&#8221;4.19.4&#8243; _module_preset=&#8221;default&#8221; background_color=&#8221;RGBA(255,255,255,0)&#8221; custom_padding=&#8221;2px||4px|||&#8221; global_colors_info=&#8221;{}&#8221;][et_pb_row _builder_version=&#8221;4.19.4&#8243; _module_preset=&#8221;default&#8221; animation_direction=&#8221;bottom&#8221; global_colors_info=&#8221;{}&#8221;][et_pb_column type=&#8221;4_4&#8243; _builder_version=&#8221;4.19.4&#8243; _module_preset=&#8221;default&#8221; global_colors_info=&#8221;{}&#8221;][et_pb_gallery gallery_ids=&#8221;1318&#8243; fullwidth=&#8221;on&#8221; _builder_version=&#8221;4.19.4&#8243; _module_preset=&#8221;default&#8221; background_color=&#8221;RGBA(255,255,255,0)&#8221; auto=&#8221;on&#8221; auto_speed=&#8221;3000&#8243; global_colors_info=&#8221;{}&#8221;][\/et_pb_gallery][\/et_pb_column][\/et_pb_row][\/et_pb_section]<\/p>\n","protected":false},"excerpt":{"rendered":"<p>&#8220;Una soluci\u00f3n para plantar y extraer agua&#8221;.La cuchara 4 en 1 para la minicargadora LTH380 de Leite France es un equipo vers\u00e1til y eficaz para todos sus trabajos de construcci\u00f3n, movimiento de tierras y demolici\u00f3n. Dise\u00f1ada para adaptarse perfectamente a su minicargadora LTH380, esta cuchara le permitir\u00e1 realizar multitud de tareas con una sola m\u00e1quina. [&hellip;]<\/p>\n","protected":false},"featured_media":3988,"template":"","meta":{"_et_pb_use_builder":"on","_et_pb_old_content":"","_et_gb_content_width":""},"product_brand":[],"product_cat":[308,312,198],"product_tag":[],"class_list":{"0":"post-8336","1":"product","2":"type-product","3":"status-publish","4":"has-post-thumbnail","6":"product_cat-accesorios-minicargador-lth380","7":"product_cat-accesorios-para-minicargador-lth280","8":"product_cat-accesorios-para-minicargadores","10":"first","11":"instock","12":"taxable","13":"shipping-taxable","14":"purchasable","15":"product-type-simple"},"yoast_head":"<!-- This site is optimized with the Yoast SEO plugin v27.3 - https:\/\/yoast.com\/product\/yoast-seo-wordpress\/ -->\n<title>Cubo 4 en 1 - Leite Europe<\/title>\n<meta name=\"description\" content=\"Nuestra cuchara 4 en 1 es el accesorio perfecto para su minicargadora LEITE FRANCE LTH380. Vers\u00e1til y f\u00e1cil de usar, simplifica sus movimientos de tierra.\" \/>\n<meta name=\"robots\" content=\"index, follow, max-snippet:-1, max-image-preview:large, max-video-preview:-1\" \/>\n<link rel=\"canonical\" href=\"https:\/\/leite-europa.com\/es\/produit\/cubo-4-en-1\/\" \/>\n<meta property=\"og:locale\" content=\"es_ES\" \/>\n<meta property=\"og:type\" content=\"article\" \/>\n<meta property=\"og:title\" content=\"Cubo 4 en 1 - Leite Europe\" \/>\n<meta property=\"og:description\" content=\"Nuestra cuchara 4 en 1 es el accesorio perfecto para su minicargadora LEITE FRANCE LTH380. Vers\u00e1til y f\u00e1cil de usar, simplifica sus movimientos de tierra.\" \/>\n<meta property=\"og:url\" content=\"https:\/\/leite-europa.com\/es\/produit\/cubo-4-en-1\/\" \/>\n<meta property=\"og:site_name\" content=\"Leite Europe\" \/>\n<meta property=\"article:publisher\" content=\"https:\/\/www.facebook.com\/profile.php?id=100089192656837\" \/>\n<meta property=\"article:modified_time\" content=\"2024-07-29T08:02:33+00:00\" \/>\n<meta property=\"og:image\" content=\"https:\/\/leite-europa.com\/wp-content\/uploads\/2023\/03\/IMG_2019.jpeg\" \/>\n\t<meta property=\"og:image:width\" content=\"1440\" \/>\n\t<meta property=\"og:image:height\" content=\"1920\" \/>\n\t<meta property=\"og:image:type\" content=\"image\/jpeg\" \/>\n<meta name=\"twitter:card\" content=\"summary_large_image\" \/>\n<meta name=\"twitter:label1\" content=\"Tiempo de lectura\" \/>\n\t<meta name=\"twitter:data1\" content=\"2 minutos\" \/>\n<script type=\"application\/ld+json\" class=\"yoast-schema-graph\">{\"@context\":\"https:\\\/\\\/schema.org\",\"@graph\":[{\"@type\":\"WebPage\",\"@id\":\"https:\\\/\\\/leite-europa.com\\\/es\\\/produit\\\/cubo-4-en-1\\\/\",\"url\":\"https:\\\/\\\/leite-europa.com\\\/es\\\/produit\\\/cubo-4-en-1\\\/\",\"name\":\"Cubo 4 en 1 - Leite Europe\",\"isPartOf\":{\"@id\":\"https:\\\/\\\/leite-europa.com\\\/es\\\/#website\"},\"primaryImageOfPage\":{\"@id\":\"https:\\\/\\\/leite-europa.com\\\/es\\\/produit\\\/cubo-4-en-1\\\/#primaryimage\"},\"image\":{\"@id\":\"https:\\\/\\\/leite-europa.com\\\/es\\\/produit\\\/cubo-4-en-1\\\/#primaryimage\"},\"thumbnailUrl\":\"https:\\\/\\\/leite-europa.com\\\/wp-content\\\/uploads\\\/2023\\\/03\\\/IMG_2019.jpeg\",\"datePublished\":\"2023-11-07T09:13:37+00:00\",\"dateModified\":\"2024-07-29T08:02:33+00:00\",\"description\":\"Nuestra cuchara 4 en 1 es el accesorio perfecto para su minicargadora LEITE FRANCE LTH380. Vers\u00e1til y f\u00e1cil de usar, simplifica sus movimientos de tierra.\",\"breadcrumb\":{\"@id\":\"https:\\\/\\\/leite-europa.com\\\/es\\\/produit\\\/cubo-4-en-1\\\/#breadcrumb\"},\"inLanguage\":\"es\",\"potentialAction\":[{\"@type\":\"ReadAction\",\"target\":[\"https:\\\/\\\/leite-europa.com\\\/es\\\/produit\\\/cubo-4-en-1\\\/\"]}]},{\"@type\":\"ImageObject\",\"inLanguage\":\"es\",\"@id\":\"https:\\\/\\\/leite-europa.com\\\/es\\\/produit\\\/cubo-4-en-1\\\/#primaryimage\",\"url\":\"https:\\\/\\\/leite-europa.com\\\/wp-content\\\/uploads\\\/2023\\\/03\\\/IMG_2019.jpeg\",\"contentUrl\":\"https:\\\/\\\/leite-europa.com\\\/wp-content\\\/uploads\\\/2023\\\/03\\\/IMG_2019.jpeg\",\"width\":1440,\"height\":1920,\"caption\":\"Cuchara minicargadora 4 en 1 LEITE FRANCE LTH380\"},{\"@type\":\"BreadcrumbList\",\"@id\":\"https:\\\/\\\/leite-europa.com\\\/es\\\/produit\\\/cubo-4-en-1\\\/#breadcrumb\",\"itemListElement\":[{\"@type\":\"ListItem\",\"position\":1,\"name\":\"Accueil\",\"item\":\"https:\\\/\\\/leite-europa.com\\\/es\\\/inicio\\\/\"},{\"@type\":\"ListItem\",\"position\":2,\"name\":\"Tienda\",\"item\":\"https:\\\/\\\/leite-europa.com\\\/fr\\\/boutique\\\/\"},{\"@type\":\"ListItem\",\"position\":3,\"name\":\"Cubo 4 en 1\"}]},{\"@type\":\"WebSite\",\"@id\":\"https:\\\/\\\/leite-europa.com\\\/es\\\/#website\",\"url\":\"https:\\\/\\\/leite-europa.com\\\/es\\\/\",\"name\":\"Leite Europe\",\"description\":\"\",\"publisher\":{\"@id\":\"https:\\\/\\\/leite-europa.com\\\/es\\\/#organization\"},\"potentialAction\":[{\"@type\":\"SearchAction\",\"target\":{\"@type\":\"EntryPoint\",\"urlTemplate\":\"https:\\\/\\\/leite-europa.com\\\/es\\\/?s={search_term_string}\"},\"query-input\":{\"@type\":\"PropertyValueSpecification\",\"valueRequired\":true,\"valueName\":\"search_term_string\"}}],\"inLanguage\":\"es\"},{\"@type\":\"Organization\",\"@id\":\"https:\\\/\\\/leite-europa.com\\\/es\\\/#organization\",\"name\":\"Leite Europe\",\"url\":\"https:\\\/\\\/leite-europa.com\\\/es\\\/\",\"logo\":{\"@type\":\"ImageObject\",\"inLanguage\":\"es\",\"@id\":\"https:\\\/\\\/leite-europa.com\\\/es\\\/#\\\/schema\\\/logo\\\/image\\\/\",\"url\":\"https:\\\/\\\/leite-europa.com\\\/wp-content\\\/uploads\\\/2022\\\/12\\\/LOGO-LEITE.png\",\"contentUrl\":\"https:\\\/\\\/leite-europa.com\\\/wp-content\\\/uploads\\\/2022\\\/12\\\/LOGO-LEITE.png\",\"width\":1024,\"height\":512,\"caption\":\"Leite Europe\"},\"image\":{\"@id\":\"https:\\\/\\\/leite-europa.com\\\/es\\\/#\\\/schema\\\/logo\\\/image\\\/\"},\"sameAs\":[\"https:\\\/\\\/www.facebook.com\\\/profile.php?id=100089192656837\",\"https:\\\/\\\/www.instagram.com\\\/leite_france_minipelle\\\/\",\"https:\\\/\\\/www.linkedin.com\\\/company\\\/leite-france\\\/\"]}]}<\/script>\n<!-- \/ Yoast SEO plugin. -->","yoast_head_json":{"title":"Cubo 4 en 1 - Leite Europe","description":"Nuestra cuchara 4 en 1 es el accesorio perfecto para su minicargadora LEITE FRANCE LTH380. Vers\u00e1til y f\u00e1cil de usar, simplifica sus movimientos de tierra.","robots":{"index":"index","follow":"follow","max-snippet":"max-snippet:-1","max-image-preview":"max-image-preview:large","max-video-preview":"max-video-preview:-1"},"canonical":"https:\/\/leite-europa.com\/es\/produit\/cubo-4-en-1\/","og_locale":"es_ES","og_type":"article","og_title":"Cubo 4 en 1 - Leite Europe","og_description":"Nuestra cuchara 4 en 1 es el accesorio perfecto para su minicargadora LEITE FRANCE LTH380. Vers\u00e1til y f\u00e1cil de usar, simplifica sus movimientos de tierra.","og_url":"https:\/\/leite-europa.com\/es\/produit\/cubo-4-en-1\/","og_site_name":"Leite Europe","article_publisher":"https:\/\/www.facebook.com\/profile.php?id=100089192656837","article_modified_time":"2024-07-29T08:02:33+00:00","og_image":[{"width":1440,"height":1920,"url":"https:\/\/leite-europa.com\/wp-content\/uploads\/2023\/03\/IMG_2019.jpeg","type":"image\/jpeg"}],"twitter_card":"summary_large_image","twitter_misc":{"Tiempo de lectura":"2 minutos"},"schema":{"@context":"https:\/\/schema.org","@graph":[{"@type":"WebPage","@id":"https:\/\/leite-europa.com\/es\/produit\/cubo-4-en-1\/","url":"https:\/\/leite-europa.com\/es\/produit\/cubo-4-en-1\/","name":"Cubo 4 en 1 - Leite Europe","isPartOf":{"@id":"https:\/\/leite-europa.com\/es\/#website"},"primaryImageOfPage":{"@id":"https:\/\/leite-europa.com\/es\/produit\/cubo-4-en-1\/#primaryimage"},"image":{"@id":"https:\/\/leite-europa.com\/es\/produit\/cubo-4-en-1\/#primaryimage"},"thumbnailUrl":"https:\/\/leite-europa.com\/wp-content\/uploads\/2023\/03\/IMG_2019.jpeg","datePublished":"2023-11-07T09:13:37+00:00","dateModified":"2024-07-29T08:02:33+00:00","description":"Nuestra cuchara 4 en 1 es el accesorio perfecto para su minicargadora LEITE FRANCE LTH380. Vers\u00e1til y f\u00e1cil de usar, simplifica sus movimientos de tierra.","breadcrumb":{"@id":"https:\/\/leite-europa.com\/es\/produit\/cubo-4-en-1\/#breadcrumb"},"inLanguage":"es","potentialAction":[{"@type":"ReadAction","target":["https:\/\/leite-europa.com\/es\/produit\/cubo-4-en-1\/"]}]},{"@type":"ImageObject","inLanguage":"es","@id":"https:\/\/leite-europa.com\/es\/produit\/cubo-4-en-1\/#primaryimage","url":"https:\/\/leite-europa.com\/wp-content\/uploads\/2023\/03\/IMG_2019.jpeg","contentUrl":"https:\/\/leite-europa.com\/wp-content\/uploads\/2023\/03\/IMG_2019.jpeg","width":1440,"height":1920,"caption":"Cuchara minicargadora 4 en 1 LEITE FRANCE LTH380"},{"@type":"BreadcrumbList","@id":"https:\/\/leite-europa.com\/es\/produit\/cubo-4-en-1\/#breadcrumb","itemListElement":[{"@type":"ListItem","position":1,"name":"Accueil","item":"https:\/\/leite-europa.com\/es\/inicio\/"},{"@type":"ListItem","position":2,"name":"Tienda","item":"https:\/\/leite-europa.com\/fr\/boutique\/"},{"@type":"ListItem","position":3,"name":"Cubo 4 en 1"}]},{"@type":"WebSite","@id":"https:\/\/leite-europa.com\/es\/#website","url":"https:\/\/leite-europa.com\/es\/","name":"Leite Europe","description":"","publisher":{"@id":"https:\/\/leite-europa.com\/es\/#organization"},"potentialAction":[{"@type":"SearchAction","target":{"@type":"EntryPoint","urlTemplate":"https:\/\/leite-europa.com\/es\/?s={search_term_string}"},"query-input":{"@type":"PropertyValueSpecification","valueRequired":true,"valueName":"search_term_string"}}],"inLanguage":"es"},{"@type":"Organization","@id":"https:\/\/leite-europa.com\/es\/#organization","name":"Leite Europe","url":"https:\/\/leite-europa.com\/es\/","logo":{"@type":"ImageObject","inLanguage":"es","@id":"https:\/\/leite-europa.com\/es\/#\/schema\/logo\/image\/","url":"https:\/\/leite-europa.com\/wp-content\/uploads\/2022\/12\/LOGO-LEITE.png","contentUrl":"https:\/\/leite-europa.com\/wp-content\/uploads\/2022\/12\/LOGO-LEITE.png","width":1024,"height":512,"caption":"Leite Europe"},"image":{"@id":"https:\/\/leite-europa.com\/es\/#\/schema\/logo\/image\/"},"sameAs":["https:\/\/www.facebook.com\/profile.php?id=100089192656837","https:\/\/www.instagram.com\/leite_france_minipelle\/","https:\/\/www.linkedin.com\/company\/leite-france\/"]}]}},"_links":{"self":[{"href":"https:\/\/leite-europa.com\/es\/wp-json\/wp\/v2\/product\/8336","targetHints":{"allow":["GET"]}}],"collection":[{"href":"https:\/\/leite-europa.com\/es\/wp-json\/wp\/v2\/product"}],"about":[{"href":"https:\/\/leite-europa.com\/es\/wp-json\/wp\/v2\/types\/product"}],"wp:featuredmedia":[{"embeddable":true,"href":"https:\/\/leite-europa.com\/es\/wp-json\/wp\/v2\/media\/3988"}],"wp:attachment":[{"href":"https:\/\/leite-europa.com\/es\/wp-json\/wp\/v2\/media?parent=8336"}],"wp:term":[{"taxonomy":"product_brand","embeddable":true,"href":"https:\/\/leite-europa.com\/es\/wp-json\/wp\/v2\/product_brand?post=8336"},{"taxonomy":"product_cat","embeddable":true,"href":"https:\/\/leite-europa.com\/es\/wp-json\/wp\/v2\/product_cat?post=8336"},{"taxonomy":"product_tag","embeddable":true,"href":"https:\/\/leite-europa.com\/es\/wp-json\/wp\/v2\/product_tag?post=8336"}],"curies":[{"name":"wp","href":"https:\/\/api.w.org\/{rel}","templated":true}]}}