{"id":8342,"date":"2023-11-07T10:27:40","date_gmt":"2023-11-07T09:27:40","guid":{"rendered":"https:\/\/leite-europa.com\/produit\/hoja-bulldozer\/"},"modified":"2024-10-23T14:10:42","modified_gmt":"2024-10-23T12:10:42","slug":"hoja-bulldozer","status":"publish","type":"product","link":"https:\/\/leite-europa.com\/es\/produit\/hoja-bulldozer\/","title":{"rendered":"Hoja bulldozer"},"content":{"rendered":"<p>[et_pb_section fb_built=&#8221;1&#8243; _builder_version=&#8221;4.19.2&#8243; _module_preset=&#8221;default&#8221; background_color=&#8221;#FFFFFF&#8221; custom_padding=&#8221;||4px|||&#8221; global_colors_info=&#8221;{}&#8221; theme_builder_area=&#8221;post_content&#8221;][et_pb_row column_structure=&#8221;1_2,1_2&#8243; _builder_version=&#8221;4.19.2&#8243; _module_preset=&#8221;default&#8221; global_colors_info=&#8221;{}&#8221; theme_builder_area=&#8221;post_content&#8221;][et_pb_column type=&#8221;1_2&#8243; _builder_version=&#8221;4.19.2&#8243; _module_preset=&#8221;default&#8221; global_colors_info=&#8221;{}&#8221; theme_builder_area=&#8221;post_content&#8221;][et_pb_gallery gallery_ids=&#8221;1333,1332,1331,1330,1335,1334&#8243; fullwidth=&#8221;on&#8221; _builder_version=&#8221;4.19.4&#8243; _module_preset=&#8221;default&#8221; global_colors_info=&#8221;{}&#8221; theme_builder_area=&#8221;post_content&#8221;][\/et_pb_gallery][\/et_pb_column][et_pb_column type=&#8221;1_2&#8243; _builder_version=&#8221;4.19.2&#8243; _module_preset=&#8221;default&#8221; global_colors_info=&#8221;{}&#8221; theme_builder_area=&#8221;post_content&#8221;][et_pb_text _builder_version=&#8221;4.27.0&#8243; _module_preset=&#8221;default&#8221; text_line_height=&#8221;2em&#8221; hover_enabled=&#8221;0&#8243; global_colors_info=&#8221;{}&#8221; theme_builder_area=&#8221;post_content&#8221; sticky_enabled=&#8221;0&#8243;]<\/p>\n<h2><span style=\"color: #ff6600;\">\u201cUna soluci\u00f3n para movimientos de tierra, nivelaci\u00f3n y excavaci\u00f3n.\u201d<\/span><\/h2>\n<p>[\/et_pb_text][et_pb_text _builder_version=&#8221;4.19.4&#8243; _module_preset=&#8221;default&#8221; global_colors_info=&#8221;{}&#8221; theme_builder_area=&#8221;post_content&#8221;]<\/p>\n<p><span style=\"color: #000000;\"><\/span><\/p>\n<p>La hoja topadora compatible con la minicargadora Leite France LTH380 es el accesorio ideal para todos los trabajos de nivelaci\u00f3n, desmonte y movimiento de tierras. Con una longitud de hoja de 1,10 metros y una altura de hoja de 0,51 metros, es perfectamente adecuada para proporcionar un acabado de alta calidad y una mayor precisi\u00f3n.<\/p>\n<p>Fabricada en acero de alta resistencia, esta hoja bulldozer est\u00e1 dise\u00f1ada para resistir el desgaste y los impactos, garantizando una vida \u00fatil m\u00e1s prolongada. Adem\u00e1s, es f\u00e1cil de instalar y utilizar, lo que la convierte en la opci\u00f3n perfecta para los profesionales de los sectores de la construcci\u00f3n, el paisajismo y la agricultura.<\/p>\n<p>Mejora la productividad al hacer que los trabajos de nivelaci\u00f3n y movimiento de tierras sean m\u00e1s r\u00e1pidos y eficaces.<\/p>\n<p><span style=\"color: #000000;\"><\/span><\/p>\n<p>[\/et_pb_text][et_pb_text _builder_version=&#8221;4.19.4&#8243; _module_preset=&#8221;default&#8221; text_text_color=&#8221;#484F54&#8243; global_colors_info=&#8221;{}&#8221; theme_builder_area=&#8221;post_content&#8221;][\/et_pb_text][\/et_pb_column][\/et_pb_row][\/et_pb_section][et_pb_section fb_built=&#8221;1&#8243; _builder_version=&#8221;4.19.4&#8243; _module_preset=&#8221;default&#8221; background_color=&#8221;#E75F0D&#8221; custom_padding=&#8221;0px||0px|||&#8221; animation_style=&#8221;flip&#8221; global_colors_info=&#8221;{}&#8221; theme_builder_area=&#8221;post_content&#8221;][et_pb_row column_structure=&#8221;3_5,2_5&#8243; _builder_version=&#8221;4.19.2&#8243; _module_preset=&#8221;default&#8221; custom_padding=&#8221;47px|||||&#8221; global_colors_info=&#8221;{}&#8221; theme_builder_area=&#8221;post_content&#8221;][et_pb_column type=&#8221;3_5&#8243; _builder_version=&#8221;4.19.2&#8243; _module_preset=&#8221;default&#8221; global_colors_info=&#8221;{}&#8221; theme_builder_area=&#8221;post_content&#8221;][\/et_pb_column][et_pb_column type=&#8221;2_5&#8243; _builder_version=&#8221;4.19.4&#8243; _module_preset=&#8221;default&#8221; global_colors_info=&#8221;{}&#8221; theme_builder_area=&#8221;post_content&#8221;][et_pb_text _builder_version=&#8221;4.20.4&#8243; _module_preset=&#8221;default&#8221; text_font=&#8221;Oswald||||||||&#8221; text_text_color=&#8221;#FFFFFF&#8221; text_font_size=&#8221;59px&#8221; text_orientation=&#8221;center&#8221; min_height=&#8221;37.8px&#8221; custom_padding=&#8221;||28px|0px||&#8221; global_colors_info=&#8221;{}&#8221; theme_builder_area=&#8221;post_content&#8221;]<\/p>\n<p style=\"text-align: right;\">1198 SIN IVA<\/p>\n<p>[\/et_pb_text][et_pb_text _builder_version=&#8221;4.20.4&#8243; _module_preset=&#8221;default&#8221; text_font=&#8221;Oswald||||||||&#8221; text_text_color=&#8221;#FFFFFF&#8221; text_font_size=&#8221;30px&#8221; custom_padding=&#8221;||4px|||&#8221; global_colors_info=&#8221;{}&#8221; theme_builder_area=&#8221;post_content&#8221;]<\/p>\n<p style=\"text-align: right;\">1437,60 IVA INCLUIDO<\/p>\n<p>[\/et_pb_text][\/et_pb_column][\/et_pb_row][\/et_pb_section][et_pb_section fb_built=&#8221;1&#8243; _builder_version=&#8221;4.19.4&#8243; _module_preset=&#8221;default&#8221; background_color=&#8221;RGBA(255,255,255,0)&#8221; custom_padding=&#8221;2px||4px|||&#8221; global_colors_info=&#8221;{}&#8221; theme_builder_area=&#8221;post_content&#8221;][et_pb_row _builder_version=&#8221;4.19.4&#8243; _module_preset=&#8221;default&#8221; animation_direction=&#8221;bottom&#8221; global_colors_info=&#8221;{}&#8221; theme_builder_area=&#8221;post_content&#8221;][et_pb_column type=&#8221;4_4&#8243; _builder_version=&#8221;4.19.4&#8243; _module_preset=&#8221;default&#8221; global_colors_info=&#8221;{}&#8221; theme_builder_area=&#8221;post_content&#8221;][et_pb_gallery gallery_ids=&#8221;1334&#8243; fullwidth=&#8221;on&#8221; _builder_version=&#8221;4.19.4&#8243; _module_preset=&#8221;default&#8221; background_color=&#8221;RGBA(255,255,255,0)&#8221; auto=&#8221;on&#8221; auto_speed=&#8221;3000&#8243; global_colors_info=&#8221;{}&#8221; theme_builder_area=&#8221;post_content&#8221;][\/et_pb_gallery][\/et_pb_column][\/et_pb_row][\/et_pb_section]<\/p>\n","protected":false},"excerpt":{"rendered":"<p>\u201cUna soluci\u00f3n para movimientos de tierra, nivelaci\u00f3n y excavaci\u00f3n.\u201d La hoja topadora compatible con la minicargadora Leite France LTH380 es el accesorio ideal para todos los trabajos de nivelaci\u00f3n, desmonte y movimiento de tierras. Con una longitud de hoja de 1,10 metros y una altura de hoja de 0,51 metros, es perfectamente adecuada para proporcionar [&hellip;]<\/p>\n","protected":false},"featured_media":4024,"template":"","meta":{"_et_pb_use_builder":"on","_et_pb_old_content":"","_et_gb_content_width":""},"product_brand":[],"product_cat":[308,198],"product_tag":[],"class_list":{"0":"post-8342","1":"product","2":"type-product","3":"status-publish","4":"has-post-thumbnail","6":"product_cat-accesorios-minicargador-lth380","7":"product_cat-accesorios-para-minicargadores","9":"first","10":"instock","11":"taxable","12":"shipping-taxable","13":"purchasable","14":"product-type-simple"},"yoast_head":"<!-- This site is optimized with the Yoast SEO plugin v27.3 - https:\/\/yoast.com\/product\/yoast-seo-wordpress\/ -->\n<title>Hoja bulldozer - Leite Europe<\/title>\n<meta name=\"description\" content=\"Optimice su minicargadora LEITE FRANCE LTH380 con nuestra hoja bulldozer. Robusta y f\u00e1cil de montar, mejora la eficacia de sus movimientos de tierra.\" \/>\n<meta name=\"robots\" content=\"index, follow, max-snippet:-1, max-image-preview:large, max-video-preview:-1\" \/>\n<link rel=\"canonical\" href=\"https:\/\/leite-europa.com\/es\/produit\/hoja-bulldozer\/\" \/>\n<meta property=\"og:locale\" content=\"es_ES\" \/>\n<meta property=\"og:type\" content=\"article\" \/>\n<meta property=\"og:title\" content=\"Hoja bulldozer - Leite Europe\" \/>\n<meta property=\"og:description\" content=\"Optimice su minicargadora LEITE FRANCE LTH380 con nuestra hoja bulldozer. Robusta y f\u00e1cil de montar, mejora la eficacia de sus movimientos de tierra.\" \/>\n<meta property=\"og:url\" content=\"https:\/\/leite-europa.com\/es\/produit\/hoja-bulldozer\/\" \/>\n<meta property=\"og:site_name\" content=\"Leite Europe\" \/>\n<meta property=\"article:publisher\" content=\"https:\/\/www.facebook.com\/profile.php?id=100089192656837\" \/>\n<meta property=\"article:modified_time\" content=\"2024-10-23T12:10:42+00:00\" \/>\n<meta property=\"og:image\" content=\"https:\/\/leite-europa.com\/wp-content\/uploads\/2023\/03\/IMG_2231.jpeg\" \/>\n\t<meta property=\"og:image:width\" content=\"1440\" \/>\n\t<meta property=\"og:image:height\" content=\"1920\" \/>\n\t<meta property=\"og:image:type\" content=\"image\/jpeg\" \/>\n<meta name=\"twitter:card\" content=\"summary_large_image\" \/>\n<meta name=\"twitter:label1\" content=\"Tiempo de lectura\" \/>\n\t<meta name=\"twitter:data1\" content=\"3 minutos\" \/>\n<script type=\"application\/ld+json\" class=\"yoast-schema-graph\">{\"@context\":\"https:\\\/\\\/schema.org\",\"@graph\":[{\"@type\":\"WebPage\",\"@id\":\"https:\\\/\\\/leite-europa.com\\\/es\\\/produit\\\/hoja-bulldozer\\\/\",\"url\":\"https:\\\/\\\/leite-europa.com\\\/es\\\/produit\\\/hoja-bulldozer\\\/\",\"name\":\"Hoja bulldozer - Leite Europe\",\"isPartOf\":{\"@id\":\"https:\\\/\\\/leite-europa.com\\\/es\\\/#website\"},\"primaryImageOfPage\":{\"@id\":\"https:\\\/\\\/leite-europa.com\\\/es\\\/produit\\\/hoja-bulldozer\\\/#primaryimage\"},\"image\":{\"@id\":\"https:\\\/\\\/leite-europa.com\\\/es\\\/produit\\\/hoja-bulldozer\\\/#primaryimage\"},\"thumbnailUrl\":\"https:\\\/\\\/leite-europa.com\\\/wp-content\\\/uploads\\\/2023\\\/03\\\/IMG_2231.jpeg\",\"datePublished\":\"2023-11-07T09:27:40+00:00\",\"dateModified\":\"2024-10-23T12:10:42+00:00\",\"description\":\"Optimice su minicargadora LEITE FRANCE LTH380 con nuestra hoja bulldozer. Robusta y f\u00e1cil de montar, mejora la eficacia de sus movimientos de tierra.\",\"breadcrumb\":{\"@id\":\"https:\\\/\\\/leite-europa.com\\\/es\\\/produit\\\/hoja-bulldozer\\\/#breadcrumb\"},\"inLanguage\":\"es\",\"potentialAction\":[{\"@type\":\"ReadAction\",\"target\":[\"https:\\\/\\\/leite-europa.com\\\/es\\\/produit\\\/hoja-bulldozer\\\/\"]}]},{\"@type\":\"ImageObject\",\"inLanguage\":\"es\",\"@id\":\"https:\\\/\\\/leite-europa.com\\\/es\\\/produit\\\/hoja-bulldozer\\\/#primaryimage\",\"url\":\"https:\\\/\\\/leite-europa.com\\\/wp-content\\\/uploads\\\/2023\\\/03\\\/IMG_2231.jpeg\",\"contentUrl\":\"https:\\\/\\\/leite-europa.com\\\/wp-content\\\/uploads\\\/2023\\\/03\\\/IMG_2231.jpeg\",\"width\":1440,\"height\":1920,\"caption\":\"Mini pala cargadora bulldozer LEITE FRANCE LTH380\"},{\"@type\":\"BreadcrumbList\",\"@id\":\"https:\\\/\\\/leite-europa.com\\\/es\\\/produit\\\/hoja-bulldozer\\\/#breadcrumb\",\"itemListElement\":[{\"@type\":\"ListItem\",\"position\":1,\"name\":\"Accueil\",\"item\":\"https:\\\/\\\/leite-europa.com\\\/es\\\/inicio\\\/\"},{\"@type\":\"ListItem\",\"position\":2,\"name\":\"Tienda\",\"item\":\"https:\\\/\\\/leite-europa.com\\\/fr\\\/boutique\\\/\"},{\"@type\":\"ListItem\",\"position\":3,\"name\":\"Hoja bulldozer\"}]},{\"@type\":\"WebSite\",\"@id\":\"https:\\\/\\\/leite-europa.com\\\/es\\\/#website\",\"url\":\"https:\\\/\\\/leite-europa.com\\\/es\\\/\",\"name\":\"Leite Europe\",\"description\":\"\",\"publisher\":{\"@id\":\"https:\\\/\\\/leite-europa.com\\\/es\\\/#organization\"},\"potentialAction\":[{\"@type\":\"SearchAction\",\"target\":{\"@type\":\"EntryPoint\",\"urlTemplate\":\"https:\\\/\\\/leite-europa.com\\\/es\\\/?s={search_term_string}\"},\"query-input\":{\"@type\":\"PropertyValueSpecification\",\"valueRequired\":true,\"valueName\":\"search_term_string\"}}],\"inLanguage\":\"es\"},{\"@type\":\"Organization\",\"@id\":\"https:\\\/\\\/leite-europa.com\\\/es\\\/#organization\",\"name\":\"Leite Europe\",\"url\":\"https:\\\/\\\/leite-europa.com\\\/es\\\/\",\"logo\":{\"@type\":\"ImageObject\",\"inLanguage\":\"es\",\"@id\":\"https:\\\/\\\/leite-europa.com\\\/es\\\/#\\\/schema\\\/logo\\\/image\\\/\",\"url\":\"https:\\\/\\\/leite-europa.com\\\/wp-content\\\/uploads\\\/2022\\\/12\\\/LOGO-LEITE.png\",\"contentUrl\":\"https:\\\/\\\/leite-europa.com\\\/wp-content\\\/uploads\\\/2022\\\/12\\\/LOGO-LEITE.png\",\"width\":1024,\"height\":512,\"caption\":\"Leite Europe\"},\"image\":{\"@id\":\"https:\\\/\\\/leite-europa.com\\\/es\\\/#\\\/schema\\\/logo\\\/image\\\/\"},\"sameAs\":[\"https:\\\/\\\/www.facebook.com\\\/profile.php?id=100089192656837\",\"https:\\\/\\\/www.instagram.com\\\/leite_france_minipelle\\\/\",\"https:\\\/\\\/www.linkedin.com\\\/company\\\/leite-france\\\/\"]}]}<\/script>\n<!-- \/ Yoast SEO plugin. -->","yoast_head_json":{"title":"Hoja bulldozer - Leite Europe","description":"Optimice su minicargadora LEITE FRANCE LTH380 con nuestra hoja bulldozer. Robusta y f\u00e1cil de montar, mejora la eficacia de sus movimientos de tierra.","robots":{"index":"index","follow":"follow","max-snippet":"max-snippet:-1","max-image-preview":"max-image-preview:large","max-video-preview":"max-video-preview:-1"},"canonical":"https:\/\/leite-europa.com\/es\/produit\/hoja-bulldozer\/","og_locale":"es_ES","og_type":"article","og_title":"Hoja bulldozer - Leite Europe","og_description":"Optimice su minicargadora LEITE FRANCE LTH380 con nuestra hoja bulldozer. Robusta y f\u00e1cil de montar, mejora la eficacia de sus movimientos de tierra.","og_url":"https:\/\/leite-europa.com\/es\/produit\/hoja-bulldozer\/","og_site_name":"Leite Europe","article_publisher":"https:\/\/www.facebook.com\/profile.php?id=100089192656837","article_modified_time":"2024-10-23T12:10:42+00:00","og_image":[{"width":1440,"height":1920,"url":"https:\/\/leite-europa.com\/wp-content\/uploads\/2023\/03\/IMG_2231.jpeg","type":"image\/jpeg"}],"twitter_card":"summary_large_image","twitter_misc":{"Tiempo de lectura":"3 minutos"},"schema":{"@context":"https:\/\/schema.org","@graph":[{"@type":"WebPage","@id":"https:\/\/leite-europa.com\/es\/produit\/hoja-bulldozer\/","url":"https:\/\/leite-europa.com\/es\/produit\/hoja-bulldozer\/","name":"Hoja bulldozer - Leite Europe","isPartOf":{"@id":"https:\/\/leite-europa.com\/es\/#website"},"primaryImageOfPage":{"@id":"https:\/\/leite-europa.com\/es\/produit\/hoja-bulldozer\/#primaryimage"},"image":{"@id":"https:\/\/leite-europa.com\/es\/produit\/hoja-bulldozer\/#primaryimage"},"thumbnailUrl":"https:\/\/leite-europa.com\/wp-content\/uploads\/2023\/03\/IMG_2231.jpeg","datePublished":"2023-11-07T09:27:40+00:00","dateModified":"2024-10-23T12:10:42+00:00","description":"Optimice su minicargadora LEITE FRANCE LTH380 con nuestra hoja bulldozer. Robusta y f\u00e1cil de montar, mejora la eficacia de sus movimientos de tierra.","breadcrumb":{"@id":"https:\/\/leite-europa.com\/es\/produit\/hoja-bulldozer\/#breadcrumb"},"inLanguage":"es","potentialAction":[{"@type":"ReadAction","target":["https:\/\/leite-europa.com\/es\/produit\/hoja-bulldozer\/"]}]},{"@type":"ImageObject","inLanguage":"es","@id":"https:\/\/leite-europa.com\/es\/produit\/hoja-bulldozer\/#primaryimage","url":"https:\/\/leite-europa.com\/wp-content\/uploads\/2023\/03\/IMG_2231.jpeg","contentUrl":"https:\/\/leite-europa.com\/wp-content\/uploads\/2023\/03\/IMG_2231.jpeg","width":1440,"height":1920,"caption":"Mini pala cargadora bulldozer LEITE FRANCE LTH380"},{"@type":"BreadcrumbList","@id":"https:\/\/leite-europa.com\/es\/produit\/hoja-bulldozer\/#breadcrumb","itemListElement":[{"@type":"ListItem","position":1,"name":"Accueil","item":"https:\/\/leite-europa.com\/es\/inicio\/"},{"@type":"ListItem","position":2,"name":"Tienda","item":"https:\/\/leite-europa.com\/fr\/boutique\/"},{"@type":"ListItem","position":3,"name":"Hoja bulldozer"}]},{"@type":"WebSite","@id":"https:\/\/leite-europa.com\/es\/#website","url":"https:\/\/leite-europa.com\/es\/","name":"Leite Europe","description":"","publisher":{"@id":"https:\/\/leite-europa.com\/es\/#organization"},"potentialAction":[{"@type":"SearchAction","target":{"@type":"EntryPoint","urlTemplate":"https:\/\/leite-europa.com\/es\/?s={search_term_string}"},"query-input":{"@type":"PropertyValueSpecification","valueRequired":true,"valueName":"search_term_string"}}],"inLanguage":"es"},{"@type":"Organization","@id":"https:\/\/leite-europa.com\/es\/#organization","name":"Leite Europe","url":"https:\/\/leite-europa.com\/es\/","logo":{"@type":"ImageObject","inLanguage":"es","@id":"https:\/\/leite-europa.com\/es\/#\/schema\/logo\/image\/","url":"https:\/\/leite-europa.com\/wp-content\/uploads\/2022\/12\/LOGO-LEITE.png","contentUrl":"https:\/\/leite-europa.com\/wp-content\/uploads\/2022\/12\/LOGO-LEITE.png","width":1024,"height":512,"caption":"Leite Europe"},"image":{"@id":"https:\/\/leite-europa.com\/es\/#\/schema\/logo\/image\/"},"sameAs":["https:\/\/www.facebook.com\/profile.php?id=100089192656837","https:\/\/www.instagram.com\/leite_france_minipelle\/","https:\/\/www.linkedin.com\/company\/leite-france\/"]}]}},"_links":{"self":[{"href":"https:\/\/leite-europa.com\/es\/wp-json\/wp\/v2\/product\/8342","targetHints":{"allow":["GET"]}}],"collection":[{"href":"https:\/\/leite-europa.com\/es\/wp-json\/wp\/v2\/product"}],"about":[{"href":"https:\/\/leite-europa.com\/es\/wp-json\/wp\/v2\/types\/product"}],"wp:featuredmedia":[{"embeddable":true,"href":"https:\/\/leite-europa.com\/es\/wp-json\/wp\/v2\/media\/4024"}],"wp:attachment":[{"href":"https:\/\/leite-europa.com\/es\/wp-json\/wp\/v2\/media?parent=8342"}],"wp:term":[{"taxonomy":"product_brand","embeddable":true,"href":"https:\/\/leite-europa.com\/es\/wp-json\/wp\/v2\/product_brand?post=8342"},{"taxonomy":"product_cat","embeddable":true,"href":"https:\/\/leite-europa.com\/es\/wp-json\/wp\/v2\/product_cat?post=8342"},{"taxonomy":"product_tag","embeddable":true,"href":"https:\/\/leite-europa.com\/es\/wp-json\/wp\/v2\/product_tag?post=8342"}],"curies":[{"name":"wp","href":"https:\/\/api.w.org\/{rel}","templated":true}]}}