{"id":5124,"date":"2022-12-19T18:37:57","date_gmt":"2022-12-19T17:37:57","guid":{"rendered":"https:\/\/leite-europa.com\/caricabatterie-mini\/"},"modified":"2024-04-17T16:02:47","modified_gmt":"2024-04-17T14:02:47","slug":"mini-caricatori-e-trattori","status":"publish","type":"page","link":"https:\/\/leite-europa.com\/it\/mini-caricatori-e-trattori\/","title":{"rendered":"Mini Caricatori e trattori"},"content":{"rendered":"<p>[et_pb_section fb_built=&#8221;1&#8243; specialty=&#8221;on&#8221; _builder_version=&#8221;4.19.4&#8243; _module_preset=&#8221;default&#8221; custom_padding=&#8221;||6px|||&#8221; global_colors_info=&#8221;{}&#8221;][et_pb_column type=&#8221;2_3&#8243; specialty_columns=&#8221;2&#8243; _builder_version=&#8221;4.16&#8243; custom_padding=&#8221;|||&#8221; global_colors_info=&#8221;{}&#8221; custom_padding__hover=&#8221;|||&#8221;][et_pb_row_inner _builder_version=&#8221;4.19.4&#8243; _module_preset=&#8221;default&#8221; global_colors_info=&#8221;{}&#8221;][et_pb_column_inner saved_specialty_column_type=&#8221;2_3&#8243; _builder_version=&#8221;4.19.4&#8243; _module_preset=&#8221;default&#8221; global_colors_info=&#8221;{}&#8221;][et_pb_text _builder_version=&#8221;4.23.1&#8243; _module_preset=&#8221;default&#8221; header_font_size=&#8221;70px&#8221; header_font_size_tablet=&#8221;70px&#8221; header_font_size_phone=&#8221;50px&#8221; header_font_size_last_edited=&#8221;on|phone&#8221; global_colors_info=&#8221;{}&#8221;]<\/p>\n<h1 style=\"text-align: center;\"><span style=\"color: #ff6600;\">MINI CARICATORI<\/span><\/h1>\n<p>[\/et_pb_text][\/et_pb_column_inner][\/et_pb_row_inner][et_pb_row_inner _builder_version=&#8221;4.19.4&#8243; _module_preset=&#8221;default&#8221; global_colors_info=&#8221;{}&#8221;][et_pb_column_inner saved_specialty_column_type=&#8221;2_3&#8243; _builder_version=&#8221;4.19.4&#8243; _module_preset=&#8221;default&#8221; global_colors_info=&#8221;{}&#8221;][et_pb_text _builder_version=&#8221;4.21.2&#8243; _module_preset=&#8221;default&#8221; text_font_size=&#8221;20px&#8221; text_line_height=&#8221;2em&#8221; text_orientation=&#8221;center&#8221; global_colors_info=&#8221;{}&#8221;]<\/p>\n<p><span style=\"color: #333333;\">La soluzione multifunzionale con una gamma di accessori per una moltitudine di attivit\u00e0.<\/span><\/p>\n<p>[\/et_pb_text][\/et_pb_column_inner][\/et_pb_row_inner][\/et_pb_column][et_pb_column type=&#8221;1_3&#8243; _builder_version=&#8221;4.16&#8243; custom_padding=&#8221;|||&#8221; global_colors_info=&#8221;{}&#8221; custom_padding__hover=&#8221;|||&#8221;][et_pb_image src=&#8221;https:\/\/leite-europa.com\/wp-content\/uploads\/2023\/01\/\u2557\u00bcEaI\u2591EI\u2557\u00b73.jpg&#8221; alt=&#8221;Mini Caricatore Leite&#8221; title_text=&#8221;Mini Caricatore Leite&#8221; _builder_version=&#8221;4.20.4&#8243; _module_preset=&#8221;default&#8221; animation_style=&#8221;slide&#8221; global_colors_info=&#8221;{}&#8221;][\/et_pb_image][\/et_pb_column][\/et_pb_section][et_pb_section fb_built=&#8221;1&#8243; admin_label=&#8221;leite france&#8221; _builder_version=&#8221;4.20.4&#8243; _module_preset=&#8221;0ea02e9e-b4a1-4de8-8715-f67d5841ea15&#8243; background_enable_color=&#8221;off&#8221; use_background_color_gradient=&#8221;on&#8221; background_color_gradient_stops=&#8221;#000000 0%|#ffffff 100%&#8221; min_height=&#8221;494.1px&#8221; custom_margin=&#8221;1px|||||&#8221; custom_padding=&#8221;2.6%|0px|0.2%|0px||&#8221; bottom_divider_flip=&#8221;horizontal&#8221; locked=&#8221;off&#8221; global_colors_info=&#8221;{}&#8221;][et_pb_row _builder_version=&#8221;4.23&#8243; _module_preset=&#8221;default&#8221; custom_padding=&#8221;||||false|false&#8221; global_colors_info=&#8221;{}&#8221;][et_pb_column type=&#8221;4_4&#8243; _builder_version=&#8221;4.19.4&#8243; _module_preset=&#8221;default&#8221; global_colors_info=&#8221;{}&#8221;][et_pb_text _builder_version=&#8221;4.21.2&#8243; _module_preset=&#8221;default&#8221; header_2_text_color=&#8221;#FFFFFF&#8221; header_2_font_size=&#8221;34px&#8221; global_colors_info=&#8221;{}&#8221;]<\/p>\n<h2>I nostri mini caricatori<\/h2>\n<p>[\/et_pb_text][et_pb_shop type=&#8221;product_category&#8221; posts_number=&#8221;3&#8243; include_categories=&#8221;157&#8243; orderby=&#8221;date-desc&#8221; show_rating=&#8221;off&#8221; show_sale_badge=&#8221;off&#8221; _builder_version=&#8221;4.23.1&#8243; _module_preset=&#8221;default&#8221; title_font_size=&#8221;18px&#8221; price_font=&#8221;|600|||||||&#8221; price_text_color=&#8221;#E75F0D&#8221; price_font_size=&#8221;28px&#8221; text_orientation=&#8221;center&#8221; custom_css_product=&#8221;background-color:#FFFFFF;||padding:20px!important;||border-radius:10px!important;&#8221; global_colors_info=&#8221;{}&#8221;][\/et_pb_shop][et_pb_text _builder_version=&#8221;4.21.2&#8243; _module_preset=&#8221;default&#8221; header_2_text_color=&#8221;#FFFFFF&#8221; header_2_font_size=&#8221;34px&#8221; custom_padding=&#8221;0px|||||&#8221; global_colors_info=&#8221;{}&#8221;]<\/p>\n<h2>I nostri trattori<\/h2>\n<p>[\/et_pb_text][et_pb_shop type=&#8221;product_category&#8221; posts_number=&#8221;3&#8243; include_categories=&#8221;303&#8243; orderby=&#8221;date-desc&#8221; show_rating=&#8221;off&#8221; show_sale_badge=&#8221;off&#8221; _builder_version=&#8221;4.24.3&#8243; _module_preset=&#8221;default&#8221; title_font_size=&#8221;18px&#8221; price_font=&#8221;|600|||||||&#8221; price_text_color=&#8221;#E75F0D&#8221; price_font_size=&#8221;28px&#8221; text_orientation=&#8221;center&#8221; custom_css_product=&#8221;background-color:#FFFFFF;||padding:20px!important;||border-radius:10px!important;&#8221; global_colors_info=&#8221;{}&#8221;][\/et_pb_shop][\/et_pb_column][\/et_pb_row][\/et_pb_section][et_pb_section fb_built=&#8221;1&#8243; _builder_version=&#8221;4.22.2&#8243; _module_preset=&#8221;ccaf07fd-112a-40ae-8f10-938c0d4a1614&#8243; custom_padding=&#8221;3px|||||&#8221; global_colors_info=&#8221;{}&#8221;][et_pb_row make_equal=&#8221;on&#8221; _builder_version=&#8221;4.23&#8243; _module_preset=&#8221;default&#8221; global_colors_info=&#8221;{}&#8221;][et_pb_column type=&#8221;4_4&#8243; _builder_version=&#8221;4.20.4&#8243; _module_preset=&#8221;default&#8221; global_colors_info=&#8221;{}&#8221;][et_pb_text _builder_version=&#8221;4.22.2&#8243; _module_preset=&#8221;default&#8221; header_2_text_color=&#8221;#FFFFFF&#8221; header_2_font_size=&#8221;34px&#8221; header_2_font_size_tablet=&#8221;34px&#8221; header_2_font_size_phone=&#8221;34px&#8221; header_2_font_size_last_edited=&#8221;on|phone&#8221; global_colors_info=&#8221;{}&#8221;]<\/p>\n<h2>I nostri mini caricatori vengono forniti con un&#8217;ampia gamma di accessori compatibili <\/h2>\n<p>[\/et_pb_text][et_pb_shop type=&#8221;product_category&#8221; show_pagination=&#8221;on&#8221; include_categories=&#8221;161&#8243; orderby=&#8221;date-desc&#8221; show_rating=&#8221;off&#8221; show_sale_badge=&#8221;off&#8221; _builder_version=&#8221;4.23.1&#8243; _module_preset=&#8221;default&#8221; title_font_size=&#8221;18px&#8221; price_font=&#8221;|600|||||||&#8221; price_text_color=&#8221;#E75F0D&#8221; price_font_size=&#8221;28px&#8221; text_orientation=&#8221;center&#8221; custom_css_free_form=&#8221;.woocommerce nav.woocommerce-pagination ul li a {||  color: #FFFFFF!important;||}||||.woocommerce nav.woocommerce-pagination ul li a:hover {||  color: #000000!important;||}&#8221; custom_css_product=&#8221;background-color:#FFFFFF;||padding:20px!important;||border-radius:10px!important;&#8221; global_colors_info=&#8221;{}&#8221;][\/et_pb_shop][\/et_pb_column][\/et_pb_row][\/et_pb_section][et_pb_section fb_built=&#8221;1&#8243; _builder_version=&#8221;4.20.4&#8243; _module_preset=&#8221;default&#8221; background_color=&#8221;RGBA(255,255,255,0)&#8221; global_colors_info=&#8221;{}&#8221;][et_pb_row column_structure=&#8221;1_2,1_2&#8243; _builder_version=&#8221;4.20.4&#8243; _module_preset=&#8221;default&#8221; global_colors_info=&#8221;{}&#8221;][et_pb_column type=&#8221;1_2&#8243; _builder_version=&#8221;4.20.4&#8243; _module_preset=&#8221;default&#8221; global_colors_info=&#8221;{}&#8221;][et_pb_text _builder_version=&#8221;4.20.4&#8243; _module_preset=&#8221;default&#8221; text_font_size=&#8221;18px&#8221; text_orientation=&#8221;justified&#8221; global_colors_info=&#8221;{}&#8221;]<\/p>\n<p><strong>LEITE Europa, specialista nell&#8217;importazione di mini macchine edili cinesi, \u00e8 lieta di presentare il suo mini-caricatore compatto ad alte prestazioni. Ideale per i lavori edili, agricoli o paesaggistici, il nostro mini caricatore, noto anche come mini caricatore o bobcat, si distingue per la sua versatilit\u00e0 ed efficienza. Scoprite queste macchine robuste ed economiche che faciliteranno il vostro lavoro quotidiano.<\/strong><\/p>\n<p>[\/et_pb_text][et_pb_text admin_label=&#8221;Le mini-chargeur, un engin compact et polyvalent pour vos chantiers&#8221; _builder_version=&#8221;4.20.4&#8243; _module_preset=&#8221;default&#8221; header_2_text_color=&#8221;#E75F0D&#8221; global_colors_info=&#8221;{}&#8221;]<\/p>\n<h2>Il mini caricatore, una macchina compatta e versatile per i vostri cantieri<\/h2>\n<p>[\/et_pb_text][et_pb_text _builder_version=&#8221;4.20.4&#8243; _module_preset=&#8221;default&#8221; text_orientation=&#8221;justified&#8221; global_colors_info=&#8221;{}&#8221;]<\/p>\n<p>Il mini caricatore \u00e8 un&#8217;attrezzatura per l&#8217;edilizia leggera e maneggevole, progettata per svolgere una serie di compiti, tra cui la movimentazione di materiali, il livellamento di superfici e i lavori di sterro. Grazie alle sue dimensioni ridotte e alla grande manovrabilit\u00e0, il mini caricatore \u00e8 particolarmente adatto agli spazi ristretti e ai cantieri urbani. LEITE Europa offre un&#8217;ampia gamma di accessori compatibili per soddisfare tutte le vostre esigenze.<\/p>\n<p>[\/et_pb_text][et_pb_text admin_label=&#8221;Une s\u00e9lection rigoureuse de mini-chargeurs chinois chez LEITE France&#8221; _builder_version=&#8221;4.20.4&#8243; _module_preset=&#8221;default&#8221; header_2_text_color=&#8221;#E75F0D&#8221; global_colors_info=&#8221;{}&#8221;]<\/p>\n<h2>Una rigorosa selezione di mini caricatore cinesi su LEITE France<\/h2>\n<p>[\/et_pb_text][et_pb_text _builder_version=&#8221;4.20.4&#8243; _module_preset=&#8221;default&#8221; text_orientation=&#8221;justified&#8221; global_colors_info=&#8221;{}&#8221;]<\/p>\n<p>La nostra gamma di mini caricatore cinesi \u00e8 il risultato di un rigoroso processo di selezione, basato su qualit\u00e0, prestazioni e durata. Da oltre 30 anni lavoriamo a stretto contatto con un rinomato produttore cinese per offrirvi macchine robuste e affidabili. La nostra mini caricatore \u00e8 dotata di un motore robusto e ad alte prestazioni, che garantisce una produttivit\u00e0 ottimale e un basso consumo di carburante.<\/p>\n<p>[\/et_pb_text][\/et_pb_column][et_pb_column type=&#8221;1_2&#8243; _builder_version=&#8221;4.20.4&#8243; _module_preset=&#8221;default&#8221; global_colors_info=&#8221;{}&#8221;][et_pb_text admin_label=&#8221;Un large choix d&#8217;accessoires pour personnaliser votre mini-chargeur&#8221; _builder_version=&#8221;4.20.4&#8243; _module_preset=&#8221;default&#8221; header_2_text_color=&#8221;#E75F0D&#8221; global_colors_info=&#8221;{}&#8221;]<\/p>\n<h2>Un&#8217;ampia scelta di accessori per personalizzare il vostro mini caricatore<\/h2>\n<p>[\/et_pb_text][et_pb_text _builder_version=&#8221;4.20.4&#8243; _module_preset=&#8221;default&#8221; text_orientation=&#8221;justified&#8221; global_colors_info=&#8221;{}&#8221;]<\/p>\n<p>Uno dei principali vantaggi del mini caricatore \u00e8 la sua versatilit\u00e0, resa possibile da una moltitudine di accessori intercambiabili. LEITE Europa offre un&#8217;ampia gamma di accessori per le mini caricatore, tra cui benne, forche per pallet, frantumatori e martelli idraulici. In questo modo \u00e8 possibile adattare la macchina alle esigenze specifiche di ogni sito, aumentando l&#8217;efficienza e la produttivit\u00e0.<\/p>\n<p>[\/et_pb_text][et_pb_text admin_label=&#8221;Un service apr\u00e8s-vente et une assistance technique de qualit\u00e9&#8221; _builder_version=&#8221;4.20.4&#8243; _module_preset=&#8221;default&#8221; header_2_text_color=&#8221;#E75F0D&#8221; global_colors_info=&#8221;{}&#8221;]<\/p>\n<h2>Servizio post-vendita e assistenza tecnica di alta qualit\u00e0<\/h2>\n<p>[\/et_pb_text][et_pb_text _builder_version=&#8221;4.20.4&#8243; _module_preset=&#8221;default&#8221; text_orientation=&#8221;justified&#8221; global_colors_info=&#8221;{}&#8221;]<\/p>\n<p>Per LEITE Europa \u00e8 un punto d&#8217;onore assistere i propri clienti per tutta la durata di vita dei loro mini mini caricatore, offrendo consigli di manutenzione adeguati e fornendo ricambi originali. Il nostro team di tecnici qualificati \u00e8 a disposizione per consigliarvi e assistervi ogni volta che ne avete bisogno, assicurandovi che il vostro investimento duri nel tempo.<\/p>\n<p>[\/et_pb_text][et_pb_text _builder_version=&#8221;4.20.4&#8243; _module_preset=&#8221;default&#8221; text_orientation=&#8221;justified&#8221; global_colors_info=&#8221;{}&#8221;]<\/p>\n<p>Scegliere un mini caricatore cinese di LEITE Europa significa optare per un dispositivo compatto, performante e personalizzabile, adatto alle vostre esigenze professionali o personali. Contattateci per saperne di pi\u00f9 sulla nostra gamma di mini caricatore e per beneficiare dell&#8217;esperienza dei nostri consulenti. Potete contare su LEITE Europa che vi aiuter\u00e0 a fare la scelta giusta e vi fornir\u00e0 un servizio di assistenza post-vendita e un supporto tecnico di alta qualit\u00e0.<\/p>\n<p>[\/et_pb_text][\/et_pb_column][\/et_pb_row][\/et_pb_section][et_pb_section fb_built=&#8221;1&#8243; _builder_version=&#8221;4.20.4&#8243; _module_preset=&#8221;default&#8221; background_color=&#8221;#E75F0D&#8221; global_colors_info=&#8221;{}&#8221;][et_pb_row _builder_version=&#8221;4.20.4&#8243; _module_preset=&#8221;default&#8221; global_colors_info=&#8221;{}&#8221;][et_pb_column type=&#8221;4_4&#8243; _builder_version=&#8221;4.20.4&#8243; _module_preset=&#8221;default&#8221; global_colors_info=&#8221;{}&#8221;][et_pb_text _builder_version=&#8221;4.20.4&#8243; _module_preset=&#8221;default&#8221; header_2_text_color=&#8221;#FFFFFF&#8221; header_2_font_size=&#8221;34px&#8221; global_colors_info=&#8221;{}&#8221;]<\/p>\n<h2>I nostri consigli e le nostre notizie&#8230;<\/h2>\n<p>[\/et_pb_text][et_pb_blog fullwidth=&#8221;off&#8221; posts_number=&#8221;3&#8243; include_categories=&#8221;34&#8243; show_author=&#8221;off&#8221; show_date=&#8221;off&#8221; show_categories=&#8221;off&#8221; show_excerpt=&#8221;off&#8221; show_pagination=&#8221;off&#8221; module_class=&#8221;dc_blog-ratio_1-1&#8243; _builder_version=&#8221;4.22.2&#8243; _module_preset=&#8221;default&#8221; header_text_color=&#8221;#E75F0D&#8221; animation_style=&#8221;slide&#8221; box_shadow_style=&#8221;preset2&#8243; global_colors_info=&#8221;{}&#8221;][\/et_pb_blog][\/et_pb_column][\/et_pb_row][\/et_pb_section]<\/p>\n","protected":false},"excerpt":{"rendered":"<p>MINI CARICATORILa soluzione multifunzionale con una gamma di accessori per una moltitudine di attivit\u00e0.I nostri mini caricatoriI nostri trattoriI nostri mini caricatori vengono forniti con un&#8217;ampia gamma di accessori compatibili LEITE Europa, specialista nell&#8217;importazione di mini macchine edili cinesi, \u00e8 lieta di presentare il suo mini-caricatore compatto ad alte prestazioni. Ideale per i lavori edili, [&hellip;]<\/p>\n","protected":false},"author":3,"featured_media":3338,"parent":0,"menu_order":0,"comment_status":"closed","ping_status":"closed","template":"","meta":{"_et_pb_use_builder":"on","_et_pb_old_content":"","_et_gb_content_width":"","footnotes":""},"class_list":["post-5124","page","type-page","status-publish","has-post-thumbnail","hentry"],"yoast_head":"<!-- This site is optimized with the Yoast SEO plugin v27.4 - https:\/\/yoast.com\/product\/yoast-seo-wordpress\/ -->\n<title>Mini Caricatori e trattori - Leite Europe<\/title>\n<meta name=\"description\" content=\"Il nostro mini caricatore Leite \u00e8 uno strumento versatile che offre un ottimo rapporto qualit\u00e0-prezzo, grazie alla sua gamma completa di accessori.\" \/>\n<meta name=\"robots\" content=\"index, follow, max-snippet:-1, max-image-preview:large, max-video-preview:-1\" \/>\n<link rel=\"canonical\" href=\"https:\/\/leite-europa.com\/it\/mini-caricatori-e-trattori\/\" \/>\n<meta property=\"og:locale\" content=\"it_IT\" \/>\n<meta property=\"og:type\" content=\"article\" \/>\n<meta property=\"og:title\" content=\"Mini Caricatore Leite\" \/>\n<meta property=\"og:description\" content=\"Scoprite la nostra gamma di mini caricatori Leite. Ottimo rapporto qualit\u00e0\/prezzo per un uso versatile.\" \/>\n<meta property=\"og:url\" content=\"https:\/\/leite-europa.com\/it\/mini-caricatori-e-trattori\/\" \/>\n<meta property=\"og:site_name\" content=\"Leite Europe\" \/>\n<meta property=\"article:publisher\" content=\"https:\/\/www.facebook.com\/profile.php?id=100089192656837\" \/>\n<meta property=\"article:modified_time\" content=\"2024-04-17T14:02:47+00:00\" \/>\n<meta property=\"og:image\" content=\"https:\/\/leite-europa.com\/wp-content\/uploads\/2023\/01\/\u2557\u00bcEaI\u2591EI\u2557\u00b73-296x300.jpg\" \/>\n<meta name=\"twitter:card\" content=\"summary_large_image\" \/>\n<meta name=\"twitter:label1\" content=\"Tempo di lettura stimato\" \/>\n\t<meta name=\"twitter:data1\" content=\"8 minuti\" \/>\n<script type=\"application\/ld+json\" class=\"yoast-schema-graph\">{\"@context\":\"https:\\\/\\\/schema.org\",\"@graph\":[{\"@type\":\"WebPage\",\"@id\":\"https:\\\/\\\/leite-europa.com\\\/it\\\/mini-caricatori-e-trattori\\\/\",\"url\":\"https:\\\/\\\/leite-europa.com\\\/it\\\/mini-caricatori-e-trattori\\\/\",\"name\":\"Mini Caricatori e trattori - Leite Europe\",\"isPartOf\":{\"@id\":\"https:\\\/\\\/leite-europa.com\\\/it\\\/#website\"},\"primaryImageOfPage\":{\"@id\":\"https:\\\/\\\/leite-europa.com\\\/it\\\/mini-caricatori-e-trattori\\\/#primaryimage\"},\"image\":{\"@id\":\"https:\\\/\\\/leite-europa.com\\\/it\\\/mini-caricatori-e-trattori\\\/#primaryimage\"},\"thumbnailUrl\":\"https:\\\/\\\/leite-europa.com\\\/wp-content\\\/uploads\\\/2023\\\/01\\\/\u2557\u00bcEaI\u2591EI\u2557\u00b71-scaled.jpg\",\"datePublished\":\"2022-12-19T17:37:57+00:00\",\"dateModified\":\"2024-04-17T14:02:47+00:00\",\"description\":\"Il nostro mini caricatore Leite \u00e8 uno strumento versatile che offre un ottimo rapporto qualit\u00e0-prezzo, grazie alla sua gamma completa di accessori.\",\"breadcrumb\":{\"@id\":\"https:\\\/\\\/leite-europa.com\\\/it\\\/mini-caricatori-e-trattori\\\/#breadcrumb\"},\"inLanguage\":\"it-IT\",\"potentialAction\":[{\"@type\":\"ReadAction\",\"target\":[\"https:\\\/\\\/leite-europa.com\\\/it\\\/mini-caricatori-e-trattori\\\/\"]}]},{\"@type\":\"ImageObject\",\"inLanguage\":\"it-IT\",\"@id\":\"https:\\\/\\\/leite-europa.com\\\/it\\\/mini-caricatori-e-trattori\\\/#primaryimage\",\"url\":\"https:\\\/\\\/leite-europa.com\\\/wp-content\\\/uploads\\\/2023\\\/01\\\/\u2557\u00bcEaI\u2591EI\u2557\u00b71-scaled.jpg\",\"contentUrl\":\"https:\\\/\\\/leite-europa.com\\\/wp-content\\\/uploads\\\/2023\\\/01\\\/\u2557\u00bcEaI\u2591EI\u2557\u00b71-scaled.jpg\",\"width\":1920,\"height\":1920},{\"@type\":\"BreadcrumbList\",\"@id\":\"https:\\\/\\\/leite-europa.com\\\/it\\\/mini-caricatori-e-trattori\\\/#breadcrumb\",\"itemListElement\":[{\"@type\":\"ListItem\",\"position\":1,\"name\":\"Accueil\",\"item\":\"https:\\\/\\\/leite-europa.com\\\/it\\\/casa\\\/\"},{\"@type\":\"ListItem\",\"position\":2,\"name\":\"Mini Caricatori e trattori\"}]},{\"@type\":\"WebSite\",\"@id\":\"https:\\\/\\\/leite-europa.com\\\/it\\\/#website\",\"url\":\"https:\\\/\\\/leite-europa.com\\\/it\\\/\",\"name\":\"Leite Europe\",\"description\":\"\",\"publisher\":{\"@id\":\"https:\\\/\\\/leite-europa.com\\\/it\\\/#organization\"},\"potentialAction\":[{\"@type\":\"SearchAction\",\"target\":{\"@type\":\"EntryPoint\",\"urlTemplate\":\"https:\\\/\\\/leite-europa.com\\\/it\\\/?s={search_term_string}\"},\"query-input\":{\"@type\":\"PropertyValueSpecification\",\"valueRequired\":true,\"valueName\":\"search_term_string\"}}],\"inLanguage\":\"it-IT\"},{\"@type\":\"Organization\",\"@id\":\"https:\\\/\\\/leite-europa.com\\\/it\\\/#organization\",\"name\":\"Leite Europe\",\"url\":\"https:\\\/\\\/leite-europa.com\\\/it\\\/\",\"logo\":{\"@type\":\"ImageObject\",\"inLanguage\":\"it-IT\",\"@id\":\"https:\\\/\\\/leite-europa.com\\\/it\\\/#\\\/schema\\\/logo\\\/image\\\/\",\"url\":\"https:\\\/\\\/leite-europa.com\\\/wp-content\\\/uploads\\\/2022\\\/12\\\/LOGO-LEITE.png\",\"contentUrl\":\"https:\\\/\\\/leite-europa.com\\\/wp-content\\\/uploads\\\/2022\\\/12\\\/LOGO-LEITE.png\",\"width\":1024,\"height\":512,\"caption\":\"Leite Europe\"},\"image\":{\"@id\":\"https:\\\/\\\/leite-europa.com\\\/it\\\/#\\\/schema\\\/logo\\\/image\\\/\"},\"sameAs\":[\"https:\\\/\\\/www.facebook.com\\\/profile.php?id=100089192656837\",\"https:\\\/\\\/www.instagram.com\\\/leite_france_minipelle\\\/\",\"https:\\\/\\\/www.linkedin.com\\\/company\\\/leite-france\\\/\"]}]}<\/script>\n<!-- \/ Yoast SEO plugin. -->","yoast_head_json":{"title":"Mini Caricatori e trattori - Leite Europe","description":"Il nostro mini caricatore Leite \u00e8 uno strumento versatile che offre un ottimo rapporto qualit\u00e0-prezzo, grazie alla sua gamma completa di accessori.","robots":{"index":"index","follow":"follow","max-snippet":"max-snippet:-1","max-image-preview":"max-image-preview:large","max-video-preview":"max-video-preview:-1"},"canonical":"https:\/\/leite-europa.com\/it\/mini-caricatori-e-trattori\/","og_locale":"it_IT","og_type":"article","og_title":"Mini Caricatore Leite","og_description":"Scoprite la nostra gamma di mini caricatori Leite. Ottimo rapporto qualit\u00e0\/prezzo per un uso versatile.","og_url":"https:\/\/leite-europa.com\/it\/mini-caricatori-e-trattori\/","og_site_name":"Leite Europe","article_publisher":"https:\/\/www.facebook.com\/profile.php?id=100089192656837","article_modified_time":"2024-04-17T14:02:47+00:00","og_image":[{"url":"https:\/\/leite-europa.com\/wp-content\/uploads\/2023\/01\/\u2557\u00bcEaI\u2591EI\u2557\u00b73-296x300.jpg","type":"","width":"","height":""}],"twitter_card":"summary_large_image","twitter_misc":{"Tempo di lettura stimato":"8 minuti"},"schema":{"@context":"https:\/\/schema.org","@graph":[{"@type":"WebPage","@id":"https:\/\/leite-europa.com\/it\/mini-caricatori-e-trattori\/","url":"https:\/\/leite-europa.com\/it\/mini-caricatori-e-trattori\/","name":"Mini Caricatori e trattori - Leite Europe","isPartOf":{"@id":"https:\/\/leite-europa.com\/it\/#website"},"primaryImageOfPage":{"@id":"https:\/\/leite-europa.com\/it\/mini-caricatori-e-trattori\/#primaryimage"},"image":{"@id":"https:\/\/leite-europa.com\/it\/mini-caricatori-e-trattori\/#primaryimage"},"thumbnailUrl":"https:\/\/leite-europa.com\/wp-content\/uploads\/2023\/01\/\u2557\u00bcEaI\u2591EI\u2557\u00b71-scaled.jpg","datePublished":"2022-12-19T17:37:57+00:00","dateModified":"2024-04-17T14:02:47+00:00","description":"Il nostro mini caricatore Leite \u00e8 uno strumento versatile che offre un ottimo rapporto qualit\u00e0-prezzo, grazie alla sua gamma completa di accessori.","breadcrumb":{"@id":"https:\/\/leite-europa.com\/it\/mini-caricatori-e-trattori\/#breadcrumb"},"inLanguage":"it-IT","potentialAction":[{"@type":"ReadAction","target":["https:\/\/leite-europa.com\/it\/mini-caricatori-e-trattori\/"]}]},{"@type":"ImageObject","inLanguage":"it-IT","@id":"https:\/\/leite-europa.com\/it\/mini-caricatori-e-trattori\/#primaryimage","url":"https:\/\/leite-europa.com\/wp-content\/uploads\/2023\/01\/\u2557\u00bcEaI\u2591EI\u2557\u00b71-scaled.jpg","contentUrl":"https:\/\/leite-europa.com\/wp-content\/uploads\/2023\/01\/\u2557\u00bcEaI\u2591EI\u2557\u00b71-scaled.jpg","width":1920,"height":1920},{"@type":"BreadcrumbList","@id":"https:\/\/leite-europa.com\/it\/mini-caricatori-e-trattori\/#breadcrumb","itemListElement":[{"@type":"ListItem","position":1,"name":"Accueil","item":"https:\/\/leite-europa.com\/it\/casa\/"},{"@type":"ListItem","position":2,"name":"Mini Caricatori e trattori"}]},{"@type":"WebSite","@id":"https:\/\/leite-europa.com\/it\/#website","url":"https:\/\/leite-europa.com\/it\/","name":"Leite Europe","description":"","publisher":{"@id":"https:\/\/leite-europa.com\/it\/#organization"},"potentialAction":[{"@type":"SearchAction","target":{"@type":"EntryPoint","urlTemplate":"https:\/\/leite-europa.com\/it\/?s={search_term_string}"},"query-input":{"@type":"PropertyValueSpecification","valueRequired":true,"valueName":"search_term_string"}}],"inLanguage":"it-IT"},{"@type":"Organization","@id":"https:\/\/leite-europa.com\/it\/#organization","name":"Leite Europe","url":"https:\/\/leite-europa.com\/it\/","logo":{"@type":"ImageObject","inLanguage":"it-IT","@id":"https:\/\/leite-europa.com\/it\/#\/schema\/logo\/image\/","url":"https:\/\/leite-europa.com\/wp-content\/uploads\/2022\/12\/LOGO-LEITE.png","contentUrl":"https:\/\/leite-europa.com\/wp-content\/uploads\/2022\/12\/LOGO-LEITE.png","width":1024,"height":512,"caption":"Leite Europe"},"image":{"@id":"https:\/\/leite-europa.com\/it\/#\/schema\/logo\/image\/"},"sameAs":["https:\/\/www.facebook.com\/profile.php?id=100089192656837","https:\/\/www.instagram.com\/leite_france_minipelle\/","https:\/\/www.linkedin.com\/company\/leite-france\/"]}]}},"_links":{"self":[{"href":"https:\/\/leite-europa.com\/it\/wp-json\/wp\/v2\/pages\/5124","targetHints":{"allow":["GET"]}}],"collection":[{"href":"https:\/\/leite-europa.com\/it\/wp-json\/wp\/v2\/pages"}],"about":[{"href":"https:\/\/leite-europa.com\/it\/wp-json\/wp\/v2\/types\/page"}],"author":[{"embeddable":true,"href":"https:\/\/leite-europa.com\/it\/wp-json\/wp\/v2\/users\/3"}],"replies":[{"embeddable":true,"href":"https:\/\/leite-europa.com\/it\/wp-json\/wp\/v2\/comments?post=5124"}],"version-history":[{"count":34,"href":"https:\/\/leite-europa.com\/it\/wp-json\/wp\/v2\/pages\/5124\/revisions"}],"predecessor-version":[{"id":9688,"href":"https:\/\/leite-europa.com\/it\/wp-json\/wp\/v2\/pages\/5124\/revisions\/9688"}],"wp:featuredmedia":[{"embeddable":true,"href":"https:\/\/leite-europa.com\/it\/wp-json\/wp\/v2\/media\/3338"}],"wp:attachment":[{"href":"https:\/\/leite-europa.com\/it\/wp-json\/wp\/v2\/media?parent=5124"}],"curies":[{"name":"wp","href":"https:\/\/api.w.org\/{rel}","templated":true}]}}