{"id":5138,"date":"2022-12-19T18:39:29","date_gmt":"2022-12-19T17:39:29","guid":{"rendered":"https:\/\/leite-europa.com\/mini-tombereaux\/"},"modified":"2024-03-06T17:40:54","modified_gmt":"2024-03-06T16:40:54","slug":"mini-dumper","status":"publish","type":"page","link":"https:\/\/leite-europa.com\/it\/mini-dumper\/","title":{"rendered":"Mini Dumper"},"content":{"rendered":"<p>[et_pb_section fb_built=&#8221;1&#8243; specialty=&#8221;on&#8221; _builder_version=&#8221;4.19.4&#8243; _module_preset=&#8221;default&#8221; custom_padding=&#8221;||14px|||&#8221; global_colors_info=&#8221;{}&#8221;][et_pb_column type=&#8221;2_3&#8243; specialty_columns=&#8221;2&#8243; _builder_version=&#8221;4.16&#8243; custom_padding=&#8221;|||&#8221; global_colors_info=&#8221;{}&#8221; custom_padding__hover=&#8221;|||&#8221;][et_pb_row_inner _builder_version=&#8221;4.19.4&#8243; _module_preset=&#8221;default&#8221; global_colors_info=&#8221;{}&#8221;][et_pb_column_inner saved_specialty_column_type=&#8221;2_3&#8243; _builder_version=&#8221;4.19.4&#8243; _module_preset=&#8221;default&#8221; global_colors_info=&#8221;{}&#8221;][et_pb_text _builder_version=&#8221;4.23.1&#8243; _module_preset=&#8221;default&#8221; header_font_size=&#8221;80px&#8221; header_font_size_tablet=&#8221;80px&#8221; header_font_size_phone=&#8221;50px&#8221; header_font_size_last_edited=&#8221;on|phone&#8221; global_colors_info=&#8221;{}&#8221;]<\/p>\n<h1 style=\"text-align: center;\"><span style=\"color: #ff6600;\">MINI DUMPER<\/span><\/h1>\n<p>[\/et_pb_text][\/et_pb_column_inner][\/et_pb_row_inner][et_pb_row_inner _builder_version=&#8221;4.19.4&#8243; _module_preset=&#8221;default&#8221; global_colors_info=&#8221;{}&#8221;][et_pb_column_inner saved_specialty_column_type=&#8221;2_3&#8243; _builder_version=&#8221;4.19.4&#8243; _module_preset=&#8221;default&#8221; global_colors_info=&#8221;{}&#8221;][et_pb_text _builder_version=&#8221;4.22.1&#8243; _module_preset=&#8221;default&#8221; text_font_size=&#8221;20px&#8221; text_line_height=&#8221;2em&#8221; text_orientation=&#8221;center&#8221; global_colors_info=&#8221;{}&#8221;]<\/p>\n<p><span style=\"color: #333333;\">Mini dumper con cassone ribaltabile per il trasporto di carichi pesanti in spazi ristretti.<\/span><\/p>\n<p>[\/et_pb_text][\/et_pb_column_inner][\/et_pb_row_inner][\/et_pb_column][et_pb_column type=&#8221;1_3&#8243; _builder_version=&#8221;4.16&#8243; custom_padding=&#8221;|||&#8221; global_colors_info=&#8221;{}&#8221; custom_padding__hover=&#8221;|||&#8221;][et_pb_image src=&#8221;https:\/\/leite-europa.com\/wp-content\/uploads\/2022\/12\/3-1.png&#8221; alt=&#8221;Mini dumper Leite&#8221; title_text=&#8221;Mini dumper&#8221; _builder_version=&#8221;4.20.4&#8243; _module_preset=&#8221;default&#8221; animation_style=&#8221;slide&#8221; global_colors_info=&#8221;{}&#8221;][\/et_pb_image][\/et_pb_column][\/et_pb_section][et_pb_section fb_built=&#8221;1&#8243; admin_label=&#8221;leite france&#8221; _builder_version=&#8221;4.20.4&#8243; _module_preset=&#8221;4a029949-531b-42bd-9cc5-1c6ec0bc6ba1&#8243; background_enable_color=&#8221;off&#8221; use_background_color_gradient=&#8221;on&#8221; background_color_gradient_stops=&#8221;#000000 0%|#ffffff 98%&#8221; min_height=&#8221;494.1px&#8221; custom_margin=&#8221;1px|||||&#8221; custom_padding=&#8221;0.7%|0px|0.4%|0px||&#8221; bottom_divider_flip=&#8221;horizontal&#8221; locked=&#8221;off&#8221; global_colors_info=&#8221;{}&#8221;][et_pb_row _builder_version=&#8221;4.19.4&#8243; _module_preset=&#8221;default&#8221; global_colors_info=&#8221;{}&#8221;][et_pb_column type=&#8221;4_4&#8243; _builder_version=&#8221;4.19.4&#8243; _module_preset=&#8221;default&#8221; global_colors_info=&#8221;{}&#8221;][et_pb_text _builder_version=&#8221;4.20.4&#8243; _module_preset=&#8221;default&#8221; header_2_text_color=&#8221;#FFFFFF&#8221; header_2_font_size=&#8221;34px&#8221; custom_padding=&#8221;5px|||||&#8221; global_colors_info=&#8221;{}&#8221;]<\/p>\n<h2>I nostri mini dumper<\/h2>\n<p>[\/et_pb_text][et_pb_shop type=&#8221;product_category&#8221; posts_number=&#8221;3&#8243; include_categories=&#8221;158&#8243; orderby=&#8221;date-desc&#8221; show_rating=&#8221;off&#8221; show_sale_badge=&#8221;off&#8221; _builder_version=&#8221;4.23.1&#8243; _module_preset=&#8221;default&#8221; title_font_size=&#8221;18px&#8221; price_font=&#8221;|600|||||||&#8221; price_text_color=&#8221;#E75F0D&#8221; price_font_size=&#8221;28px&#8221; text_orientation=&#8221;center&#8221; custom_css_product=&#8221;background-color:#FFFFFF;||padding:20px!important;||border-radius:10px!important;&#8221; global_colors_info=&#8221;{}&#8221;][\/et_pb_shop][\/et_pb_column][\/et_pb_row][\/et_pb_section][et_pb_section fb_built=&#8221;1&#8243; _builder_version=&#8221;4.20.4&#8243; _module_preset=&#8221;default&#8221; background_color=&#8221;RGBA(255,255,255,0)&#8221; collapsed=&#8221;on&#8221; global_colors_info=&#8221;{}&#8221;][et_pb_row column_structure=&#8221;1_2,1_2&#8243; _builder_version=&#8221;4.20.4&#8243; _module_preset=&#8221;default&#8221; global_colors_info=&#8221;{}&#8221;][et_pb_column type=&#8221;1_2&#8243; _builder_version=&#8221;4.20.4&#8243; _module_preset=&#8221;default&#8221; global_colors_info=&#8221;{}&#8221;][et_pb_text _builder_version=&#8221;4.20.4&#8243; _module_preset=&#8221;default&#8221; text_font_size=&#8221;18px&#8221; text_orientation=&#8221;justified&#8221; global_colors_info=&#8221;{}&#8221;]<\/p>\n<p><strong>LEITE Europa, specialista nell&#8217;importazione di mini macchine edili cinesi, \u00e8 orgogliosa di presentare il suo mini dumper, noto anche come mini ribaltabile, dumper, mini dumper o carriola cingolata. Questa macchina compatta e potente \u00e8 ideale per il trasporto di materiali in cantieri edili, agricoli o paesaggistici. Scoprite i vantaggi di questo mini dumper economico e ad alte prestazioni, progettato per soddisfare le vostre esigenze specifiche.<\/strong><\/p>\n<p>[\/et_pb_text][et_pb_text admin_label=&#8221;Le mini dumper de LEITE France, un engin compact et polyvalent&#8221; _builder_version=&#8221;4.20.4&#8243; _module_preset=&#8221;default&#8221; header_2_text_color=&#8221;#E75F0D&#8221; global_colors_info=&#8221;{}&#8221;]<\/p>\n<h2>Il mini dumper LEITE Europa, un veicolo compatto e versatile<\/h2>\n<p>[\/et_pb_text][et_pb_text _builder_version=&#8221;4.20.4&#8243; _module_preset=&#8221;default&#8221; text_orientation=&#8221;justified&#8221; global_colors_info=&#8221;{}&#8221;]<\/p>\n<p>Il mini dumper LEITE Europa \u00e8 un&#8217;attrezzatura da cantiere leggera e maneggevole, progettata appositamente per facilitare il trasporto dei materiali nei vostri cantieri. Grazie alle sue dimensioni compatte e ai cingoli, si muove facilmente in spazi ristretti e su terreni difficili. Il nostro mini dumper cinese \u00e8 la soluzione ideale per rendere il vostro lavoro pi\u00f9 efficiente e produttivo.<\/p>\n<p>[\/et_pb_text][et_pb_text admin_label=&#8221;Un mini dumper chinois de qualit\u00e9 chez LEITE France&#8221; _builder_version=&#8221;4.20.4&#8243; _module_preset=&#8221;default&#8221; header_2_text_color=&#8221;#E75F0D&#8221; global_colors_info=&#8221;{}&#8221;]<\/p>\n<h2>Un mini dumper cinese di qualit\u00e0 da LEITE Europa<\/h2>\n<p>[\/et_pb_text][et_pb_text _builder_version=&#8221;4.20.4&#8243; _module_preset=&#8221;default&#8221; text_orientation=&#8221;justified&#8221; global_colors_info=&#8221;{}&#8221;]<\/p>\n<p>I nostri mini dumper cinesi sono il risultato di un rigoroso processo di selezione, basato su qualit\u00e0, prestazioni e durata. Da oltre 30 anni lavoriamo a stretto contatto con un rinomato produttore cinese per offrirvi una macchina robusta e affidabile. Dotato di un motore potente ed economico, il nostro mini dumper garantisce una produttivit\u00e0 ottimale e un basso consumo di carburante. Inoltre, \u00e8 stato progettato per offrire un comfort ottimale all&#8217;operatore, grazie a comandi semplici ed ergonomici.<\/p>\n<p>[\/et_pb_text][\/et_pb_column][et_pb_column type=&#8221;1_2&#8243; _builder_version=&#8221;4.20.4&#8243; _module_preset=&#8221;default&#8221; global_colors_info=&#8221;{}&#8221;][et_pb_text admin_label=&#8221;Les nombreux usages du mini dumper de LEITE France&#8221; _builder_version=&#8221;4.20.4&#8243; _module_preset=&#8221;default&#8221; header_2_text_color=&#8221;#E75F0D&#8221; global_colors_info=&#8221;{}&#8221;]<\/p>\n<h2>I molteplici usi del mini dumper LEITE Europa<\/h2>\n<p>[\/et_pb_text][et_pb_text _builder_version=&#8221;4.20.4&#8243; _module_preset=&#8221;default&#8221; text_orientation=&#8221;justified&#8221; global_colors_info=&#8221;{}&#8221;]<\/p>\n<p>Il mini dumper LEITE Europa \u00e8 una macchina versatile, adatta a un&#8217;ampia gamma di impieghi nei vostri cantieri:<\/p>\n<ol>\n<li>Trasporto di materiali: sposta materiali sciolti come sabbia, terra o macerie in modo rapido e semplice grazie al suo corpo ribaltabile.<\/li>\n<li>Rimozione dei rifiuti: semplificate la gestione dei rifiuti in cantiere rimuovendo facilmente macerie e altri detriti.<\/li>\n<li>Paesaggistica: facilita la sistemazione di giardini, parchi o spazi verdi trasportando grandi quantit\u00e0 di terra, pacciame o fertilizzanti.<\/li>\n<li>Lavori agricoli: utilizzate il mini dumper per spostare carichi pesanti, come sacchi di grano, balle di fieno o attrezzi agricoli.<\/li>\n<li>Lavorare su terreni irregolari: grazie ai suoi cingoli, il mini dumper si muove facilmente su terreni fangosi, in pendenza o irregolari.<\/li>\n<\/ol>\n<p>[\/et_pb_text][et_pb_text admin_label=&#8221;Un service apr\u00e8s-vente et une assistance technique de qualit\u00e9&#8221; _builder_version=&#8221;4.20.4&#8243; _module_preset=&#8221;default&#8221; header_2_text_color=&#8221;#E75F0D&#8221; global_colors_info=&#8221;{}&#8221;]<\/p>\n<h2>Servizio post-vendita e assistenza tecnica di alta qualit\u00e0<\/h2>\n<p>[\/et_pb_text][et_pb_text _builder_version=&#8221;4.20.4&#8243; _module_preset=&#8221;default&#8221; text_orientation=&#8221;justified&#8221; global_colors_info=&#8221;{}&#8221;]<\/p>\n<p>LEITE Europa pone particolare attenzione al servizio post-vendita e all&#8217;assistenza tecnica. Ecco perch\u00e9 vi assistiamo per tutta la vita del vostro mini dumper, offrendovi consigli di manutenzione su misura per le vostre esigenze e fornendovi ricambi originali. Il nostro team di tecnici qualificati \u00e8 a vostra disposizione per consigliarvi e assistervi ogni volta che ne avete bisogno, garantendo il futuro a lungo termine del vostro investimento.<\/p>\n<p>[\/et_pb_text][et_pb_text _builder_version=&#8221;4.20.4&#8243; _module_preset=&#8221;default&#8221; text_orientation=&#8221;justified&#8221; global_colors_info=&#8221;{}&#8221;]<\/p>\n<p>Scegliere il mini dumper cinese di LEITE Europa significa scegliere un veicolo compatto, performante e versatile, adatto alle vostre esigenze professionali o personali. Contattateci per saperne di pi\u00f9 sui nostri mini dumper e per beneficiare dell&#8217;esperienza dei nostri consulenti. Lavoriamo insieme per trovare la soluzione ideale che faciliti il vostro lavoro quotidiano e ottimizzi la vostra produttivit\u00e0 in cantiere. Potete contare su LEITE Europa che vi aiuter\u00e0 a fare la scelta giusta e vi fornir\u00e0 un servizio di assistenza post-vendita e un supporto tecnico di alta qualit\u00e0.<\/p>\n<p>[\/et_pb_text][\/et_pb_column][\/et_pb_row][\/et_pb_section][et_pb_section fb_built=&#8221;1&#8243; admin_label=&#8221;Gamme&#8221; _builder_version=&#8221;4.18.1&#8243; _module_preset=&#8221;3bea0239-54ee-4010-bd63-d0bbfc72a98f&#8221; background_color=&#8221;#FFFFFF&#8221; custom_margin=&#8221;1px|||||&#8221; custom_padding=&#8221;16px|||||&#8221; collapsed=&#8221;on&#8221; global_colors_info=&#8221;{}&#8221;][et_pb_row _builder_version=&#8221;4.19.2&#8243; _module_preset=&#8221;default&#8221; global_colors_info=&#8221;{}&#8221;][et_pb_column type=&#8221;4_4&#8243; _builder_version=&#8221;4.19.2&#8243; _module_preset=&#8221;default&#8221; global_colors_info=&#8221;{}&#8221;][et_pb_text _builder_version=&#8221;4.20.4&#8243; _module_preset=&#8221;default&#8221; header_2_text_color=&#8221;#444245&#8243; header_2_font_size=&#8221;34px&#8221; global_colors_info=&#8221;{}&#8221;]<\/p>\n<h2>Scoprite le altre macchine della gamma<\/h2>\n<p>[\/et_pb_text][\/et_pb_column][\/et_pb_row][et_pb_row _builder_version=&#8221;4.19.4&#8243; _module_preset=&#8221;default&#8221; global_colors_info=&#8221;{}&#8221;][et_pb_column type=&#8221;4_4&#8243; _builder_version=&#8221;4.19.4&#8243; _module_preset=&#8221;default&#8221; global_colors_info=&#8221;{}&#8221;][et_pb_shop type=&#8221;product_category&#8221; include_categories=&#8221;160&#8243; orderby=&#8221;date-desc&#8221; show_rating=&#8221;off&#8221; show_sale_badge=&#8221;off&#8221; _builder_version=&#8221;4.24.0&#8243; _module_preset=&#8221;default&#8221; title_font_size=&#8221;18px&#8221; price_font=&#8221;|600|||||||&#8221; price_text_color=&#8221;#E75F0D&#8221; price_font_size=&#8221;28px&#8221; text_orientation=&#8221;center&#8221; hover_enabled=&#8221;0&#8243; custom_css_product=&#8221;background-color:#FFFFFF;||padding:5px&#8221; global_colors_info=&#8221;{}&#8221; sticky_enabled=&#8221;0&#8243;][\/et_pb_shop][\/et_pb_column][\/et_pb_row][\/et_pb_section][et_pb_section fb_built=&#8221;1&#8243; _builder_version=&#8221;4.20.4&#8243; _module_preset=&#8221;default&#8221; background_color=&#8221;#E75F0D&#8221; global_colors_info=&#8221;{}&#8221;][et_pb_row _builder_version=&#8221;4.20.4&#8243; _module_preset=&#8221;default&#8221; global_colors_info=&#8221;{}&#8221;][et_pb_column type=&#8221;4_4&#8243; _builder_version=&#8221;4.20.4&#8243; _module_preset=&#8221;default&#8221; global_colors_info=&#8221;{}&#8221;][et_pb_text _builder_version=&#8221;4.20.4&#8243; _module_preset=&#8221;default&#8221; text_text_color=&#8221;#FFFFFF&#8221; header_2_text_color=&#8221;#FFFFFF&#8221; header_2_font_size=&#8221;34px&#8221; global_colors_info=&#8221;{}&#8221;]<\/p>\n<h2>I nostri consigli e le nostre notizie&#8230;<\/h2>\n<p>[\/et_pb_text][et_pb_blog fullwidth=&#8221;off&#8221; posts_number=&#8221;3&#8243; include_categories=&#8221;34&#8243; show_author=&#8221;off&#8221; show_date=&#8221;off&#8221; show_categories=&#8221;off&#8221; show_excerpt=&#8221;off&#8221; show_pagination=&#8221;off&#8221; module_class=&#8221;dc_blog-ratio_1-1&#8243; _builder_version=&#8221;4.22.2&#8243; _module_preset=&#8221;default&#8221; header_text_color=&#8221;#E75F0D&#8221; animation_style=&#8221;slide&#8221; box_shadow_style=&#8221;preset2&#8243; global_colors_info=&#8221;{}&#8221;][\/et_pb_blog][\/et_pb_column][\/et_pb_row][\/et_pb_section]<\/p>\n","protected":false},"excerpt":{"rendered":"<p>MINI DUMPERMini dumper con cassone ribaltabile per il trasporto di carichi pesanti in spazi ristretti.I nostri mini dumperLEITE Europa, specialista nell&#8217;importazione di mini macchine edili cinesi, \u00e8 orgogliosa di presentare il suo mini dumper, noto anche come mini ribaltabile, dumper, mini dumper o carriola cingolata. Questa macchina compatta e potente \u00e8 ideale per il trasporto [&hellip;]<\/p>\n","protected":false},"author":3,"featured_media":0,"parent":0,"menu_order":0,"comment_status":"closed","ping_status":"closed","template":"","meta":{"_et_pb_use_builder":"on","_et_pb_old_content":"","_et_gb_content_width":"","footnotes":""},"class_list":["post-5138","page","type-page","status-publish","hentry"],"yoast_head":"<!-- This site is optimized with the Yoast SEO plugin v27.3 - https:\/\/yoast.com\/product\/yoast-seo-wordpress\/ -->\n<title>Mini Dumper - Leite Europe<\/title>\n<meta name=\"description\" content=\"Il mini dumper \u00e8 un sollevatore idraulico completo. Questo piccolo e maneggevole ribaltabile dotato di cingoli \u00e8 adatto all&#039;uso fuoristrada.\" \/>\n<meta name=\"robots\" content=\"index, follow, max-snippet:-1, max-image-preview:large, max-video-preview:-1\" \/>\n<link rel=\"canonical\" href=\"https:\/\/leite-europa.com\/it\/mini-dumper\/\" \/>\n<meta property=\"og:locale\" content=\"it_IT\" \/>\n<meta property=\"og:type\" content=\"article\" \/>\n<meta property=\"og:title\" content=\"Mini Dumper - Leite Europe\" \/>\n<meta property=\"og:description\" content=\"Il mini dumper \u00e8 un sollevatore idraulico completo. Questo piccolo e maneggevole ribaltabile dotato di cingoli \u00e8 adatto all&#039;uso fuoristrada.\" \/>\n<meta property=\"og:url\" content=\"https:\/\/leite-europa.com\/it\/mini-dumper\/\" \/>\n<meta property=\"og:site_name\" content=\"Leite Europe\" \/>\n<meta property=\"article:publisher\" content=\"https:\/\/www.facebook.com\/profile.php?id=100089192656837\" \/>\n<meta property=\"article:modified_time\" content=\"2024-03-06T16:40:54+00:00\" \/>\n<meta name=\"twitter:card\" content=\"summary_large_image\" \/>\n<meta name=\"twitter:label1\" content=\"Tempo di lettura stimato\" \/>\n\t<meta name=\"twitter:data1\" content=\"8 minuti\" \/>\n<script type=\"application\/ld+json\" class=\"yoast-schema-graph\">{\"@context\":\"https:\\\/\\\/schema.org\",\"@graph\":[{\"@type\":\"WebPage\",\"@id\":\"https:\\\/\\\/leite-europa.com\\\/it\\\/mini-dumper\\\/\",\"url\":\"https:\\\/\\\/leite-europa.com\\\/it\\\/mini-dumper\\\/\",\"name\":\"Mini Dumper - Leite Europe\",\"isPartOf\":{\"@id\":\"https:\\\/\\\/leite-europa.com\\\/it\\\/#website\"},\"datePublished\":\"2022-12-19T17:39:29+00:00\",\"dateModified\":\"2024-03-06T16:40:54+00:00\",\"description\":\"Il mini dumper \u00e8 un sollevatore idraulico completo. Questo piccolo e maneggevole ribaltabile dotato di cingoli \u00e8 adatto all'uso fuoristrada.\",\"breadcrumb\":{\"@id\":\"https:\\\/\\\/leite-europa.com\\\/it\\\/mini-dumper\\\/#breadcrumb\"},\"inLanguage\":\"it-IT\",\"potentialAction\":[{\"@type\":\"ReadAction\",\"target\":[\"https:\\\/\\\/leite-europa.com\\\/it\\\/mini-dumper\\\/\"]}]},{\"@type\":\"BreadcrumbList\",\"@id\":\"https:\\\/\\\/leite-europa.com\\\/it\\\/mini-dumper\\\/#breadcrumb\",\"itemListElement\":[{\"@type\":\"ListItem\",\"position\":1,\"name\":\"Accueil\",\"item\":\"https:\\\/\\\/leite-europa.com\\\/it\\\/casa\\\/\"},{\"@type\":\"ListItem\",\"position\":2,\"name\":\"Mini Dumper\"}]},{\"@type\":\"WebSite\",\"@id\":\"https:\\\/\\\/leite-europa.com\\\/it\\\/#website\",\"url\":\"https:\\\/\\\/leite-europa.com\\\/it\\\/\",\"name\":\"Leite Europe\",\"description\":\"\",\"publisher\":{\"@id\":\"https:\\\/\\\/leite-europa.com\\\/it\\\/#organization\"},\"potentialAction\":[{\"@type\":\"SearchAction\",\"target\":{\"@type\":\"EntryPoint\",\"urlTemplate\":\"https:\\\/\\\/leite-europa.com\\\/it\\\/?s={search_term_string}\"},\"query-input\":{\"@type\":\"PropertyValueSpecification\",\"valueRequired\":true,\"valueName\":\"search_term_string\"}}],\"inLanguage\":\"it-IT\"},{\"@type\":\"Organization\",\"@id\":\"https:\\\/\\\/leite-europa.com\\\/it\\\/#organization\",\"name\":\"Leite Europe\",\"url\":\"https:\\\/\\\/leite-europa.com\\\/it\\\/\",\"logo\":{\"@type\":\"ImageObject\",\"inLanguage\":\"it-IT\",\"@id\":\"https:\\\/\\\/leite-europa.com\\\/it\\\/#\\\/schema\\\/logo\\\/image\\\/\",\"url\":\"https:\\\/\\\/leite-europa.com\\\/wp-content\\\/uploads\\\/2022\\\/12\\\/LOGO-LEITE.png\",\"contentUrl\":\"https:\\\/\\\/leite-europa.com\\\/wp-content\\\/uploads\\\/2022\\\/12\\\/LOGO-LEITE.png\",\"width\":1024,\"height\":512,\"caption\":\"Leite Europe\"},\"image\":{\"@id\":\"https:\\\/\\\/leite-europa.com\\\/it\\\/#\\\/schema\\\/logo\\\/image\\\/\"},\"sameAs\":[\"https:\\\/\\\/www.facebook.com\\\/profile.php?id=100089192656837\",\"https:\\\/\\\/www.instagram.com\\\/leite_france_minipelle\\\/\",\"https:\\\/\\\/www.linkedin.com\\\/company\\\/leite-france\\\/\"]}]}<\/script>\n<!-- \/ Yoast SEO plugin. -->","yoast_head_json":{"title":"Mini Dumper - Leite Europe","description":"Il mini dumper \u00e8 un sollevatore idraulico completo. Questo piccolo e maneggevole ribaltabile dotato di cingoli \u00e8 adatto all'uso fuoristrada.","robots":{"index":"index","follow":"follow","max-snippet":"max-snippet:-1","max-image-preview":"max-image-preview:large","max-video-preview":"max-video-preview:-1"},"canonical":"https:\/\/leite-europa.com\/it\/mini-dumper\/","og_locale":"it_IT","og_type":"article","og_title":"Mini Dumper - Leite Europe","og_description":"Il mini dumper \u00e8 un sollevatore idraulico completo. Questo piccolo e maneggevole ribaltabile dotato di cingoli \u00e8 adatto all'uso fuoristrada.","og_url":"https:\/\/leite-europa.com\/it\/mini-dumper\/","og_site_name":"Leite Europe","article_publisher":"https:\/\/www.facebook.com\/profile.php?id=100089192656837","article_modified_time":"2024-03-06T16:40:54+00:00","twitter_card":"summary_large_image","twitter_misc":{"Tempo di lettura stimato":"8 minuti"},"schema":{"@context":"https:\/\/schema.org","@graph":[{"@type":"WebPage","@id":"https:\/\/leite-europa.com\/it\/mini-dumper\/","url":"https:\/\/leite-europa.com\/it\/mini-dumper\/","name":"Mini Dumper - Leite Europe","isPartOf":{"@id":"https:\/\/leite-europa.com\/it\/#website"},"datePublished":"2022-12-19T17:39:29+00:00","dateModified":"2024-03-06T16:40:54+00:00","description":"Il mini dumper \u00e8 un sollevatore idraulico completo. Questo piccolo e maneggevole ribaltabile dotato di cingoli \u00e8 adatto all'uso fuoristrada.","breadcrumb":{"@id":"https:\/\/leite-europa.com\/it\/mini-dumper\/#breadcrumb"},"inLanguage":"it-IT","potentialAction":[{"@type":"ReadAction","target":["https:\/\/leite-europa.com\/it\/mini-dumper\/"]}]},{"@type":"BreadcrumbList","@id":"https:\/\/leite-europa.com\/it\/mini-dumper\/#breadcrumb","itemListElement":[{"@type":"ListItem","position":1,"name":"Accueil","item":"https:\/\/leite-europa.com\/it\/casa\/"},{"@type":"ListItem","position":2,"name":"Mini Dumper"}]},{"@type":"WebSite","@id":"https:\/\/leite-europa.com\/it\/#website","url":"https:\/\/leite-europa.com\/it\/","name":"Leite Europe","description":"","publisher":{"@id":"https:\/\/leite-europa.com\/it\/#organization"},"potentialAction":[{"@type":"SearchAction","target":{"@type":"EntryPoint","urlTemplate":"https:\/\/leite-europa.com\/it\/?s={search_term_string}"},"query-input":{"@type":"PropertyValueSpecification","valueRequired":true,"valueName":"search_term_string"}}],"inLanguage":"it-IT"},{"@type":"Organization","@id":"https:\/\/leite-europa.com\/it\/#organization","name":"Leite Europe","url":"https:\/\/leite-europa.com\/it\/","logo":{"@type":"ImageObject","inLanguage":"it-IT","@id":"https:\/\/leite-europa.com\/it\/#\/schema\/logo\/image\/","url":"https:\/\/leite-europa.com\/wp-content\/uploads\/2022\/12\/LOGO-LEITE.png","contentUrl":"https:\/\/leite-europa.com\/wp-content\/uploads\/2022\/12\/LOGO-LEITE.png","width":1024,"height":512,"caption":"Leite Europe"},"image":{"@id":"https:\/\/leite-europa.com\/it\/#\/schema\/logo\/image\/"},"sameAs":["https:\/\/www.facebook.com\/profile.php?id=100089192656837","https:\/\/www.instagram.com\/leite_france_minipelle\/","https:\/\/www.linkedin.com\/company\/leite-france\/"]}]}},"_links":{"self":[{"href":"https:\/\/leite-europa.com\/it\/wp-json\/wp\/v2\/pages\/5138","targetHints":{"allow":["GET"]}}],"collection":[{"href":"https:\/\/leite-europa.com\/it\/wp-json\/wp\/v2\/pages"}],"about":[{"href":"https:\/\/leite-europa.com\/it\/wp-json\/wp\/v2\/types\/page"}],"author":[{"embeddable":true,"href":"https:\/\/leite-europa.com\/it\/wp-json\/wp\/v2\/users\/3"}],"replies":[{"embeddable":true,"href":"https:\/\/leite-europa.com\/it\/wp-json\/wp\/v2\/comments?post=5138"}],"version-history":[{"count":18,"href":"https:\/\/leite-europa.com\/it\/wp-json\/wp\/v2\/pages\/5138\/revisions"}],"predecessor-version":[{"id":9514,"href":"https:\/\/leite-europa.com\/it\/wp-json\/wp\/v2\/pages\/5138\/revisions\/9514"}],"wp:attachment":[{"href":"https:\/\/leite-europa.com\/it\/wp-json\/wp\/v2\/media?parent=5138"}],"curies":[{"name":"wp","href":"https:\/\/api.w.org\/{rel}","templated":true}]}}