{"id":8178,"date":"2023-11-06T09:36:53","date_gmt":"2023-11-06T08:36:53","guid":{"rendered":"https:\/\/leite-europa.com\/produit\/trattore-cl30-4\/"},"modified":"2024-04-17T15:37:10","modified_gmt":"2024-04-17T13:37:10","slug":"trattore-cl30-4","status":"publish","type":"product","link":"https:\/\/leite-europa.com\/it\/produit\/trattore-cl30-4\/","title":{"rendered":"Trattore CL30-4"},"content":{"rendered":"<p>[et_pb_section fb_built=&#8221;1&#8243; _builder_version=&#8221;4.19.2&#8243; _module_preset=&#8221;default&#8221; background_color=&#8221;#FFFFFF&#8221; custom_padding=&#8221;||4px|||&#8221; global_colors_info=&#8221;{}&#8221;][et_pb_row column_structure=&#8221;1_2,1_2&#8243; _builder_version=&#8221;4.19.2&#8243; _module_preset=&#8221;default&#8221; global_colors_info=&#8221;{}&#8221;][et_pb_column type=&#8221;1_2&#8243; _builder_version=&#8221;4.19.2&#8243; _module_preset=&#8221;default&#8221; global_colors_info=&#8221;{}&#8221;][et_pb_gallery gallery_ids=&#8221;7767&#8243; fullwidth=&#8221;on&#8221; _builder_version=&#8221;4.23.1&#8243; _module_preset=&#8221;default&#8221; global_colors_info=&#8221;{}&#8221;][\/et_pb_gallery][et_pb_text _builder_version=&#8221;4.22.2&#8243; _module_preset=&#8221;default&#8221; text_font=&#8221;Oswald||||||||&#8221; text_text_color=&#8221;#E75F0D&#8221; text_font_size=&#8221;20px&#8221; custom_margin=&#8221;49px|||||&#8221; global_colors_info=&#8221;{}&#8221;]<strong>Tipo<\/strong>: trattore a ruote 4&#215;4<\/p>\n<p><strong>Peso operativo<\/strong>: 1500 Kg<\/p>\n<p><strong>Motore<\/strong>: 4L22 (verticale, 4 cilindri, raffreddato ad acqua, 4 tempi)<\/p>\n<p><strong>Potenza<\/strong>: 25,7 Kw (30 CV)<\/p>\n<p><strong>Carburante<\/strong>: Diesel<\/p>\n<p><strong>Trasmissione<\/strong>: 8V+2R<\/p>\n<p><strong>Velocit\u00e0:<\/strong> 0-32 Km\/h<\/p>\n<p><strong>Equipaggiamento supplementare<\/strong>: zavorra (anteriore\/posteriore)<br \/>\n[\/et_pb_text][\/et_pb_column][et_pb_column type=&#8221;1_2&#8243; _builder_version=&#8221;4.19.2&#8243; _module_preset=&#8221;default&#8221; global_colors_info=&#8221;{}&#8221;][et_pb_text _builder_version=&#8221;4.22.1&#8243; _module_preset=&#8221;default&#8221; global_colors_info=&#8221;{}&#8221;]<\/p>\n<h2><span style=\"color: #ff6600;\">&#8220;Il vostro partner per l&#8217;agricoltura e la paesaggistica<\/span><\/h2>\n<p>[\/et_pb_text][et_pb_text _builder_version=&#8221;4.22.1&#8243; _module_preset=&#8221;default&#8221; text_orientation=&#8221;justified&#8221; global_colors_info=&#8221;{}&#8221;]<strong>Trattore CL30-4: l&#8217;alleanza perfetta tra tecnologia avanzata e robustezza<\/strong><\/p>\n<p>Quando si tratta di macchine agricole, la scelta dell&#8217;attrezzatura giusta \u00e8 fondamentale. Il trattore CL30-4 \u00e8 progettato per chi cerca la perfezione in termini di prestazioni, durata ed efficienza. Lasciate che vi guidiamo attraverso le eccezionali caratteristiche di questa straordinaria macchina.<\/p>\n<p><strong>Design robusto per prestazioni ineguagliabili<\/strong><\/p>\n<p>Il CL30-4 \u00e8 un trattore con ruote 4&#215;4, che garantisce trazione e manovrabilit\u00e0 ottimali, anche nelle condizioni pi\u00f9 difficili. Il suo design robusto \u00e8 rafforzato da un peso operativo di 1.500 kg, che offre una stabilit\u00e0 ineccepibile per tutti i lavori, che si tratti di aratura, semina o trasporto.<br \/>\n[\/et_pb_text][\/et_pb_column][\/et_pb_row][et_pb_row _builder_version=&#8221;4.21.2&#8243; _module_preset=&#8221;default&#8221; global_colors_info=&#8221;{}&#8221;][et_pb_column type=&#8221;4_4&#8243; _builder_version=&#8221;4.21.2&#8243; _module_preset=&#8221;default&#8221; global_colors_info=&#8221;{}&#8221;][et_pb_text _builder_version=&#8221;4.22.1&#8243; _module_preset=&#8221;default&#8221; text_orientation=&#8221;justified&#8221; global_colors_info=&#8221;{}&#8221;]<strong>Motore: il cuore potente del CL30-4<\/strong><\/p>\n<p>Il cuore di questa bestia meccanica \u00e8 il motore 4L22. Verticale, a 4 cilindri e raffreddato ad acqua, questo motore funziona a 4 tempi, garantendo una combustione efficiente e le massime prestazioni. Con un&#8217;impressionante potenza di 25,7 Kw, o 30 CV, il CL30-4 \u00e8 pronto ad affrontare qualsiasi sfida, dal terreno pi\u00f9 delicato a quello pi\u00f9 accidentato.<\/p>\n<p><strong>Trasmissione e manipolazione<\/strong><\/p>\n<p>La trasmissione \u00e8 un componente fondamentale di qualsiasi trattore e il CL30-4 non fa eccezione. Con la sua trasmissione 8V+2R, offre una gamma di velocit\u00e0 adatta a diversi compiti. Che abbiate bisogno di velocit\u00e0 per il trasporto o di controllo per l&#8217;aratura, il CL30-4 \u00e8 all&#8217;altezza del compito.<\/p>\n<p><strong>Economia ed efficienza con il diesel<\/strong><\/p>\n<p>La scelta del carburante \u00e8 essenziale per le prestazioni e l&#8217;economia. Il CL30-4 funziona a gasolio, un carburante noto per la sua efficienza di combustione e la sua durata. Scegliendo il diesel, non solo potrete beneficiare di una macchina potente, ma anche di un notevole risparmio di carburante.<\/p>\n<p><strong>Dimensioni e adattabilit\u00e0<\/strong><\/p>\n<p>Le dimensioni del CL30-4 sono state attentamente studiate per offrire il miglior equilibrio tra dimensioni e prestazioni. Con una lunghezza di 3060 mm, una larghezza di 1380 mm e un&#8217;altezza di 1440 mm, \u00e8 compatto ma offre lo spazio necessario per una cabina confortevole e un facile accesso ai componenti chiave. L&#8217;altezza da terra di 320 mm garantisce che il trattore possa affrontare terreni sconnessi senza rischi di danni.<\/p>\n<p><strong>Equipaggiamento aggiuntivo per migliorare le prestazioni<\/strong><\/p>\n<p>Il CL30-4 \u00e8 inoltre dotato di reattori anteriori e posteriori. Questi pesi aggiuntivi aumentano la stabilit\u00e0 del trattore, in particolare quando si lavora con uno sforzo di trazione elevato.<\/p>\n<p><strong>Conclusione: il CL30-4, il vostro partner ideale<\/strong><\/p>\n<p>In conclusione, il trattore CL30-4 \u00e8 molto pi\u00f9 di una semplice macchina. \u00c8 un partner affidabile, costruito per durare e per offrire prestazioni eccezionali giorno dopo giorno. Ogni caratteristica e ogni componente sono stati attentamente studiati per soddisfare le esigenze dei professionisti pi\u00f9 esigenti.<\/p>\n<p>Che siate agricoltori esperti, imprenditori edili o appassionati di macchinari, il CL30-4 \u00e8 la scelta ideale. Con la sua combinazione di potenza, durata ed efficienza, \u00e8 pronto a trasformare il vostro modo di lavorare.<\/p>\n<p>Non aspettate oltre e scoprite il CL30-4, il trattore che sta ridefinendo gli standard del settore. Visitate il nostro sito web per maggiori informazioni e per scoprire come il CL30-4 pu\u00f2 rivoluzionare il vostro lavoro quotidiano.<br \/>\n[\/et_pb_text][\/et_pb_column][\/et_pb_row][\/et_pb_section][et_pb_section fb_built=&#8221;1&#8243; _builder_version=&#8221;4.19.4&#8243; _module_preset=&#8221;default&#8221; background_color=&#8221;RGBA(255,255,255,0)&#8221; custom_padding=&#8221;2px||4px|||&#8221; global_colors_info=&#8221;{}&#8221;][et_pb_row _builder_version=&#8221;4.19.4&#8243; _module_preset=&#8221;default&#8221; animation_direction=&#8221;bottom&#8221; global_colors_info=&#8221;{}&#8221;][et_pb_column type=&#8221;4_4&#8243; _builder_version=&#8221;4.19.4&#8243; _module_preset=&#8221;default&#8221; global_colors_info=&#8221;{}&#8221;][et_pb_gallery gallery_ids=&#8221;2527,2528,2529,2530,2531,2532,2533,2534,2535,2536,2537,2538,2539,2540,2541,2542,2543,2701,2702,2703,2704,2705,2706&#8243; fullwidth=&#8221;on&#8221; _builder_version=&#8221;4.22.1&#8243; _module_preset=&#8221;default&#8221; background_color=&#8221;RGBA(255,255,255,0)&#8221; auto=&#8221;on&#8221; auto_speed=&#8221;3000&#8243; global_colors_info=&#8221;{}&#8221;][\/et_pb_gallery][\/et_pb_column][\/et_pb_row][\/et_pb_section][et_pb_section fb_built=&#8221;1&#8243; _builder_version=&#8221;4.19.2&#8243; _module_preset=&#8221;default&#8221; background_color=&#8221;#FFFFFF&#8221; custom_padding=&#8221;3px||3px|||&#8221; global_colors_info=&#8221;{}&#8221;][et_pb_row _builder_version=&#8221;4.19.4&#8243; _module_preset=&#8221;default&#8221; custom_margin=&#8221;-2px|auto||auto||&#8221; animation_style=&#8221;flip&#8221; global_colors_info=&#8221;{}&#8221;][et_pb_column type=&#8221;4_4&#8243; _builder_version=&#8221;4.19.2&#8243; _module_preset=&#8221;default&#8221; global_colors_info=&#8221;{}&#8221;][dvmd_table_maker tbl_title_mode=&#8221;on&#8221; tbl_title_text=&#8221;Caract\u00e9ristiques techniques Tracteur CL30-4&#8243; tbl_chead_cell_color=&#8221;#E75F0D&#8221; tbl_rhead_cell_color=&#8221;#A3A3A3&#8243; tbl_chead_text_level_active=&#8221;on&#8221; tbl_rhead_text_level_active=&#8221;on&#8221; tbl_rhead_text_level=&#8221;h4&#8243; admin_label=&#8221;Caract\u00e9ristiques techniques Tracteur CL30-4&#8243; _builder_version=&#8221;4.23&#8243; _module_preset=&#8221;default&#8221; global_colors_info=&#8221;{}&#8221;][dvmd_table_maker_item col_content=&#8221;Caratteristiche<br \/>\nModello<br \/>\nTipo<br \/>\nPeso operativo&#8221; _builder_version=&#8221;4.23&#8243; _module_preset=&#8221;default&#8221; global_colors_info=&#8221;{}&#8221;][\/dvmd_table_maker_item][dvmd_table_maker_item col_content=&#8221;Caratteristiche<br \/>\nCL30<br \/>\nTrattore a ruote 4&#215;4<br \/>\n1500 Kg&#8221; _builder_version=&#8221;4.23&#8243; _module_preset=&#8221;default&#8221; global_colors_info=&#8221;{}&#8221;][\/dvmd_table_maker_item][\/dvmd_table_maker][dvmd_table_maker tbl_rhead_cell_color=&#8221;#a3a3a3&#8243; tbl_chead_text_level_active=&#8221;on&#8221; tbl_rhead_text_level_active=&#8221;on&#8221; tbl_rhead_text_level=&#8221;h4&#8243; _builder_version=&#8221;4.23&#8243; _module_preset=&#8221;default&#8221; global_colors_info=&#8221;{}&#8221;][dvmd_table_maker_item col_content=&#8221;<br \/>\nLunghezza (fino alla zavorra anteriore)<br \/>\nLarghezza<br \/>\nAltezza (fino allo sfiato)<br \/>\nStriscia di cuscinetti (anteriore\/posteriore)<br \/>\nBase dell&#039;asse<br \/>\nAltezza da terra&#8221; _builder_version=&#8221;4.23&#8243; _module_preset=&#8221;default&#8221; global_colors_info=&#8221;{}&#8221;][\/dvmd_table_maker_item][dvmd_table_maker_item col_content=&#8221;Dimensioni<br \/>\n3060 mm<br \/>\n1380 mm<br \/>\n1440 mm<br \/>\n1100 mm \/ 1200 mm<br \/>\n1559 mm<br \/>\n320 mm&#8221; _builder_version=&#8221;4.23&#8243; _module_preset=&#8221;default&#8221; global_colors_info=&#8221;{}&#8221;][\/dvmd_table_maker_item][\/dvmd_table_maker][dvmd_table_maker tbl_rhead_cell_color=&#8221;#a3a3a3&#8243; tbl_chead_text_level_active=&#8221;on&#8221; tbl_rhead_text_level_active=&#8221;on&#8221; tbl_rhead_text_level=&#8221;h4&#8243; _builder_version=&#8221;4.23&#8243; _module_preset=&#8221;default&#8221; global_colors_info=&#8221;{}&#8221;][dvmd_table_maker_item col_content=&#8221;<br \/>\nMotore<br \/>\nPotenza<br \/>\nVelocit\u00e0 del motore<br \/>\nCarburante<br \/>\nPneumatici (anteriori\/posteriori)<br \/>\nFrizione<br \/>\nTrasmissione<br \/>\nSospensione<br \/>\nPresa di forza (PTO)<br \/>\nStrumentazione<br \/>\nZavorra (anteriore\/posteriore)&#8221; _builder_version=&#8221;4.23&#8243; _module_preset=&#8221;default&#8221; global_colors_info=&#8221;{}&#8221;][\/dvmd_table_maker_item][dvmd_table_maker_item col_content=&#8221;Specifiche tecniche<br \/>\n4L22 (verticale, 4 cilindri, raffreddato ad acqua, 4 tempi)<br \/>\n25,7 Kw (30 CV)<br \/>\n2350 giri\/min<br \/>\nDiesel<br \/>\n6.00-16 \/ 9.50-24<br \/>\nA un piano<br \/>\n8V+2R<br \/>\nPost-posizionato, idraulico a tre punti<br \/>\nSemi-indentata, 720 giri\/min, scanalatura a rettangolo F35 (6 denti)<br \/>\nCombinato<br \/>\nS\u00ec\/S\u00ec&#8221; _builder_version=&#8221;4.23&#8243; _module_preset=&#8221;default&#8221; global_colors_info=&#8221;{}&#8221;][\/dvmd_table_maker_item][\/dvmd_table_maker][\/et_pb_column][\/et_pb_row][\/et_pb_section][et_pb_section fb_built=&#8221;1&#8243; _builder_version=&#8221;4.19.4&#8243; _module_preset=&#8221;default&#8221; background_color=&#8221;#484F54&#8243; global_colors_info=&#8221;{}&#8221;][et_pb_row column_structure=&#8221;1_2,1_2&#8243; _builder_version=&#8221;4.23.1&#8243; _module_preset=&#8221;default&#8221; custom_padding=&#8221;30px|30px|30px|30px|false|false&#8221; global_colors_info=&#8221;{}&#8221;][et_pb_column type=&#8221;1_2&#8243; _builder_version=&#8221;4.19.2&#8243; _module_preset=&#8221;default&#8221; global_colors_info=&#8221;{}&#8221;][et_pb_text _builder_version=&#8221;4.22.1&#8243; _module_preset=&#8221;default&#8221; text_text_color=&#8221;#FFFFFF&#8221; header_2_font=&#8221;Oswald||||||||&#8221; global_colors_info=&#8221;{}&#8221;]<strong>Garanzia sulle parti di ricambio di 24 mesi<\/strong>: tranquillit\u00e0 con una garanzia completa di 24 mesi.<\/p>\n<p><strong>Prestazioni ottimali<\/strong>: potente motore da 25,7 Kw per prestazioni ineguagliabili.<br \/>\n[\/et_pb_text][\/et_pb_column][et_pb_column type=&#8221;1_2&#8243; _builder_version=&#8221;4.19.2&#8243; _module_preset=&#8221;default&#8221; global_colors_info=&#8221;{}&#8221;][et_pb_text _builder_version=&#8221;4.22.1&#8243; _module_preset=&#8221;default&#8221; text_text_color=&#8221;#FFFFFF&#8221; header_2_font=&#8221;Oswald||||||||&#8221; global_colors_info=&#8221;{}&#8221;]<strong>Risparmio di carburante<\/strong>: Combustione diesel efficiente per un risparmio significativo.<\/p>\n<p><strong>Dotazione aggiuntiva<\/strong>: zavorre anteriori e posteriori per la massima stabilit\u00e0.<br \/>\n[\/et_pb_text][\/et_pb_column][\/et_pb_row][\/et_pb_section][et_pb_section fb_built=&#8221;1&#8243; _builder_version=&#8221;4.19.2&#8243; _module_preset=&#8221;default&#8221; background_color=&#8221;#FFFFFF&#8221; custom_padding=&#8221;3px||2px|||&#8221; global_colors_info=&#8221;{}&#8221;][et_pb_row _builder_version=&#8221;4.19.2&#8243; _module_preset=&#8221;default&#8221; global_colors_info=&#8221;{}&#8221;][et_pb_column type=&#8221;4_4&#8243; _builder_version=&#8221;4.19.2&#8243; _module_preset=&#8221;default&#8221; global_colors_info=&#8221;{}&#8221;][et_pb_image src=&#8221;https:\/\/leite-france.fr\/wp-content\/uploads\/2023\/09\/0Q8A1678.jpg&#8221; alt=&#8221;Trattore CL30-4 Leite&#8221; title_text=&#8221;Trattore CL30-4 Leite&#8221; align=&#8221;center&#8221; _builder_version=&#8221;4.22.1&#8243; _module_preset=&#8221;default&#8221; global_colors_info=&#8221;{}&#8221;][\/et_pb_image][\/et_pb_column][\/et_pb_row][\/et_pb_section][et_pb_section fb_built=&#8221;1&#8243; disabled_on=&#8221;off|off|off&#8221; _builder_version=&#8221;4.22.1&#8243; _module_preset=&#8221;default&#8221; background_color=&#8221;#FFFFFF&#8221; custom_padding=&#8221;0px|||||&#8221; global_colors_info=&#8221;{}&#8221;][et_pb_row _builder_version=&#8221;4.19.2&#8243; _module_preset=&#8221;default&#8221; custom_padding=&#8221;||49px|||&#8221; global_colors_info=&#8221;{}&#8221;][et_pb_column type=&#8221;4_4&#8243; _builder_version=&#8221;4.19.2&#8243; _module_preset=&#8221;default&#8221; global_colors_info=&#8221;{}&#8221;][et_pb_text _builder_version=&#8221;4.22.1&#8243; _module_preset=&#8221;default&#8221; global_colors_info=&#8221;{}&#8221;]<\/p>\n<h2><span style=\"color: #333333;\">Elenco degli accessori in stock, compatibili con i nostri trattori&#8230;<\/span><\/h2>\n<p>[\/et_pb_text][et_pb_shop type=&#8221;product_category&#8221; include_categories=&#8221;175&#8243; orderby=&#8221;date-desc&#8221; show_rating=&#8221;off&#8221; show_sale_badge=&#8221;off&#8221; _builder_version=&#8221;4.23.1&#8243; _module_preset=&#8221;default&#8221; title_font_size=&#8221;18px&#8221; price_font=&#8221;|600|||||||&#8221; price_text_color=&#8221;#E75F0D&#8221; price_font_size=&#8221;28px&#8221; text_orientation=&#8221;center&#8221; custom_css_product=&#8221;background-color:#FFFFFF;||padding:5px&#8221; global_colors_info=&#8221;{}&#8221;][\/et_pb_shop][\/et_pb_column][\/et_pb_row][\/et_pb_section]<\/p>\n","protected":false},"excerpt":{"rendered":"<p>Tipo: trattore a ruote 4&#215;4 Peso operativo: 1500 Kg Motore: 4L22 (verticale, 4 cilindri, raffreddato ad acqua, 4 tempi) Potenza: 25,7 Kw (30 CV) Carburante: Diesel Trasmissione: 8V+2R Velocit\u00e0: 0-32 Km\/h Equipaggiamento supplementare: zavorra (anteriore\/posteriore) &#8220;Il vostro partner per l&#8217;agricoltura e la paesaggistica Trattore CL30-4: l&#8217;alleanza perfetta tra tecnologia avanzata e robustezza Quando si tratta [&hellip;]<\/p>\n","protected":false},"featured_media":7769,"template":"","meta":{"_et_pb_use_builder":"on","_et_pb_old_content":"","_et_gb_content_width":""},"product_brand":[],"product_cat":[315],"product_tag":[],"class_list":{"0":"post-8178","1":"product","2":"type-product","3":"status-publish","4":"has-post-thumbnail","6":"product_cat-trattore","8":"first","9":"instock","10":"taxable","11":"shipping-taxable","12":"purchasable","13":"product-type-simple"},"yoast_head":"<!-- This site is optimized with the Yoast SEO plugin v27.4 - https:\/\/yoast.com\/product\/yoast-seo-wordpress\/ -->\n<title>Trattore CL30-4 - Leite Europe<\/title>\n<meta name=\"description\" content=\"Trattore CL30-4: la perfetta combinazione di tecnologia avanzata e robustezza, con ruote 4x4 per una trazione e una manovrabilit\u00e0 ottimali.\" \/>\n<meta name=\"robots\" content=\"index, follow, max-snippet:-1, max-image-preview:large, max-video-preview:-1\" \/>\n<link rel=\"canonical\" href=\"https:\/\/leite-europa.com\/it\/produit\/trattore-cl30-4\/\" \/>\n<meta property=\"og:locale\" content=\"it_IT\" \/>\n<meta property=\"og:type\" content=\"article\" \/>\n<meta property=\"og:title\" content=\"Trattore CL30-4 - Leite Europe\" \/>\n<meta property=\"og:description\" content=\"Trattore CL30-4: la perfetta combinazione di tecnologia avanzata e robustezza, con ruote 4x4 per una trazione e una manovrabilit\u00e0 ottimali.\" \/>\n<meta property=\"og:url\" content=\"https:\/\/leite-europa.com\/it\/produit\/trattore-cl30-4\/\" \/>\n<meta property=\"og:site_name\" content=\"Leite Europe\" \/>\n<meta property=\"article:publisher\" content=\"https:\/\/www.facebook.com\/profile.php?id=100089192656837\" \/>\n<meta property=\"article:modified_time\" content=\"2024-04-17T13:37:10+00:00\" \/>\n<meta property=\"og:image\" content=\"https:\/\/leite-europa.com\/wp-content\/uploads\/2023\/08\/7-1.png\" \/>\n\t<meta property=\"og:image:width\" content=\"1080\" \/>\n\t<meta property=\"og:image:height\" content=\"1080\" \/>\n\t<meta property=\"og:image:type\" content=\"image\/png\" \/>\n<meta name=\"twitter:card\" content=\"summary_large_image\" \/>\n<meta name=\"twitter:label1\" content=\"Tempo di lettura stimato\" \/>\n\t<meta name=\"twitter:data1\" content=\"8 minuti\" \/>\n<script type=\"application\/ld+json\" class=\"yoast-schema-graph\">{\"@context\":\"https:\\\/\\\/schema.org\",\"@graph\":[{\"@type\":\"WebPage\",\"@id\":\"https:\\\/\\\/leite-europa.com\\\/it\\\/produit\\\/trattore-cl30-4\\\/\",\"url\":\"https:\\\/\\\/leite-europa.com\\\/it\\\/produit\\\/trattore-cl30-4\\\/\",\"name\":\"Trattore CL30-4 - Leite Europe\",\"isPartOf\":{\"@id\":\"https:\\\/\\\/leite-europa.com\\\/it\\\/#website\"},\"primaryImageOfPage\":{\"@id\":\"https:\\\/\\\/leite-europa.com\\\/it\\\/produit\\\/trattore-cl30-4\\\/#primaryimage\"},\"image\":{\"@id\":\"https:\\\/\\\/leite-europa.com\\\/it\\\/produit\\\/trattore-cl30-4\\\/#primaryimage\"},\"thumbnailUrl\":\"https:\\\/\\\/leite-europa.com\\\/wp-content\\\/uploads\\\/2023\\\/08\\\/7-1.png\",\"datePublished\":\"2023-11-06T08:36:53+00:00\",\"dateModified\":\"2024-04-17T13:37:10+00:00\",\"description\":\"Trattore CL30-4: la perfetta combinazione di tecnologia avanzata e robustezza, con ruote 4x4 per una trazione e una manovrabilit\u00e0 ottimali.\",\"breadcrumb\":{\"@id\":\"https:\\\/\\\/leite-europa.com\\\/it\\\/produit\\\/trattore-cl30-4\\\/#breadcrumb\"},\"inLanguage\":\"it-IT\",\"potentialAction\":[{\"@type\":\"ReadAction\",\"target\":[\"https:\\\/\\\/leite-europa.com\\\/it\\\/produit\\\/trattore-cl30-4\\\/\"]}]},{\"@type\":\"ImageObject\",\"inLanguage\":\"it-IT\",\"@id\":\"https:\\\/\\\/leite-europa.com\\\/it\\\/produit\\\/trattore-cl30-4\\\/#primaryimage\",\"url\":\"https:\\\/\\\/leite-europa.com\\\/wp-content\\\/uploads\\\/2023\\\/08\\\/7-1.png\",\"contentUrl\":\"https:\\\/\\\/leite-europa.com\\\/wp-content\\\/uploads\\\/2023\\\/08\\\/7-1.png\",\"width\":1080,\"height\":1080},{\"@type\":\"BreadcrumbList\",\"@id\":\"https:\\\/\\\/leite-europa.com\\\/it\\\/produit\\\/trattore-cl30-4\\\/#breadcrumb\",\"itemListElement\":[{\"@type\":\"ListItem\",\"position\":1,\"name\":\"Accueil\",\"item\":\"https:\\\/\\\/leite-europa.com\\\/it\\\/casa\\\/\"},{\"@type\":\"ListItem\",\"position\":2,\"name\":\"Negozio\",\"item\":\"https:\\\/\\\/leite-europa.com\\\/fr\\\/boutique\\\/\"},{\"@type\":\"ListItem\",\"position\":3,\"name\":\"Trattore CL30-4\"}]},{\"@type\":\"WebSite\",\"@id\":\"https:\\\/\\\/leite-europa.com\\\/it\\\/#website\",\"url\":\"https:\\\/\\\/leite-europa.com\\\/it\\\/\",\"name\":\"Leite Europe\",\"description\":\"\",\"publisher\":{\"@id\":\"https:\\\/\\\/leite-europa.com\\\/it\\\/#organization\"},\"potentialAction\":[{\"@type\":\"SearchAction\",\"target\":{\"@type\":\"EntryPoint\",\"urlTemplate\":\"https:\\\/\\\/leite-europa.com\\\/it\\\/?s={search_term_string}\"},\"query-input\":{\"@type\":\"PropertyValueSpecification\",\"valueRequired\":true,\"valueName\":\"search_term_string\"}}],\"inLanguage\":\"it-IT\"},{\"@type\":\"Organization\",\"@id\":\"https:\\\/\\\/leite-europa.com\\\/it\\\/#organization\",\"name\":\"Leite Europe\",\"url\":\"https:\\\/\\\/leite-europa.com\\\/it\\\/\",\"logo\":{\"@type\":\"ImageObject\",\"inLanguage\":\"it-IT\",\"@id\":\"https:\\\/\\\/leite-europa.com\\\/it\\\/#\\\/schema\\\/logo\\\/image\\\/\",\"url\":\"https:\\\/\\\/leite-europa.com\\\/wp-content\\\/uploads\\\/2022\\\/12\\\/LOGO-LEITE.png\",\"contentUrl\":\"https:\\\/\\\/leite-europa.com\\\/wp-content\\\/uploads\\\/2022\\\/12\\\/LOGO-LEITE.png\",\"width\":1024,\"height\":512,\"caption\":\"Leite Europe\"},\"image\":{\"@id\":\"https:\\\/\\\/leite-europa.com\\\/it\\\/#\\\/schema\\\/logo\\\/image\\\/\"},\"sameAs\":[\"https:\\\/\\\/www.facebook.com\\\/profile.php?id=100089192656837\",\"https:\\\/\\\/www.instagram.com\\\/leite_france_minipelle\\\/\",\"https:\\\/\\\/www.linkedin.com\\\/company\\\/leite-france\\\/\"]}]}<\/script>\n<!-- \/ Yoast SEO plugin. -->","yoast_head_json":{"title":"Trattore CL30-4 - Leite Europe","description":"Trattore CL30-4: la perfetta combinazione di tecnologia avanzata e robustezza, con ruote 4x4 per una trazione e una manovrabilit\u00e0 ottimali.","robots":{"index":"index","follow":"follow","max-snippet":"max-snippet:-1","max-image-preview":"max-image-preview:large","max-video-preview":"max-video-preview:-1"},"canonical":"https:\/\/leite-europa.com\/it\/produit\/trattore-cl30-4\/","og_locale":"it_IT","og_type":"article","og_title":"Trattore CL30-4 - Leite Europe","og_description":"Trattore CL30-4: la perfetta combinazione di tecnologia avanzata e robustezza, con ruote 4x4 per una trazione e una manovrabilit\u00e0 ottimali.","og_url":"https:\/\/leite-europa.com\/it\/produit\/trattore-cl30-4\/","og_site_name":"Leite Europe","article_publisher":"https:\/\/www.facebook.com\/profile.php?id=100089192656837","article_modified_time":"2024-04-17T13:37:10+00:00","og_image":[{"width":1080,"height":1080,"url":"https:\/\/leite-europa.com\/wp-content\/uploads\/2023\/08\/7-1.png","type":"image\/png"}],"twitter_card":"summary_large_image","twitter_misc":{"Tempo di lettura stimato":"8 minuti"},"schema":{"@context":"https:\/\/schema.org","@graph":[{"@type":"WebPage","@id":"https:\/\/leite-europa.com\/it\/produit\/trattore-cl30-4\/","url":"https:\/\/leite-europa.com\/it\/produit\/trattore-cl30-4\/","name":"Trattore CL30-4 - Leite Europe","isPartOf":{"@id":"https:\/\/leite-europa.com\/it\/#website"},"primaryImageOfPage":{"@id":"https:\/\/leite-europa.com\/it\/produit\/trattore-cl30-4\/#primaryimage"},"image":{"@id":"https:\/\/leite-europa.com\/it\/produit\/trattore-cl30-4\/#primaryimage"},"thumbnailUrl":"https:\/\/leite-europa.com\/wp-content\/uploads\/2023\/08\/7-1.png","datePublished":"2023-11-06T08:36:53+00:00","dateModified":"2024-04-17T13:37:10+00:00","description":"Trattore CL30-4: la perfetta combinazione di tecnologia avanzata e robustezza, con ruote 4x4 per una trazione e una manovrabilit\u00e0 ottimali.","breadcrumb":{"@id":"https:\/\/leite-europa.com\/it\/produit\/trattore-cl30-4\/#breadcrumb"},"inLanguage":"it-IT","potentialAction":[{"@type":"ReadAction","target":["https:\/\/leite-europa.com\/it\/produit\/trattore-cl30-4\/"]}]},{"@type":"ImageObject","inLanguage":"it-IT","@id":"https:\/\/leite-europa.com\/it\/produit\/trattore-cl30-4\/#primaryimage","url":"https:\/\/leite-europa.com\/wp-content\/uploads\/2023\/08\/7-1.png","contentUrl":"https:\/\/leite-europa.com\/wp-content\/uploads\/2023\/08\/7-1.png","width":1080,"height":1080},{"@type":"BreadcrumbList","@id":"https:\/\/leite-europa.com\/it\/produit\/trattore-cl30-4\/#breadcrumb","itemListElement":[{"@type":"ListItem","position":1,"name":"Accueil","item":"https:\/\/leite-europa.com\/it\/casa\/"},{"@type":"ListItem","position":2,"name":"Negozio","item":"https:\/\/leite-europa.com\/fr\/boutique\/"},{"@type":"ListItem","position":3,"name":"Trattore CL30-4"}]},{"@type":"WebSite","@id":"https:\/\/leite-europa.com\/it\/#website","url":"https:\/\/leite-europa.com\/it\/","name":"Leite Europe","description":"","publisher":{"@id":"https:\/\/leite-europa.com\/it\/#organization"},"potentialAction":[{"@type":"SearchAction","target":{"@type":"EntryPoint","urlTemplate":"https:\/\/leite-europa.com\/it\/?s={search_term_string}"},"query-input":{"@type":"PropertyValueSpecification","valueRequired":true,"valueName":"search_term_string"}}],"inLanguage":"it-IT"},{"@type":"Organization","@id":"https:\/\/leite-europa.com\/it\/#organization","name":"Leite Europe","url":"https:\/\/leite-europa.com\/it\/","logo":{"@type":"ImageObject","inLanguage":"it-IT","@id":"https:\/\/leite-europa.com\/it\/#\/schema\/logo\/image\/","url":"https:\/\/leite-europa.com\/wp-content\/uploads\/2022\/12\/LOGO-LEITE.png","contentUrl":"https:\/\/leite-europa.com\/wp-content\/uploads\/2022\/12\/LOGO-LEITE.png","width":1024,"height":512,"caption":"Leite Europe"},"image":{"@id":"https:\/\/leite-europa.com\/it\/#\/schema\/logo\/image\/"},"sameAs":["https:\/\/www.facebook.com\/profile.php?id=100089192656837","https:\/\/www.instagram.com\/leite_france_minipelle\/","https:\/\/www.linkedin.com\/company\/leite-france\/"]}]}},"_links":{"self":[{"href":"https:\/\/leite-europa.com\/it\/wp-json\/wp\/v2\/product\/8178","targetHints":{"allow":["GET"]}}],"collection":[{"href":"https:\/\/leite-europa.com\/it\/wp-json\/wp\/v2\/product"}],"about":[{"href":"https:\/\/leite-europa.com\/it\/wp-json\/wp\/v2\/types\/product"}],"wp:featuredmedia":[{"embeddable":true,"href":"https:\/\/leite-europa.com\/it\/wp-json\/wp\/v2\/media\/7769"}],"wp:attachment":[{"href":"https:\/\/leite-europa.com\/it\/wp-json\/wp\/v2\/media?parent=8178"}],"wp:term":[{"taxonomy":"product_brand","embeddable":true,"href":"https:\/\/leite-europa.com\/it\/wp-json\/wp\/v2\/product_brand?post=8178"},{"taxonomy":"product_cat","embeddable":true,"href":"https:\/\/leite-europa.com\/it\/wp-json\/wp\/v2\/product_cat?post=8178"},{"taxonomy":"product_tag","embeddable":true,"href":"https:\/\/leite-europa.com\/it\/wp-json\/wp\/v2\/product_tag?post=8178"}],"curies":[{"name":"wp","href":"https:\/\/api.w.org\/{rel}","templated":true}]}}