{"id":8200,"date":"2023-11-07T10:13:37","date_gmt":"2023-11-07T09:13:37","guid":{"rendered":"https:\/\/leite-europa.com\/produit\/secchio-4-in-1\/"},"modified":"2024-07-29T10:02:34","modified_gmt":"2024-07-29T08:02:34","slug":"secchio-4-in-1","status":"publish","type":"product","link":"https:\/\/leite-europa.com\/it\/produit\/secchio-4-in-1\/","title":{"rendered":"Secchio 4 in 1"},"content":{"rendered":"<p>[et_pb_section fb_built=&#8221;1&#8243; _builder_version=&#8221;4.19.2&#8243; _module_preset=&#8221;default&#8221; background_color=&#8221;#FFFFFF&#8221; custom_padding=&#8221;||4px|||&#8221; global_colors_info=&#8221;{}&#8221;][et_pb_row column_structure=&#8221;1_2,1_2&#8243; _builder_version=&#8221;4.19.4&#8243; _module_preset=&#8221;default&#8221; global_colors_info=&#8221;{}&#8221;][et_pb_column type=&#8221;1_2&#8243; _builder_version=&#8221;4.19.2&#8243; _module_preset=&#8221;default&#8221; global_colors_info=&#8221;{}&#8221;][et_pb_gallery gallery_ids=&#8221;1317,1318,1320,1322&#8243; fullwidth=&#8221;on&#8221; _builder_version=&#8221;4.19.4&#8243; _module_preset=&#8221;default&#8221; global_colors_info=&#8221;{}&#8221;][\/et_pb_gallery][\/et_pb_column][et_pb_column type=&#8221;1_2&#8243; _builder_version=&#8221;4.19.2&#8243; _module_preset=&#8221;default&#8221; global_colors_info=&#8221;{}&#8221;][et_pb_text _builder_version=&#8221;4.19.4&#8243; _module_preset=&#8221;default&#8221; text_line_height=&#8221;2em&#8221; global_colors_info=&#8221;{}&#8221;]<\/p>\n<h2><span style=\"color: #ff6600;\">&#8220;Una soluzione per piantare e attingere acqua&#8221;.<\/span><\/h2>\n<p>[\/et_pb_text][et_pb_text _builder_version=&#8221;4.19.4&#8243; _module_preset=&#8221;default&#8221; global_colors_info=&#8221;{}&#8221;]<\/p>\n<p><span style=\"color: #000000;\">La benna 4-in-1 per la minipala Leite France LTH380 \u00e8 un&#8217;attrezzatura versatile ed efficiente per tutti i lavori di costruzione, movimento terra e demolizione. Progettata per adattarsi perfettamente alla vostra minipala LTH380, questa benna vi consentir\u00e0 di svolgere una moltitudine di compiti con una sola macchina.<\/span><\/p>\n<p><span style=\"color: #000000;\">La benna 4-in-1 \u00e8 dotata di una lama anteriore, due potenti cilindri idraulici, un sistema di bloccaggio rapido e una capacit\u00e0 di carico ottimale. Grazie alla funzione di pinza idraulica, \u00e8 possibile afferrare materiali come rocce, rami, alberi e detriti. La benna pu\u00f2 essere utilizzata anche come benna standard, pinza, pinza per legname o lama di livellamento.<\/span><\/p>\n<p><span style=\"color: #000000;\">La struttura in acciaio ad alta resistenza della benna 4-in-1 garantisce un&#8217;elevata durata e resistenza agli urti e all&#8217;usura. Taglienti rinforzati per una maggiore durata e resistenza agli urti.<\/span><\/p>\n<p><span style=\"color: #000000;\">La benna 4-in-1 \u00e8 facile da usare grazie al sistema di controllo idraulico integrato. Il comando consente di selezionare rapidamente la funzione necessaria per il compito da svolgere, in modo da lavorare in modo pi\u00f9 rapido ed efficiente.<\/span><\/p>\n<p><span style=\"color: #000000;\">La benna 4-in-1 per la minipala Leite France LTH380 \u00e8 un&#8217;attrezzatura versatile che vi consentir\u00e0 di svolgere una moltitudine di compiti con una sola macchina. La struttura in acciaio ad alta resistenza, il sistema di controllo idraulico e la capacit\u00e0 di carico ottimale ne fanno lo strumento ideale per tutti i lavori di movimento terra, costruzione e demolizione.<\/span><\/p>\n<p>[\/et_pb_text][et_pb_text _builder_version=&#8221;4.19.4&#8243; _module_preset=&#8221;default&#8221; text_text_color=&#8221;#484F54&#8243; global_colors_info=&#8221;{}&#8221;][\/et_pb_text][\/et_pb_column][\/et_pb_row][\/et_pb_section][et_pb_section fb_built=&#8221;1&#8243; _builder_version=&#8221;4.19.4&#8243; _module_preset=&#8221;default&#8221; background_color=&#8221;RGBA(255,255,255,0)&#8221; custom_padding=&#8221;2px||4px|||&#8221; global_colors_info=&#8221;{}&#8221;][et_pb_row _builder_version=&#8221;4.19.4&#8243; _module_preset=&#8221;default&#8221; animation_direction=&#8221;bottom&#8221; global_colors_info=&#8221;{}&#8221;][et_pb_column type=&#8221;4_4&#8243; _builder_version=&#8221;4.19.4&#8243; _module_preset=&#8221;default&#8221; global_colors_info=&#8221;{}&#8221;][et_pb_gallery gallery_ids=&#8221;1318&#8243; fullwidth=&#8221;on&#8221; _builder_version=&#8221;4.19.4&#8243; _module_preset=&#8221;default&#8221; background_color=&#8221;RGBA(255,255,255,0)&#8221; auto=&#8221;on&#8221; auto_speed=&#8221;3000&#8243; global_colors_info=&#8221;{}&#8221;][\/et_pb_gallery][\/et_pb_column][\/et_pb_row][\/et_pb_section]<\/p>\n","protected":false},"excerpt":{"rendered":"<p>&#8220;Una soluzione per piantare e attingere acqua&#8221;.La benna 4-in-1 per la minipala Leite France LTH380 \u00e8 un&#8217;attrezzatura versatile ed efficiente per tutti i lavori di costruzione, movimento terra e demolizione. Progettata per adattarsi perfettamente alla vostra minipala LTH380, questa benna vi consentir\u00e0 di svolgere una moltitudine di compiti con una sola macchina. La benna 4-in-1 [&hellip;]<\/p>\n","protected":false},"featured_media":3986,"template":"","meta":{"_et_pb_use_builder":"on","_et_pb_old_content":"","_et_gb_content_width":""},"product_brand":[],"product_cat":[306,197,310],"product_tag":[],"class_list":{"0":"post-8200","1":"product","2":"type-product","3":"status-publish","4":"has-post-thumbnail","6":"product_cat-accessori-mini-caricatore-lth380","7":"product_cat-accessori-per-mini-caricabatterie","8":"product_cat-accessori-per-mini-caricatore-lth280","10":"first","11":"instock","12":"taxable","13":"shipping-taxable","14":"purchasable","15":"product-type-simple"},"yoast_head":"<!-- This site is optimized with the Yoast SEO plugin v27.3 - https:\/\/yoast.com\/product\/yoast-seo-wordpress\/ -->\n<title>Secchio 4 in 1 - Leite Europe<\/title>\n<meta name=\"description\" content=\"La nostra benna 4-in-1 \u00e8 l&#039;accessorio perfetto per la vostra minipala LEITE FRANCE LTH380. Versatile e facile da usare, semplifica i lavori di sbancamento.\" \/>\n<meta name=\"robots\" content=\"index, follow, max-snippet:-1, max-image-preview:large, max-video-preview:-1\" \/>\n<link rel=\"canonical\" href=\"https:\/\/leite-europa.com\/it\/produit\/secchio-4-in-1\/\" \/>\n<meta property=\"og:locale\" content=\"it_IT\" \/>\n<meta property=\"og:type\" content=\"article\" \/>\n<meta property=\"og:title\" content=\"Secchio 4 in 1 - Leite Europe\" \/>\n<meta property=\"og:description\" content=\"La nostra benna 4-in-1 \u00e8 l&#039;accessorio perfetto per la vostra minipala LEITE FRANCE LTH380. Versatile e facile da usare, semplifica i lavori di sbancamento.\" \/>\n<meta property=\"og:url\" content=\"https:\/\/leite-europa.com\/it\/produit\/secchio-4-in-1\/\" \/>\n<meta property=\"og:site_name\" content=\"Leite Europe\" \/>\n<meta property=\"article:publisher\" content=\"https:\/\/www.facebook.com\/profile.php?id=100089192656837\" \/>\n<meta property=\"article:modified_time\" content=\"2024-07-29T08:02:34+00:00\" \/>\n<meta property=\"og:image\" content=\"https:\/\/leite-europa.com\/wp-content\/uploads\/2023\/03\/IMG_2019.jpeg\" \/>\n\t<meta property=\"og:image:width\" content=\"1440\" \/>\n\t<meta property=\"og:image:height\" content=\"1920\" \/>\n\t<meta property=\"og:image:type\" content=\"image\/jpeg\" \/>\n<meta name=\"twitter:card\" content=\"summary_large_image\" \/>\n<meta name=\"twitter:label1\" content=\"Tempo di lettura stimato\" \/>\n\t<meta name=\"twitter:data1\" content=\"2 minuti\" \/>\n<script type=\"application\/ld+json\" class=\"yoast-schema-graph\">{\"@context\":\"https:\\\/\\\/schema.org\",\"@graph\":[{\"@type\":\"WebPage\",\"@id\":\"https:\\\/\\\/leite-europa.com\\\/it\\\/produit\\\/secchio-4-in-1\\\/\",\"url\":\"https:\\\/\\\/leite-europa.com\\\/it\\\/produit\\\/secchio-4-in-1\\\/\",\"name\":\"Secchio 4 in 1 - Leite Europe\",\"isPartOf\":{\"@id\":\"https:\\\/\\\/leite-europa.com\\\/it\\\/#website\"},\"primaryImageOfPage\":{\"@id\":\"https:\\\/\\\/leite-europa.com\\\/it\\\/produit\\\/secchio-4-in-1\\\/#primaryimage\"},\"image\":{\"@id\":\"https:\\\/\\\/leite-europa.com\\\/it\\\/produit\\\/secchio-4-in-1\\\/#primaryimage\"},\"thumbnailUrl\":\"https:\\\/\\\/leite-europa.com\\\/wp-content\\\/uploads\\\/2023\\\/03\\\/IMG_2019.jpeg\",\"datePublished\":\"2023-11-07T09:13:37+00:00\",\"dateModified\":\"2024-07-29T08:02:34+00:00\",\"description\":\"La nostra benna 4-in-1 \u00e8 l'accessorio perfetto per la vostra minipala LEITE FRANCE LTH380. Versatile e facile da usare, semplifica i lavori di sbancamento.\",\"breadcrumb\":{\"@id\":\"https:\\\/\\\/leite-europa.com\\\/it\\\/produit\\\/secchio-4-in-1\\\/#breadcrumb\"},\"inLanguage\":\"it-IT\",\"potentialAction\":[{\"@type\":\"ReadAction\",\"target\":[\"https:\\\/\\\/leite-europa.com\\\/it\\\/produit\\\/secchio-4-in-1\\\/\"]}]},{\"@type\":\"ImageObject\",\"inLanguage\":\"it-IT\",\"@id\":\"https:\\\/\\\/leite-europa.com\\\/it\\\/produit\\\/secchio-4-in-1\\\/#primaryimage\",\"url\":\"https:\\\/\\\/leite-europa.com\\\/wp-content\\\/uploads\\\/2023\\\/03\\\/IMG_2019.jpeg\",\"contentUrl\":\"https:\\\/\\\/leite-europa.com\\\/wp-content\\\/uploads\\\/2023\\\/03\\\/IMG_2019.jpeg\",\"width\":1440,\"height\":1920,\"caption\":\"Benna per minipala 4 in 1 LEITE FRANCE LTH380\"},{\"@type\":\"BreadcrumbList\",\"@id\":\"https:\\\/\\\/leite-europa.com\\\/it\\\/produit\\\/secchio-4-in-1\\\/#breadcrumb\",\"itemListElement\":[{\"@type\":\"ListItem\",\"position\":1,\"name\":\"Accueil\",\"item\":\"https:\\\/\\\/leite-europa.com\\\/it\\\/casa\\\/\"},{\"@type\":\"ListItem\",\"position\":2,\"name\":\"Negozio\",\"item\":\"https:\\\/\\\/leite-europa.com\\\/fr\\\/boutique\\\/\"},{\"@type\":\"ListItem\",\"position\":3,\"name\":\"Secchio 4 in 1\"}]},{\"@type\":\"WebSite\",\"@id\":\"https:\\\/\\\/leite-europa.com\\\/it\\\/#website\",\"url\":\"https:\\\/\\\/leite-europa.com\\\/it\\\/\",\"name\":\"Leite Europe\",\"description\":\"\",\"publisher\":{\"@id\":\"https:\\\/\\\/leite-europa.com\\\/it\\\/#organization\"},\"potentialAction\":[{\"@type\":\"SearchAction\",\"target\":{\"@type\":\"EntryPoint\",\"urlTemplate\":\"https:\\\/\\\/leite-europa.com\\\/it\\\/?s={search_term_string}\"},\"query-input\":{\"@type\":\"PropertyValueSpecification\",\"valueRequired\":true,\"valueName\":\"search_term_string\"}}],\"inLanguage\":\"it-IT\"},{\"@type\":\"Organization\",\"@id\":\"https:\\\/\\\/leite-europa.com\\\/it\\\/#organization\",\"name\":\"Leite Europe\",\"url\":\"https:\\\/\\\/leite-europa.com\\\/it\\\/\",\"logo\":{\"@type\":\"ImageObject\",\"inLanguage\":\"it-IT\",\"@id\":\"https:\\\/\\\/leite-europa.com\\\/it\\\/#\\\/schema\\\/logo\\\/image\\\/\",\"url\":\"https:\\\/\\\/leite-europa.com\\\/wp-content\\\/uploads\\\/2022\\\/12\\\/LOGO-LEITE.png\",\"contentUrl\":\"https:\\\/\\\/leite-europa.com\\\/wp-content\\\/uploads\\\/2022\\\/12\\\/LOGO-LEITE.png\",\"width\":1024,\"height\":512,\"caption\":\"Leite Europe\"},\"image\":{\"@id\":\"https:\\\/\\\/leite-europa.com\\\/it\\\/#\\\/schema\\\/logo\\\/image\\\/\"},\"sameAs\":[\"https:\\\/\\\/www.facebook.com\\\/profile.php?id=100089192656837\",\"https:\\\/\\\/www.instagram.com\\\/leite_france_minipelle\\\/\",\"https:\\\/\\\/www.linkedin.com\\\/company\\\/leite-france\\\/\"]}]}<\/script>\n<!-- \/ Yoast SEO plugin. -->","yoast_head_json":{"title":"Secchio 4 in 1 - Leite Europe","description":"La nostra benna 4-in-1 \u00e8 l'accessorio perfetto per la vostra minipala LEITE FRANCE LTH380. Versatile e facile da usare, semplifica i lavori di sbancamento.","robots":{"index":"index","follow":"follow","max-snippet":"max-snippet:-1","max-image-preview":"max-image-preview:large","max-video-preview":"max-video-preview:-1"},"canonical":"https:\/\/leite-europa.com\/it\/produit\/secchio-4-in-1\/","og_locale":"it_IT","og_type":"article","og_title":"Secchio 4 in 1 - Leite Europe","og_description":"La nostra benna 4-in-1 \u00e8 l'accessorio perfetto per la vostra minipala LEITE FRANCE LTH380. Versatile e facile da usare, semplifica i lavori di sbancamento.","og_url":"https:\/\/leite-europa.com\/it\/produit\/secchio-4-in-1\/","og_site_name":"Leite Europe","article_publisher":"https:\/\/www.facebook.com\/profile.php?id=100089192656837","article_modified_time":"2024-07-29T08:02:34+00:00","og_image":[{"width":1440,"height":1920,"url":"https:\/\/leite-europa.com\/wp-content\/uploads\/2023\/03\/IMG_2019.jpeg","type":"image\/jpeg"}],"twitter_card":"summary_large_image","twitter_misc":{"Tempo di lettura stimato":"2 minuti"},"schema":{"@context":"https:\/\/schema.org","@graph":[{"@type":"WebPage","@id":"https:\/\/leite-europa.com\/it\/produit\/secchio-4-in-1\/","url":"https:\/\/leite-europa.com\/it\/produit\/secchio-4-in-1\/","name":"Secchio 4 in 1 - Leite Europe","isPartOf":{"@id":"https:\/\/leite-europa.com\/it\/#website"},"primaryImageOfPage":{"@id":"https:\/\/leite-europa.com\/it\/produit\/secchio-4-in-1\/#primaryimage"},"image":{"@id":"https:\/\/leite-europa.com\/it\/produit\/secchio-4-in-1\/#primaryimage"},"thumbnailUrl":"https:\/\/leite-europa.com\/wp-content\/uploads\/2023\/03\/IMG_2019.jpeg","datePublished":"2023-11-07T09:13:37+00:00","dateModified":"2024-07-29T08:02:34+00:00","description":"La nostra benna 4-in-1 \u00e8 l'accessorio perfetto per la vostra minipala LEITE FRANCE LTH380. Versatile e facile da usare, semplifica i lavori di sbancamento.","breadcrumb":{"@id":"https:\/\/leite-europa.com\/it\/produit\/secchio-4-in-1\/#breadcrumb"},"inLanguage":"it-IT","potentialAction":[{"@type":"ReadAction","target":["https:\/\/leite-europa.com\/it\/produit\/secchio-4-in-1\/"]}]},{"@type":"ImageObject","inLanguage":"it-IT","@id":"https:\/\/leite-europa.com\/it\/produit\/secchio-4-in-1\/#primaryimage","url":"https:\/\/leite-europa.com\/wp-content\/uploads\/2023\/03\/IMG_2019.jpeg","contentUrl":"https:\/\/leite-europa.com\/wp-content\/uploads\/2023\/03\/IMG_2019.jpeg","width":1440,"height":1920,"caption":"Benna per minipala 4 in 1 LEITE FRANCE LTH380"},{"@type":"BreadcrumbList","@id":"https:\/\/leite-europa.com\/it\/produit\/secchio-4-in-1\/#breadcrumb","itemListElement":[{"@type":"ListItem","position":1,"name":"Accueil","item":"https:\/\/leite-europa.com\/it\/casa\/"},{"@type":"ListItem","position":2,"name":"Negozio","item":"https:\/\/leite-europa.com\/fr\/boutique\/"},{"@type":"ListItem","position":3,"name":"Secchio 4 in 1"}]},{"@type":"WebSite","@id":"https:\/\/leite-europa.com\/it\/#website","url":"https:\/\/leite-europa.com\/it\/","name":"Leite Europe","description":"","publisher":{"@id":"https:\/\/leite-europa.com\/it\/#organization"},"potentialAction":[{"@type":"SearchAction","target":{"@type":"EntryPoint","urlTemplate":"https:\/\/leite-europa.com\/it\/?s={search_term_string}"},"query-input":{"@type":"PropertyValueSpecification","valueRequired":true,"valueName":"search_term_string"}}],"inLanguage":"it-IT"},{"@type":"Organization","@id":"https:\/\/leite-europa.com\/it\/#organization","name":"Leite Europe","url":"https:\/\/leite-europa.com\/it\/","logo":{"@type":"ImageObject","inLanguage":"it-IT","@id":"https:\/\/leite-europa.com\/it\/#\/schema\/logo\/image\/","url":"https:\/\/leite-europa.com\/wp-content\/uploads\/2022\/12\/LOGO-LEITE.png","contentUrl":"https:\/\/leite-europa.com\/wp-content\/uploads\/2022\/12\/LOGO-LEITE.png","width":1024,"height":512,"caption":"Leite Europe"},"image":{"@id":"https:\/\/leite-europa.com\/it\/#\/schema\/logo\/image\/"},"sameAs":["https:\/\/www.facebook.com\/profile.php?id=100089192656837","https:\/\/www.instagram.com\/leite_france_minipelle\/","https:\/\/www.linkedin.com\/company\/leite-france\/"]}]}},"_links":{"self":[{"href":"https:\/\/leite-europa.com\/it\/wp-json\/wp\/v2\/product\/8200","targetHints":{"allow":["GET"]}}],"collection":[{"href":"https:\/\/leite-europa.com\/it\/wp-json\/wp\/v2\/product"}],"about":[{"href":"https:\/\/leite-europa.com\/it\/wp-json\/wp\/v2\/types\/product"}],"wp:featuredmedia":[{"embeddable":true,"href":"https:\/\/leite-europa.com\/it\/wp-json\/wp\/v2\/media\/3986"}],"wp:attachment":[{"href":"https:\/\/leite-europa.com\/it\/wp-json\/wp\/v2\/media?parent=8200"}],"wp:term":[{"taxonomy":"product_brand","embeddable":true,"href":"https:\/\/leite-europa.com\/it\/wp-json\/wp\/v2\/product_brand?post=8200"},{"taxonomy":"product_cat","embeddable":true,"href":"https:\/\/leite-europa.com\/it\/wp-json\/wp\/v2\/product_cat?post=8200"},{"taxonomy":"product_tag","embeddable":true,"href":"https:\/\/leite-europa.com\/it\/wp-json\/wp\/v2\/product_tag?post=8200"}],"curies":[{"name":"wp","href":"https:\/\/api.w.org\/{rel}","templated":true}]}}