{"id":8202,"date":"2023-11-07T11:35:30","date_gmt":"2023-11-07T10:35:30","guid":{"rendered":"https:\/\/leite-europa.com\/produit\/smerigliatrice-di-ceppi-smerigliatrice-di-ceppi\/"},"modified":"2024-04-16T11:29:16","modified_gmt":"2024-04-16T09:29:16","slug":"trituratore-essiccatore","status":"publish","type":"product","link":"https:\/\/leite-europa.com\/it\/produit\/trituratore-essiccatore\/","title":{"rendered":"Smerigliatrice di ceppi"},"content":{"rendered":"<p>[et_pb_section fb_built=&#8221;1&#8243; _builder_version=&#8221;4.19.2&#8243; _module_preset=&#8221;default&#8221; background_color=&#8221;#FFFFFF&#8221; custom_padding=&#8221;||4px|||&#8221; global_colors_info=&#8221;{}&#8221; theme_builder_area=&#8221;post_content&#8221;][et_pb_row column_structure=&#8221;1_2,1_2&#8243; _builder_version=&#8221;4.19.2&#8243; _module_preset=&#8221;default&#8221; global_colors_info=&#8221;{}&#8221; theme_builder_area=&#8221;post_content&#8221;][et_pb_column type=&#8221;1_2&#8243; _builder_version=&#8221;4.19.2&#8243; _module_preset=&#8221;default&#8221; global_colors_info=&#8221;{}&#8221; theme_builder_area=&#8221;post_content&#8221;][et_pb_gallery gallery_ids=&#8221;1989&#8243; fullwidth=&#8221;on&#8221; _builder_version=&#8221;4.20.4&#8243; _module_preset=&#8221;default&#8221; hover_enabled=&#8221;0&#8243; global_colors_info=&#8221;{}&#8221; theme_builder_area=&#8221;post_content&#8221; sticky_enabled=&#8221;0&#8243;][\/et_pb_gallery][\/et_pb_column][et_pb_column type=&#8221;1_2&#8243; _builder_version=&#8221;4.19.2&#8243; _module_preset=&#8221;default&#8221; global_colors_info=&#8221;{}&#8221; theme_builder_area=&#8221;post_content&#8221;][et_pb_text _builder_version=&#8221;4.20.4&#8243; _module_preset=&#8221;default&#8221; text_line_height=&#8221;2em&#8221; header_2_text_color=&#8221;#E75F0D&#8221; global_colors_info=&#8221;{}&#8221; theme_builder_area=&#8221;post_content&#8221;]<\/p>\n<h2>&#8220;Rivoluzionate il vostro lavoro all&#8217;aperto con la sminuzzatrice di ceppi Leite per il caricatore LTH380 Mini&#8221;.<\/h2>\n<p>[\/et_pb_text][et_pb_text _builder_version=&#8221;4.20.4&#8243; _module_preset=&#8221;default&#8221; text_orientation=&#8221;justified&#8221; global_colors_info=&#8221;{}&#8221; theme_builder_area=&#8221;post_content&#8221;]<\/p>\n<p>Riprendete il controllo del vostro spazio esterno e dite addio ai vecchi ceppi indesiderati! Leite France \u00e8 orgogliosa di presentare la nostra sminuzzatrice di ceppi, appositamente progettata per essere utilizzata con il caricatore LTH380 Mini. Questo strumento potente ed efficace liberer\u00e0 il vostro terreno da questi fastidiosi ostacoli in pochissimo tempo.<\/p>\n<p>[\/et_pb_text][\/et_pb_column][\/et_pb_row][et_pb_row _builder_version=&#8221;4.20.4&#8243; _module_preset=&#8221;default&#8221; global_colors_info=&#8221;{}&#8221; theme_builder_area=&#8221;post_content&#8221;][et_pb_column type=&#8221;4_4&#8243; _builder_version=&#8221;4.20.4&#8243; _module_preset=&#8221;default&#8221; global_colors_info=&#8221;{}&#8221; theme_builder_area=&#8221;post_content&#8221;][et_pb_text _builder_version=&#8221;4.20.4&#8243; _module_preset=&#8221;default&#8221; global_colors_info=&#8221;{}&#8221; theme_builder_area=&#8221;post_content&#8221;]<\/p>\n<p><strong>L&#8217;utensile ideale per i lavori di precisione<\/strong><\/p>\n<p>La sminuzzatrice di ceppi Leite \u00e8 la vostra arma segreta per mantenere il vostro terreno pulito e sicuro. Dotata di lame robuste e di un motore potente, \u00e8 in grado di sminuzzare senza fatica tutti i tipi di ceppi, indipendentemente dalle dimensioni e dall&#8217;et\u00e0. La precisione e la potenza combinate della nostra sminuzzatrice di ceppi consentono di portare a termine il lavoro in modo rapido e senza sforzo.<\/p>\n<p><strong>Installazione semplice e funzionamento intuitivo<\/strong><\/p>\n<p>Perfettamente abbinata al caricatore LTH380 Mini, la nostra sminuzzatrice di ceppi \u00e8 facile da installare e da usare. Il design intuitivo e la facilit\u00e0 di controllo consentono di ottenere il massimo anche nelle situazioni pi\u00f9 complesse.<\/p>\n<p><strong>Sicurezza e durata garantite<\/strong><\/p>\n<p>Sicurezza e durata sono al centro di tutti i prodotti Leite France. Ecco perch\u00e9 la nostra sminuzzatrice di ceppi \u00e8 stata progettata per resistere alle condizioni pi\u00f9 difficili, garantendo al contempo la sicurezza dell&#8217;operatore. La sua robustezza e affidabilit\u00e0 ne fanno un investimento duraturo per tutti i vostri lavori all&#8217;aperto.<\/p>\n<p><strong>Versatilit\u00e0 senza pari<\/strong><\/p>\n<p>Che siate paesaggisti, imprenditori edili, agricoltori o proprietari di una grande propriet\u00e0, la nostra sminuzzatrice di ceppi \u00e8 lo strumento ideale per mantenere il vostro terreno pulito e sicuro. \u00c8 efficace su tutti i tipi di terreno e per tutte le dimensioni dei ceppi.<\/p>\n<p><strong>Un saggio investimento per un lavoro efficiente<\/strong><\/p>\n<p>La sminuzzatrice Leite LTH380 Mini Charger \u00e8 pi\u00f9 di un semplice strumento, \u00e8 un investimento per l&#8217;efficienza del vostro lavoro. Grazie ad essa, potrete rendere il vostro spazio esterno pi\u00f9 sicuro e accogliente, aumentare il valore della vostra propriet\u00e0 e risparmiare tempo ed energia.<\/p>\n<p>Contattateci subito per saperne di pi\u00f9 su questa incredibile macchina. Il team di Leite France \u00e8 pronto ad aiutarvi a ottenere il massimo dal vostro caricatore LTH380 Mini con la nostra sminuzzatrice di ceppi.<\/p>\n<p>[\/et_pb_text][\/et_pb_column][\/et_pb_row][\/et_pb_section]<\/p>\n","protected":false},"excerpt":{"rendered":"<p>&#8220;Rivoluzionate il vostro lavoro all&#8217;aperto con la sminuzzatrice di ceppi Leite per il caricatore LTH380 Mini&#8221;.Riprendete il controllo del vostro spazio esterno e dite addio ai vecchi ceppi indesiderati! Leite France \u00e8 orgogliosa di presentare la nostra sminuzzatrice di ceppi, appositamente progettata per essere utilizzata con il caricatore LTH380 Mini. Questo strumento potente ed efficace [&hellip;]<\/p>\n","protected":false},"featured_media":4222,"template":"","meta":{"_et_pb_use_builder":"on","_et_pb_old_content":"","_et_gb_content_width":""},"product_brand":[],"product_cat":[306,197],"product_tag":[],"class_list":{"0":"post-8202","1":"product","2":"type-product","3":"status-publish","4":"has-post-thumbnail","6":"product_cat-accessori-mini-caricatore-lth380","7":"product_cat-accessori-per-mini-caricabatterie","9":"first","10":"instock","11":"taxable","12":"shipping-taxable","13":"purchasable","14":"product-type-simple"},"yoast_head":"<!-- This site is optimized with the Yoast SEO plugin v27.4 - https:\/\/yoast.com\/product\/yoast-seo-wordpress\/ -->\n<title>Smerigliatrice di ceppi - Leite Europe<\/title>\n<meta name=\"description\" content=\"Rivoluzionate il vostro lavoro all&#039;aperto con la sminuzzatrice di ceppi Leite per Mini Charger LTH380.\" \/>\n<meta name=\"robots\" content=\"index, follow, max-snippet:-1, max-image-preview:large, max-video-preview:-1\" \/>\n<link rel=\"canonical\" href=\"https:\/\/leite-europa.com\/it\/produit\/trituratore-essiccatore\/\" \/>\n<meta property=\"og:locale\" content=\"it_IT\" \/>\n<meta property=\"og:type\" content=\"article\" \/>\n<meta property=\"og:title\" content=\"Smerigliatrice di ceppi - Leite Europe\" \/>\n<meta property=\"og:description\" content=\"Rivoluzionate il vostro lavoro all&#039;aperto con la sminuzzatrice di ceppi Leite per Mini Charger LTH380.\" \/>\n<meta property=\"og:url\" content=\"https:\/\/leite-europa.com\/it\/produit\/trituratore-essiccatore\/\" \/>\n<meta property=\"og:site_name\" content=\"Leite Europe\" \/>\n<meta property=\"article:publisher\" content=\"https:\/\/www.facebook.com\/profile.php?id=100089192656837\" \/>\n<meta property=\"article:modified_time\" content=\"2024-04-16T09:29:16+00:00\" \/>\n<meta property=\"og:image\" content=\"https:\/\/leite-europa.com\/wp-content\/uploads\/2023\/07\/broyeur-de-souche.jpg\" \/>\n\t<meta property=\"og:image:width\" content=\"383\" \/>\n\t<meta property=\"og:image:height\" content=\"319\" \/>\n\t<meta property=\"og:image:type\" content=\"image\/jpeg\" \/>\n<meta name=\"twitter:card\" content=\"summary_large_image\" \/>\n<meta name=\"twitter:label1\" content=\"Tempo di lettura stimato\" \/>\n\t<meta name=\"twitter:data1\" content=\"3 minuti\" \/>\n<script type=\"application\/ld+json\" class=\"yoast-schema-graph\">{\"@context\":\"https:\\\/\\\/schema.org\",\"@graph\":[{\"@type\":\"WebPage\",\"@id\":\"https:\\\/\\\/leite-europa.com\\\/it\\\/produit\\\/trituratore-essiccatore\\\/\",\"url\":\"https:\\\/\\\/leite-europa.com\\\/it\\\/produit\\\/trituratore-essiccatore\\\/\",\"name\":\"Smerigliatrice di ceppi - Leite Europe\",\"isPartOf\":{\"@id\":\"https:\\\/\\\/leite-europa.com\\\/it\\\/#website\"},\"primaryImageOfPage\":{\"@id\":\"https:\\\/\\\/leite-europa.com\\\/it\\\/produit\\\/trituratore-essiccatore\\\/#primaryimage\"},\"image\":{\"@id\":\"https:\\\/\\\/leite-europa.com\\\/it\\\/produit\\\/trituratore-essiccatore\\\/#primaryimage\"},\"thumbnailUrl\":\"https:\\\/\\\/leite-europa.com\\\/wp-content\\\/uploads\\\/2023\\\/07\\\/broyeur-de-souche.jpg\",\"datePublished\":\"2023-11-07T10:35:30+00:00\",\"dateModified\":\"2024-04-16T09:29:16+00:00\",\"description\":\"Rivoluzionate il vostro lavoro all'aperto con la sminuzzatrice di ceppi Leite per Mini Charger LTH380.\",\"breadcrumb\":{\"@id\":\"https:\\\/\\\/leite-europa.com\\\/it\\\/produit\\\/trituratore-essiccatore\\\/#breadcrumb\"},\"inLanguage\":\"it-IT\",\"potentialAction\":[{\"@type\":\"ReadAction\",\"target\":[\"https:\\\/\\\/leite-europa.com\\\/it\\\/produit\\\/trituratore-essiccatore\\\/\"]}]},{\"@type\":\"ImageObject\",\"inLanguage\":\"it-IT\",\"@id\":\"https:\\\/\\\/leite-europa.com\\\/it\\\/produit\\\/trituratore-essiccatore\\\/#primaryimage\",\"url\":\"https:\\\/\\\/leite-europa.com\\\/wp-content\\\/uploads\\\/2023\\\/07\\\/broyeur-de-souche.jpg\",\"contentUrl\":\"https:\\\/\\\/leite-europa.com\\\/wp-content\\\/uploads\\\/2023\\\/07\\\/broyeur-de-souche.jpg\",\"width\":383,\"height\":319,\"caption\":\"Smerigliatrice di ceppi\"},{\"@type\":\"BreadcrumbList\",\"@id\":\"https:\\\/\\\/leite-europa.com\\\/it\\\/produit\\\/trituratore-essiccatore\\\/#breadcrumb\",\"itemListElement\":[{\"@type\":\"ListItem\",\"position\":1,\"name\":\"Accueil\",\"item\":\"https:\\\/\\\/leite-europa.com\\\/it\\\/casa\\\/\"},{\"@type\":\"ListItem\",\"position\":2,\"name\":\"Negozio\",\"item\":\"https:\\\/\\\/leite-europa.com\\\/fr\\\/boutique\\\/\"},{\"@type\":\"ListItem\",\"position\":3,\"name\":\"Smerigliatrice di ceppi\"}]},{\"@type\":\"WebSite\",\"@id\":\"https:\\\/\\\/leite-europa.com\\\/it\\\/#website\",\"url\":\"https:\\\/\\\/leite-europa.com\\\/it\\\/\",\"name\":\"Leite Europe\",\"description\":\"\",\"publisher\":{\"@id\":\"https:\\\/\\\/leite-europa.com\\\/it\\\/#organization\"},\"potentialAction\":[{\"@type\":\"SearchAction\",\"target\":{\"@type\":\"EntryPoint\",\"urlTemplate\":\"https:\\\/\\\/leite-europa.com\\\/it\\\/?s={search_term_string}\"},\"query-input\":{\"@type\":\"PropertyValueSpecification\",\"valueRequired\":true,\"valueName\":\"search_term_string\"}}],\"inLanguage\":\"it-IT\"},{\"@type\":\"Organization\",\"@id\":\"https:\\\/\\\/leite-europa.com\\\/it\\\/#organization\",\"name\":\"Leite Europe\",\"url\":\"https:\\\/\\\/leite-europa.com\\\/it\\\/\",\"logo\":{\"@type\":\"ImageObject\",\"inLanguage\":\"it-IT\",\"@id\":\"https:\\\/\\\/leite-europa.com\\\/it\\\/#\\\/schema\\\/logo\\\/image\\\/\",\"url\":\"https:\\\/\\\/leite-europa.com\\\/wp-content\\\/uploads\\\/2022\\\/12\\\/LOGO-LEITE.png\",\"contentUrl\":\"https:\\\/\\\/leite-europa.com\\\/wp-content\\\/uploads\\\/2022\\\/12\\\/LOGO-LEITE.png\",\"width\":1024,\"height\":512,\"caption\":\"Leite Europe\"},\"image\":{\"@id\":\"https:\\\/\\\/leite-europa.com\\\/it\\\/#\\\/schema\\\/logo\\\/image\\\/\"},\"sameAs\":[\"https:\\\/\\\/www.facebook.com\\\/profile.php?id=100089192656837\",\"https:\\\/\\\/www.instagram.com\\\/leite_france_minipelle\\\/\",\"https:\\\/\\\/www.linkedin.com\\\/company\\\/leite-france\\\/\"]}]}<\/script>\n<!-- \/ Yoast SEO plugin. -->","yoast_head_json":{"title":"Smerigliatrice di ceppi - Leite Europe","description":"Rivoluzionate il vostro lavoro all'aperto con la sminuzzatrice di ceppi Leite per Mini Charger LTH380.","robots":{"index":"index","follow":"follow","max-snippet":"max-snippet:-1","max-image-preview":"max-image-preview:large","max-video-preview":"max-video-preview:-1"},"canonical":"https:\/\/leite-europa.com\/it\/produit\/trituratore-essiccatore\/","og_locale":"it_IT","og_type":"article","og_title":"Smerigliatrice di ceppi - Leite Europe","og_description":"Rivoluzionate il vostro lavoro all'aperto con la sminuzzatrice di ceppi Leite per Mini Charger LTH380.","og_url":"https:\/\/leite-europa.com\/it\/produit\/trituratore-essiccatore\/","og_site_name":"Leite Europe","article_publisher":"https:\/\/www.facebook.com\/profile.php?id=100089192656837","article_modified_time":"2024-04-16T09:29:16+00:00","og_image":[{"width":383,"height":319,"url":"https:\/\/leite-europa.com\/wp-content\/uploads\/2023\/07\/broyeur-de-souche.jpg","type":"image\/jpeg"}],"twitter_card":"summary_large_image","twitter_misc":{"Tempo di lettura stimato":"3 minuti"},"schema":{"@context":"https:\/\/schema.org","@graph":[{"@type":"WebPage","@id":"https:\/\/leite-europa.com\/it\/produit\/trituratore-essiccatore\/","url":"https:\/\/leite-europa.com\/it\/produit\/trituratore-essiccatore\/","name":"Smerigliatrice di ceppi - Leite Europe","isPartOf":{"@id":"https:\/\/leite-europa.com\/it\/#website"},"primaryImageOfPage":{"@id":"https:\/\/leite-europa.com\/it\/produit\/trituratore-essiccatore\/#primaryimage"},"image":{"@id":"https:\/\/leite-europa.com\/it\/produit\/trituratore-essiccatore\/#primaryimage"},"thumbnailUrl":"https:\/\/leite-europa.com\/wp-content\/uploads\/2023\/07\/broyeur-de-souche.jpg","datePublished":"2023-11-07T10:35:30+00:00","dateModified":"2024-04-16T09:29:16+00:00","description":"Rivoluzionate il vostro lavoro all'aperto con la sminuzzatrice di ceppi Leite per Mini Charger LTH380.","breadcrumb":{"@id":"https:\/\/leite-europa.com\/it\/produit\/trituratore-essiccatore\/#breadcrumb"},"inLanguage":"it-IT","potentialAction":[{"@type":"ReadAction","target":["https:\/\/leite-europa.com\/it\/produit\/trituratore-essiccatore\/"]}]},{"@type":"ImageObject","inLanguage":"it-IT","@id":"https:\/\/leite-europa.com\/it\/produit\/trituratore-essiccatore\/#primaryimage","url":"https:\/\/leite-europa.com\/wp-content\/uploads\/2023\/07\/broyeur-de-souche.jpg","contentUrl":"https:\/\/leite-europa.com\/wp-content\/uploads\/2023\/07\/broyeur-de-souche.jpg","width":383,"height":319,"caption":"Smerigliatrice di ceppi"},{"@type":"BreadcrumbList","@id":"https:\/\/leite-europa.com\/it\/produit\/trituratore-essiccatore\/#breadcrumb","itemListElement":[{"@type":"ListItem","position":1,"name":"Accueil","item":"https:\/\/leite-europa.com\/it\/casa\/"},{"@type":"ListItem","position":2,"name":"Negozio","item":"https:\/\/leite-europa.com\/fr\/boutique\/"},{"@type":"ListItem","position":3,"name":"Smerigliatrice di ceppi"}]},{"@type":"WebSite","@id":"https:\/\/leite-europa.com\/it\/#website","url":"https:\/\/leite-europa.com\/it\/","name":"Leite Europe","description":"","publisher":{"@id":"https:\/\/leite-europa.com\/it\/#organization"},"potentialAction":[{"@type":"SearchAction","target":{"@type":"EntryPoint","urlTemplate":"https:\/\/leite-europa.com\/it\/?s={search_term_string}"},"query-input":{"@type":"PropertyValueSpecification","valueRequired":true,"valueName":"search_term_string"}}],"inLanguage":"it-IT"},{"@type":"Organization","@id":"https:\/\/leite-europa.com\/it\/#organization","name":"Leite Europe","url":"https:\/\/leite-europa.com\/it\/","logo":{"@type":"ImageObject","inLanguage":"it-IT","@id":"https:\/\/leite-europa.com\/it\/#\/schema\/logo\/image\/","url":"https:\/\/leite-europa.com\/wp-content\/uploads\/2022\/12\/LOGO-LEITE.png","contentUrl":"https:\/\/leite-europa.com\/wp-content\/uploads\/2022\/12\/LOGO-LEITE.png","width":1024,"height":512,"caption":"Leite Europe"},"image":{"@id":"https:\/\/leite-europa.com\/it\/#\/schema\/logo\/image\/"},"sameAs":["https:\/\/www.facebook.com\/profile.php?id=100089192656837","https:\/\/www.instagram.com\/leite_france_minipelle\/","https:\/\/www.linkedin.com\/company\/leite-france\/"]}]}},"_links":{"self":[{"href":"https:\/\/leite-europa.com\/it\/wp-json\/wp\/v2\/product\/8202","targetHints":{"allow":["GET"]}}],"collection":[{"href":"https:\/\/leite-europa.com\/it\/wp-json\/wp\/v2\/product"}],"about":[{"href":"https:\/\/leite-europa.com\/it\/wp-json\/wp\/v2\/types\/product"}],"wp:featuredmedia":[{"embeddable":true,"href":"https:\/\/leite-europa.com\/it\/wp-json\/wp\/v2\/media\/4222"}],"wp:attachment":[{"href":"https:\/\/leite-europa.com\/it\/wp-json\/wp\/v2\/media?parent=8202"}],"wp:term":[{"taxonomy":"product_brand","embeddable":true,"href":"https:\/\/leite-europa.com\/it\/wp-json\/wp\/v2\/product_brand?post=8202"},{"taxonomy":"product_cat","embeddable":true,"href":"https:\/\/leite-europa.com\/it\/wp-json\/wp\/v2\/product_cat?post=8202"},{"taxonomy":"product_tag","embeddable":true,"href":"https:\/\/leite-europa.com\/it\/wp-json\/wp\/v2\/product_tag?post=8202"}],"curies":[{"name":"wp","href":"https:\/\/api.w.org\/{rel}","templated":true}]}}