{"id":8211,"date":"2023-11-07T11:45:57","date_gmt":"2023-11-07T10:45:57","guid":{"rendered":"https:\/\/leite-europa.com\/produit\/rotavatore-erpice-rotante\/"},"modified":"2024-04-17T15:56:05","modified_gmt":"2024-04-17T13:56:05","slug":"rotavator-erse-rotativo","status":"publish","type":"product","link":"https:\/\/leite-europa.com\/it\/produit\/rotavator-erse-rotativo\/","title":{"rendered":"Rotavatore \/ Erpice rotante"},"content":{"rendered":"<p>[et_pb_section fb_built=&#8221;1&#8243; _builder_version=&#8221;4.19.2&#8243; _module_preset=&#8221;default&#8221; background_color=&#8221;#FFFFFF&#8221; custom_padding=&#8221;||4px|||&#8221; global_colors_info=&#8221;{}&#8221; theme_builder_area=&#8221;post_content&#8221;][et_pb_row column_structure=&#8221;1_2,1_2&#8243; _builder_version=&#8221;4.19.2&#8243; _module_preset=&#8221;default&#8221; global_colors_info=&#8221;{}&#8221; theme_builder_area=&#8221;post_content&#8221;][et_pb_column type=&#8221;1_2&#8243; _builder_version=&#8221;4.19.2&#8243; _module_preset=&#8221;default&#8221; global_colors_info=&#8221;{}&#8221; theme_builder_area=&#8221;post_content&#8221;][et_pb_gallery gallery_ids=&#8221;1992&#8243; fullwidth=&#8221;on&#8221; _builder_version=&#8221;4.20.4&#8243; _module_preset=&#8221;default&#8221; global_colors_info=&#8221;{}&#8221; theme_builder_area=&#8221;post_content&#8221;][\/et_pb_gallery][\/et_pb_column][et_pb_column type=&#8221;1_2&#8243; _builder_version=&#8221;4.19.2&#8243; _module_preset=&#8221;default&#8221; global_colors_info=&#8221;{}&#8221; theme_builder_area=&#8221;post_content&#8221;][et_pb_text _builder_version=&#8221;4.20.4&#8243; _module_preset=&#8221;default&#8221; text_line_height=&#8221;2em&#8221; header_2_text_color=&#8221;#E75F0D&#8221; global_colors_info=&#8221;{}&#8221; theme_builder_area=&#8221;post_content&#8221;]<\/p>\n<h2>&#8220;Il compagno ideale per rivoluzionare il vostro lavoro di preparazione del terreno&#8221;.<\/h2>\n<p>[\/et_pb_text][et_pb_text _builder_version=&#8221;4.20.4&#8243; _module_preset=&#8221;default&#8221; text_orientation=&#8221;justified&#8221; global_colors_info=&#8221;{}&#8221; theme_builder_area=&#8221;post_content&#8221;]<\/p>\n<p>Trasformate il vostro mini-caricatore Leite LTH380 in una potente aratrice con il nostro rotavatore adattabile. Perfetto connubio tra robustezza, prestazioni e durata, questo rotavatore \u00e8 stato progettato per andare pi\u00f9 lontano, lavorare di pi\u00f9 e durare pi\u00f9 a lungo, offrendo una versatilit\u00e0 senza pari in tutti i lavori di preparazione del terreno.<\/p>\n<p>[\/et_pb_text][\/et_pb_column][\/et_pb_row][et_pb_row _builder_version=&#8221;4.20.4&#8243; _module_preset=&#8221;default&#8221; global_colors_info=&#8221;{}&#8221; theme_builder_area=&#8221;post_content&#8221;][et_pb_column type=&#8221;4_4&#8243; _builder_version=&#8221;4.20.4&#8243; _module_preset=&#8221;default&#8221; global_colors_info=&#8221;{}&#8221; theme_builder_area=&#8221;post_content&#8221;][et_pb_text _builder_version=&#8221;4.20.4&#8243; _module_preset=&#8221;default&#8221; global_colors_info=&#8221;{}&#8221; theme_builder_area=&#8221;post_content&#8221;]<\/p>\n<p><strong>Caratteristiche :<\/strong><\/p>\n<ul>\n<li>\n<p><strong>Montaggio facile:<\/strong> non \u00e8 necessario perdere tempo in installazioni complesse! Il nostro rotavatore si adatta in modo rapido e semplice al vostro mini-caricatore LTH380.<\/p>\n<\/li>\n<li>\n<p><strong>Un lavoro da titani:<\/strong> grazie alle sue lame solide e affilate, il rotavatore penetra nel terreno a diverse profondit\u00e0 con implacabile precisione, lasciando dietro di s\u00e9 un&#8217;area perfettamente preparata per la semina o la piantagione.<\/p>\n<\/li>\n<li>\n<p>Robusto come le unghie<strong>:<\/strong> realizzato con materiali di qualit\u00e0, questo rotavacatore \u00e8 un investimento sicuro a lungo termine. \u00c8 progettato per sopravvivere alle condizioni pi\u00f9 difficili e continuare a funzionare come nuovo.<\/p>\n<\/li>\n<li>\n<p>Su misura <strong>per le vostre esigenze:<\/strong> con 3 livelli di regolazione della profondit\u00e0, avete un controllo perfetto sulla preparazione del terreno. Che si tratti di un giardino paesaggistico, della semina di colture, di un campo sportivo o del dissodamento di un terreno, il rotavatore pu\u00f2 essere adattato alle vostre esigenze.<\/p>\n<\/li>\n<\/ul>\n<p><strong>La promessa del nostro rotavator :<\/strong><\/p>\n<ul>\n<li>\n<p><strong>Significativo risparmio di tempo:<\/strong> dite addio a lunghe ore di lavoro manuale. Il rotavatore prepara rapidamente il terreno, lasciandovi pi\u00f9 tempo per concentrarvi su altre attivit\u00e0 importanti.<\/p>\n<\/li>\n<li>\n<p><strong>Prestazioni eccezionali:<\/strong> una preparazione del terreno uniforme e precisa \u00e8 la chiave per un raccolto o un paesaggio di successo. Il rotavatore assicura un lavoro di qualit\u00e0 ineguagliabile.<\/p>\n<\/li>\n<li>\n<p><strong>Risparmiate denaro:<\/strong> Perch\u00e9 investire in macchine costose quando si pu\u00f2 ottenere il massimo dal mini-caricatore LTH380 esistente? Il nostro rotavatore \u00e8 una soluzione economica per i vostri lavori di preparazione del terreno.<\/p>\n<\/li>\n<\/ul>\n<p>Il mini-rotavatore Leite LTH380 \u00e8 la chiave per aumentare la produttivit\u00e0 e massimizzare l&#8217;efficienza dei lavori di preparazione del terreno. Non lasciatevi sfuggire questa opportunit\u00e0: scegliete il nostro rotavatore e preparatevi a rimanere impressionati dalla potenza e dalle prestazioni che offre al vostro mini-caricatore LTH380 Leite.<\/p>\n<p>[\/et_pb_text][\/et_pb_column][\/et_pb_row][\/et_pb_section]<\/p>\n","protected":false},"excerpt":{"rendered":"<p>&#8220;Il compagno ideale per rivoluzionare il vostro lavoro di preparazione del terreno&#8221;.Trasformate il vostro mini-caricatore Leite LTH380 in una potente aratrice con il nostro rotavatore adattabile. Perfetto connubio tra robustezza, prestazioni e durata, questo rotavatore \u00e8 stato progettato per andare pi\u00f9 lontano, lavorare di pi\u00f9 e durare pi\u00f9 a lungo, offrendo una versatilit\u00e0 senza pari [&hellip;]<\/p>\n","protected":false},"featured_media":4234,"template":"","meta":{"_et_pb_use_builder":"on","_et_pb_old_content":"","_et_gb_content_width":""},"product_brand":[],"product_cat":[306,197],"product_tag":[],"class_list":{"0":"post-8211","1":"product","2":"type-product","3":"status-publish","4":"has-post-thumbnail","6":"product_cat-accessori-mini-caricatore-lth380","7":"product_cat-accessori-per-mini-caricabatterie","9":"first","10":"instock","11":"taxable","12":"shipping-taxable","13":"purchasable","14":"product-type-simple"},"yoast_head":"<!-- This site is optimized with the Yoast SEO plugin v27.3 - https:\/\/yoast.com\/product\/yoast-seo-wordpress\/ -->\n<title>Rotavatore \/ Erpice rotante - Leite Europe<\/title>\n<meta name=\"description\" content=\"Trasformate il vostro mini-caricatore Leite LTH380 in una potente aratrice con il nostro rotavatore adattabile.\" \/>\n<meta name=\"robots\" content=\"index, follow, max-snippet:-1, max-image-preview:large, max-video-preview:-1\" \/>\n<link rel=\"canonical\" href=\"https:\/\/leite-europa.com\/it\/produit\/rotavator-erse-rotativo\/\" \/>\n<meta property=\"og:locale\" content=\"it_IT\" \/>\n<meta property=\"og:type\" content=\"article\" \/>\n<meta property=\"og:title\" content=\"Rotavatore \/ Erpice rotante - Leite Europe\" \/>\n<meta property=\"og:description\" content=\"Trasformate il vostro mini-caricatore Leite LTH380 in una potente aratrice con il nostro rotavatore adattabile.\" \/>\n<meta property=\"og:url\" content=\"https:\/\/leite-europa.com\/it\/produit\/rotavator-erse-rotativo\/\" \/>\n<meta property=\"og:site_name\" content=\"Leite Europe\" \/>\n<meta property=\"article:publisher\" content=\"https:\/\/www.facebook.com\/profile.php?id=100089192656837\" \/>\n<meta property=\"article:modified_time\" content=\"2024-04-17T13:56:05+00:00\" \/>\n<meta property=\"og:image\" content=\"https:\/\/leite-europa.com\/wp-content\/uploads\/2023\/07\/rotavator.jpg\" \/>\n\t<meta property=\"og:image:width\" content=\"502\" \/>\n\t<meta property=\"og:image:height\" content=\"309\" \/>\n\t<meta property=\"og:image:type\" content=\"image\/jpeg\" \/>\n<meta name=\"twitter:card\" content=\"summary_large_image\" \/>\n<meta name=\"twitter:label1\" content=\"Tempo di lettura stimato\" \/>\n\t<meta name=\"twitter:data1\" content=\"3 minuti\" \/>\n<script type=\"application\/ld+json\" class=\"yoast-schema-graph\">{\"@context\":\"https:\\\/\\\/schema.org\",\"@graph\":[{\"@type\":\"WebPage\",\"@id\":\"https:\\\/\\\/leite-europa.com\\\/it\\\/produit\\\/rotavator-erse-rotativo\\\/\",\"url\":\"https:\\\/\\\/leite-europa.com\\\/it\\\/produit\\\/rotavator-erse-rotativo\\\/\",\"name\":\"Rotavatore \\\/ Erpice rotante - Leite Europe\",\"isPartOf\":{\"@id\":\"https:\\\/\\\/leite-europa.com\\\/it\\\/#website\"},\"primaryImageOfPage\":{\"@id\":\"https:\\\/\\\/leite-europa.com\\\/it\\\/produit\\\/rotavator-erse-rotativo\\\/#primaryimage\"},\"image\":{\"@id\":\"https:\\\/\\\/leite-europa.com\\\/it\\\/produit\\\/rotavator-erse-rotativo\\\/#primaryimage\"},\"thumbnailUrl\":\"https:\\\/\\\/leite-europa.com\\\/wp-content\\\/uploads\\\/2023\\\/07\\\/rotavator.jpg\",\"datePublished\":\"2023-11-07T10:45:57+00:00\",\"dateModified\":\"2024-04-17T13:56:05+00:00\",\"description\":\"Trasformate il vostro mini-caricatore Leite LTH380 in una potente aratrice con il nostro rotavatore adattabile.\",\"breadcrumb\":{\"@id\":\"https:\\\/\\\/leite-europa.com\\\/it\\\/produit\\\/rotavator-erse-rotativo\\\/#breadcrumb\"},\"inLanguage\":\"it-IT\",\"potentialAction\":[{\"@type\":\"ReadAction\",\"target\":[\"https:\\\/\\\/leite-europa.com\\\/it\\\/produit\\\/rotavator-erse-rotativo\\\/\"]}]},{\"@type\":\"ImageObject\",\"inLanguage\":\"it-IT\",\"@id\":\"https:\\\/\\\/leite-europa.com\\\/it\\\/produit\\\/rotavator-erse-rotativo\\\/#primaryimage\",\"url\":\"https:\\\/\\\/leite-europa.com\\\/wp-content\\\/uploads\\\/2023\\\/07\\\/rotavator.jpg\",\"contentUrl\":\"https:\\\/\\\/leite-europa.com\\\/wp-content\\\/uploads\\\/2023\\\/07\\\/rotavator.jpg\",\"width\":502,\"height\":309,\"caption\":\"Erpice rotante rotavator\"},{\"@type\":\"BreadcrumbList\",\"@id\":\"https:\\\/\\\/leite-europa.com\\\/it\\\/produit\\\/rotavator-erse-rotativo\\\/#breadcrumb\",\"itemListElement\":[{\"@type\":\"ListItem\",\"position\":1,\"name\":\"Accueil\",\"item\":\"https:\\\/\\\/leite-europa.com\\\/it\\\/casa\\\/\"},{\"@type\":\"ListItem\",\"position\":2,\"name\":\"Negozio\",\"item\":\"https:\\\/\\\/leite-europa.com\\\/fr\\\/boutique\\\/\"},{\"@type\":\"ListItem\",\"position\":3,\"name\":\"Rotavatore \\\/ Erpice rotante\"}]},{\"@type\":\"WebSite\",\"@id\":\"https:\\\/\\\/leite-europa.com\\\/it\\\/#website\",\"url\":\"https:\\\/\\\/leite-europa.com\\\/it\\\/\",\"name\":\"Leite Europe\",\"description\":\"\",\"publisher\":{\"@id\":\"https:\\\/\\\/leite-europa.com\\\/it\\\/#organization\"},\"potentialAction\":[{\"@type\":\"SearchAction\",\"target\":{\"@type\":\"EntryPoint\",\"urlTemplate\":\"https:\\\/\\\/leite-europa.com\\\/it\\\/?s={search_term_string}\"},\"query-input\":{\"@type\":\"PropertyValueSpecification\",\"valueRequired\":true,\"valueName\":\"search_term_string\"}}],\"inLanguage\":\"it-IT\"},{\"@type\":\"Organization\",\"@id\":\"https:\\\/\\\/leite-europa.com\\\/it\\\/#organization\",\"name\":\"Leite Europe\",\"url\":\"https:\\\/\\\/leite-europa.com\\\/it\\\/\",\"logo\":{\"@type\":\"ImageObject\",\"inLanguage\":\"it-IT\",\"@id\":\"https:\\\/\\\/leite-europa.com\\\/it\\\/#\\\/schema\\\/logo\\\/image\\\/\",\"url\":\"https:\\\/\\\/leite-europa.com\\\/wp-content\\\/uploads\\\/2022\\\/12\\\/LOGO-LEITE.png\",\"contentUrl\":\"https:\\\/\\\/leite-europa.com\\\/wp-content\\\/uploads\\\/2022\\\/12\\\/LOGO-LEITE.png\",\"width\":1024,\"height\":512,\"caption\":\"Leite Europe\"},\"image\":{\"@id\":\"https:\\\/\\\/leite-europa.com\\\/it\\\/#\\\/schema\\\/logo\\\/image\\\/\"},\"sameAs\":[\"https:\\\/\\\/www.facebook.com\\\/profile.php?id=100089192656837\",\"https:\\\/\\\/www.instagram.com\\\/leite_france_minipelle\\\/\",\"https:\\\/\\\/www.linkedin.com\\\/company\\\/leite-france\\\/\"]}]}<\/script>\n<!-- \/ Yoast SEO plugin. -->","yoast_head_json":{"title":"Rotavatore \/ Erpice rotante - Leite Europe","description":"Trasformate il vostro mini-caricatore Leite LTH380 in una potente aratrice con il nostro rotavatore adattabile.","robots":{"index":"index","follow":"follow","max-snippet":"max-snippet:-1","max-image-preview":"max-image-preview:large","max-video-preview":"max-video-preview:-1"},"canonical":"https:\/\/leite-europa.com\/it\/produit\/rotavator-erse-rotativo\/","og_locale":"it_IT","og_type":"article","og_title":"Rotavatore \/ Erpice rotante - Leite Europe","og_description":"Trasformate il vostro mini-caricatore Leite LTH380 in una potente aratrice con il nostro rotavatore adattabile.","og_url":"https:\/\/leite-europa.com\/it\/produit\/rotavator-erse-rotativo\/","og_site_name":"Leite Europe","article_publisher":"https:\/\/www.facebook.com\/profile.php?id=100089192656837","article_modified_time":"2024-04-17T13:56:05+00:00","og_image":[{"width":502,"height":309,"url":"https:\/\/leite-europa.com\/wp-content\/uploads\/2023\/07\/rotavator.jpg","type":"image\/jpeg"}],"twitter_card":"summary_large_image","twitter_misc":{"Tempo di lettura stimato":"3 minuti"},"schema":{"@context":"https:\/\/schema.org","@graph":[{"@type":"WebPage","@id":"https:\/\/leite-europa.com\/it\/produit\/rotavator-erse-rotativo\/","url":"https:\/\/leite-europa.com\/it\/produit\/rotavator-erse-rotativo\/","name":"Rotavatore \/ Erpice rotante - Leite Europe","isPartOf":{"@id":"https:\/\/leite-europa.com\/it\/#website"},"primaryImageOfPage":{"@id":"https:\/\/leite-europa.com\/it\/produit\/rotavator-erse-rotativo\/#primaryimage"},"image":{"@id":"https:\/\/leite-europa.com\/it\/produit\/rotavator-erse-rotativo\/#primaryimage"},"thumbnailUrl":"https:\/\/leite-europa.com\/wp-content\/uploads\/2023\/07\/rotavator.jpg","datePublished":"2023-11-07T10:45:57+00:00","dateModified":"2024-04-17T13:56:05+00:00","description":"Trasformate il vostro mini-caricatore Leite LTH380 in una potente aratrice con il nostro rotavatore adattabile.","breadcrumb":{"@id":"https:\/\/leite-europa.com\/it\/produit\/rotavator-erse-rotativo\/#breadcrumb"},"inLanguage":"it-IT","potentialAction":[{"@type":"ReadAction","target":["https:\/\/leite-europa.com\/it\/produit\/rotavator-erse-rotativo\/"]}]},{"@type":"ImageObject","inLanguage":"it-IT","@id":"https:\/\/leite-europa.com\/it\/produit\/rotavator-erse-rotativo\/#primaryimage","url":"https:\/\/leite-europa.com\/wp-content\/uploads\/2023\/07\/rotavator.jpg","contentUrl":"https:\/\/leite-europa.com\/wp-content\/uploads\/2023\/07\/rotavator.jpg","width":502,"height":309,"caption":"Erpice rotante rotavator"},{"@type":"BreadcrumbList","@id":"https:\/\/leite-europa.com\/it\/produit\/rotavator-erse-rotativo\/#breadcrumb","itemListElement":[{"@type":"ListItem","position":1,"name":"Accueil","item":"https:\/\/leite-europa.com\/it\/casa\/"},{"@type":"ListItem","position":2,"name":"Negozio","item":"https:\/\/leite-europa.com\/fr\/boutique\/"},{"@type":"ListItem","position":3,"name":"Rotavatore \/ Erpice rotante"}]},{"@type":"WebSite","@id":"https:\/\/leite-europa.com\/it\/#website","url":"https:\/\/leite-europa.com\/it\/","name":"Leite Europe","description":"","publisher":{"@id":"https:\/\/leite-europa.com\/it\/#organization"},"potentialAction":[{"@type":"SearchAction","target":{"@type":"EntryPoint","urlTemplate":"https:\/\/leite-europa.com\/it\/?s={search_term_string}"},"query-input":{"@type":"PropertyValueSpecification","valueRequired":true,"valueName":"search_term_string"}}],"inLanguage":"it-IT"},{"@type":"Organization","@id":"https:\/\/leite-europa.com\/it\/#organization","name":"Leite Europe","url":"https:\/\/leite-europa.com\/it\/","logo":{"@type":"ImageObject","inLanguage":"it-IT","@id":"https:\/\/leite-europa.com\/it\/#\/schema\/logo\/image\/","url":"https:\/\/leite-europa.com\/wp-content\/uploads\/2022\/12\/LOGO-LEITE.png","contentUrl":"https:\/\/leite-europa.com\/wp-content\/uploads\/2022\/12\/LOGO-LEITE.png","width":1024,"height":512,"caption":"Leite Europe"},"image":{"@id":"https:\/\/leite-europa.com\/it\/#\/schema\/logo\/image\/"},"sameAs":["https:\/\/www.facebook.com\/profile.php?id=100089192656837","https:\/\/www.instagram.com\/leite_france_minipelle\/","https:\/\/www.linkedin.com\/company\/leite-france\/"]}]}},"_links":{"self":[{"href":"https:\/\/leite-europa.com\/it\/wp-json\/wp\/v2\/product\/8211","targetHints":{"allow":["GET"]}}],"collection":[{"href":"https:\/\/leite-europa.com\/it\/wp-json\/wp\/v2\/product"}],"about":[{"href":"https:\/\/leite-europa.com\/it\/wp-json\/wp\/v2\/types\/product"}],"wp:featuredmedia":[{"embeddable":true,"href":"https:\/\/leite-europa.com\/it\/wp-json\/wp\/v2\/media\/4234"}],"wp:attachment":[{"href":"https:\/\/leite-europa.com\/it\/wp-json\/wp\/v2\/media?parent=8211"}],"wp:term":[{"taxonomy":"product_brand","embeddable":true,"href":"https:\/\/leite-europa.com\/it\/wp-json\/wp\/v2\/product_brand?post=8211"},{"taxonomy":"product_cat","embeddable":true,"href":"https:\/\/leite-europa.com\/it\/wp-json\/wp\/v2\/product_cat?post=8211"},{"taxonomy":"product_tag","embeddable":true,"href":"https:\/\/leite-europa.com\/it\/wp-json\/wp\/v2\/product_tag?post=8211"}],"curies":[{"name":"wp","href":"https:\/\/api.w.org\/{rel}","templated":true}]}}