{"id":8230,"date":"2023-11-07T13:52:06","date_gmt":"2023-11-07T12:52:06","guid":{"rendered":"https:\/\/leite-europa.com\/produit\/spazzaneve\/"},"modified":"2024-04-17T15:50:30","modified_gmt":"2024-04-17T13:50:30","slug":"spazzaneve","status":"publish","type":"product","link":"https:\/\/leite-europa.com\/it\/produit\/spazzaneve\/","title":{"rendered":"Spazzaneve"},"content":{"rendered":"<p>[et_pb_section fb_built=&#8221;1&#8243; _builder_version=&#8221;4.19.2&#8243; _module_preset=&#8221;default&#8221; background_color=&#8221;#FFFFFF&#8221; custom_padding=&#8221;||4px|||&#8221; global_colors_info=&#8221;{}&#8221; theme_builder_area=&#8221;post_content&#8221;][et_pb_row column_structure=&#8221;1_2,1_2&#8243; _builder_version=&#8221;4.19.2&#8243; _module_preset=&#8221;default&#8221; global_colors_info=&#8221;{}&#8221; theme_builder_area=&#8221;post_content&#8221;][et_pb_column type=&#8221;1_2&#8243; _builder_version=&#8221;4.19.2&#8243; _module_preset=&#8221;default&#8221; global_colors_info=&#8221;{}&#8221; theme_builder_area=&#8221;post_content&#8221;][et_pb_gallery gallery_ids=&#8221;2148&#8243; fullwidth=&#8221;on&#8221; _builder_version=&#8221;4.20.4&#8243; _module_preset=&#8221;default&#8221; global_colors_info=&#8221;{}&#8221; theme_builder_area=&#8221;post_content&#8221;][\/et_pb_gallery][\/et_pb_column][et_pb_column type=&#8221;1_2&#8243; _builder_version=&#8221;4.19.2&#8243; _module_preset=&#8221;default&#8221; global_colors_info=&#8221;{}&#8221; theme_builder_area=&#8221;post_content&#8221;][et_pb_text _builder_version=&#8221;4.20.4&#8243; _module_preset=&#8221;default&#8221; text_line_height=&#8221;2em&#8221; header_2_text_color=&#8221;#E75F0D&#8221; hover_enabled=&#8221;0&#8243; global_colors_info=&#8221;{}&#8221; theme_builder_area=&#8221;post_content&#8221; sticky_enabled=&#8221;0&#8243;]<\/p>\n<h2>&#8220;Il vostro alleato essenziale per affrontare l&#8217;inverno&#8221;.<\/h2>\n<p>[\/et_pb_text][et_pb_text _builder_version=&#8221;4.20.4&#8243; _module_preset=&#8221;default&#8221; text_orientation=&#8221;justified&#8221; global_colors_info=&#8221;{}&#8221; theme_builder_area=&#8221;post_content&#8221;]<\/p>\n<p>Trasformate il vostro mini-caricatore Leite LTH380 in una macchina per lo sgombero della neve con la nostra lama da neve adattabile. Progettata per resistere ai rigori dell&#8217;inverno, questa lama da neve \u00e8 dotata di un potente camino per soffiare la neve lateralmente. \u00c8 lo strumento perfetto per sgomberare rapidamente strade, vialetti e aree di parcheggio, in modo da poter continuare a lavorare, con qualsiasi tempo.<\/p>\n<p>[\/et_pb_text][\/et_pb_column][\/et_pb_row][et_pb_row _builder_version=&#8221;4.20.4&#8243; _module_preset=&#8221;default&#8221; global_colors_info=&#8221;{}&#8221; theme_builder_area=&#8221;post_content&#8221;][et_pb_column type=&#8221;4_4&#8243; _builder_version=&#8221;4.20.4&#8243; _module_preset=&#8221;default&#8221; global_colors_info=&#8221;{}&#8221; theme_builder_area=&#8221;post_content&#8221;][et_pb_text _builder_version=&#8221;4.20.4&#8243; _module_preset=&#8221;default&#8221; global_colors_info=&#8221;{}&#8221; theme_builder_area=&#8221;post_content&#8221;]<\/p>\n<p><strong>Caratteristiche :<\/strong><\/p>\n<ul>\n<li>\n<p><strong>Facile da installare:<\/strong> il nostro spazzaneve si adatta perfettamente e rapidamente al vostro mini-caricatore LTH380 Leite, offrendovi una soluzione efficiente per lo sgombero della neve in un batter d&#8217;occhio.<\/p>\n<\/li>\n<li>\n<p><strong>Efficienza superiore:<\/strong> la lama spazzaneve \u00e8 dotata di un&#8217;ampia lama per raccogliere la neve e di un potente camino per soffiarla efficacemente a lato, liberando un&#8217;ampia corsia in una sola passata.<\/p>\n<\/li>\n<li>\n<p><strong>Design robusto:<\/strong> realizzata con materiali di qualit\u00e0, questa lama da neve \u00e8 progettata per resistere alle condizioni invernali pi\u00f9 difficili e per durare per molte stagioni.<\/p>\n<\/li>\n<li>\n<p><strong>Regolazione flessibile:<\/strong> il camino regolabile consente di controllare con precisione la direzione di soffiaggio della neve, per uno sgombero pi\u00f9 efficiente e mirato.<\/p>\n<\/li>\n<\/ul>\n<p><strong>La promessa del nostro spazzaneve :<\/strong><\/p>\n<ul>\n<li>\n<p><strong>Velocit\u00e0:<\/strong> non lasciate che sia la neve a dettare il vostro programma. Con il nostro spazzaneve, sgomberate la neve in modo rapido ed efficiente per poter tornare subito al lavoro.<\/p>\n<\/li>\n<li>\n<p><strong>Massima efficienza:<\/strong> con il camino dello spazzaneve, potete spostare la neve dove non vi disturba, per uno sgombero ottimale.<\/p>\n<\/li>\n<li>\n<p><strong>Risparmio:<\/strong> adattando la lama da neve al vostro mini-caricatore LTH380 Leite esistente, risparmierete i costi legati all&#8217;acquisto di attrezzature speciali per la rimozione della neve.<\/p>\n<\/li>\n<\/ul>\n<p><strong>In poche parole:<\/strong><\/p>\n<p>La nostra lama da neve mini-caricatrice LTH380 Leite \u00e8 la vostra migliore difesa contro l&#8217;inverno. Offre prestazioni eccezionali e facilit\u00e0 d&#8217;uso, sgomberando la neve in modo efficiente e preciso. Con i nostri spazzaneve potrete affrontare l&#8217;inverno con sicurezza ed efficienza.<\/p>\n<p>[\/et_pb_text][\/et_pb_column][\/et_pb_row][\/et_pb_section][et_pb_section fb_built=&#8221;1&#8243; _builder_version=&#8221;4.20.4&#8243; _module_preset=&#8221;default&#8221; global_colors_info=&#8221;{}&#8221; theme_builder_area=&#8221;post_content&#8221;][et_pb_row column_structure=&#8221;1_2,1_2&#8243; _builder_version=&#8221;4.20.4&#8243; _module_preset=&#8221;default&#8221; global_colors_info=&#8221;{}&#8221; theme_builder_area=&#8221;post_content&#8221;][et_pb_column type=&#8221;1_2&#8243; _builder_version=&#8221;4.20.4&#8243; _module_preset=&#8221;default&#8221; global_colors_info=&#8221;{}&#8221; theme_builder_area=&#8221;post_content&#8221;][et_pb_image src=&#8221;https:\/\/leite-france.fr\/wp-content\/uploads\/2023\/08\/0Q8A9552.jpg&#8221; alt=&#8221;LTH380 Leite Mini Caricabatterie Sgombero neve&#8221; title_text=&#8221;LTH380 Leite Mini Caricabatterie Sgombero neve&#8221; _builder_version=&#8221;4.20.4&#8243; _module_preset=&#8221;default&#8221; global_colors_info=&#8221;{}&#8221; theme_builder_area=&#8221;post_content&#8221;][\/et_pb_image][\/et_pb_column][et_pb_column type=&#8221;1_2&#8243; _builder_version=&#8221;4.20.4&#8243; _module_preset=&#8221;default&#8221; global_colors_info=&#8221;{}&#8221; theme_builder_area=&#8221;post_content&#8221;][et_pb_image src=&#8221;https:\/\/leite-france.fr\/wp-content\/uploads\/2023\/08\/0Q8A9502.jpg&#8221; alt=&#8221;LTH380 Leite Mini Caricabatterie Sgombero neve&#8221; title_text=&#8221;LTH380 Leite Mini Caricabatterie Sgombero neve&#8221; _builder_version=&#8221;4.20.4&#8243; _module_preset=&#8221;default&#8221; global_colors_info=&#8221;{}&#8221; theme_builder_area=&#8221;post_content&#8221;][\/et_pb_image][\/et_pb_column][\/et_pb_row][\/et_pb_section]<\/p>\n","protected":false},"excerpt":{"rendered":"<p>&#8220;Il vostro alleato essenziale per affrontare l&#8217;inverno&#8221;.Trasformate il vostro mini-caricatore Leite LTH380 in una macchina per lo sgombero della neve con la nostra lama da neve adattabile. Progettata per resistere ai rigori dell&#8217;inverno, questa lama da neve \u00e8 dotata di un potente camino per soffiare la neve lateralmente. \u00c8 lo strumento perfetto per sgomberare rapidamente [&hellip;]<\/p>\n","protected":false},"featured_media":4306,"template":"","meta":{"_et_pb_use_builder":"on","_et_pb_old_content":"","_et_gb_content_width":""},"product_brand":[],"product_cat":[306,197],"product_tag":[],"class_list":{"0":"post-8230","1":"product","2":"type-product","3":"status-publish","4":"has-post-thumbnail","6":"product_cat-accessori-mini-caricatore-lth380","7":"product_cat-accessori-per-mini-caricabatterie","9":"first","10":"instock","11":"taxable","12":"shipping-taxable","13":"purchasable","14":"product-type-simple"},"yoast_head":"<!-- This site is optimized with the Yoast SEO plugin v27.4 - https:\/\/yoast.com\/product\/yoast-seo-wordpress\/ -->\n<title>Spazzaneve - Leite Europe<\/title>\n<meta name=\"description\" content=\"Trasformate il vostro mini-caricatore Leite LTH380 in una macchina per lo sgombero della neve con la nostra lama da neve adattabile.\" \/>\n<meta name=\"robots\" content=\"index, follow, max-snippet:-1, max-image-preview:large, max-video-preview:-1\" \/>\n<link rel=\"canonical\" href=\"https:\/\/leite-europa.com\/it\/produit\/spazzaneve\/\" \/>\n<meta property=\"og:locale\" content=\"it_IT\" \/>\n<meta property=\"og:type\" content=\"article\" \/>\n<meta property=\"og:title\" content=\"Spazzaneve - Leite Europe\" \/>\n<meta property=\"og:description\" content=\"Trasformate il vostro mini-caricatore Leite LTH380 in una macchina per lo sgombero della neve con la nostra lama da neve adattabile.\" \/>\n<meta property=\"og:url\" content=\"https:\/\/leite-europa.com\/it\/produit\/spazzaneve\/\" \/>\n<meta property=\"og:site_name\" content=\"Leite Europe\" \/>\n<meta property=\"article:publisher\" content=\"https:\/\/www.facebook.com\/profile.php?id=100089192656837\" \/>\n<meta property=\"article:modified_time\" content=\"2024-04-17T13:50:30+00:00\" \/>\n<meta property=\"og:image\" content=\"https:\/\/leite-europa.com\/wp-content\/uploads\/2023\/08\/0Q8A9541.jpg\" \/>\n\t<meta property=\"og:image:width\" content=\"1920\" \/>\n\t<meta property=\"og:image:height\" content=\"1440\" \/>\n\t<meta property=\"og:image:type\" content=\"image\/jpeg\" \/>\n<meta name=\"twitter:card\" content=\"summary_large_image\" \/>\n<meta name=\"twitter:label1\" content=\"Tempo di lettura stimato\" \/>\n\t<meta name=\"twitter:data1\" content=\"3 minuti\" \/>\n<script type=\"application\/ld+json\" class=\"yoast-schema-graph\">{\"@context\":\"https:\\\/\\\/schema.org\",\"@graph\":[{\"@type\":\"WebPage\",\"@id\":\"https:\\\/\\\/leite-europa.com\\\/it\\\/produit\\\/spazzaneve\\\/\",\"url\":\"https:\\\/\\\/leite-europa.com\\\/it\\\/produit\\\/spazzaneve\\\/\",\"name\":\"Spazzaneve - Leite Europe\",\"isPartOf\":{\"@id\":\"https:\\\/\\\/leite-europa.com\\\/it\\\/#website\"},\"primaryImageOfPage\":{\"@id\":\"https:\\\/\\\/leite-europa.com\\\/it\\\/produit\\\/spazzaneve\\\/#primaryimage\"},\"image\":{\"@id\":\"https:\\\/\\\/leite-europa.com\\\/it\\\/produit\\\/spazzaneve\\\/#primaryimage\"},\"thumbnailUrl\":\"https:\\\/\\\/leite-europa.com\\\/wp-content\\\/uploads\\\/2023\\\/08\\\/0Q8A9541.jpg\",\"datePublished\":\"2023-11-07T12:52:06+00:00\",\"dateModified\":\"2024-04-17T13:50:30+00:00\",\"description\":\"Trasformate il vostro mini-caricatore Leite LTH380 in una macchina per lo sgombero della neve con la nostra lama da neve adattabile.\",\"breadcrumb\":{\"@id\":\"https:\\\/\\\/leite-europa.com\\\/it\\\/produit\\\/spazzaneve\\\/#breadcrumb\"},\"inLanguage\":\"it-IT\",\"potentialAction\":[{\"@type\":\"ReadAction\",\"target\":[\"https:\\\/\\\/leite-europa.com\\\/it\\\/produit\\\/spazzaneve\\\/\"]}]},{\"@type\":\"ImageObject\",\"inLanguage\":\"it-IT\",\"@id\":\"https:\\\/\\\/leite-europa.com\\\/it\\\/produit\\\/spazzaneve\\\/#primaryimage\",\"url\":\"https:\\\/\\\/leite-europa.com\\\/wp-content\\\/uploads\\\/2023\\\/08\\\/0Q8A9541.jpg\",\"contentUrl\":\"https:\\\/\\\/leite-europa.com\\\/wp-content\\\/uploads\\\/2023\\\/08\\\/0Q8A9541.jpg\",\"width\":1920,\"height\":1440,\"caption\":\"LTH380 Leite Mini Caricabatterie Sgombero neve\"},{\"@type\":\"BreadcrumbList\",\"@id\":\"https:\\\/\\\/leite-europa.com\\\/it\\\/produit\\\/spazzaneve\\\/#breadcrumb\",\"itemListElement\":[{\"@type\":\"ListItem\",\"position\":1,\"name\":\"Accueil\",\"item\":\"https:\\\/\\\/leite-europa.com\\\/it\\\/casa\\\/\"},{\"@type\":\"ListItem\",\"position\":2,\"name\":\"Negozio\",\"item\":\"https:\\\/\\\/leite-europa.com\\\/fr\\\/boutique\\\/\"},{\"@type\":\"ListItem\",\"position\":3,\"name\":\"Spazzaneve\"}]},{\"@type\":\"WebSite\",\"@id\":\"https:\\\/\\\/leite-europa.com\\\/it\\\/#website\",\"url\":\"https:\\\/\\\/leite-europa.com\\\/it\\\/\",\"name\":\"Leite Europe\",\"description\":\"\",\"publisher\":{\"@id\":\"https:\\\/\\\/leite-europa.com\\\/it\\\/#organization\"},\"potentialAction\":[{\"@type\":\"SearchAction\",\"target\":{\"@type\":\"EntryPoint\",\"urlTemplate\":\"https:\\\/\\\/leite-europa.com\\\/it\\\/?s={search_term_string}\"},\"query-input\":{\"@type\":\"PropertyValueSpecification\",\"valueRequired\":true,\"valueName\":\"search_term_string\"}}],\"inLanguage\":\"it-IT\"},{\"@type\":\"Organization\",\"@id\":\"https:\\\/\\\/leite-europa.com\\\/it\\\/#organization\",\"name\":\"Leite Europe\",\"url\":\"https:\\\/\\\/leite-europa.com\\\/it\\\/\",\"logo\":{\"@type\":\"ImageObject\",\"inLanguage\":\"it-IT\",\"@id\":\"https:\\\/\\\/leite-europa.com\\\/it\\\/#\\\/schema\\\/logo\\\/image\\\/\",\"url\":\"https:\\\/\\\/leite-europa.com\\\/wp-content\\\/uploads\\\/2022\\\/12\\\/LOGO-LEITE.png\",\"contentUrl\":\"https:\\\/\\\/leite-europa.com\\\/wp-content\\\/uploads\\\/2022\\\/12\\\/LOGO-LEITE.png\",\"width\":1024,\"height\":512,\"caption\":\"Leite Europe\"},\"image\":{\"@id\":\"https:\\\/\\\/leite-europa.com\\\/it\\\/#\\\/schema\\\/logo\\\/image\\\/\"},\"sameAs\":[\"https:\\\/\\\/www.facebook.com\\\/profile.php?id=100089192656837\",\"https:\\\/\\\/www.instagram.com\\\/leite_france_minipelle\\\/\",\"https:\\\/\\\/www.linkedin.com\\\/company\\\/leite-france\\\/\"]}]}<\/script>\n<!-- \/ Yoast SEO plugin. -->","yoast_head_json":{"title":"Spazzaneve - Leite Europe","description":"Trasformate il vostro mini-caricatore Leite LTH380 in una macchina per lo sgombero della neve con la nostra lama da neve adattabile.","robots":{"index":"index","follow":"follow","max-snippet":"max-snippet:-1","max-image-preview":"max-image-preview:large","max-video-preview":"max-video-preview:-1"},"canonical":"https:\/\/leite-europa.com\/it\/produit\/spazzaneve\/","og_locale":"it_IT","og_type":"article","og_title":"Spazzaneve - Leite Europe","og_description":"Trasformate il vostro mini-caricatore Leite LTH380 in una macchina per lo sgombero della neve con la nostra lama da neve adattabile.","og_url":"https:\/\/leite-europa.com\/it\/produit\/spazzaneve\/","og_site_name":"Leite Europe","article_publisher":"https:\/\/www.facebook.com\/profile.php?id=100089192656837","article_modified_time":"2024-04-17T13:50:30+00:00","og_image":[{"width":1920,"height":1440,"url":"https:\/\/leite-europa.com\/wp-content\/uploads\/2023\/08\/0Q8A9541.jpg","type":"image\/jpeg"}],"twitter_card":"summary_large_image","twitter_misc":{"Tempo di lettura stimato":"3 minuti"},"schema":{"@context":"https:\/\/schema.org","@graph":[{"@type":"WebPage","@id":"https:\/\/leite-europa.com\/it\/produit\/spazzaneve\/","url":"https:\/\/leite-europa.com\/it\/produit\/spazzaneve\/","name":"Spazzaneve - Leite Europe","isPartOf":{"@id":"https:\/\/leite-europa.com\/it\/#website"},"primaryImageOfPage":{"@id":"https:\/\/leite-europa.com\/it\/produit\/spazzaneve\/#primaryimage"},"image":{"@id":"https:\/\/leite-europa.com\/it\/produit\/spazzaneve\/#primaryimage"},"thumbnailUrl":"https:\/\/leite-europa.com\/wp-content\/uploads\/2023\/08\/0Q8A9541.jpg","datePublished":"2023-11-07T12:52:06+00:00","dateModified":"2024-04-17T13:50:30+00:00","description":"Trasformate il vostro mini-caricatore Leite LTH380 in una macchina per lo sgombero della neve con la nostra lama da neve adattabile.","breadcrumb":{"@id":"https:\/\/leite-europa.com\/it\/produit\/spazzaneve\/#breadcrumb"},"inLanguage":"it-IT","potentialAction":[{"@type":"ReadAction","target":["https:\/\/leite-europa.com\/it\/produit\/spazzaneve\/"]}]},{"@type":"ImageObject","inLanguage":"it-IT","@id":"https:\/\/leite-europa.com\/it\/produit\/spazzaneve\/#primaryimage","url":"https:\/\/leite-europa.com\/wp-content\/uploads\/2023\/08\/0Q8A9541.jpg","contentUrl":"https:\/\/leite-europa.com\/wp-content\/uploads\/2023\/08\/0Q8A9541.jpg","width":1920,"height":1440,"caption":"LTH380 Leite Mini Caricabatterie Sgombero neve"},{"@type":"BreadcrumbList","@id":"https:\/\/leite-europa.com\/it\/produit\/spazzaneve\/#breadcrumb","itemListElement":[{"@type":"ListItem","position":1,"name":"Accueil","item":"https:\/\/leite-europa.com\/it\/casa\/"},{"@type":"ListItem","position":2,"name":"Negozio","item":"https:\/\/leite-europa.com\/fr\/boutique\/"},{"@type":"ListItem","position":3,"name":"Spazzaneve"}]},{"@type":"WebSite","@id":"https:\/\/leite-europa.com\/it\/#website","url":"https:\/\/leite-europa.com\/it\/","name":"Leite Europe","description":"","publisher":{"@id":"https:\/\/leite-europa.com\/it\/#organization"},"potentialAction":[{"@type":"SearchAction","target":{"@type":"EntryPoint","urlTemplate":"https:\/\/leite-europa.com\/it\/?s={search_term_string}"},"query-input":{"@type":"PropertyValueSpecification","valueRequired":true,"valueName":"search_term_string"}}],"inLanguage":"it-IT"},{"@type":"Organization","@id":"https:\/\/leite-europa.com\/it\/#organization","name":"Leite Europe","url":"https:\/\/leite-europa.com\/it\/","logo":{"@type":"ImageObject","inLanguage":"it-IT","@id":"https:\/\/leite-europa.com\/it\/#\/schema\/logo\/image\/","url":"https:\/\/leite-europa.com\/wp-content\/uploads\/2022\/12\/LOGO-LEITE.png","contentUrl":"https:\/\/leite-europa.com\/wp-content\/uploads\/2022\/12\/LOGO-LEITE.png","width":1024,"height":512,"caption":"Leite Europe"},"image":{"@id":"https:\/\/leite-europa.com\/it\/#\/schema\/logo\/image\/"},"sameAs":["https:\/\/www.facebook.com\/profile.php?id=100089192656837","https:\/\/www.instagram.com\/leite_france_minipelle\/","https:\/\/www.linkedin.com\/company\/leite-france\/"]}]}},"_links":{"self":[{"href":"https:\/\/leite-europa.com\/it\/wp-json\/wp\/v2\/product\/8230","targetHints":{"allow":["GET"]}}],"collection":[{"href":"https:\/\/leite-europa.com\/it\/wp-json\/wp\/v2\/product"}],"about":[{"href":"https:\/\/leite-europa.com\/it\/wp-json\/wp\/v2\/types\/product"}],"wp:featuredmedia":[{"embeddable":true,"href":"https:\/\/leite-europa.com\/it\/wp-json\/wp\/v2\/media\/4306"}],"wp:attachment":[{"href":"https:\/\/leite-europa.com\/it\/wp-json\/wp\/v2\/media?parent=8230"}],"wp:term":[{"taxonomy":"product_brand","embeddable":true,"href":"https:\/\/leite-europa.com\/it\/wp-json\/wp\/v2\/product_brand?post=8230"},{"taxonomy":"product_cat","embeddable":true,"href":"https:\/\/leite-europa.com\/it\/wp-json\/wp\/v2\/product_cat?post=8230"},{"taxonomy":"product_tag","embeddable":true,"href":"https:\/\/leite-europa.com\/it\/wp-json\/wp\/v2\/product_tag?post=8230"}],"curies":[{"name":"wp","href":"https:\/\/api.w.org\/{rel}","templated":true}]}}