{"id":8232,"date":"2023-11-07T14:14:34","date_gmt":"2023-11-07T13:14:34","guid":{"rendered":"https:\/\/leite-europa.com\/produit\/secchio-per-la-raccolta-delle-pietre\/"},"modified":"2024-04-17T15:49:02","modified_gmt":"2024-04-17T13:49:02","slug":"secchio-per-la-raccolta-delle-pietre","status":"publish","type":"product","link":"https:\/\/leite-europa.com\/it\/produit\/secchio-per-la-raccolta-delle-pietre\/","title":{"rendered":"Secchio per la raccolta delle pietre"},"content":{"rendered":"<p>[et_pb_section fb_built=&#8221;1&#8243; _builder_version=&#8221;4.19.2&#8243; _module_preset=&#8221;default&#8221; background_color=&#8221;#FFFFFF&#8221; custom_padding=&#8221;||4px|||&#8221; global_colors_info=&#8221;{}&#8221;][et_pb_row column_structure=&#8221;1_2,1_2&#8243; _builder_version=&#8221;4.19.2&#8243; _module_preset=&#8221;default&#8221; global_colors_info=&#8221;{}&#8221;][et_pb_column type=&#8221;1_2&#8243; _builder_version=&#8221;4.19.2&#8243; _module_preset=&#8221;default&#8221; global_colors_info=&#8221;{}&#8221;][et_pb_gallery gallery_ids=&#8221;2167&#8243; fullwidth=&#8221;on&#8221; _builder_version=&#8221;4.20.4&#8243; _module_preset=&#8221;default&#8221; global_colors_info=&#8221;{}&#8221;][\/et_pb_gallery][\/et_pb_column][et_pb_column type=&#8221;1_2&#8243; _builder_version=&#8221;4.19.2&#8243; _module_preset=&#8221;default&#8221; global_colors_info=&#8221;{}&#8221;][et_pb_text _builder_version=&#8221;4.20.4&#8243; _module_preset=&#8221;default&#8221; text_line_height=&#8221;2em&#8221; header_2_text_color=&#8221;#E75F0D&#8221; global_colors_info=&#8221;{}&#8221;]<\/p>\n<h2>&#8220;Uno strumento versatile per lavori di precisione&#8221;.<\/h2>\n<p>[\/et_pb_text][et_pb_text _builder_version=&#8221;4.20.4&#8243; _module_preset=&#8221;default&#8221; text_orientation=&#8221;justified&#8221; global_colors_info=&#8221;{}&#8221;]<\/p>\n<p>Vi presentiamo la nostra benna raccoglipietre, appositamente progettata per la minipala LTH380 Leite. Questa benna, nota anche come benna a conchiglia o benna a scheletro, \u00e8 la soluzione ottimale per tutte le attivit\u00e0 che richiedono la raccolta, la setacciatura o la separazione di pietre.<\/p>\n<p>[\/et_pb_text][\/et_pb_column][\/et_pb_row][et_pb_row _builder_version=&#8221;4.20.4&#8243; _module_preset=&#8221;default&#8221; global_colors_info=&#8221;{}&#8221;][et_pb_column type=&#8221;4_4&#8243; _builder_version=&#8221;4.20.4&#8243; _module_preset=&#8221;default&#8221; global_colors_info=&#8221;{}&#8221;][et_pb_text _builder_version=&#8221;4.20.4&#8243; _module_preset=&#8221;default&#8221; global_colors_info=&#8221;{}&#8221;]<\/p>\n<p><strong>Caratteristiche :<\/strong><\/p>\n<ul>\n<li>\n<p><strong>Compatibilit\u00e0:<\/strong> Adattabile alla mini-caricatrice LTH380 Leite, la nostra benna raccoglitrice di pietre \u00e8 un complemento essenziale per una moltitudine di attivit\u00e0.<\/p>\n<\/li>\n<li>\n<p><strong>Efficienza di setacciatura:<\/strong> il suo design a conchiglia, unito a robusti denti, gli conferisce un&#8217;eccezionale capacit\u00e0 di setacciare il terreno, separando e raccogliendo efficacemente le pietre.<\/p>\n<\/li>\n<li>\n<p><strong>Resilienza:<\/strong> Costruito con materiali resistenti e durevoli, il nostro secchio raccoglitore di pietra \u00e8 un investimento a lungo termine per tutti i progetti che richiedono la gestione della pietra.<\/p>\n<\/li>\n<\/ul>\n<p><strong>L&#8217;impegno della nostra benna raccoglitrice di pietra :<\/strong><\/p>\n<ul>\n<li>\n<p><strong>Versatilit\u00e0:<\/strong> oltre a raccogliere sassi, \u00e8 efficace anche per altre applicazioni come la raccolta delle patate, la pulizia delle spiagge e altro ancora.<\/p>\n<\/li>\n<li>\n<p><strong>Ottimizzazione della produttivit\u00e0:<\/strong> grazie alla sua grande capacit\u00e0 di raccolta e all&#8217;efficiente setacciatura, la benna raccoglitrice di pietre \u00e8 lo strumento ideale per ottimizzare la produzione.<\/p>\n<\/li>\n<li>\n<p><strong>Efficiente dal punto di vista dei costi:<\/strong> aggiungendo la nostra benna raccoglipietre al vostro mini-caricatore LTH380 Leite, ne massimizzerete l&#8217;uso, evitando inutili spese per attrezzature specialistiche.<\/p>\n<\/li>\n<\/ul>\n<p>La benna raccoglitrice per il mini-caricatore Leite LTH380 \u00e8 una soluzione innovativa per una gestione efficiente della pietra. La versatilit\u00e0, la durata e l&#8217;efficienza superiore ne fanno la scelta ideale per massimizzare la produttivit\u00e0. La nostra benna raccoglipietre rende la raccolta delle pietre un&#8217;operazione semplice, efficiente ed economica.<\/p>\n<p>[\/et_pb_text][\/et_pb_column][\/et_pb_row][\/et_pb_section][et_pb_section fb_built=&#8221;1&#8243; _builder_version=&#8221;4.21.2&#8243; _module_preset=&#8221;default&#8221; background_color=&#8221;RGBA(255,255,255,0)&#8221; global_colors_info=&#8221;{}&#8221;][et_pb_row column_structure=&#8221;1_2,1_2&#8243; _builder_version=&#8221;4.20.4&#8243; _module_preset=&#8221;default&#8221; global_colors_info=&#8221;{}&#8221;][et_pb_column type=&#8221;1_2&#8243; _builder_version=&#8221;4.20.4&#8243; _module_preset=&#8221;default&#8221; global_colors_info=&#8221;{}&#8221;][et_pb_image src=&#8221;https:\/\/leite-france.fr\/wp-content\/uploads\/2023\/08\/0Q8A7098.jpg&#8221; alt=&#8221;Secchio per la raccolta delle pietre&#8221; title_text=&#8221;Secchio per la raccolta delle pietre&#8221; _builder_version=&#8221;4.20.4&#8243; _module_preset=&#8221;default&#8221; global_colors_info=&#8221;{}&#8221;][\/et_pb_image][\/et_pb_column][et_pb_column type=&#8221;1_2&#8243; _builder_version=&#8221;4.20.4&#8243; _module_preset=&#8221;default&#8221; global_colors_info=&#8221;{}&#8221;][et_pb_image src=&#8221;https:\/\/leite-france.fr\/wp-content\/uploads\/2023\/08\/0Q8A7074.jpg&#8221; alt=&#8221;Secchio per la raccolta delle pietre&#8221; title_text=&#8221;Secchio per la raccolta delle pietre&#8221; _builder_version=&#8221;4.20.4&#8243; _module_preset=&#8221;default&#8221; global_colors_info=&#8221;{}&#8221;][\/et_pb_image][\/et_pb_column][\/et_pb_row][\/et_pb_section]<\/p>\n","protected":false},"excerpt":{"rendered":"<p>&#8220;Uno strumento versatile per lavori di precisione&#8221;.Vi presentiamo la nostra benna raccoglipietre, appositamente progettata per la minipala LTH380 Leite. Questa benna, nota anche come benna a conchiglia o benna a scheletro, \u00e8 la soluzione ottimale per tutte le attivit\u00e0 che richiedono la raccolta, la setacciatura o la separazione di pietre.Caratteristiche : Compatibilit\u00e0: Adattabile alla mini-caricatrice [&hellip;]<\/p>\n","protected":false},"featured_media":4334,"template":"","meta":{"_et_pb_use_builder":"on","_et_pb_old_content":"","_et_gb_content_width":""},"product_brand":[],"product_cat":[306,197],"product_tag":[],"class_list":{"0":"post-8232","1":"product","2":"type-product","3":"status-publish","4":"has-post-thumbnail","6":"product_cat-accessori-mini-caricatore-lth380","7":"product_cat-accessori-per-mini-caricabatterie","9":"first","10":"instock","11":"taxable","12":"shipping-taxable","13":"purchasable","14":"product-type-simple"},"yoast_head":"<!-- This site is optimized with the Yoast SEO plugin v27.3 - https:\/\/yoast.com\/product\/yoast-seo-wordpress\/ -->\n<title>Secchio per la raccolta delle pietre - Leite Europe<\/title>\n<meta name=\"description\" content=\"Estendete la gamma di attivit\u00e0 della vostra minipala LTH380 Leite con la nostra benna raccoglipietre.\" \/>\n<meta name=\"robots\" content=\"index, follow, max-snippet:-1, max-image-preview:large, max-video-preview:-1\" \/>\n<link rel=\"canonical\" href=\"https:\/\/leite-europa.com\/it\/produit\/secchio-per-la-raccolta-delle-pietre\/\" \/>\n<meta property=\"og:locale\" content=\"it_IT\" \/>\n<meta property=\"og:type\" content=\"article\" \/>\n<meta property=\"og:title\" content=\"Secchio per la raccolta delle pietre - Leite Europe\" \/>\n<meta property=\"og:description\" content=\"Estendete la gamma di attivit\u00e0 della vostra minipala LTH380 Leite con la nostra benna raccoglipietre.\" \/>\n<meta property=\"og:url\" content=\"https:\/\/leite-europa.com\/it\/produit\/secchio-per-la-raccolta-delle-pietre\/\" \/>\n<meta property=\"og:site_name\" content=\"Leite Europe\" \/>\n<meta property=\"article:publisher\" content=\"https:\/\/www.facebook.com\/profile.php?id=100089192656837\" \/>\n<meta property=\"article:modified_time\" content=\"2024-04-17T13:49:02+00:00\" \/>\n<meta property=\"og:image\" content=\"https:\/\/leite-europa.com\/wp-content\/uploads\/2023\/08\/0Q8A7093.jpg\" \/>\n\t<meta property=\"og:image:width\" content=\"1920\" \/>\n\t<meta property=\"og:image:height\" content=\"1440\" \/>\n\t<meta property=\"og:image:type\" content=\"image\/jpeg\" \/>\n<meta name=\"twitter:card\" content=\"summary_large_image\" \/>\n<meta name=\"twitter:label1\" content=\"Tempo di lettura stimato\" \/>\n\t<meta name=\"twitter:data1\" content=\"3 minuti\" \/>\n<script type=\"application\/ld+json\" class=\"yoast-schema-graph\">{\"@context\":\"https:\\\/\\\/schema.org\",\"@graph\":[{\"@type\":\"WebPage\",\"@id\":\"https:\\\/\\\/leite-europa.com\\\/it\\\/produit\\\/secchio-per-la-raccolta-delle-pietre\\\/\",\"url\":\"https:\\\/\\\/leite-europa.com\\\/it\\\/produit\\\/secchio-per-la-raccolta-delle-pietre\\\/\",\"name\":\"Secchio per la raccolta delle pietre - Leite Europe\",\"isPartOf\":{\"@id\":\"https:\\\/\\\/leite-europa.com\\\/it\\\/#website\"},\"primaryImageOfPage\":{\"@id\":\"https:\\\/\\\/leite-europa.com\\\/it\\\/produit\\\/secchio-per-la-raccolta-delle-pietre\\\/#primaryimage\"},\"image\":{\"@id\":\"https:\\\/\\\/leite-europa.com\\\/it\\\/produit\\\/secchio-per-la-raccolta-delle-pietre\\\/#primaryimage\"},\"thumbnailUrl\":\"https:\\\/\\\/leite-europa.com\\\/wp-content\\\/uploads\\\/2023\\\/08\\\/0Q8A7093.jpg\",\"datePublished\":\"2023-11-07T13:14:34+00:00\",\"dateModified\":\"2024-04-17T13:49:02+00:00\",\"description\":\"Estendete la gamma di attivit\u00e0 della vostra minipala LTH380 Leite con la nostra benna raccoglipietre.\",\"breadcrumb\":{\"@id\":\"https:\\\/\\\/leite-europa.com\\\/it\\\/produit\\\/secchio-per-la-raccolta-delle-pietre\\\/#breadcrumb\"},\"inLanguage\":\"it-IT\",\"potentialAction\":[{\"@type\":\"ReadAction\",\"target\":[\"https:\\\/\\\/leite-europa.com\\\/it\\\/produit\\\/secchio-per-la-raccolta-delle-pietre\\\/\"]}]},{\"@type\":\"ImageObject\",\"inLanguage\":\"it-IT\",\"@id\":\"https:\\\/\\\/leite-europa.com\\\/it\\\/produit\\\/secchio-per-la-raccolta-delle-pietre\\\/#primaryimage\",\"url\":\"https:\\\/\\\/leite-europa.com\\\/wp-content\\\/uploads\\\/2023\\\/08\\\/0Q8A7093.jpg\",\"contentUrl\":\"https:\\\/\\\/leite-europa.com\\\/wp-content\\\/uploads\\\/2023\\\/08\\\/0Q8A7093.jpg\",\"width\":1920,\"height\":1440,\"caption\":\"Secchio per la raccolta delle pietre\"},{\"@type\":\"BreadcrumbList\",\"@id\":\"https:\\\/\\\/leite-europa.com\\\/it\\\/produit\\\/secchio-per-la-raccolta-delle-pietre\\\/#breadcrumb\",\"itemListElement\":[{\"@type\":\"ListItem\",\"position\":1,\"name\":\"Accueil\",\"item\":\"https:\\\/\\\/leite-europa.com\\\/it\\\/casa\\\/\"},{\"@type\":\"ListItem\",\"position\":2,\"name\":\"Negozio\",\"item\":\"https:\\\/\\\/leite-europa.com\\\/fr\\\/boutique\\\/\"},{\"@type\":\"ListItem\",\"position\":3,\"name\":\"Secchio per la raccolta delle pietre\"}]},{\"@type\":\"WebSite\",\"@id\":\"https:\\\/\\\/leite-europa.com\\\/it\\\/#website\",\"url\":\"https:\\\/\\\/leite-europa.com\\\/it\\\/\",\"name\":\"Leite Europe\",\"description\":\"\",\"publisher\":{\"@id\":\"https:\\\/\\\/leite-europa.com\\\/it\\\/#organization\"},\"potentialAction\":[{\"@type\":\"SearchAction\",\"target\":{\"@type\":\"EntryPoint\",\"urlTemplate\":\"https:\\\/\\\/leite-europa.com\\\/it\\\/?s={search_term_string}\"},\"query-input\":{\"@type\":\"PropertyValueSpecification\",\"valueRequired\":true,\"valueName\":\"search_term_string\"}}],\"inLanguage\":\"it-IT\"},{\"@type\":\"Organization\",\"@id\":\"https:\\\/\\\/leite-europa.com\\\/it\\\/#organization\",\"name\":\"Leite Europe\",\"url\":\"https:\\\/\\\/leite-europa.com\\\/it\\\/\",\"logo\":{\"@type\":\"ImageObject\",\"inLanguage\":\"it-IT\",\"@id\":\"https:\\\/\\\/leite-europa.com\\\/it\\\/#\\\/schema\\\/logo\\\/image\\\/\",\"url\":\"https:\\\/\\\/leite-europa.com\\\/wp-content\\\/uploads\\\/2022\\\/12\\\/LOGO-LEITE.png\",\"contentUrl\":\"https:\\\/\\\/leite-europa.com\\\/wp-content\\\/uploads\\\/2022\\\/12\\\/LOGO-LEITE.png\",\"width\":1024,\"height\":512,\"caption\":\"Leite Europe\"},\"image\":{\"@id\":\"https:\\\/\\\/leite-europa.com\\\/it\\\/#\\\/schema\\\/logo\\\/image\\\/\"},\"sameAs\":[\"https:\\\/\\\/www.facebook.com\\\/profile.php?id=100089192656837\",\"https:\\\/\\\/www.instagram.com\\\/leite_france_minipelle\\\/\",\"https:\\\/\\\/www.linkedin.com\\\/company\\\/leite-france\\\/\"]}]}<\/script>\n<!-- \/ Yoast SEO plugin. -->","yoast_head_json":{"title":"Secchio per la raccolta delle pietre - Leite Europe","description":"Estendete la gamma di attivit\u00e0 della vostra minipala LTH380 Leite con la nostra benna raccoglipietre.","robots":{"index":"index","follow":"follow","max-snippet":"max-snippet:-1","max-image-preview":"max-image-preview:large","max-video-preview":"max-video-preview:-1"},"canonical":"https:\/\/leite-europa.com\/it\/produit\/secchio-per-la-raccolta-delle-pietre\/","og_locale":"it_IT","og_type":"article","og_title":"Secchio per la raccolta delle pietre - Leite Europe","og_description":"Estendete la gamma di attivit\u00e0 della vostra minipala LTH380 Leite con la nostra benna raccoglipietre.","og_url":"https:\/\/leite-europa.com\/it\/produit\/secchio-per-la-raccolta-delle-pietre\/","og_site_name":"Leite Europe","article_publisher":"https:\/\/www.facebook.com\/profile.php?id=100089192656837","article_modified_time":"2024-04-17T13:49:02+00:00","og_image":[{"width":1920,"height":1440,"url":"https:\/\/leite-europa.com\/wp-content\/uploads\/2023\/08\/0Q8A7093.jpg","type":"image\/jpeg"}],"twitter_card":"summary_large_image","twitter_misc":{"Tempo di lettura stimato":"3 minuti"},"schema":{"@context":"https:\/\/schema.org","@graph":[{"@type":"WebPage","@id":"https:\/\/leite-europa.com\/it\/produit\/secchio-per-la-raccolta-delle-pietre\/","url":"https:\/\/leite-europa.com\/it\/produit\/secchio-per-la-raccolta-delle-pietre\/","name":"Secchio per la raccolta delle pietre - Leite Europe","isPartOf":{"@id":"https:\/\/leite-europa.com\/it\/#website"},"primaryImageOfPage":{"@id":"https:\/\/leite-europa.com\/it\/produit\/secchio-per-la-raccolta-delle-pietre\/#primaryimage"},"image":{"@id":"https:\/\/leite-europa.com\/it\/produit\/secchio-per-la-raccolta-delle-pietre\/#primaryimage"},"thumbnailUrl":"https:\/\/leite-europa.com\/wp-content\/uploads\/2023\/08\/0Q8A7093.jpg","datePublished":"2023-11-07T13:14:34+00:00","dateModified":"2024-04-17T13:49:02+00:00","description":"Estendete la gamma di attivit\u00e0 della vostra minipala LTH380 Leite con la nostra benna raccoglipietre.","breadcrumb":{"@id":"https:\/\/leite-europa.com\/it\/produit\/secchio-per-la-raccolta-delle-pietre\/#breadcrumb"},"inLanguage":"it-IT","potentialAction":[{"@type":"ReadAction","target":["https:\/\/leite-europa.com\/it\/produit\/secchio-per-la-raccolta-delle-pietre\/"]}]},{"@type":"ImageObject","inLanguage":"it-IT","@id":"https:\/\/leite-europa.com\/it\/produit\/secchio-per-la-raccolta-delle-pietre\/#primaryimage","url":"https:\/\/leite-europa.com\/wp-content\/uploads\/2023\/08\/0Q8A7093.jpg","contentUrl":"https:\/\/leite-europa.com\/wp-content\/uploads\/2023\/08\/0Q8A7093.jpg","width":1920,"height":1440,"caption":"Secchio per la raccolta delle pietre"},{"@type":"BreadcrumbList","@id":"https:\/\/leite-europa.com\/it\/produit\/secchio-per-la-raccolta-delle-pietre\/#breadcrumb","itemListElement":[{"@type":"ListItem","position":1,"name":"Accueil","item":"https:\/\/leite-europa.com\/it\/casa\/"},{"@type":"ListItem","position":2,"name":"Negozio","item":"https:\/\/leite-europa.com\/fr\/boutique\/"},{"@type":"ListItem","position":3,"name":"Secchio per la raccolta delle pietre"}]},{"@type":"WebSite","@id":"https:\/\/leite-europa.com\/it\/#website","url":"https:\/\/leite-europa.com\/it\/","name":"Leite Europe","description":"","publisher":{"@id":"https:\/\/leite-europa.com\/it\/#organization"},"potentialAction":[{"@type":"SearchAction","target":{"@type":"EntryPoint","urlTemplate":"https:\/\/leite-europa.com\/it\/?s={search_term_string}"},"query-input":{"@type":"PropertyValueSpecification","valueRequired":true,"valueName":"search_term_string"}}],"inLanguage":"it-IT"},{"@type":"Organization","@id":"https:\/\/leite-europa.com\/it\/#organization","name":"Leite Europe","url":"https:\/\/leite-europa.com\/it\/","logo":{"@type":"ImageObject","inLanguage":"it-IT","@id":"https:\/\/leite-europa.com\/it\/#\/schema\/logo\/image\/","url":"https:\/\/leite-europa.com\/wp-content\/uploads\/2022\/12\/LOGO-LEITE.png","contentUrl":"https:\/\/leite-europa.com\/wp-content\/uploads\/2022\/12\/LOGO-LEITE.png","width":1024,"height":512,"caption":"Leite Europe"},"image":{"@id":"https:\/\/leite-europa.com\/it\/#\/schema\/logo\/image\/"},"sameAs":["https:\/\/www.facebook.com\/profile.php?id=100089192656837","https:\/\/www.instagram.com\/leite_france_minipelle\/","https:\/\/www.linkedin.com\/company\/leite-france\/"]}]}},"_links":{"self":[{"href":"https:\/\/leite-europa.com\/it\/wp-json\/wp\/v2\/product\/8232","targetHints":{"allow":["GET"]}}],"collection":[{"href":"https:\/\/leite-europa.com\/it\/wp-json\/wp\/v2\/product"}],"about":[{"href":"https:\/\/leite-europa.com\/it\/wp-json\/wp\/v2\/types\/product"}],"wp:featuredmedia":[{"embeddable":true,"href":"https:\/\/leite-europa.com\/it\/wp-json\/wp\/v2\/media\/4334"}],"wp:attachment":[{"href":"https:\/\/leite-europa.com\/it\/wp-json\/wp\/v2\/media?parent=8232"}],"wp:term":[{"taxonomy":"product_brand","embeddable":true,"href":"https:\/\/leite-europa.com\/it\/wp-json\/wp\/v2\/product_brand?post=8232"},{"taxonomy":"product_cat","embeddable":true,"href":"https:\/\/leite-europa.com\/it\/wp-json\/wp\/v2\/product_cat?post=8232"},{"taxonomy":"product_tag","embeddable":true,"href":"https:\/\/leite-europa.com\/it\/wp-json\/wp\/v2\/product_tag?post=8232"}],"curies":[{"name":"wp","href":"https:\/\/api.w.org\/{rel}","templated":true}]}}