{"id":8287,"date":"2023-11-07T12:15:58","date_gmt":"2023-11-07T11:15:58","guid":{"rendered":"https:\/\/leite-europa.com\/produit\/squartatore-3-denti\/"},"modified":"2024-04-17T15:51:18","modified_gmt":"2024-04-17T13:51:18","slug":"ripper-3-denti","status":"publish","type":"product","link":"https:\/\/leite-europa.com\/it\/produit\/ripper-3-denti\/","title":{"rendered":"Squartatore 3 denti"},"content":{"rendered":"<p>[et_pb_section fb_built=&#8221;1&#8243; _builder_version=&#8221;4.19.2&#8243; _module_preset=&#8221;default&#8221; background_color=&#8221;#FFFFFF&#8221; custom_padding=&#8221;||4px|||&#8221; global_colors_info=&#8221;{}&#8221; theme_builder_area=&#8221;post_content&#8221;][et_pb_row column_structure=&#8221;1_2,1_2&#8243; _builder_version=&#8221;4.19.2&#8243; _module_preset=&#8221;default&#8221; global_colors_info=&#8221;{}&#8221; theme_builder_area=&#8221;post_content&#8221;][et_pb_column type=&#8221;1_2&#8243; _builder_version=&#8221;4.19.2&#8243; _module_preset=&#8221;default&#8221; global_colors_info=&#8221;{}&#8221; theme_builder_area=&#8221;post_content&#8221;][et_pb_gallery gallery_ids=&#8221;2142&#8243; fullwidth=&#8221;on&#8221; _builder_version=&#8221;4.20.4&#8243; _module_preset=&#8221;default&#8221; global_colors_info=&#8221;{}&#8221; theme_builder_area=&#8221;post_content&#8221;][\/et_pb_gallery][\/et_pb_column][et_pb_column type=&#8221;1_2&#8243; _builder_version=&#8221;4.19.2&#8243; _module_preset=&#8221;default&#8221; global_colors_info=&#8221;{}&#8221; theme_builder_area=&#8221;post_content&#8221;][et_pb_text _builder_version=&#8221;4.20.4&#8243; _module_preset=&#8221;default&#8221; text_line_height=&#8221;2em&#8221; header_2_text_color=&#8221;#E75F0D&#8221; global_colors_info=&#8221;{}&#8221; theme_builder_area=&#8221;post_content&#8221;]<\/p>\n<h2>&#8220;Scoprite la potenza di strappare il terreno con il Ripper Leite&#8221;.<\/h2>\n<p>[\/et_pb_text][et_pb_text _builder_version=&#8221;4.20.4&#8243; _module_preset=&#8221;default&#8221; text_orientation=&#8221;justified&#8221; global_colors_info=&#8221;{}&#8221; theme_builder_area=&#8221;post_content&#8221;]<\/p>\n<p>Sfruttate al massimo la vostra minipala Leite LTH380 con il nostro Ripper, uno strumento formidabile progettato per rompere superfici dure e compatte con una facilit\u00e0 impressionante. Questo potente accessorio trasforma il vostro caricatore in una forza inarrestabile, in grado di sfondare superfici dure e compatte con incredibile efficienza.<\/p>\n<p>[\/et_pb_text][\/et_pb_column][\/et_pb_row][et_pb_row _builder_version=&#8221;4.20.4&#8243; _module_preset=&#8221;default&#8221; global_colors_info=&#8221;{}&#8221; theme_builder_area=&#8221;post_content&#8221;][et_pb_column type=&#8221;4_4&#8243; _builder_version=&#8221;4.20.4&#8243; _module_preset=&#8221;default&#8221; global_colors_info=&#8221;{}&#8221; theme_builder_area=&#8221;post_content&#8221;][et_pb_text _builder_version=&#8221;4.20.4&#8243; _module_preset=&#8221;default&#8221; global_colors_info=&#8221;{}&#8221; theme_builder_area=&#8221;post_content&#8221;]<\/p>\n<p><strong>Abbattere le barriere con una potenza senza pari<\/strong><\/p>\n<p>Il nostro Ripper \u00e8 dotato di denti per impieghi gravosi progettati per scavare in profondit\u00e0 nel terreno e strappare le superfici pi\u00f9 dure. Che si tratti di terra compattata, manto erboso o cemento, il nostro Ripper offre la potenza necessaria per portare a termine il lavoro.<\/p>\n<p><strong>Installazione rapida e funzionamento intuitivo<\/strong><\/p>\n<p>Progettato specificamente per il mini caricabatterie Leite LTH380, il nostro Ripper \u00e8 tanto facile da installare quanto da usare. Grazie al suo funzionamento intuitivo, \u00e8 possibile sfondare facilmente superfici dure e compatte, qualunque sia il vostro livello di esperienza.<\/p>\n<p><strong>Durata e sicurezza garantite<\/strong><\/p>\n<p>In Leite France ci concentriamo sulla durata dei nostri prodotti e sulla sicurezza dei nostri utenti. Ecco perch\u00e9 il nostro Ripper \u00e8 stato progettato per offrire prestazioni di lunga durata e garantire la sicurezza dell&#8217;operatore.<\/p>\n<p><strong>Versatilit\u00e0 per soddisfare tutte le esigenze<\/strong><\/p>\n<p>Il nostro Ripper \u00e8 uno strumento versatile, in grado di affrontare una variet\u00e0 di superfici dure e compatte. Che si tratti di un imprenditore edile, di un paesaggista o di un agricoltore, il Ripper Leite \u00e8 lo strumento necessario per abbattere le barriere e portare a termine il lavoro.<\/p>\n<p><strong>Provate Leite con il nostro Ripper<\/strong><\/p>\n<p>Massimizzate l&#8217;efficienza del vostro caricabatterie Leite LTH380 mini con il nostro Ripper. Non lasciate che superfici dure e compatte vi rallentino, scegliete la soluzione Leite.<\/p>\n<p>Per ulteriori informazioni, contattateci. Il nostro team \u00e8 pronto ad aiutarvi a massimizzare la potenza del vostro caricabatterie mini con il nostro Ripper.<\/p>\n<p>[\/et_pb_text][\/et_pb_column][\/et_pb_row][\/et_pb_section][et_pb_section fb_built=&#8221;1&#8243; _builder_version=&#8221;4.21.2&#8243; _module_preset=&#8221;default&#8221; background_color=&#8221;RGBA(255,255,255,0)&#8221; global_colors_info=&#8221;{}&#8221; theme_builder_area=&#8221;post_content&#8221;][et_pb_row column_structure=&#8221;1_2,1_2&#8243; _builder_version=&#8221;4.20.4&#8243; _module_preset=&#8221;default&#8221; global_colors_info=&#8221;{}&#8221; theme_builder_area=&#8221;post_content&#8221;][et_pb_column type=&#8221;1_2&#8243; _builder_version=&#8221;4.20.4&#8243; _module_preset=&#8221;default&#8221; global_colors_info=&#8221;{}&#8221; theme_builder_area=&#8221;post_content&#8221;][et_pb_image src=&#8221;https:\/\/leite-france.fr\/wp-content\/uploads\/2023\/08\/0Q8A9811.jpg&#8221; alt=&#8221;Mini caricatore Ripper 3 denti LTH380&#8243; title_text=&#8221;Mini caricatore Ripper 3 denti LTH380&#8243; _builder_version=&#8221;4.20.4&#8243; _module_preset=&#8221;default&#8221; global_colors_info=&#8221;{}&#8221; theme_builder_area=&#8221;post_content&#8221;][\/et_pb_image][\/et_pb_column][et_pb_column type=&#8221;1_2&#8243; _builder_version=&#8221;4.20.4&#8243; _module_preset=&#8221;default&#8221; global_colors_info=&#8221;{}&#8221; theme_builder_area=&#8221;post_content&#8221;][et_pb_image src=&#8221;https:\/\/leite-france.fr\/wp-content\/uploads\/2023\/08\/0Q8A9781.jpg&#8221; alt=&#8221;Mini caricatore Ripper 3 denti LTH380&#8243; title_text=&#8221;Mini caricatore Ripper 3 denti LTH380&#8243; _builder_version=&#8221;4.20.4&#8243; _module_preset=&#8221;default&#8221; global_colors_info=&#8221;{}&#8221; theme_builder_area=&#8221;post_content&#8221;][\/et_pb_image][\/et_pb_column][\/et_pb_row][\/et_pb_section]<\/p>\n","protected":false},"excerpt":{"rendered":"<p>&#8220;Scoprite la potenza di strappare il terreno con il Ripper Leite&#8221;.Sfruttate al massimo la vostra minipala Leite LTH380 con il nostro Ripper, uno strumento formidabile progettato per rompere superfici dure e compatte con una facilit\u00e0 impressionante. Questo potente accessorio trasforma il vostro caricatore in una forza inarrestabile, in grado di sfondare superfici dure e compatte [&hellip;]<\/p>\n","protected":false},"featured_media":4294,"template":"","meta":{"_et_pb_use_builder":"on","_et_pb_old_content":"","_et_gb_content_width":""},"product_brand":[],"product_cat":[306,197],"product_tag":[],"class_list":{"0":"post-8287","1":"product","2":"type-product","3":"status-publish","4":"has-post-thumbnail","6":"product_cat-accessori-mini-caricatore-lth380","7":"product_cat-accessori-per-mini-caricabatterie","9":"first","10":"instock","11":"taxable","12":"shipping-taxable","13":"purchasable","14":"product-type-simple"},"yoast_head":"<!-- This site is optimized with the Yoast SEO plugin v27.4 - https:\/\/yoast.com\/product\/yoast-seo-wordpress\/ -->\n<title>Squartatore 3 denti - Leite Europe<\/title>\n<meta name=\"description\" content=\"Sfruttate al massimo la vostra minipala Leite LTH380 con il nostro Ripper, un attrezzo progettato per rompere superfici dure e compatte.\" \/>\n<meta name=\"robots\" content=\"index, follow, max-snippet:-1, max-image-preview:large, max-video-preview:-1\" \/>\n<link rel=\"canonical\" href=\"https:\/\/leite-europa.com\/it\/produit\/ripper-3-denti\/\" \/>\n<meta property=\"og:locale\" content=\"it_IT\" \/>\n<meta property=\"og:type\" content=\"article\" \/>\n<meta property=\"og:title\" content=\"Squartatore 3 denti - Leite Europe\" \/>\n<meta property=\"og:description\" content=\"Sfruttate al massimo la vostra minipala Leite LTH380 con il nostro Ripper, un attrezzo progettato per rompere superfici dure e compatte.\" \/>\n<meta property=\"og:url\" content=\"https:\/\/leite-europa.com\/it\/produit\/ripper-3-denti\/\" \/>\n<meta property=\"og:site_name\" content=\"Leite Europe\" \/>\n<meta property=\"article:publisher\" content=\"https:\/\/www.facebook.com\/profile.php?id=100089192656837\" \/>\n<meta property=\"article:modified_time\" content=\"2024-04-17T13:51:18+00:00\" \/>\n<meta property=\"og:image\" content=\"https:\/\/leite-europa.com\/wp-content\/uploads\/2023\/07\/0Q8A9816.jpg\" \/>\n\t<meta property=\"og:image:width\" content=\"1920\" \/>\n\t<meta property=\"og:image:height\" content=\"1440\" \/>\n\t<meta property=\"og:image:type\" content=\"image\/jpeg\" \/>\n<meta name=\"twitter:card\" content=\"summary_large_image\" \/>\n<meta name=\"twitter:label1\" content=\"Tempo di lettura stimato\" \/>\n\t<meta name=\"twitter:data1\" content=\"3 minuti\" \/>\n<script type=\"application\/ld+json\" class=\"yoast-schema-graph\">{\"@context\":\"https:\\\/\\\/schema.org\",\"@graph\":[{\"@type\":\"WebPage\",\"@id\":\"https:\\\/\\\/leite-europa.com\\\/it\\\/produit\\\/ripper-3-denti\\\/\",\"url\":\"https:\\\/\\\/leite-europa.com\\\/it\\\/produit\\\/ripper-3-denti\\\/\",\"name\":\"Squartatore 3 denti - Leite Europe\",\"isPartOf\":{\"@id\":\"https:\\\/\\\/leite-europa.com\\\/it\\\/#website\"},\"primaryImageOfPage\":{\"@id\":\"https:\\\/\\\/leite-europa.com\\\/it\\\/produit\\\/ripper-3-denti\\\/#primaryimage\"},\"image\":{\"@id\":\"https:\\\/\\\/leite-europa.com\\\/it\\\/produit\\\/ripper-3-denti\\\/#primaryimage\"},\"thumbnailUrl\":\"https:\\\/\\\/leite-europa.com\\\/wp-content\\\/uploads\\\/2023\\\/07\\\/0Q8A9816.jpg\",\"datePublished\":\"2023-11-07T11:15:58+00:00\",\"dateModified\":\"2024-04-17T13:51:18+00:00\",\"description\":\"Sfruttate al massimo la vostra minipala Leite LTH380 con il nostro Ripper, un attrezzo progettato per rompere superfici dure e compatte.\",\"breadcrumb\":{\"@id\":\"https:\\\/\\\/leite-europa.com\\\/it\\\/produit\\\/ripper-3-denti\\\/#breadcrumb\"},\"inLanguage\":\"it-IT\",\"potentialAction\":[{\"@type\":\"ReadAction\",\"target\":[\"https:\\\/\\\/leite-europa.com\\\/it\\\/produit\\\/ripper-3-denti\\\/\"]}]},{\"@type\":\"ImageObject\",\"inLanguage\":\"it-IT\",\"@id\":\"https:\\\/\\\/leite-europa.com\\\/it\\\/produit\\\/ripper-3-denti\\\/#primaryimage\",\"url\":\"https:\\\/\\\/leite-europa.com\\\/wp-content\\\/uploads\\\/2023\\\/07\\\/0Q8A9816.jpg\",\"contentUrl\":\"https:\\\/\\\/leite-europa.com\\\/wp-content\\\/uploads\\\/2023\\\/07\\\/0Q8A9816.jpg\",\"width\":1920,\"height\":1440,\"caption\":\"Mini caricatore Ripper 3 denti LTH380\"},{\"@type\":\"BreadcrumbList\",\"@id\":\"https:\\\/\\\/leite-europa.com\\\/it\\\/produit\\\/ripper-3-denti\\\/#breadcrumb\",\"itemListElement\":[{\"@type\":\"ListItem\",\"position\":1,\"name\":\"Accueil\",\"item\":\"https:\\\/\\\/leite-europa.com\\\/it\\\/casa\\\/\"},{\"@type\":\"ListItem\",\"position\":2,\"name\":\"Negozio\",\"item\":\"https:\\\/\\\/leite-europa.com\\\/fr\\\/boutique\\\/\"},{\"@type\":\"ListItem\",\"position\":3,\"name\":\"Squartatore 3 denti\"}]},{\"@type\":\"WebSite\",\"@id\":\"https:\\\/\\\/leite-europa.com\\\/it\\\/#website\",\"url\":\"https:\\\/\\\/leite-europa.com\\\/it\\\/\",\"name\":\"Leite Europe\",\"description\":\"\",\"publisher\":{\"@id\":\"https:\\\/\\\/leite-europa.com\\\/it\\\/#organization\"},\"potentialAction\":[{\"@type\":\"SearchAction\",\"target\":{\"@type\":\"EntryPoint\",\"urlTemplate\":\"https:\\\/\\\/leite-europa.com\\\/it\\\/?s={search_term_string}\"},\"query-input\":{\"@type\":\"PropertyValueSpecification\",\"valueRequired\":true,\"valueName\":\"search_term_string\"}}],\"inLanguage\":\"it-IT\"},{\"@type\":\"Organization\",\"@id\":\"https:\\\/\\\/leite-europa.com\\\/it\\\/#organization\",\"name\":\"Leite Europe\",\"url\":\"https:\\\/\\\/leite-europa.com\\\/it\\\/\",\"logo\":{\"@type\":\"ImageObject\",\"inLanguage\":\"it-IT\",\"@id\":\"https:\\\/\\\/leite-europa.com\\\/it\\\/#\\\/schema\\\/logo\\\/image\\\/\",\"url\":\"https:\\\/\\\/leite-europa.com\\\/wp-content\\\/uploads\\\/2022\\\/12\\\/LOGO-LEITE.png\",\"contentUrl\":\"https:\\\/\\\/leite-europa.com\\\/wp-content\\\/uploads\\\/2022\\\/12\\\/LOGO-LEITE.png\",\"width\":1024,\"height\":512,\"caption\":\"Leite Europe\"},\"image\":{\"@id\":\"https:\\\/\\\/leite-europa.com\\\/it\\\/#\\\/schema\\\/logo\\\/image\\\/\"},\"sameAs\":[\"https:\\\/\\\/www.facebook.com\\\/profile.php?id=100089192656837\",\"https:\\\/\\\/www.instagram.com\\\/leite_france_minipelle\\\/\",\"https:\\\/\\\/www.linkedin.com\\\/company\\\/leite-france\\\/\"]}]}<\/script>\n<!-- \/ Yoast SEO plugin. -->","yoast_head_json":{"title":"Squartatore 3 denti - Leite Europe","description":"Sfruttate al massimo la vostra minipala Leite LTH380 con il nostro Ripper, un attrezzo progettato per rompere superfici dure e compatte.","robots":{"index":"index","follow":"follow","max-snippet":"max-snippet:-1","max-image-preview":"max-image-preview:large","max-video-preview":"max-video-preview:-1"},"canonical":"https:\/\/leite-europa.com\/it\/produit\/ripper-3-denti\/","og_locale":"it_IT","og_type":"article","og_title":"Squartatore 3 denti - Leite Europe","og_description":"Sfruttate al massimo la vostra minipala Leite LTH380 con il nostro Ripper, un attrezzo progettato per rompere superfici dure e compatte.","og_url":"https:\/\/leite-europa.com\/it\/produit\/ripper-3-denti\/","og_site_name":"Leite Europe","article_publisher":"https:\/\/www.facebook.com\/profile.php?id=100089192656837","article_modified_time":"2024-04-17T13:51:18+00:00","og_image":[{"width":1920,"height":1440,"url":"https:\/\/leite-europa.com\/wp-content\/uploads\/2023\/07\/0Q8A9816.jpg","type":"image\/jpeg"}],"twitter_card":"summary_large_image","twitter_misc":{"Tempo di lettura stimato":"3 minuti"},"schema":{"@context":"https:\/\/schema.org","@graph":[{"@type":"WebPage","@id":"https:\/\/leite-europa.com\/it\/produit\/ripper-3-denti\/","url":"https:\/\/leite-europa.com\/it\/produit\/ripper-3-denti\/","name":"Squartatore 3 denti - Leite Europe","isPartOf":{"@id":"https:\/\/leite-europa.com\/it\/#website"},"primaryImageOfPage":{"@id":"https:\/\/leite-europa.com\/it\/produit\/ripper-3-denti\/#primaryimage"},"image":{"@id":"https:\/\/leite-europa.com\/it\/produit\/ripper-3-denti\/#primaryimage"},"thumbnailUrl":"https:\/\/leite-europa.com\/wp-content\/uploads\/2023\/07\/0Q8A9816.jpg","datePublished":"2023-11-07T11:15:58+00:00","dateModified":"2024-04-17T13:51:18+00:00","description":"Sfruttate al massimo la vostra minipala Leite LTH380 con il nostro Ripper, un attrezzo progettato per rompere superfici dure e compatte.","breadcrumb":{"@id":"https:\/\/leite-europa.com\/it\/produit\/ripper-3-denti\/#breadcrumb"},"inLanguage":"it-IT","potentialAction":[{"@type":"ReadAction","target":["https:\/\/leite-europa.com\/it\/produit\/ripper-3-denti\/"]}]},{"@type":"ImageObject","inLanguage":"it-IT","@id":"https:\/\/leite-europa.com\/it\/produit\/ripper-3-denti\/#primaryimage","url":"https:\/\/leite-europa.com\/wp-content\/uploads\/2023\/07\/0Q8A9816.jpg","contentUrl":"https:\/\/leite-europa.com\/wp-content\/uploads\/2023\/07\/0Q8A9816.jpg","width":1920,"height":1440,"caption":"Mini caricatore Ripper 3 denti LTH380"},{"@type":"BreadcrumbList","@id":"https:\/\/leite-europa.com\/it\/produit\/ripper-3-denti\/#breadcrumb","itemListElement":[{"@type":"ListItem","position":1,"name":"Accueil","item":"https:\/\/leite-europa.com\/it\/casa\/"},{"@type":"ListItem","position":2,"name":"Negozio","item":"https:\/\/leite-europa.com\/fr\/boutique\/"},{"@type":"ListItem","position":3,"name":"Squartatore 3 denti"}]},{"@type":"WebSite","@id":"https:\/\/leite-europa.com\/it\/#website","url":"https:\/\/leite-europa.com\/it\/","name":"Leite Europe","description":"","publisher":{"@id":"https:\/\/leite-europa.com\/it\/#organization"},"potentialAction":[{"@type":"SearchAction","target":{"@type":"EntryPoint","urlTemplate":"https:\/\/leite-europa.com\/it\/?s={search_term_string}"},"query-input":{"@type":"PropertyValueSpecification","valueRequired":true,"valueName":"search_term_string"}}],"inLanguage":"it-IT"},{"@type":"Organization","@id":"https:\/\/leite-europa.com\/it\/#organization","name":"Leite Europe","url":"https:\/\/leite-europa.com\/it\/","logo":{"@type":"ImageObject","inLanguage":"it-IT","@id":"https:\/\/leite-europa.com\/it\/#\/schema\/logo\/image\/","url":"https:\/\/leite-europa.com\/wp-content\/uploads\/2022\/12\/LOGO-LEITE.png","contentUrl":"https:\/\/leite-europa.com\/wp-content\/uploads\/2022\/12\/LOGO-LEITE.png","width":1024,"height":512,"caption":"Leite Europe"},"image":{"@id":"https:\/\/leite-europa.com\/it\/#\/schema\/logo\/image\/"},"sameAs":["https:\/\/www.facebook.com\/profile.php?id=100089192656837","https:\/\/www.instagram.com\/leite_france_minipelle\/","https:\/\/www.linkedin.com\/company\/leite-france\/"]}]}},"_links":{"self":[{"href":"https:\/\/leite-europa.com\/it\/wp-json\/wp\/v2\/product\/8287","targetHints":{"allow":["GET"]}}],"collection":[{"href":"https:\/\/leite-europa.com\/it\/wp-json\/wp\/v2\/product"}],"about":[{"href":"https:\/\/leite-europa.com\/it\/wp-json\/wp\/v2\/types\/product"}],"wp:featuredmedia":[{"embeddable":true,"href":"https:\/\/leite-europa.com\/it\/wp-json\/wp\/v2\/media\/4294"}],"wp:attachment":[{"href":"https:\/\/leite-europa.com\/it\/wp-json\/wp\/v2\/media?parent=8287"}],"wp:term":[{"taxonomy":"product_brand","embeddable":true,"href":"https:\/\/leite-europa.com\/it\/wp-json\/wp\/v2\/product_brand?post=8287"},{"taxonomy":"product_cat","embeddable":true,"href":"https:\/\/leite-europa.com\/it\/wp-json\/wp\/v2\/product_cat?post=8287"},{"taxonomy":"product_tag","embeddable":true,"href":"https:\/\/leite-europa.com\/it\/wp-json\/wp\/v2\/product_tag?post=8287"}],"curies":[{"name":"wp","href":"https:\/\/api.w.org\/{rel}","templated":true}]}}