{"id":8288,"date":"2023-11-07T12:00:33","date_gmt":"2023-11-07T11:00:33","guid":{"rendered":"https:\/\/leite-europa.com\/produit\/brh-demolitore-idraulico-lth380\/"},"modified":"2024-04-17T15:54:11","modified_gmt":"2024-04-17T13:54:11","slug":"brh-mandrino-idraulico-lth380","status":"publish","type":"product","link":"https:\/\/leite-europa.com\/it\/produit\/brh-mandrino-idraulico-lth380\/","title":{"rendered":"BRH Demolitore idraulico LTH380"},"content":{"rendered":"<p>[et_pb_section fb_built=&#8221;1&#8243; _builder_version=&#8221;4.19.2&#8243; _module_preset=&#8221;default&#8221; background_color=&#8221;#FFFFFF&#8221; custom_padding=&#8221;||4px|||&#8221; global_colors_info=&#8221;{}&#8221; theme_builder_area=&#8221;post_content&#8221;][et_pb_row column_structure=&#8221;1_2,1_2&#8243; _builder_version=&#8221;4.19.2&#8243; _module_preset=&#8221;default&#8221; global_colors_info=&#8221;{}&#8221; theme_builder_area=&#8221;post_content&#8221;][et_pb_column type=&#8221;1_2&#8243; _builder_version=&#8221;4.19.2&#8243; _module_preset=&#8221;default&#8221; global_colors_info=&#8221;{}&#8221; theme_builder_area=&#8221;post_content&#8221;][et_pb_gallery gallery_ids=&#8221;1987&#8243; fullwidth=&#8221;on&#8221; _builder_version=&#8221;4.20.4&#8243; _module_preset=&#8221;default&#8221; global_colors_info=&#8221;{}&#8221; theme_builder_area=&#8221;post_content&#8221;][\/et_pb_gallery][\/et_pb_column][et_pb_column type=&#8221;1_2&#8243; _builder_version=&#8221;4.19.2&#8243; _module_preset=&#8221;default&#8221; global_colors_info=&#8221;{}&#8221; theme_builder_area=&#8221;post_content&#8221;][et_pb_text _builder_version=&#8221;4.20.4&#8243; _module_preset=&#8221;default&#8221; text_line_height=&#8221;2em&#8221; header_2_text_color=&#8221;#E75F0D&#8221; global_colors_info=&#8221;{}&#8221; theme_builder_area=&#8221;post_content&#8221;]<\/p>\n<h2>&#8220;Provate la potenza distruttiva del martello idraulico Leite&#8221;.<\/h2>\n<p>[\/et_pb_text][et_pb_text _builder_version=&#8221;4.20.4&#8243; _module_preset=&#8221;default&#8221; text_orientation=&#8221;justified&#8221; global_colors_info=&#8221;{}&#8221; theme_builder_area=&#8221;post_content&#8221;]<\/p>\n<p>Trasformate il vostro mini-caricatore Leite LTH380 in una macchina da demolizione con il nostro BRH (demolitore idraulico). Questo strumento di demolizione ad alte prestazioni \u00e8 progettato per rompere i materiali pi\u00f9 duri con eccezionale precisione ed efficienza.<\/p>\n<p>[\/et_pb_text][\/et_pb_column][\/et_pb_row][et_pb_row _builder_version=&#8221;4.20.4&#8243; _module_preset=&#8221;default&#8221; global_colors_info=&#8221;{}&#8221; theme_builder_area=&#8221;post_content&#8221;][et_pb_column type=&#8221;4_4&#8243; _builder_version=&#8221;4.20.4&#8243; _module_preset=&#8221;default&#8221; global_colors_info=&#8221;{}&#8221; theme_builder_area=&#8221;post_content&#8221;][et_pb_text _builder_version=&#8221;4.20.4&#8243; _module_preset=&#8221;default&#8221; global_colors_info=&#8221;{}&#8221; theme_builder_area=&#8221;post_content&#8221;]<\/p>\n<p><strong>Uno strumento di demolizione potente e preciso<\/strong><\/p>\n<p>Il demolitore Leite \u00e8 dotato di un martello idraulico ad alta potenza, in grado di fratturare e polverizzare anche la roccia e il calcestruzzo pi\u00f9 duri. Grazie al suo avanzato sistema idraulico, offre un impatto potente e preciso ad ogni colpo.<\/p>\n<p><strong>Installazione semplice e funzionamento intuitivo<\/strong><\/p>\n<p>Il nostro BRH, appositamente progettato per adattarsi al mini caricabatterie Leite LTH380, \u00e8 tanto facile da installare quanto da utilizzare. Il suo funzionamento intuitivo consente di eseguire lavori di demolizione precisi ed efficienti, anche se siete utenti inesperti.<\/p>\n<p><strong>Sostenibilit\u00e0 e sicurezza, le nostre priorit\u00e0<\/strong><\/p>\n<p>Leite France mette al primo posto la sicurezza dell&#8217;operatore e la durata dei suoi prodotti. Ecco perch\u00e9 la nostra BRH \u00e8 stata progettata per offrire la massima resistenza, garantendo al contempo la sicurezza dell&#8217;operatore. Anche nelle condizioni di demolizione pi\u00f9 impegnative, potete fare affidamento su questo robusto strumento per ottenere prestazioni ininterrotte.<\/p>\n<p><strong>Versatilit\u00e0 per una variet\u00e0 di applicazioni<\/strong><\/p>\n<p>Qualunque sia la vostra attivit\u00e0 di demolizione, la nostra BRH \u00e8 lo strumento di cui avete bisogno. \u00c8 ideale per frantumare roccia, calcestruzzo e altri materiali duri in progetti di costruzione, demolizione, scavo di trincee, estrazione mineraria e altro ancora.<\/p>\n<p><strong>Scoprite la potenza di BRH Leite<\/strong><\/p>\n<p>Trasformate il vostro lavoro di demolizione con il demolitore idraulico Leite LTH380 per minipale. Non lasciate che i materiali duri vi rallentino, optate per la soluzione Leite.<\/p>\n<p>Per ulteriori informazioni, contattateci. Il nostro team \u00e8 pronto ad aiutarvi a ottenere il massimo dalla vostra minipala con il nostro martello demolitore idraulico.<\/p>\n<p>[\/et_pb_text][\/et_pb_column][\/et_pb_row][\/et_pb_section]<\/p>\n","protected":false},"excerpt":{"rendered":"<p>&#8220;Provate la potenza distruttiva del martello idraulico Leite&#8221;.Trasformate il vostro mini-caricatore Leite LTH380 in una macchina da demolizione con il nostro BRH (demolitore idraulico). Questo strumento di demolizione ad alte prestazioni \u00e8 progettato per rompere i materiali pi\u00f9 duri con eccezionale precisione ed efficienza.Uno strumento di demolizione potente e preciso Il demolitore Leite \u00e8 dotato [&hellip;]<\/p>\n","protected":false},"featured_media":4214,"template":"","meta":{"_et_pb_use_builder":"on","_et_pb_old_content":"","_et_gb_content_width":""},"product_brand":[],"product_cat":[306,197,310],"product_tag":[],"class_list":{"0":"post-8288","1":"product","2":"type-product","3":"status-publish","4":"has-post-thumbnail","6":"product_cat-accessori-mini-caricatore-lth380","7":"product_cat-accessori-per-mini-caricabatterie","8":"product_cat-accessori-per-mini-caricatore-lth280","10":"first","11":"instock","12":"taxable","13":"shipping-taxable","14":"purchasable","15":"product-type-simple"},"yoast_head":"<!-- This site is optimized with the Yoast SEO plugin v27.3 - https:\/\/yoast.com\/product\/yoast-seo-wordpress\/ -->\n<title>BRH Demolitore idraulico LTH380 - Leite Europe<\/title>\n<meta name=\"description\" content=\"Trasformate il vostro mini-caricatore Leite LTH380 in una macchina da demolizione con il nostro BRH (demolitore idraulico).\" \/>\n<meta name=\"robots\" content=\"index, follow, max-snippet:-1, max-image-preview:large, max-video-preview:-1\" \/>\n<link rel=\"canonical\" href=\"https:\/\/leite-europa.com\/it\/produit\/brh-mandrino-idraulico-lth380\/\" \/>\n<meta property=\"og:locale\" content=\"it_IT\" \/>\n<meta property=\"og:type\" content=\"article\" \/>\n<meta property=\"og:title\" content=\"BRH Demolitore idraulico LTH380 - Leite Europe\" \/>\n<meta property=\"og:description\" content=\"Trasformate il vostro mini-caricatore Leite LTH380 in una macchina da demolizione con il nostro BRH (demolitore idraulico).\" \/>\n<meta property=\"og:url\" content=\"https:\/\/leite-europa.com\/it\/produit\/brh-mandrino-idraulico-lth380\/\" \/>\n<meta property=\"og:site_name\" content=\"Leite Europe\" \/>\n<meta property=\"article:publisher\" content=\"https:\/\/www.facebook.com\/profile.php?id=100089192656837\" \/>\n<meta property=\"article:modified_time\" content=\"2024-04-17T13:54:11+00:00\" \/>\n<meta property=\"og:image\" content=\"https:\/\/leite-europa.com\/wp-content\/uploads\/2023\/07\/BRH.jpg\" \/>\n\t<meta property=\"og:image:width\" content=\"429\" \/>\n\t<meta property=\"og:image:height\" content=\"479\" \/>\n\t<meta property=\"og:image:type\" content=\"image\/jpeg\" \/>\n<meta name=\"twitter:card\" content=\"summary_large_image\" \/>\n<meta name=\"twitter:label1\" content=\"Tempo di lettura stimato\" \/>\n\t<meta name=\"twitter:data1\" content=\"3 minuti\" \/>\n<script type=\"application\/ld+json\" class=\"yoast-schema-graph\">{\"@context\":\"https:\\\/\\\/schema.org\",\"@graph\":[{\"@type\":\"WebPage\",\"@id\":\"https:\\\/\\\/leite-europa.com\\\/it\\\/produit\\\/brh-mandrino-idraulico-lth380\\\/\",\"url\":\"https:\\\/\\\/leite-europa.com\\\/it\\\/produit\\\/brh-mandrino-idraulico-lth380\\\/\",\"name\":\"BRH Demolitore idraulico LTH380 - Leite Europe\",\"isPartOf\":{\"@id\":\"https:\\\/\\\/leite-europa.com\\\/it\\\/#website\"},\"primaryImageOfPage\":{\"@id\":\"https:\\\/\\\/leite-europa.com\\\/it\\\/produit\\\/brh-mandrino-idraulico-lth380\\\/#primaryimage\"},\"image\":{\"@id\":\"https:\\\/\\\/leite-europa.com\\\/it\\\/produit\\\/brh-mandrino-idraulico-lth380\\\/#primaryimage\"},\"thumbnailUrl\":\"https:\\\/\\\/leite-europa.com\\\/wp-content\\\/uploads\\\/2023\\\/07\\\/BRH.jpg\",\"datePublished\":\"2023-11-07T11:00:33+00:00\",\"dateModified\":\"2024-04-17T13:54:11+00:00\",\"description\":\"Trasformate il vostro mini-caricatore Leite LTH380 in una macchina da demolizione con il nostro BRH (demolitore idraulico).\",\"breadcrumb\":{\"@id\":\"https:\\\/\\\/leite-europa.com\\\/it\\\/produit\\\/brh-mandrino-idraulico-lth380\\\/#breadcrumb\"},\"inLanguage\":\"it-IT\",\"potentialAction\":[{\"@type\":\"ReadAction\",\"target\":[\"https:\\\/\\\/leite-europa.com\\\/it\\\/produit\\\/brh-mandrino-idraulico-lth380\\\/\"]}]},{\"@type\":\"ImageObject\",\"inLanguage\":\"it-IT\",\"@id\":\"https:\\\/\\\/leite-europa.com\\\/it\\\/produit\\\/brh-mandrino-idraulico-lth380\\\/#primaryimage\",\"url\":\"https:\\\/\\\/leite-europa.com\\\/wp-content\\\/uploads\\\/2023\\\/07\\\/BRH.jpg\",\"contentUrl\":\"https:\\\/\\\/leite-europa.com\\\/wp-content\\\/uploads\\\/2023\\\/07\\\/BRH.jpg\",\"width\":429,\"height\":479,\"caption\":\"Martello demolitore idraulico BRH\"},{\"@type\":\"BreadcrumbList\",\"@id\":\"https:\\\/\\\/leite-europa.com\\\/it\\\/produit\\\/brh-mandrino-idraulico-lth380\\\/#breadcrumb\",\"itemListElement\":[{\"@type\":\"ListItem\",\"position\":1,\"name\":\"Accueil\",\"item\":\"https:\\\/\\\/leite-europa.com\\\/it\\\/casa\\\/\"},{\"@type\":\"ListItem\",\"position\":2,\"name\":\"Negozio\",\"item\":\"https:\\\/\\\/leite-europa.com\\\/fr\\\/boutique\\\/\"},{\"@type\":\"ListItem\",\"position\":3,\"name\":\"BRH Demolitore idraulico LTH380\"}]},{\"@type\":\"WebSite\",\"@id\":\"https:\\\/\\\/leite-europa.com\\\/it\\\/#website\",\"url\":\"https:\\\/\\\/leite-europa.com\\\/it\\\/\",\"name\":\"Leite Europe\",\"description\":\"\",\"publisher\":{\"@id\":\"https:\\\/\\\/leite-europa.com\\\/it\\\/#organization\"},\"potentialAction\":[{\"@type\":\"SearchAction\",\"target\":{\"@type\":\"EntryPoint\",\"urlTemplate\":\"https:\\\/\\\/leite-europa.com\\\/it\\\/?s={search_term_string}\"},\"query-input\":{\"@type\":\"PropertyValueSpecification\",\"valueRequired\":true,\"valueName\":\"search_term_string\"}}],\"inLanguage\":\"it-IT\"},{\"@type\":\"Organization\",\"@id\":\"https:\\\/\\\/leite-europa.com\\\/it\\\/#organization\",\"name\":\"Leite Europe\",\"url\":\"https:\\\/\\\/leite-europa.com\\\/it\\\/\",\"logo\":{\"@type\":\"ImageObject\",\"inLanguage\":\"it-IT\",\"@id\":\"https:\\\/\\\/leite-europa.com\\\/it\\\/#\\\/schema\\\/logo\\\/image\\\/\",\"url\":\"https:\\\/\\\/leite-europa.com\\\/wp-content\\\/uploads\\\/2022\\\/12\\\/LOGO-LEITE.png\",\"contentUrl\":\"https:\\\/\\\/leite-europa.com\\\/wp-content\\\/uploads\\\/2022\\\/12\\\/LOGO-LEITE.png\",\"width\":1024,\"height\":512,\"caption\":\"Leite Europe\"},\"image\":{\"@id\":\"https:\\\/\\\/leite-europa.com\\\/it\\\/#\\\/schema\\\/logo\\\/image\\\/\"},\"sameAs\":[\"https:\\\/\\\/www.facebook.com\\\/profile.php?id=100089192656837\",\"https:\\\/\\\/www.instagram.com\\\/leite_france_minipelle\\\/\",\"https:\\\/\\\/www.linkedin.com\\\/company\\\/leite-france\\\/\"]}]}<\/script>\n<!-- \/ Yoast SEO plugin. -->","yoast_head_json":{"title":"BRH Demolitore idraulico LTH380 - Leite Europe","description":"Trasformate il vostro mini-caricatore Leite LTH380 in una macchina da demolizione con il nostro BRH (demolitore idraulico).","robots":{"index":"index","follow":"follow","max-snippet":"max-snippet:-1","max-image-preview":"max-image-preview:large","max-video-preview":"max-video-preview:-1"},"canonical":"https:\/\/leite-europa.com\/it\/produit\/brh-mandrino-idraulico-lth380\/","og_locale":"it_IT","og_type":"article","og_title":"BRH Demolitore idraulico LTH380 - Leite Europe","og_description":"Trasformate il vostro mini-caricatore Leite LTH380 in una macchina da demolizione con il nostro BRH (demolitore idraulico).","og_url":"https:\/\/leite-europa.com\/it\/produit\/brh-mandrino-idraulico-lth380\/","og_site_name":"Leite Europe","article_publisher":"https:\/\/www.facebook.com\/profile.php?id=100089192656837","article_modified_time":"2024-04-17T13:54:11+00:00","og_image":[{"width":429,"height":479,"url":"https:\/\/leite-europa.com\/wp-content\/uploads\/2023\/07\/BRH.jpg","type":"image\/jpeg"}],"twitter_card":"summary_large_image","twitter_misc":{"Tempo di lettura stimato":"3 minuti"},"schema":{"@context":"https:\/\/schema.org","@graph":[{"@type":"WebPage","@id":"https:\/\/leite-europa.com\/it\/produit\/brh-mandrino-idraulico-lth380\/","url":"https:\/\/leite-europa.com\/it\/produit\/brh-mandrino-idraulico-lth380\/","name":"BRH Demolitore idraulico LTH380 - Leite Europe","isPartOf":{"@id":"https:\/\/leite-europa.com\/it\/#website"},"primaryImageOfPage":{"@id":"https:\/\/leite-europa.com\/it\/produit\/brh-mandrino-idraulico-lth380\/#primaryimage"},"image":{"@id":"https:\/\/leite-europa.com\/it\/produit\/brh-mandrino-idraulico-lth380\/#primaryimage"},"thumbnailUrl":"https:\/\/leite-europa.com\/wp-content\/uploads\/2023\/07\/BRH.jpg","datePublished":"2023-11-07T11:00:33+00:00","dateModified":"2024-04-17T13:54:11+00:00","description":"Trasformate il vostro mini-caricatore Leite LTH380 in una macchina da demolizione con il nostro BRH (demolitore idraulico).","breadcrumb":{"@id":"https:\/\/leite-europa.com\/it\/produit\/brh-mandrino-idraulico-lth380\/#breadcrumb"},"inLanguage":"it-IT","potentialAction":[{"@type":"ReadAction","target":["https:\/\/leite-europa.com\/it\/produit\/brh-mandrino-idraulico-lth380\/"]}]},{"@type":"ImageObject","inLanguage":"it-IT","@id":"https:\/\/leite-europa.com\/it\/produit\/brh-mandrino-idraulico-lth380\/#primaryimage","url":"https:\/\/leite-europa.com\/wp-content\/uploads\/2023\/07\/BRH.jpg","contentUrl":"https:\/\/leite-europa.com\/wp-content\/uploads\/2023\/07\/BRH.jpg","width":429,"height":479,"caption":"Martello demolitore idraulico BRH"},{"@type":"BreadcrumbList","@id":"https:\/\/leite-europa.com\/it\/produit\/brh-mandrino-idraulico-lth380\/#breadcrumb","itemListElement":[{"@type":"ListItem","position":1,"name":"Accueil","item":"https:\/\/leite-europa.com\/it\/casa\/"},{"@type":"ListItem","position":2,"name":"Negozio","item":"https:\/\/leite-europa.com\/fr\/boutique\/"},{"@type":"ListItem","position":3,"name":"BRH Demolitore idraulico LTH380"}]},{"@type":"WebSite","@id":"https:\/\/leite-europa.com\/it\/#website","url":"https:\/\/leite-europa.com\/it\/","name":"Leite Europe","description":"","publisher":{"@id":"https:\/\/leite-europa.com\/it\/#organization"},"potentialAction":[{"@type":"SearchAction","target":{"@type":"EntryPoint","urlTemplate":"https:\/\/leite-europa.com\/it\/?s={search_term_string}"},"query-input":{"@type":"PropertyValueSpecification","valueRequired":true,"valueName":"search_term_string"}}],"inLanguage":"it-IT"},{"@type":"Organization","@id":"https:\/\/leite-europa.com\/it\/#organization","name":"Leite Europe","url":"https:\/\/leite-europa.com\/it\/","logo":{"@type":"ImageObject","inLanguage":"it-IT","@id":"https:\/\/leite-europa.com\/it\/#\/schema\/logo\/image\/","url":"https:\/\/leite-europa.com\/wp-content\/uploads\/2022\/12\/LOGO-LEITE.png","contentUrl":"https:\/\/leite-europa.com\/wp-content\/uploads\/2022\/12\/LOGO-LEITE.png","width":1024,"height":512,"caption":"Leite Europe"},"image":{"@id":"https:\/\/leite-europa.com\/it\/#\/schema\/logo\/image\/"},"sameAs":["https:\/\/www.facebook.com\/profile.php?id=100089192656837","https:\/\/www.instagram.com\/leite_france_minipelle\/","https:\/\/www.linkedin.com\/company\/leite-france\/"]}]}},"_links":{"self":[{"href":"https:\/\/leite-europa.com\/it\/wp-json\/wp\/v2\/product\/8288","targetHints":{"allow":["GET"]}}],"collection":[{"href":"https:\/\/leite-europa.com\/it\/wp-json\/wp\/v2\/product"}],"about":[{"href":"https:\/\/leite-europa.com\/it\/wp-json\/wp\/v2\/types\/product"}],"wp:featuredmedia":[{"embeddable":true,"href":"https:\/\/leite-europa.com\/it\/wp-json\/wp\/v2\/media\/4214"}],"wp:attachment":[{"href":"https:\/\/leite-europa.com\/it\/wp-json\/wp\/v2\/media?parent=8288"}],"wp:term":[{"taxonomy":"product_brand","embeddable":true,"href":"https:\/\/leite-europa.com\/it\/wp-json\/wp\/v2\/product_brand?post=8288"},{"taxonomy":"product_cat","embeddable":true,"href":"https:\/\/leite-europa.com\/it\/wp-json\/wp\/v2\/product_cat?post=8288"},{"taxonomy":"product_tag","embeddable":true,"href":"https:\/\/leite-europa.com\/it\/wp-json\/wp\/v2\/product_tag?post=8288"}],"curies":[{"name":"wp","href":"https:\/\/api.w.org\/{rel}","templated":true}]}}