{"id":8332,"date":"2023-11-13T11:08:37","date_gmt":"2023-11-13T10:08:37","guid":{"rendered":"https:\/\/leite-europa.com\/produit\/pacchetto-per-lavori-di-sbancamento-per-i-miniescavatori-cl12-e-cl18-leite\/"},"modified":"2025-03-14T11:50:07","modified_gmt":"2025-03-14T10:50:07","slug":"pacchetto-per-mini-escavatori-cl12-cl18-leite","status":"publish","type":"product","link":"https:\/\/leite-europa.com\/it\/produit\/pacchetto-per-mini-escavatori-cl12-cl18-leite\/","title":{"rendered":"Pacchetto lavori di terra per miniescavatori CL10 e CL20 LEITE"},"content":{"rendered":"<p>[et_pb_section fb_built=&#8221;1&#8243; _builder_version=&#8221;4.19.2&#8243; _module_preset=&#8221;default&#8221; background_color=&#8221;#FFFFFF&#8221; custom_padding=&#8221;||4px|||&#8221; global_colors_info=&#8221;{}&#8221;][et_pb_row column_structure=&#8221;1_2,1_2&#8243; _builder_version=&#8221;4.19.2&#8243; _module_preset=&#8221;default&#8221; global_colors_info=&#8221;{}&#8221;][et_pb_column type=&#8221;1_2&#8243; _builder_version=&#8221;4.19.2&#8243; _module_preset=&#8221;default&#8221; global_colors_info=&#8221;{}&#8221;][et_pb_gallery gallery_ids=&#8221;3516&#8243; fullwidth=&#8221;on&#8221; _builder_version=&#8221;4.23&#8243; _module_preset=&#8221;default&#8221; global_colors_info=&#8221;{}&#8221;][\/et_pb_gallery][\/et_pb_column][et_pb_column type=&#8221;1_2&#8243; _builder_version=&#8221;4.19.2&#8243; _module_preset=&#8221;default&#8221; global_colors_info=&#8221;{}&#8221;][et_pb_text _builder_version=&#8221;4.23&#8243; _module_preset=&#8221;default&#8221; text_line_height=&#8221;2em&#8221; global_colors_info=&#8221;{}&#8221;]<\/p>\n<h2><span style=\"color: #ff6600;\">Migliorate la versatilit\u00e0 e l&#8217;autonomia dei vostri miniescavatori con i nostri pacchetti Leite per il movimento terra, progettati per rispondere efficacemente a un&#8217;ampia gamma di lavori principali.<\/span><\/h2>\n<p>[\/et_pb_text][et_pb_text _builder_version=&#8221;4.23&#8243; _module_preset=&#8221;default&#8221; global_colors_info=&#8221;{}&#8221;]<\/p>\n<p><strong>Massima versatilit\u00e0 e autonomia<\/strong> Le nostre macchine per il movimento terra sono progettate per consentirvi di svolgere una moltitudine di attivit\u00e0 in modo indipendente. Che si tratti di lavori di precisione come lo scavo di trincee strette o di attivit\u00e0 pi\u00f9 grandi come il livellamento e la pulizia, questi pacchetti trasformano il vostro miniescavatore in uno strumento versatile, in grado di adattarsi a diversi tipi di cantiere.<\/p>\n<p><strong class=\"ContentPasted0\"><u>Confezione per miniescavatore CL12:<\/u><\/strong><\/p>\n<div><strong class=\"ContentPasted0\">Include:<\/strong><\/div>\n<div>\n<ul data-editing-info=\"{\"orderedStyleType\":1,\"unorderedStyleType\":1}\">\n<li><strong class=\"ContentPasted0\">Benna per lavori di terra da 20 cm:<\/strong> ideale per lavori di precisione, come la creazione di piccole fondamenta o trincee.<\/li>\n<li><strong class=\"ContentPasted0\">Benna da scavo da 100 cm:<\/strong> perfetta per la pulizia e il livellamento, rende il vostro miniescavatore adatto a lavori pi\u00f9 grandi.<\/li>\n<li><strong class=\"ContentPasted0\">Attacco rapido manuale:<\/strong> facilita la sostituzione rapida degli accessori, aumentando l&#8217;autonomia e riducendo i tempi di fermo.<\/li>\n<\/ul>\n<p><strong class=\"ContentPasted0\"><u>Confezione per miniescavatore CL18:<\/u><\/strong><\/p>\n<div><strong class=\"ContentPasted0\">Include:<\/strong><\/div>\n<div>\n<ul data-editing-info=\"{\"orderedStyleType\":1,\"unorderedStyleType\":1}\">\n<li><strong class=\"ContentPasted0\">Benna da 20 cm per lavori di sterro:<\/strong> ideale per una moltitudine di lavori di sterro.<\/li>\n<li><strong class=\"ContentPasted0\">Benna di pulizia allungata da 120 cm:<\/strong> aumenta la capacit\u00e0 di pulizia e livellamento, perfetta per i cantieri di grandi dimensioni.<\/li>\n<li><strong class=\"ContentPasted0\">Attacco rapido manuale:<\/strong> ottimizza i tempi di lavoro facilitando il passaggio da una benna all&#8217;altra.<\/li>\n<\/ul>\n<\/div>\n<\/div>\n<p>[\/et_pb_text][\/et_pb_column][\/et_pb_row][\/et_pb_section][et_pb_section fb_built=&#8221;1&#8243; _builder_version=&#8221;4.19.4&#8243; _module_preset=&#8221;default&#8221; background_color=&#8221;RGBA(255,255,255,0)&#8221; custom_padding=&#8221;2px||4px|||&#8221; global_colors_info=&#8221;{}&#8221;][et_pb_row column_structure=&#8221;1_3,1_3,1_3&#8243; _builder_version=&#8221;4.23&#8243; _module_preset=&#8221;default&#8221; global_colors_info=&#8221;{}&#8221;][et_pb_column type=&#8221;1_3&#8243; _builder_version=&#8221;4.23&#8243; _module_preset=&#8221;default&#8221; global_colors_info=&#8221;{}&#8221;][et_pb_image src=&#8221;https:\/\/leite-france.fr\/wp-content\/uploads\/2023\/01\/IMG_1283.jpeg&#8221; alt=&#8221;Benna per lavori di sbancamento per miniescavatore LEITE&#8221; title_text=&#8221;Benna per lavori di sbancamento per miniescavatore LEITE&#8221; _builder_version=&#8221;4.23&#8243; _module_preset=&#8221;default&#8221; global_colors_info=&#8221;{}&#8221;][\/et_pb_image][\/et_pb_column][et_pb_column type=&#8221;1_3&#8243; _builder_version=&#8221;4.23&#8243; _module_preset=&#8221;default&#8221; global_colors_info=&#8221;{}&#8221;][et_pb_image src=&#8221;https:\/\/leite-europa.com\/wp-content\/uploads\/2023\/01\/IMG_1339.jpeg&#8221; alt=&#8221;Secchio per la pulizia Leite&#8221; title_text=&#8221;Secchio per la pulizia Leite&#8221; _builder_version=&#8221;4.23.1&#8243; _module_preset=&#8221;default&#8221; global_colors_info=&#8221;{}&#8221;][\/et_pb_image][\/et_pb_column][et_pb_column type=&#8221;1_3&#8243; _builder_version=&#8221;4.23&#8243; _module_preset=&#8221;default&#8221; global_colors_info=&#8221;{}&#8221;][et_pb_image src=&#8221;https:\/\/leite-france.fr\/wp-content\/uploads\/2023\/01\/IMG_1316.jpeg&#8221; alt=&#8221;Mini pala a sgancio rapido Leite france&#8221; title_text=&#8221;Mini pala a sgancio rapido Leite france&#8221; _builder_version=&#8221;4.23&#8243; _module_preset=&#8221;default&#8221; global_colors_info=&#8221;{}&#8221;][\/et_pb_image][\/et_pb_column][\/et_pb_row][\/et_pb_section]<\/p>\n","protected":false},"excerpt":{"rendered":"<p>Migliorate la versatilit\u00e0 e l&#8217;autonomia dei vostri miniescavatori con i nostri pacchetti Leite per il movimento terra, progettati per rispondere efficacemente a un&#8217;ampia gamma di lavori principali.Massima versatilit\u00e0 e autonomia Le nostre macchine per il movimento terra sono progettate per consentirvi di svolgere una moltitudine di attivit\u00e0 in modo indipendente. Che si tratti di lavori [&hellip;]<\/p>\n","protected":false},"featured_media":8021,"template":"","meta":{"_et_pb_use_builder":"on","_et_pb_old_content":"","_et_gb_content_width":""},"product_brand":[],"product_cat":[224],"product_tag":[],"class_list":{"0":"post-8332","1":"product","2":"type-product","3":"status-publish","4":"has-post-thumbnail","6":"product_cat-confezione","8":"first","9":"instock","10":"taxable","11":"shipping-taxable","12":"purchasable","13":"product-type-variable"},"yoast_head":"<!-- This site is optimized with the Yoast SEO plugin v27.4 - https:\/\/yoast.com\/product\/yoast-seo-wordpress\/ -->\n<title>Pacchetto lavori di terra per miniescavatori CL10 e CL20 LEITE - Leite Europe<\/title>\n<meta name=\"description\" content=\"La nostra benna da scavo Leite, nota anche come benna da scavo o benna da livellamento, \u00e8 una benna senza denti indispensabile per i lavori di rinterro e livellamento.\" \/>\n<meta name=\"robots\" content=\"index, follow, max-snippet:-1, max-image-preview:large, max-video-preview:-1\" \/>\n<link rel=\"canonical\" href=\"https:\/\/leite-europa.com\/it\/produit\/pacchetto-per-mini-escavatori-cl12-cl18-leite\/\" \/>\n<meta property=\"og:locale\" content=\"it_IT\" \/>\n<meta property=\"og:type\" content=\"article\" \/>\n<meta property=\"og:title\" content=\"Pacchetto lavori di terra per miniescavatori CL10 e CL20 LEITE - Leite Europe\" \/>\n<meta property=\"og:description\" content=\"La nostra benna da scavo Leite, nota anche come benna da scavo o benna da livellamento, \u00e8 una benna senza denti indispensabile per i lavori di rinterro e livellamento.\" \/>\n<meta property=\"og:url\" content=\"https:\/\/leite-europa.com\/it\/produit\/pacchetto-per-mini-escavatori-cl12-cl18-leite\/\" \/>\n<meta property=\"og:site_name\" content=\"Leite Europe\" \/>\n<meta property=\"article:publisher\" content=\"https:\/\/www.facebook.com\/profile.php?id=100089192656837\" \/>\n<meta property=\"article:modified_time\" content=\"2025-03-14T10:50:07+00:00\" \/>\n<meta property=\"og:image\" content=\"https:\/\/leite-europa.com\/wp-content\/uploads\/2023\/11\/Pack-godet-pub-leite.webp\" \/>\n\t<meta property=\"og:image:width\" content=\"1080\" \/>\n\t<meta property=\"og:image:height\" content=\"1080\" \/>\n\t<meta property=\"og:image:type\" content=\"image\/webp\" \/>\n<meta name=\"twitter:card\" content=\"summary_large_image\" \/>\n<meta name=\"twitter:label1\" content=\"Tempo di lettura stimato\" \/>\n\t<meta name=\"twitter:data1\" content=\"3 minuti\" \/>\n<script type=\"application\/ld+json\" class=\"yoast-schema-graph\">{\"@context\":\"https:\\\/\\\/schema.org\",\"@graph\":[{\"@type\":\"WebPage\",\"@id\":\"https:\\\/\\\/leite-europa.com\\\/it\\\/produit\\\/pacchetto-per-mini-escavatori-cl12-cl18-leite\\\/\",\"url\":\"https:\\\/\\\/leite-europa.com\\\/it\\\/produit\\\/pacchetto-per-mini-escavatori-cl12-cl18-leite\\\/\",\"name\":\"Pacchetto lavori di terra per miniescavatori CL10 e CL20 LEITE - Leite Europe\",\"isPartOf\":{\"@id\":\"https:\\\/\\\/leite-europa.com\\\/it\\\/#website\"},\"primaryImageOfPage\":{\"@id\":\"https:\\\/\\\/leite-europa.com\\\/it\\\/produit\\\/pacchetto-per-mini-escavatori-cl12-cl18-leite\\\/#primaryimage\"},\"image\":{\"@id\":\"https:\\\/\\\/leite-europa.com\\\/it\\\/produit\\\/pacchetto-per-mini-escavatori-cl12-cl18-leite\\\/#primaryimage\"},\"thumbnailUrl\":\"https:\\\/\\\/leite-europa.com\\\/wp-content\\\/uploads\\\/2023\\\/11\\\/Pack-godet-pub-leite.webp\",\"datePublished\":\"2023-11-13T10:08:37+00:00\",\"dateModified\":\"2025-03-14T10:50:07+00:00\",\"description\":\"La nostra benna da scavo Leite, nota anche come benna da scavo o benna da livellamento, \u00e8 una benna senza denti indispensabile per i lavori di rinterro e livellamento.\",\"breadcrumb\":{\"@id\":\"https:\\\/\\\/leite-europa.com\\\/it\\\/produit\\\/pacchetto-per-mini-escavatori-cl12-cl18-leite\\\/#breadcrumb\"},\"inLanguage\":\"it-IT\",\"potentialAction\":[{\"@type\":\"ReadAction\",\"target\":[\"https:\\\/\\\/leite-europa.com\\\/it\\\/produit\\\/pacchetto-per-mini-escavatori-cl12-cl18-leite\\\/\"]}]},{\"@type\":\"ImageObject\",\"inLanguage\":\"it-IT\",\"@id\":\"https:\\\/\\\/leite-europa.com\\\/it\\\/produit\\\/pacchetto-per-mini-escavatori-cl12-cl18-leite\\\/#primaryimage\",\"url\":\"https:\\\/\\\/leite-europa.com\\\/wp-content\\\/uploads\\\/2023\\\/11\\\/Pack-godet-pub-leite.webp\",\"contentUrl\":\"https:\\\/\\\/leite-europa.com\\\/wp-content\\\/uploads\\\/2023\\\/11\\\/Pack-godet-pub-leite.webp\",\"width\":1080,\"height\":1080},{\"@type\":\"BreadcrumbList\",\"@id\":\"https:\\\/\\\/leite-europa.com\\\/it\\\/produit\\\/pacchetto-per-mini-escavatori-cl12-cl18-leite\\\/#breadcrumb\",\"itemListElement\":[{\"@type\":\"ListItem\",\"position\":1,\"name\":\"Accueil\",\"item\":\"https:\\\/\\\/leite-europa.com\\\/it\\\/casa\\\/\"},{\"@type\":\"ListItem\",\"position\":2,\"name\":\"Negozio\",\"item\":\"https:\\\/\\\/leite-europa.com\\\/fr\\\/boutique\\\/\"},{\"@type\":\"ListItem\",\"position\":3,\"name\":\"Pacchetto lavori di terra per miniescavatori CL10 e CL20 LEITE\"}]},{\"@type\":\"WebSite\",\"@id\":\"https:\\\/\\\/leite-europa.com\\\/it\\\/#website\",\"url\":\"https:\\\/\\\/leite-europa.com\\\/it\\\/\",\"name\":\"Leite Europe\",\"description\":\"\",\"publisher\":{\"@id\":\"https:\\\/\\\/leite-europa.com\\\/it\\\/#organization\"},\"potentialAction\":[{\"@type\":\"SearchAction\",\"target\":{\"@type\":\"EntryPoint\",\"urlTemplate\":\"https:\\\/\\\/leite-europa.com\\\/it\\\/?s={search_term_string}\"},\"query-input\":{\"@type\":\"PropertyValueSpecification\",\"valueRequired\":true,\"valueName\":\"search_term_string\"}}],\"inLanguage\":\"it-IT\"},{\"@type\":\"Organization\",\"@id\":\"https:\\\/\\\/leite-europa.com\\\/it\\\/#organization\",\"name\":\"Leite Europe\",\"url\":\"https:\\\/\\\/leite-europa.com\\\/it\\\/\",\"logo\":{\"@type\":\"ImageObject\",\"inLanguage\":\"it-IT\",\"@id\":\"https:\\\/\\\/leite-europa.com\\\/it\\\/#\\\/schema\\\/logo\\\/image\\\/\",\"url\":\"https:\\\/\\\/leite-europa.com\\\/wp-content\\\/uploads\\\/2022\\\/12\\\/LOGO-LEITE.png\",\"contentUrl\":\"https:\\\/\\\/leite-europa.com\\\/wp-content\\\/uploads\\\/2022\\\/12\\\/LOGO-LEITE.png\",\"width\":1024,\"height\":512,\"caption\":\"Leite Europe\"},\"image\":{\"@id\":\"https:\\\/\\\/leite-europa.com\\\/it\\\/#\\\/schema\\\/logo\\\/image\\\/\"},\"sameAs\":[\"https:\\\/\\\/www.facebook.com\\\/profile.php?id=100089192656837\",\"https:\\\/\\\/www.instagram.com\\\/leite_france_minipelle\\\/\",\"https:\\\/\\\/www.linkedin.com\\\/company\\\/leite-france\\\/\"]}]}<\/script>\n<!-- \/ Yoast SEO plugin. -->","yoast_head_json":{"title":"Pacchetto lavori di terra per miniescavatori CL10 e CL20 LEITE - Leite Europe","description":"La nostra benna da scavo Leite, nota anche come benna da scavo o benna da livellamento, \u00e8 una benna senza denti indispensabile per i lavori di rinterro e livellamento.","robots":{"index":"index","follow":"follow","max-snippet":"max-snippet:-1","max-image-preview":"max-image-preview:large","max-video-preview":"max-video-preview:-1"},"canonical":"https:\/\/leite-europa.com\/it\/produit\/pacchetto-per-mini-escavatori-cl12-cl18-leite\/","og_locale":"it_IT","og_type":"article","og_title":"Pacchetto lavori di terra per miniescavatori CL10 e CL20 LEITE - Leite Europe","og_description":"La nostra benna da scavo Leite, nota anche come benna da scavo o benna da livellamento, \u00e8 una benna senza denti indispensabile per i lavori di rinterro e livellamento.","og_url":"https:\/\/leite-europa.com\/it\/produit\/pacchetto-per-mini-escavatori-cl12-cl18-leite\/","og_site_name":"Leite Europe","article_publisher":"https:\/\/www.facebook.com\/profile.php?id=100089192656837","article_modified_time":"2025-03-14T10:50:07+00:00","og_image":[{"width":1080,"height":1080,"url":"https:\/\/leite-europa.com\/wp-content\/uploads\/2023\/11\/Pack-godet-pub-leite.webp","type":"image\/webp"}],"twitter_card":"summary_large_image","twitter_misc":{"Tempo di lettura stimato":"3 minuti"},"schema":{"@context":"https:\/\/schema.org","@graph":[{"@type":"WebPage","@id":"https:\/\/leite-europa.com\/it\/produit\/pacchetto-per-mini-escavatori-cl12-cl18-leite\/","url":"https:\/\/leite-europa.com\/it\/produit\/pacchetto-per-mini-escavatori-cl12-cl18-leite\/","name":"Pacchetto lavori di terra per miniescavatori CL10 e CL20 LEITE - Leite Europe","isPartOf":{"@id":"https:\/\/leite-europa.com\/it\/#website"},"primaryImageOfPage":{"@id":"https:\/\/leite-europa.com\/it\/produit\/pacchetto-per-mini-escavatori-cl12-cl18-leite\/#primaryimage"},"image":{"@id":"https:\/\/leite-europa.com\/it\/produit\/pacchetto-per-mini-escavatori-cl12-cl18-leite\/#primaryimage"},"thumbnailUrl":"https:\/\/leite-europa.com\/wp-content\/uploads\/2023\/11\/Pack-godet-pub-leite.webp","datePublished":"2023-11-13T10:08:37+00:00","dateModified":"2025-03-14T10:50:07+00:00","description":"La nostra benna da scavo Leite, nota anche come benna da scavo o benna da livellamento, \u00e8 una benna senza denti indispensabile per i lavori di rinterro e livellamento.","breadcrumb":{"@id":"https:\/\/leite-europa.com\/it\/produit\/pacchetto-per-mini-escavatori-cl12-cl18-leite\/#breadcrumb"},"inLanguage":"it-IT","potentialAction":[{"@type":"ReadAction","target":["https:\/\/leite-europa.com\/it\/produit\/pacchetto-per-mini-escavatori-cl12-cl18-leite\/"]}]},{"@type":"ImageObject","inLanguage":"it-IT","@id":"https:\/\/leite-europa.com\/it\/produit\/pacchetto-per-mini-escavatori-cl12-cl18-leite\/#primaryimage","url":"https:\/\/leite-europa.com\/wp-content\/uploads\/2023\/11\/Pack-godet-pub-leite.webp","contentUrl":"https:\/\/leite-europa.com\/wp-content\/uploads\/2023\/11\/Pack-godet-pub-leite.webp","width":1080,"height":1080},{"@type":"BreadcrumbList","@id":"https:\/\/leite-europa.com\/it\/produit\/pacchetto-per-mini-escavatori-cl12-cl18-leite\/#breadcrumb","itemListElement":[{"@type":"ListItem","position":1,"name":"Accueil","item":"https:\/\/leite-europa.com\/it\/casa\/"},{"@type":"ListItem","position":2,"name":"Negozio","item":"https:\/\/leite-europa.com\/fr\/boutique\/"},{"@type":"ListItem","position":3,"name":"Pacchetto lavori di terra per miniescavatori CL10 e CL20 LEITE"}]},{"@type":"WebSite","@id":"https:\/\/leite-europa.com\/it\/#website","url":"https:\/\/leite-europa.com\/it\/","name":"Leite Europe","description":"","publisher":{"@id":"https:\/\/leite-europa.com\/it\/#organization"},"potentialAction":[{"@type":"SearchAction","target":{"@type":"EntryPoint","urlTemplate":"https:\/\/leite-europa.com\/it\/?s={search_term_string}"},"query-input":{"@type":"PropertyValueSpecification","valueRequired":true,"valueName":"search_term_string"}}],"inLanguage":"it-IT"},{"@type":"Organization","@id":"https:\/\/leite-europa.com\/it\/#organization","name":"Leite Europe","url":"https:\/\/leite-europa.com\/it\/","logo":{"@type":"ImageObject","inLanguage":"it-IT","@id":"https:\/\/leite-europa.com\/it\/#\/schema\/logo\/image\/","url":"https:\/\/leite-europa.com\/wp-content\/uploads\/2022\/12\/LOGO-LEITE.png","contentUrl":"https:\/\/leite-europa.com\/wp-content\/uploads\/2022\/12\/LOGO-LEITE.png","width":1024,"height":512,"caption":"Leite Europe"},"image":{"@id":"https:\/\/leite-europa.com\/it\/#\/schema\/logo\/image\/"},"sameAs":["https:\/\/www.facebook.com\/profile.php?id=100089192656837","https:\/\/www.instagram.com\/leite_france_minipelle\/","https:\/\/www.linkedin.com\/company\/leite-france\/"]}]}},"_links":{"self":[{"href":"https:\/\/leite-europa.com\/it\/wp-json\/wp\/v2\/product\/8332","targetHints":{"allow":["GET"]}}],"collection":[{"href":"https:\/\/leite-europa.com\/it\/wp-json\/wp\/v2\/product"}],"about":[{"href":"https:\/\/leite-europa.com\/it\/wp-json\/wp\/v2\/types\/product"}],"wp:featuredmedia":[{"embeddable":true,"href":"https:\/\/leite-europa.com\/it\/wp-json\/wp\/v2\/media\/8021"}],"wp:attachment":[{"href":"https:\/\/leite-europa.com\/it\/wp-json\/wp\/v2\/media?parent=8332"}],"wp:term":[{"taxonomy":"product_brand","embeddable":true,"href":"https:\/\/leite-europa.com\/it\/wp-json\/wp\/v2\/product_brand?post=8332"},{"taxonomy":"product_cat","embeddable":true,"href":"https:\/\/leite-europa.com\/it\/wp-json\/wp\/v2\/product_cat?post=8332"},{"taxonomy":"product_tag","embeddable":true,"href":"https:\/\/leite-europa.com\/it\/wp-json\/wp\/v2\/product_tag?post=8332"}],"curies":[{"name":"wp","href":"https:\/\/api.w.org\/{rel}","templated":true}]}}