{"id":5123,"date":"2022-12-19T18:37:57","date_gmt":"2022-12-19T17:37:57","guid":{"rendered":"https:\/\/leite-europa.com\/mini-carregadores\/"},"modified":"2024-04-17T16:03:11","modified_gmt":"2024-04-17T14:03:11","slug":"mini-carregadores","status":"publish","type":"page","link":"https:\/\/leite-europa.com\/pt-pt\/mini-carregadores\/","title":{"rendered":"Mini-carregadores e tractores"},"content":{"rendered":"<p>[et_pb_section fb_built=&#8221;1&#8243; specialty=&#8221;on&#8221; _builder_version=&#8221;4.19.4&#8243; _module_preset=&#8221;default&#8221; custom_padding=&#8221;||6px|||&#8221; global_colors_info=&#8221;{}&#8221;][et_pb_column type=&#8221;2_3&#8243; specialty_columns=&#8221;2&#8243; _builder_version=&#8221;4.16&#8243; custom_padding=&#8221;|||&#8221; global_colors_info=&#8221;{}&#8221; custom_padding__hover=&#8221;|||&#8221;][et_pb_row_inner _builder_version=&#8221;4.19.4&#8243; _module_preset=&#8221;default&#8221; global_colors_info=&#8221;{}&#8221;][et_pb_column_inner saved_specialty_column_type=&#8221;2_3&#8243; _builder_version=&#8221;4.19.4&#8243; _module_preset=&#8221;default&#8221; global_colors_info=&#8221;{}&#8221;][et_pb_text _builder_version=&#8221;4.23.1&#8243; _module_preset=&#8221;default&#8221; header_font_size=&#8221;70px&#8221; header_font_size_tablet=&#8221;70px&#8221; header_font_size_phone=&#8221;50px&#8221; header_font_size_last_edited=&#8221;on|phone&#8221; global_colors_info=&#8221;{}&#8221;]<\/p>\n<h1 style=\"text-align: center;\"><span style=\"color: #ff6600;\">MINI CARREGADORES<\/span><\/h1>\n<p>[\/et_pb_text][\/et_pb_column_inner][\/et_pb_row_inner][et_pb_row_inner _builder_version=&#8221;4.19.4&#8243; _module_preset=&#8221;default&#8221; global_colors_info=&#8221;{}&#8221;][et_pb_column_inner saved_specialty_column_type=&#8221;2_3&#8243; _builder_version=&#8221;4.19.4&#8243; _module_preset=&#8221;default&#8221; global_colors_info=&#8221;{}&#8221;][et_pb_text _builder_version=&#8221;4.21.2&#8243; _module_preset=&#8221;default&#8221; text_font_size=&#8221;20px&#8221; text_line_height=&#8221;2em&#8221; text_orientation=&#8221;center&#8221; global_colors_info=&#8221;{}&#8221;]<\/p>\n<p><span style=\"color: #333333;\">A solu\u00e7\u00e3o multifuncional com uma gama de acess\u00f3rios para uma multiplicidade de tarefas.<\/span><\/p>\n<p>[\/et_pb_text][\/et_pb_column_inner][\/et_pb_row_inner][\/et_pb_column][et_pb_column type=&#8221;1_3&#8243; _builder_version=&#8221;4.16&#8243; custom_padding=&#8221;|||&#8221; global_colors_info=&#8221;{}&#8221; custom_padding__hover=&#8221;|||&#8221;][et_pb_image src=&#8221;https:\/\/leite-europa.com\/wp-content\/uploads\/2023\/01\/\u2557\u00bcEaI\u2591EI\u2557\u00b73.jpg&#8221; alt=&#8221;Mini carregador Leite&#8221; title_text=&#8221;Mini carregador Leite&#8221; _builder_version=&#8221;4.20.4&#8243; _module_preset=&#8221;default&#8221; animation_style=&#8221;slide&#8221; global_colors_info=&#8221;{}&#8221;][\/et_pb_image][\/et_pb_column][\/et_pb_section][et_pb_section fb_built=&#8221;1&#8243; admin_label=&#8221;leite france&#8221; _builder_version=&#8221;4.20.4&#8243; _module_preset=&#8221;0ea02e9e-b4a1-4de8-8715-f67d5841ea15&#8243; background_enable_color=&#8221;off&#8221; use_background_color_gradient=&#8221;on&#8221; background_color_gradient_stops=&#8221;#000000 0%|#ffffff 100%&#8221; min_height=&#8221;494.1px&#8221; custom_margin=&#8221;1px|||||&#8221; custom_padding=&#8221;2.6%|0px|0.2%|0px||&#8221; bottom_divider_flip=&#8221;horizontal&#8221; locked=&#8221;off&#8221; global_colors_info=&#8221;{}&#8221;][et_pb_row _builder_version=&#8221;4.23&#8243; _module_preset=&#8221;default&#8221; custom_padding=&#8221;||||false|false&#8221; global_colors_info=&#8221;{}&#8221;][et_pb_column type=&#8221;4_4&#8243; _builder_version=&#8221;4.19.4&#8243; _module_preset=&#8221;default&#8221; global_colors_info=&#8221;{}&#8221;][et_pb_text _builder_version=&#8221;4.21.2&#8243; _module_preset=&#8221;default&#8221; header_2_text_color=&#8221;#FFFFFF&#8221; header_2_font_size=&#8221;34px&#8221; global_colors_info=&#8221;{}&#8221;]<\/p>\n<h2>Os nossos mini carregadores<\/h2>\n<p>[\/et_pb_text][et_pb_shop type=&#8221;product_category&#8221; posts_number=&#8221;3&#8243; include_categories=&#8221;157&#8243; orderby=&#8221;date-desc&#8221; show_rating=&#8221;off&#8221; show_sale_badge=&#8221;off&#8221; _builder_version=&#8221;4.23.1&#8243; _module_preset=&#8221;default&#8221; title_font_size=&#8221;18px&#8221; price_font=&#8221;|600|||||||&#8221; price_text_color=&#8221;#E75F0D&#8221; price_font_size=&#8221;28px&#8221; text_orientation=&#8221;center&#8221; custom_css_product=&#8221;background-color:#FFFFFF;||padding:20px!important;||border-radius:10px!important;&#8221; global_colors_info=&#8221;{}&#8221;][\/et_pb_shop][et_pb_text _builder_version=&#8221;4.21.2&#8243; _module_preset=&#8221;default&#8221; header_2_text_color=&#8221;#FFFFFF&#8221; header_2_font_size=&#8221;34px&#8221; custom_padding=&#8221;0px|||||&#8221; global_colors_info=&#8221;{}&#8221;]<\/p>\n<h2>Os nossos tractores<\/h2>\n<p>[\/et_pb_text][et_pb_shop type=&#8221;product_category&#8221; posts_number=&#8221;3&#8243; include_categories=&#8221;303&#8243; orderby=&#8221;date-desc&#8221; show_rating=&#8221;off&#8221; show_sale_badge=&#8221;off&#8221; _builder_version=&#8221;4.24.3&#8243; _module_preset=&#8221;default&#8221; title_font_size=&#8221;18px&#8221; price_font=&#8221;|600|||||||&#8221; price_text_color=&#8221;#E75F0D&#8221; price_font_size=&#8221;28px&#8221; text_orientation=&#8221;center&#8221; custom_css_product=&#8221;background-color:#FFFFFF;||padding:20px!important;||border-radius:10px!important;&#8221; global_colors_info=&#8221;{}&#8221;][\/et_pb_shop][\/et_pb_column][\/et_pb_row][\/et_pb_section][et_pb_section fb_built=&#8221;1&#8243; _builder_version=&#8221;4.22.2&#8243; _module_preset=&#8221;ccaf07fd-112a-40ae-8f10-938c0d4a1614&#8243; custom_padding=&#8221;3px|||||&#8221; global_colors_info=&#8221;{}&#8221;][et_pb_row make_equal=&#8221;on&#8221; _builder_version=&#8221;4.23&#8243; _module_preset=&#8221;default&#8221; global_colors_info=&#8221;{}&#8221;][et_pb_column type=&#8221;4_4&#8243; _builder_version=&#8221;4.20.4&#8243; _module_preset=&#8221;default&#8221; global_colors_info=&#8221;{}&#8221;][et_pb_text _builder_version=&#8221;4.22.2&#8243; _module_preset=&#8221;default&#8221; header_2_text_color=&#8221;#FFFFFF&#8221; header_2_font_size=&#8221;34px&#8221; header_2_font_size_tablet=&#8221;34px&#8221; header_2_font_size_phone=&#8221;34px&#8221; header_2_font_size_last_edited=&#8221;on|phone&#8221; global_colors_info=&#8221;{}&#8221;]<\/p>\n<h2>Os nossos mini carregadores s\u00e3o fornecidos com uma vasta gama de acess\u00f3rios compat\u00edveis <\/h2>\n<p>[\/et_pb_text][et_pb_shop type=&#8221;product_category&#8221; show_pagination=&#8221;on&#8221; include_categories=&#8221;161&#8243; orderby=&#8221;date-desc&#8221; show_rating=&#8221;off&#8221; show_sale_badge=&#8221;off&#8221; _builder_version=&#8221;4.23.1&#8243; _module_preset=&#8221;default&#8221; title_font_size=&#8221;18px&#8221; price_font=&#8221;|600|||||||&#8221; price_text_color=&#8221;#E75F0D&#8221; price_font_size=&#8221;28px&#8221; text_orientation=&#8221;center&#8221; custom_css_free_form=&#8221;.woocommerce nav.woocommerce-pagination ul li a {||  color: #FFFFFF!important;||}||||.woocommerce nav.woocommerce-pagination ul li a:hover {||  color: #000000!important;||}&#8221; custom_css_product=&#8221;background-color:#FFFFFF;||padding:20px!important;||border-radius:10px!important;&#8221; global_colors_info=&#8221;{}&#8221;][\/et_pb_shop][\/et_pb_column][\/et_pb_row][\/et_pb_section][et_pb_section fb_built=&#8221;1&#8243; _builder_version=&#8221;4.20.4&#8243; _module_preset=&#8221;default&#8221; background_color=&#8221;RGBA(255,255,255,0)&#8221; global_colors_info=&#8221;{}&#8221;][et_pb_row column_structure=&#8221;1_2,1_2&#8243; _builder_version=&#8221;4.20.4&#8243; _module_preset=&#8221;default&#8221; global_colors_info=&#8221;{}&#8221;][et_pb_column type=&#8221;1_2&#8243; _builder_version=&#8221;4.20.4&#8243; _module_preset=&#8221;default&#8221; global_colors_info=&#8221;{}&#8221;][et_pb_text _builder_version=&#8221;4.20.4&#8243; _module_preset=&#8221;default&#8221; text_font_size=&#8221;18px&#8221; text_orientation=&#8221;justified&#8221; global_colors_info=&#8221;{}&#8221;]<\/p>\n<p><strong>A LEITE Europa, especialista na importa\u00e7\u00e3o de mini-equipamentos de constru\u00e7\u00e3o chineses, tem o prazer de apresentar a sua mini-carregadora compacta e de alto desempenho. Ideal para trabalhos de constru\u00e7\u00e3o, agricultura ou paisagismo, a nossa mini-carregadora, tamb\u00e9m conhecida como mini-carregadora ou bobcat, destaca-se pela sua versatilidade e efici\u00eancia. Descubra estas m\u00e1quinas robustas e econ\u00f3micas que facilitar\u00e3o o seu trabalho di\u00e1rio.<\/strong><\/p>\n<p>[\/et_pb_text][et_pb_text admin_label=&#8221;Le mini-chargeur, un engin compact et polyvalent pour vos chantiers&#8221; _builder_version=&#8221;4.20.4&#8243; _module_preset=&#8221;default&#8221; header_2_text_color=&#8221;#E75F0D&#8221; global_colors_info=&#8221;{}&#8221;]<\/p>\n<h2>A mini-carregadora, uma m\u00e1quina compacta e vers\u00e1til para os seus estaleiros<\/h2>\n<p>[\/et_pb_text][et_pb_text _builder_version=&#8221;4.20.4&#8243; _module_preset=&#8221;default&#8221; text_orientation=&#8221;justified&#8221; global_colors_info=&#8221;{}&#8221;]<\/p>\n<p>A mini-carregadora \u00e9 uma pe\u00e7a de equipamento de constru\u00e7\u00e3o leve e manobr\u00e1vel, concebida para executar uma variedade de tarefas, incluindo a movimenta\u00e7\u00e3o de materiais, o nivelamento de superf\u00edcies e os trabalhos de terraplanagem. Gra\u00e7as \u00e0s suas dimens\u00f5es reduzidas e \u00e0 sua grande manobrabilidade, a mini-carregadora adapta-se particularmente bem aos espa\u00e7os reduzidos e aos locais de trabalho urbanos. Na LEITE Europa, oferecemos uma vasta gama de acess\u00f3rios compat\u00edveis para satisfazer todas as suas necessidades.<\/p>\n<p>[\/et_pb_text][et_pb_text admin_label=&#8221;Une s\u00e9lection rigoureuse de mini-chargeurs chinois chez LEITE France&#8221; _builder_version=&#8221;4.20.4&#8243; _module_preset=&#8221;default&#8221; header_2_text_color=&#8221;#E75F0D&#8221; global_colors_info=&#8221;{}&#8221;]<\/p>\n<h2>Uma rigorosa sele\u00e7\u00e3o de mini-carregadores chineses na LEITE Fran\u00e7a<\/h2>\n<p>[\/et_pb_text][et_pb_text _builder_version=&#8221;4.20.4&#8243; _module_preset=&#8221;default&#8221; text_orientation=&#8221;justified&#8221; global_colors_info=&#8221;{}&#8221;]<\/p>\n<p>A nossa gama de mini-carregadores chineses \u00e9 o resultado de um rigoroso processo de sele\u00e7\u00e3o, baseado na qualidade, desempenho e durabilidade. H\u00e1 mais de 30 anos que trabalhamos em estreita colabora\u00e7\u00e3o com um fabricante chin\u00eas de renome para lhe oferecer m\u00e1quinas robustas e fi\u00e1veis. A nossa mini-carregadora est\u00e1 equipada com um motor robusto e de elevado desempenho, garantindo uma produtividade \u00f3ptima e um baixo consumo de combust\u00edvel.<\/p>\n<p>[\/et_pb_text][\/et_pb_column][et_pb_column type=&#8221;1_2&#8243; _builder_version=&#8221;4.20.4&#8243; _module_preset=&#8221;default&#8221; global_colors_info=&#8221;{}&#8221;][et_pb_text admin_label=&#8221;Un large choix d&#8217;accessoires pour personnaliser votre mini-chargeur&#8221; _builder_version=&#8221;4.20.4&#8243; _module_preset=&#8221;default&#8221; header_2_text_color=&#8221;#E75F0D&#8221; global_colors_info=&#8221;{}&#8221;]<\/p>\n<h2>Uma vasta sele\u00e7\u00e3o de acess\u00f3rios para personalizar o seu mini carregador<\/h2>\n<p>[\/et_pb_text][et_pb_text _builder_version=&#8221;4.20.4&#8243; _module_preset=&#8221;default&#8221; text_orientation=&#8221;justified&#8221; global_colors_info=&#8221;{}&#8221;]<\/p>\n<p>Uma das principais vantagens do mini carregador \u00e9 a sua versatilidade, possibilitada por uma multiplicidade de acess\u00f3rios intermut\u00e1veis. Na LEITE Europa, oferecemos uma vasta gama de acess\u00f3rios para a sua mini carregadora, incluindo baldes, garfos para paletes, trituradores e martelos hidr\u00e1ulicos. Desta forma, pode adaptar a sua m\u00e1quina \u00e0s necessidades espec\u00edficas de cada local, aumentando a efici\u00eancia e a produtividade.<\/p>\n<p>[\/et_pb_text][et_pb_text admin_label=&#8221;Un service apr\u00e8s-vente et une assistance technique de qualit\u00e9&#8221; _builder_version=&#8221;4.20.4&#8243; _module_preset=&#8221;default&#8221; header_2_text_color=&#8221;#E75F0D&#8221; global_colors_info=&#8221;{}&#8221;]<\/p>\n<h2>Servi\u00e7o p\u00f3s-venda e assist\u00eancia t\u00e9cnica de alta qualidade<\/h2>\n<p>[\/et_pb_text][et_pb_text _builder_version=&#8221;4.20.4&#8243; _module_preset=&#8221;default&#8221; text_orientation=&#8221;justified&#8221; global_colors_info=&#8221;{}&#8221;]<\/p>\n<p>A LEITE Europa faz quest\u00e3o de acompanhar os seus clientes durante toda a vida \u00fatil dos seus mini carregadores, oferecendo conselhos de manuten\u00e7\u00e3o adequados e fornecendo pe\u00e7as de substitui\u00e7\u00e3o originais. A nossa equipa de t\u00e9cnicos qualificados est\u00e1 \u00e0 sua disposi\u00e7\u00e3o para o aconselhar e assistir sempre que precisar, assegurando a durabilidade do seu investimento.<\/p>\n<p>[\/et_pb_text][et_pb_text _builder_version=&#8221;4.20.4&#8243; _module_preset=&#8221;default&#8221; text_orientation=&#8221;justified&#8221; global_colors_info=&#8221;{}&#8221;]<\/p>\n<p>Escolher um mini-carregador chin\u00eas da LEITE Europa significa optar por um dispositivo compacto, de elevado desempenho e personaliz\u00e1vel, adaptado \u00e0s suas necessidades profissionais ou pessoais. Contacte-nos para saber mais sobre a nossa gama de mini-carregadores e para beneficiar da experi\u00eancia dos nossos consultores. Pode confiar na LEITE Europa para o ajudar a fazer a escolha certa e para lhe fornecer um servi\u00e7o p\u00f3s-venda e apoio t\u00e9cnico de alta qualidade.<\/p>\n<p>[\/et_pb_text][\/et_pb_column][\/et_pb_row][\/et_pb_section][et_pb_section fb_built=&#8221;1&#8243; _builder_version=&#8221;4.20.4&#8243; _module_preset=&#8221;default&#8221; background_color=&#8221;#E75F0D&#8221; global_colors_info=&#8221;{}&#8221;][et_pb_row _builder_version=&#8221;4.20.4&#8243; _module_preset=&#8221;default&#8221; global_colors_info=&#8221;{}&#8221;][et_pb_column type=&#8221;4_4&#8243; _builder_version=&#8221;4.20.4&#8243; _module_preset=&#8221;default&#8221; global_colors_info=&#8221;{}&#8221;][et_pb_text _builder_version=&#8221;4.20.4&#8243; _module_preset=&#8221;default&#8221; header_2_text_color=&#8221;#FFFFFF&#8221; header_2_font_size=&#8221;34px&#8221; global_colors_info=&#8221;{}&#8221;]<\/p>\n<h2>As nossas dicas e not\u00edcias&#8230;<\/h2>\n<p>[\/et_pb_text][et_pb_blog fullwidth=&#8221;off&#8221; posts_number=&#8221;3&#8243; include_categories=&#8221;34&#8243; show_author=&#8221;off&#8221; show_date=&#8221;off&#8221; show_categories=&#8221;off&#8221; show_excerpt=&#8221;off&#8221; show_pagination=&#8221;off&#8221; module_class=&#8221;dc_blog-ratio_1-1&#8243; _builder_version=&#8221;4.22.2&#8243; _module_preset=&#8221;default&#8221; header_text_color=&#8221;#E75F0D&#8221; animation_style=&#8221;slide&#8221; box_shadow_style=&#8221;preset2&#8243; global_colors_info=&#8221;{}&#8221;][\/et_pb_blog][\/et_pb_column][\/et_pb_row][\/et_pb_section]<\/p>\n","protected":false},"excerpt":{"rendered":"<p>MINI CARREGADORESA solu\u00e7\u00e3o multifuncional com uma gama de acess\u00f3rios para uma multiplicidade de tarefas.Os nossos mini carregadoresOs nossos tractoresOs nossos mini carregadores s\u00e3o fornecidos com uma vasta gama de acess\u00f3rios compat\u00edveis A LEITE Europa, especialista na importa\u00e7\u00e3o de mini-equipamentos de constru\u00e7\u00e3o chineses, tem o prazer de apresentar a sua mini-carregadora compacta e de alto desempenho. [&hellip;]<\/p>\n","protected":false},"author":3,"featured_media":3339,"parent":0,"menu_order":0,"comment_status":"closed","ping_status":"closed","template":"","meta":{"_et_pb_use_builder":"on","_et_pb_old_content":"","_et_gb_content_width":"","footnotes":""},"class_list":["post-5123","page","type-page","status-publish","has-post-thumbnail","hentry"],"yoast_head":"<!-- This site is optimized with the Yoast SEO plugin v27.4 - https:\/\/yoast.com\/product\/yoast-seo-wordpress\/ -->\n<title>Mini-carregadores e tractores - Leite Europe<\/title>\n<meta name=\"description\" content=\"O nosso mini carregador Leite \u00e9 uma ferramenta vers\u00e1til com uma excelente rela\u00e7\u00e3o qualidade\/pre\u00e7o, gra\u00e7as \u00e0 sua vasta gama de acess\u00f3rios.\" \/>\n<meta name=\"robots\" content=\"index, follow, max-snippet:-1, max-image-preview:large, max-video-preview:-1\" \/>\n<link rel=\"canonical\" href=\"https:\/\/leite-europa.com\/pt-pt\/mini-carregadores\/\" \/>\n<meta property=\"og:locale\" content=\"pt_PT\" \/>\n<meta property=\"og:type\" content=\"article\" \/>\n<meta property=\"og:title\" content=\"Mini carregador Leite\" \/>\n<meta property=\"og:description\" content=\"Descubra a nossa gama de mini-carregadores Leite. Excelente rela\u00e7\u00e3o qualidade\/pre\u00e7o para uma utiliza\u00e7\u00e3o vers\u00e1til.\" \/>\n<meta property=\"og:url\" content=\"https:\/\/leite-europa.com\/pt-pt\/mini-carregadores\/\" \/>\n<meta property=\"og:site_name\" content=\"Leite Europe\" \/>\n<meta property=\"article:publisher\" content=\"https:\/\/www.facebook.com\/profile.php?id=100089192656837\" \/>\n<meta property=\"article:modified_time\" content=\"2024-04-17T14:03:11+00:00\" \/>\n<meta property=\"og:image\" content=\"https:\/\/leite-europa.com\/wp-content\/uploads\/2023\/01\/\u2557\u00bcEaI\u2591EI\u2557\u00b73-296x300.jpg\" \/>\n<meta name=\"twitter:card\" content=\"summary_large_image\" \/>\n<meta name=\"twitter:label1\" content=\"Tempo estimado de leitura\" \/>\n\t<meta name=\"twitter:data1\" content=\"8 minutos\" \/>\n<script type=\"application\/ld+json\" class=\"yoast-schema-graph\">{\"@context\":\"https:\\\/\\\/schema.org\",\"@graph\":[{\"@type\":\"WebPage\",\"@id\":\"https:\\\/\\\/leite-europa.com\\\/pt-pt\\\/mini-carregadores\\\/\",\"url\":\"https:\\\/\\\/leite-europa.com\\\/pt-pt\\\/mini-carregadores\\\/\",\"name\":\"Mini-carregadores e tractores - Leite Europe\",\"isPartOf\":{\"@id\":\"https:\\\/\\\/leite-europa.com\\\/pt-pt\\\/#website\"},\"primaryImageOfPage\":{\"@id\":\"https:\\\/\\\/leite-europa.com\\\/pt-pt\\\/mini-carregadores\\\/#primaryimage\"},\"image\":{\"@id\":\"https:\\\/\\\/leite-europa.com\\\/pt-pt\\\/mini-carregadores\\\/#primaryimage\"},\"thumbnailUrl\":\"https:\\\/\\\/leite-europa.com\\\/wp-content\\\/uploads\\\/2023\\\/01\\\/\u2557\u00bcEaI\u2591EI\u2557\u00b71-scaled.jpg\",\"datePublished\":\"2022-12-19T17:37:57+00:00\",\"dateModified\":\"2024-04-17T14:03:11+00:00\",\"description\":\"O nosso mini carregador Leite \u00e9 uma ferramenta vers\u00e1til com uma excelente rela\u00e7\u00e3o qualidade\\\/pre\u00e7o, gra\u00e7as \u00e0 sua vasta gama de acess\u00f3rios.\",\"breadcrumb\":{\"@id\":\"https:\\\/\\\/leite-europa.com\\\/pt-pt\\\/mini-carregadores\\\/#breadcrumb\"},\"inLanguage\":\"pt-PT\",\"potentialAction\":[{\"@type\":\"ReadAction\",\"target\":[\"https:\\\/\\\/leite-europa.com\\\/pt-pt\\\/mini-carregadores\\\/\"]}]},{\"@type\":\"ImageObject\",\"inLanguage\":\"pt-PT\",\"@id\":\"https:\\\/\\\/leite-europa.com\\\/pt-pt\\\/mini-carregadores\\\/#primaryimage\",\"url\":\"https:\\\/\\\/leite-europa.com\\\/wp-content\\\/uploads\\\/2023\\\/01\\\/\u2557\u00bcEaI\u2591EI\u2557\u00b71-scaled.jpg\",\"contentUrl\":\"https:\\\/\\\/leite-europa.com\\\/wp-content\\\/uploads\\\/2023\\\/01\\\/\u2557\u00bcEaI\u2591EI\u2557\u00b71-scaled.jpg\",\"width\":1920,\"height\":1920},{\"@type\":\"BreadcrumbList\",\"@id\":\"https:\\\/\\\/leite-europa.com\\\/pt-pt\\\/mini-carregadores\\\/#breadcrumb\",\"itemListElement\":[{\"@type\":\"ListItem\",\"position\":1,\"name\":\"Accueil\",\"item\":\"https:\\\/\\\/leite-europa.com\\\/pt-pt\\\/inicio\\\/\"},{\"@type\":\"ListItem\",\"position\":2,\"name\":\"Mini-carregadores e tractores\"}]},{\"@type\":\"WebSite\",\"@id\":\"https:\\\/\\\/leite-europa.com\\\/pt-pt\\\/#website\",\"url\":\"https:\\\/\\\/leite-europa.com\\\/pt-pt\\\/\",\"name\":\"Leite Europe\",\"description\":\"\",\"publisher\":{\"@id\":\"https:\\\/\\\/leite-europa.com\\\/pt-pt\\\/#organization\"},\"potentialAction\":[{\"@type\":\"SearchAction\",\"target\":{\"@type\":\"EntryPoint\",\"urlTemplate\":\"https:\\\/\\\/leite-europa.com\\\/pt-pt\\\/?s={search_term_string}\"},\"query-input\":{\"@type\":\"PropertyValueSpecification\",\"valueRequired\":true,\"valueName\":\"search_term_string\"}}],\"inLanguage\":\"pt-PT\"},{\"@type\":\"Organization\",\"@id\":\"https:\\\/\\\/leite-europa.com\\\/pt-pt\\\/#organization\",\"name\":\"Leite Europe\",\"url\":\"https:\\\/\\\/leite-europa.com\\\/pt-pt\\\/\",\"logo\":{\"@type\":\"ImageObject\",\"inLanguage\":\"pt-PT\",\"@id\":\"https:\\\/\\\/leite-europa.com\\\/pt-pt\\\/#\\\/schema\\\/logo\\\/image\\\/\",\"url\":\"https:\\\/\\\/leite-europa.com\\\/wp-content\\\/uploads\\\/2022\\\/12\\\/LOGO-LEITE.png\",\"contentUrl\":\"https:\\\/\\\/leite-europa.com\\\/wp-content\\\/uploads\\\/2022\\\/12\\\/LOGO-LEITE.png\",\"width\":1024,\"height\":512,\"caption\":\"Leite Europe\"},\"image\":{\"@id\":\"https:\\\/\\\/leite-europa.com\\\/pt-pt\\\/#\\\/schema\\\/logo\\\/image\\\/\"},\"sameAs\":[\"https:\\\/\\\/www.facebook.com\\\/profile.php?id=100089192656837\",\"https:\\\/\\\/www.instagram.com\\\/leite_france_minipelle\\\/\",\"https:\\\/\\\/www.linkedin.com\\\/company\\\/leite-france\\\/\"]}]}<\/script>\n<!-- \/ Yoast SEO plugin. -->","yoast_head_json":{"title":"Mini-carregadores e tractores - Leite Europe","description":"O nosso mini carregador Leite \u00e9 uma ferramenta vers\u00e1til com uma excelente rela\u00e7\u00e3o qualidade\/pre\u00e7o, gra\u00e7as \u00e0 sua vasta gama de acess\u00f3rios.","robots":{"index":"index","follow":"follow","max-snippet":"max-snippet:-1","max-image-preview":"max-image-preview:large","max-video-preview":"max-video-preview:-1"},"canonical":"https:\/\/leite-europa.com\/pt-pt\/mini-carregadores\/","og_locale":"pt_PT","og_type":"article","og_title":"Mini carregador Leite","og_description":"Descubra a nossa gama de mini-carregadores Leite. Excelente rela\u00e7\u00e3o qualidade\/pre\u00e7o para uma utiliza\u00e7\u00e3o vers\u00e1til.","og_url":"https:\/\/leite-europa.com\/pt-pt\/mini-carregadores\/","og_site_name":"Leite Europe","article_publisher":"https:\/\/www.facebook.com\/profile.php?id=100089192656837","article_modified_time":"2024-04-17T14:03:11+00:00","og_image":[{"url":"https:\/\/leite-europa.com\/wp-content\/uploads\/2023\/01\/\u2557\u00bcEaI\u2591EI\u2557\u00b73-296x300.jpg","type":"","width":"","height":""}],"twitter_card":"summary_large_image","twitter_misc":{"Tempo estimado de leitura":"8 minutos"},"schema":{"@context":"https:\/\/schema.org","@graph":[{"@type":"WebPage","@id":"https:\/\/leite-europa.com\/pt-pt\/mini-carregadores\/","url":"https:\/\/leite-europa.com\/pt-pt\/mini-carregadores\/","name":"Mini-carregadores e tractores - Leite Europe","isPartOf":{"@id":"https:\/\/leite-europa.com\/pt-pt\/#website"},"primaryImageOfPage":{"@id":"https:\/\/leite-europa.com\/pt-pt\/mini-carregadores\/#primaryimage"},"image":{"@id":"https:\/\/leite-europa.com\/pt-pt\/mini-carregadores\/#primaryimage"},"thumbnailUrl":"https:\/\/leite-europa.com\/wp-content\/uploads\/2023\/01\/\u2557\u00bcEaI\u2591EI\u2557\u00b71-scaled.jpg","datePublished":"2022-12-19T17:37:57+00:00","dateModified":"2024-04-17T14:03:11+00:00","description":"O nosso mini carregador Leite \u00e9 uma ferramenta vers\u00e1til com uma excelente rela\u00e7\u00e3o qualidade\/pre\u00e7o, gra\u00e7as \u00e0 sua vasta gama de acess\u00f3rios.","breadcrumb":{"@id":"https:\/\/leite-europa.com\/pt-pt\/mini-carregadores\/#breadcrumb"},"inLanguage":"pt-PT","potentialAction":[{"@type":"ReadAction","target":["https:\/\/leite-europa.com\/pt-pt\/mini-carregadores\/"]}]},{"@type":"ImageObject","inLanguage":"pt-PT","@id":"https:\/\/leite-europa.com\/pt-pt\/mini-carregadores\/#primaryimage","url":"https:\/\/leite-europa.com\/wp-content\/uploads\/2023\/01\/\u2557\u00bcEaI\u2591EI\u2557\u00b71-scaled.jpg","contentUrl":"https:\/\/leite-europa.com\/wp-content\/uploads\/2023\/01\/\u2557\u00bcEaI\u2591EI\u2557\u00b71-scaled.jpg","width":1920,"height":1920},{"@type":"BreadcrumbList","@id":"https:\/\/leite-europa.com\/pt-pt\/mini-carregadores\/#breadcrumb","itemListElement":[{"@type":"ListItem","position":1,"name":"Accueil","item":"https:\/\/leite-europa.com\/pt-pt\/inicio\/"},{"@type":"ListItem","position":2,"name":"Mini-carregadores e tractores"}]},{"@type":"WebSite","@id":"https:\/\/leite-europa.com\/pt-pt\/#website","url":"https:\/\/leite-europa.com\/pt-pt\/","name":"Leite Europe","description":"","publisher":{"@id":"https:\/\/leite-europa.com\/pt-pt\/#organization"},"potentialAction":[{"@type":"SearchAction","target":{"@type":"EntryPoint","urlTemplate":"https:\/\/leite-europa.com\/pt-pt\/?s={search_term_string}"},"query-input":{"@type":"PropertyValueSpecification","valueRequired":true,"valueName":"search_term_string"}}],"inLanguage":"pt-PT"},{"@type":"Organization","@id":"https:\/\/leite-europa.com\/pt-pt\/#organization","name":"Leite Europe","url":"https:\/\/leite-europa.com\/pt-pt\/","logo":{"@type":"ImageObject","inLanguage":"pt-PT","@id":"https:\/\/leite-europa.com\/pt-pt\/#\/schema\/logo\/image\/","url":"https:\/\/leite-europa.com\/wp-content\/uploads\/2022\/12\/LOGO-LEITE.png","contentUrl":"https:\/\/leite-europa.com\/wp-content\/uploads\/2022\/12\/LOGO-LEITE.png","width":1024,"height":512,"caption":"Leite Europe"},"image":{"@id":"https:\/\/leite-europa.com\/pt-pt\/#\/schema\/logo\/image\/"},"sameAs":["https:\/\/www.facebook.com\/profile.php?id=100089192656837","https:\/\/www.instagram.com\/leite_france_minipelle\/","https:\/\/www.linkedin.com\/company\/leite-france\/"]}]}},"_links":{"self":[{"href":"https:\/\/leite-europa.com\/pt-pt\/wp-json\/wp\/v2\/pages\/5123","targetHints":{"allow":["GET"]}}],"collection":[{"href":"https:\/\/leite-europa.com\/pt-pt\/wp-json\/wp\/v2\/pages"}],"about":[{"href":"https:\/\/leite-europa.com\/pt-pt\/wp-json\/wp\/v2\/types\/page"}],"author":[{"embeddable":true,"href":"https:\/\/leite-europa.com\/pt-pt\/wp-json\/wp\/v2\/users\/3"}],"replies":[{"embeddable":true,"href":"https:\/\/leite-europa.com\/pt-pt\/wp-json\/wp\/v2\/comments?post=5123"}],"version-history":[{"count":23,"href":"https:\/\/leite-europa.com\/pt-pt\/wp-json\/wp\/v2\/pages\/5123\/revisions"}],"predecessor-version":[{"id":9690,"href":"https:\/\/leite-europa.com\/pt-pt\/wp-json\/wp\/v2\/pages\/5123\/revisions\/9690"}],"wp:featuredmedia":[{"embeddable":true,"href":"https:\/\/leite-europa.com\/pt-pt\/wp-json\/wp\/v2\/media\/3339"}],"wp:attachment":[{"href":"https:\/\/leite-europa.com\/pt-pt\/wp-json\/wp\/v2\/media?parent=5123"}],"curies":[{"name":"wp","href":"https:\/\/api.w.org\/{rel}","templated":true}]}}