{"id":5156,"date":"2022-12-19T18:39:29","date_gmt":"2022-12-19T17:39:29","guid":{"rendered":"https:\/\/leite-europa.com\/mini-tombereaux\/"},"modified":"2024-02-16T15:58:00","modified_gmt":"2024-02-16T14:58:00","slug":"mini-tombereaux","status":"publish","type":"page","link":"https:\/\/leite-europa.com\/pt-pt\/mini-tombereaux\/","title":{"rendered":"Mini Dumpers"},"content":{"rendered":"<p>[et_pb_section fb_built=&#8221;1&#8243; specialty=&#8221;on&#8221; _builder_version=&#8221;4.19.4&#8243; _module_preset=&#8221;default&#8221; custom_padding=&#8221;||14px|||&#8221; global_colors_info=&#8221;{}&#8221;][et_pb_column type=&#8221;2_3&#8243; specialty_columns=&#8221;2&#8243; _builder_version=&#8221;4.16&#8243; custom_padding=&#8221;|||&#8221; global_colors_info=&#8221;{}&#8221; custom_padding__hover=&#8221;|||&#8221;][et_pb_row_inner _builder_version=&#8221;4.19.4&#8243; _module_preset=&#8221;default&#8221; global_colors_info=&#8221;{}&#8221;][et_pb_column_inner saved_specialty_column_type=&#8221;2_3&#8243; _builder_version=&#8221;4.19.4&#8243; _module_preset=&#8221;default&#8221; global_colors_info=&#8221;{}&#8221;][et_pb_text _builder_version=&#8221;4.23.1&#8243; _module_preset=&#8221;default&#8221; header_font_size=&#8221;80px&#8221; header_font_size_tablet=&#8221;80px&#8221; header_font_size_phone=&#8221;50px&#8221; header_font_size_last_edited=&#8221;on|phone&#8221; global_colors_info=&#8221;{}&#8221;]<\/p>\n<h1 style=\"text-align: center;\"><span style=\"color: #ff6600;\">MINI DUMPERS<\/span><\/h1>\n<p>[\/et_pb_text][\/et_pb_column_inner][\/et_pb_row_inner][et_pb_row_inner _builder_version=&#8221;4.19.4&#8243; _module_preset=&#8221;default&#8221; global_colors_info=&#8221;{}&#8221;][et_pb_column_inner saved_specialty_column_type=&#8221;2_3&#8243; _builder_version=&#8221;4.19.4&#8243; _module_preset=&#8221;default&#8221; global_colors_info=&#8221;{}&#8221;][et_pb_text _builder_version=&#8221;4.22.1&#8243; _module_preset=&#8221;default&#8221; text_font_size=&#8221;20px&#8221; text_line_height=&#8221;2em&#8221; text_orientation=&#8221;center&#8221; global_colors_info=&#8221;{}&#8221;]<\/p>\n<p><span style=\"color: #333333;\">Mini dumper com carro\u00e7aria basculante para o transporte de cargas pesadas em espa\u00e7os reduzidos.<\/span><\/p>\n<p>[\/et_pb_text][\/et_pb_column_inner][\/et_pb_row_inner][\/et_pb_column][et_pb_column type=&#8221;1_3&#8243; _builder_version=&#8221;4.16&#8243; custom_padding=&#8221;|||&#8221; global_colors_info=&#8221;{}&#8221; custom_padding__hover=&#8221;|||&#8221;][et_pb_image src=&#8221;https:\/\/leite-europa.com\/wp-content\/uploads\/2022\/12\/3-1.png&#8221; alt=&#8221;Mini dumper Leite&#8221; title_text=&#8221;Mini dumper&#8221; _builder_version=&#8221;4.20.4&#8243; _module_preset=&#8221;default&#8221; animation_style=&#8221;slide&#8221; global_colors_info=&#8221;{}&#8221;][\/et_pb_image][\/et_pb_column][\/et_pb_section][et_pb_section fb_built=&#8221;1&#8243; admin_label=&#8221;leite france&#8221; _builder_version=&#8221;4.20.4&#8243; _module_preset=&#8221;4a029949-531b-42bd-9cc5-1c6ec0bc6ba1&#8243; background_enable_color=&#8221;off&#8221; use_background_color_gradient=&#8221;on&#8221; background_color_gradient_stops=&#8221;#000000 0%|#ffffff 98%&#8221; min_height=&#8221;494.1px&#8221; custom_margin=&#8221;1px|||||&#8221; custom_padding=&#8221;0.7%|0px|0.4%|0px||&#8221; bottom_divider_flip=&#8221;horizontal&#8221; locked=&#8221;off&#8221; global_colors_info=&#8221;{}&#8221;][et_pb_row _builder_version=&#8221;4.19.4&#8243; _module_preset=&#8221;default&#8221; global_colors_info=&#8221;{}&#8221;][et_pb_column type=&#8221;4_4&#8243; _builder_version=&#8221;4.19.4&#8243; _module_preset=&#8221;default&#8221; global_colors_info=&#8221;{}&#8221;][et_pb_text _builder_version=&#8221;4.20.4&#8243; _module_preset=&#8221;default&#8221; header_2_text_color=&#8221;#FFFFFF&#8221; header_2_font_size=&#8221;34px&#8221; custom_padding=&#8221;5px|||||&#8221; global_colors_info=&#8221;{}&#8221;]<\/p>\n<h2>Os nossos mini dumpers<\/h2>\n<p>[\/et_pb_text][et_pb_shop type=&#8221;product_category&#8221; posts_number=&#8221;3&#8243; include_categories=&#8221;158&#8243; orderby=&#8221;date-desc&#8221; show_rating=&#8221;off&#8221; show_sale_badge=&#8221;off&#8221; _builder_version=&#8221;4.23.1&#8243; _module_preset=&#8221;default&#8221; title_font_size=&#8221;18px&#8221; price_font=&#8221;|600|||||||&#8221; price_text_color=&#8221;#E75F0D&#8221; price_font_size=&#8221;28px&#8221; text_orientation=&#8221;center&#8221; custom_css_product=&#8221;background-color:#FFFFFF;||padding:20px!important;||border-radius:10px!important;&#8221; global_colors_info=&#8221;{}&#8221;][\/et_pb_shop][\/et_pb_column][\/et_pb_row][\/et_pb_section][et_pb_section fb_built=&#8221;1&#8243; _builder_version=&#8221;4.20.4&#8243; _module_preset=&#8221;default&#8221; background_color=&#8221;RGBA(255,255,255,0)&#8221; collapsed=&#8221;on&#8221; global_colors_info=&#8221;{}&#8221;][et_pb_row column_structure=&#8221;1_2,1_2&#8243; _builder_version=&#8221;4.20.4&#8243; _module_preset=&#8221;default&#8221; global_colors_info=&#8221;{}&#8221;][et_pb_column type=&#8221;1_2&#8243; _builder_version=&#8221;4.20.4&#8243; _module_preset=&#8221;default&#8221; global_colors_info=&#8221;{}&#8221;][et_pb_text _builder_version=&#8221;4.20.4&#8243; _module_preset=&#8221;default&#8221; text_font_size=&#8221;18px&#8221; text_orientation=&#8221;justified&#8221; global_colors_info=&#8221;{}&#8221;]<\/p>\n<p><strong>A LEITE Europa, especialista na importa\u00e7\u00e3o de mini-equipamentos de constru\u00e7\u00e3o chineses, orgulha-se de apresentar o seu mini dumper, tamb\u00e9m conhecido como mini basculante, dumper truck, mini dumper truck ou carrinho de m\u00e3o com lagartas. Esta m\u00e1quina compacta e potente \u00e9 ideal para o transporte de materiais para locais de constru\u00e7\u00e3o, agricultura ou paisagismo. Descubra as vantagens deste mini dumper econ\u00f3mico e de elevado desempenho, concebido para responder \u00e0s suas necessidades espec\u00edficas.<\/strong><\/p>\n<p>[\/et_pb_text][et_pb_text admin_label=&#8221;Le mini dumper de LEITE France, un engin compact et polyvalent&#8221; _builder_version=&#8221;4.20.4&#8243; _module_preset=&#8221;default&#8221; header_2_text_color=&#8221;#E75F0D&#8221; global_colors_info=&#8221;{}&#8221;]<\/p>\n<h2>O LEITE Europa mini dumper, um ve\u00edculo compacto e vers\u00e1til<\/h2>\n<p>[\/et_pb_text][et_pb_text _builder_version=&#8221;4.20.4&#8243; _module_preset=&#8221;default&#8221; text_orientation=&#8221;justified&#8221; global_colors_info=&#8221;{}&#8221;]<\/p>\n<p>O mini dumper LEITE Europa \u00e9 um equipamento de constru\u00e7\u00e3o leve e manobr\u00e1vel, especialmente concebido para facilitar o transporte de materiais nos seus estaleiros. Gra\u00e7as ao seu tamanho compacto e aos rastos de lagarta, move-se facilmente em espa\u00e7os confinados e em terrenos dif\u00edceis. O nosso mini dumper chin\u00eas \u00e9 a solu\u00e7\u00e3o ideal para tornar o seu trabalho mais eficiente e produtivo.<\/p>\n<p>[\/et_pb_text][et_pb_text admin_label=&#8221;Un mini dumper chinois de qualit\u00e9 chez LEITE France&#8221; _builder_version=&#8221;4.20.4&#8243; _module_preset=&#8221;default&#8221; header_2_text_color=&#8221;#E75F0D&#8221; global_colors_info=&#8221;{}&#8221;]<\/p>\n<h2>Um mini dumper chin\u00eas de qualidade da LEITE Europa<\/h2>\n<p>[\/et_pb_text][et_pb_text _builder_version=&#8221;4.20.4&#8243; _module_preset=&#8221;default&#8221; text_orientation=&#8221;justified&#8221; global_colors_info=&#8221;{}&#8221;]<\/p>\n<p>O nosso mini dumper chin\u00eas \u00e9 o resultado de um rigoroso processo de sele\u00e7\u00e3o, baseado na qualidade, desempenho e durabilidade. H\u00e1 mais de 30 anos que trabalhamos em estreita colabora\u00e7\u00e3o com um fabricante chin\u00eas de renome para lhe oferecer uma m\u00e1quina robusta e fi\u00e1vel. Equipado com um motor potente e econ\u00f3mico, o nosso mini dumper garante uma produtividade \u00f3ptima e um baixo consumo de combust\u00edvel. Al\u00e9m disso, foi concebida para oferecer um conforto \u00f3timo ao operador, gra\u00e7as a comandos simples e ergon\u00f3micos.<\/p>\n<p>[\/et_pb_text][\/et_pb_column][et_pb_column type=&#8221;1_2&#8243; _builder_version=&#8221;4.20.4&#8243; _module_preset=&#8221;default&#8221; global_colors_info=&#8221;{}&#8221;][et_pb_text admin_label=&#8221;Les nombreux usages du mini dumper de LEITE France&#8221; _builder_version=&#8221;4.20.4&#8243; _module_preset=&#8221;default&#8221; header_2_text_color=&#8221;#E75F0D&#8221; global_colors_info=&#8221;{}&#8221;]<\/p>\n<h2>As m\u00faltiplas utiliza\u00e7\u00f5es do LEITE Europa mini dumper<\/h2>\n<p>[\/et_pb_text][et_pb_text _builder_version=&#8221;4.20.4&#8243; _module_preset=&#8221;default&#8221; text_orientation=&#8221;justified&#8221; global_colors_info=&#8221;{}&#8221;]<\/p>\n<p>O mini dumper LEITE Europa \u00e9 uma m\u00e1quina vers\u00e1til, adequada para uma vasta gama de utiliza\u00e7\u00f5es nos seus locais de trabalho:<\/p>\n<ol>\n<li>Transporte de materiais: mova materiais soltos como areia, terra ou entulho de forma r\u00e1pida e f\u00e1cil com o seu corpo basculante.<\/li>\n<li>Remo\u00e7\u00e3o de res\u00edduos: simplifique a gest\u00e3o dos res\u00edduos do estaleiro, removendo facilmente os entulhos e outros detritos.<\/li>\n<li>Paisagismo: facilitar o ajardinamento de jardins, parques ou espa\u00e7os verdes atrav\u00e9s do transporte de grandes quantidades de terra, cobertura vegetal ou fertilizantes.<\/li>\n<li>Trabalhos agr\u00edcolas: utilizar o mini dumper para deslocar cargas pesadas, como sacos de cereais, fardos de feno ou alfaias agr\u00edcolas.<\/li>\n<li>Trabalhar em terrenos irregulares: gra\u00e7as aos rastos, o mini dumper desloca-se facilmente em terrenos lamacentos, inclinados ou irregulares.<\/li>\n<\/ol>\n<p>[\/et_pb_text][et_pb_text admin_label=&#8221;Un service apr\u00e8s-vente et une assistance technique de qualit\u00e9&#8221; _builder_version=&#8221;4.20.4&#8243; _module_preset=&#8221;default&#8221; header_2_text_color=&#8221;#E75F0D&#8221; global_colors_info=&#8221;{}&#8221;]<\/p>\n<h2>Servi\u00e7o p\u00f3s-venda e assist\u00eancia t\u00e9cnica de alta qualidade<\/h2>\n<p>[\/et_pb_text][et_pb_text _builder_version=&#8221;4.20.4&#8243; _module_preset=&#8221;default&#8221; text_orientation=&#8221;justified&#8221; global_colors_info=&#8221;{}&#8221;]<\/p>\n<p>A LEITE Europa d\u00e1 especial \u00eanfase ao servi\u00e7o p\u00f3s-venda e \u00e0 assist\u00eancia t\u00e9cnica. \u00c9 por isso que o acompanhamos durante toda a vida do seu mini dumper, dando-lhe conselhos de manuten\u00e7\u00e3o adaptados \u00e0s suas necessidades e fornecendo-lhe pe\u00e7as de substitui\u00e7\u00e3o originais. A nossa equipa de t\u00e9cnicos qualificados est\u00e1 \u00e0 sua disposi\u00e7\u00e3o para o aconselhar e assistir sempre que precisar, garantindo o futuro a longo prazo do seu investimento.<\/p>\n<p>[\/et_pb_text][et_pb_text _builder_version=&#8221;4.20.4&#8243; _module_preset=&#8221;default&#8221; text_orientation=&#8221;justified&#8221; global_colors_info=&#8221;{}&#8221;]<\/p>\n<p>Optar pelo mini dumper chin\u00eas da LEITE Europa significa escolher um ve\u00edculo compacto, de elevado desempenho e vers\u00e1til, adaptado \u00e0s suas necessidades profissionais ou pessoais. Contacte-nos para saber mais sobre o nosso mini dumper e para beneficiar da experi\u00eancia dos nossos consultores. Juntos, podemos encontrar a solu\u00e7\u00e3o ideal para facilitar o seu trabalho di\u00e1rio e otimizar a sua produtividade no local. Pode confiar na LEITE Europa para o ajudar a fazer a escolha certa e para lhe fornecer um servi\u00e7o p\u00f3s-venda e apoio t\u00e9cnico de alta qualidade.<\/p>\n<p>[\/et_pb_text][\/et_pb_column][\/et_pb_row][\/et_pb_section][et_pb_section fb_built=&#8221;1&#8243; admin_label=&#8221;Gamme&#8221; _builder_version=&#8221;4.18.1&#8243; _module_preset=&#8221;3bea0239-54ee-4010-bd63-d0bbfc72a98f&#8221; background_color=&#8221;#FFFFFF&#8221; custom_margin=&#8221;1px|||||&#8221; custom_padding=&#8221;16px|||||&#8221; collapsed=&#8221;on&#8221; global_colors_info=&#8221;{}&#8221;][et_pb_row _builder_version=&#8221;4.19.2&#8243; _module_preset=&#8221;default&#8221; global_colors_info=&#8221;{}&#8221;][et_pb_column type=&#8221;4_4&#8243; _builder_version=&#8221;4.19.2&#8243; _module_preset=&#8221;default&#8221; global_colors_info=&#8221;{}&#8221;][et_pb_text _builder_version=&#8221;4.20.4&#8243; _module_preset=&#8221;default&#8221; header_2_text_color=&#8221;#444245&#8243; header_2_font_size=&#8221;34px&#8221; global_colors_info=&#8221;{}&#8221;]<\/p>\n<h2>Descubra as outras m\u00e1quinas da gama<\/h2>\n<p>[\/et_pb_text][\/et_pb_column][\/et_pb_row][et_pb_row _builder_version=&#8221;4.19.4&#8243; _module_preset=&#8221;default&#8221; global_colors_info=&#8221;{}&#8221;][et_pb_column type=&#8221;4_4&#8243; _builder_version=&#8221;4.19.4&#8243; _module_preset=&#8221;default&#8221; global_colors_info=&#8221;{}&#8221;][et_pb_shop type=&#8221;product_category&#8221; include_categories=&#8221;160&#8243; orderby=&#8221;date-desc&#8221; show_rating=&#8221;off&#8221; show_sale_badge=&#8221;off&#8221; _builder_version=&#8221;4.24.0&#8243; _module_preset=&#8221;default&#8221; title_font_size=&#8221;18px&#8221; price_font=&#8221;|600|||||||&#8221; price_text_color=&#8221;#E75F0D&#8221; price_font_size=&#8221;28px&#8221; text_orientation=&#8221;center&#8221; hover_enabled=&#8221;0&#8243; custom_css_product=&#8221;background-color:#FFFFFF;||padding:5px&#8221; global_colors_info=&#8221;{}&#8221; sticky_enabled=&#8221;0&#8243;][\/et_pb_shop][\/et_pb_column][\/et_pb_row][\/et_pb_section][et_pb_section fb_built=&#8221;1&#8243; _builder_version=&#8221;4.20.4&#8243; _module_preset=&#8221;default&#8221; background_color=&#8221;#E75F0D&#8221; global_colors_info=&#8221;{}&#8221;][et_pb_row _builder_version=&#8221;4.20.4&#8243; _module_preset=&#8221;default&#8221; global_colors_info=&#8221;{}&#8221;][et_pb_column type=&#8221;4_4&#8243; _builder_version=&#8221;4.20.4&#8243; _module_preset=&#8221;default&#8221; global_colors_info=&#8221;{}&#8221;][et_pb_text _builder_version=&#8221;4.20.4&#8243; _module_preset=&#8221;default&#8221; text_text_color=&#8221;#FFFFFF&#8221; header_2_text_color=&#8221;#FFFFFF&#8221; header_2_font_size=&#8221;34px&#8221; global_colors_info=&#8221;{}&#8221;]<\/p>\n<h2>As nossas dicas e not\u00edcias&#8230;<\/h2>\n<p>[\/et_pb_text][et_pb_blog fullwidth=&#8221;off&#8221; posts_number=&#8221;3&#8243; include_categories=&#8221;34&#8243; show_author=&#8221;off&#8221; show_date=&#8221;off&#8221; show_categories=&#8221;off&#8221; show_excerpt=&#8221;off&#8221; show_pagination=&#8221;off&#8221; module_class=&#8221;dc_blog-ratio_1-1&#8243; _builder_version=&#8221;4.22.2&#8243; _module_preset=&#8221;default&#8221; header_text_color=&#8221;#E75F0D&#8221; animation_style=&#8221;slide&#8221; box_shadow_style=&#8221;preset2&#8243; global_colors_info=&#8221;{}&#8221;][\/et_pb_blog][\/et_pb_column][\/et_pb_row][\/et_pb_section]<\/p>\n","protected":false},"excerpt":{"rendered":"<p>MINI DUMPERSMini dumper com carro\u00e7aria basculante para o transporte de cargas pesadas em espa\u00e7os reduzidos.Os nossos mini dumpersA LEITE Europa, especialista na importa\u00e7\u00e3o de mini-equipamentos de constru\u00e7\u00e3o chineses, orgulha-se de apresentar o seu mini dumper, tamb\u00e9m conhecido como mini basculante, dumper truck, mini dumper truck ou carrinho de m\u00e3o com lagartas. Esta m\u00e1quina compacta e [&hellip;]<\/p>\n","protected":false},"author":3,"featured_media":0,"parent":0,"menu_order":0,"comment_status":"closed","ping_status":"closed","template":"","meta":{"_et_pb_use_builder":"on","_et_pb_old_content":"","_et_gb_content_width":"","footnotes":""},"class_list":["post-5156","page","type-page","status-publish","hentry"],"yoast_head":"<!-- This site is optimized with the Yoast SEO plugin v27.3 - https:\/\/yoast.com\/product\/yoast-seo-wordpress\/ -->\n<title>Mini Dumpers - Leite Europe<\/title>\n<meta name=\"description\" content=\"O mini dumper \u00e9 um elevador hidr\u00e1ulico completo. Este pequeno basculante manobr\u00e1vel, equipado com lagartas, \u00e9 adequado para utiliza\u00e7\u00e3o fora de estrada.\" \/>\n<meta name=\"robots\" content=\"index, follow, max-snippet:-1, max-image-preview:large, max-video-preview:-1\" \/>\n<link rel=\"canonical\" href=\"https:\/\/leite-europa.com\/pt-pt\/mini-tombereaux\/\" \/>\n<meta property=\"og:locale\" content=\"pt_PT\" \/>\n<meta property=\"og:type\" content=\"article\" \/>\n<meta property=\"og:title\" content=\"Mini Dumpers - Leite Europe\" \/>\n<meta property=\"og:description\" content=\"O mini dumper \u00e9 um elevador hidr\u00e1ulico completo. Este pequeno basculante manobr\u00e1vel, equipado com lagartas, \u00e9 adequado para utiliza\u00e7\u00e3o fora de estrada.\" \/>\n<meta property=\"og:url\" content=\"https:\/\/leite-europa.com\/pt-pt\/mini-tombereaux\/\" \/>\n<meta property=\"og:site_name\" content=\"Leite Europe\" \/>\n<meta property=\"article:publisher\" content=\"https:\/\/www.facebook.com\/profile.php?id=100089192656837\" \/>\n<meta property=\"article:modified_time\" content=\"2024-02-16T14:58:00+00:00\" \/>\n<meta name=\"twitter:card\" content=\"summary_large_image\" \/>\n<meta name=\"twitter:label1\" content=\"Tempo estimado de leitura\" \/>\n\t<meta name=\"twitter:data1\" content=\"8 minutos\" \/>\n<script type=\"application\/ld+json\" class=\"yoast-schema-graph\">{\"@context\":\"https:\\\/\\\/schema.org\",\"@graph\":[{\"@type\":\"WebPage\",\"@id\":\"https:\\\/\\\/leite-europa.com\\\/pt-pt\\\/mini-tombereaux\\\/\",\"url\":\"https:\\\/\\\/leite-europa.com\\\/pt-pt\\\/mini-tombereaux\\\/\",\"name\":\"Mini Dumpers - Leite Europe\",\"isPartOf\":{\"@id\":\"https:\\\/\\\/leite-europa.com\\\/pt-pt\\\/#website\"},\"datePublished\":\"2022-12-19T17:39:29+00:00\",\"dateModified\":\"2024-02-16T14:58:00+00:00\",\"description\":\"O mini dumper \u00e9 um elevador hidr\u00e1ulico completo. Este pequeno basculante manobr\u00e1vel, equipado com lagartas, \u00e9 adequado para utiliza\u00e7\u00e3o fora de estrada.\",\"breadcrumb\":{\"@id\":\"https:\\\/\\\/leite-europa.com\\\/pt-pt\\\/mini-tombereaux\\\/#breadcrumb\"},\"inLanguage\":\"pt-PT\",\"potentialAction\":[{\"@type\":\"ReadAction\",\"target\":[\"https:\\\/\\\/leite-europa.com\\\/pt-pt\\\/mini-tombereaux\\\/\"]}]},{\"@type\":\"BreadcrumbList\",\"@id\":\"https:\\\/\\\/leite-europa.com\\\/pt-pt\\\/mini-tombereaux\\\/#breadcrumb\",\"itemListElement\":[{\"@type\":\"ListItem\",\"position\":1,\"name\":\"Accueil\",\"item\":\"https:\\\/\\\/leite-europa.com\\\/pt-pt\\\/inicio\\\/\"},{\"@type\":\"ListItem\",\"position\":2,\"name\":\"Mini Dumpers\"}]},{\"@type\":\"WebSite\",\"@id\":\"https:\\\/\\\/leite-europa.com\\\/pt-pt\\\/#website\",\"url\":\"https:\\\/\\\/leite-europa.com\\\/pt-pt\\\/\",\"name\":\"Leite Europe\",\"description\":\"\",\"publisher\":{\"@id\":\"https:\\\/\\\/leite-europa.com\\\/pt-pt\\\/#organization\"},\"potentialAction\":[{\"@type\":\"SearchAction\",\"target\":{\"@type\":\"EntryPoint\",\"urlTemplate\":\"https:\\\/\\\/leite-europa.com\\\/pt-pt\\\/?s={search_term_string}\"},\"query-input\":{\"@type\":\"PropertyValueSpecification\",\"valueRequired\":true,\"valueName\":\"search_term_string\"}}],\"inLanguage\":\"pt-PT\"},{\"@type\":\"Organization\",\"@id\":\"https:\\\/\\\/leite-europa.com\\\/pt-pt\\\/#organization\",\"name\":\"Leite Europe\",\"url\":\"https:\\\/\\\/leite-europa.com\\\/pt-pt\\\/\",\"logo\":{\"@type\":\"ImageObject\",\"inLanguage\":\"pt-PT\",\"@id\":\"https:\\\/\\\/leite-europa.com\\\/pt-pt\\\/#\\\/schema\\\/logo\\\/image\\\/\",\"url\":\"https:\\\/\\\/leite-europa.com\\\/wp-content\\\/uploads\\\/2022\\\/12\\\/LOGO-LEITE.png\",\"contentUrl\":\"https:\\\/\\\/leite-europa.com\\\/wp-content\\\/uploads\\\/2022\\\/12\\\/LOGO-LEITE.png\",\"width\":1024,\"height\":512,\"caption\":\"Leite Europe\"},\"image\":{\"@id\":\"https:\\\/\\\/leite-europa.com\\\/pt-pt\\\/#\\\/schema\\\/logo\\\/image\\\/\"},\"sameAs\":[\"https:\\\/\\\/www.facebook.com\\\/profile.php?id=100089192656837\",\"https:\\\/\\\/www.instagram.com\\\/leite_france_minipelle\\\/\",\"https:\\\/\\\/www.linkedin.com\\\/company\\\/leite-france\\\/\"]}]}<\/script>\n<!-- \/ Yoast SEO plugin. -->","yoast_head_json":{"title":"Mini Dumpers - Leite Europe","description":"O mini dumper \u00e9 um elevador hidr\u00e1ulico completo. Este pequeno basculante manobr\u00e1vel, equipado com lagartas, \u00e9 adequado para utiliza\u00e7\u00e3o fora de estrada.","robots":{"index":"index","follow":"follow","max-snippet":"max-snippet:-1","max-image-preview":"max-image-preview:large","max-video-preview":"max-video-preview:-1"},"canonical":"https:\/\/leite-europa.com\/pt-pt\/mini-tombereaux\/","og_locale":"pt_PT","og_type":"article","og_title":"Mini Dumpers - Leite Europe","og_description":"O mini dumper \u00e9 um elevador hidr\u00e1ulico completo. Este pequeno basculante manobr\u00e1vel, equipado com lagartas, \u00e9 adequado para utiliza\u00e7\u00e3o fora de estrada.","og_url":"https:\/\/leite-europa.com\/pt-pt\/mini-tombereaux\/","og_site_name":"Leite Europe","article_publisher":"https:\/\/www.facebook.com\/profile.php?id=100089192656837","article_modified_time":"2024-02-16T14:58:00+00:00","twitter_card":"summary_large_image","twitter_misc":{"Tempo estimado de leitura":"8 minutos"},"schema":{"@context":"https:\/\/schema.org","@graph":[{"@type":"WebPage","@id":"https:\/\/leite-europa.com\/pt-pt\/mini-tombereaux\/","url":"https:\/\/leite-europa.com\/pt-pt\/mini-tombereaux\/","name":"Mini Dumpers - Leite Europe","isPartOf":{"@id":"https:\/\/leite-europa.com\/pt-pt\/#website"},"datePublished":"2022-12-19T17:39:29+00:00","dateModified":"2024-02-16T14:58:00+00:00","description":"O mini dumper \u00e9 um elevador hidr\u00e1ulico completo. Este pequeno basculante manobr\u00e1vel, equipado com lagartas, \u00e9 adequado para utiliza\u00e7\u00e3o fora de estrada.","breadcrumb":{"@id":"https:\/\/leite-europa.com\/pt-pt\/mini-tombereaux\/#breadcrumb"},"inLanguage":"pt-PT","potentialAction":[{"@type":"ReadAction","target":["https:\/\/leite-europa.com\/pt-pt\/mini-tombereaux\/"]}]},{"@type":"BreadcrumbList","@id":"https:\/\/leite-europa.com\/pt-pt\/mini-tombereaux\/#breadcrumb","itemListElement":[{"@type":"ListItem","position":1,"name":"Accueil","item":"https:\/\/leite-europa.com\/pt-pt\/inicio\/"},{"@type":"ListItem","position":2,"name":"Mini Dumpers"}]},{"@type":"WebSite","@id":"https:\/\/leite-europa.com\/pt-pt\/#website","url":"https:\/\/leite-europa.com\/pt-pt\/","name":"Leite Europe","description":"","publisher":{"@id":"https:\/\/leite-europa.com\/pt-pt\/#organization"},"potentialAction":[{"@type":"SearchAction","target":{"@type":"EntryPoint","urlTemplate":"https:\/\/leite-europa.com\/pt-pt\/?s={search_term_string}"},"query-input":{"@type":"PropertyValueSpecification","valueRequired":true,"valueName":"search_term_string"}}],"inLanguage":"pt-PT"},{"@type":"Organization","@id":"https:\/\/leite-europa.com\/pt-pt\/#organization","name":"Leite Europe","url":"https:\/\/leite-europa.com\/pt-pt\/","logo":{"@type":"ImageObject","inLanguage":"pt-PT","@id":"https:\/\/leite-europa.com\/pt-pt\/#\/schema\/logo\/image\/","url":"https:\/\/leite-europa.com\/wp-content\/uploads\/2022\/12\/LOGO-LEITE.png","contentUrl":"https:\/\/leite-europa.com\/wp-content\/uploads\/2022\/12\/LOGO-LEITE.png","width":1024,"height":512,"caption":"Leite Europe"},"image":{"@id":"https:\/\/leite-europa.com\/pt-pt\/#\/schema\/logo\/image\/"},"sameAs":["https:\/\/www.facebook.com\/profile.php?id=100089192656837","https:\/\/www.instagram.com\/leite_france_minipelle\/","https:\/\/www.linkedin.com\/company\/leite-france\/"]}]}},"_links":{"self":[{"href":"https:\/\/leite-europa.com\/pt-pt\/wp-json\/wp\/v2\/pages\/5156","targetHints":{"allow":["GET"]}}],"collection":[{"href":"https:\/\/leite-europa.com\/pt-pt\/wp-json\/wp\/v2\/pages"}],"about":[{"href":"https:\/\/leite-europa.com\/pt-pt\/wp-json\/wp\/v2\/types\/page"}],"author":[{"embeddable":true,"href":"https:\/\/leite-europa.com\/pt-pt\/wp-json\/wp\/v2\/users\/3"}],"replies":[{"embeddable":true,"href":"https:\/\/leite-europa.com\/pt-pt\/wp-json\/wp\/v2\/comments?post=5156"}],"version-history":[{"count":22,"href":"https:\/\/leite-europa.com\/pt-pt\/wp-json\/wp\/v2\/pages\/5156\/revisions"}],"predecessor-version":[{"id":9429,"href":"https:\/\/leite-europa.com\/pt-pt\/wp-json\/wp\/v2\/pages\/5156\/revisions\/9429"}],"wp:attachment":[{"href":"https:\/\/leite-europa.com\/pt-pt\/wp-json\/wp\/v2\/media?parent=5156"}],"curies":[{"name":"wp","href":"https:\/\/api.w.org\/{rel}","templated":true}]}}