{"id":8182,"date":"2023-11-06T09:36:53","date_gmt":"2023-11-06T08:36:53","guid":{"rendered":"https:\/\/leite-europa.com\/produit\/trator-cl30-4\/"},"modified":"2024-04-17T15:37:34","modified_gmt":"2024-04-17T13:37:34","slug":"trator-cl30-4","status":"publish","type":"product","link":"https:\/\/leite-europa.com\/pt-pt\/produit\/trator-cl30-4\/","title":{"rendered":"Trator CL30-4"},"content":{"rendered":"<p>[et_pb_section fb_built=&#8221;1&#8243; _builder_version=&#8221;4.19.2&#8243; _module_preset=&#8221;default&#8221; background_color=&#8221;#FFFFFF&#8221; custom_padding=&#8221;||4px|||&#8221; global_colors_info=&#8221;{}&#8221;][et_pb_row column_structure=&#8221;1_2,1_2&#8243; _builder_version=&#8221;4.19.2&#8243; _module_preset=&#8221;default&#8221; global_colors_info=&#8221;{}&#8221;][et_pb_column type=&#8221;1_2&#8243; _builder_version=&#8221;4.19.2&#8243; _module_preset=&#8221;default&#8221; global_colors_info=&#8221;{}&#8221;][et_pb_gallery gallery_ids=&#8221;7767&#8243; fullwidth=&#8221;on&#8221; _builder_version=&#8221;4.23.1&#8243; _module_preset=&#8221;default&#8221; global_colors_info=&#8221;{}&#8221;][\/et_pb_gallery][et_pb_text _builder_version=&#8221;4.22.2&#8243; _module_preset=&#8221;default&#8221; text_font=&#8221;Oswald||||||||&#8221; text_text_color=&#8221;#E75F0D&#8221; text_font_size=&#8221;20px&#8221; custom_margin=&#8221;49px|||||&#8221; global_colors_info=&#8221;{}&#8221;]<strong>Tipo<\/strong>: trator de rodas 4&#215;4<\/p>\n<p><strong>Peso operacional<\/strong>: 1500 Kg<\/p>\n<p><strong>Motor<\/strong>: 4L22 (Vertical, 4 cilindros, arrefecido a \u00e1gua, 4 tempos)<\/p>\n<p><strong>Pot\u00eancia<\/strong>: 25,7 Kw (30 CV)<\/p>\n<p><strong>Combust\u00edvel<\/strong>: Gas\u00f3leo<\/p>\n<p><strong>Transmiss\u00e3o<\/strong>: 8V+2R<\/p>\n<p><strong>Velocidade:<\/strong> 0-32 Km\/h<\/p>\n<p><strong>Equipamento adicional<\/strong>: Balastro (frente\/tr\u00e1s)<br \/>\n[\/et_pb_text][\/et_pb_column][et_pb_column type=&#8221;1_2&#8243; _builder_version=&#8221;4.19.2&#8243; _module_preset=&#8221;default&#8221; global_colors_info=&#8221;{}&#8221;][et_pb_text _builder_version=&#8221;4.22.1&#8243; _module_preset=&#8221;default&#8221; global_colors_info=&#8221;{}&#8221;]<\/p>\n<h2><span style=\"color: #ff6600;\">&#8220;O seu parceiro agr\u00edcola e paisag\u00edstico<\/span><\/h2>\n<p>[\/et_pb_text][et_pb_text _builder_version=&#8221;4.22.1&#8243; _module_preset=&#8221;default&#8221; text_orientation=&#8221;justified&#8221; global_colors_info=&#8221;{}&#8221;]<strong>Trator CL30-4: A alian\u00e7a perfeita entre tecnologia avan\u00e7ada e robustez<\/strong><\/p>\n<p>Quando se trata de m\u00e1quinas agr\u00edcolas, a escolha do equipamento correto \u00e9 crucial. O trator CL30-4 foi concebido para quem procura a perfei\u00e7\u00e3o em termos de desempenho, durabilidade e efici\u00eancia. Deixe-nos gui\u00e1-lo pelas caracter\u00edsticas excepcionais desta m\u00e1quina extraordin\u00e1ria.<\/p>\n<p><strong>Design robusto para um desempenho inigual\u00e1vel<\/strong><\/p>\n<p>O CL30-4 \u00e9 um trator com rodas 4&#215;4 que garante uma \u00f3ptima tra\u00e7\u00e3o e manobrabilidade, mesmo nas condi\u00e7\u00f5es mais dif\u00edceis. A sua conce\u00e7\u00e3o robusta \u00e9 refor\u00e7ada por um peso operacional de 1.500 kg, oferecendo uma estabilidade inabal\u00e1vel para todos os seus trabalhos, quer se trate de lavrar, semear ou transportar.<br \/>\n[\/et_pb_text][\/et_pb_column][\/et_pb_row][et_pb_row _builder_version=&#8221;4.21.2&#8243; _module_preset=&#8221;default&#8221; global_colors_info=&#8221;{}&#8221;][et_pb_column type=&#8221;4_4&#8243; _builder_version=&#8221;4.21.2&#8243; _module_preset=&#8221;default&#8221; global_colors_info=&#8221;{}&#8221;][et_pb_text _builder_version=&#8221;4.22.1&#8243; _module_preset=&#8221;default&#8221; text_orientation=&#8221;justified&#8221; global_colors_info=&#8221;{}&#8221;]<strong>Motor: O cora\u00e7\u00e3o poderoso do CL30-4<\/strong><\/p>\n<p>No cora\u00e7\u00e3o desta besta mec\u00e2nica est\u00e1 o motor 4L22. Vertical, de 4 cilindros e arrefecido a \u00e1gua, este motor funciona a 4 tempos, garantindo uma combust\u00e3o eficiente e o m\u00e1ximo desempenho. Com uma impressionante pot\u00eancia de 25,7 Kw, ou 30 CV, o CL30-4 est\u00e1 pronto para enfrentar qualquer desafio, desde o terreno mais suave ao mais acidentado.<\/p>\n<p><strong>Transmiss\u00e3o e manuseamento<\/strong><\/p>\n<p>A transmiss\u00e3o \u00e9 um componente essencial de qualquer trator, e o CL30-4 n\u00e3o \u00e9 exce\u00e7\u00e3o. Com a sua transmiss\u00e3o 8V+2R, oferece uma gama de velocidades adaptada a uma variedade de tarefas. Quer necessite de velocidade para o transporte ou de controlo para a lavoura, o CL30-4 est\u00e1 \u00e0 altura da tarefa.<\/p>\n<p><strong>Economia e efici\u00eancia com o gas\u00f3leo<\/strong><\/p>\n<p>A escolha do combust\u00edvel \u00e9 essencial para o desempenho e a economia. O CL30-4 funciona a gas\u00f3leo, um combust\u00edvel conhecido pela sua combust\u00e3o eficiente e durabilidade. Ao optar pelo gas\u00f3leo, n\u00e3o s\u00f3 beneficia de uma m\u00e1quina potente, como tamb\u00e9m de uma poupan\u00e7a substancial de combust\u00edvel.<\/p>\n<p><strong>Dimens\u00f5es e adaptabilidade<\/strong><\/p>\n<p>As dimens\u00f5es do CL30-4 foram cuidadosamente concebidas para oferecer o melhor equil\u00edbrio entre tamanho e desempenho. Com um comprimento de 3060 mm, uma largura de 1380 mm e uma altura de 1440 mm, \u00e9 compacto mas oferece o espa\u00e7o necess\u00e1rio para uma cabina confort\u00e1vel e um acesso f\u00e1cil aos principais componentes. A dist\u00e2ncia ao solo de 320 mm garante que o trator pode circular em terrenos irregulares sem risco de danos.<\/p>\n<p><strong>Equipamento adicional para um melhor desempenho<\/strong><\/p>\n<p>O CL30-4 est\u00e1 igualmente equipado com balastros \u00e0 frente e atr\u00e1s. Estes pesos extra aumentam a estabilidade do trator, especialmente quando se trabalha com grande esfor\u00e7o de tra\u00e7\u00e3o.<\/p>\n<p><strong>Conclus\u00e3o: O CL30-4, o seu parceiro ideal<\/strong><\/p>\n<p>Em conclus\u00e3o, o trator CL30-4 \u00e9 muito mais do que uma simples m\u00e1quina. \u00c9 um parceiro fi\u00e1vel, constru\u00eddo para durar e para proporcionar um desempenho excecional dia ap\u00f3s dia. Todas as caracter\u00edsticas, todos os componentes foram cuidadosamente pensados para satisfazer as necessidades dos profissionais mais exigentes.<\/p>\n<p>Quer seja um agricultor experiente, um empreiteiro de constru\u00e7\u00e3o ou um entusiasta de maquinaria, o CL30-4 \u00e9 a escolha ideal. Com a sua combina\u00e7\u00e3o de pot\u00eancia, durabilidade e efici\u00eancia, est\u00e1 pronto para transformar a sua forma de trabalhar.<\/p>\n<p>N\u00e3o espere mais e descubra o CL30-4, o trator que est\u00e1 a redefinir os padr\u00f5es da ind\u00fastria. Visite o nosso s\u00edtio Web para mais informa\u00e7\u00f5es e para descobrir como o CL30-4 pode revolucionar o seu trabalho di\u00e1rio.<br \/>\n[\/et_pb_text][\/et_pb_column][\/et_pb_row][\/et_pb_section][et_pb_section fb_built=&#8221;1&#8243; _builder_version=&#8221;4.19.4&#8243; _module_preset=&#8221;default&#8221; background_color=&#8221;RGBA(255,255,255,0)&#8221; custom_padding=&#8221;2px||4px|||&#8221; global_colors_info=&#8221;{}&#8221;][et_pb_row _builder_version=&#8221;4.19.4&#8243; _module_preset=&#8221;default&#8221; animation_direction=&#8221;bottom&#8221; global_colors_info=&#8221;{}&#8221;][et_pb_column type=&#8221;4_4&#8243; _builder_version=&#8221;4.19.4&#8243; _module_preset=&#8221;default&#8221; global_colors_info=&#8221;{}&#8221;][et_pb_gallery gallery_ids=&#8221;2527,2528,2529,2530,2531,2532,2533,2534,2535,2536,2537,2538,2539,2540,2541,2542,2543,2701,2702,2703,2704,2705,2706&#8243; fullwidth=&#8221;on&#8221; _builder_version=&#8221;4.22.1&#8243; _module_preset=&#8221;default&#8221; background_color=&#8221;RGBA(255,255,255,0)&#8221; auto=&#8221;on&#8221; auto_speed=&#8221;3000&#8243; global_colors_info=&#8221;{}&#8221;][\/et_pb_gallery][\/et_pb_column][\/et_pb_row][\/et_pb_section][et_pb_section fb_built=&#8221;1&#8243; _builder_version=&#8221;4.19.2&#8243; _module_preset=&#8221;default&#8221; background_color=&#8221;#FFFFFF&#8221; custom_padding=&#8221;3px||3px|||&#8221; global_colors_info=&#8221;{}&#8221;][et_pb_row _builder_version=&#8221;4.19.4&#8243; _module_preset=&#8221;default&#8221; custom_margin=&#8221;-2px|auto||auto||&#8221; animation_style=&#8221;flip&#8221; global_colors_info=&#8221;{}&#8221;][et_pb_column type=&#8221;4_4&#8243; _builder_version=&#8221;4.19.2&#8243; _module_preset=&#8221;default&#8221; global_colors_info=&#8221;{}&#8221;][dvmd_table_maker tbl_title_mode=&#8221;on&#8221; tbl_title_text=&#8221;Caract\u00e9ristiques techniques Tracteur CL30-4&#8243; tbl_chead_cell_color=&#8221;#E75F0D&#8221; tbl_rhead_cell_color=&#8221;#A3A3A3&#8243; tbl_chead_text_level_active=&#8221;on&#8221; tbl_rhead_text_level_active=&#8221;on&#8221; tbl_rhead_text_level=&#8221;h4&#8243; admin_label=&#8221;Caract\u00e9ristiques techniques Tracteur CL30-4&#8243; _builder_version=&#8221;4.23&#8243; _module_preset=&#8221;default&#8221; global_colors_info=&#8221;{}&#8221;][dvmd_table_maker_item col_content=&#8221;Caracter\u00edsticas<br \/>\nModelo<br \/>\nTipo<br \/>\nPeso operacional&#8221; _builder_version=&#8221;4.23&#8243; _module_preset=&#8221;default&#8221; global_colors_info=&#8221;{}&#8221;][\/dvmd_table_maker_item][dvmd_table_maker_item col_content=&#8221;Caracter\u00edsticas<br \/>\nCL30<br \/>\nTrator com rodas 4&#215;4<br \/>\n1500 kg&#8221; _builder_version=&#8221;4.23&#8243; _module_preset=&#8221;default&#8221; global_colors_info=&#8221;{}&#8221;][\/dvmd_table_maker_item][\/dvmd_table_maker][dvmd_table_maker tbl_rhead_cell_color=&#8221;#a3a3a3&#8243; tbl_chead_text_level_active=&#8221;on&#8221; tbl_rhead_text_level_active=&#8221;on&#8221; tbl_rhead_text_level=&#8221;h4&#8243; _builder_version=&#8221;4.23&#8243; _module_preset=&#8221;default&#8221; global_colors_info=&#8221;{}&#8221;][dvmd_table_maker_item col_content=&#8221;<br \/>\nComprimento (at\u00e9 ao lastro dianteiro)<br \/>\nLargura<br \/>\nAltura (at\u00e9 \u00e0 sa\u00edda de ar)<br \/>\nTira de rolamento (dianteira\/traseira)<br \/>\nBase do eixo<br \/>\nDist\u00e2ncia ao solo&#8221; _builder_version=&#8221;4.23&#8243; _module_preset=&#8221;default&#8221; global_colors_info=&#8221;{}&#8221;][\/dvmd_table_maker_item][dvmd_table_maker_item col_content=&#8221;Dimens\u00f5es<br \/>\n3060 mm<br \/>\n1380 mm<br \/>\n1440 mm<br \/>\n1100 mm \/ 1200 mm<br \/>\n1559 mm<br \/>\n320 mm&#8221; _builder_version=&#8221;4.23&#8243; _module_preset=&#8221;default&#8221; global_colors_info=&#8221;{}&#8221;][\/dvmd_table_maker_item][\/dvmd_table_maker][dvmd_table_maker tbl_rhead_cell_color=&#8221;#a3a3a3&#8243; tbl_chead_text_level_active=&#8221;on&#8221; tbl_rhead_text_level_active=&#8221;on&#8221; tbl_rhead_text_level=&#8221;h4&#8243; _builder_version=&#8221;4.23&#8243; _module_preset=&#8221;default&#8221; global_colors_info=&#8221;{}&#8221;][dvmd_table_maker_item col_content=&#8221;<br \/>\nMotor<br \/>\nPot\u00eancia<br \/>\nVelocidade do motor<br \/>\nCombust\u00edvel<br \/>\nPneus (dianteiro\/traseiro)<br \/>\nEmbraiagem<br \/>\nTransmiss\u00e3o<br \/>\nSuspens\u00e3o<br \/>\nTomada de for\u00e7a (TDF)<br \/>\nInstrumenta\u00e7\u00e3o<br \/>\nLastro (dianteiro\/traseiro)&#8221; _builder_version=&#8221;4.23&#8243; _module_preset=&#8221;default&#8221; global_colors_info=&#8221;{}&#8221;][\/dvmd_table_maker_item][dvmd_table_maker_item col_content=&#8221;Especifica\u00e7\u00f5es t\u00e9cnicas<br \/>\n4L22 (Vertical, 4 cilindros, arrefecido a \u00e1gua, 4 tempos)<br \/>\n25,7 Kw (30 CV)<br \/>\n2350 r\/min<br \/>\nGas\u00f3leo<br \/>\n6.00-16 \/ 9.50-24<br \/>\nAndar \u00fanico<br \/>\n8V+2R<br \/>\nHidr\u00e1ulico de tr\u00eas pontos p\u00f3s-posicionado<br \/>\nSemi-indentada, 720 rpm, estriado retangular F35 (6 dentes)<br \/>\nCombinado<br \/>\nSim\/Sim&#8221; _builder_version=&#8221;4.23&#8243; _module_preset=&#8221;default&#8221; global_colors_info=&#8221;{}&#8221;][\/dvmd_table_maker_item][\/dvmd_table_maker][\/et_pb_column][\/et_pb_row][\/et_pb_section][et_pb_section fb_built=&#8221;1&#8243; _builder_version=&#8221;4.19.4&#8243; _module_preset=&#8221;default&#8221; background_color=&#8221;#484F54&#8243; global_colors_info=&#8221;{}&#8221;][et_pb_row column_structure=&#8221;1_2,1_2&#8243; _builder_version=&#8221;4.23.1&#8243; _module_preset=&#8221;default&#8221; custom_padding=&#8221;30px|30px|30px|30px|false|false&#8221; global_colors_info=&#8221;{}&#8221;][et_pb_column type=&#8221;1_2&#8243; _builder_version=&#8221;4.19.2&#8243; _module_preset=&#8221;default&#8221; global_colors_info=&#8221;{}&#8221;][et_pb_text _builder_version=&#8221;4.22.1&#8243; _module_preset=&#8221;default&#8221; text_text_color=&#8221;#FFFFFF&#8221; header_2_font=&#8221;Oswald||||||||&#8221; global_colors_info=&#8221;{}&#8221;]<strong>Garantia de 24 meses para pe\u00e7as<\/strong>: Tranquilidade com uma garantia total de 24 meses.<\/p>\n<p><strong>Desempenho \u00f3timo<\/strong>: Potente motor de 25,7 Kw para um desempenho inigual\u00e1vel.<br \/>\n[\/et_pb_text][\/et_pb_column][et_pb_column type=&#8221;1_2&#8243; _builder_version=&#8221;4.19.2&#8243; _module_preset=&#8221;default&#8221; global_colors_info=&#8221;{}&#8221;][et_pb_text _builder_version=&#8221;4.22.1&#8243; _module_preset=&#8221;default&#8221; text_text_color=&#8221;#FFFFFF&#8221; header_2_font=&#8221;Oswald||||||||&#8221; global_colors_info=&#8221;{}&#8221;]<strong>Economia de combust\u00edvel<\/strong>: Combust\u00e3o eficiente do gas\u00f3leo para poupan\u00e7as significativas.<\/p>\n<p><strong>Equipamento adicional inclu\u00eddo<\/strong>: Balastros dianteiro e traseiro para uma estabilidade m\u00e1xima.<br \/>\n[\/et_pb_text][\/et_pb_column][\/et_pb_row][\/et_pb_section][et_pb_section fb_built=&#8221;1&#8243; _builder_version=&#8221;4.19.2&#8243; _module_preset=&#8221;default&#8221; background_color=&#8221;#FFFFFF&#8221; custom_padding=&#8221;3px||2px|||&#8221; global_colors_info=&#8221;{}&#8221;][et_pb_row _builder_version=&#8221;4.19.2&#8243; _module_preset=&#8221;default&#8221; global_colors_info=&#8221;{}&#8221;][et_pb_column type=&#8221;4_4&#8243; _builder_version=&#8221;4.19.2&#8243; _module_preset=&#8221;default&#8221; global_colors_info=&#8221;{}&#8221;][et_pb_image src=&#8221;https:\/\/leite-france.fr\/wp-content\/uploads\/2023\/09\/0Q8A1678.jpg&#8221; alt=&#8221;Trator CL30-4 Leite&#8221; title_text=&#8221;Trator CL30-4 Leite&#8221; align=&#8221;center&#8221; _builder_version=&#8221;4.22.1&#8243; _module_preset=&#8221;default&#8221; global_colors_info=&#8221;{}&#8221;][\/et_pb_image][\/et_pb_column][\/et_pb_row][\/et_pb_section][et_pb_section fb_built=&#8221;1&#8243; disabled_on=&#8221;off|off|off&#8221; _builder_version=&#8221;4.22.1&#8243; _module_preset=&#8221;default&#8221; background_color=&#8221;#FFFFFF&#8221; custom_padding=&#8221;0px|||||&#8221; global_colors_info=&#8221;{}&#8221;][et_pb_row _builder_version=&#8221;4.19.2&#8243; _module_preset=&#8221;default&#8221; custom_padding=&#8221;||49px|||&#8221; global_colors_info=&#8221;{}&#8221;][et_pb_column type=&#8221;4_4&#8243; _builder_version=&#8221;4.19.2&#8243; _module_preset=&#8221;default&#8221; global_colors_info=&#8221;{}&#8221;][et_pb_text _builder_version=&#8221;4.22.1&#8243; _module_preset=&#8221;default&#8221; global_colors_info=&#8221;{}&#8221;]<\/p>\n<h2><span style=\"color: #333333;\">Lista de acess\u00f3rios em stock, compat\u00edveis com o nosso trator&#8230;<\/span><\/h2>\n<p>[\/et_pb_text][et_pb_shop type=&#8221;product_category&#8221; include_categories=&#8221;175&#8243; orderby=&#8221;date-desc&#8221; show_rating=&#8221;off&#8221; show_sale_badge=&#8221;off&#8221; _builder_version=&#8221;4.23.1&#8243; _module_preset=&#8221;default&#8221; title_font_size=&#8221;18px&#8221; price_font=&#8221;|600|||||||&#8221; price_text_color=&#8221;#E75F0D&#8221; price_font_size=&#8221;28px&#8221; text_orientation=&#8221;center&#8221; custom_css_product=&#8221;background-color:#FFFFFF;||padding:5px&#8221; global_colors_info=&#8221;{}&#8221;][\/et_pb_shop][\/et_pb_column][\/et_pb_row][\/et_pb_section]<\/p>\n","protected":false},"excerpt":{"rendered":"<p>Tipo: trator de rodas 4&#215;4 Peso operacional: 1500 Kg Motor: 4L22 (Vertical, 4 cilindros, arrefecido a \u00e1gua, 4 tempos) Pot\u00eancia: 25,7 Kw (30 CV) Combust\u00edvel: Gas\u00f3leo Transmiss\u00e3o: 8V+2R Velocidade: 0-32 Km\/h Equipamento adicional: Balastro (frente\/tr\u00e1s) &#8220;O seu parceiro agr\u00edcola e paisag\u00edstico Trator CL30-4: A alian\u00e7a perfeita entre tecnologia avan\u00e7ada e robustez Quando se trata de [&hellip;]<\/p>\n","protected":false},"featured_media":7770,"template":"","meta":{"_et_pb_use_builder":"on","_et_pb_old_content":"","_et_gb_content_width":""},"product_brand":[],"product_cat":[316],"product_tag":[],"class_list":{"0":"post-8182","1":"product","2":"type-product","3":"status-publish","4":"has-post-thumbnail","6":"product_cat-trator","8":"first","9":"instock","10":"taxable","11":"shipping-taxable","12":"purchasable","13":"product-type-simple"},"yoast_head":"<!-- This site is optimized with the Yoast SEO plugin v27.4 - https:\/\/yoast.com\/product\/yoast-seo-wordpress\/ -->\n<title>Trator CL30-4 - Leite Europe<\/title>\n<meta name=\"description\" content=\"Trator CL30-4: a combina\u00e7\u00e3o perfeita entre tecnologia avan\u00e7ada e robustez, com rodas 4x4 para uma \u00f3ptima tra\u00e7\u00e3o e manobrabilidade.\" \/>\n<meta name=\"robots\" content=\"index, follow, max-snippet:-1, max-image-preview:large, max-video-preview:-1\" \/>\n<link rel=\"canonical\" href=\"https:\/\/leite-europa.com\/pt-pt\/produit\/trator-cl30-4\/\" \/>\n<meta property=\"og:locale\" content=\"pt_PT\" \/>\n<meta property=\"og:type\" content=\"article\" \/>\n<meta property=\"og:title\" content=\"Trator CL30-4 - Leite Europe\" \/>\n<meta property=\"og:description\" content=\"Trator CL30-4: a combina\u00e7\u00e3o perfeita entre tecnologia avan\u00e7ada e robustez, com rodas 4x4 para uma \u00f3ptima tra\u00e7\u00e3o e manobrabilidade.\" \/>\n<meta property=\"og:url\" content=\"https:\/\/leite-europa.com\/pt-pt\/produit\/trator-cl30-4\/\" \/>\n<meta property=\"og:site_name\" content=\"Leite Europe\" \/>\n<meta property=\"article:publisher\" content=\"https:\/\/www.facebook.com\/profile.php?id=100089192656837\" \/>\n<meta property=\"article:modified_time\" content=\"2024-04-17T13:37:34+00:00\" \/>\n<meta property=\"og:image\" content=\"https:\/\/leite-europa.com\/wp-content\/uploads\/2023\/08\/7-1.png\" \/>\n\t<meta property=\"og:image:width\" content=\"1080\" \/>\n\t<meta property=\"og:image:height\" content=\"1080\" \/>\n\t<meta property=\"og:image:type\" content=\"image\/png\" \/>\n<meta name=\"twitter:card\" content=\"summary_large_image\" \/>\n<meta name=\"twitter:label1\" content=\"Tempo estimado de leitura\" \/>\n\t<meta name=\"twitter:data1\" content=\"9 minutos\" \/>\n<script type=\"application\/ld+json\" class=\"yoast-schema-graph\">{\"@context\":\"https:\\\/\\\/schema.org\",\"@graph\":[{\"@type\":\"WebPage\",\"@id\":\"https:\\\/\\\/leite-europa.com\\\/pt-pt\\\/produit\\\/trator-cl30-4\\\/\",\"url\":\"https:\\\/\\\/leite-europa.com\\\/pt-pt\\\/produit\\\/trator-cl30-4\\\/\",\"name\":\"Trator CL30-4 - Leite Europe\",\"isPartOf\":{\"@id\":\"https:\\\/\\\/leite-europa.com\\\/pt-pt\\\/#website\"},\"primaryImageOfPage\":{\"@id\":\"https:\\\/\\\/leite-europa.com\\\/pt-pt\\\/produit\\\/trator-cl30-4\\\/#primaryimage\"},\"image\":{\"@id\":\"https:\\\/\\\/leite-europa.com\\\/pt-pt\\\/produit\\\/trator-cl30-4\\\/#primaryimage\"},\"thumbnailUrl\":\"https:\\\/\\\/leite-europa.com\\\/wp-content\\\/uploads\\\/2023\\\/08\\\/7-1.png\",\"datePublished\":\"2023-11-06T08:36:53+00:00\",\"dateModified\":\"2024-04-17T13:37:34+00:00\",\"description\":\"Trator CL30-4: a combina\u00e7\u00e3o perfeita entre tecnologia avan\u00e7ada e robustez, com rodas 4x4 para uma \u00f3ptima tra\u00e7\u00e3o e manobrabilidade.\",\"breadcrumb\":{\"@id\":\"https:\\\/\\\/leite-europa.com\\\/pt-pt\\\/produit\\\/trator-cl30-4\\\/#breadcrumb\"},\"inLanguage\":\"pt-PT\",\"potentialAction\":[{\"@type\":\"ReadAction\",\"target\":[\"https:\\\/\\\/leite-europa.com\\\/pt-pt\\\/produit\\\/trator-cl30-4\\\/\"]}]},{\"@type\":\"ImageObject\",\"inLanguage\":\"pt-PT\",\"@id\":\"https:\\\/\\\/leite-europa.com\\\/pt-pt\\\/produit\\\/trator-cl30-4\\\/#primaryimage\",\"url\":\"https:\\\/\\\/leite-europa.com\\\/wp-content\\\/uploads\\\/2023\\\/08\\\/7-1.png\",\"contentUrl\":\"https:\\\/\\\/leite-europa.com\\\/wp-content\\\/uploads\\\/2023\\\/08\\\/7-1.png\",\"width\":1080,\"height\":1080},{\"@type\":\"BreadcrumbList\",\"@id\":\"https:\\\/\\\/leite-europa.com\\\/pt-pt\\\/produit\\\/trator-cl30-4\\\/#breadcrumb\",\"itemListElement\":[{\"@type\":\"ListItem\",\"position\":1,\"name\":\"Accueil\",\"item\":\"https:\\\/\\\/leite-europa.com\\\/pt-pt\\\/inicio\\\/\"},{\"@type\":\"ListItem\",\"position\":2,\"name\":\"Boutique\",\"item\":\"https:\\\/\\\/leite-europa.com\\\/fr\\\/boutique\\\/\"},{\"@type\":\"ListItem\",\"position\":3,\"name\":\"Trator CL30-4\"}]},{\"@type\":\"WebSite\",\"@id\":\"https:\\\/\\\/leite-europa.com\\\/pt-pt\\\/#website\",\"url\":\"https:\\\/\\\/leite-europa.com\\\/pt-pt\\\/\",\"name\":\"Leite Europe\",\"description\":\"\",\"publisher\":{\"@id\":\"https:\\\/\\\/leite-europa.com\\\/pt-pt\\\/#organization\"},\"potentialAction\":[{\"@type\":\"SearchAction\",\"target\":{\"@type\":\"EntryPoint\",\"urlTemplate\":\"https:\\\/\\\/leite-europa.com\\\/pt-pt\\\/?s={search_term_string}\"},\"query-input\":{\"@type\":\"PropertyValueSpecification\",\"valueRequired\":true,\"valueName\":\"search_term_string\"}}],\"inLanguage\":\"pt-PT\"},{\"@type\":\"Organization\",\"@id\":\"https:\\\/\\\/leite-europa.com\\\/pt-pt\\\/#organization\",\"name\":\"Leite Europe\",\"url\":\"https:\\\/\\\/leite-europa.com\\\/pt-pt\\\/\",\"logo\":{\"@type\":\"ImageObject\",\"inLanguage\":\"pt-PT\",\"@id\":\"https:\\\/\\\/leite-europa.com\\\/pt-pt\\\/#\\\/schema\\\/logo\\\/image\\\/\",\"url\":\"https:\\\/\\\/leite-europa.com\\\/wp-content\\\/uploads\\\/2022\\\/12\\\/LOGO-LEITE.png\",\"contentUrl\":\"https:\\\/\\\/leite-europa.com\\\/wp-content\\\/uploads\\\/2022\\\/12\\\/LOGO-LEITE.png\",\"width\":1024,\"height\":512,\"caption\":\"Leite Europe\"},\"image\":{\"@id\":\"https:\\\/\\\/leite-europa.com\\\/pt-pt\\\/#\\\/schema\\\/logo\\\/image\\\/\"},\"sameAs\":[\"https:\\\/\\\/www.facebook.com\\\/profile.php?id=100089192656837\",\"https:\\\/\\\/www.instagram.com\\\/leite_france_minipelle\\\/\",\"https:\\\/\\\/www.linkedin.com\\\/company\\\/leite-france\\\/\"]}]}<\/script>\n<!-- \/ Yoast SEO plugin. -->","yoast_head_json":{"title":"Trator CL30-4 - Leite Europe","description":"Trator CL30-4: a combina\u00e7\u00e3o perfeita entre tecnologia avan\u00e7ada e robustez, com rodas 4x4 para uma \u00f3ptima tra\u00e7\u00e3o e manobrabilidade.","robots":{"index":"index","follow":"follow","max-snippet":"max-snippet:-1","max-image-preview":"max-image-preview:large","max-video-preview":"max-video-preview:-1"},"canonical":"https:\/\/leite-europa.com\/pt-pt\/produit\/trator-cl30-4\/","og_locale":"pt_PT","og_type":"article","og_title":"Trator CL30-4 - Leite Europe","og_description":"Trator CL30-4: a combina\u00e7\u00e3o perfeita entre tecnologia avan\u00e7ada e robustez, com rodas 4x4 para uma \u00f3ptima tra\u00e7\u00e3o e manobrabilidade.","og_url":"https:\/\/leite-europa.com\/pt-pt\/produit\/trator-cl30-4\/","og_site_name":"Leite Europe","article_publisher":"https:\/\/www.facebook.com\/profile.php?id=100089192656837","article_modified_time":"2024-04-17T13:37:34+00:00","og_image":[{"width":1080,"height":1080,"url":"https:\/\/leite-europa.com\/wp-content\/uploads\/2023\/08\/7-1.png","type":"image\/png"}],"twitter_card":"summary_large_image","twitter_misc":{"Tempo estimado de leitura":"9 minutos"},"schema":{"@context":"https:\/\/schema.org","@graph":[{"@type":"WebPage","@id":"https:\/\/leite-europa.com\/pt-pt\/produit\/trator-cl30-4\/","url":"https:\/\/leite-europa.com\/pt-pt\/produit\/trator-cl30-4\/","name":"Trator CL30-4 - Leite Europe","isPartOf":{"@id":"https:\/\/leite-europa.com\/pt-pt\/#website"},"primaryImageOfPage":{"@id":"https:\/\/leite-europa.com\/pt-pt\/produit\/trator-cl30-4\/#primaryimage"},"image":{"@id":"https:\/\/leite-europa.com\/pt-pt\/produit\/trator-cl30-4\/#primaryimage"},"thumbnailUrl":"https:\/\/leite-europa.com\/wp-content\/uploads\/2023\/08\/7-1.png","datePublished":"2023-11-06T08:36:53+00:00","dateModified":"2024-04-17T13:37:34+00:00","description":"Trator CL30-4: a combina\u00e7\u00e3o perfeita entre tecnologia avan\u00e7ada e robustez, com rodas 4x4 para uma \u00f3ptima tra\u00e7\u00e3o e manobrabilidade.","breadcrumb":{"@id":"https:\/\/leite-europa.com\/pt-pt\/produit\/trator-cl30-4\/#breadcrumb"},"inLanguage":"pt-PT","potentialAction":[{"@type":"ReadAction","target":["https:\/\/leite-europa.com\/pt-pt\/produit\/trator-cl30-4\/"]}]},{"@type":"ImageObject","inLanguage":"pt-PT","@id":"https:\/\/leite-europa.com\/pt-pt\/produit\/trator-cl30-4\/#primaryimage","url":"https:\/\/leite-europa.com\/wp-content\/uploads\/2023\/08\/7-1.png","contentUrl":"https:\/\/leite-europa.com\/wp-content\/uploads\/2023\/08\/7-1.png","width":1080,"height":1080},{"@type":"BreadcrumbList","@id":"https:\/\/leite-europa.com\/pt-pt\/produit\/trator-cl30-4\/#breadcrumb","itemListElement":[{"@type":"ListItem","position":1,"name":"Accueil","item":"https:\/\/leite-europa.com\/pt-pt\/inicio\/"},{"@type":"ListItem","position":2,"name":"Boutique","item":"https:\/\/leite-europa.com\/fr\/boutique\/"},{"@type":"ListItem","position":3,"name":"Trator CL30-4"}]},{"@type":"WebSite","@id":"https:\/\/leite-europa.com\/pt-pt\/#website","url":"https:\/\/leite-europa.com\/pt-pt\/","name":"Leite Europe","description":"","publisher":{"@id":"https:\/\/leite-europa.com\/pt-pt\/#organization"},"potentialAction":[{"@type":"SearchAction","target":{"@type":"EntryPoint","urlTemplate":"https:\/\/leite-europa.com\/pt-pt\/?s={search_term_string}"},"query-input":{"@type":"PropertyValueSpecification","valueRequired":true,"valueName":"search_term_string"}}],"inLanguage":"pt-PT"},{"@type":"Organization","@id":"https:\/\/leite-europa.com\/pt-pt\/#organization","name":"Leite Europe","url":"https:\/\/leite-europa.com\/pt-pt\/","logo":{"@type":"ImageObject","inLanguage":"pt-PT","@id":"https:\/\/leite-europa.com\/pt-pt\/#\/schema\/logo\/image\/","url":"https:\/\/leite-europa.com\/wp-content\/uploads\/2022\/12\/LOGO-LEITE.png","contentUrl":"https:\/\/leite-europa.com\/wp-content\/uploads\/2022\/12\/LOGO-LEITE.png","width":1024,"height":512,"caption":"Leite Europe"},"image":{"@id":"https:\/\/leite-europa.com\/pt-pt\/#\/schema\/logo\/image\/"},"sameAs":["https:\/\/www.facebook.com\/profile.php?id=100089192656837","https:\/\/www.instagram.com\/leite_france_minipelle\/","https:\/\/www.linkedin.com\/company\/leite-france\/"]}]}},"_links":{"self":[{"href":"https:\/\/leite-europa.com\/pt-pt\/wp-json\/wp\/v2\/product\/8182","targetHints":{"allow":["GET"]}}],"collection":[{"href":"https:\/\/leite-europa.com\/pt-pt\/wp-json\/wp\/v2\/product"}],"about":[{"href":"https:\/\/leite-europa.com\/pt-pt\/wp-json\/wp\/v2\/types\/product"}],"wp:featuredmedia":[{"embeddable":true,"href":"https:\/\/leite-europa.com\/pt-pt\/wp-json\/wp\/v2\/media\/7770"}],"wp:attachment":[{"href":"https:\/\/leite-europa.com\/pt-pt\/wp-json\/wp\/v2\/media?parent=8182"}],"wp:term":[{"taxonomy":"product_brand","embeddable":true,"href":"https:\/\/leite-europa.com\/pt-pt\/wp-json\/wp\/v2\/product_brand?post=8182"},{"taxonomy":"product_cat","embeddable":true,"href":"https:\/\/leite-europa.com\/pt-pt\/wp-json\/wp\/v2\/product_cat?post=8182"},{"taxonomy":"product_tag","embeddable":true,"href":"https:\/\/leite-europa.com\/pt-pt\/wp-json\/wp\/v2\/product_tag?post=8182"}],"curies":[{"name":"wp","href":"https:\/\/api.w.org\/{rel}","templated":true}]}}