{"id":8208,"date":"2023-11-07T11:35:30","date_gmt":"2023-11-07T10:35:30","guid":{"rendered":"https:\/\/leite-europa.com\/produit\/moinho-de-cepos-moinho-de-cepos\/"},"modified":"2024-04-16T11:29:41","modified_gmt":"2024-04-16T09:29:41","slug":"triturador-secador","status":"publish","type":"product","link":"https:\/\/leite-europa.com\/pt-pt\/produit\/triturador-secador\/","title":{"rendered":"Moinho de cepos"},"content":{"rendered":"<p>[et_pb_section fb_built=&#8221;1&#8243; _builder_version=&#8221;4.19.2&#8243; _module_preset=&#8221;default&#8221; background_color=&#8221;#FFFFFF&#8221; custom_padding=&#8221;||4px|||&#8221; global_colors_info=&#8221;{}&#8221; theme_builder_area=&#8221;post_content&#8221;][et_pb_row column_structure=&#8221;1_2,1_2&#8243; _builder_version=&#8221;4.19.2&#8243; _module_preset=&#8221;default&#8221; global_colors_info=&#8221;{}&#8221; theme_builder_area=&#8221;post_content&#8221;][et_pb_column type=&#8221;1_2&#8243; _builder_version=&#8221;4.19.2&#8243; _module_preset=&#8221;default&#8221; global_colors_info=&#8221;{}&#8221; theme_builder_area=&#8221;post_content&#8221;][et_pb_gallery gallery_ids=&#8221;1989&#8243; fullwidth=&#8221;on&#8221; _builder_version=&#8221;4.20.4&#8243; _module_preset=&#8221;default&#8221; hover_enabled=&#8221;0&#8243; global_colors_info=&#8221;{}&#8221; theme_builder_area=&#8221;post_content&#8221; sticky_enabled=&#8221;0&#8243;][\/et_pb_gallery][\/et_pb_column][et_pb_column type=&#8221;1_2&#8243; _builder_version=&#8221;4.19.2&#8243; _module_preset=&#8221;default&#8221; global_colors_info=&#8221;{}&#8221; theme_builder_area=&#8221;post_content&#8221;][et_pb_text _builder_version=&#8221;4.20.4&#8243; _module_preset=&#8221;default&#8221; text_line_height=&#8221;2em&#8221; header_2_text_color=&#8221;#E75F0D&#8221; global_colors_info=&#8221;{}&#8221; theme_builder_area=&#8221;post_content&#8221;]<\/p>\n<h2>&#8220;Revolucione o seu trabalho ao ar livre com o triturador de cepos Leite para o mini carregador LTH380&#8221;<\/h2>\n<p>[\/et_pb_text][et_pb_text _builder_version=&#8221;4.20.4&#8243; _module_preset=&#8221;default&#8221; text_orientation=&#8221;justified&#8221; global_colors_info=&#8221;{}&#8221; theme_builder_area=&#8221;post_content&#8221;]<\/p>\n<p>Assuma o controlo do seu espa\u00e7o exterior e diga adeus aos cepos velhos e indesejados! A Leite France tem o prazer de apresentar o nosso triturador de cepos, especialmente concebido para ser utilizado com o Mini Carregador LTH380. Esta ferramenta poderosa e eficaz ir\u00e1 limpar o seu terreno destes obst\u00e1culos irritantes num instante.<\/p>\n<p>[\/et_pb_text][\/et_pb_column][\/et_pb_row][et_pb_row _builder_version=&#8221;4.20.4&#8243; _module_preset=&#8221;default&#8221; global_colors_info=&#8221;{}&#8221; theme_builder_area=&#8221;post_content&#8221;][et_pb_column type=&#8221;4_4&#8243; _builder_version=&#8221;4.20.4&#8243; _module_preset=&#8221;default&#8221; global_colors_info=&#8221;{}&#8221; theme_builder_area=&#8221;post_content&#8221;][et_pb_text _builder_version=&#8221;4.20.4&#8243; _module_preset=&#8221;default&#8221; global_colors_info=&#8221;{}&#8221; theme_builder_area=&#8221;post_content&#8221;]<\/p>\n<p><strong>A ferramenta de elei\u00e7\u00e3o para trabalhos de precis\u00e3o<\/strong><\/p>\n<p>O triturador de cepos Leite \u00e9 a sua arma secreta para manter o seu terreno limpo e seguro. Equipado com l\u00e2minas robustas e um motor potente, pode triturar sem esfor\u00e7o todos os tipos de cepos, independentemente do seu tamanho ou idade. A precis\u00e3o e a pot\u00eancia combinadas da nossa trituradora de cepos permitem-lhe efetuar o trabalho rapidamente e sem esfor\u00e7o.<\/p>\n<p><strong>Instala\u00e7\u00e3o f\u00e1cil e funcionamento intuitivo<\/strong><\/p>\n<p>Perfeitamente adaptado ao Mini Carregador LTH380, o nosso triturador de cepos \u00e9 f\u00e1cil de instalar e utilizar. O seu design intuitivo e a facilidade de controlo significam que pode tirar o m\u00e1ximo partido dele, mesmo nas situa\u00e7\u00f5es mais complexas.<\/p>\n<p><strong>Seguran\u00e7a e durabilidade garantidas<\/strong><\/p>\n<p>A seguran\u00e7a e a durabilidade est\u00e3o no centro de todos os nossos produtos Leite France. \u00c9 por isso que o nosso triturador de cepos foi concebido para resistir \u00e0s condi\u00e7\u00f5es mais dif\u00edceis, garantindo ao mesmo tempo a seguran\u00e7a do operador. A sua robustez e fiabilidade fazem dele um investimento duradouro para todos os seus trabalhos no exterior.<\/p>\n<p><strong>Versatilidade sem igual<\/strong><\/p>\n<p>Quer seja um paisagista, empreiteiro de constru\u00e7\u00e3o, agricultor ou propriet\u00e1rio de uma grande propriedade, o nosso triturador de cepos \u00e9 a ferramenta ideal para manter o seu terreno limpo e seguro. \u00c9 eficaz em todos os tipos de terreno e para todos os tamanhos de cepos.<\/p>\n<p><strong>Um investimento sensato para um trabalho eficiente<\/strong><\/p>\n<p>O triturador de cepos Leite LTH380 Mini Charger \u00e9 mais do que uma ferramenta, \u00e9 um investimento na efici\u00eancia do seu trabalho. Com ele, pode tornar o seu espa\u00e7o exterior mais seguro e mais acolhedor, aumentar o valor da sua propriedade e poupar tempo e energia.<\/p>\n<p>Contacte-nos agora para saber mais sobre esta incr\u00edvel m\u00e1quina. A equipa da Leite France est\u00e1 pronta para o ajudar a tirar o m\u00e1ximo partido do seu Mini Charger LTH380 com a nossa m\u00e1quina de triturar cepos.<\/p>\n<p>[\/et_pb_text][\/et_pb_column][\/et_pb_row][\/et_pb_section]<\/p>\n","protected":false},"excerpt":{"rendered":"<p>&#8220;Revolucione o seu trabalho ao ar livre com o triturador de cepos Leite para o mini carregador LTH380&#8243;Assuma o controlo do seu espa\u00e7o exterior e diga adeus aos cepos velhos e indesejados! A Leite France tem o prazer de apresentar o nosso triturador de cepos, especialmente concebido para ser utilizado com o Mini Carregador LTH380. [&hellip;]<\/p>\n","protected":false},"featured_media":4223,"template":"","meta":{"_et_pb_use_builder":"on","_et_pb_old_content":"","_et_gb_content_width":""},"product_brand":[],"product_cat":[200,307],"product_tag":[],"class_list":{"0":"post-8208","1":"product","2":"type-product","3":"status-publish","4":"has-post-thumbnail","6":"product_cat-acessorios-do-mini-carregador","7":"product_cat-acessorios-mini-carregador-lth380","9":"first","10":"instock","11":"taxable","12":"shipping-taxable","13":"purchasable","14":"product-type-simple"},"yoast_head":"<!-- This site is optimized with the Yoast SEO plugin v27.3 - https:\/\/yoast.com\/product\/yoast-seo-wordpress\/ -->\n<title>Moinho de cepos - Leite Europe<\/title>\n<meta name=\"description\" content=\"Revolucione o seu trabalho ao ar livre com o triturador de cepos Leite para Mini Charger LTH380.\" \/>\n<meta name=\"robots\" content=\"index, follow, max-snippet:-1, max-image-preview:large, max-video-preview:-1\" \/>\n<link rel=\"canonical\" href=\"https:\/\/leite-europa.com\/pt-pt\/produit\/triturador-secador\/\" \/>\n<meta property=\"og:locale\" content=\"pt_PT\" \/>\n<meta property=\"og:type\" content=\"article\" \/>\n<meta property=\"og:title\" content=\"Moinho de cepos - Leite Europe\" \/>\n<meta property=\"og:description\" content=\"Revolucione o seu trabalho ao ar livre com o triturador de cepos Leite para Mini Charger LTH380.\" \/>\n<meta property=\"og:url\" content=\"https:\/\/leite-europa.com\/pt-pt\/produit\/triturador-secador\/\" \/>\n<meta property=\"og:site_name\" content=\"Leite Europe\" \/>\n<meta property=\"article:publisher\" content=\"https:\/\/www.facebook.com\/profile.php?id=100089192656837\" \/>\n<meta property=\"article:modified_time\" content=\"2024-04-16T09:29:41+00:00\" \/>\n<meta property=\"og:image\" content=\"https:\/\/leite-europa.com\/wp-content\/uploads\/2023\/07\/broyeur-de-souche.jpg\" \/>\n\t<meta property=\"og:image:width\" content=\"383\" \/>\n\t<meta property=\"og:image:height\" content=\"319\" \/>\n\t<meta property=\"og:image:type\" content=\"image\/jpeg\" \/>\n<meta name=\"twitter:card\" content=\"summary_large_image\" \/>\n<meta name=\"twitter:label1\" content=\"Tempo estimado de leitura\" \/>\n\t<meta name=\"twitter:data1\" content=\"3 minutos\" \/>\n<script type=\"application\/ld+json\" class=\"yoast-schema-graph\">{\"@context\":\"https:\\\/\\\/schema.org\",\"@graph\":[{\"@type\":\"WebPage\",\"@id\":\"https:\\\/\\\/leite-europa.com\\\/pt-pt\\\/produit\\\/triturador-secador\\\/\",\"url\":\"https:\\\/\\\/leite-europa.com\\\/pt-pt\\\/produit\\\/triturador-secador\\\/\",\"name\":\"Moinho de cepos - Leite Europe\",\"isPartOf\":{\"@id\":\"https:\\\/\\\/leite-europa.com\\\/pt-pt\\\/#website\"},\"primaryImageOfPage\":{\"@id\":\"https:\\\/\\\/leite-europa.com\\\/pt-pt\\\/produit\\\/triturador-secador\\\/#primaryimage\"},\"image\":{\"@id\":\"https:\\\/\\\/leite-europa.com\\\/pt-pt\\\/produit\\\/triturador-secador\\\/#primaryimage\"},\"thumbnailUrl\":\"https:\\\/\\\/leite-europa.com\\\/wp-content\\\/uploads\\\/2023\\\/07\\\/broyeur-de-souche.jpg\",\"datePublished\":\"2023-11-07T10:35:30+00:00\",\"dateModified\":\"2024-04-16T09:29:41+00:00\",\"description\":\"Revolucione o seu trabalho ao ar livre com o triturador de cepos Leite para Mini Charger LTH380.\",\"breadcrumb\":{\"@id\":\"https:\\\/\\\/leite-europa.com\\\/pt-pt\\\/produit\\\/triturador-secador\\\/#breadcrumb\"},\"inLanguage\":\"pt-PT\",\"potentialAction\":[{\"@type\":\"ReadAction\",\"target\":[\"https:\\\/\\\/leite-europa.com\\\/pt-pt\\\/produit\\\/triturador-secador\\\/\"]}]},{\"@type\":\"ImageObject\",\"inLanguage\":\"pt-PT\",\"@id\":\"https:\\\/\\\/leite-europa.com\\\/pt-pt\\\/produit\\\/triturador-secador\\\/#primaryimage\",\"url\":\"https:\\\/\\\/leite-europa.com\\\/wp-content\\\/uploads\\\/2023\\\/07\\\/broyeur-de-souche.jpg\",\"contentUrl\":\"https:\\\/\\\/leite-europa.com\\\/wp-content\\\/uploads\\\/2023\\\/07\\\/broyeur-de-souche.jpg\",\"width\":383,\"height\":319,\"caption\":\"Moedor de cepos moedor de cepos\"},{\"@type\":\"BreadcrumbList\",\"@id\":\"https:\\\/\\\/leite-europa.com\\\/pt-pt\\\/produit\\\/triturador-secador\\\/#breadcrumb\",\"itemListElement\":[{\"@type\":\"ListItem\",\"position\":1,\"name\":\"Accueil\",\"item\":\"https:\\\/\\\/leite-europa.com\\\/pt-pt\\\/inicio\\\/\"},{\"@type\":\"ListItem\",\"position\":2,\"name\":\"Boutique\",\"item\":\"https:\\\/\\\/leite-europa.com\\\/fr\\\/boutique\\\/\"},{\"@type\":\"ListItem\",\"position\":3,\"name\":\"Moinho de cepos\"}]},{\"@type\":\"WebSite\",\"@id\":\"https:\\\/\\\/leite-europa.com\\\/pt-pt\\\/#website\",\"url\":\"https:\\\/\\\/leite-europa.com\\\/pt-pt\\\/\",\"name\":\"Leite Europe\",\"description\":\"\",\"publisher\":{\"@id\":\"https:\\\/\\\/leite-europa.com\\\/pt-pt\\\/#organization\"},\"potentialAction\":[{\"@type\":\"SearchAction\",\"target\":{\"@type\":\"EntryPoint\",\"urlTemplate\":\"https:\\\/\\\/leite-europa.com\\\/pt-pt\\\/?s={search_term_string}\"},\"query-input\":{\"@type\":\"PropertyValueSpecification\",\"valueRequired\":true,\"valueName\":\"search_term_string\"}}],\"inLanguage\":\"pt-PT\"},{\"@type\":\"Organization\",\"@id\":\"https:\\\/\\\/leite-europa.com\\\/pt-pt\\\/#organization\",\"name\":\"Leite Europe\",\"url\":\"https:\\\/\\\/leite-europa.com\\\/pt-pt\\\/\",\"logo\":{\"@type\":\"ImageObject\",\"inLanguage\":\"pt-PT\",\"@id\":\"https:\\\/\\\/leite-europa.com\\\/pt-pt\\\/#\\\/schema\\\/logo\\\/image\\\/\",\"url\":\"https:\\\/\\\/leite-europa.com\\\/wp-content\\\/uploads\\\/2022\\\/12\\\/LOGO-LEITE.png\",\"contentUrl\":\"https:\\\/\\\/leite-europa.com\\\/wp-content\\\/uploads\\\/2022\\\/12\\\/LOGO-LEITE.png\",\"width\":1024,\"height\":512,\"caption\":\"Leite Europe\"},\"image\":{\"@id\":\"https:\\\/\\\/leite-europa.com\\\/pt-pt\\\/#\\\/schema\\\/logo\\\/image\\\/\"},\"sameAs\":[\"https:\\\/\\\/www.facebook.com\\\/profile.php?id=100089192656837\",\"https:\\\/\\\/www.instagram.com\\\/leite_france_minipelle\\\/\",\"https:\\\/\\\/www.linkedin.com\\\/company\\\/leite-france\\\/\"]}]}<\/script>\n<!-- \/ Yoast SEO plugin. -->","yoast_head_json":{"title":"Moinho de cepos - Leite Europe","description":"Revolucione o seu trabalho ao ar livre com o triturador de cepos Leite para Mini Charger LTH380.","robots":{"index":"index","follow":"follow","max-snippet":"max-snippet:-1","max-image-preview":"max-image-preview:large","max-video-preview":"max-video-preview:-1"},"canonical":"https:\/\/leite-europa.com\/pt-pt\/produit\/triturador-secador\/","og_locale":"pt_PT","og_type":"article","og_title":"Moinho de cepos - Leite Europe","og_description":"Revolucione o seu trabalho ao ar livre com o triturador de cepos Leite para Mini Charger LTH380.","og_url":"https:\/\/leite-europa.com\/pt-pt\/produit\/triturador-secador\/","og_site_name":"Leite Europe","article_publisher":"https:\/\/www.facebook.com\/profile.php?id=100089192656837","article_modified_time":"2024-04-16T09:29:41+00:00","og_image":[{"width":383,"height":319,"url":"https:\/\/leite-europa.com\/wp-content\/uploads\/2023\/07\/broyeur-de-souche.jpg","type":"image\/jpeg"}],"twitter_card":"summary_large_image","twitter_misc":{"Tempo estimado de leitura":"3 minutos"},"schema":{"@context":"https:\/\/schema.org","@graph":[{"@type":"WebPage","@id":"https:\/\/leite-europa.com\/pt-pt\/produit\/triturador-secador\/","url":"https:\/\/leite-europa.com\/pt-pt\/produit\/triturador-secador\/","name":"Moinho de cepos - Leite Europe","isPartOf":{"@id":"https:\/\/leite-europa.com\/pt-pt\/#website"},"primaryImageOfPage":{"@id":"https:\/\/leite-europa.com\/pt-pt\/produit\/triturador-secador\/#primaryimage"},"image":{"@id":"https:\/\/leite-europa.com\/pt-pt\/produit\/triturador-secador\/#primaryimage"},"thumbnailUrl":"https:\/\/leite-europa.com\/wp-content\/uploads\/2023\/07\/broyeur-de-souche.jpg","datePublished":"2023-11-07T10:35:30+00:00","dateModified":"2024-04-16T09:29:41+00:00","description":"Revolucione o seu trabalho ao ar livre com o triturador de cepos Leite para Mini Charger LTH380.","breadcrumb":{"@id":"https:\/\/leite-europa.com\/pt-pt\/produit\/triturador-secador\/#breadcrumb"},"inLanguage":"pt-PT","potentialAction":[{"@type":"ReadAction","target":["https:\/\/leite-europa.com\/pt-pt\/produit\/triturador-secador\/"]}]},{"@type":"ImageObject","inLanguage":"pt-PT","@id":"https:\/\/leite-europa.com\/pt-pt\/produit\/triturador-secador\/#primaryimage","url":"https:\/\/leite-europa.com\/wp-content\/uploads\/2023\/07\/broyeur-de-souche.jpg","contentUrl":"https:\/\/leite-europa.com\/wp-content\/uploads\/2023\/07\/broyeur-de-souche.jpg","width":383,"height":319,"caption":"Moedor de cepos moedor de cepos"},{"@type":"BreadcrumbList","@id":"https:\/\/leite-europa.com\/pt-pt\/produit\/triturador-secador\/#breadcrumb","itemListElement":[{"@type":"ListItem","position":1,"name":"Accueil","item":"https:\/\/leite-europa.com\/pt-pt\/inicio\/"},{"@type":"ListItem","position":2,"name":"Boutique","item":"https:\/\/leite-europa.com\/fr\/boutique\/"},{"@type":"ListItem","position":3,"name":"Moinho de cepos"}]},{"@type":"WebSite","@id":"https:\/\/leite-europa.com\/pt-pt\/#website","url":"https:\/\/leite-europa.com\/pt-pt\/","name":"Leite Europe","description":"","publisher":{"@id":"https:\/\/leite-europa.com\/pt-pt\/#organization"},"potentialAction":[{"@type":"SearchAction","target":{"@type":"EntryPoint","urlTemplate":"https:\/\/leite-europa.com\/pt-pt\/?s={search_term_string}"},"query-input":{"@type":"PropertyValueSpecification","valueRequired":true,"valueName":"search_term_string"}}],"inLanguage":"pt-PT"},{"@type":"Organization","@id":"https:\/\/leite-europa.com\/pt-pt\/#organization","name":"Leite Europe","url":"https:\/\/leite-europa.com\/pt-pt\/","logo":{"@type":"ImageObject","inLanguage":"pt-PT","@id":"https:\/\/leite-europa.com\/pt-pt\/#\/schema\/logo\/image\/","url":"https:\/\/leite-europa.com\/wp-content\/uploads\/2022\/12\/LOGO-LEITE.png","contentUrl":"https:\/\/leite-europa.com\/wp-content\/uploads\/2022\/12\/LOGO-LEITE.png","width":1024,"height":512,"caption":"Leite Europe"},"image":{"@id":"https:\/\/leite-europa.com\/pt-pt\/#\/schema\/logo\/image\/"},"sameAs":["https:\/\/www.facebook.com\/profile.php?id=100089192656837","https:\/\/www.instagram.com\/leite_france_minipelle\/","https:\/\/www.linkedin.com\/company\/leite-france\/"]}]}},"_links":{"self":[{"href":"https:\/\/leite-europa.com\/pt-pt\/wp-json\/wp\/v2\/product\/8208","targetHints":{"allow":["GET"]}}],"collection":[{"href":"https:\/\/leite-europa.com\/pt-pt\/wp-json\/wp\/v2\/product"}],"about":[{"href":"https:\/\/leite-europa.com\/pt-pt\/wp-json\/wp\/v2\/types\/product"}],"wp:featuredmedia":[{"embeddable":true,"href":"https:\/\/leite-europa.com\/pt-pt\/wp-json\/wp\/v2\/media\/4223"}],"wp:attachment":[{"href":"https:\/\/leite-europa.com\/pt-pt\/wp-json\/wp\/v2\/media?parent=8208"}],"wp:term":[{"taxonomy":"product_brand","embeddable":true,"href":"https:\/\/leite-europa.com\/pt-pt\/wp-json\/wp\/v2\/product_brand?post=8208"},{"taxonomy":"product_cat","embeddable":true,"href":"https:\/\/leite-europa.com\/pt-pt\/wp-json\/wp\/v2\/product_cat?post=8208"},{"taxonomy":"product_tag","embeddable":true,"href":"https:\/\/leite-europa.com\/pt-pt\/wp-json\/wp\/v2\/product_tag?post=8208"}],"curies":[{"name":"wp","href":"https:\/\/api.w.org\/{rel}","templated":true}]}}