{"id":8209,"date":"2023-11-07T11:38:43","date_gmt":"2023-11-07T10:38:43","guid":{"rendered":"https:\/\/leite-europa.com\/produit\/avental-para-garfos\/"},"modified":"2024-04-17T15:57:26","modified_gmt":"2024-04-17T13:57:26","slug":"avental-forquilha","status":"publish","type":"product","link":"https:\/\/leite-europa.com\/pt-pt\/produit\/avental-forquilha\/","title":{"rendered":"Avental para garfos"},"content":{"rendered":"<p>[et_pb_section fb_built=&#8221;1&#8243; _builder_version=&#8221;4.19.2&#8243; _module_preset=&#8221;default&#8221; background_color=&#8221;#FFFFFF&#8221; custom_padding=&#8221;||4px|||&#8221; global_colors_info=&#8221;{}&#8221; theme_builder_area=&#8221;post_content&#8221;][et_pb_row column_structure=&#8221;1_2,1_2&#8243; _builder_version=&#8221;4.19.2&#8243; _module_preset=&#8221;default&#8221; global_colors_info=&#8221;{}&#8221; theme_builder_area=&#8221;post_content&#8221;][et_pb_column type=&#8221;1_2&#8243; _builder_version=&#8221;4.19.2&#8243; _module_preset=&#8221;default&#8221; global_colors_info=&#8221;{}&#8221; theme_builder_area=&#8221;post_content&#8221;][et_pb_gallery gallery_ids=&#8221;1990&#8243; fullwidth=&#8221;on&#8221; _builder_version=&#8221;4.20.4&#8243; _module_preset=&#8221;default&#8221; global_colors_info=&#8221;{}&#8221; theme_builder_area=&#8221;post_content&#8221;][\/et_pb_gallery][\/et_pb_column][et_pb_column type=&#8221;1_2&#8243; _builder_version=&#8221;4.19.2&#8243; _module_preset=&#8221;default&#8221; global_colors_info=&#8221;{}&#8221; theme_builder_area=&#8221;post_content&#8221;][et_pb_text _builder_version=&#8221;4.20.4&#8243; _module_preset=&#8221;default&#8221; text_line_height=&#8221;2em&#8221; header_2_text_color=&#8221;#E75F0D&#8221; global_colors_info=&#8221;{}&#8221; theme_builder_area=&#8221;post_content&#8221;]<\/p>\n<h2>&#8220;Transforme o seu trabalho di\u00e1rio com o avental Leite Fork&#8221;.<\/h2>\n<p>[\/et_pb_text][et_pb_text _builder_version=&#8221;4.20.4&#8243; _module_preset=&#8221;default&#8221; text_orientation=&#8221;justified&#8221; global_colors_info=&#8221;{}&#8221; theme_builder_area=&#8221;post_content&#8221;]<\/p>\n<p>Aumente a sua produtividade com o nosso carro de garfos especialmente concebido para as mini-carregadoras Leite LTH380.<\/p>\n<p>Este acess\u00f3rio engenhoso transforma a sua carregadora num empilhador ultra-eficiente, proporcionando-lhe uma versatilidade inigual\u00e1vel para todas as suas opera\u00e7\u00f5es de manuseamento.<\/p>\n<p><strong>Mudar para o modo de alto desempenho<\/strong><\/p>\n<p>O porta-garfos Leite France \u00e9 uma verdadeira revolu\u00e7\u00e3o no dom\u00ednio da movimenta\u00e7\u00e3o de cargas. Concebida para suportar as condi\u00e7\u00f5es mais dif\u00edceis, oferece a robustez e a durabilidade que se espera de um equipamento profissional. A instala\u00e7\u00e3o \u00e9 uma brincadeira de crian\u00e7as e n\u00e3o requer ferramentas adicionais.<\/p>\n<p><strong>Uma infinidade de aplica\u00e7\u00f5es esperam por si<\/strong><\/p>\n<p>O porta-forquilhas \u00e9 o seu novo polivalente. Quer se trate de estaleiros de constru\u00e7\u00e3o, de armaz\u00e9ns, de explora\u00e7\u00f5es agr\u00edcolas ou de instala\u00e7\u00f5es industriais, a sua utiliza\u00e7\u00e3o constitui uma verdadeira mais-valia. Manuseie materiais de constru\u00e7\u00e3o, produtos agr\u00edcolas, paletes e muito mais com facilidade.<\/p>\n<p><strong>Aproveite a oportunidade para aumentar a sua produtividade<\/strong><\/p>\n<p>Na Leite France, comprometemo-nos a fornecer-lhe solu\u00e7\u00f5es que aumentem a sua produtividade e garantam a sua seguran\u00e7a. N\u00e3o espere mais, aproveite a oportunidade para otimizar as suas opera\u00e7\u00f5es de movimenta\u00e7\u00e3o de cargas, melhorando simultaneamente a seguran\u00e7a.<\/p>\n<p>[\/et_pb_text][\/et_pb_column][\/et_pb_row][\/et_pb_section]<\/p>\n","protected":false},"excerpt":{"rendered":"<p>&#8220;Transforme o seu trabalho di\u00e1rio com o avental Leite Fork&#8221;.Aumente a sua produtividade com o nosso carro de garfos especialmente concebido para as mini-carregadoras Leite LTH380. Este acess\u00f3rio engenhoso transforma a sua carregadora num empilhador ultra-eficiente, proporcionando-lhe uma versatilidade inigual\u00e1vel para todas as suas opera\u00e7\u00f5es de manuseamento. Mudar para o modo de alto desempenho O [&hellip;]<\/p>\n","protected":false},"featured_media":4227,"template":"","meta":{"_et_pb_use_builder":"on","_et_pb_old_content":"","_et_gb_content_width":""},"product_brand":[],"product_cat":[200,307],"product_tag":[],"class_list":{"0":"post-8209","1":"product","2":"type-product","3":"status-publish","4":"has-post-thumbnail","6":"product_cat-acessorios-do-mini-carregador","7":"product_cat-acessorios-mini-carregador-lth380","9":"first","10":"instock","11":"taxable","12":"shipping-taxable","13":"purchasable","14":"product-type-simple"},"yoast_head":"<!-- This site is optimized with the Yoast SEO plugin v27.3 - https:\/\/yoast.com\/product\/yoast-seo-wordpress\/ -->\n<title>Avental para garfos - Leite Europe<\/title>\n<meta name=\"description\" content=\"Aumente a sua produtividade com o nosso carro de garfos especialmente concebido para as mini-carregadoras Leite LTH380.\" \/>\n<meta name=\"robots\" content=\"index, follow, max-snippet:-1, max-image-preview:large, max-video-preview:-1\" \/>\n<link rel=\"canonical\" href=\"https:\/\/leite-europa.com\/pt-pt\/produit\/avental-forquilha\/\" \/>\n<meta property=\"og:locale\" content=\"pt_PT\" \/>\n<meta property=\"og:type\" content=\"article\" \/>\n<meta property=\"og:title\" content=\"Avental para garfos - Leite Europe\" \/>\n<meta property=\"og:description\" content=\"Aumente a sua produtividade com o nosso carro de garfos especialmente concebido para as mini-carregadoras Leite LTH380.\" \/>\n<meta property=\"og:url\" content=\"https:\/\/leite-europa.com\/pt-pt\/produit\/avental-forquilha\/\" \/>\n<meta property=\"og:site_name\" content=\"Leite Europe\" \/>\n<meta property=\"article:publisher\" content=\"https:\/\/www.facebook.com\/profile.php?id=100089192656837\" \/>\n<meta property=\"article:modified_time\" content=\"2024-04-17T13:57:26+00:00\" \/>\n<meta property=\"og:image\" content=\"https:\/\/leite-europa.com\/wp-content\/uploads\/2023\/07\/fourche-a-palette.jpg\" \/>\n\t<meta property=\"og:image:width\" content=\"470\" \/>\n\t<meta property=\"og:image:height\" content=\"351\" \/>\n\t<meta property=\"og:image:type\" content=\"image\/jpeg\" \/>\n<meta name=\"twitter:card\" content=\"summary_large_image\" \/>\n<meta name=\"twitter:label1\" content=\"Tempo estimado de leitura\" \/>\n\t<meta name=\"twitter:data1\" content=\"2 minutos\" \/>\n<script type=\"application\/ld+json\" class=\"yoast-schema-graph\">{\"@context\":\"https:\\\/\\\/schema.org\",\"@graph\":[{\"@type\":\"WebPage\",\"@id\":\"https:\\\/\\\/leite-europa.com\\\/pt-pt\\\/produit\\\/avental-forquilha\\\/\",\"url\":\"https:\\\/\\\/leite-europa.com\\\/pt-pt\\\/produit\\\/avental-forquilha\\\/\",\"name\":\"Avental para garfos - Leite Europe\",\"isPartOf\":{\"@id\":\"https:\\\/\\\/leite-europa.com\\\/pt-pt\\\/#website\"},\"primaryImageOfPage\":{\"@id\":\"https:\\\/\\\/leite-europa.com\\\/pt-pt\\\/produit\\\/avental-forquilha\\\/#primaryimage\"},\"image\":{\"@id\":\"https:\\\/\\\/leite-europa.com\\\/pt-pt\\\/produit\\\/avental-forquilha\\\/#primaryimage\"},\"thumbnailUrl\":\"https:\\\/\\\/leite-europa.com\\\/wp-content\\\/uploads\\\/2023\\\/07\\\/fourche-a-palette.jpg\",\"datePublished\":\"2023-11-07T10:38:43+00:00\",\"dateModified\":\"2024-04-17T13:57:26+00:00\",\"description\":\"Aumente a sua produtividade com o nosso carro de garfos especialmente concebido para as mini-carregadoras Leite LTH380.\",\"breadcrumb\":{\"@id\":\"https:\\\/\\\/leite-europa.com\\\/pt-pt\\\/produit\\\/avental-forquilha\\\/#breadcrumb\"},\"inLanguage\":\"pt-PT\",\"potentialAction\":[{\"@type\":\"ReadAction\",\"target\":[\"https:\\\/\\\/leite-europa.com\\\/pt-pt\\\/produit\\\/avental-forquilha\\\/\"]}]},{\"@type\":\"ImageObject\",\"inLanguage\":\"pt-PT\",\"@id\":\"https:\\\/\\\/leite-europa.com\\\/pt-pt\\\/produit\\\/avental-forquilha\\\/#primaryimage\",\"url\":\"https:\\\/\\\/leite-europa.com\\\/wp-content\\\/uploads\\\/2023\\\/07\\\/fourche-a-palette.jpg\",\"contentUrl\":\"https:\\\/\\\/leite-europa.com\\\/wp-content\\\/uploads\\\/2023\\\/07\\\/fourche-a-palette.jpg\",\"width\":470,\"height\":351,\"caption\":\"Mini carregador de paletes\"},{\"@type\":\"BreadcrumbList\",\"@id\":\"https:\\\/\\\/leite-europa.com\\\/pt-pt\\\/produit\\\/avental-forquilha\\\/#breadcrumb\",\"itemListElement\":[{\"@type\":\"ListItem\",\"position\":1,\"name\":\"Accueil\",\"item\":\"https:\\\/\\\/leite-europa.com\\\/pt-pt\\\/inicio\\\/\"},{\"@type\":\"ListItem\",\"position\":2,\"name\":\"Boutique\",\"item\":\"https:\\\/\\\/leite-europa.com\\\/fr\\\/boutique\\\/\"},{\"@type\":\"ListItem\",\"position\":3,\"name\":\"Avental para garfos\"}]},{\"@type\":\"WebSite\",\"@id\":\"https:\\\/\\\/leite-europa.com\\\/pt-pt\\\/#website\",\"url\":\"https:\\\/\\\/leite-europa.com\\\/pt-pt\\\/\",\"name\":\"Leite Europe\",\"description\":\"\",\"publisher\":{\"@id\":\"https:\\\/\\\/leite-europa.com\\\/pt-pt\\\/#organization\"},\"potentialAction\":[{\"@type\":\"SearchAction\",\"target\":{\"@type\":\"EntryPoint\",\"urlTemplate\":\"https:\\\/\\\/leite-europa.com\\\/pt-pt\\\/?s={search_term_string}\"},\"query-input\":{\"@type\":\"PropertyValueSpecification\",\"valueRequired\":true,\"valueName\":\"search_term_string\"}}],\"inLanguage\":\"pt-PT\"},{\"@type\":\"Organization\",\"@id\":\"https:\\\/\\\/leite-europa.com\\\/pt-pt\\\/#organization\",\"name\":\"Leite Europe\",\"url\":\"https:\\\/\\\/leite-europa.com\\\/pt-pt\\\/\",\"logo\":{\"@type\":\"ImageObject\",\"inLanguage\":\"pt-PT\",\"@id\":\"https:\\\/\\\/leite-europa.com\\\/pt-pt\\\/#\\\/schema\\\/logo\\\/image\\\/\",\"url\":\"https:\\\/\\\/leite-europa.com\\\/wp-content\\\/uploads\\\/2022\\\/12\\\/LOGO-LEITE.png\",\"contentUrl\":\"https:\\\/\\\/leite-europa.com\\\/wp-content\\\/uploads\\\/2022\\\/12\\\/LOGO-LEITE.png\",\"width\":1024,\"height\":512,\"caption\":\"Leite Europe\"},\"image\":{\"@id\":\"https:\\\/\\\/leite-europa.com\\\/pt-pt\\\/#\\\/schema\\\/logo\\\/image\\\/\"},\"sameAs\":[\"https:\\\/\\\/www.facebook.com\\\/profile.php?id=100089192656837\",\"https:\\\/\\\/www.instagram.com\\\/leite_france_minipelle\\\/\",\"https:\\\/\\\/www.linkedin.com\\\/company\\\/leite-france\\\/\"]}]}<\/script>\n<!-- \/ Yoast SEO plugin. -->","yoast_head_json":{"title":"Avental para garfos - Leite Europe","description":"Aumente a sua produtividade com o nosso carro de garfos especialmente concebido para as mini-carregadoras Leite LTH380.","robots":{"index":"index","follow":"follow","max-snippet":"max-snippet:-1","max-image-preview":"max-image-preview:large","max-video-preview":"max-video-preview:-1"},"canonical":"https:\/\/leite-europa.com\/pt-pt\/produit\/avental-forquilha\/","og_locale":"pt_PT","og_type":"article","og_title":"Avental para garfos - Leite Europe","og_description":"Aumente a sua produtividade com o nosso carro de garfos especialmente concebido para as mini-carregadoras Leite LTH380.","og_url":"https:\/\/leite-europa.com\/pt-pt\/produit\/avental-forquilha\/","og_site_name":"Leite Europe","article_publisher":"https:\/\/www.facebook.com\/profile.php?id=100089192656837","article_modified_time":"2024-04-17T13:57:26+00:00","og_image":[{"width":470,"height":351,"url":"https:\/\/leite-europa.com\/wp-content\/uploads\/2023\/07\/fourche-a-palette.jpg","type":"image\/jpeg"}],"twitter_card":"summary_large_image","twitter_misc":{"Tempo estimado de leitura":"2 minutos"},"schema":{"@context":"https:\/\/schema.org","@graph":[{"@type":"WebPage","@id":"https:\/\/leite-europa.com\/pt-pt\/produit\/avental-forquilha\/","url":"https:\/\/leite-europa.com\/pt-pt\/produit\/avental-forquilha\/","name":"Avental para garfos - Leite Europe","isPartOf":{"@id":"https:\/\/leite-europa.com\/pt-pt\/#website"},"primaryImageOfPage":{"@id":"https:\/\/leite-europa.com\/pt-pt\/produit\/avental-forquilha\/#primaryimage"},"image":{"@id":"https:\/\/leite-europa.com\/pt-pt\/produit\/avental-forquilha\/#primaryimage"},"thumbnailUrl":"https:\/\/leite-europa.com\/wp-content\/uploads\/2023\/07\/fourche-a-palette.jpg","datePublished":"2023-11-07T10:38:43+00:00","dateModified":"2024-04-17T13:57:26+00:00","description":"Aumente a sua produtividade com o nosso carro de garfos especialmente concebido para as mini-carregadoras Leite LTH380.","breadcrumb":{"@id":"https:\/\/leite-europa.com\/pt-pt\/produit\/avental-forquilha\/#breadcrumb"},"inLanguage":"pt-PT","potentialAction":[{"@type":"ReadAction","target":["https:\/\/leite-europa.com\/pt-pt\/produit\/avental-forquilha\/"]}]},{"@type":"ImageObject","inLanguage":"pt-PT","@id":"https:\/\/leite-europa.com\/pt-pt\/produit\/avental-forquilha\/#primaryimage","url":"https:\/\/leite-europa.com\/wp-content\/uploads\/2023\/07\/fourche-a-palette.jpg","contentUrl":"https:\/\/leite-europa.com\/wp-content\/uploads\/2023\/07\/fourche-a-palette.jpg","width":470,"height":351,"caption":"Mini carregador de paletes"},{"@type":"BreadcrumbList","@id":"https:\/\/leite-europa.com\/pt-pt\/produit\/avental-forquilha\/#breadcrumb","itemListElement":[{"@type":"ListItem","position":1,"name":"Accueil","item":"https:\/\/leite-europa.com\/pt-pt\/inicio\/"},{"@type":"ListItem","position":2,"name":"Boutique","item":"https:\/\/leite-europa.com\/fr\/boutique\/"},{"@type":"ListItem","position":3,"name":"Avental para garfos"}]},{"@type":"WebSite","@id":"https:\/\/leite-europa.com\/pt-pt\/#website","url":"https:\/\/leite-europa.com\/pt-pt\/","name":"Leite Europe","description":"","publisher":{"@id":"https:\/\/leite-europa.com\/pt-pt\/#organization"},"potentialAction":[{"@type":"SearchAction","target":{"@type":"EntryPoint","urlTemplate":"https:\/\/leite-europa.com\/pt-pt\/?s={search_term_string}"},"query-input":{"@type":"PropertyValueSpecification","valueRequired":true,"valueName":"search_term_string"}}],"inLanguage":"pt-PT"},{"@type":"Organization","@id":"https:\/\/leite-europa.com\/pt-pt\/#organization","name":"Leite Europe","url":"https:\/\/leite-europa.com\/pt-pt\/","logo":{"@type":"ImageObject","inLanguage":"pt-PT","@id":"https:\/\/leite-europa.com\/pt-pt\/#\/schema\/logo\/image\/","url":"https:\/\/leite-europa.com\/wp-content\/uploads\/2022\/12\/LOGO-LEITE.png","contentUrl":"https:\/\/leite-europa.com\/wp-content\/uploads\/2022\/12\/LOGO-LEITE.png","width":1024,"height":512,"caption":"Leite Europe"},"image":{"@id":"https:\/\/leite-europa.com\/pt-pt\/#\/schema\/logo\/image\/"},"sameAs":["https:\/\/www.facebook.com\/profile.php?id=100089192656837","https:\/\/www.instagram.com\/leite_france_minipelle\/","https:\/\/www.linkedin.com\/company\/leite-france\/"]}]}},"_links":{"self":[{"href":"https:\/\/leite-europa.com\/pt-pt\/wp-json\/wp\/v2\/product\/8209","targetHints":{"allow":["GET"]}}],"collection":[{"href":"https:\/\/leite-europa.com\/pt-pt\/wp-json\/wp\/v2\/product"}],"about":[{"href":"https:\/\/leite-europa.com\/pt-pt\/wp-json\/wp\/v2\/types\/product"}],"wp:featuredmedia":[{"embeddable":true,"href":"https:\/\/leite-europa.com\/pt-pt\/wp-json\/wp\/v2\/media\/4227"}],"wp:attachment":[{"href":"https:\/\/leite-europa.com\/pt-pt\/wp-json\/wp\/v2\/media?parent=8209"}],"wp:term":[{"taxonomy":"product_brand","embeddable":true,"href":"https:\/\/leite-europa.com\/pt-pt\/wp-json\/wp\/v2\/product_brand?post=8209"},{"taxonomy":"product_cat","embeddable":true,"href":"https:\/\/leite-europa.com\/pt-pt\/wp-json\/wp\/v2\/product_cat?post=8209"},{"taxonomy":"product_tag","embeddable":true,"href":"https:\/\/leite-europa.com\/pt-pt\/wp-json\/wp\/v2\/product_tag?post=8209"}],"curies":[{"name":"wp","href":"https:\/\/api.w.org\/{rel}","templated":true}]}}