{"id":8213,"date":"2023-11-07T11:42:24","date_gmt":"2023-11-07T10:42:24","guid":{"rendered":"https:\/\/leite-europa.com\/produit\/garfo-de-garra-ou-garfo-de-crocodilo\/"},"modified":"2024-04-17T15:56:51","modified_gmt":"2024-04-17T13:56:51","slug":"agarrar-forquilha-ou-forquilha-crocodilo","status":"publish","type":"product","link":"https:\/\/leite-europa.com\/pt-pt\/produit\/agarrar-forquilha-ou-forquilha-crocodilo\/","title":{"rendered":"Garfo de garra ou garfo de crocodilo"},"content":{"rendered":"<p>[et_pb_section fb_built=&#8221;1&#8243; _builder_version=&#8221;4.19.2&#8243; _module_preset=&#8221;default&#8221; background_color=&#8221;#FFFFFF&#8221; custom_padding=&#8221;||4px|||&#8221; global_colors_info=&#8221;{}&#8221; theme_builder_area=&#8221;post_content&#8221;][et_pb_row column_structure=&#8221;1_2,1_2&#8243; _builder_version=&#8221;4.19.2&#8243; _module_preset=&#8221;default&#8221; global_colors_info=&#8221;{}&#8221; theme_builder_area=&#8221;post_content&#8221;][et_pb_column type=&#8221;1_2&#8243; _builder_version=&#8221;4.19.2&#8243; _module_preset=&#8221;default&#8221; global_colors_info=&#8221;{}&#8221; theme_builder_area=&#8221;post_content&#8221;][et_pb_gallery gallery_ids=&#8221;1991&#8243; fullwidth=&#8221;on&#8221; _builder_version=&#8221;4.20.4&#8243; _module_preset=&#8221;default&#8221; global_colors_info=&#8221;{}&#8221; theme_builder_area=&#8221;post_content&#8221;][\/et_pb_gallery][\/et_pb_column][et_pb_column type=&#8221;1_2&#8243; _builder_version=&#8221;4.19.2&#8243; _module_preset=&#8221;default&#8221; global_colors_info=&#8221;{}&#8221; theme_builder_area=&#8221;post_content&#8221;][et_pb_text _builder_version=&#8221;4.20.4&#8243; _module_preset=&#8221;default&#8221; text_line_height=&#8221;2em&#8221; header_2_text_color=&#8221;#E75F0D&#8221; global_colors_info=&#8221;{}&#8221; theme_builder_area=&#8221;post_content&#8221;]<\/p>\n<h2>&#8220;Aumente a sua efic\u00e1cia com a forquilha de garras Leite&#8221;.<\/h2>\n<p>[\/et_pb_text][et_pb_text _builder_version=&#8221;4.20.4&#8243; _module_preset=&#8221;default&#8221; text_orientation=&#8221;justified&#8221; global_colors_info=&#8221;{}&#8221; theme_builder_area=&#8221;post_content&#8221;]<\/p>\n<p>Conquiste os trabalhos mais dif\u00edceis com a nossa forquilha de garra, tamb\u00e9m conhecida como forquilha de crocodilo, especialmente concebida para as mini-carregadoras Leite LTH380. Este acess\u00f3rio revolucion\u00e1rio transforma o seu equipamento numa verdadeira m\u00e1quina todo-o-terreno, tornando mais f\u00e1cil do que nunca o manuseamento de materiais volumosos, irregulares ou delicados.<\/p>\n<p>[\/et_pb_text][\/et_pb_column][\/et_pb_row][et_pb_row _builder_version=&#8221;4.20.4&#8243; _module_preset=&#8221;default&#8221; global_colors_info=&#8221;{}&#8221; theme_builder_area=&#8221;post_content&#8221;][et_pb_column type=&#8221;4_4&#8243; _builder_version=&#8221;4.20.4&#8243; _module_preset=&#8221;default&#8221; global_colors_info=&#8221;{}&#8221; theme_builder_area=&#8221;post_content&#8221;][et_pb_text _builder_version=&#8221;4.20.4&#8243; _module_preset=&#8221;default&#8221; global_colors_info=&#8221;{}&#8221; theme_builder_area=&#8221;post_content&#8221;]<\/p>\n<p><strong>For\u00e7a inigual\u00e1vel \u00e0 sua disposi\u00e7\u00e3o<\/strong><\/p>\n<p>A forquilha de garras Leite (ou forquilha de crocodilo) foi concebida para suportar as cargas mais pesadas e as condi\u00e7\u00f5es mais dif\u00edceis. O seu mecanismo de preens\u00e3o potente e robusto proporciona uma ader\u00eancia firme e precisa, tornando at\u00e9 as tarefas mais dif\u00edceis numa brincadeira de crian\u00e7as.<\/p>\n<p><strong>Instala\u00e7\u00e3o r\u00e1pida e funcionamento intuitivo<\/strong><\/p>\n<p>A nossa forquilha de garra, perfeitamente adaptada \u00e0 mini-carregadora Leite LTH380, \u00e9 muito f\u00e1cil de instalar e utilizar. O seu design ergon\u00f3mico oferece uma manobrabilidade excecional e uma visibilidade \u00f3ptima, tornando f\u00e1cil e seguro o manuseamento de cargas volumosas.<\/p>\n<p><strong>M\u00e1xima seguran\u00e7a e durabilidade<\/strong><\/p>\n<p>Na Leite France, n\u00e3o fazemos concess\u00f5es em mat\u00e9ria de seguran\u00e7a e de durabilidade. \u00c9 por isso que a nossa forquilha de garra (forquilha de crocodilo) foi concebida para oferecer a m\u00e1xima resist\u00eancia, garantindo a prote\u00e7\u00e3o do operador e uma longa vida \u00fatil, mesmo nos ambientes de trabalho mais exigentes.<\/p>\n<p><strong>Adapt\u00e1vel a uma multiplicidade de aplica\u00e7\u00f5es<\/strong><\/p>\n<p>Quer se trate de constru\u00e7\u00e3o, agricultura, gest\u00e3o de res\u00edduos ou silvicultura, a nossa forquilha de garra \u00e9 a ferramenta ideal. Permite-lhe apanhar e manusear facilmente v\u00e1rios materiais, tais como troncos de \u00e1rvores, pedras, paletes, detritos de constru\u00e7\u00e3o e muito mais.<\/p>\n<p><strong>Aumente a sua produtividade com a forquilha de garras Leite<\/strong><\/p>\n<p>Experimente o m\u00e1ximo em pot\u00eancia e efici\u00eancia com a Garra de Garra (ou Garra de Crocodilo) para as mini-carregadoras Leite LTH380. N\u00e3o deixe que tarefas exigentes atrasem o seu trabalho, assuma o controlo com o Leite.<\/p>\n<p>Para mais informa\u00e7\u00f5es, contacte-nos. A nossa equipa est\u00e1 pronta para o ajudar a libertar todo o potencial do seu mini-carregador com o nosso garfo de garra.<\/p>\n<p>[\/et_pb_text][\/et_pb_column][\/et_pb_row][\/et_pb_section]<\/p>\n","protected":false},"excerpt":{"rendered":"<p>&#8220;Aumente a sua efic\u00e1cia com a forquilha de garras Leite&#8221;.Conquiste os trabalhos mais dif\u00edceis com a nossa forquilha de garra, tamb\u00e9m conhecida como forquilha de crocodilo, especialmente concebida para as mini-carregadoras Leite LTH380. Este acess\u00f3rio revolucion\u00e1rio transforma o seu equipamento numa verdadeira m\u00e1quina todo-o-terreno, tornando mais f\u00e1cil do que nunca o manuseamento de materiais volumosos, [&hellip;]<\/p>\n","protected":false},"featured_media":4231,"template":"","meta":{"_et_pb_use_builder":"on","_et_pb_old_content":"","_et_gb_content_width":""},"product_brand":[],"product_cat":[200,311,307],"product_tag":[],"class_list":{"0":"post-8213","1":"product","2":"type-product","3":"status-publish","4":"has-post-thumbnail","6":"product_cat-acessorios-do-mini-carregador","7":"product_cat-acessorios-mini-carregador-lth280","8":"product_cat-acessorios-mini-carregador-lth380","10":"first","11":"instock","12":"taxable","13":"shipping-taxable","14":"purchasable","15":"product-type-simple"},"yoast_head":"<!-- This site is optimized with the Yoast SEO plugin v27.4 - https:\/\/yoast.com\/product\/yoast-seo-wordpress\/ -->\n<title>Garfo de garra ou garfo de crocodilo - Leite Europe<\/title>\n<meta name=\"description\" content=\"Conquiste os seus trabalhos mais dif\u00edceis com a nossa forquilha de garra ou forquilha de crocodilo para as mini-carregadoras Leite LTH380.\" \/>\n<meta name=\"robots\" content=\"index, follow, max-snippet:-1, max-image-preview:large, max-video-preview:-1\" \/>\n<link rel=\"canonical\" href=\"https:\/\/leite-europa.com\/pt-pt\/produit\/agarrar-forquilha-ou-forquilha-crocodilo\/\" \/>\n<meta property=\"og:locale\" content=\"pt_PT\" \/>\n<meta property=\"og:type\" content=\"article\" \/>\n<meta property=\"og:title\" content=\"Garfo de garra ou garfo de crocodilo - Leite Europe\" \/>\n<meta property=\"og:description\" content=\"Conquiste os seus trabalhos mais dif\u00edceis com a nossa forquilha de garra ou forquilha de crocodilo para as mini-carregadoras Leite LTH380.\" \/>\n<meta property=\"og:url\" content=\"https:\/\/leite-europa.com\/pt-pt\/produit\/agarrar-forquilha-ou-forquilha-crocodilo\/\" \/>\n<meta property=\"og:site_name\" content=\"Leite Europe\" \/>\n<meta property=\"article:publisher\" content=\"https:\/\/www.facebook.com\/profile.php?id=100089192656837\" \/>\n<meta property=\"article:modified_time\" content=\"2024-04-17T13:56:51+00:00\" \/>\n<meta property=\"og:image\" content=\"https:\/\/leite-europa.com\/wp-content\/uploads\/2023\/07\/fourche-grappin.jpg\" \/>\n\t<meta property=\"og:image:width\" content=\"445\" \/>\n\t<meta property=\"og:image:height\" content=\"384\" \/>\n\t<meta property=\"og:image:type\" content=\"image\/jpeg\" \/>\n<meta name=\"twitter:card\" content=\"summary_large_image\" \/>\n<meta name=\"twitter:label1\" content=\"Tempo estimado de leitura\" \/>\n\t<meta name=\"twitter:data1\" content=\"3 minutos\" \/>\n<script type=\"application\/ld+json\" class=\"yoast-schema-graph\">{\"@context\":\"https:\\\/\\\/schema.org\",\"@graph\":[{\"@type\":\"WebPage\",\"@id\":\"https:\\\/\\\/leite-europa.com\\\/pt-pt\\\/produit\\\/agarrar-forquilha-ou-forquilha-crocodilo\\\/\",\"url\":\"https:\\\/\\\/leite-europa.com\\\/pt-pt\\\/produit\\\/agarrar-forquilha-ou-forquilha-crocodilo\\\/\",\"name\":\"Garfo de garra ou garfo de crocodilo - Leite Europe\",\"isPartOf\":{\"@id\":\"https:\\\/\\\/leite-europa.com\\\/pt-pt\\\/#website\"},\"primaryImageOfPage\":{\"@id\":\"https:\\\/\\\/leite-europa.com\\\/pt-pt\\\/produit\\\/agarrar-forquilha-ou-forquilha-crocodilo\\\/#primaryimage\"},\"image\":{\"@id\":\"https:\\\/\\\/leite-europa.com\\\/pt-pt\\\/produit\\\/agarrar-forquilha-ou-forquilha-crocodilo\\\/#primaryimage\"},\"thumbnailUrl\":\"https:\\\/\\\/leite-europa.com\\\/wp-content\\\/uploads\\\/2023\\\/07\\\/fourche-grappin.jpg\",\"datePublished\":\"2023-11-07T10:42:24+00:00\",\"dateModified\":\"2024-04-17T13:56:51+00:00\",\"description\":\"Conquiste os seus trabalhos mais dif\u00edceis com a nossa forquilha de garra ou forquilha de crocodilo para as mini-carregadoras Leite LTH380.\",\"breadcrumb\":{\"@id\":\"https:\\\/\\\/leite-europa.com\\\/pt-pt\\\/produit\\\/agarrar-forquilha-ou-forquilha-crocodilo\\\/#breadcrumb\"},\"inLanguage\":\"pt-PT\",\"potentialAction\":[{\"@type\":\"ReadAction\",\"target\":[\"https:\\\/\\\/leite-europa.com\\\/pt-pt\\\/produit\\\/agarrar-forquilha-ou-forquilha-crocodilo\\\/\"]}]},{\"@type\":\"ImageObject\",\"inLanguage\":\"pt-PT\",\"@id\":\"https:\\\/\\\/leite-europa.com\\\/pt-pt\\\/produit\\\/agarrar-forquilha-ou-forquilha-crocodilo\\\/#primaryimage\",\"url\":\"https:\\\/\\\/leite-europa.com\\\/wp-content\\\/uploads\\\/2023\\\/07\\\/fourche-grappin.jpg\",\"contentUrl\":\"https:\\\/\\\/leite-europa.com\\\/wp-content\\\/uploads\\\/2023\\\/07\\\/fourche-grappin.jpg\",\"width\":445,\"height\":384,\"caption\":\"Garfo de crocodilo Garfo de garra\"},{\"@type\":\"BreadcrumbList\",\"@id\":\"https:\\\/\\\/leite-europa.com\\\/pt-pt\\\/produit\\\/agarrar-forquilha-ou-forquilha-crocodilo\\\/#breadcrumb\",\"itemListElement\":[{\"@type\":\"ListItem\",\"position\":1,\"name\":\"Accueil\",\"item\":\"https:\\\/\\\/leite-europa.com\\\/pt-pt\\\/inicio\\\/\"},{\"@type\":\"ListItem\",\"position\":2,\"name\":\"Boutique\",\"item\":\"https:\\\/\\\/leite-europa.com\\\/fr\\\/boutique\\\/\"},{\"@type\":\"ListItem\",\"position\":3,\"name\":\"Garfo de garra ou garfo de crocodilo\"}]},{\"@type\":\"WebSite\",\"@id\":\"https:\\\/\\\/leite-europa.com\\\/pt-pt\\\/#website\",\"url\":\"https:\\\/\\\/leite-europa.com\\\/pt-pt\\\/\",\"name\":\"Leite Europe\",\"description\":\"\",\"publisher\":{\"@id\":\"https:\\\/\\\/leite-europa.com\\\/pt-pt\\\/#organization\"},\"potentialAction\":[{\"@type\":\"SearchAction\",\"target\":{\"@type\":\"EntryPoint\",\"urlTemplate\":\"https:\\\/\\\/leite-europa.com\\\/pt-pt\\\/?s={search_term_string}\"},\"query-input\":{\"@type\":\"PropertyValueSpecification\",\"valueRequired\":true,\"valueName\":\"search_term_string\"}}],\"inLanguage\":\"pt-PT\"},{\"@type\":\"Organization\",\"@id\":\"https:\\\/\\\/leite-europa.com\\\/pt-pt\\\/#organization\",\"name\":\"Leite Europe\",\"url\":\"https:\\\/\\\/leite-europa.com\\\/pt-pt\\\/\",\"logo\":{\"@type\":\"ImageObject\",\"inLanguage\":\"pt-PT\",\"@id\":\"https:\\\/\\\/leite-europa.com\\\/pt-pt\\\/#\\\/schema\\\/logo\\\/image\\\/\",\"url\":\"https:\\\/\\\/leite-europa.com\\\/wp-content\\\/uploads\\\/2022\\\/12\\\/LOGO-LEITE.png\",\"contentUrl\":\"https:\\\/\\\/leite-europa.com\\\/wp-content\\\/uploads\\\/2022\\\/12\\\/LOGO-LEITE.png\",\"width\":1024,\"height\":512,\"caption\":\"Leite Europe\"},\"image\":{\"@id\":\"https:\\\/\\\/leite-europa.com\\\/pt-pt\\\/#\\\/schema\\\/logo\\\/image\\\/\"},\"sameAs\":[\"https:\\\/\\\/www.facebook.com\\\/profile.php?id=100089192656837\",\"https:\\\/\\\/www.instagram.com\\\/leite_france_minipelle\\\/\",\"https:\\\/\\\/www.linkedin.com\\\/company\\\/leite-france\\\/\"]}]}<\/script>\n<!-- \/ Yoast SEO plugin. -->","yoast_head_json":{"title":"Garfo de garra ou garfo de crocodilo - Leite Europe","description":"Conquiste os seus trabalhos mais dif\u00edceis com a nossa forquilha de garra ou forquilha de crocodilo para as mini-carregadoras Leite LTH380.","robots":{"index":"index","follow":"follow","max-snippet":"max-snippet:-1","max-image-preview":"max-image-preview:large","max-video-preview":"max-video-preview:-1"},"canonical":"https:\/\/leite-europa.com\/pt-pt\/produit\/agarrar-forquilha-ou-forquilha-crocodilo\/","og_locale":"pt_PT","og_type":"article","og_title":"Garfo de garra ou garfo de crocodilo - Leite Europe","og_description":"Conquiste os seus trabalhos mais dif\u00edceis com a nossa forquilha de garra ou forquilha de crocodilo para as mini-carregadoras Leite LTH380.","og_url":"https:\/\/leite-europa.com\/pt-pt\/produit\/agarrar-forquilha-ou-forquilha-crocodilo\/","og_site_name":"Leite Europe","article_publisher":"https:\/\/www.facebook.com\/profile.php?id=100089192656837","article_modified_time":"2024-04-17T13:56:51+00:00","og_image":[{"width":445,"height":384,"url":"https:\/\/leite-europa.com\/wp-content\/uploads\/2023\/07\/fourche-grappin.jpg","type":"image\/jpeg"}],"twitter_card":"summary_large_image","twitter_misc":{"Tempo estimado de leitura":"3 minutos"},"schema":{"@context":"https:\/\/schema.org","@graph":[{"@type":"WebPage","@id":"https:\/\/leite-europa.com\/pt-pt\/produit\/agarrar-forquilha-ou-forquilha-crocodilo\/","url":"https:\/\/leite-europa.com\/pt-pt\/produit\/agarrar-forquilha-ou-forquilha-crocodilo\/","name":"Garfo de garra ou garfo de crocodilo - Leite Europe","isPartOf":{"@id":"https:\/\/leite-europa.com\/pt-pt\/#website"},"primaryImageOfPage":{"@id":"https:\/\/leite-europa.com\/pt-pt\/produit\/agarrar-forquilha-ou-forquilha-crocodilo\/#primaryimage"},"image":{"@id":"https:\/\/leite-europa.com\/pt-pt\/produit\/agarrar-forquilha-ou-forquilha-crocodilo\/#primaryimage"},"thumbnailUrl":"https:\/\/leite-europa.com\/wp-content\/uploads\/2023\/07\/fourche-grappin.jpg","datePublished":"2023-11-07T10:42:24+00:00","dateModified":"2024-04-17T13:56:51+00:00","description":"Conquiste os seus trabalhos mais dif\u00edceis com a nossa forquilha de garra ou forquilha de crocodilo para as mini-carregadoras Leite LTH380.","breadcrumb":{"@id":"https:\/\/leite-europa.com\/pt-pt\/produit\/agarrar-forquilha-ou-forquilha-crocodilo\/#breadcrumb"},"inLanguage":"pt-PT","potentialAction":[{"@type":"ReadAction","target":["https:\/\/leite-europa.com\/pt-pt\/produit\/agarrar-forquilha-ou-forquilha-crocodilo\/"]}]},{"@type":"ImageObject","inLanguage":"pt-PT","@id":"https:\/\/leite-europa.com\/pt-pt\/produit\/agarrar-forquilha-ou-forquilha-crocodilo\/#primaryimage","url":"https:\/\/leite-europa.com\/wp-content\/uploads\/2023\/07\/fourche-grappin.jpg","contentUrl":"https:\/\/leite-europa.com\/wp-content\/uploads\/2023\/07\/fourche-grappin.jpg","width":445,"height":384,"caption":"Garfo de crocodilo Garfo de garra"},{"@type":"BreadcrumbList","@id":"https:\/\/leite-europa.com\/pt-pt\/produit\/agarrar-forquilha-ou-forquilha-crocodilo\/#breadcrumb","itemListElement":[{"@type":"ListItem","position":1,"name":"Accueil","item":"https:\/\/leite-europa.com\/pt-pt\/inicio\/"},{"@type":"ListItem","position":2,"name":"Boutique","item":"https:\/\/leite-europa.com\/fr\/boutique\/"},{"@type":"ListItem","position":3,"name":"Garfo de garra ou garfo de crocodilo"}]},{"@type":"WebSite","@id":"https:\/\/leite-europa.com\/pt-pt\/#website","url":"https:\/\/leite-europa.com\/pt-pt\/","name":"Leite Europe","description":"","publisher":{"@id":"https:\/\/leite-europa.com\/pt-pt\/#organization"},"potentialAction":[{"@type":"SearchAction","target":{"@type":"EntryPoint","urlTemplate":"https:\/\/leite-europa.com\/pt-pt\/?s={search_term_string}"},"query-input":{"@type":"PropertyValueSpecification","valueRequired":true,"valueName":"search_term_string"}}],"inLanguage":"pt-PT"},{"@type":"Organization","@id":"https:\/\/leite-europa.com\/pt-pt\/#organization","name":"Leite Europe","url":"https:\/\/leite-europa.com\/pt-pt\/","logo":{"@type":"ImageObject","inLanguage":"pt-PT","@id":"https:\/\/leite-europa.com\/pt-pt\/#\/schema\/logo\/image\/","url":"https:\/\/leite-europa.com\/wp-content\/uploads\/2022\/12\/LOGO-LEITE.png","contentUrl":"https:\/\/leite-europa.com\/wp-content\/uploads\/2022\/12\/LOGO-LEITE.png","width":1024,"height":512,"caption":"Leite Europe"},"image":{"@id":"https:\/\/leite-europa.com\/pt-pt\/#\/schema\/logo\/image\/"},"sameAs":["https:\/\/www.facebook.com\/profile.php?id=100089192656837","https:\/\/www.instagram.com\/leite_france_minipelle\/","https:\/\/www.linkedin.com\/company\/leite-france\/"]}]}},"_links":{"self":[{"href":"https:\/\/leite-europa.com\/pt-pt\/wp-json\/wp\/v2\/product\/8213","targetHints":{"allow":["GET"]}}],"collection":[{"href":"https:\/\/leite-europa.com\/pt-pt\/wp-json\/wp\/v2\/product"}],"about":[{"href":"https:\/\/leite-europa.com\/pt-pt\/wp-json\/wp\/v2\/types\/product"}],"wp:featuredmedia":[{"embeddable":true,"href":"https:\/\/leite-europa.com\/pt-pt\/wp-json\/wp\/v2\/media\/4231"}],"wp:attachment":[{"href":"https:\/\/leite-europa.com\/pt-pt\/wp-json\/wp\/v2\/media?parent=8213"}],"wp:term":[{"taxonomy":"product_brand","embeddable":true,"href":"https:\/\/leite-europa.com\/pt-pt\/wp-json\/wp\/v2\/product_brand?post=8213"},{"taxonomy":"product_cat","embeddable":true,"href":"https:\/\/leite-europa.com\/pt-pt\/wp-json\/wp\/v2\/product_cat?post=8213"},{"taxonomy":"product_tag","embeddable":true,"href":"https:\/\/leite-europa.com\/pt-pt\/wp-json\/wp\/v2\/product_tag?post=8213"}],"curies":[{"name":"wp","href":"https:\/\/api.w.org\/{rel}","templated":true}]}}