{"id":8215,"date":"2023-11-07T11:45:57","date_gmt":"2023-11-07T10:45:57","guid":{"rendered":"https:\/\/leite-europa.com\/produit\/rotavadora-grade-rotativa\/"},"modified":"2024-04-17T15:56:14","modified_gmt":"2024-04-17T13:56:14","slug":"rotavator-herse-rotative","status":"publish","type":"product","link":"https:\/\/leite-europa.com\/pt-pt\/produit\/rotavator-herse-rotative\/","title":{"rendered":"Rotavadora \/ Grade rotativa"},"content":{"rendered":"<p>[et_pb_section fb_built=&#8221;1&#8243; _builder_version=&#8221;4.19.2&#8243; _module_preset=&#8221;default&#8221; background_color=&#8221;#FFFFFF&#8221; custom_padding=&#8221;||4px|||&#8221; global_colors_info=&#8221;{}&#8221; theme_builder_area=&#8221;post_content&#8221;][et_pb_row column_structure=&#8221;1_2,1_2&#8243; _builder_version=&#8221;4.19.2&#8243; _module_preset=&#8221;default&#8221; global_colors_info=&#8221;{}&#8221; theme_builder_area=&#8221;post_content&#8221;][et_pb_column type=&#8221;1_2&#8243; _builder_version=&#8221;4.19.2&#8243; _module_preset=&#8221;default&#8221; global_colors_info=&#8221;{}&#8221; theme_builder_area=&#8221;post_content&#8221;][et_pb_gallery gallery_ids=&#8221;1992&#8243; fullwidth=&#8221;on&#8221; _builder_version=&#8221;4.20.4&#8243; _module_preset=&#8221;default&#8221; global_colors_info=&#8221;{}&#8221; theme_builder_area=&#8221;post_content&#8221;][\/et_pb_gallery][\/et_pb_column][et_pb_column type=&#8221;1_2&#8243; _builder_version=&#8221;4.19.2&#8243; _module_preset=&#8221;default&#8221; global_colors_info=&#8221;{}&#8221; theme_builder_area=&#8221;post_content&#8221;][et_pb_text _builder_version=&#8221;4.20.4&#8243; _module_preset=&#8221;default&#8221; text_line_height=&#8221;2em&#8221; header_2_text_color=&#8221;#E75F0D&#8221; global_colors_info=&#8221;{}&#8221; theme_builder_area=&#8221;post_content&#8221;]<\/p>\n<h2>&#8220;O companheiro ideal para revolucionar o seu trabalho de prepara\u00e7\u00e3o do solo&#8221;.<\/h2>\n<p>[\/et_pb_text][et_pb_text _builder_version=&#8221;4.20.4&#8243; _module_preset=&#8221;default&#8221; text_orientation=&#8221;justified&#8221; global_colors_info=&#8221;{}&#8221; theme_builder_area=&#8221;post_content&#8221;]<\/p>\n<p>Transforme o seu mini-carregador Leite LTH380 numa potente m\u00e1quina de lavoura com o nosso rotavator adapt\u00e1vel. A combina\u00e7\u00e3o perfeita entre robustez, desempenho e durabilidade, este rotavator foi concebido para ir mais longe, trabalhar mais e durar mais tempo, proporcionando-lhe uma versatilidade inigual\u00e1vel para todos os seus trabalhos de prepara\u00e7\u00e3o do solo.<\/p>\n<p>[\/et_pb_text][\/et_pb_column][\/et_pb_row][et_pb_row _builder_version=&#8221;4.20.4&#8243; _module_preset=&#8221;default&#8221; global_colors_info=&#8221;{}&#8221; theme_builder_area=&#8221;post_content&#8221;][et_pb_column type=&#8221;4_4&#8243; _builder_version=&#8221;4.20.4&#8243; _module_preset=&#8221;default&#8221; global_colors_info=&#8221;{}&#8221; theme_builder_area=&#8221;post_content&#8221;][et_pb_text _builder_version=&#8221;4.20.4&#8243; _module_preset=&#8221;default&#8221; global_colors_info=&#8221;{}&#8221; theme_builder_area=&#8221;post_content&#8221;]<\/p>\n<p><strong>Caracter\u00edsticas :<\/strong><\/p>\n<ul>\n<li>\n<p><strong>Montagem f\u00e1cil:<\/strong> n\u00e3o precisa de perder tempo com instala\u00e7\u00f5es complexas! O nosso rotavator adapta-se r\u00e1pida e facilmente ao seu mini-carregador LTH380.<\/p>\n<\/li>\n<li>\n<p><strong>Um trabalho de tit\u00e3:<\/strong> gra\u00e7as \u00e0s suas l\u00e2minas s\u00f3lidas e afiadas, o rotavator penetra no solo a diferentes profundidades com uma precis\u00e3o implac\u00e1vel, deixando uma \u00e1rea perfeitamente preparada para semear ou plantar.<\/p>\n<\/li>\n<li>\n<p>Resistente como pregos<strong>:<\/strong> Fabricado com materiais de qualidade, este rotavator \u00e9 um investimento seguro a longo prazo. Foi concebido para sobreviver \u00e0s condi\u00e7\u00f5es mais dif\u00edceis e continuar a funcionar como novo.<\/p>\n<\/li>\n<li>\n<p>Adaptado <strong>\u00e0s suas necessidades:<\/strong> Com 3 n\u00edveis de regula\u00e7\u00e3o da profundidade, tem um controlo perfeito sobre a prepara\u00e7\u00e3o do solo. Quer se trate de um jardim paisag\u00edstico, da planta\u00e7\u00e3o de culturas, de um campo desportivo ou da limpeza de terrenos, o rotavator pode ser adaptado \u00e0 sua medida.<\/p>\n<\/li>\n<\/ul>\n<p><strong>A promessa do nosso rotavator :<\/strong><\/p>\n<ul>\n<li>\n<p><strong>Poupan\u00e7as de tempo significativas:<\/strong> Diga adeus \u00e0s longas horas de trabalho manual. O rotavator prepara o terreno rapidamente, dando-lhe mais tempo para se concentrar noutras tarefas importantes.<\/p>\n<\/li>\n<li>\n<p><strong>Desempenho excecional:<\/strong> Uma prepara\u00e7\u00e3o do solo uniforme e precisa \u00e9 a chave para uma colheita ou paisagem bem sucedida. O rotavator assegura um trabalho de qualidade inigual\u00e1vel.<\/p>\n<\/li>\n<li>\n<p><strong>Poupe dinheiro:<\/strong> Porqu\u00ea investir em m\u00e1quinas caras quando pode tirar o m\u00e1ximo partido do seu mini-carregador LTH380 existente? O nosso rotavator \u00e9 uma solu\u00e7\u00e3o econ\u00f3mica para os seus trabalhos de prepara\u00e7\u00e3o do terreno.<\/p>\n<\/li>\n<\/ul>\n<p>O mini-rotocarregador Leite LTH380 \u00e9 a chave para aumentar a sua produtividade e maximizar a efic\u00e1cia dos seus trabalhos de prepara\u00e7\u00e3o do solo. N\u00e3o deixe passar esta oportunidade &#8211; opte pelo nosso rotavator e prepare-se para ficar impressionado com a pot\u00eancia e o desempenho que ele traz ao seu mini-carregador LTH380 Leite.<\/p>\n<p>[\/et_pb_text][\/et_pb_column][\/et_pb_row][\/et_pb_section]<\/p>\n","protected":false},"excerpt":{"rendered":"<p>&#8220;O companheiro ideal para revolucionar o seu trabalho de prepara\u00e7\u00e3o do solo&#8221;.Transforme o seu mini-carregador Leite LTH380 numa potente m\u00e1quina de lavoura com o nosso rotavator adapt\u00e1vel. A combina\u00e7\u00e3o perfeita entre robustez, desempenho e durabilidade, este rotavator foi concebido para ir mais longe, trabalhar mais e durar mais tempo, proporcionando-lhe uma versatilidade inigual\u00e1vel para todos [&hellip;]<\/p>\n","protected":false},"featured_media":4235,"template":"","meta":{"_et_pb_use_builder":"on","_et_pb_old_content":"","_et_gb_content_width":""},"product_brand":[],"product_cat":[200,307],"product_tag":[],"class_list":{"0":"post-8215","1":"product","2":"type-product","3":"status-publish","4":"has-post-thumbnail","6":"product_cat-acessorios-do-mini-carregador","7":"product_cat-acessorios-mini-carregador-lth380","9":"first","10":"instock","11":"taxable","12":"shipping-taxable","13":"purchasable","14":"product-type-simple"},"yoast_head":"<!-- This site is optimized with the Yoast SEO plugin v27.3 - https:\/\/yoast.com\/product\/yoast-seo-wordpress\/ -->\n<title>Rotavadora \/ Grade rotativa - Leite Europe<\/title>\n<meta name=\"description\" content=\"Transforme o seu mini-carregador Leite LTH380 numa potente m\u00e1quina de lavoura com o nosso rotavator adapt\u00e1vel.\" \/>\n<meta name=\"robots\" content=\"index, follow, max-snippet:-1, max-image-preview:large, max-video-preview:-1\" \/>\n<link rel=\"canonical\" href=\"https:\/\/leite-europa.com\/pt-pt\/produit\/rotavator-herse-rotative\/\" \/>\n<meta property=\"og:locale\" content=\"pt_PT\" \/>\n<meta property=\"og:type\" content=\"article\" \/>\n<meta property=\"og:title\" content=\"Rotavadora \/ Grade rotativa - Leite Europe\" \/>\n<meta property=\"og:description\" content=\"Transforme o seu mini-carregador Leite LTH380 numa potente m\u00e1quina de lavoura com o nosso rotavator adapt\u00e1vel.\" \/>\n<meta property=\"og:url\" content=\"https:\/\/leite-europa.com\/pt-pt\/produit\/rotavator-herse-rotative\/\" \/>\n<meta property=\"og:site_name\" content=\"Leite Europe\" \/>\n<meta property=\"article:publisher\" content=\"https:\/\/www.facebook.com\/profile.php?id=100089192656837\" \/>\n<meta property=\"article:modified_time\" content=\"2024-04-17T13:56:14+00:00\" \/>\n<meta property=\"og:image\" content=\"https:\/\/leite-europa.com\/wp-content\/uploads\/2023\/07\/rotavator.jpg\" \/>\n\t<meta property=\"og:image:width\" content=\"502\" \/>\n\t<meta property=\"og:image:height\" content=\"309\" \/>\n\t<meta property=\"og:image:type\" content=\"image\/jpeg\" \/>\n<meta name=\"twitter:card\" content=\"summary_large_image\" \/>\n<meta name=\"twitter:label1\" content=\"Tempo estimado de leitura\" \/>\n\t<meta name=\"twitter:data1\" content=\"3 minutos\" \/>\n<script type=\"application\/ld+json\" class=\"yoast-schema-graph\">{\"@context\":\"https:\\\/\\\/schema.org\",\"@graph\":[{\"@type\":\"WebPage\",\"@id\":\"https:\\\/\\\/leite-europa.com\\\/pt-pt\\\/produit\\\/rotavator-herse-rotative\\\/\",\"url\":\"https:\\\/\\\/leite-europa.com\\\/pt-pt\\\/produit\\\/rotavator-herse-rotative\\\/\",\"name\":\"Rotavadora \\\/ Grade rotativa - Leite Europe\",\"isPartOf\":{\"@id\":\"https:\\\/\\\/leite-europa.com\\\/pt-pt\\\/#website\"},\"primaryImageOfPage\":{\"@id\":\"https:\\\/\\\/leite-europa.com\\\/pt-pt\\\/produit\\\/rotavator-herse-rotative\\\/#primaryimage\"},\"image\":{\"@id\":\"https:\\\/\\\/leite-europa.com\\\/pt-pt\\\/produit\\\/rotavator-herse-rotative\\\/#primaryimage\"},\"thumbnailUrl\":\"https:\\\/\\\/leite-europa.com\\\/wp-content\\\/uploads\\\/2023\\\/07\\\/rotavator.jpg\",\"datePublished\":\"2023-11-07T10:45:57+00:00\",\"dateModified\":\"2024-04-17T13:56:14+00:00\",\"description\":\"Transforme o seu mini-carregador Leite LTH380 numa potente m\u00e1quina de lavoura com o nosso rotavator adapt\u00e1vel.\",\"breadcrumb\":{\"@id\":\"https:\\\/\\\/leite-europa.com\\\/pt-pt\\\/produit\\\/rotavator-herse-rotative\\\/#breadcrumb\"},\"inLanguage\":\"pt-PT\",\"potentialAction\":[{\"@type\":\"ReadAction\",\"target\":[\"https:\\\/\\\/leite-europa.com\\\/pt-pt\\\/produit\\\/rotavator-herse-rotative\\\/\"]}]},{\"@type\":\"ImageObject\",\"inLanguage\":\"pt-PT\",\"@id\":\"https:\\\/\\\/leite-europa.com\\\/pt-pt\\\/produit\\\/rotavator-herse-rotative\\\/#primaryimage\",\"url\":\"https:\\\/\\\/leite-europa.com\\\/wp-content\\\/uploads\\\/2023\\\/07\\\/rotavator.jpg\",\"contentUrl\":\"https:\\\/\\\/leite-europa.com\\\/wp-content\\\/uploads\\\/2023\\\/07\\\/rotavator.jpg\",\"width\":502,\"height\":309,\"caption\":\"Grade rotativa rotavator\"},{\"@type\":\"BreadcrumbList\",\"@id\":\"https:\\\/\\\/leite-europa.com\\\/pt-pt\\\/produit\\\/rotavator-herse-rotative\\\/#breadcrumb\",\"itemListElement\":[{\"@type\":\"ListItem\",\"position\":1,\"name\":\"Accueil\",\"item\":\"https:\\\/\\\/leite-europa.com\\\/pt-pt\\\/inicio\\\/\"},{\"@type\":\"ListItem\",\"position\":2,\"name\":\"Boutique\",\"item\":\"https:\\\/\\\/leite-europa.com\\\/fr\\\/boutique\\\/\"},{\"@type\":\"ListItem\",\"position\":3,\"name\":\"Rotavadora \\\/ Grade rotativa\"}]},{\"@type\":\"WebSite\",\"@id\":\"https:\\\/\\\/leite-europa.com\\\/pt-pt\\\/#website\",\"url\":\"https:\\\/\\\/leite-europa.com\\\/pt-pt\\\/\",\"name\":\"Leite Europe\",\"description\":\"\",\"publisher\":{\"@id\":\"https:\\\/\\\/leite-europa.com\\\/pt-pt\\\/#organization\"},\"potentialAction\":[{\"@type\":\"SearchAction\",\"target\":{\"@type\":\"EntryPoint\",\"urlTemplate\":\"https:\\\/\\\/leite-europa.com\\\/pt-pt\\\/?s={search_term_string}\"},\"query-input\":{\"@type\":\"PropertyValueSpecification\",\"valueRequired\":true,\"valueName\":\"search_term_string\"}}],\"inLanguage\":\"pt-PT\"},{\"@type\":\"Organization\",\"@id\":\"https:\\\/\\\/leite-europa.com\\\/pt-pt\\\/#organization\",\"name\":\"Leite Europe\",\"url\":\"https:\\\/\\\/leite-europa.com\\\/pt-pt\\\/\",\"logo\":{\"@type\":\"ImageObject\",\"inLanguage\":\"pt-PT\",\"@id\":\"https:\\\/\\\/leite-europa.com\\\/pt-pt\\\/#\\\/schema\\\/logo\\\/image\\\/\",\"url\":\"https:\\\/\\\/leite-europa.com\\\/wp-content\\\/uploads\\\/2022\\\/12\\\/LOGO-LEITE.png\",\"contentUrl\":\"https:\\\/\\\/leite-europa.com\\\/wp-content\\\/uploads\\\/2022\\\/12\\\/LOGO-LEITE.png\",\"width\":1024,\"height\":512,\"caption\":\"Leite Europe\"},\"image\":{\"@id\":\"https:\\\/\\\/leite-europa.com\\\/pt-pt\\\/#\\\/schema\\\/logo\\\/image\\\/\"},\"sameAs\":[\"https:\\\/\\\/www.facebook.com\\\/profile.php?id=100089192656837\",\"https:\\\/\\\/www.instagram.com\\\/leite_france_minipelle\\\/\",\"https:\\\/\\\/www.linkedin.com\\\/company\\\/leite-france\\\/\"]}]}<\/script>\n<!-- \/ Yoast SEO plugin. -->","yoast_head_json":{"title":"Rotavadora \/ Grade rotativa - Leite Europe","description":"Transforme o seu mini-carregador Leite LTH380 numa potente m\u00e1quina de lavoura com o nosso rotavator adapt\u00e1vel.","robots":{"index":"index","follow":"follow","max-snippet":"max-snippet:-1","max-image-preview":"max-image-preview:large","max-video-preview":"max-video-preview:-1"},"canonical":"https:\/\/leite-europa.com\/pt-pt\/produit\/rotavator-herse-rotative\/","og_locale":"pt_PT","og_type":"article","og_title":"Rotavadora \/ Grade rotativa - Leite Europe","og_description":"Transforme o seu mini-carregador Leite LTH380 numa potente m\u00e1quina de lavoura com o nosso rotavator adapt\u00e1vel.","og_url":"https:\/\/leite-europa.com\/pt-pt\/produit\/rotavator-herse-rotative\/","og_site_name":"Leite Europe","article_publisher":"https:\/\/www.facebook.com\/profile.php?id=100089192656837","article_modified_time":"2024-04-17T13:56:14+00:00","og_image":[{"width":502,"height":309,"url":"https:\/\/leite-europa.com\/wp-content\/uploads\/2023\/07\/rotavator.jpg","type":"image\/jpeg"}],"twitter_card":"summary_large_image","twitter_misc":{"Tempo estimado de leitura":"3 minutos"},"schema":{"@context":"https:\/\/schema.org","@graph":[{"@type":"WebPage","@id":"https:\/\/leite-europa.com\/pt-pt\/produit\/rotavator-herse-rotative\/","url":"https:\/\/leite-europa.com\/pt-pt\/produit\/rotavator-herse-rotative\/","name":"Rotavadora \/ Grade rotativa - Leite Europe","isPartOf":{"@id":"https:\/\/leite-europa.com\/pt-pt\/#website"},"primaryImageOfPage":{"@id":"https:\/\/leite-europa.com\/pt-pt\/produit\/rotavator-herse-rotative\/#primaryimage"},"image":{"@id":"https:\/\/leite-europa.com\/pt-pt\/produit\/rotavator-herse-rotative\/#primaryimage"},"thumbnailUrl":"https:\/\/leite-europa.com\/wp-content\/uploads\/2023\/07\/rotavator.jpg","datePublished":"2023-11-07T10:45:57+00:00","dateModified":"2024-04-17T13:56:14+00:00","description":"Transforme o seu mini-carregador Leite LTH380 numa potente m\u00e1quina de lavoura com o nosso rotavator adapt\u00e1vel.","breadcrumb":{"@id":"https:\/\/leite-europa.com\/pt-pt\/produit\/rotavator-herse-rotative\/#breadcrumb"},"inLanguage":"pt-PT","potentialAction":[{"@type":"ReadAction","target":["https:\/\/leite-europa.com\/pt-pt\/produit\/rotavator-herse-rotative\/"]}]},{"@type":"ImageObject","inLanguage":"pt-PT","@id":"https:\/\/leite-europa.com\/pt-pt\/produit\/rotavator-herse-rotative\/#primaryimage","url":"https:\/\/leite-europa.com\/wp-content\/uploads\/2023\/07\/rotavator.jpg","contentUrl":"https:\/\/leite-europa.com\/wp-content\/uploads\/2023\/07\/rotavator.jpg","width":502,"height":309,"caption":"Grade rotativa rotavator"},{"@type":"BreadcrumbList","@id":"https:\/\/leite-europa.com\/pt-pt\/produit\/rotavator-herse-rotative\/#breadcrumb","itemListElement":[{"@type":"ListItem","position":1,"name":"Accueil","item":"https:\/\/leite-europa.com\/pt-pt\/inicio\/"},{"@type":"ListItem","position":2,"name":"Boutique","item":"https:\/\/leite-europa.com\/fr\/boutique\/"},{"@type":"ListItem","position":3,"name":"Rotavadora \/ Grade rotativa"}]},{"@type":"WebSite","@id":"https:\/\/leite-europa.com\/pt-pt\/#website","url":"https:\/\/leite-europa.com\/pt-pt\/","name":"Leite Europe","description":"","publisher":{"@id":"https:\/\/leite-europa.com\/pt-pt\/#organization"},"potentialAction":[{"@type":"SearchAction","target":{"@type":"EntryPoint","urlTemplate":"https:\/\/leite-europa.com\/pt-pt\/?s={search_term_string}"},"query-input":{"@type":"PropertyValueSpecification","valueRequired":true,"valueName":"search_term_string"}}],"inLanguage":"pt-PT"},{"@type":"Organization","@id":"https:\/\/leite-europa.com\/pt-pt\/#organization","name":"Leite Europe","url":"https:\/\/leite-europa.com\/pt-pt\/","logo":{"@type":"ImageObject","inLanguage":"pt-PT","@id":"https:\/\/leite-europa.com\/pt-pt\/#\/schema\/logo\/image\/","url":"https:\/\/leite-europa.com\/wp-content\/uploads\/2022\/12\/LOGO-LEITE.png","contentUrl":"https:\/\/leite-europa.com\/wp-content\/uploads\/2022\/12\/LOGO-LEITE.png","width":1024,"height":512,"caption":"Leite Europe"},"image":{"@id":"https:\/\/leite-europa.com\/pt-pt\/#\/schema\/logo\/image\/"},"sameAs":["https:\/\/www.facebook.com\/profile.php?id=100089192656837","https:\/\/www.instagram.com\/leite_france_minipelle\/","https:\/\/www.linkedin.com\/company\/leite-france\/"]}]}},"_links":{"self":[{"href":"https:\/\/leite-europa.com\/pt-pt\/wp-json\/wp\/v2\/product\/8215","targetHints":{"allow":["GET"]}}],"collection":[{"href":"https:\/\/leite-europa.com\/pt-pt\/wp-json\/wp\/v2\/product"}],"about":[{"href":"https:\/\/leite-europa.com\/pt-pt\/wp-json\/wp\/v2\/types\/product"}],"wp:featuredmedia":[{"embeddable":true,"href":"https:\/\/leite-europa.com\/pt-pt\/wp-json\/wp\/v2\/media\/4235"}],"wp:attachment":[{"href":"https:\/\/leite-europa.com\/pt-pt\/wp-json\/wp\/v2\/media?parent=8215"}],"wp:term":[{"taxonomy":"product_brand","embeddable":true,"href":"https:\/\/leite-europa.com\/pt-pt\/wp-json\/wp\/v2\/product_brand?post=8215"},{"taxonomy":"product_cat","embeddable":true,"href":"https:\/\/leite-europa.com\/pt-pt\/wp-json\/wp\/v2\/product_cat?post=8215"},{"taxonomy":"product_tag","embeddable":true,"href":"https:\/\/leite-europa.com\/pt-pt\/wp-json\/wp\/v2\/product_tag?post=8215"}],"curies":[{"name":"wp","href":"https:\/\/api.w.org\/{rel}","templated":true}]}}