{"id":8217,"date":"2023-11-07T11:49:14","date_gmt":"2023-11-07T10:49:14","guid":{"rendered":"https:\/\/leite-europa.com\/produit\/sem-fim-de-perfuracao\/"},"modified":"2024-07-29T10:56:52","modified_gmt":"2024-07-29T08:56:52","slug":"tariere-de-forage","status":"publish","type":"product","link":"https:\/\/leite-europa.com\/pt-pt\/produit\/tariere-de-forage\/","title":{"rendered":"Sem-fim de perfura\u00e7\u00e3o"},"content":{"rendered":"<p>[et_pb_section fb_built=&#8221;1&#8243; _builder_version=&#8221;4.19.2&#8243; _module_preset=&#8221;default&#8221; background_color=&#8221;#FFFFFF&#8221; custom_padding=&#8221;||4px|||&#8221; global_colors_info=&#8221;{}&#8221;][et_pb_row column_structure=&#8221;1_2,1_2&#8243; _builder_version=&#8221;4.19.2&#8243; _module_preset=&#8221;default&#8221; global_colors_info=&#8221;{}&#8221;][et_pb_column type=&#8221;1_2&#8243; _builder_version=&#8221;4.19.2&#8243; _module_preset=&#8221;default&#8221; global_colors_info=&#8221;{}&#8221;][et_pb_gallery gallery_ids=&#8221;1993&#8243; fullwidth=&#8221;on&#8221; _builder_version=&#8221;4.20.4&#8243; _module_preset=&#8221;default&#8221; global_colors_info=&#8221;{}&#8221;][\/et_pb_gallery][\/et_pb_column][et_pb_column type=&#8221;1_2&#8243; _builder_version=&#8221;4.19.2&#8243; _module_preset=&#8221;default&#8221; global_colors_info=&#8221;{}&#8221;][et_pb_text _builder_version=&#8221;4.20.4&#8243; _module_preset=&#8221;default&#8221; text_line_height=&#8221;2em&#8221; header_2_text_color=&#8221;#E75F0D&#8221; global_colors_info=&#8221;{}&#8221;]<\/p>\n<h2>&#8220;Leve a sua perfura\u00e7\u00e3o para o pr\u00f3ximo n\u00edvel com a broca de perfura\u00e7\u00e3o Leite&#8221;.<\/h2>\n<p>[\/et_pb_text][et_pb_text _builder_version=&#8221;4.20.4&#8243; _module_preset=&#8221;default&#8221; text_orientation=&#8221;justified&#8221; global_colors_info=&#8221;{}&#8221;]Descubra um novo mundo de efic\u00e1cia e precis\u00e3o com a nossa broca de perfura\u00e7\u00e3o, concebida especificamente para as mini-carregadoras Leite LTH380. Esta ferramenta altamente especializada transforma a sua carregadora numa poderosa m\u00e1quina de perfura\u00e7\u00e3o, capaz de perfurar a terra com uma precis\u00e3o inigual\u00e1vel.[\/et_pb_text][\/et_pb_column][\/et_pb_row][et_pb_row _builder_version=&#8221;4.20.4&#8243; _module_preset=&#8221;default&#8221; global_colors_info=&#8221;{}&#8221;][et_pb_column type=&#8221;4_4&#8243; _builder_version=&#8221;4.20.4&#8243; _module_preset=&#8221;default&#8221; global_colors_info=&#8221;{}&#8221;][et_pb_text _builder_version=&#8221;4.20.4&#8243; _module_preset=&#8221;default&#8221; global_colors_info=&#8221;{}&#8221;]<strong>Pot\u00eancia de perfura\u00e7\u00e3o para aumentar a sua produtividade<\/strong><\/p>\n<p>Equipada com um motor robusto e brocas de alta qualidade, a broca de perfura\u00e7\u00e3o Leite est\u00e1 pronta para enfrentar qualquer desafio, desde terrenos macios a terrenos mais duros. Est\u00e1 dispon\u00edvel em tr\u00eas di\u00e2metros diferentes: 150 mm, 220 mm e 300 mm, dando-lhe a liberdade de escolher o tamanho de broca que melhor se adequa ao seu projeto.<\/p>\n<p><strong>F\u00e1cil de instalar e utilizar<\/strong><\/p>\n<p>A nossa broca de perfura\u00e7\u00e3o, especialmente adaptada \u00e0 mini-carregadora Leite LTH380, \u00e9 t\u00e3o f\u00e1cil de instalar como de utilizar. O seu funcionamento intuitivo, combinado com uma excecional capacidade de manobra, significa que qualquer utilizador, independentemente do seu n\u00edvel de experi\u00eancia, pode perfurar com precis\u00e3o e efici\u00eancia.<\/p>\n<p><strong>Foco na sustentabilidade e na seguran\u00e7a<\/strong><\/p>\n<p>Na Leite France, fazemos quest\u00e3o de garantir a seguran\u00e7a do operador e a durabilidade dos nossos produtos. \u00c9 por isso que a nossa broca de perfura\u00e7\u00e3o foi concebida para suportar as condi\u00e7\u00f5es mais exigentes, assegurando simultaneamente uma utiliza\u00e7\u00e3o segura.<\/p>\n<p><strong>Adaptabilidade sem paralelo<\/strong><\/p>\n<p>Quer esteja no sector da constru\u00e7\u00e3o, paisagismo, agricultura ou instala\u00e7\u00e3o de postes, a nossa broca de perfura\u00e7\u00e3o \u00e9 a ferramenta certa para si. Com a sua capacidade de perfurar uma grande variedade de tamanhos de furos, oferece-lhe uma versatilidade e flexibilidade inigual\u00e1veis.<\/p>\n<p><strong>Descubra o poder da broca de perfura\u00e7\u00e3o Leite<\/strong><\/p>\n<p>Enfrente qualquer desafio de perfura\u00e7\u00e3o com a broca de perfura\u00e7\u00e3o Leite LTH380 para mini-carregadoras. N\u00e3o deixe que a perfura\u00e7\u00e3o o atrase, escolha a solu\u00e7\u00e3o Leite.<\/p>\n<p>Para mais informa\u00e7\u00f5es, contacte-nos agora. A nossa equipa est\u00e1 pronta para o ajudar a tirar o m\u00e1ximo partido da sua mini carregadora com a nossa broca de perfura\u00e7\u00e3o.[\/et_pb_text][\/et_pb_column][\/et_pb_row][\/et_pb_section][et_pb_section fb_built=&#8221;1&#8243; _builder_version=&#8221;4.19.4&#8243; _module_preset=&#8221;default&#8221; background_color=&#8221;#E75F0D&#8221; custom_padding=&#8221;0px||0px|||&#8221; animation_style=&#8221;flip&#8221; global_colors_info=&#8221;{}&#8221;][et_pb_row column_structure=&#8221;3_5,2_5&#8243; _builder_version=&#8221;4.19.2&#8243; _module_preset=&#8221;default&#8221; custom_padding=&#8221;47px|||||&#8221; global_colors_info=&#8221;{}&#8221;][et_pb_column type=&#8221;3_5&#8243; _builder_version=&#8221;4.19.2&#8243; _module_preset=&#8221;default&#8221; global_colors_info=&#8221;{}&#8221;][\/et_pb_column][et_pb_column type=&#8221;2_5&#8243; _builder_version=&#8221;4.19.4&#8243; _module_preset=&#8221;default&#8221; global_colors_info=&#8221;{}&#8221;][et_pb_text _builder_version=&#8221;4.20.4&#8243; _module_preset=&#8221;default&#8221; text_font=&#8221;Oswald||||||||&#8221; text_text_color=&#8221;#FFFFFF&#8221; text_font_size=&#8221;30px&#8221; custom_padding=&#8221;||4px|||&#8221; global_colors_info=&#8221;{}&#8221;]<\/p>\n<p style=\"text-align: left;\">+ haste de perfura\u00e7\u00e3o<\/p>\n<p style=\"text-align: right;\">150 mm = 166 euros excl.<\/p>\n<p style=\"text-align: right;\">220 mm = \u20ac 218 excl.<\/p>\n<p style=\"text-align: right;\">300 mm = 252 \u20ac excl.<\/p>\n<p>[\/et_pb_text][\/et_pb_column][\/et_pb_row][\/et_pb_section]<\/p>\n","protected":false},"excerpt":{"rendered":"<p>&#8220;Leve a sua perfura\u00e7\u00e3o para o pr\u00f3ximo n\u00edvel com a broca de perfura\u00e7\u00e3o Leite&#8221;.Descubra um novo mundo de efic\u00e1cia e precis\u00e3o com a nossa broca de perfura\u00e7\u00e3o, concebida especificamente para as mini-carregadoras Leite LTH380. Esta ferramenta altamente especializada transforma a sua carregadora numa poderosa m\u00e1quina de perfura\u00e7\u00e3o, capaz de perfurar a terra com uma precis\u00e3o [&hellip;]<\/p>\n","protected":false},"featured_media":4239,"template":"","meta":{"_et_pb_use_builder":"on","_et_pb_old_content":"","_et_gb_content_width":""},"product_brand":[],"product_cat":[200,311,307],"product_tag":[],"class_list":{"0":"post-8217","1":"product","2":"type-product","3":"status-publish","4":"has-post-thumbnail","6":"product_cat-acessorios-do-mini-carregador","7":"product_cat-acessorios-mini-carregador-lth280","8":"product_cat-acessorios-mini-carregador-lth380","10":"first","11":"instock","12":"taxable","13":"shipping-taxable","14":"purchasable","15":"product-type-variable"},"yoast_head":"<!-- This site is optimized with the Yoast SEO plugin v27.3 - https:\/\/yoast.com\/product\/yoast-seo-wordpress\/ -->\n<title>Sem-fim de perfura\u00e7\u00e3o - Leite Europe<\/title>\n<meta name=\"description\" content=\"Mergulhe numa nova era de efici\u00eancia com a nossa broca de perfura\u00e7\u00e3o, feita \u00e0 medida para as mini carregadoras Leite LTH380.\" \/>\n<meta name=\"robots\" content=\"index, follow, max-snippet:-1, max-image-preview:large, max-video-preview:-1\" \/>\n<link rel=\"canonical\" href=\"https:\/\/leite-europa.com\/pt-pt\/produit\/tariere-de-forage\/\" \/>\n<meta property=\"og:locale\" content=\"pt_PT\" \/>\n<meta property=\"og:type\" content=\"article\" \/>\n<meta property=\"og:title\" content=\"Sem-fim de perfura\u00e7\u00e3o - Leite Europe\" \/>\n<meta property=\"og:description\" content=\"Mergulhe numa nova era de efici\u00eancia com a nossa broca de perfura\u00e7\u00e3o, feita \u00e0 medida para as mini carregadoras Leite LTH380.\" \/>\n<meta property=\"og:url\" content=\"https:\/\/leite-europa.com\/pt-pt\/produit\/tariere-de-forage\/\" \/>\n<meta property=\"og:site_name\" content=\"Leite Europe\" \/>\n<meta property=\"article:publisher\" content=\"https:\/\/www.facebook.com\/profile.php?id=100089192656837\" \/>\n<meta property=\"article:modified_time\" content=\"2024-07-29T08:56:52+00:00\" \/>\n<meta property=\"og:image\" content=\"https:\/\/leite-europa.com\/wp-content\/uploads\/2023\/07\/tariere.jpg\" \/>\n\t<meta property=\"og:image:width\" content=\"314\" \/>\n\t<meta property=\"og:image:height\" content=\"344\" \/>\n\t<meta property=\"og:image:type\" content=\"image\/jpeg\" \/>\n<meta name=\"twitter:card\" content=\"summary_large_image\" \/>\n<meta name=\"twitter:label1\" content=\"Tempo estimado de leitura\" \/>\n\t<meta name=\"twitter:data1\" content=\"3 minutos\" \/>\n<script type=\"application\/ld+json\" class=\"yoast-schema-graph\">{\"@context\":\"https:\\\/\\\/schema.org\",\"@graph\":[{\"@type\":\"WebPage\",\"@id\":\"https:\\\/\\\/leite-europa.com\\\/pt-pt\\\/produit\\\/tariere-de-forage\\\/\",\"url\":\"https:\\\/\\\/leite-europa.com\\\/pt-pt\\\/produit\\\/tariere-de-forage\\\/\",\"name\":\"Sem-fim de perfura\u00e7\u00e3o - Leite Europe\",\"isPartOf\":{\"@id\":\"https:\\\/\\\/leite-europa.com\\\/pt-pt\\\/#website\"},\"primaryImageOfPage\":{\"@id\":\"https:\\\/\\\/leite-europa.com\\\/pt-pt\\\/produit\\\/tariere-de-forage\\\/#primaryimage\"},\"image\":{\"@id\":\"https:\\\/\\\/leite-europa.com\\\/pt-pt\\\/produit\\\/tariere-de-forage\\\/#primaryimage\"},\"thumbnailUrl\":\"https:\\\/\\\/leite-europa.com\\\/wp-content\\\/uploads\\\/2023\\\/07\\\/tariere.jpg\",\"datePublished\":\"2023-11-07T10:49:14+00:00\",\"dateModified\":\"2024-07-29T08:56:52+00:00\",\"description\":\"Mergulhe numa nova era de efici\u00eancia com a nossa broca de perfura\u00e7\u00e3o, feita \u00e0 medida para as mini carregadoras Leite LTH380.\",\"breadcrumb\":{\"@id\":\"https:\\\/\\\/leite-europa.com\\\/pt-pt\\\/produit\\\/tariere-de-forage\\\/#breadcrumb\"},\"inLanguage\":\"pt-PT\",\"potentialAction\":[{\"@type\":\"ReadAction\",\"target\":[\"https:\\\/\\\/leite-europa.com\\\/pt-pt\\\/produit\\\/tariere-de-forage\\\/\"]}]},{\"@type\":\"ImageObject\",\"inLanguage\":\"pt-PT\",\"@id\":\"https:\\\/\\\/leite-europa.com\\\/pt-pt\\\/produit\\\/tariere-de-forage\\\/#primaryimage\",\"url\":\"https:\\\/\\\/leite-europa.com\\\/wp-content\\\/uploads\\\/2023\\\/07\\\/tariere.jpg\",\"contentUrl\":\"https:\\\/\\\/leite-europa.com\\\/wp-content\\\/uploads\\\/2023\\\/07\\\/tariere.jpg\",\"width\":314,\"height\":344,\"caption\":\"Sem-fim de perfura\u00e7\u00e3o\"},{\"@type\":\"BreadcrumbList\",\"@id\":\"https:\\\/\\\/leite-europa.com\\\/pt-pt\\\/produit\\\/tariere-de-forage\\\/#breadcrumb\",\"itemListElement\":[{\"@type\":\"ListItem\",\"position\":1,\"name\":\"Accueil\",\"item\":\"https:\\\/\\\/leite-europa.com\\\/pt-pt\\\/inicio\\\/\"},{\"@type\":\"ListItem\",\"position\":2,\"name\":\"Boutique\",\"item\":\"https:\\\/\\\/leite-europa.com\\\/fr\\\/boutique\\\/\"},{\"@type\":\"ListItem\",\"position\":3,\"name\":\"Sem-fim de perfura\u00e7\u00e3o\"}]},{\"@type\":\"WebSite\",\"@id\":\"https:\\\/\\\/leite-europa.com\\\/pt-pt\\\/#website\",\"url\":\"https:\\\/\\\/leite-europa.com\\\/pt-pt\\\/\",\"name\":\"Leite Europe\",\"description\":\"\",\"publisher\":{\"@id\":\"https:\\\/\\\/leite-europa.com\\\/pt-pt\\\/#organization\"},\"potentialAction\":[{\"@type\":\"SearchAction\",\"target\":{\"@type\":\"EntryPoint\",\"urlTemplate\":\"https:\\\/\\\/leite-europa.com\\\/pt-pt\\\/?s={search_term_string}\"},\"query-input\":{\"@type\":\"PropertyValueSpecification\",\"valueRequired\":true,\"valueName\":\"search_term_string\"}}],\"inLanguage\":\"pt-PT\"},{\"@type\":\"Organization\",\"@id\":\"https:\\\/\\\/leite-europa.com\\\/pt-pt\\\/#organization\",\"name\":\"Leite Europe\",\"url\":\"https:\\\/\\\/leite-europa.com\\\/pt-pt\\\/\",\"logo\":{\"@type\":\"ImageObject\",\"inLanguage\":\"pt-PT\",\"@id\":\"https:\\\/\\\/leite-europa.com\\\/pt-pt\\\/#\\\/schema\\\/logo\\\/image\\\/\",\"url\":\"https:\\\/\\\/leite-europa.com\\\/wp-content\\\/uploads\\\/2022\\\/12\\\/LOGO-LEITE.png\",\"contentUrl\":\"https:\\\/\\\/leite-europa.com\\\/wp-content\\\/uploads\\\/2022\\\/12\\\/LOGO-LEITE.png\",\"width\":1024,\"height\":512,\"caption\":\"Leite Europe\"},\"image\":{\"@id\":\"https:\\\/\\\/leite-europa.com\\\/pt-pt\\\/#\\\/schema\\\/logo\\\/image\\\/\"},\"sameAs\":[\"https:\\\/\\\/www.facebook.com\\\/profile.php?id=100089192656837\",\"https:\\\/\\\/www.instagram.com\\\/leite_france_minipelle\\\/\",\"https:\\\/\\\/www.linkedin.com\\\/company\\\/leite-france\\\/\"]}]}<\/script>\n<!-- \/ Yoast SEO plugin. -->","yoast_head_json":{"title":"Sem-fim de perfura\u00e7\u00e3o - Leite Europe","description":"Mergulhe numa nova era de efici\u00eancia com a nossa broca de perfura\u00e7\u00e3o, feita \u00e0 medida para as mini carregadoras Leite LTH380.","robots":{"index":"index","follow":"follow","max-snippet":"max-snippet:-1","max-image-preview":"max-image-preview:large","max-video-preview":"max-video-preview:-1"},"canonical":"https:\/\/leite-europa.com\/pt-pt\/produit\/tariere-de-forage\/","og_locale":"pt_PT","og_type":"article","og_title":"Sem-fim de perfura\u00e7\u00e3o - Leite Europe","og_description":"Mergulhe numa nova era de efici\u00eancia com a nossa broca de perfura\u00e7\u00e3o, feita \u00e0 medida para as mini carregadoras Leite LTH380.","og_url":"https:\/\/leite-europa.com\/pt-pt\/produit\/tariere-de-forage\/","og_site_name":"Leite Europe","article_publisher":"https:\/\/www.facebook.com\/profile.php?id=100089192656837","article_modified_time":"2024-07-29T08:56:52+00:00","og_image":[{"width":314,"height":344,"url":"https:\/\/leite-europa.com\/wp-content\/uploads\/2023\/07\/tariere.jpg","type":"image\/jpeg"}],"twitter_card":"summary_large_image","twitter_misc":{"Tempo estimado de leitura":"3 minutos"},"schema":{"@context":"https:\/\/schema.org","@graph":[{"@type":"WebPage","@id":"https:\/\/leite-europa.com\/pt-pt\/produit\/tariere-de-forage\/","url":"https:\/\/leite-europa.com\/pt-pt\/produit\/tariere-de-forage\/","name":"Sem-fim de perfura\u00e7\u00e3o - Leite Europe","isPartOf":{"@id":"https:\/\/leite-europa.com\/pt-pt\/#website"},"primaryImageOfPage":{"@id":"https:\/\/leite-europa.com\/pt-pt\/produit\/tariere-de-forage\/#primaryimage"},"image":{"@id":"https:\/\/leite-europa.com\/pt-pt\/produit\/tariere-de-forage\/#primaryimage"},"thumbnailUrl":"https:\/\/leite-europa.com\/wp-content\/uploads\/2023\/07\/tariere.jpg","datePublished":"2023-11-07T10:49:14+00:00","dateModified":"2024-07-29T08:56:52+00:00","description":"Mergulhe numa nova era de efici\u00eancia com a nossa broca de perfura\u00e7\u00e3o, feita \u00e0 medida para as mini carregadoras Leite LTH380.","breadcrumb":{"@id":"https:\/\/leite-europa.com\/pt-pt\/produit\/tariere-de-forage\/#breadcrumb"},"inLanguage":"pt-PT","potentialAction":[{"@type":"ReadAction","target":["https:\/\/leite-europa.com\/pt-pt\/produit\/tariere-de-forage\/"]}]},{"@type":"ImageObject","inLanguage":"pt-PT","@id":"https:\/\/leite-europa.com\/pt-pt\/produit\/tariere-de-forage\/#primaryimage","url":"https:\/\/leite-europa.com\/wp-content\/uploads\/2023\/07\/tariere.jpg","contentUrl":"https:\/\/leite-europa.com\/wp-content\/uploads\/2023\/07\/tariere.jpg","width":314,"height":344,"caption":"Sem-fim de perfura\u00e7\u00e3o"},{"@type":"BreadcrumbList","@id":"https:\/\/leite-europa.com\/pt-pt\/produit\/tariere-de-forage\/#breadcrumb","itemListElement":[{"@type":"ListItem","position":1,"name":"Accueil","item":"https:\/\/leite-europa.com\/pt-pt\/inicio\/"},{"@type":"ListItem","position":2,"name":"Boutique","item":"https:\/\/leite-europa.com\/fr\/boutique\/"},{"@type":"ListItem","position":3,"name":"Sem-fim de perfura\u00e7\u00e3o"}]},{"@type":"WebSite","@id":"https:\/\/leite-europa.com\/pt-pt\/#website","url":"https:\/\/leite-europa.com\/pt-pt\/","name":"Leite Europe","description":"","publisher":{"@id":"https:\/\/leite-europa.com\/pt-pt\/#organization"},"potentialAction":[{"@type":"SearchAction","target":{"@type":"EntryPoint","urlTemplate":"https:\/\/leite-europa.com\/pt-pt\/?s={search_term_string}"},"query-input":{"@type":"PropertyValueSpecification","valueRequired":true,"valueName":"search_term_string"}}],"inLanguage":"pt-PT"},{"@type":"Organization","@id":"https:\/\/leite-europa.com\/pt-pt\/#organization","name":"Leite Europe","url":"https:\/\/leite-europa.com\/pt-pt\/","logo":{"@type":"ImageObject","inLanguage":"pt-PT","@id":"https:\/\/leite-europa.com\/pt-pt\/#\/schema\/logo\/image\/","url":"https:\/\/leite-europa.com\/wp-content\/uploads\/2022\/12\/LOGO-LEITE.png","contentUrl":"https:\/\/leite-europa.com\/wp-content\/uploads\/2022\/12\/LOGO-LEITE.png","width":1024,"height":512,"caption":"Leite Europe"},"image":{"@id":"https:\/\/leite-europa.com\/pt-pt\/#\/schema\/logo\/image\/"},"sameAs":["https:\/\/www.facebook.com\/profile.php?id=100089192656837","https:\/\/www.instagram.com\/leite_france_minipelle\/","https:\/\/www.linkedin.com\/company\/leite-france\/"]}]}},"_links":{"self":[{"href":"https:\/\/leite-europa.com\/pt-pt\/wp-json\/wp\/v2\/product\/8217","targetHints":{"allow":["GET"]}}],"collection":[{"href":"https:\/\/leite-europa.com\/pt-pt\/wp-json\/wp\/v2\/product"}],"about":[{"href":"https:\/\/leite-europa.com\/pt-pt\/wp-json\/wp\/v2\/types\/product"}],"wp:featuredmedia":[{"embeddable":true,"href":"https:\/\/leite-europa.com\/pt-pt\/wp-json\/wp\/v2\/media\/4239"}],"wp:attachment":[{"href":"https:\/\/leite-europa.com\/pt-pt\/wp-json\/wp\/v2\/media?parent=8217"}],"wp:term":[{"taxonomy":"product_brand","embeddable":true,"href":"https:\/\/leite-europa.com\/pt-pt\/wp-json\/wp\/v2\/product_brand?post=8217"},{"taxonomy":"product_cat","embeddable":true,"href":"https:\/\/leite-europa.com\/pt-pt\/wp-json\/wp\/v2\/product_cat?post=8217"},{"taxonomy":"product_tag","embeddable":true,"href":"https:\/\/leite-europa.com\/pt-pt\/wp-json\/wp\/v2\/product_tag?post=8217"}],"curies":[{"name":"wp","href":"https:\/\/api.w.org\/{rel}","templated":true}]}}