{"id":8239,"date":"2023-11-07T14:17:29","date_gmt":"2023-11-07T13:17:29","guid":{"rendered":"https:\/\/leite-europa.com\/produit\/rolo-compressor-com-ponta\/"},"modified":"2024-04-17T15:48:35","modified_gmt":"2024-04-17T13:48:35","slug":"compressor-de-rolos-pontuais","status":"publish","type":"product","link":"https:\/\/leite-europa.com\/pt-pt\/produit\/compressor-de-rolos-pontuais\/","title":{"rendered":"Rolo compressor com ponta"},"content":{"rendered":"<p>[et_pb_section fb_built=&#8221;1&#8243; _builder_version=&#8221;4.19.2&#8243; _module_preset=&#8221;default&#8221; background_color=&#8221;#FFFFFF&#8221; custom_padding=&#8221;||4px|||&#8221; global_colors_info=&#8221;{}&#8221; theme_builder_area=&#8221;post_content&#8221;][et_pb_row column_structure=&#8221;1_2,1_2&#8243; _builder_version=&#8221;4.19.2&#8243; _module_preset=&#8221;default&#8221; global_colors_info=&#8221;{}&#8221; theme_builder_area=&#8221;post_content&#8221;][et_pb_column type=&#8221;1_2&#8243; _builder_version=&#8221;4.19.2&#8243; _module_preset=&#8221;default&#8221; global_colors_info=&#8221;{}&#8221; theme_builder_area=&#8221;post_content&#8221;][et_pb_gallery gallery_ids=&#8221;2181&#8243; fullwidth=&#8221;on&#8221; _builder_version=&#8221;4.20.4&#8243; _module_preset=&#8221;default&#8221; global_colors_info=&#8221;{}&#8221; theme_builder_area=&#8221;post_content&#8221;][\/et_pb_gallery][\/et_pb_column][et_pb_column type=&#8221;1_2&#8243; _builder_version=&#8221;4.19.2&#8243; _module_preset=&#8221;default&#8221; global_colors_info=&#8221;{}&#8221; theme_builder_area=&#8221;post_content&#8221;][et_pb_text _builder_version=&#8221;4.20.4&#8243; _module_preset=&#8221;default&#8221; text_line_height=&#8221;2em&#8221; header_2_text_color=&#8221;#E75F0D&#8221; global_colors_info=&#8221;{}&#8221; theme_builder_area=&#8221;post_content&#8221;]<\/p>\n<h2>&#8220;Melhore o seu relvado e os seus terrenos com precis\u00e3o e efic\u00e1cia&#8221;.<\/h2>\n<p>[\/et_pb_text][et_pb_text _builder_version=&#8221;4.20.4&#8243; _module_preset=&#8221;default&#8221; text_orientation=&#8221;justified&#8221; global_colors_info=&#8221;{}&#8221; theme_builder_area=&#8221;post_content&#8221;]<\/p>\n<p>Maximize as capacidades do seu mini-carregador Leite LTH380 com o nosso Rolo Compressor Spike, uma ferramenta concebida para aperfei\u00e7oar e facilitar os seus trabalhos de compacta\u00e7\u00e3o e arejamento do solo. Com a sua dupla funcionalidade, este acess\u00f3rio robusto e vers\u00e1til \u00e9 o seu trunfo para um trabalho de qualidade nos seus relvados.<\/p>\n<p>[\/et_pb_text][\/et_pb_column][\/et_pb_row][et_pb_row _builder_version=&#8221;4.20.4&#8243; _module_preset=&#8221;default&#8221; global_colors_info=&#8221;{}&#8221; theme_builder_area=&#8221;post_content&#8221;][et_pb_column type=&#8221;4_4&#8243; _builder_version=&#8221;4.20.4&#8243; _module_preset=&#8221;default&#8221; global_colors_info=&#8221;{}&#8221; theme_builder_area=&#8221;post_content&#8221;][et_pb_text _builder_version=&#8221;4.20.4&#8243; _module_preset=&#8221;default&#8221; global_colors_info=&#8221;{}&#8221; theme_builder_area=&#8221;post_content&#8221;]<\/p>\n<p><strong>Caracter\u00edsticas :<\/strong><\/p>\n<ul>\n<li>\n<p><strong>Compatibilidade:<\/strong> Perfeitamente adapt\u00e1vel \u00e0 sua mini-carregadora Leite LTH380, o Rolo Compressor com Pontas transforma a sua m\u00e1quina numa ferramenta multifuncional, capaz de responder eficazmente \u00e0s suas necessidades de compacta\u00e7\u00e3o e arejamento do solo.<\/p>\n<\/li>\n<li>\n<p><strong>Desempenho:<\/strong> Com a sua capacidade de compactar enquanto areja, este rolo proporciona uma prepara\u00e7\u00e3o uniforme e eficiente do solo, facilitando o desenvolvimento \u00f3timo de relvados e culturas.<\/p>\n<\/li>\n<li>\n<p><strong>Durabilidade:<\/strong> Fabricado com materiais de alta resist\u00eancia, o nosso rolo compressor com espig\u00e3o foi concebido para suportar as condi\u00e7\u00f5es de trabalho mais dif\u00edceis, garantindo um investimento duradouro.<\/p>\n<\/li>\n<\/ul>\n<p><strong>As vantagens do nosso rolo compressor com espiga :<\/strong><\/p>\n<ul>\n<li>\n<p><strong>Melhoria da qualidade do solo:<\/strong> Ao perfurar o solo enquanto o compacta, o nosso rolo compressor com espig\u00f5es facilita a circula\u00e7\u00e3o do ar, da \u00e1gua e dos nutrientes, promovendo a vitalidade dos seus relvados e planta\u00e7\u00f5es.<\/p>\n<\/li>\n<li>\n<p><strong>Efici\u00eancia:<\/strong> Ao combinar a compacta\u00e7\u00e3o e o arejamento numa \u00fanica opera\u00e7\u00e3o, optimiza o seu tempo e esfor\u00e7o, aumentando a sua produtividade.<\/p>\n<\/li>\n<li>\n<p><strong>Economia de custos:<\/strong> O rolo compressor com espig\u00f5es maximiza a utiliza\u00e7\u00e3o da sua mini-carregadora LTH380 Leite, evitando a necessidade de comprar equipamento especializado dispendioso.<\/p>\n<\/li>\n<\/ul>\n<p><strong>Conclus\u00e3o:<\/strong><\/p>\n<p>Efectue os seus trabalhos de prepara\u00e7\u00e3o do terreno com uma efic\u00e1cia e uma precis\u00e3o inigual\u00e1veis gra\u00e7as ao nosso rolo compressor de espig\u00f5es para a mini-carregadora LTH380 Leite. A sua a\u00e7\u00e3o combinada de compacta\u00e7\u00e3o e de arejamento prepara idealmente o seu terreno para qualquer projeto, favorecendo ao mesmo tempo a sa\u00fade do seu relvado. Invista no nosso Rolo Compressor de Unhas e desfrute de resultados excepcionais sempre que o utilizar.<\/p>\n<p>[\/et_pb_text][\/et_pb_column][\/et_pb_row][\/et_pb_section][et_pb_section fb_built=&#8221;1&#8243; _builder_version=&#8221;4.20.4&#8243; _module_preset=&#8221;default&#8221; global_colors_info=&#8221;{}&#8221; theme_builder_area=&#8221;post_content&#8221;][et_pb_row column_structure=&#8221;1_2,1_2&#8243; _builder_version=&#8221;4.20.4&#8243; _module_preset=&#8221;default&#8221; global_colors_info=&#8221;{}&#8221; theme_builder_area=&#8221;post_content&#8221;][et_pb_column type=&#8221;1_2&#8243; _builder_version=&#8221;4.20.4&#8243; _module_preset=&#8221;default&#8221; global_colors_info=&#8221;{}&#8221; theme_builder_area=&#8221;post_content&#8221;][et_pb_image src=&#8221;https:\/\/leite-france.fr\/wp-content\/uploads\/2023\/08\/0Q8A9372-1.jpg&#8221; alt=&#8221;Rolo compressor com ponta&#8221; title_text=&#8221;Rolo compressor com ponta&#8221; _builder_version=&#8221;4.20.4&#8243; _module_preset=&#8221;default&#8221; global_colors_info=&#8221;{}&#8221; theme_builder_area=&#8221;post_content&#8221;][\/et_pb_image][\/et_pb_column][et_pb_column type=&#8221;1_2&#8243; _builder_version=&#8221;4.20.4&#8243; _module_preset=&#8221;default&#8221; global_colors_info=&#8221;{}&#8221; theme_builder_area=&#8221;post_content&#8221;][et_pb_image src=&#8221;https:\/\/leite-france.fr\/wp-content\/uploads\/2023\/08\/0Q8A9353.jpg&#8221; alt=&#8221;Rolo compressor com ponta&#8221; title_text=&#8221;Rolo compressor com ponta&#8221; _builder_version=&#8221;4.20.4&#8243; _module_preset=&#8221;default&#8221; global_colors_info=&#8221;{}&#8221; theme_builder_area=&#8221;post_content&#8221;][\/et_pb_image][\/et_pb_column][\/et_pb_row][\/et_pb_section]<\/p>\n","protected":false},"excerpt":{"rendered":"<p>&#8220;Melhore o seu relvado e os seus terrenos com precis\u00e3o e efic\u00e1cia&#8221;.Maximize as capacidades do seu mini-carregador Leite LTH380 com o nosso Rolo Compressor Spike, uma ferramenta concebida para aperfei\u00e7oar e facilitar os seus trabalhos de compacta\u00e7\u00e3o e arejamento do solo. Com a sua dupla funcionalidade, este acess\u00f3rio robusto e vers\u00e1til \u00e9 o seu trunfo [&hellip;]<\/p>\n","protected":false},"featured_media":4363,"template":"","meta":{"_et_pb_use_builder":"on","_et_pb_old_content":"","_et_gb_content_width":""},"product_brand":[],"product_cat":[200,307],"product_tag":[],"class_list":{"0":"post-8239","1":"product","2":"type-product","3":"status-publish","4":"has-post-thumbnail","6":"product_cat-acessorios-do-mini-carregador","7":"product_cat-acessorios-mini-carregador-lth380","9":"first","10":"instock","11":"taxable","12":"shipping-taxable","13":"purchasable","14":"product-type-simple"},"yoast_head":"<!-- This site is optimized with the Yoast SEO plugin v27.3 - https:\/\/yoast.com\/product\/yoast-seo-wordpress\/ -->\n<title>Rolo compressor com ponta - Leite Europe<\/title>\n<meta name=\"description\" content=\"O nosso rolo compressor com espig\u00f5es \u00e9 um acess\u00f3rio concebido para aperfei\u00e7oar e facilitar os seus trabalhos de compacta\u00e7\u00e3o e arejamento do solo.\" \/>\n<meta name=\"robots\" content=\"index, follow, max-snippet:-1, max-image-preview:large, max-video-preview:-1\" \/>\n<link rel=\"canonical\" href=\"https:\/\/leite-europa.com\/pt-pt\/produit\/compressor-de-rolos-pontuais\/\" \/>\n<meta property=\"og:locale\" content=\"pt_PT\" \/>\n<meta property=\"og:type\" content=\"article\" \/>\n<meta property=\"og:title\" content=\"Rolo compressor com ponta - Leite Europe\" \/>\n<meta property=\"og:description\" content=\"O nosso rolo compressor com espig\u00f5es \u00e9 um acess\u00f3rio concebido para aperfei\u00e7oar e facilitar os seus trabalhos de compacta\u00e7\u00e3o e arejamento do solo.\" \/>\n<meta property=\"og:url\" content=\"https:\/\/leite-europa.com\/pt-pt\/produit\/compressor-de-rolos-pontuais\/\" \/>\n<meta property=\"og:site_name\" content=\"Leite Europe\" \/>\n<meta property=\"article:publisher\" content=\"https:\/\/www.facebook.com\/profile.php?id=100089192656837\" \/>\n<meta property=\"article:modified_time\" content=\"2024-04-17T13:48:35+00:00\" \/>\n<meta property=\"og:image\" content=\"https:\/\/leite-europa.com\/wp-content\/uploads\/2023\/08\/0Q8A9357.jpg\" \/>\n\t<meta property=\"og:image:width\" content=\"1920\" \/>\n\t<meta property=\"og:image:height\" content=\"1440\" \/>\n\t<meta property=\"og:image:type\" content=\"image\/jpeg\" \/>\n<meta name=\"twitter:card\" content=\"summary_large_image\" \/>\n<meta name=\"twitter:label1\" content=\"Tempo estimado de leitura\" \/>\n\t<meta name=\"twitter:data1\" content=\"4 minutos\" \/>\n<script type=\"application\/ld+json\" class=\"yoast-schema-graph\">{\"@context\":\"https:\\\/\\\/schema.org\",\"@graph\":[{\"@type\":\"WebPage\",\"@id\":\"https:\\\/\\\/leite-europa.com\\\/pt-pt\\\/produit\\\/compressor-de-rolos-pontuais\\\/\",\"url\":\"https:\\\/\\\/leite-europa.com\\\/pt-pt\\\/produit\\\/compressor-de-rolos-pontuais\\\/\",\"name\":\"Rolo compressor com ponta - Leite Europe\",\"isPartOf\":{\"@id\":\"https:\\\/\\\/leite-europa.com\\\/pt-pt\\\/#website\"},\"primaryImageOfPage\":{\"@id\":\"https:\\\/\\\/leite-europa.com\\\/pt-pt\\\/produit\\\/compressor-de-rolos-pontuais\\\/#primaryimage\"},\"image\":{\"@id\":\"https:\\\/\\\/leite-europa.com\\\/pt-pt\\\/produit\\\/compressor-de-rolos-pontuais\\\/#primaryimage\"},\"thumbnailUrl\":\"https:\\\/\\\/leite-europa.com\\\/wp-content\\\/uploads\\\/2023\\\/08\\\/0Q8A9357.jpg\",\"datePublished\":\"2023-11-07T13:17:29+00:00\",\"dateModified\":\"2024-04-17T13:48:35+00:00\",\"description\":\"O nosso rolo compressor com espig\u00f5es \u00e9 um acess\u00f3rio concebido para aperfei\u00e7oar e facilitar os seus trabalhos de compacta\u00e7\u00e3o e arejamento do solo.\",\"breadcrumb\":{\"@id\":\"https:\\\/\\\/leite-europa.com\\\/pt-pt\\\/produit\\\/compressor-de-rolos-pontuais\\\/#breadcrumb\"},\"inLanguage\":\"pt-PT\",\"potentialAction\":[{\"@type\":\"ReadAction\",\"target\":[\"https:\\\/\\\/leite-europa.com\\\/pt-pt\\\/produit\\\/compressor-de-rolos-pontuais\\\/\"]}]},{\"@type\":\"ImageObject\",\"inLanguage\":\"pt-PT\",\"@id\":\"https:\\\/\\\/leite-europa.com\\\/pt-pt\\\/produit\\\/compressor-de-rolos-pontuais\\\/#primaryimage\",\"url\":\"https:\\\/\\\/leite-europa.com\\\/wp-content\\\/uploads\\\/2023\\\/08\\\/0Q8A9357.jpg\",\"contentUrl\":\"https:\\\/\\\/leite-europa.com\\\/wp-content\\\/uploads\\\/2023\\\/08\\\/0Q8A9357.jpg\",\"width\":1920,\"height\":1440,\"caption\":\"Rolo compressor com ponta\"},{\"@type\":\"BreadcrumbList\",\"@id\":\"https:\\\/\\\/leite-europa.com\\\/pt-pt\\\/produit\\\/compressor-de-rolos-pontuais\\\/#breadcrumb\",\"itemListElement\":[{\"@type\":\"ListItem\",\"position\":1,\"name\":\"Accueil\",\"item\":\"https:\\\/\\\/leite-europa.com\\\/pt-pt\\\/inicio\\\/\"},{\"@type\":\"ListItem\",\"position\":2,\"name\":\"Boutique\",\"item\":\"https:\\\/\\\/leite-europa.com\\\/fr\\\/boutique\\\/\"},{\"@type\":\"ListItem\",\"position\":3,\"name\":\"Rolo compressor com ponta\"}]},{\"@type\":\"WebSite\",\"@id\":\"https:\\\/\\\/leite-europa.com\\\/pt-pt\\\/#website\",\"url\":\"https:\\\/\\\/leite-europa.com\\\/pt-pt\\\/\",\"name\":\"Leite Europe\",\"description\":\"\",\"publisher\":{\"@id\":\"https:\\\/\\\/leite-europa.com\\\/pt-pt\\\/#organization\"},\"potentialAction\":[{\"@type\":\"SearchAction\",\"target\":{\"@type\":\"EntryPoint\",\"urlTemplate\":\"https:\\\/\\\/leite-europa.com\\\/pt-pt\\\/?s={search_term_string}\"},\"query-input\":{\"@type\":\"PropertyValueSpecification\",\"valueRequired\":true,\"valueName\":\"search_term_string\"}}],\"inLanguage\":\"pt-PT\"},{\"@type\":\"Organization\",\"@id\":\"https:\\\/\\\/leite-europa.com\\\/pt-pt\\\/#organization\",\"name\":\"Leite Europe\",\"url\":\"https:\\\/\\\/leite-europa.com\\\/pt-pt\\\/\",\"logo\":{\"@type\":\"ImageObject\",\"inLanguage\":\"pt-PT\",\"@id\":\"https:\\\/\\\/leite-europa.com\\\/pt-pt\\\/#\\\/schema\\\/logo\\\/image\\\/\",\"url\":\"https:\\\/\\\/leite-europa.com\\\/wp-content\\\/uploads\\\/2022\\\/12\\\/LOGO-LEITE.png\",\"contentUrl\":\"https:\\\/\\\/leite-europa.com\\\/wp-content\\\/uploads\\\/2022\\\/12\\\/LOGO-LEITE.png\",\"width\":1024,\"height\":512,\"caption\":\"Leite Europe\"},\"image\":{\"@id\":\"https:\\\/\\\/leite-europa.com\\\/pt-pt\\\/#\\\/schema\\\/logo\\\/image\\\/\"},\"sameAs\":[\"https:\\\/\\\/www.facebook.com\\\/profile.php?id=100089192656837\",\"https:\\\/\\\/www.instagram.com\\\/leite_france_minipelle\\\/\",\"https:\\\/\\\/www.linkedin.com\\\/company\\\/leite-france\\\/\"]}]}<\/script>\n<!-- \/ Yoast SEO plugin. -->","yoast_head_json":{"title":"Rolo compressor com ponta - Leite Europe","description":"O nosso rolo compressor com espig\u00f5es \u00e9 um acess\u00f3rio concebido para aperfei\u00e7oar e facilitar os seus trabalhos de compacta\u00e7\u00e3o e arejamento do solo.","robots":{"index":"index","follow":"follow","max-snippet":"max-snippet:-1","max-image-preview":"max-image-preview:large","max-video-preview":"max-video-preview:-1"},"canonical":"https:\/\/leite-europa.com\/pt-pt\/produit\/compressor-de-rolos-pontuais\/","og_locale":"pt_PT","og_type":"article","og_title":"Rolo compressor com ponta - Leite Europe","og_description":"O nosso rolo compressor com espig\u00f5es \u00e9 um acess\u00f3rio concebido para aperfei\u00e7oar e facilitar os seus trabalhos de compacta\u00e7\u00e3o e arejamento do solo.","og_url":"https:\/\/leite-europa.com\/pt-pt\/produit\/compressor-de-rolos-pontuais\/","og_site_name":"Leite Europe","article_publisher":"https:\/\/www.facebook.com\/profile.php?id=100089192656837","article_modified_time":"2024-04-17T13:48:35+00:00","og_image":[{"width":1920,"height":1440,"url":"https:\/\/leite-europa.com\/wp-content\/uploads\/2023\/08\/0Q8A9357.jpg","type":"image\/jpeg"}],"twitter_card":"summary_large_image","twitter_misc":{"Tempo estimado de leitura":"4 minutos"},"schema":{"@context":"https:\/\/schema.org","@graph":[{"@type":"WebPage","@id":"https:\/\/leite-europa.com\/pt-pt\/produit\/compressor-de-rolos-pontuais\/","url":"https:\/\/leite-europa.com\/pt-pt\/produit\/compressor-de-rolos-pontuais\/","name":"Rolo compressor com ponta - Leite Europe","isPartOf":{"@id":"https:\/\/leite-europa.com\/pt-pt\/#website"},"primaryImageOfPage":{"@id":"https:\/\/leite-europa.com\/pt-pt\/produit\/compressor-de-rolos-pontuais\/#primaryimage"},"image":{"@id":"https:\/\/leite-europa.com\/pt-pt\/produit\/compressor-de-rolos-pontuais\/#primaryimage"},"thumbnailUrl":"https:\/\/leite-europa.com\/wp-content\/uploads\/2023\/08\/0Q8A9357.jpg","datePublished":"2023-11-07T13:17:29+00:00","dateModified":"2024-04-17T13:48:35+00:00","description":"O nosso rolo compressor com espig\u00f5es \u00e9 um acess\u00f3rio concebido para aperfei\u00e7oar e facilitar os seus trabalhos de compacta\u00e7\u00e3o e arejamento do solo.","breadcrumb":{"@id":"https:\/\/leite-europa.com\/pt-pt\/produit\/compressor-de-rolos-pontuais\/#breadcrumb"},"inLanguage":"pt-PT","potentialAction":[{"@type":"ReadAction","target":["https:\/\/leite-europa.com\/pt-pt\/produit\/compressor-de-rolos-pontuais\/"]}]},{"@type":"ImageObject","inLanguage":"pt-PT","@id":"https:\/\/leite-europa.com\/pt-pt\/produit\/compressor-de-rolos-pontuais\/#primaryimage","url":"https:\/\/leite-europa.com\/wp-content\/uploads\/2023\/08\/0Q8A9357.jpg","contentUrl":"https:\/\/leite-europa.com\/wp-content\/uploads\/2023\/08\/0Q8A9357.jpg","width":1920,"height":1440,"caption":"Rolo compressor com ponta"},{"@type":"BreadcrumbList","@id":"https:\/\/leite-europa.com\/pt-pt\/produit\/compressor-de-rolos-pontuais\/#breadcrumb","itemListElement":[{"@type":"ListItem","position":1,"name":"Accueil","item":"https:\/\/leite-europa.com\/pt-pt\/inicio\/"},{"@type":"ListItem","position":2,"name":"Boutique","item":"https:\/\/leite-europa.com\/fr\/boutique\/"},{"@type":"ListItem","position":3,"name":"Rolo compressor com ponta"}]},{"@type":"WebSite","@id":"https:\/\/leite-europa.com\/pt-pt\/#website","url":"https:\/\/leite-europa.com\/pt-pt\/","name":"Leite Europe","description":"","publisher":{"@id":"https:\/\/leite-europa.com\/pt-pt\/#organization"},"potentialAction":[{"@type":"SearchAction","target":{"@type":"EntryPoint","urlTemplate":"https:\/\/leite-europa.com\/pt-pt\/?s={search_term_string}"},"query-input":{"@type":"PropertyValueSpecification","valueRequired":true,"valueName":"search_term_string"}}],"inLanguage":"pt-PT"},{"@type":"Organization","@id":"https:\/\/leite-europa.com\/pt-pt\/#organization","name":"Leite Europe","url":"https:\/\/leite-europa.com\/pt-pt\/","logo":{"@type":"ImageObject","inLanguage":"pt-PT","@id":"https:\/\/leite-europa.com\/pt-pt\/#\/schema\/logo\/image\/","url":"https:\/\/leite-europa.com\/wp-content\/uploads\/2022\/12\/LOGO-LEITE.png","contentUrl":"https:\/\/leite-europa.com\/wp-content\/uploads\/2022\/12\/LOGO-LEITE.png","width":1024,"height":512,"caption":"Leite Europe"},"image":{"@id":"https:\/\/leite-europa.com\/pt-pt\/#\/schema\/logo\/image\/"},"sameAs":["https:\/\/www.facebook.com\/profile.php?id=100089192656837","https:\/\/www.instagram.com\/leite_france_minipelle\/","https:\/\/www.linkedin.com\/company\/leite-france\/"]}]}},"_links":{"self":[{"href":"https:\/\/leite-europa.com\/pt-pt\/wp-json\/wp\/v2\/product\/8239","targetHints":{"allow":["GET"]}}],"collection":[{"href":"https:\/\/leite-europa.com\/pt-pt\/wp-json\/wp\/v2\/product"}],"about":[{"href":"https:\/\/leite-europa.com\/pt-pt\/wp-json\/wp\/v2\/types\/product"}],"wp:featuredmedia":[{"embeddable":true,"href":"https:\/\/leite-europa.com\/pt-pt\/wp-json\/wp\/v2\/media\/4363"}],"wp:attachment":[{"href":"https:\/\/leite-europa.com\/pt-pt\/wp-json\/wp\/v2\/media?parent=8239"}],"wp:term":[{"taxonomy":"product_brand","embeddable":true,"href":"https:\/\/leite-europa.com\/pt-pt\/wp-json\/wp\/v2\/product_brand?post=8239"},{"taxonomy":"product_cat","embeddable":true,"href":"https:\/\/leite-europa.com\/pt-pt\/wp-json\/wp\/v2\/product_cat?post=8239"},{"taxonomy":"product_tag","embeddable":true,"href":"https:\/\/leite-europa.com\/pt-pt\/wp-json\/wp\/v2\/product_tag?post=8239"}],"curies":[{"name":"wp","href":"https:\/\/api.w.org\/{rel}","templated":true}]}}