{"id":8248,"date":"2023-11-07T14:29:23","date_gmt":"2023-11-07T13:29:23","guid":{"rendered":"https:\/\/leite-europa.com\/produit\/mudanca-de-dente\/"},"modified":"2024-05-15T09:25:27","modified_gmt":"2024-05-15T07:25:27","slug":"mossa-de-ripagem","status":"publish","type":"product","link":"https:\/\/leite-europa.com\/pt-pt\/produit\/mossa-de-ripagem\/","title":{"rendered":"Dente de substitui\u00e7ao"},"content":{"rendered":"<p>[et_pb_section fb_built=&#8221;1&#8243; _builder_version=&#8221;4.19.2&#8243; _module_preset=&#8221;default&#8221; background_color=&#8221;#FFFFFF&#8221; custom_padding=&#8221;||4px|||&#8221; global_colors_info=&#8221;{}&#8221; theme_builder_area=&#8221;post_content&#8221;][et_pb_row column_structure=&#8221;1_2,1_2&#8243; _builder_version=&#8221;4.19.2&#8243; _module_preset=&#8221;default&#8221; global_colors_info=&#8221;{}&#8221; theme_builder_area=&#8221;post_content&#8221;][et_pb_column type=&#8221;1_2&#8243; _builder_version=&#8221;4.19.2&#8243; _module_preset=&#8221;default&#8221; global_colors_info=&#8221;{}&#8221; theme_builder_area=&#8221;post_content&#8221;][et_pb_gallery gallery_ids=&#8221;1251&#8243; fullwidth=&#8221;on&#8221; _builder_version=&#8221;4.19.4&#8243; _module_preset=&#8221;default&#8221; global_colors_info=&#8221;{}&#8221; theme_builder_area=&#8221;post_content&#8221;][\/et_pb_gallery][\/et_pb_column][et_pb_column type=&#8221;1_2&#8243; _builder_version=&#8221;4.19.2&#8243; _module_preset=&#8221;default&#8221; global_colors_info=&#8221;{}&#8221; theme_builder_area=&#8221;post_content&#8221;][et_pb_text _builder_version=&#8221;4.19.4&#8243; _module_preset=&#8221;default&#8221; text_line_height=&#8221;2em&#8221; global_colors_info=&#8221;{}&#8221; theme_builder_area=&#8221;post_content&#8221;]<\/p>\n<h2><span style=\"color: #ff6600;\">&#8220;Uma solu\u00e7\u00e3o para penetrar em pavimentos duros&#8221;.<\/span><\/h2>\n<p>[\/et_pb_text][et_pb_text _builder_version=&#8221;4.19.4&#8243; _module_preset=&#8221;default&#8221; global_colors_info=&#8221;{}&#8221; theme_builder_area=&#8221;post_content&#8221;]<\/p>\n<div>\n<div>\n<p><span data-canva-clipboard=\"ewAiAGEAIgA6ADUALAAiAGQAIgA6ACIAQgAiACwAIgBoACIAOgAiAHcAdwB3AC4AYwBhAG4AdgBhAC4AYwBvAG0AIgAsACIAYwAiADoAIgBEAEEARgBYAFIAawBCAEoAdgA0ADAAIgAsACIAaQAiADoAIgBJADMAcgAxAFkATwB6AFYAaABVAGUARQBmAFkAQgBVAEQAYwA3AEkAZQBBACIALAAiAGIAIgA6ADEANgA3ADMANAAzADMANAAwADQANwA3ADAALAAiAEEAPwAiADoAIgBFACIALAAiAEEAIgA6AHsAIgBBACIAOgBbAHsAIgBBACIAOgB7ACIAQQA\/ACIAOgAiAEEAIgAsACIAQQAiADoAIgBOAG8AdAByAGUAIABkAGUAbgB0ACAAZABlACAAZADpAHIAbwBjAHQAYQBnAGUAIABwAG8AdQByACAAbQBpAG4AaQAgAHAAZQBsAGwAZQAgAEwARQBJAFQARQAgAGUAcwB0ACAAdQBuACAAYQBjAGMAZQBzAHMAbwBpAHIAZQAgAGMAbwBuAOcAdQAgAHAAbwB1AHIAIABhAHIAcgBhAGMAaABlAHIAIABsAGUAcwAgAGIAcgBvAHUAcwBzAGEAaQBsAGwAZQBzACAAZQB0ACAAbABlAHMAIAByAGEAYwBpAG4AZQBzACAAbABvAHIAcwAgAGQAZQAgAGwAJwBlAHgAYwBhAHYAYQB0AGkAbwBuAC4AXABuAEEAdQBzAHMAaQAgAGEAcABwAGUAbADpACAAZABlAG4AdAAgAGQAZQAgAHIAaQBwAGEAZwBlACAAbwB1ACAAcgBpAHAAcABlAHIALAAgAGMAZQB0ACAAYQBjAGMAZQBzAHMAbwBpAHIAZQAgAGUAcwB0ACAAdQB0AGkAbABpAHMA6QAgAHAAbwB1AHIAIABkAOkAZwBhAGcAZQByACAAZABlAHMAIABzAG8AbABzACAAZABpAGYAZgBpAGMAaQBsAGUAcwAgAG8AdQAgAHAAbwB1AHIAIABjAHIAZQB1AHMAZQByACAAZABlAHMAIAB0AHIAYQBuAGMAaADpAGUAcwAgAOkAdAByAG8AaQB0AGUAcwAuACAATABhACAAZABlAG4AdAAgAGQAZQAgAGQA6QByAG8AYwB0AGEAZwBlACAAZQBzAHQAIAB1AG4AZQAgAHAAaQDoAGMAZQAgAGQAJwDpAHEAdQBpAHAAZQBtAGUAbgB0ACAAZQBzAHMAZQBuAHQAaQBlAGwAbABlACAAcABvAHUAcgAgAGwAZQBzACAAdAByAGEAdgBhAHUAeAAgAGQAJwBlAHgAYwBhAHYAYQB0AGkAbwBuACAAZQB0ACAAZABlACAAYwBvAG4AcwB0AHIAdQBjAHQAaQBvAG4ALgAiAH0ALAAiAEIAIgA6AHsAIgBBACIAOgAiAFkAQQBEAEwAagBJADkAcQB4AFQAQQAsADAAIgAsACIASAAiADoAIgAtADAALgAwADMAMgBlAG0AIgAsACIASQAiADoAIgAxAC4AMQAyACIAfQB9AF0AfQB9AA==\" style=\"color: rgba(255, 255, 255, 0);\"><\/span><\/p>\n<div>\n<p><span style=\"color: #484f54;\">O nosso dente de escava\u00e7\u00e3o da mini-escavadora LEITE \u00e9 um acess\u00f3rio concebido para remover arbustos e ra\u00edzes durante a escava\u00e7\u00e3o. \u00c9 tamb\u00e9m conhecido como &#8220;ripper&#8221; ou &#8220;stump puller&#8221;.<\/span><\/p>\n<\/div>\n<div>\n<p><span style=\"color: #484f54;\">Tamb\u00e9m conhecido como dente de ripper, este acess\u00f3rio \u00e9 utilizado para limpar terrenos dif\u00edceis ou cavar valas estreitas.  <\/span><\/p>\n<p><span style=\"color: #484f54;\">O dente de escava\u00e7\u00e3o \u00e9 um equipamento essencial para os trabalhos de escava\u00e7\u00e3o e constru\u00e7\u00e3o.<\/span><\/p>\n<\/div>\n<\/div>\n<p><span data-canva-clipboard=\"ewAiAGEAIgA6ADUALAAiAGQAIgA6ACIAQgAiACwAIgBoACIAOgAiAHcAdwB3AC4AYwBhAG4AdgBhAC4AYwBvAG0AIgAsACIAYwAiADoAIgBEAEEARgBYAFIAawBCAEoAdgA0ADAAIgAsACIAaQAiADoAIgBJADMAcgAxAFkATwB6AFYAaABVAGUARQBmAFkAQgBVAEQAYwA3AEkAZQBBACIALAAiAGIAIgA6ADEANgA3ADMANAAzADMANAAwADQANwA3ADAALAAiAEEAPwAiADoAIgBFACIALAAiAEEAIgA6AHsAIgBBACIAOgBbAHsAIgBBACIAOgB7ACIAQQA\/ACIAOgAiAEEAIgAsACIAQQAiADoAIgBVAG4AZQAgAHQAYQByAGkA6AByAGUAIABwAG8AdQByACAAbQBpAG4AaQAgAHAAZQBsAGwAZQAgAGUAcwB0ACAAdQBuACAAbwB1AHQAaQBsACAAcgBvAGIAdQBzAHQAZQAgAGUAdAAgAHAAbwBsAHkAdgBhAGwAZQBuAHQAIABxAHUAaQAgAHAAZQByAG0AZQB0ACAAZABlACAAYwByAGUAdQBzAGUAcgAgAGQAZQBzACAAdAByAG8AdQBzACAAagB1AHMAcQB1ACcA4AAgADMAMAAgAGMAbQAgAGQAZQAgAHAAcgBvAGYAbwBuAGQAZQB1AHIALgAgAEkAbAAgAHAAZQByAG0AZQB0ACAAZABlACAAYwByAGUAdQBzAGUAcgAgAGQAZQBzACAAdAByAG8AdQBzACAAZABhAG4AcwAgAGwAZQAgAHMAbwBsACAAcABvAHUAcgAgAGwAYQAgAHAAbABhAG4AdABhAHQAaQBvAG4AIABkACcAYQByAGIAcgBlAHMALAAgAGwAJwBpAG4AcwB0AGEAbABsAGEAdABpAG8AbgAgAGQAJwDpAGMAbABhAGkAcgBhAGcAZQAgAHAAYQB5AHMAYQBnAGUAcgAsACAAbABhACAAbQBpAHMAZQAgAGUAbgAgAHAAbABhAGMAZQAgAGQAZQAgAGMAbAD0AHQAdQByAGUAcwAsACAAbABlACAAdABlAHIAcgBhAHMAcwBlAG0AZQBuAHQAIABlAHQAIABsAGUAIABjAHIAZQB1AHMAYQBnAGUAIABkAGUAIABwAHUAaQB0AHMALgAgAEwAZQBzACAAdABhAHIAaQDoAHIAZQBzACAAcABvAHUAcgAgAG0AaQBuAGkAIABwAGUAbABsAGUAIABzAG8AbgB0ACAAYwBvAG4A5wB1AGUAcwAgAHAAbwB1AHIAIADqAHQAcgBlACAAdQB0AGkAbABpAHMA6QBlAHMAIABhAHYAZQBjACAAZABlAHMAIABtAGkAbgBpACAAcABlAGwAbABlAHMALAAgAGUAdAAgAHMAbwBuAHQAIABjAG8AbgDnAHUAZQBzACAAcABvAHUAcgAgAG8AZgBmAHIAaQByACAAdQBuAGUAIABwAHIA6QBjAGkAcwBpAG8AbgAgAGUAdAAgAHUAbgBlACAAZgBhAGMAaQBsAGkAdADpACAAZAAnAHUAdABpAGwAaQBzAGEAdABpAG8AbgAgAG8AcAB0AGkAbQBhAGwAZQBzAC4AIgB9ACwAIgBCACIAOgB7ACIAQQAiADoAIgBZAEEARABMAGoASQA5AHEAeABUAEEALAAwACIALAAiAEgAIgA6ACIALQAwAC4AMAAzADIAZQBtACIALAAiAEkAIgA6ACIAMQAuADEAMgAiAH0AfQBdAH0AfQA=\" style=\"color: #484f54;\"><\/span><\/p>\n<\/div>\n<p>[\/et_pb_text][et_pb_text _builder_version=&#8221;4.19.4&#8243; _module_preset=&#8221;default&#8221; text_text_color=&#8221;#484F54&#8243; global_colors_info=&#8221;{}&#8221; theme_builder_area=&#8221;post_content&#8221;][\/et_pb_text][\/et_pb_column][\/et_pb_row][\/et_pb_section][et_pb_section fb_built=&#8221;1&#8243; _builder_version=&#8221;4.19.4&#8243; _module_preset=&#8221;default&#8221; background_color=&#8221;RGBA(255,255,255,0)&#8221; custom_padding=&#8221;2px||4px|||&#8221; global_colors_info=&#8221;{}&#8221; theme_builder_area=&#8221;post_content&#8221;][et_pb_row _builder_version=&#8221;4.19.4&#8243; _module_preset=&#8221;default&#8221; animation_direction=&#8221;bottom&#8221; global_colors_info=&#8221;{}&#8221; theme_builder_area=&#8221;post_content&#8221;][et_pb_column type=&#8221;4_4&#8243; _builder_version=&#8221;4.19.4&#8243; _module_preset=&#8221;default&#8221; global_colors_info=&#8221;{}&#8221; theme_builder_area=&#8221;post_content&#8221;][et_pb_gallery gallery_ids=&#8221;1250,1252,1253,1244,1249,1245,1248,1246,1247&#8243; fullwidth=&#8221;on&#8221; _builder_version=&#8221;4.19.4&#8243; _module_preset=&#8221;default&#8221; background_color=&#8221;RGBA(255,255,255,0)&#8221; auto=&#8221;on&#8221; auto_speed=&#8221;3000&#8243; global_colors_info=&#8221;{}&#8221; theme_builder_area=&#8221;post_content&#8221;][\/et_pb_gallery][\/et_pb_column][\/et_pb_row][\/et_pb_section]<\/p>\n","protected":false},"excerpt":{"rendered":"<p>&#8220;Uma solu\u00e7\u00e3o para penetrar em pavimentos duros&#8221;. O nosso dente de escava\u00e7\u00e3o da mini-escavadora LEITE \u00e9 um acess\u00f3rio concebido para remover arbustos e ra\u00edzes durante a escava\u00e7\u00e3o. \u00c9 tamb\u00e9m conhecido como &#8220;ripper&#8221; ou &#8220;stump puller&#8221;. Tamb\u00e9m conhecido como dente de ripper, este acess\u00f3rio \u00e9 utilizado para limpar terrenos dif\u00edceis ou cavar valas estreitas. O dente [&hellip;]<\/p>\n","protected":false},"featured_media":3891,"template":"","meta":{"_et_pb_use_builder":"on","_et_pb_old_content":"","_et_gb_content_width":""},"product_brand":[],"product_cat":[191,205,206,290],"product_tag":[],"class_list":{"0":"post-8248","1":"product","2":"type-product","3":"status-publish","4":"has-post-thumbnail","6":"product_cat-acessorios-para-mini-escavadoras","7":"product_cat-acessorios-para-mini-escavadoras-cl12s","8":"product_cat-acessorios-para-mini-escavadoras-cl18s","9":"product_cat-acessorios-para-miniescavadeiras-cl20","11":"first","12":"instock","13":"taxable","14":"shipping-taxable","15":"purchasable","16":"product-type-simple"},"yoast_head":"<!-- This site is optimized with the Yoast SEO plugin v27.3 - https:\/\/yoast.com\/product\/yoast-seo-wordpress\/ -->\n<title>Dente de substitui\u00e7ao - Leite Europe<\/title>\n<meta name=\"robots\" content=\"index, follow, max-snippet:-1, max-image-preview:large, max-video-preview:-1\" \/>\n<link rel=\"canonical\" href=\"https:\/\/leite-europa.com\/pt-pt\/produit\/mossa-de-ripagem\/\" \/>\n<meta property=\"og:locale\" content=\"pt_PT\" \/>\n<meta property=\"og:type\" content=\"article\" \/>\n<meta property=\"og:title\" content=\"Dente de substitui\u00e7ao - Leite Europe\" \/>\n<meta property=\"og:description\" content=\"&quot;Uma solu\u00e7\u00e3o para penetrar em pavimentos duros&quot;. O nosso dente de escava\u00e7\u00e3o da mini-escavadora LEITE \u00e9 um acess\u00f3rio concebido para remover arbustos e ra\u00edzes durante a escava\u00e7\u00e3o. \u00c9 tamb\u00e9m conhecido como &quot;ripper&quot; ou &quot;stump puller&quot;. Tamb\u00e9m conhecido como dente de ripper, este acess\u00f3rio \u00e9 utilizado para limpar terrenos dif\u00edceis ou cavar valas estreitas. O dente [&hellip;]\" \/>\n<meta property=\"og:url\" content=\"https:\/\/leite-europa.com\/pt-pt\/produit\/mossa-de-ripagem\/\" \/>\n<meta property=\"og:site_name\" content=\"Leite Europe\" \/>\n<meta property=\"article:publisher\" content=\"https:\/\/www.facebook.com\/profile.php?id=100089192656837\" \/>\n<meta property=\"article:modified_time\" content=\"2024-05-15T07:25:27+00:00\" \/>\n<meta property=\"og:image\" content=\"https:\/\/leite-europa.com\/wp-content\/uploads\/2023\/03\/IMG_2001.jpeg\" \/>\n\t<meta property=\"og:image:width\" content=\"1440\" \/>\n\t<meta property=\"og:image:height\" content=\"1920\" \/>\n\t<meta property=\"og:image:type\" content=\"image\/jpeg\" \/>\n<meta name=\"twitter:card\" content=\"summary_large_image\" \/>\n<meta name=\"twitter:label1\" content=\"Tempo estimado de leitura\" \/>\n\t<meta name=\"twitter:data1\" content=\"2 minutos\" \/>\n<script type=\"application\/ld+json\" class=\"yoast-schema-graph\">{\"@context\":\"https:\\\/\\\/schema.org\",\"@graph\":[{\"@type\":\"WebPage\",\"@id\":\"https:\\\/\\\/leite-europa.com\\\/pt-pt\\\/produit\\\/mossa-de-ripagem\\\/\",\"url\":\"https:\\\/\\\/leite-europa.com\\\/pt-pt\\\/produit\\\/mossa-de-ripagem\\\/\",\"name\":\"Dente de substitui\u00e7ao - Leite Europe\",\"isPartOf\":{\"@id\":\"https:\\\/\\\/leite-europa.com\\\/pt-pt\\\/#website\"},\"primaryImageOfPage\":{\"@id\":\"https:\\\/\\\/leite-europa.com\\\/pt-pt\\\/produit\\\/mossa-de-ripagem\\\/#primaryimage\"},\"image\":{\"@id\":\"https:\\\/\\\/leite-europa.com\\\/pt-pt\\\/produit\\\/mossa-de-ripagem\\\/#primaryimage\"},\"thumbnailUrl\":\"https:\\\/\\\/leite-europa.com\\\/wp-content\\\/uploads\\\/2023\\\/03\\\/IMG_2001.jpeg\",\"datePublished\":\"2023-11-07T13:29:23+00:00\",\"dateModified\":\"2024-05-15T07:25:27+00:00\",\"breadcrumb\":{\"@id\":\"https:\\\/\\\/leite-europa.com\\\/pt-pt\\\/produit\\\/mossa-de-ripagem\\\/#breadcrumb\"},\"inLanguage\":\"pt-PT\",\"potentialAction\":[{\"@type\":\"ReadAction\",\"target\":[\"https:\\\/\\\/leite-europa.com\\\/pt-pt\\\/produit\\\/mossa-de-ripagem\\\/\"]}]},{\"@type\":\"ImageObject\",\"inLanguage\":\"pt-PT\",\"@id\":\"https:\\\/\\\/leite-europa.com\\\/pt-pt\\\/produit\\\/mossa-de-ripagem\\\/#primaryimage\",\"url\":\"https:\\\/\\\/leite-europa.com\\\/wp-content\\\/uploads\\\/2023\\\/03\\\/IMG_2001.jpeg\",\"contentUrl\":\"https:\\\/\\\/leite-europa.com\\\/wp-content\\\/uploads\\\/2023\\\/03\\\/IMG_2001.jpeg\",\"width\":1440,\"height\":1920,\"caption\":\"Dente de raspador\"},{\"@type\":\"BreadcrumbList\",\"@id\":\"https:\\\/\\\/leite-europa.com\\\/pt-pt\\\/produit\\\/mossa-de-ripagem\\\/#breadcrumb\",\"itemListElement\":[{\"@type\":\"ListItem\",\"position\":1,\"name\":\"Accueil\",\"item\":\"https:\\\/\\\/leite-europa.com\\\/pt-pt\\\/inicio\\\/\"},{\"@type\":\"ListItem\",\"position\":2,\"name\":\"Boutique\",\"item\":\"https:\\\/\\\/leite-europa.com\\\/fr\\\/boutique\\\/\"},{\"@type\":\"ListItem\",\"position\":3,\"name\":\"Dente de substitui\u00e7ao\"}]},{\"@type\":\"WebSite\",\"@id\":\"https:\\\/\\\/leite-europa.com\\\/pt-pt\\\/#website\",\"url\":\"https:\\\/\\\/leite-europa.com\\\/pt-pt\\\/\",\"name\":\"Leite Europe\",\"description\":\"\",\"publisher\":{\"@id\":\"https:\\\/\\\/leite-europa.com\\\/pt-pt\\\/#organization\"},\"potentialAction\":[{\"@type\":\"SearchAction\",\"target\":{\"@type\":\"EntryPoint\",\"urlTemplate\":\"https:\\\/\\\/leite-europa.com\\\/pt-pt\\\/?s={search_term_string}\"},\"query-input\":{\"@type\":\"PropertyValueSpecification\",\"valueRequired\":true,\"valueName\":\"search_term_string\"}}],\"inLanguage\":\"pt-PT\"},{\"@type\":\"Organization\",\"@id\":\"https:\\\/\\\/leite-europa.com\\\/pt-pt\\\/#organization\",\"name\":\"Leite Europe\",\"url\":\"https:\\\/\\\/leite-europa.com\\\/pt-pt\\\/\",\"logo\":{\"@type\":\"ImageObject\",\"inLanguage\":\"pt-PT\",\"@id\":\"https:\\\/\\\/leite-europa.com\\\/pt-pt\\\/#\\\/schema\\\/logo\\\/image\\\/\",\"url\":\"https:\\\/\\\/leite-europa.com\\\/wp-content\\\/uploads\\\/2022\\\/12\\\/LOGO-LEITE.png\",\"contentUrl\":\"https:\\\/\\\/leite-europa.com\\\/wp-content\\\/uploads\\\/2022\\\/12\\\/LOGO-LEITE.png\",\"width\":1024,\"height\":512,\"caption\":\"Leite Europe\"},\"image\":{\"@id\":\"https:\\\/\\\/leite-europa.com\\\/pt-pt\\\/#\\\/schema\\\/logo\\\/image\\\/\"},\"sameAs\":[\"https:\\\/\\\/www.facebook.com\\\/profile.php?id=100089192656837\",\"https:\\\/\\\/www.instagram.com\\\/leite_france_minipelle\\\/\",\"https:\\\/\\\/www.linkedin.com\\\/company\\\/leite-france\\\/\"]}]}<\/script>\n<!-- \/ Yoast SEO plugin. -->","yoast_head_json":{"title":"Dente de substitui\u00e7ao - Leite Europe","robots":{"index":"index","follow":"follow","max-snippet":"max-snippet:-1","max-image-preview":"max-image-preview:large","max-video-preview":"max-video-preview:-1"},"canonical":"https:\/\/leite-europa.com\/pt-pt\/produit\/mossa-de-ripagem\/","og_locale":"pt_PT","og_type":"article","og_title":"Dente de substitui\u00e7ao - Leite Europe","og_description":"\"Uma solu\u00e7\u00e3o para penetrar em pavimentos duros\". O nosso dente de escava\u00e7\u00e3o da mini-escavadora LEITE \u00e9 um acess\u00f3rio concebido para remover arbustos e ra\u00edzes durante a escava\u00e7\u00e3o. \u00c9 tamb\u00e9m conhecido como \"ripper\" ou \"stump puller\". Tamb\u00e9m conhecido como dente de ripper, este acess\u00f3rio \u00e9 utilizado para limpar terrenos dif\u00edceis ou cavar valas estreitas. O dente [&hellip;]","og_url":"https:\/\/leite-europa.com\/pt-pt\/produit\/mossa-de-ripagem\/","og_site_name":"Leite Europe","article_publisher":"https:\/\/www.facebook.com\/profile.php?id=100089192656837","article_modified_time":"2024-05-15T07:25:27+00:00","og_image":[{"width":1440,"height":1920,"url":"https:\/\/leite-europa.com\/wp-content\/uploads\/2023\/03\/IMG_2001.jpeg","type":"image\/jpeg"}],"twitter_card":"summary_large_image","twitter_misc":{"Tempo estimado de leitura":"2 minutos"},"schema":{"@context":"https:\/\/schema.org","@graph":[{"@type":"WebPage","@id":"https:\/\/leite-europa.com\/pt-pt\/produit\/mossa-de-ripagem\/","url":"https:\/\/leite-europa.com\/pt-pt\/produit\/mossa-de-ripagem\/","name":"Dente de substitui\u00e7ao - Leite Europe","isPartOf":{"@id":"https:\/\/leite-europa.com\/pt-pt\/#website"},"primaryImageOfPage":{"@id":"https:\/\/leite-europa.com\/pt-pt\/produit\/mossa-de-ripagem\/#primaryimage"},"image":{"@id":"https:\/\/leite-europa.com\/pt-pt\/produit\/mossa-de-ripagem\/#primaryimage"},"thumbnailUrl":"https:\/\/leite-europa.com\/wp-content\/uploads\/2023\/03\/IMG_2001.jpeg","datePublished":"2023-11-07T13:29:23+00:00","dateModified":"2024-05-15T07:25:27+00:00","breadcrumb":{"@id":"https:\/\/leite-europa.com\/pt-pt\/produit\/mossa-de-ripagem\/#breadcrumb"},"inLanguage":"pt-PT","potentialAction":[{"@type":"ReadAction","target":["https:\/\/leite-europa.com\/pt-pt\/produit\/mossa-de-ripagem\/"]}]},{"@type":"ImageObject","inLanguage":"pt-PT","@id":"https:\/\/leite-europa.com\/pt-pt\/produit\/mossa-de-ripagem\/#primaryimage","url":"https:\/\/leite-europa.com\/wp-content\/uploads\/2023\/03\/IMG_2001.jpeg","contentUrl":"https:\/\/leite-europa.com\/wp-content\/uploads\/2023\/03\/IMG_2001.jpeg","width":1440,"height":1920,"caption":"Dente de raspador"},{"@type":"BreadcrumbList","@id":"https:\/\/leite-europa.com\/pt-pt\/produit\/mossa-de-ripagem\/#breadcrumb","itemListElement":[{"@type":"ListItem","position":1,"name":"Accueil","item":"https:\/\/leite-europa.com\/pt-pt\/inicio\/"},{"@type":"ListItem","position":2,"name":"Boutique","item":"https:\/\/leite-europa.com\/fr\/boutique\/"},{"@type":"ListItem","position":3,"name":"Dente de substitui\u00e7ao"}]},{"@type":"WebSite","@id":"https:\/\/leite-europa.com\/pt-pt\/#website","url":"https:\/\/leite-europa.com\/pt-pt\/","name":"Leite Europe","description":"","publisher":{"@id":"https:\/\/leite-europa.com\/pt-pt\/#organization"},"potentialAction":[{"@type":"SearchAction","target":{"@type":"EntryPoint","urlTemplate":"https:\/\/leite-europa.com\/pt-pt\/?s={search_term_string}"},"query-input":{"@type":"PropertyValueSpecification","valueRequired":true,"valueName":"search_term_string"}}],"inLanguage":"pt-PT"},{"@type":"Organization","@id":"https:\/\/leite-europa.com\/pt-pt\/#organization","name":"Leite Europe","url":"https:\/\/leite-europa.com\/pt-pt\/","logo":{"@type":"ImageObject","inLanguage":"pt-PT","@id":"https:\/\/leite-europa.com\/pt-pt\/#\/schema\/logo\/image\/","url":"https:\/\/leite-europa.com\/wp-content\/uploads\/2022\/12\/LOGO-LEITE.png","contentUrl":"https:\/\/leite-europa.com\/wp-content\/uploads\/2022\/12\/LOGO-LEITE.png","width":1024,"height":512,"caption":"Leite Europe"},"image":{"@id":"https:\/\/leite-europa.com\/pt-pt\/#\/schema\/logo\/image\/"},"sameAs":["https:\/\/www.facebook.com\/profile.php?id=100089192656837","https:\/\/www.instagram.com\/leite_france_minipelle\/","https:\/\/www.linkedin.com\/company\/leite-france\/"]}]}},"_links":{"self":[{"href":"https:\/\/leite-europa.com\/pt-pt\/wp-json\/wp\/v2\/product\/8248","targetHints":{"allow":["GET"]}}],"collection":[{"href":"https:\/\/leite-europa.com\/pt-pt\/wp-json\/wp\/v2\/product"}],"about":[{"href":"https:\/\/leite-europa.com\/pt-pt\/wp-json\/wp\/v2\/types\/product"}],"wp:featuredmedia":[{"embeddable":true,"href":"https:\/\/leite-europa.com\/pt-pt\/wp-json\/wp\/v2\/media\/3891"}],"wp:attachment":[{"href":"https:\/\/leite-europa.com\/pt-pt\/wp-json\/wp\/v2\/media?parent=8248"}],"wp:term":[{"taxonomy":"product_brand","embeddable":true,"href":"https:\/\/leite-europa.com\/pt-pt\/wp-json\/wp\/v2\/product_brand?post=8248"},{"taxonomy":"product_cat","embeddable":true,"href":"https:\/\/leite-europa.com\/pt-pt\/wp-json\/wp\/v2\/product_cat?post=8248"},{"taxonomy":"product_tag","embeddable":true,"href":"https:\/\/leite-europa.com\/pt-pt\/wp-json\/wp\/v2\/product_tag?post=8248"}],"curies":[{"name":"wp","href":"https:\/\/api.w.org\/{rel}","templated":true}]}}