{"id":8249,"date":"2023-11-07T14:23:17","date_gmt":"2023-11-07T13:23:17","guid":{"rendered":"https:\/\/leite-europa.com\/produit\/triturador-de-legumes\/"},"modified":"2024-04-17T15:46:09","modified_gmt":"2024-04-17T13:46:09","slug":"triturador-de-legumes","status":"publish","type":"product","link":"https:\/\/leite-europa.com\/pt-pt\/produit\/triturador-de-legumes\/","title":{"rendered":"Triturador de legumes"},"content":{"rendered":"<p>[et_pb_section fb_built=&#8221;1&#8243; _builder_version=&#8221;4.19.2&#8243; _module_preset=&#8221;default&#8221; background_color=&#8221;#FFFFFF&#8221; custom_padding=&#8221;||4px|||&#8221; global_colors_info=&#8221;{}&#8221; theme_builder_area=&#8221;post_content&#8221;][et_pb_row column_structure=&#8221;1_2,1_2&#8243; _builder_version=&#8221;4.19.2&#8243; _module_preset=&#8221;default&#8221; global_colors_info=&#8221;{}&#8221; theme_builder_area=&#8221;post_content&#8221;][et_pb_column type=&#8221;1_2&#8243; _builder_version=&#8221;4.19.2&#8243; _module_preset=&#8221;default&#8221; global_colors_info=&#8221;{}&#8221; theme_builder_area=&#8221;post_content&#8221;][et_pb_gallery gallery_ids=&#8221;2554&#8243; fullwidth=&#8221;on&#8221; _builder_version=&#8221;4.22.1&#8243; _module_preset=&#8221;default&#8221; global_colors_info=&#8221;{}&#8221; theme_builder_area=&#8221;post_content&#8221;][\/et_pb_gallery][\/et_pb_column][et_pb_column type=&#8221;1_2&#8243; _builder_version=&#8221;4.19.2&#8243; _module_preset=&#8221;default&#8221; global_colors_info=&#8221;{}&#8221; theme_builder_area=&#8221;post_content&#8221;][et_pb_text _builder_version=&#8221;4.22.1&#8243; _module_preset=&#8221;default&#8221; text_line_height=&#8221;2em&#8221; header_2_text_color=&#8221;#E75F0D&#8221; global_colors_info=&#8221;{}&#8221; theme_builder_area=&#8221;post_content&#8221;]<\/p>\n<h2>&#8220;Um aliado multifuncional para os seus espa\u00e7os verdes<\/h2>\n<p>[\/et_pb_text][et_pb_text _builder_version=&#8221;4.22.1&#8243; _module_preset=&#8221;default&#8221; text_orientation=&#8221;justified&#8221; global_colors_info=&#8221;{}&#8221; theme_builder_area=&#8221;post_content&#8221;]<\/p>\n<p>O triturador \u00e9 muito mais do que um simples acess\u00f3rio para a sua mini carregadora Leite LTH380. Trata-se de uma ferramenta multifuncional concebida para transformar a forma como gere e mant\u00e9m os seus espa\u00e7os verdes.<\/p>\n<p><strong>Especifica\u00e7\u00f5es t\u00e9cnicas :<\/strong><\/p>\n<ul>\n<li><strong>Dimens\u00f5es:<\/strong> Com um comprimento de 900mm, uma largura de 750mm e uma altura de 800mm, o seu design compacto permite uma f\u00e1cil integra\u00e7\u00e3o com o mini carregador.<\/li>\n<li><strong>Peso:<\/strong> Com um peso de 125 kg, combina robustez e manobrabilidade.<\/li>\n<li><strong>Di\u00e2metro dos ramos:<\/strong> A sua capacidade de triturar ramos de 10 mm a 50 mm de di\u00e2metro torna-o extremamente vers\u00e1til.<\/li>\n<\/ul>\n<p>[\/et_pb_text][\/et_pb_column][\/et_pb_row][et_pb_row _builder_version=&#8221;4.20.4&#8243; _module_preset=&#8221;default&#8221; global_colors_info=&#8221;{}&#8221; theme_builder_area=&#8221;post_content&#8221;][et_pb_column type=&#8221;4_4&#8243; _builder_version=&#8221;4.20.4&#8243; _module_preset=&#8221;default&#8221; global_colors_info=&#8221;{}&#8221; theme_builder_area=&#8221;post_content&#8221;][et_pb_text _builder_version=&#8221;4.22.1&#8243; _module_preset=&#8221;default&#8221; global_colors_info=&#8221;{}&#8221; theme_builder_area=&#8221;post_content&#8221;]<\/p>\n<p><strong>Utiliza\u00e7\u00f5es m\u00faltiplas :<\/strong><\/p>\n<ol>\n<li><strong>Reciclagem de res\u00edduos vegetais:<\/strong> em vez de deitar fora os res\u00edduos vegetais, transforme-os em adubo ou composto. A tritura\u00e7\u00e3o acelera o processo de decomposi\u00e7\u00e3o, fornecendo um fertilizante natural rico para as suas plantas.<\/li>\n<li><strong>Limpeza ap\u00f3s a poda:<\/strong> Ap\u00f3s a poda das suas \u00e1rvores, o triturador facilita a limpeza, reduzindo o volume dos ramos. N\u00e3o h\u00e1 necessidade de fazer v\u00e1rias viagens ao aterro sanit\u00e1rio.<\/li>\n<li><strong>Cria\u00e7\u00e3o de caminhos:<\/strong> As aparas de madeira produzidas podem ser utilizadas para criar caminhos naturais no seu jardim, oferecendo uma alternativa est\u00e9tica \u00e0s pedras de pavimenta\u00e7\u00e3o ou \u00e0 gravilha.<\/li>\n<li><strong>Prote\u00e7\u00e3o das plantas:<\/strong> No inverno, a cobertura vegetal proveniente da tritura\u00e7\u00e3o pode ser utilizada para proteger as ra\u00edzes das plantas das geadas.<\/li>\n<li><strong>Evitar o crescimento de ervas daninhas:<\/strong> Uma camada de cobertura vegetal \u00e0 volta das plantas pode evitar o crescimento de ervas daninhas, reduzindo a necessidade de monda.<\/li>\n<\/ol>\n<p>O triturador de plantas para a mini-carregadora Leite LTH380 \u00e9 um bom investimento para quem deseja otimizar a manuten\u00e7\u00e3o dos seus espa\u00e7os verdes. Seja para reciclar, limpar ou proteger, este acess\u00f3rio \u00e9 a solu\u00e7\u00e3o para muitos desafios de jardinagem. O seu design robusto e a sua capacidade de lidar com uma variedade de di\u00e2metros de ramos fazem dele uma ferramenta indispens\u00e1vel tanto para os profissionais como para os entusiastas da jardinagem.<\/p>\n<p>[\/et_pb_text][\/et_pb_column][\/et_pb_row][\/et_pb_section][et_pb_section fb_built=&#8221;1&#8243; _builder_version=&#8221;4.20.4&#8243; _module_preset=&#8221;default&#8221; global_colors_info=&#8221;{}&#8221; theme_builder_area=&#8221;post_content&#8221;][et_pb_row column_structure=&#8221;1_2,1_2&#8243; _builder_version=&#8221;4.20.4&#8243; _module_preset=&#8221;default&#8221; global_colors_info=&#8221;{}&#8221; theme_builder_area=&#8221;post_content&#8221;][et_pb_column type=&#8221;1_2&#8243; _builder_version=&#8221;4.20.4&#8243; _module_preset=&#8221;default&#8221; global_colors_info=&#8221;{}&#8221; theme_builder_area=&#8221;post_content&#8221;][et_pb_image src=&#8221;https:\/\/leite-france.fr\/wp-content\/uploads\/2023\/09\/0Q8A2139.jpg&#8221; alt=&#8221;Mini-carregador de triturador de plantas LTH380 Leite&#8221; title_text=&#8221;Mini-carregador de triturador de plantas LTH380 Leite&#8221; _builder_version=&#8221;4.22.1&#8243; _module_preset=&#8221;default&#8221; global_colors_info=&#8221;{}&#8221; theme_builder_area=&#8221;post_content&#8221;][\/et_pb_image][\/et_pb_column][et_pb_column type=&#8221;1_2&#8243; _builder_version=&#8221;4.20.4&#8243; _module_preset=&#8221;default&#8221; global_colors_info=&#8221;{}&#8221; theme_builder_area=&#8221;post_content&#8221;][et_pb_image src=&#8221;https:\/\/leite-france.fr\/wp-content\/uploads\/2023\/09\/0Q8A2141.jpg&#8221; alt=&#8221;Mini-carregador de triturador de plantas LTH380 Leite&#8221; title_text=&#8221;Mini-carregador de triturador de plantas LTH380 Leite&#8221; _builder_version=&#8221;4.22.1&#8243; _module_preset=&#8221;default&#8221; global_colors_info=&#8221;{}&#8221; theme_builder_area=&#8221;post_content&#8221;][\/et_pb_image][\/et_pb_column][\/et_pb_row][\/et_pb_section]<\/p>\n","protected":false},"excerpt":{"rendered":"<p>&#8220;Um aliado multifuncional para os seus espa\u00e7os verdesO triturador \u00e9 muito mais do que um simples acess\u00f3rio para a sua mini carregadora Leite LTH380. Trata-se de uma ferramenta multifuncional concebida para transformar a forma como gere e mant\u00e9m os seus espa\u00e7os verdes. Especifica\u00e7\u00f5es t\u00e9cnicas : Dimens\u00f5es: Com um comprimento de 900mm, uma largura de 750mm [&hellip;]<\/p>\n","protected":false},"featured_media":10340,"template":"","meta":{"_et_pb_use_builder":"on","_et_pb_old_content":"","_et_gb_content_width":""},"product_brand":[],"product_cat":[200,307],"product_tag":[],"class_list":{"0":"post-8249","1":"product","2":"type-product","3":"status-publish","4":"has-post-thumbnail","6":"product_cat-acessorios-do-mini-carregador","7":"product_cat-acessorios-mini-carregador-lth380","9":"first","10":"instock","11":"taxable","12":"shipping-taxable","13":"purchasable","14":"product-type-simple"},"yoast_head":"<!-- This site is optimized with the Yoast SEO plugin v27.4 - https:\/\/yoast.com\/product\/yoast-seo-wordpress\/ -->\n<title>Triturador de legumes - Leite Europe<\/title>\n<meta name=\"description\" content=\"O triturador de plantas \u00e9 o acess\u00f3rio ideal para a sua mini carregadora Leite LTH380, para triturar ramos e res\u00edduos vegetais.\" \/>\n<meta name=\"robots\" content=\"index, follow, max-snippet:-1, max-image-preview:large, max-video-preview:-1\" \/>\n<link rel=\"canonical\" href=\"https:\/\/leite-europa.com\/pt-pt\/produit\/triturador-de-legumes\/\" \/>\n<meta property=\"og:locale\" content=\"pt_PT\" \/>\n<meta property=\"og:type\" content=\"article\" \/>\n<meta property=\"og:title\" content=\"Triturador de legumes - Leite Europe\" \/>\n<meta property=\"og:description\" content=\"O triturador de plantas \u00e9 o acess\u00f3rio ideal para a sua mini carregadora Leite LTH380, para triturar ramos e res\u00edduos vegetais.\" \/>\n<meta property=\"og:url\" content=\"https:\/\/leite-europa.com\/pt-pt\/produit\/triturador-de-legumes\/\" \/>\n<meta property=\"og:site_name\" content=\"Leite Europe\" \/>\n<meta property=\"article:publisher\" content=\"https:\/\/www.facebook.com\/profile.php?id=100089192656837\" \/>\n<meta property=\"article:modified_time\" content=\"2024-04-17T13:46:09+00:00\" \/>\n<meta property=\"og:image\" content=\"https:\/\/leite-europa.com\/wp-content\/uploads\/2023\/11\/Broyeur-de-vegetaux.png\" \/>\n\t<meta property=\"og:image:width\" content=\"1080\" \/>\n\t<meta property=\"og:image:height\" content=\"1080\" \/>\n\t<meta property=\"og:image:type\" content=\"image\/png\" \/>\n<meta name=\"twitter:card\" content=\"summary_large_image\" \/>\n<meta name=\"twitter:label1\" content=\"Tempo estimado de leitura\" \/>\n\t<meta name=\"twitter:data1\" content=\"4 minutos\" \/>\n<script type=\"application\/ld+json\" class=\"yoast-schema-graph\">{\"@context\":\"https:\\\/\\\/schema.org\",\"@graph\":[{\"@type\":\"WebPage\",\"@id\":\"https:\\\/\\\/leite-europa.com\\\/pt-pt\\\/produit\\\/triturador-de-legumes\\\/\",\"url\":\"https:\\\/\\\/leite-europa.com\\\/pt-pt\\\/produit\\\/triturador-de-legumes\\\/\",\"name\":\"Triturador de legumes - Leite Europe\",\"isPartOf\":{\"@id\":\"https:\\\/\\\/leite-europa.com\\\/pt-pt\\\/#website\"},\"primaryImageOfPage\":{\"@id\":\"https:\\\/\\\/leite-europa.com\\\/pt-pt\\\/produit\\\/triturador-de-legumes\\\/#primaryimage\"},\"image\":{\"@id\":\"https:\\\/\\\/leite-europa.com\\\/pt-pt\\\/produit\\\/triturador-de-legumes\\\/#primaryimage\"},\"thumbnailUrl\":\"https:\\\/\\\/leite-europa.com\\\/wp-content\\\/uploads\\\/2023\\\/11\\\/Broyeur-de-vegetaux.png\",\"datePublished\":\"2023-11-07T13:23:17+00:00\",\"dateModified\":\"2024-04-17T13:46:09+00:00\",\"description\":\"O triturador de plantas \u00e9 o acess\u00f3rio ideal para a sua mini carregadora Leite LTH380, para triturar ramos e res\u00edduos vegetais.\",\"breadcrumb\":{\"@id\":\"https:\\\/\\\/leite-europa.com\\\/pt-pt\\\/produit\\\/triturador-de-legumes\\\/#breadcrumb\"},\"inLanguage\":\"pt-PT\",\"potentialAction\":[{\"@type\":\"ReadAction\",\"target\":[\"https:\\\/\\\/leite-europa.com\\\/pt-pt\\\/produit\\\/triturador-de-legumes\\\/\"]}]},{\"@type\":\"ImageObject\",\"inLanguage\":\"pt-PT\",\"@id\":\"https:\\\/\\\/leite-europa.com\\\/pt-pt\\\/produit\\\/triturador-de-legumes\\\/#primaryimage\",\"url\":\"https:\\\/\\\/leite-europa.com\\\/wp-content\\\/uploads\\\/2023\\\/11\\\/Broyeur-de-vegetaux.png\",\"contentUrl\":\"https:\\\/\\\/leite-europa.com\\\/wp-content\\\/uploads\\\/2023\\\/11\\\/Broyeur-de-vegetaux.png\",\"width\":1080,\"height\":1080},{\"@type\":\"BreadcrumbList\",\"@id\":\"https:\\\/\\\/leite-europa.com\\\/pt-pt\\\/produit\\\/triturador-de-legumes\\\/#breadcrumb\",\"itemListElement\":[{\"@type\":\"ListItem\",\"position\":1,\"name\":\"Accueil\",\"item\":\"https:\\\/\\\/leite-europa.com\\\/pt-pt\\\/inicio\\\/\"},{\"@type\":\"ListItem\",\"position\":2,\"name\":\"Boutique\",\"item\":\"https:\\\/\\\/leite-europa.com\\\/fr\\\/boutique\\\/\"},{\"@type\":\"ListItem\",\"position\":3,\"name\":\"Triturador de legumes\"}]},{\"@type\":\"WebSite\",\"@id\":\"https:\\\/\\\/leite-europa.com\\\/pt-pt\\\/#website\",\"url\":\"https:\\\/\\\/leite-europa.com\\\/pt-pt\\\/\",\"name\":\"Leite Europe\",\"description\":\"\",\"publisher\":{\"@id\":\"https:\\\/\\\/leite-europa.com\\\/pt-pt\\\/#organization\"},\"potentialAction\":[{\"@type\":\"SearchAction\",\"target\":{\"@type\":\"EntryPoint\",\"urlTemplate\":\"https:\\\/\\\/leite-europa.com\\\/pt-pt\\\/?s={search_term_string}\"},\"query-input\":{\"@type\":\"PropertyValueSpecification\",\"valueRequired\":true,\"valueName\":\"search_term_string\"}}],\"inLanguage\":\"pt-PT\"},{\"@type\":\"Organization\",\"@id\":\"https:\\\/\\\/leite-europa.com\\\/pt-pt\\\/#organization\",\"name\":\"Leite Europe\",\"url\":\"https:\\\/\\\/leite-europa.com\\\/pt-pt\\\/\",\"logo\":{\"@type\":\"ImageObject\",\"inLanguage\":\"pt-PT\",\"@id\":\"https:\\\/\\\/leite-europa.com\\\/pt-pt\\\/#\\\/schema\\\/logo\\\/image\\\/\",\"url\":\"https:\\\/\\\/leite-europa.com\\\/wp-content\\\/uploads\\\/2022\\\/12\\\/LOGO-LEITE.png\",\"contentUrl\":\"https:\\\/\\\/leite-europa.com\\\/wp-content\\\/uploads\\\/2022\\\/12\\\/LOGO-LEITE.png\",\"width\":1024,\"height\":512,\"caption\":\"Leite Europe\"},\"image\":{\"@id\":\"https:\\\/\\\/leite-europa.com\\\/pt-pt\\\/#\\\/schema\\\/logo\\\/image\\\/\"},\"sameAs\":[\"https:\\\/\\\/www.facebook.com\\\/profile.php?id=100089192656837\",\"https:\\\/\\\/www.instagram.com\\\/leite_france_minipelle\\\/\",\"https:\\\/\\\/www.linkedin.com\\\/company\\\/leite-france\\\/\"]}]}<\/script>\n<!-- \/ Yoast SEO plugin. -->","yoast_head_json":{"title":"Triturador de legumes - Leite Europe","description":"O triturador de plantas \u00e9 o acess\u00f3rio ideal para a sua mini carregadora Leite LTH380, para triturar ramos e res\u00edduos vegetais.","robots":{"index":"index","follow":"follow","max-snippet":"max-snippet:-1","max-image-preview":"max-image-preview:large","max-video-preview":"max-video-preview:-1"},"canonical":"https:\/\/leite-europa.com\/pt-pt\/produit\/triturador-de-legumes\/","og_locale":"pt_PT","og_type":"article","og_title":"Triturador de legumes - Leite Europe","og_description":"O triturador de plantas \u00e9 o acess\u00f3rio ideal para a sua mini carregadora Leite LTH380, para triturar ramos e res\u00edduos vegetais.","og_url":"https:\/\/leite-europa.com\/pt-pt\/produit\/triturador-de-legumes\/","og_site_name":"Leite Europe","article_publisher":"https:\/\/www.facebook.com\/profile.php?id=100089192656837","article_modified_time":"2024-04-17T13:46:09+00:00","og_image":[{"width":1080,"height":1080,"url":"https:\/\/leite-europa.com\/wp-content\/uploads\/2023\/11\/Broyeur-de-vegetaux.png","type":"image\/png"}],"twitter_card":"summary_large_image","twitter_misc":{"Tempo estimado de leitura":"4 minutos"},"schema":{"@context":"https:\/\/schema.org","@graph":[{"@type":"WebPage","@id":"https:\/\/leite-europa.com\/pt-pt\/produit\/triturador-de-legumes\/","url":"https:\/\/leite-europa.com\/pt-pt\/produit\/triturador-de-legumes\/","name":"Triturador de legumes - Leite Europe","isPartOf":{"@id":"https:\/\/leite-europa.com\/pt-pt\/#website"},"primaryImageOfPage":{"@id":"https:\/\/leite-europa.com\/pt-pt\/produit\/triturador-de-legumes\/#primaryimage"},"image":{"@id":"https:\/\/leite-europa.com\/pt-pt\/produit\/triturador-de-legumes\/#primaryimage"},"thumbnailUrl":"https:\/\/leite-europa.com\/wp-content\/uploads\/2023\/11\/Broyeur-de-vegetaux.png","datePublished":"2023-11-07T13:23:17+00:00","dateModified":"2024-04-17T13:46:09+00:00","description":"O triturador de plantas \u00e9 o acess\u00f3rio ideal para a sua mini carregadora Leite LTH380, para triturar ramos e res\u00edduos vegetais.","breadcrumb":{"@id":"https:\/\/leite-europa.com\/pt-pt\/produit\/triturador-de-legumes\/#breadcrumb"},"inLanguage":"pt-PT","potentialAction":[{"@type":"ReadAction","target":["https:\/\/leite-europa.com\/pt-pt\/produit\/triturador-de-legumes\/"]}]},{"@type":"ImageObject","inLanguage":"pt-PT","@id":"https:\/\/leite-europa.com\/pt-pt\/produit\/triturador-de-legumes\/#primaryimage","url":"https:\/\/leite-europa.com\/wp-content\/uploads\/2023\/11\/Broyeur-de-vegetaux.png","contentUrl":"https:\/\/leite-europa.com\/wp-content\/uploads\/2023\/11\/Broyeur-de-vegetaux.png","width":1080,"height":1080},{"@type":"BreadcrumbList","@id":"https:\/\/leite-europa.com\/pt-pt\/produit\/triturador-de-legumes\/#breadcrumb","itemListElement":[{"@type":"ListItem","position":1,"name":"Accueil","item":"https:\/\/leite-europa.com\/pt-pt\/inicio\/"},{"@type":"ListItem","position":2,"name":"Boutique","item":"https:\/\/leite-europa.com\/fr\/boutique\/"},{"@type":"ListItem","position":3,"name":"Triturador de legumes"}]},{"@type":"WebSite","@id":"https:\/\/leite-europa.com\/pt-pt\/#website","url":"https:\/\/leite-europa.com\/pt-pt\/","name":"Leite Europe","description":"","publisher":{"@id":"https:\/\/leite-europa.com\/pt-pt\/#organization"},"potentialAction":[{"@type":"SearchAction","target":{"@type":"EntryPoint","urlTemplate":"https:\/\/leite-europa.com\/pt-pt\/?s={search_term_string}"},"query-input":{"@type":"PropertyValueSpecification","valueRequired":true,"valueName":"search_term_string"}}],"inLanguage":"pt-PT"},{"@type":"Organization","@id":"https:\/\/leite-europa.com\/pt-pt\/#organization","name":"Leite Europe","url":"https:\/\/leite-europa.com\/pt-pt\/","logo":{"@type":"ImageObject","inLanguage":"pt-PT","@id":"https:\/\/leite-europa.com\/pt-pt\/#\/schema\/logo\/image\/","url":"https:\/\/leite-europa.com\/wp-content\/uploads\/2022\/12\/LOGO-LEITE.png","contentUrl":"https:\/\/leite-europa.com\/wp-content\/uploads\/2022\/12\/LOGO-LEITE.png","width":1024,"height":512,"caption":"Leite Europe"},"image":{"@id":"https:\/\/leite-europa.com\/pt-pt\/#\/schema\/logo\/image\/"},"sameAs":["https:\/\/www.facebook.com\/profile.php?id=100089192656837","https:\/\/www.instagram.com\/leite_france_minipelle\/","https:\/\/www.linkedin.com\/company\/leite-france\/"]}]}},"_links":{"self":[{"href":"https:\/\/leite-europa.com\/pt-pt\/wp-json\/wp\/v2\/product\/8249","targetHints":{"allow":["GET"]}}],"collection":[{"href":"https:\/\/leite-europa.com\/pt-pt\/wp-json\/wp\/v2\/product"}],"about":[{"href":"https:\/\/leite-europa.com\/pt-pt\/wp-json\/wp\/v2\/types\/product"}],"wp:featuredmedia":[{"embeddable":true,"href":"https:\/\/leite-europa.com\/pt-pt\/wp-json\/wp\/v2\/media\/10340"}],"wp:attachment":[{"href":"https:\/\/leite-europa.com\/pt-pt\/wp-json\/wp\/v2\/media?parent=8249"}],"wp:term":[{"taxonomy":"product_brand","embeddable":true,"href":"https:\/\/leite-europa.com\/pt-pt\/wp-json\/wp\/v2\/product_brand?post=8249"},{"taxonomy":"product_cat","embeddable":true,"href":"https:\/\/leite-europa.com\/pt-pt\/wp-json\/wp\/v2\/product_cat?post=8249"},{"taxonomy":"product_tag","embeddable":true,"href":"https:\/\/leite-europa.com\/pt-pt\/wp-json\/wp\/v2\/product_tag?post=8249"}],"curies":[{"name":"wp","href":"https:\/\/api.w.org\/{rel}","templated":true}]}}