{"id":8252,"date":"2023-11-07T14:32:17","date_gmt":"2023-11-07T13:32:17","guid":{"rendered":"https:\/\/leite-europa.com\/produit\/fixacao-rapida\/"},"modified":"2023-11-15T11:48:16","modified_gmt":"2023-11-15T10:48:16","slug":"clipe-de-libertacao-rapida","status":"publish","type":"product","link":"https:\/\/leite-europa.com\/pt-pt\/produit\/clipe-de-libertacao-rapida\/","title":{"rendered":"Fixa\u00e7\u00e3o r\u00e1pida"},"content":{"rendered":"<p>[et_pb_section fb_built=&#8221;1&#8243; _builder_version=&#8221;4.19.2&#8243; _module_preset=&#8221;default&#8221; background_color=&#8221;#FFFFFF&#8221; custom_padding=&#8221;||4px|||&#8221; global_colors_info=&#8221;{}&#8221; theme_builder_area=&#8221;post_content&#8221;][et_pb_row column_structure=&#8221;1_2,1_2&#8243; _builder_version=&#8221;4.19.2&#8243; _module_preset=&#8221;default&#8221; global_colors_info=&#8221;{}&#8221; theme_builder_area=&#8221;post_content&#8221;][et_pb_column type=&#8221;1_2&#8243; _builder_version=&#8221;4.19.2&#8243; _module_preset=&#8221;default&#8221; global_colors_info=&#8221;{}&#8221; theme_builder_area=&#8221;post_content&#8221;][et_pb_gallery gallery_ids=&#8221;898,897,899,901,893,894,895,896,900,892&#8243; fullwidth=&#8221;on&#8221; _builder_version=&#8221;4.19.4&#8243; _module_preset=&#8221;default&#8221; global_colors_info=&#8221;{}&#8221; theme_builder_area=&#8221;post_content&#8221;][\/et_pb_gallery][\/et_pb_column][et_pb_column type=&#8221;1_2&#8243; _builder_version=&#8221;4.19.2&#8243; _module_preset=&#8221;default&#8221; global_colors_info=&#8221;{}&#8221; theme_builder_area=&#8221;post_content&#8221;][et_pb_text _builder_version=&#8221;4.19.4&#8243; _module_preset=&#8221;default&#8221; text_line_height=&#8221;2em&#8221; global_colors_info=&#8221;{}&#8221; theme_builder_area=&#8221;post_content&#8221;]<\/p>\n<h2><span style=\"color: #ff6600;\">&#8220;Uma solu\u00e7\u00e3o que poupa tempo<\/span><\/h2>\n<p>[\/et_pb_text][et_pb_text _builder_version=&#8221;4.19.4&#8243; _module_preset=&#8221;default&#8221; text_text_color=&#8221;#484F54&#8243; global_colors_info=&#8221;{}&#8221; theme_builder_area=&#8221;post_content&#8221;]<\/p>\n<div>\n<p><span data-canva-clipboard=\"ewAiAGEAIgA6ADUALAAiAGQAIgA6ACIAQgAiACwAIgBoACIAOgAiAHcAdwB3AC4AYwBhAG4AdgBhAC4AYwBvAG0AIgAsACIAYwAiADoAIgBEAEEARgBYAFIAawBCAEoAdgA0ADAAIgAsACIAaQAiADoAIgBJADMAcgAxAFkATwB6AFYAaABVAGUARQBmAFkAQgBVAEQAYwA3AEkAZQBBACIALAAiAGIAIgA6ADEANgA3ADMANAAyADgAMgA1ADEANAAwADMALAAiAEEAPwAiADoAIgBFACIALAAiAEEAIgA6AHsAIgBBACIAOgBbAHsAIgBBACIAOgB7ACIAQQA\/ACIAOgAiAEEAIgAsACIAQQAiADoAIgBOAG8AdAByAGUAIABhAHQAdABhAGMAaABlACAAcgBhAHAAaQBkAGUAIABwAG8AdQByACAAbQBpAG4AaQAgAHAAZQBsAGwAZQAgAGUAcwB0ACAAdQBuACAAZABpAHMAcABvAHMAaQB0AGkAZgAgAGMAbwBuAOcAdQAgAHAAbwB1AHIAIABmAGEAYwBpAGwAaQB0AGUAcgAgAGwAZQAgAGMAaABhAG4AZwBlAG0AZQBuAHQAIAByAGEAcABpAGQAZQAgAGUAdAAgAHMA6QBjAHUAcgBpAHMA6QAgAGQAZQAgAHQAbwB1AHQAIABsAGUAcwAgAGEAYwBjAGUAcwBzAG8AaQByAGUAcwAgAGMAbwBtAHAAYQB0AGkAYgBsAGUAcwAgAGEAdgBlAGMAIABuAG8AcwAgAG0AaQBuAGkAIABwAGUAbABsAGUAcwAsACAAbgBvAHQAYQBtAG0AZQBuAHQAIABkAGUAcwAgAGcAbwBkAGUAdABzAC4AIABcAG4ARQBsAGwAZQAgAHMAZQAgAG0AbwBuAHQAZQAgAHMAdQByACAAbABlACAAYgByAGEAcwAgAGQAZQAgAGwAYQAgAHAAZQBsAGwAZQAgAGUAdAAgAHAAZQByAG0AZQB0AHQAZQBuAHQAIABhAHUAeAAgAG8AcADpAHIAYQB0AGUAdQByAHMAIABkAGUAIABjAGgAYQBuAGcAZQByACAAcgBhAHAAaQBkAGUAbQBlAG4AdAAgAGUAdAAgAGYAYQBjAGkAbABlAG0AZQBuAHQAIABkACcAYQBjAGMAZQBzAHMAbwBpAHIAZQBzACAAZAB1AHIAYQBuAHQAIABsAGUAdQByACAAdAByAGEAdgBhAHUAeAAuACIAfQAsACIAQgAiADoAewAiAEEAIgA6ACIAWQBBAEQATABqAEkAOQBxAHgAVABBACwAMAAiACwAIgBIACIAOgAiAC0AMAAuADAAMwAyAGUAbQAiACwAIgBJACIAOgAiADEALgAxADIAIgB9AH0AXQB9AH0A\"><\/span><\/p>\n<div>\n<p><span>O nosso engate r\u00e1pido para mini-escavadoras \u00e9 um dispositivo concebido para facilitar a mudan\u00e7a de todos os acess\u00f3rios compat\u00edveis com as nossas mini-escavadoras, incluindo os baldes, de forma r\u00e1pida e segura.  <\/span><\/p>\n<\/div>\n<div>\n<p><span>Montado no bra\u00e7o da escavadora, permite aos operadores mudar de acess\u00f3rios r\u00e1pida e facilmente durante o trabalho.<\/span><\/p>\n<\/div>\n<\/div>\n<p><span data-canva-clipboard=\"ewAiAGEAIgA6ADUALAAiAGQAIgA6ACIAQgAiACwAIgBoACIAOgAiAHcAdwB3AC4AYwBhAG4AdgBhAC4AYwBvAG0AIgAsACIAYwAiADoAIgBEAEEARgBYAFIAawBCAEoAdgA0ADAAIgAsACIAaQAiADoAIgBJADMAcgAxAFkATwB6AFYAaABVAGUARQBmAFkAQgBVAEQAYwA3AEkAZQBBACIALAAiAGIAIgA6ADEANgA3ADMAMwA2ADEANgAwADkANAA2ADgALAAiAEEAPwAiADoAIgBFACIALAAiAEEAIgA6AHsAIgBBACIAOgBbAHsAIgBBACIAOgB7ACIAQQA\/ACIAOgAiAEEAIgAsACIAQQAiADoAIgBMAGUAIAByAGEAdABlAGEAdQAgAGYAbwByAGUAcwB0AGkAZQByACAAZQBzAHQAIAB1AG4AIABhAGMAYwBlAHMAcwBvAGkAcgBlACAAcQB1AGkAIABzAGUAIABmAGkAeABlACAA4AAgAG4AbwBzACAAbQBpAG4AaQAgAHAAZQBsAGwAZQBzACAAbQDpAGMAYQBuAGkAcQB1AGUAcwAgAHAAbwB1AHIAIAB1AG4AIAB1AHMAYQBnAGUAIABmAG8AcgBlAHMAdABpAGUAcgAsACAAYQBnAHIAaQBjAG8AbABlACAAbwB1ACAAcABvAHUAcgAgAGwAZQBzACAAdAByAGEAdgBhAHUAeAAgAHAAdQBiAGwAaQBjAHMALgBcAG4ASQBsACAAZQBzAHQAIABhAGMAdABpAG8AbgBuAOkAIABwAGEAcgAgAGwAZQBzACAAbQBvAHUAdgBlAG0AZQBuAHQAcwAgAGQAZQAgAGwAYQAgAGYAbADoAGMAaABlACAA4AAgAGwAJwBhAGkAZABlACAAZABlAHMAIAB2AOkAcgBpAG4AcwAgAGgAeQBkAHIAYQB1AGwAaQBxAHUAZQBzACwAIABlAHQAIABwAGUAcgBtAGUAdAAgAGQAZQAgAHIAYQBzAHMAZQBtAGIAbABlAHIAIABsACcAaABlAHIAYgBlACwAIABsAGEAIABwAGEAaQBsAGwAZQAsACAAbABlAHMAIABmAGUAdQBpAGwAbABlAHMAIABlAHQAIABsAGUAcwAgAGIAcgBhAG4AYwBoAGUAcwAuACAAXABuAEkAbAAgAGUAcwB0ACAAZwDpAG4A6QByAGEAbABlAG0AZQBuAHQAIAB1AHQAaQBsAGkAcwDpACAAcABvAHUAcgAgADoAXABuAGQA6QBiAHIAbwB1AHMAcwBhAGkAbABsAGUAcgBcAG4AbgBlAHQAdABvAHkAZQByACAAbABlAHMAIAB6AG8AbgBlAHMAIABzAG8AdQBzAC0AYgBvAGkAcwDpAGUAcwAgAG8AdQAgAGwAZQBzACAAYwBoAGUAbQBpAG4AcwAgAGYAbwByAGUAcwB0AGkAZQByAHMAIABlAHQAIAByAGEAbQBhAHMAcwBlAHIAIABsAGUAcwAgAGIAcgBhAG4AYwBoAGUAcwAsAFwAbgBuAGUAdAB0AG8AeQBlAHIAIABsAGUAcwAgAHQAZQByAHIAYQBpAG4AcwBcAG4AdAByAGkAZQByACAAbABlAHMAIABwAGkAZQByAHIAZQBzACAAZQB0ACAAZADpAHIAbwBjAHQAZQByACAAbABlAHMAIAB0AGUAcgByAGEAaQBuAHMAIABsAOkAZwBlAHIAXABuAGEAcgByAGEAYwBoAGUAcgAgAGwAYQAgAHAAZQBsAG8AdQBzAGUAIABhAHYAYQBuAHQAIAByAGUAcABsAGEAbgB0AGEAZwBlAFwAbgByAGEAbgBnAGUAcgAgAGUAdAAgAHAAcgDpAHAAYQByAGUAcgAgAGwAJwBhAGwAaQBtAGUAbgB0AGEAdABpAG8AbgAgAGQAZQBzACAAdAByAG8AdQBwAGUAYQB1AHgALgAiAH0ALAAiAEIAIgA6AHsAIgBBACIAOgAiAFkAQQBGAEwAZAA4AHMASwBiAHcAYwAsADEAIgAsACIAQgAiADoAIgAxADgALgA2ADYANgA3AHAAeAAiACwAIgBJACIAOgAiADEALgAzACIAfQB9AF0AfQB9AA==\"><\/span><\/p>\n<p>[\/et_pb_text][\/et_pb_column][\/et_pb_row][\/et_pb_section][et_pb_section fb_built=&#8221;1&#8243; _builder_version=&#8221;4.19.4&#8243; _module_preset=&#8221;default&#8221; background_color=&#8221;RGBA(255,255,255,0)&#8221; custom_padding=&#8221;2px||4px|||&#8221; global_colors_info=&#8221;{}&#8221; theme_builder_area=&#8221;post_content&#8221;][et_pb_row _builder_version=&#8221;4.19.4&#8243; _module_preset=&#8221;default&#8221; animation_direction=&#8221;bottom&#8221; global_colors_info=&#8221;{}&#8221; theme_builder_area=&#8221;post_content&#8221;][et_pb_column type=&#8221;4_4&#8243; _builder_version=&#8221;4.19.4&#8243; _module_preset=&#8221;default&#8221; global_colors_info=&#8221;{}&#8221; theme_builder_area=&#8221;post_content&#8221;][et_pb_gallery gallery_ids=&#8221;898&#8243; fullwidth=&#8221;on&#8221; _builder_version=&#8221;4.19.4&#8243; _module_preset=&#8221;default&#8221; background_color=&#8221;RGBA(255,255,255,0)&#8221; auto=&#8221;on&#8221; auto_speed=&#8221;3000&#8243; global_colors_info=&#8221;{}&#8221; theme_builder_area=&#8221;post_content&#8221;][\/et_pb_gallery][\/et_pb_column][\/et_pb_row][\/et_pb_section]<\/p>\n","protected":false},"excerpt":{"rendered":"<p>&#8220;Uma solu\u00e7\u00e3o que poupa tempo O nosso engate r\u00e1pido para mini-escavadoras \u00e9 um dispositivo concebido para facilitar a mudan\u00e7a de todos os acess\u00f3rios compat\u00edveis com as nossas mini-escavadoras, incluindo os baldes, de forma r\u00e1pida e segura. Montado no bra\u00e7o da escavadora, permite aos operadores mudar de acess\u00f3rios r\u00e1pida e facilmente durante o trabalho.<\/p>\n","protected":false},"featured_media":3483,"template":"","meta":{"_et_pb_use_builder":"on","_et_pb_old_content":"","_et_gb_content_width":""},"product_brand":[],"product_cat":[191,205,206],"product_tag":[],"class_list":{"0":"post-8252","1":"product","2":"type-product","3":"status-publish","4":"has-post-thumbnail","6":"product_cat-acessorios-para-mini-escavadoras","7":"product_cat-acessorios-para-mini-escavadoras-cl12s","8":"product_cat-acessorios-para-mini-escavadoras-cl18s","10":"first","11":"instock","12":"taxable","13":"shipping-taxable","14":"purchasable","15":"product-type-simple"},"yoast_head":"<!-- This site is optimized with the Yoast SEO plugin v27.3 - https:\/\/yoast.com\/product\/yoast-seo-wordpress\/ -->\n<title>Fixa\u00e7\u00e3o r\u00e1pida - Leite Europe<\/title>\n<meta name=\"description\" content=\"O nosso engate r\u00e1pido para mini-escavadoras LEITE \u00e9 um dispositivo concebido para facilitar a troca r\u00e1pida e segura de todos os acess\u00f3rios compat\u00edveis com as nossas mini-escavadoras.\" \/>\n<meta name=\"robots\" content=\"index, follow, max-snippet:-1, max-image-preview:large, max-video-preview:-1\" \/>\n<link rel=\"canonical\" href=\"https:\/\/leite-europa.com\/pt-pt\/produit\/clipe-de-libertacao-rapida\/\" \/>\n<meta property=\"og:locale\" content=\"pt_PT\" \/>\n<meta property=\"og:type\" content=\"article\" \/>\n<meta property=\"og:title\" content=\"Fixa\u00e7\u00e3o r\u00e1pida - Leite Europe\" \/>\n<meta property=\"og:description\" content=\"O nosso engate r\u00e1pido para mini-escavadoras LEITE \u00e9 um dispositivo concebido para facilitar a troca r\u00e1pida e segura de todos os acess\u00f3rios compat\u00edveis com as nossas mini-escavadoras.\" \/>\n<meta property=\"og:url\" content=\"https:\/\/leite-europa.com\/pt-pt\/produit\/clipe-de-libertacao-rapida\/\" \/>\n<meta property=\"og:site_name\" content=\"Leite Europe\" \/>\n<meta property=\"article:publisher\" content=\"https:\/\/www.facebook.com\/profile.php?id=100089192656837\" \/>\n<meta property=\"article:modified_time\" content=\"2023-11-15T10:48:16+00:00\" \/>\n<meta property=\"og:image\" content=\"https:\/\/leite-europa.com\/wp-content\/uploads\/2023\/01\/IMG_1316.jpeg\" \/>\n\t<meta property=\"og:image:width\" content=\"1440\" \/>\n\t<meta property=\"og:image:height\" content=\"1920\" \/>\n\t<meta property=\"og:image:type\" content=\"image\/jpeg\" \/>\n<meta name=\"twitter:card\" content=\"summary_large_image\" \/>\n<meta name=\"twitter:label1\" content=\"Tempo estimado de leitura\" \/>\n\t<meta name=\"twitter:data1\" content=\"2 minutos\" \/>\n<script type=\"application\/ld+json\" class=\"yoast-schema-graph\">{\"@context\":\"https:\\\/\\\/schema.org\",\"@graph\":[{\"@type\":\"WebPage\",\"@id\":\"https:\\\/\\\/leite-europa.com\\\/pt-pt\\\/produit\\\/clipe-de-libertacao-rapida\\\/\",\"url\":\"https:\\\/\\\/leite-europa.com\\\/pt-pt\\\/produit\\\/clipe-de-libertacao-rapida\\\/\",\"name\":\"Fixa\u00e7\u00e3o r\u00e1pida - Leite Europe\",\"isPartOf\":{\"@id\":\"https:\\\/\\\/leite-europa.com\\\/pt-pt\\\/#website\"},\"primaryImageOfPage\":{\"@id\":\"https:\\\/\\\/leite-europa.com\\\/pt-pt\\\/produit\\\/clipe-de-libertacao-rapida\\\/#primaryimage\"},\"image\":{\"@id\":\"https:\\\/\\\/leite-europa.com\\\/pt-pt\\\/produit\\\/clipe-de-libertacao-rapida\\\/#primaryimage\"},\"thumbnailUrl\":\"https:\\\/\\\/leite-europa.com\\\/wp-content\\\/uploads\\\/2023\\\/01\\\/IMG_1316.jpeg\",\"datePublished\":\"2023-11-07T13:32:17+00:00\",\"dateModified\":\"2023-11-15T10:48:16+00:00\",\"description\":\"O nosso engate r\u00e1pido para mini-escavadoras LEITE \u00e9 um dispositivo concebido para facilitar a troca r\u00e1pida e segura de todos os acess\u00f3rios compat\u00edveis com as nossas mini-escavadoras.\",\"breadcrumb\":{\"@id\":\"https:\\\/\\\/leite-europa.com\\\/pt-pt\\\/produit\\\/clipe-de-libertacao-rapida\\\/#breadcrumb\"},\"inLanguage\":\"pt-PT\",\"potentialAction\":[{\"@type\":\"ReadAction\",\"target\":[\"https:\\\/\\\/leite-europa.com\\\/pt-pt\\\/produit\\\/clipe-de-libertacao-rapida\\\/\"]}]},{\"@type\":\"ImageObject\",\"inLanguage\":\"pt-PT\",\"@id\":\"https:\\\/\\\/leite-europa.com\\\/pt-pt\\\/produit\\\/clipe-de-libertacao-rapida\\\/#primaryimage\",\"url\":\"https:\\\/\\\/leite-europa.com\\\/wp-content\\\/uploads\\\/2023\\\/01\\\/IMG_1316.jpeg\",\"contentUrl\":\"https:\\\/\\\/leite-europa.com\\\/wp-content\\\/uploads\\\/2023\\\/01\\\/IMG_1316.jpeg\",\"width\":1440,\"height\":1920,\"caption\":\"Mini p\u00e1 de liberta\u00e7\u00e3o r\u00e1pida Leite france\"},{\"@type\":\"BreadcrumbList\",\"@id\":\"https:\\\/\\\/leite-europa.com\\\/pt-pt\\\/produit\\\/clipe-de-libertacao-rapida\\\/#breadcrumb\",\"itemListElement\":[{\"@type\":\"ListItem\",\"position\":1,\"name\":\"Accueil\",\"item\":\"https:\\\/\\\/leite-europa.com\\\/pt-pt\\\/inicio\\\/\"},{\"@type\":\"ListItem\",\"position\":2,\"name\":\"Boutique\",\"item\":\"https:\\\/\\\/leite-europa.com\\\/fr\\\/boutique\\\/\"},{\"@type\":\"ListItem\",\"position\":3,\"name\":\"Fixa\u00e7\u00e3o r\u00e1pida\"}]},{\"@type\":\"WebSite\",\"@id\":\"https:\\\/\\\/leite-europa.com\\\/pt-pt\\\/#website\",\"url\":\"https:\\\/\\\/leite-europa.com\\\/pt-pt\\\/\",\"name\":\"Leite Europe\",\"description\":\"\",\"publisher\":{\"@id\":\"https:\\\/\\\/leite-europa.com\\\/pt-pt\\\/#organization\"},\"potentialAction\":[{\"@type\":\"SearchAction\",\"target\":{\"@type\":\"EntryPoint\",\"urlTemplate\":\"https:\\\/\\\/leite-europa.com\\\/pt-pt\\\/?s={search_term_string}\"},\"query-input\":{\"@type\":\"PropertyValueSpecification\",\"valueRequired\":true,\"valueName\":\"search_term_string\"}}],\"inLanguage\":\"pt-PT\"},{\"@type\":\"Organization\",\"@id\":\"https:\\\/\\\/leite-europa.com\\\/pt-pt\\\/#organization\",\"name\":\"Leite Europe\",\"url\":\"https:\\\/\\\/leite-europa.com\\\/pt-pt\\\/\",\"logo\":{\"@type\":\"ImageObject\",\"inLanguage\":\"pt-PT\",\"@id\":\"https:\\\/\\\/leite-europa.com\\\/pt-pt\\\/#\\\/schema\\\/logo\\\/image\\\/\",\"url\":\"https:\\\/\\\/leite-europa.com\\\/wp-content\\\/uploads\\\/2022\\\/12\\\/LOGO-LEITE.png\",\"contentUrl\":\"https:\\\/\\\/leite-europa.com\\\/wp-content\\\/uploads\\\/2022\\\/12\\\/LOGO-LEITE.png\",\"width\":1024,\"height\":512,\"caption\":\"Leite Europe\"},\"image\":{\"@id\":\"https:\\\/\\\/leite-europa.com\\\/pt-pt\\\/#\\\/schema\\\/logo\\\/image\\\/\"},\"sameAs\":[\"https:\\\/\\\/www.facebook.com\\\/profile.php?id=100089192656837\",\"https:\\\/\\\/www.instagram.com\\\/leite_france_minipelle\\\/\",\"https:\\\/\\\/www.linkedin.com\\\/company\\\/leite-france\\\/\"]}]}<\/script>\n<!-- \/ Yoast SEO plugin. -->","yoast_head_json":{"title":"Fixa\u00e7\u00e3o r\u00e1pida - Leite Europe","description":"O nosso engate r\u00e1pido para mini-escavadoras LEITE \u00e9 um dispositivo concebido para facilitar a troca r\u00e1pida e segura de todos os acess\u00f3rios compat\u00edveis com as nossas mini-escavadoras.","robots":{"index":"index","follow":"follow","max-snippet":"max-snippet:-1","max-image-preview":"max-image-preview:large","max-video-preview":"max-video-preview:-1"},"canonical":"https:\/\/leite-europa.com\/pt-pt\/produit\/clipe-de-libertacao-rapida\/","og_locale":"pt_PT","og_type":"article","og_title":"Fixa\u00e7\u00e3o r\u00e1pida - Leite Europe","og_description":"O nosso engate r\u00e1pido para mini-escavadoras LEITE \u00e9 um dispositivo concebido para facilitar a troca r\u00e1pida e segura de todos os acess\u00f3rios compat\u00edveis com as nossas mini-escavadoras.","og_url":"https:\/\/leite-europa.com\/pt-pt\/produit\/clipe-de-libertacao-rapida\/","og_site_name":"Leite Europe","article_publisher":"https:\/\/www.facebook.com\/profile.php?id=100089192656837","article_modified_time":"2023-11-15T10:48:16+00:00","og_image":[{"width":1440,"height":1920,"url":"https:\/\/leite-europa.com\/wp-content\/uploads\/2023\/01\/IMG_1316.jpeg","type":"image\/jpeg"}],"twitter_card":"summary_large_image","twitter_misc":{"Tempo estimado de leitura":"2 minutos"},"schema":{"@context":"https:\/\/schema.org","@graph":[{"@type":"WebPage","@id":"https:\/\/leite-europa.com\/pt-pt\/produit\/clipe-de-libertacao-rapida\/","url":"https:\/\/leite-europa.com\/pt-pt\/produit\/clipe-de-libertacao-rapida\/","name":"Fixa\u00e7\u00e3o r\u00e1pida - Leite Europe","isPartOf":{"@id":"https:\/\/leite-europa.com\/pt-pt\/#website"},"primaryImageOfPage":{"@id":"https:\/\/leite-europa.com\/pt-pt\/produit\/clipe-de-libertacao-rapida\/#primaryimage"},"image":{"@id":"https:\/\/leite-europa.com\/pt-pt\/produit\/clipe-de-libertacao-rapida\/#primaryimage"},"thumbnailUrl":"https:\/\/leite-europa.com\/wp-content\/uploads\/2023\/01\/IMG_1316.jpeg","datePublished":"2023-11-07T13:32:17+00:00","dateModified":"2023-11-15T10:48:16+00:00","description":"O nosso engate r\u00e1pido para mini-escavadoras LEITE \u00e9 um dispositivo concebido para facilitar a troca r\u00e1pida e segura de todos os acess\u00f3rios compat\u00edveis com as nossas mini-escavadoras.","breadcrumb":{"@id":"https:\/\/leite-europa.com\/pt-pt\/produit\/clipe-de-libertacao-rapida\/#breadcrumb"},"inLanguage":"pt-PT","potentialAction":[{"@type":"ReadAction","target":["https:\/\/leite-europa.com\/pt-pt\/produit\/clipe-de-libertacao-rapida\/"]}]},{"@type":"ImageObject","inLanguage":"pt-PT","@id":"https:\/\/leite-europa.com\/pt-pt\/produit\/clipe-de-libertacao-rapida\/#primaryimage","url":"https:\/\/leite-europa.com\/wp-content\/uploads\/2023\/01\/IMG_1316.jpeg","contentUrl":"https:\/\/leite-europa.com\/wp-content\/uploads\/2023\/01\/IMG_1316.jpeg","width":1440,"height":1920,"caption":"Mini p\u00e1 de liberta\u00e7\u00e3o r\u00e1pida Leite france"},{"@type":"BreadcrumbList","@id":"https:\/\/leite-europa.com\/pt-pt\/produit\/clipe-de-libertacao-rapida\/#breadcrumb","itemListElement":[{"@type":"ListItem","position":1,"name":"Accueil","item":"https:\/\/leite-europa.com\/pt-pt\/inicio\/"},{"@type":"ListItem","position":2,"name":"Boutique","item":"https:\/\/leite-europa.com\/fr\/boutique\/"},{"@type":"ListItem","position":3,"name":"Fixa\u00e7\u00e3o r\u00e1pida"}]},{"@type":"WebSite","@id":"https:\/\/leite-europa.com\/pt-pt\/#website","url":"https:\/\/leite-europa.com\/pt-pt\/","name":"Leite Europe","description":"","publisher":{"@id":"https:\/\/leite-europa.com\/pt-pt\/#organization"},"potentialAction":[{"@type":"SearchAction","target":{"@type":"EntryPoint","urlTemplate":"https:\/\/leite-europa.com\/pt-pt\/?s={search_term_string}"},"query-input":{"@type":"PropertyValueSpecification","valueRequired":true,"valueName":"search_term_string"}}],"inLanguage":"pt-PT"},{"@type":"Organization","@id":"https:\/\/leite-europa.com\/pt-pt\/#organization","name":"Leite Europe","url":"https:\/\/leite-europa.com\/pt-pt\/","logo":{"@type":"ImageObject","inLanguage":"pt-PT","@id":"https:\/\/leite-europa.com\/pt-pt\/#\/schema\/logo\/image\/","url":"https:\/\/leite-europa.com\/wp-content\/uploads\/2022\/12\/LOGO-LEITE.png","contentUrl":"https:\/\/leite-europa.com\/wp-content\/uploads\/2022\/12\/LOGO-LEITE.png","width":1024,"height":512,"caption":"Leite Europe"},"image":{"@id":"https:\/\/leite-europa.com\/pt-pt\/#\/schema\/logo\/image\/"},"sameAs":["https:\/\/www.facebook.com\/profile.php?id=100089192656837","https:\/\/www.instagram.com\/leite_france_minipelle\/","https:\/\/www.linkedin.com\/company\/leite-france\/"]}]}},"_links":{"self":[{"href":"https:\/\/leite-europa.com\/pt-pt\/wp-json\/wp\/v2\/product\/8252","targetHints":{"allow":["GET"]}}],"collection":[{"href":"https:\/\/leite-europa.com\/pt-pt\/wp-json\/wp\/v2\/product"}],"about":[{"href":"https:\/\/leite-europa.com\/pt-pt\/wp-json\/wp\/v2\/types\/product"}],"wp:featuredmedia":[{"embeddable":true,"href":"https:\/\/leite-europa.com\/pt-pt\/wp-json\/wp\/v2\/media\/3483"}],"wp:attachment":[{"href":"https:\/\/leite-europa.com\/pt-pt\/wp-json\/wp\/v2\/media?parent=8252"}],"wp:term":[{"taxonomy":"product_brand","embeddable":true,"href":"https:\/\/leite-europa.com\/pt-pt\/wp-json\/wp\/v2\/product_brand?post=8252"},{"taxonomy":"product_cat","embeddable":true,"href":"https:\/\/leite-europa.com\/pt-pt\/wp-json\/wp\/v2\/product_cat?post=8252"},{"taxonomy":"product_tag","embeddable":true,"href":"https:\/\/leite-europa.com\/pt-pt\/wp-json\/wp\/v2\/product_tag?post=8252"}],"curies":[{"name":"wp","href":"https:\/\/api.w.org\/{rel}","templated":true}]}}