{"id":8259,"date":"2023-11-07T12:09:57","date_gmt":"2023-11-07T11:09:57","guid":{"rendered":"https:\/\/leite-europa.com\/produit\/cortador-de-relva\/"},"modified":"2024-04-17T15:52:48","modified_gmt":"2024-04-17T13:52:48","slug":"cortador-de-relva","status":"publish","type":"product","link":"https:\/\/leite-europa.com\/pt-pt\/produit\/cortador-de-relva\/","title":{"rendered":"Cortador de relva"},"content":{"rendered":"<p>[et_pb_section fb_built=&#8221;1&#8243; _builder_version=&#8221;4.19.2&#8243; _module_preset=&#8221;default&#8221; background_color=&#8221;#FFFFFF&#8221; custom_padding=&#8221;||4px|||&#8221; global_colors_info=&#8221;{}&#8221;][et_pb_row column_structure=&#8221;1_2,1_2&#8243; _builder_version=&#8221;4.19.2&#8243; _module_preset=&#8221;default&#8221; global_colors_info=&#8221;{}&#8221;][et_pb_column type=&#8221;1_2&#8243; _builder_version=&#8221;4.19.2&#8243; _module_preset=&#8221;default&#8221; global_colors_info=&#8221;{}&#8221;][et_pb_gallery gallery_ids=&#8221;1994&#8243; fullwidth=&#8221;on&#8221; _builder_version=&#8221;4.20.4&#8243; _module_preset=&#8221;default&#8221; global_colors_info=&#8221;{}&#8221;][\/et_pb_gallery][\/et_pb_column][et_pb_column type=&#8221;1_2&#8243; _builder_version=&#8221;4.19.2&#8243; _module_preset=&#8221;default&#8221; global_colors_info=&#8221;{}&#8221;][et_pb_text _builder_version=&#8221;4.20.4&#8243; _module_preset=&#8221;default&#8221; text_line_height=&#8221;2em&#8221; header_2_text_color=&#8221;#E75F0D&#8221; global_colors_info=&#8221;{}&#8221;]<\/p>\n<h2>&#8220;Reinvente a sua experi\u00eancia de corte de relva com o corta-relva Leite&#8221;.<\/h2>\n<p>[\/et_pb_text][et_pb_text _builder_version=&#8221;4.20.4&#8243; _module_preset=&#8221;default&#8221; text_orientation=&#8221;justified&#8221; global_colors_info=&#8221;{}&#8221;]<\/p>\n<p>Descubra a pot\u00eancia e a precis\u00e3o do nosso corta-relva, especialmente concebido para as mini-carregadoras Leite LTH380. Este potente e eficiente cortador de relva transforma o seu carregador na derradeira m\u00e1quina de cortar relva, capaz de dar a qualquer espa\u00e7o verde um aspeto limpo e bem cuidado.<\/p>\n<p>[\/et_pb_text][\/et_pb_column][\/et_pb_row][et_pb_row _builder_version=&#8221;4.20.4&#8243; _module_preset=&#8221;default&#8221; global_colors_info=&#8221;{}&#8221;][et_pb_column type=&#8221;4_4&#8243; _builder_version=&#8221;4.20.4&#8243; _module_preset=&#8221;default&#8221; global_colors_info=&#8221;{}&#8221;][et_pb_text _builder_version=&#8221;4.20.4&#8243; _module_preset=&#8221;default&#8221; global_colors_info=&#8221;{}&#8221;]<\/p>\n<p><strong>Corte de relva sempre impec\u00e1vel<\/strong><\/p>\n<p>Equipado com l\u00e2minas resistentes e um motor potente, o corta-relva Leite proporciona um corte limpo e preciso, qualquer que seja a densidade da relva. O seu design ergon\u00f3mico e a sua excecional capacidade de manobra garantem um corte uniforme em todos os tipos de terreno.<\/p>\n<p><strong>F\u00e1cil de instalar e utilizar<\/strong><\/p>\n<p>O nosso corta-relva, especialmente concebido para o mini-carregador Leite LTH380, \u00e9 t\u00e3o f\u00e1cil de instalar como de utilizar. Gra\u00e7as ao seu funcionamento intuitivo, at\u00e9 os utilizadores menos experientes conseguem obter um relvado cortado na perfei\u00e7\u00e3o em pouco tempo.<\/p>\n<p><strong>Durabilidade e seguran\u00e7a para uma maior tranquilidade<\/strong><\/p>\n<p>Na Leite France, colocamos em primeiro lugar a durabilidade dos nossos produtos e a seguran\u00e7a dos nossos clientes. \u00c9 por isso que os nossos corta-relvas foram concebidos para resistir a condi\u00e7\u00f5es exigentes, garantindo ao mesmo tempo uma utiliza\u00e7\u00e3o segura para o operador.<\/p>\n<p><strong>Versatilidade para todas as suas necessidades de corte<\/strong><\/p>\n<p>Quer seja para jardins residenciais, parques municipais ou campos desportivos, o nosso corta-relva \u00e9 a ferramenta perfeita para todas as suas necessidades de corte. A sua capacidade de adapta\u00e7\u00e3o a diferentes alturas de relva proporciona-lhe uma flexibilidade e versatilidade sem precedentes.<\/p>\n<p><strong>Descubra a excel\u00eancia do corta-relva Leite<\/strong><\/p>\n<p>Transforme a sua experi\u00eancia de corte de relva com o cortador de relva Leite LTH380 Mini Charger. N\u00e3o deixe que o corte de relva o atrase mais, escolha a solu\u00e7\u00e3o Leite.<\/p>\n<p>Para mais informa\u00e7\u00f5es, contacte-nos. A nossa equipa est\u00e1 pronta para o ajudar a tirar o m\u00e1ximo partido da sua mini-carregadora com o nosso corta-relvas.<\/p>\n<p>[\/et_pb_text][\/et_pb_column][\/et_pb_row][\/et_pb_section]<\/p>\n","protected":false},"excerpt":{"rendered":"<p>&#8220;Reinvente a sua experi\u00eancia de corte de relva com o corta-relva Leite&#8221;.Descubra a pot\u00eancia e a precis\u00e3o do nosso corta-relva, especialmente concebido para as mini-carregadoras Leite LTH380. Este potente e eficiente cortador de relva transforma o seu carregador na derradeira m\u00e1quina de cortar relva, capaz de dar a qualquer espa\u00e7o verde um aspeto limpo e [&hellip;]<\/p>\n","protected":false},"featured_media":9647,"template":"","meta":{"_et_pb_use_builder":"on","_et_pb_old_content":"","_et_gb_content_width":""},"product_brand":[],"product_cat":[200,307],"product_tag":[],"class_list":{"0":"post-8259","1":"product","2":"type-product","3":"status-publish","4":"has-post-thumbnail","6":"product_cat-acessorios-do-mini-carregador","7":"product_cat-acessorios-mini-carregador-lth380","9":"first","10":"instock","11":"taxable","12":"shipping-taxable","13":"purchasable","14":"product-type-simple"},"yoast_head":"<!-- This site is optimized with the Yoast SEO plugin v27.3 - https:\/\/yoast.com\/product\/yoast-seo-wordpress\/ -->\n<title>Cortador de relva - Leite Europe<\/title>\n<meta name=\"robots\" content=\"index, follow, max-snippet:-1, max-image-preview:large, max-video-preview:-1\" \/>\n<link rel=\"canonical\" href=\"https:\/\/leite-europa.com\/pt-pt\/produit\/cortador-de-relva\/\" \/>\n<meta property=\"og:locale\" content=\"pt_PT\" \/>\n<meta property=\"og:type\" content=\"article\" \/>\n<meta property=\"og:title\" content=\"Cortador de relva - Leite Europe\" \/>\n<meta property=\"og:description\" content=\"&quot;Reinvente a sua experi\u00eancia de corte de relva com o corta-relva Leite&quot;.Descubra a pot\u00eancia e a precis\u00e3o do nosso corta-relva, especialmente concebido para as mini-carregadoras Leite LTH380. Este potente e eficiente cortador de relva transforma o seu carregador na derradeira m\u00e1quina de cortar relva, capaz de dar a qualquer espa\u00e7o verde um aspeto limpo e [&hellip;]\" \/>\n<meta property=\"og:url\" content=\"https:\/\/leite-europa.com\/pt-pt\/produit\/cortador-de-relva\/\" \/>\n<meta property=\"og:site_name\" content=\"Leite Europe\" \/>\n<meta property=\"article:publisher\" content=\"https:\/\/www.facebook.com\/profile.php?id=100089192656837\" \/>\n<meta property=\"article:modified_time\" content=\"2024-04-17T13:52:48+00:00\" \/>\n<meta property=\"og:image\" content=\"https:\/\/leite-europa.com\/wp-content\/uploads\/2023\/11\/tondeuse-leite.webp\" \/>\n\t<meta property=\"og:image:width\" content=\"1000\" \/>\n\t<meta property=\"og:image:height\" content=\"750\" \/>\n\t<meta property=\"og:image:type\" content=\"image\/webp\" \/>\n<meta name=\"twitter:card\" content=\"summary_large_image\" \/>\n<meta name=\"twitter:label1\" content=\"Tempo estimado de leitura\" \/>\n\t<meta name=\"twitter:data1\" content=\"3 minutos\" \/>\n<script type=\"application\/ld+json\" class=\"yoast-schema-graph\">{\"@context\":\"https:\\\/\\\/schema.org\",\"@graph\":[{\"@type\":\"WebPage\",\"@id\":\"https:\\\/\\\/leite-europa.com\\\/pt-pt\\\/produit\\\/cortador-de-relva\\\/\",\"url\":\"https:\\\/\\\/leite-europa.com\\\/pt-pt\\\/produit\\\/cortador-de-relva\\\/\",\"name\":\"Cortador de relva - Leite Europe\",\"isPartOf\":{\"@id\":\"https:\\\/\\\/leite-europa.com\\\/pt-pt\\\/#website\"},\"primaryImageOfPage\":{\"@id\":\"https:\\\/\\\/leite-europa.com\\\/pt-pt\\\/produit\\\/cortador-de-relva\\\/#primaryimage\"},\"image\":{\"@id\":\"https:\\\/\\\/leite-europa.com\\\/pt-pt\\\/produit\\\/cortador-de-relva\\\/#primaryimage\"},\"thumbnailUrl\":\"https:\\\/\\\/leite-europa.com\\\/wp-content\\\/uploads\\\/2023\\\/11\\\/tondeuse-leite.webp\",\"datePublished\":\"2023-11-07T11:09:57+00:00\",\"dateModified\":\"2024-04-17T13:52:48+00:00\",\"breadcrumb\":{\"@id\":\"https:\\\/\\\/leite-europa.com\\\/pt-pt\\\/produit\\\/cortador-de-relva\\\/#breadcrumb\"},\"inLanguage\":\"pt-PT\",\"potentialAction\":[{\"@type\":\"ReadAction\",\"target\":[\"https:\\\/\\\/leite-europa.com\\\/pt-pt\\\/produit\\\/cortador-de-relva\\\/\"]}]},{\"@type\":\"ImageObject\",\"inLanguage\":\"pt-PT\",\"@id\":\"https:\\\/\\\/leite-europa.com\\\/pt-pt\\\/produit\\\/cortador-de-relva\\\/#primaryimage\",\"url\":\"https:\\\/\\\/leite-europa.com\\\/wp-content\\\/uploads\\\/2023\\\/11\\\/tondeuse-leite.webp\",\"contentUrl\":\"https:\\\/\\\/leite-europa.com\\\/wp-content\\\/uploads\\\/2023\\\/11\\\/tondeuse-leite.webp\",\"width\":1000,\"height\":750},{\"@type\":\"BreadcrumbList\",\"@id\":\"https:\\\/\\\/leite-europa.com\\\/pt-pt\\\/produit\\\/cortador-de-relva\\\/#breadcrumb\",\"itemListElement\":[{\"@type\":\"ListItem\",\"position\":1,\"name\":\"Accueil\",\"item\":\"https:\\\/\\\/leite-europa.com\\\/pt-pt\\\/inicio\\\/\"},{\"@type\":\"ListItem\",\"position\":2,\"name\":\"Boutique\",\"item\":\"https:\\\/\\\/leite-europa.com\\\/fr\\\/boutique\\\/\"},{\"@type\":\"ListItem\",\"position\":3,\"name\":\"Cortador de relva\"}]},{\"@type\":\"WebSite\",\"@id\":\"https:\\\/\\\/leite-europa.com\\\/pt-pt\\\/#website\",\"url\":\"https:\\\/\\\/leite-europa.com\\\/pt-pt\\\/\",\"name\":\"Leite Europe\",\"description\":\"\",\"publisher\":{\"@id\":\"https:\\\/\\\/leite-europa.com\\\/pt-pt\\\/#organization\"},\"potentialAction\":[{\"@type\":\"SearchAction\",\"target\":{\"@type\":\"EntryPoint\",\"urlTemplate\":\"https:\\\/\\\/leite-europa.com\\\/pt-pt\\\/?s={search_term_string}\"},\"query-input\":{\"@type\":\"PropertyValueSpecification\",\"valueRequired\":true,\"valueName\":\"search_term_string\"}}],\"inLanguage\":\"pt-PT\"},{\"@type\":\"Organization\",\"@id\":\"https:\\\/\\\/leite-europa.com\\\/pt-pt\\\/#organization\",\"name\":\"Leite Europe\",\"url\":\"https:\\\/\\\/leite-europa.com\\\/pt-pt\\\/\",\"logo\":{\"@type\":\"ImageObject\",\"inLanguage\":\"pt-PT\",\"@id\":\"https:\\\/\\\/leite-europa.com\\\/pt-pt\\\/#\\\/schema\\\/logo\\\/image\\\/\",\"url\":\"https:\\\/\\\/leite-europa.com\\\/wp-content\\\/uploads\\\/2022\\\/12\\\/LOGO-LEITE.png\",\"contentUrl\":\"https:\\\/\\\/leite-europa.com\\\/wp-content\\\/uploads\\\/2022\\\/12\\\/LOGO-LEITE.png\",\"width\":1024,\"height\":512,\"caption\":\"Leite Europe\"},\"image\":{\"@id\":\"https:\\\/\\\/leite-europa.com\\\/pt-pt\\\/#\\\/schema\\\/logo\\\/image\\\/\"},\"sameAs\":[\"https:\\\/\\\/www.facebook.com\\\/profile.php?id=100089192656837\",\"https:\\\/\\\/www.instagram.com\\\/leite_france_minipelle\\\/\",\"https:\\\/\\\/www.linkedin.com\\\/company\\\/leite-france\\\/\"]}]}<\/script>\n<!-- \/ Yoast SEO plugin. -->","yoast_head_json":{"title":"Cortador de relva - Leite Europe","robots":{"index":"index","follow":"follow","max-snippet":"max-snippet:-1","max-image-preview":"max-image-preview:large","max-video-preview":"max-video-preview:-1"},"canonical":"https:\/\/leite-europa.com\/pt-pt\/produit\/cortador-de-relva\/","og_locale":"pt_PT","og_type":"article","og_title":"Cortador de relva - Leite Europe","og_description":"\"Reinvente a sua experi\u00eancia de corte de relva com o corta-relva Leite\".Descubra a pot\u00eancia e a precis\u00e3o do nosso corta-relva, especialmente concebido para as mini-carregadoras Leite LTH380. Este potente e eficiente cortador de relva transforma o seu carregador na derradeira m\u00e1quina de cortar relva, capaz de dar a qualquer espa\u00e7o verde um aspeto limpo e [&hellip;]","og_url":"https:\/\/leite-europa.com\/pt-pt\/produit\/cortador-de-relva\/","og_site_name":"Leite Europe","article_publisher":"https:\/\/www.facebook.com\/profile.php?id=100089192656837","article_modified_time":"2024-04-17T13:52:48+00:00","og_image":[{"width":1000,"height":750,"url":"https:\/\/leite-europa.com\/wp-content\/uploads\/2023\/11\/tondeuse-leite.webp","type":"image\/webp"}],"twitter_card":"summary_large_image","twitter_misc":{"Tempo estimado de leitura":"3 minutos"},"schema":{"@context":"https:\/\/schema.org","@graph":[{"@type":"WebPage","@id":"https:\/\/leite-europa.com\/pt-pt\/produit\/cortador-de-relva\/","url":"https:\/\/leite-europa.com\/pt-pt\/produit\/cortador-de-relva\/","name":"Cortador de relva - Leite Europe","isPartOf":{"@id":"https:\/\/leite-europa.com\/pt-pt\/#website"},"primaryImageOfPage":{"@id":"https:\/\/leite-europa.com\/pt-pt\/produit\/cortador-de-relva\/#primaryimage"},"image":{"@id":"https:\/\/leite-europa.com\/pt-pt\/produit\/cortador-de-relva\/#primaryimage"},"thumbnailUrl":"https:\/\/leite-europa.com\/wp-content\/uploads\/2023\/11\/tondeuse-leite.webp","datePublished":"2023-11-07T11:09:57+00:00","dateModified":"2024-04-17T13:52:48+00:00","breadcrumb":{"@id":"https:\/\/leite-europa.com\/pt-pt\/produit\/cortador-de-relva\/#breadcrumb"},"inLanguage":"pt-PT","potentialAction":[{"@type":"ReadAction","target":["https:\/\/leite-europa.com\/pt-pt\/produit\/cortador-de-relva\/"]}]},{"@type":"ImageObject","inLanguage":"pt-PT","@id":"https:\/\/leite-europa.com\/pt-pt\/produit\/cortador-de-relva\/#primaryimage","url":"https:\/\/leite-europa.com\/wp-content\/uploads\/2023\/11\/tondeuse-leite.webp","contentUrl":"https:\/\/leite-europa.com\/wp-content\/uploads\/2023\/11\/tondeuse-leite.webp","width":1000,"height":750},{"@type":"BreadcrumbList","@id":"https:\/\/leite-europa.com\/pt-pt\/produit\/cortador-de-relva\/#breadcrumb","itemListElement":[{"@type":"ListItem","position":1,"name":"Accueil","item":"https:\/\/leite-europa.com\/pt-pt\/inicio\/"},{"@type":"ListItem","position":2,"name":"Boutique","item":"https:\/\/leite-europa.com\/fr\/boutique\/"},{"@type":"ListItem","position":3,"name":"Cortador de relva"}]},{"@type":"WebSite","@id":"https:\/\/leite-europa.com\/pt-pt\/#website","url":"https:\/\/leite-europa.com\/pt-pt\/","name":"Leite Europe","description":"","publisher":{"@id":"https:\/\/leite-europa.com\/pt-pt\/#organization"},"potentialAction":[{"@type":"SearchAction","target":{"@type":"EntryPoint","urlTemplate":"https:\/\/leite-europa.com\/pt-pt\/?s={search_term_string}"},"query-input":{"@type":"PropertyValueSpecification","valueRequired":true,"valueName":"search_term_string"}}],"inLanguage":"pt-PT"},{"@type":"Organization","@id":"https:\/\/leite-europa.com\/pt-pt\/#organization","name":"Leite Europe","url":"https:\/\/leite-europa.com\/pt-pt\/","logo":{"@type":"ImageObject","inLanguage":"pt-PT","@id":"https:\/\/leite-europa.com\/pt-pt\/#\/schema\/logo\/image\/","url":"https:\/\/leite-europa.com\/wp-content\/uploads\/2022\/12\/LOGO-LEITE.png","contentUrl":"https:\/\/leite-europa.com\/wp-content\/uploads\/2022\/12\/LOGO-LEITE.png","width":1024,"height":512,"caption":"Leite Europe"},"image":{"@id":"https:\/\/leite-europa.com\/pt-pt\/#\/schema\/logo\/image\/"},"sameAs":["https:\/\/www.facebook.com\/profile.php?id=100089192656837","https:\/\/www.instagram.com\/leite_france_minipelle\/","https:\/\/www.linkedin.com\/company\/leite-france\/"]}]}},"_links":{"self":[{"href":"https:\/\/leite-europa.com\/pt-pt\/wp-json\/wp\/v2\/product\/8259","targetHints":{"allow":["GET"]}}],"collection":[{"href":"https:\/\/leite-europa.com\/pt-pt\/wp-json\/wp\/v2\/product"}],"about":[{"href":"https:\/\/leite-europa.com\/pt-pt\/wp-json\/wp\/v2\/types\/product"}],"wp:featuredmedia":[{"embeddable":true,"href":"https:\/\/leite-europa.com\/pt-pt\/wp-json\/wp\/v2\/media\/9647"}],"wp:attachment":[{"href":"https:\/\/leite-europa.com\/pt-pt\/wp-json\/wp\/v2\/media?parent=8259"}],"wp:term":[{"taxonomy":"product_brand","embeddable":true,"href":"https:\/\/leite-europa.com\/pt-pt\/wp-json\/wp\/v2\/product_brand?post=8259"},{"taxonomy":"product_cat","embeddable":true,"href":"https:\/\/leite-europa.com\/pt-pt\/wp-json\/wp\/v2\/product_cat?post=8259"},{"taxonomy":"product_tag","embeddable":true,"href":"https:\/\/leite-europa.com\/pt-pt\/wp-json\/wp\/v2\/product_tag?post=8259"}],"curies":[{"name":"wp","href":"https:\/\/api.w.org\/{rel}","templated":true}]}}