{"id":8276,"date":"2023-11-07T18:47:30","date_gmt":"2023-11-07T17:47:30","guid":{"rendered":"https:\/\/leite-europa.com\/produit\/fecho-de-aperto-rapido-semi-automatico\/"},"modified":"2024-08-01T12:17:29","modified_gmt":"2024-08-01T10:17:29","slug":"aperto-rapido-semi-automatico","status":"publish","type":"product","link":"https:\/\/leite-europa.com\/pt-pt\/produit\/aperto-rapido-semi-automatico\/","title":{"rendered":"Fecho de aperto r\u00e1pido semi-autom\u00e1tico"},"content":{"rendered":"<p>[et_pb_section fb_built=&#8221;1&#8243; _builder_version=&#8221;4.19.2&#8243; _module_preset=&#8221;default&#8221; background_color=&#8221;#FFFFFF&#8221; custom_padding=&#8221;||4px|||&#8221; global_colors_info=&#8221;{}&#8221;][et_pb_row column_structure=&#8221;1_2,1_2&#8243; _builder_version=&#8221;4.19.2&#8243; _module_preset=&#8221;default&#8221; global_colors_info=&#8221;{}&#8221;][et_pb_column type=&#8221;1_2&#8243; _builder_version=&#8221;4.19.2&#8243; _module_preset=&#8221;default&#8221; global_colors_info=&#8221;{}&#8221;][et_pb_gallery gallery_ids=&#8221;2892,2893,2894&#8243; fullwidth=&#8221;on&#8221; _builder_version=&#8221;4.22.2&#8243; _module_preset=&#8221;default&#8221; global_colors_info=&#8221;{}&#8221;][\/et_pb_gallery][\/et_pb_column][et_pb_column type=&#8221;1_2&#8243; _builder_version=&#8221;4.19.2&#8243; _module_preset=&#8221;default&#8221; global_colors_info=&#8221;{}&#8221;][et_pb_text _builder_version=&#8221;4.22.2&#8243; _module_preset=&#8221;default&#8221; text_line_height=&#8221;2em&#8221; global_colors_info=&#8221;{}&#8221;]<\/p>\n<h2><span style=\"color: #ff6600;\">&#8220;Uma solu\u00e7\u00e3o para poupar ainda mais tempo&#8221;.<\/span><\/h2>\n<p>[\/et_pb_text][et_pb_text _builder_version=&#8221;4.22.2&#8243; _module_preset=&#8221;default&#8221; text_text_color=&#8221;#484F54&#8243; global_colors_info=&#8221;{}&#8221;]<\/p>\n<p>O engate r\u00e1pido semi-autom\u00e1tico Leite para mini-escavadoras foi concebido para maximizar a produtividade e a versatilidade das suas m\u00e1quinas de estaleiro. Fabricado com materiais de alta qualidade, este acess\u00f3rio garante durabilidade e fiabilidade durante as opera\u00e7\u00f5es de terraplanagem.<\/p>\n<p><strong>Caracter\u00edsticas principais:<\/strong><\/p>\n<ol>\n<li><strong>Sistema semi-autom\u00e1tico:<\/strong> Permite a substitui\u00e7\u00e3o r\u00e1pida e f\u00e1cil dos acess\u00f3rios sem necessidade de ferramentas adicionais.<\/li>\n<li><strong>Compatibilidade universal:<\/strong> Concebida para se adaptar perfeitamente a todas as mini-escavadoras Leite, assegurando uma integra\u00e7\u00e3o suave e eficiente.<\/li>\n<li><strong>Materiais robustos :<\/strong> Fabricado em a\u00e7o de alta qualidade, oferece uma \u00f3ptima resist\u00eancia \u00e0 corros\u00e3o e ao desgaste.<\/li>\n<li><strong>Seguran\u00e7a \u00f3ptima:<\/strong> Equipado com um mecanismo de bloqueio seguro para evitar a liberta\u00e7\u00e3o acidental durante o funcionamento.<\/li>\n<li><strong>Peso:<\/strong> Leve e robusto, este engate r\u00e1pido acrescenta pouco peso extra \u00e0 sua m\u00e1quina, preservando o seu desempenho original.<\/li>\n<\/ol>\n<p>[\/et_pb_text][\/et_pb_column][\/et_pb_row][et_pb_row _builder_version=&#8221;4.22.2&#8243; _module_preset=&#8221;default&#8221; global_colors_info=&#8221;{}&#8221;][et_pb_column type=&#8221;4_4&#8243; _builder_version=&#8221;4.22.2&#8243; _module_preset=&#8221;default&#8221; global_colors_info=&#8221;{}&#8221;][et_pb_text _builder_version=&#8221;4.22.2&#8243; _module_preset=&#8221;default&#8221; text_text_color=&#8221;#484F54&#8243; global_colors_info=&#8221;{}&#8221;]<\/p>\n<p><strong>Vantagens :<\/strong><\/p>\n<ul>\n<li><strong>Versatilidade:<\/strong> Permite ao operador mudar rapidamente entre diferentes acess\u00f3rios, tais como baldes, martelos demolidores, garras, etc.<\/li>\n<li><strong>Poupan\u00e7a de tempo:<\/strong> reduz consideravelmente o tempo necess\u00e1rio para mudar os acess\u00f3rios, aumentando a produtividade no local.<\/li>\n<li><strong>Durabilidade:<\/strong> Gra\u00e7as \u00e0 sua constru\u00e7\u00e3o robusta, o fecho de aperto r\u00e1pido garante uma longa vida \u00fatil, mesmo nas condi\u00e7\u00f5es mais dif\u00edceis.<\/li>\n<li><strong>F\u00e1cil de instalar:<\/strong> O acess\u00f3rio foi concebido para uma instala\u00e7\u00e3o r\u00e1pida e f\u00e1cil, sem necessidade de grandes modifica\u00e7\u00f5es na sua mini-escavadora.<\/li>\n<\/ul>\n<p>Aumente a capacidade de adapta\u00e7\u00e3o da sua mini-escavadora Leite \u00e0s diferentes necessidades do estaleiro com o acoplador r\u00e1pido semi-autom\u00e1tico. Fa\u00e7a valer cada minuto no campo, reduzindo os tempos de mudan\u00e7a de acess\u00f3rios e aumentando a versatilidade da sua m\u00e1quina. Invista em desempenho, seguran\u00e7a e efici\u00eancia com este acess\u00f3rio essencial.<\/p>\n<p>[\/et_pb_text][\/et_pb_column][\/et_pb_row][\/et_pb_section][et_pb_section fb_built=&#8221;1&#8243; _builder_version=&#8221;4.19.4&#8243; _module_preset=&#8221;default&#8221; background_color=&#8221;RGBA(255,255,255,0)&#8221; custom_padding=&#8221;2px||4px|||&#8221; global_colors_info=&#8221;{}&#8221;][et_pb_row column_structure=&#8221;1_3,1_3,1_3&#8243; _builder_version=&#8221;4.19.4&#8243; _module_preset=&#8221;default&#8221; animation_direction=&#8221;bottom&#8221; global_colors_info=&#8221;{}&#8221;][et_pb_column type=&#8221;1_3&#8243; _builder_version=&#8221;4.19.4&#8243; _module_preset=&#8221;default&#8221; global_colors_info=&#8221;{}&#8221;][et_pb_image src=&#8221;https:\/\/leite-france.fr\/wp-content\/uploads\/2023\/10\/1.png&#8221; alt=&#8221;Engate r\u00e1pido semi-autom\u00e1tico para mini-escavadoras Dimens\u00f5es Leite&#8221; title_text=&#8221;Engate r\u00e1pido semi-autom\u00e1tico para mini-escavadoras Dimens\u00f5es Leite&#8221; _builder_version=&#8221;4.22.2&#8243; _module_preset=&#8221;default&#8221; global_colors_info=&#8221;{}&#8221;][\/et_pb_image][\/et_pb_column][et_pb_column type=&#8221;1_3&#8243; _builder_version=&#8221;4.19.4&#8243; _module_preset=&#8221;default&#8221; global_colors_info=&#8221;{}&#8221;][et_pb_image src=&#8221;https:\/\/leite-france.fr\/wp-content\/uploads\/2023\/10\/2.png&#8221; alt=&#8221;Engate r\u00e1pido semi-autom\u00e1tico para mini-escavadoras Dimens\u00f5es Leite&#8221; title_text=&#8221;Engate r\u00e1pido semi-autom\u00e1tico para mini-escavadoras Dimens\u00f5es Leite&#8221; _builder_version=&#8221;4.22.2&#8243; _module_preset=&#8221;default&#8221; global_colors_info=&#8221;{}&#8221;][\/et_pb_image][\/et_pb_column][et_pb_column type=&#8221;1_3&#8243; _builder_version=&#8221;4.19.4&#8243; _module_preset=&#8221;default&#8221; global_colors_info=&#8221;{}&#8221;][et_pb_image src=&#8221;https:\/\/leite-france.fr\/wp-content\/uploads\/2023\/10\/3.png&#8221; alt=&#8221;Engate r\u00e1pido para mini-escavadora semi-autom\u00e1tica Leite&#8221; title_text=&#8221;Engate r\u00e1pido semi-autom\u00e1tico para mini-escavadoras Dimens\u00f5es Leite&#8221; _builder_version=&#8221;4.22.2&#8243; _module_preset=&#8221;default&#8221; global_colors_info=&#8221;{}&#8221;][\/et_pb_image][\/et_pb_column][\/et_pb_row][\/et_pb_section]<\/p>\n","protected":false},"excerpt":{"rendered":"<p>&#8220;Uma solu\u00e7\u00e3o para poupar ainda mais tempo&#8221;.O engate r\u00e1pido semi-autom\u00e1tico Leite para mini-escavadoras foi concebido para maximizar a produtividade e a versatilidade das suas m\u00e1quinas de estaleiro. Fabricado com materiais de alta qualidade, este acess\u00f3rio garante durabilidade e fiabilidade durante as opera\u00e7\u00f5es de terraplanagem. Caracter\u00edsticas principais: Sistema semi-autom\u00e1tico: Permite a substitui\u00e7\u00e3o r\u00e1pida e f\u00e1cil dos [&hellip;]<\/p>\n","protected":false},"featured_media":4959,"template":"","meta":{"_et_pb_use_builder":"on","_et_pb_old_content":"","_et_gb_content_width":""},"product_brand":[],"product_cat":[191,205,206,290],"product_tag":[],"class_list":{"0":"post-8276","1":"product","2":"type-product","3":"status-publish","4":"has-post-thumbnail","6":"product_cat-acessorios-para-mini-escavadoras","7":"product_cat-acessorios-para-mini-escavadoras-cl12s","8":"product_cat-acessorios-para-mini-escavadoras-cl18s","9":"product_cat-acessorios-para-miniescavadeiras-cl20","11":"first","12":"instock","13":"taxable","14":"shipping-taxable","15":"purchasable","16":"product-type-variable"},"yoast_head":"<!-- This site is optimized with the Yoast SEO plugin v27.4 - https:\/\/yoast.com\/product\/yoast-seo-wordpress\/ -->\n<title>Fecho de aperto r\u00e1pido semi-autom\u00e1tico - Leite Europe<\/title>\n<meta name=\"description\" content=\"Maximize a versatilidade das suas mini-escavadoras Leite com o nosso engate r\u00e1pido semi-autom\u00e1tico. Durabilidade, seguran\u00e7a e facilidade de utiliza\u00e7\u00e3o.\" \/>\n<meta name=\"robots\" content=\"index, follow, max-snippet:-1, max-image-preview:large, max-video-preview:-1\" \/>\n<link rel=\"canonical\" href=\"https:\/\/leite-europa.com\/pt-pt\/produit\/aperto-rapido-semi-automatico\/\" \/>\n<meta property=\"og:locale\" content=\"pt_PT\" \/>\n<meta property=\"og:type\" content=\"article\" \/>\n<meta property=\"og:title\" content=\"Fecho de aperto r\u00e1pido semi-autom\u00e1tico - Leite Europe\" \/>\n<meta property=\"og:description\" content=\"Maximize a versatilidade das suas mini-escavadoras Leite com o nosso engate r\u00e1pido semi-autom\u00e1tico. Durabilidade, seguran\u00e7a e facilidade de utiliza\u00e7\u00e3o.\" \/>\n<meta property=\"og:url\" content=\"https:\/\/leite-europa.com\/pt-pt\/produit\/aperto-rapido-semi-automatico\/\" \/>\n<meta property=\"og:site_name\" content=\"Leite Europe\" \/>\n<meta property=\"article:publisher\" content=\"https:\/\/www.facebook.com\/profile.php?id=100089192656837\" \/>\n<meta property=\"article:modified_time\" content=\"2024-08-01T10:17:29+00:00\" \/>\n<meta property=\"og:image\" content=\"https:\/\/leite-europa.com\/wp-content\/uploads\/2023\/10\/thumbnail_IMG_7072.jpg\" \/>\n\t<meta property=\"og:image:width\" content=\"1440\" \/>\n\t<meta property=\"og:image:height\" content=\"1920\" \/>\n\t<meta property=\"og:image:type\" content=\"image\/jpeg\" \/>\n<meta name=\"twitter:card\" content=\"summary_large_image\" \/>\n<meta name=\"twitter:label1\" content=\"Tempo estimado de leitura\" \/>\n\t<meta name=\"twitter:data1\" content=\"3 minutos\" \/>\n<script type=\"application\/ld+json\" class=\"yoast-schema-graph\">{\"@context\":\"https:\\\/\\\/schema.org\",\"@graph\":[{\"@type\":\"WebPage\",\"@id\":\"https:\\\/\\\/leite-europa.com\\\/pt-pt\\\/produit\\\/aperto-rapido-semi-automatico\\\/\",\"url\":\"https:\\\/\\\/leite-europa.com\\\/pt-pt\\\/produit\\\/aperto-rapido-semi-automatico\\\/\",\"name\":\"Fecho de aperto r\u00e1pido semi-autom\u00e1tico - Leite Europe\",\"isPartOf\":{\"@id\":\"https:\\\/\\\/leite-europa.com\\\/pt-pt\\\/#website\"},\"primaryImageOfPage\":{\"@id\":\"https:\\\/\\\/leite-europa.com\\\/pt-pt\\\/produit\\\/aperto-rapido-semi-automatico\\\/#primaryimage\"},\"image\":{\"@id\":\"https:\\\/\\\/leite-europa.com\\\/pt-pt\\\/produit\\\/aperto-rapido-semi-automatico\\\/#primaryimage\"},\"thumbnailUrl\":\"https:\\\/\\\/leite-europa.com\\\/wp-content\\\/uploads\\\/2023\\\/10\\\/thumbnail_IMG_7072.jpg\",\"datePublished\":\"2023-11-07T17:47:30+00:00\",\"dateModified\":\"2024-08-01T10:17:29+00:00\",\"description\":\"Maximize a versatilidade das suas mini-escavadoras Leite com o nosso engate r\u00e1pido semi-autom\u00e1tico. Durabilidade, seguran\u00e7a e facilidade de utiliza\u00e7\u00e3o.\",\"breadcrumb\":{\"@id\":\"https:\\\/\\\/leite-europa.com\\\/pt-pt\\\/produit\\\/aperto-rapido-semi-automatico\\\/#breadcrumb\"},\"inLanguage\":\"pt-PT\",\"potentialAction\":[{\"@type\":\"ReadAction\",\"target\":[\"https:\\\/\\\/leite-europa.com\\\/pt-pt\\\/produit\\\/aperto-rapido-semi-automatico\\\/\"]}]},{\"@type\":\"ImageObject\",\"inLanguage\":\"pt-PT\",\"@id\":\"https:\\\/\\\/leite-europa.com\\\/pt-pt\\\/produit\\\/aperto-rapido-semi-automatico\\\/#primaryimage\",\"url\":\"https:\\\/\\\/leite-europa.com\\\/wp-content\\\/uploads\\\/2023\\\/10\\\/thumbnail_IMG_7072.jpg\",\"contentUrl\":\"https:\\\/\\\/leite-europa.com\\\/wp-content\\\/uploads\\\/2023\\\/10\\\/thumbnail_IMG_7072.jpg\",\"width\":1440,\"height\":1920,\"caption\":\"Engate r\u00e1pido para mini-escavadora semi-autom\u00e1tica Leite\"},{\"@type\":\"BreadcrumbList\",\"@id\":\"https:\\\/\\\/leite-europa.com\\\/pt-pt\\\/produit\\\/aperto-rapido-semi-automatico\\\/#breadcrumb\",\"itemListElement\":[{\"@type\":\"ListItem\",\"position\":1,\"name\":\"Accueil\",\"item\":\"https:\\\/\\\/leite-europa.com\\\/pt-pt\\\/inicio\\\/\"},{\"@type\":\"ListItem\",\"position\":2,\"name\":\"Boutique\",\"item\":\"https:\\\/\\\/leite-europa.com\\\/fr\\\/boutique\\\/\"},{\"@type\":\"ListItem\",\"position\":3,\"name\":\"Fecho de aperto r\u00e1pido semi-autom\u00e1tico\"}]},{\"@type\":\"WebSite\",\"@id\":\"https:\\\/\\\/leite-europa.com\\\/pt-pt\\\/#website\",\"url\":\"https:\\\/\\\/leite-europa.com\\\/pt-pt\\\/\",\"name\":\"Leite Europe\",\"description\":\"\",\"publisher\":{\"@id\":\"https:\\\/\\\/leite-europa.com\\\/pt-pt\\\/#organization\"},\"potentialAction\":[{\"@type\":\"SearchAction\",\"target\":{\"@type\":\"EntryPoint\",\"urlTemplate\":\"https:\\\/\\\/leite-europa.com\\\/pt-pt\\\/?s={search_term_string}\"},\"query-input\":{\"@type\":\"PropertyValueSpecification\",\"valueRequired\":true,\"valueName\":\"search_term_string\"}}],\"inLanguage\":\"pt-PT\"},{\"@type\":\"Organization\",\"@id\":\"https:\\\/\\\/leite-europa.com\\\/pt-pt\\\/#organization\",\"name\":\"Leite Europe\",\"url\":\"https:\\\/\\\/leite-europa.com\\\/pt-pt\\\/\",\"logo\":{\"@type\":\"ImageObject\",\"inLanguage\":\"pt-PT\",\"@id\":\"https:\\\/\\\/leite-europa.com\\\/pt-pt\\\/#\\\/schema\\\/logo\\\/image\\\/\",\"url\":\"https:\\\/\\\/leite-europa.com\\\/wp-content\\\/uploads\\\/2022\\\/12\\\/LOGO-LEITE.png\",\"contentUrl\":\"https:\\\/\\\/leite-europa.com\\\/wp-content\\\/uploads\\\/2022\\\/12\\\/LOGO-LEITE.png\",\"width\":1024,\"height\":512,\"caption\":\"Leite Europe\"},\"image\":{\"@id\":\"https:\\\/\\\/leite-europa.com\\\/pt-pt\\\/#\\\/schema\\\/logo\\\/image\\\/\"},\"sameAs\":[\"https:\\\/\\\/www.facebook.com\\\/profile.php?id=100089192656837\",\"https:\\\/\\\/www.instagram.com\\\/leite_france_minipelle\\\/\",\"https:\\\/\\\/www.linkedin.com\\\/company\\\/leite-france\\\/\"]}]}<\/script>\n<!-- \/ Yoast SEO plugin. -->","yoast_head_json":{"title":"Fecho de aperto r\u00e1pido semi-autom\u00e1tico - Leite Europe","description":"Maximize a versatilidade das suas mini-escavadoras Leite com o nosso engate r\u00e1pido semi-autom\u00e1tico. Durabilidade, seguran\u00e7a e facilidade de utiliza\u00e7\u00e3o.","robots":{"index":"index","follow":"follow","max-snippet":"max-snippet:-1","max-image-preview":"max-image-preview:large","max-video-preview":"max-video-preview:-1"},"canonical":"https:\/\/leite-europa.com\/pt-pt\/produit\/aperto-rapido-semi-automatico\/","og_locale":"pt_PT","og_type":"article","og_title":"Fecho de aperto r\u00e1pido semi-autom\u00e1tico - Leite Europe","og_description":"Maximize a versatilidade das suas mini-escavadoras Leite com o nosso engate r\u00e1pido semi-autom\u00e1tico. Durabilidade, seguran\u00e7a e facilidade de utiliza\u00e7\u00e3o.","og_url":"https:\/\/leite-europa.com\/pt-pt\/produit\/aperto-rapido-semi-automatico\/","og_site_name":"Leite Europe","article_publisher":"https:\/\/www.facebook.com\/profile.php?id=100089192656837","article_modified_time":"2024-08-01T10:17:29+00:00","og_image":[{"width":1440,"height":1920,"url":"https:\/\/leite-europa.com\/wp-content\/uploads\/2023\/10\/thumbnail_IMG_7072.jpg","type":"image\/jpeg"}],"twitter_card":"summary_large_image","twitter_misc":{"Tempo estimado de leitura":"3 minutos"},"schema":{"@context":"https:\/\/schema.org","@graph":[{"@type":"WebPage","@id":"https:\/\/leite-europa.com\/pt-pt\/produit\/aperto-rapido-semi-automatico\/","url":"https:\/\/leite-europa.com\/pt-pt\/produit\/aperto-rapido-semi-automatico\/","name":"Fecho de aperto r\u00e1pido semi-autom\u00e1tico - Leite Europe","isPartOf":{"@id":"https:\/\/leite-europa.com\/pt-pt\/#website"},"primaryImageOfPage":{"@id":"https:\/\/leite-europa.com\/pt-pt\/produit\/aperto-rapido-semi-automatico\/#primaryimage"},"image":{"@id":"https:\/\/leite-europa.com\/pt-pt\/produit\/aperto-rapido-semi-automatico\/#primaryimage"},"thumbnailUrl":"https:\/\/leite-europa.com\/wp-content\/uploads\/2023\/10\/thumbnail_IMG_7072.jpg","datePublished":"2023-11-07T17:47:30+00:00","dateModified":"2024-08-01T10:17:29+00:00","description":"Maximize a versatilidade das suas mini-escavadoras Leite com o nosso engate r\u00e1pido semi-autom\u00e1tico. Durabilidade, seguran\u00e7a e facilidade de utiliza\u00e7\u00e3o.","breadcrumb":{"@id":"https:\/\/leite-europa.com\/pt-pt\/produit\/aperto-rapido-semi-automatico\/#breadcrumb"},"inLanguage":"pt-PT","potentialAction":[{"@type":"ReadAction","target":["https:\/\/leite-europa.com\/pt-pt\/produit\/aperto-rapido-semi-automatico\/"]}]},{"@type":"ImageObject","inLanguage":"pt-PT","@id":"https:\/\/leite-europa.com\/pt-pt\/produit\/aperto-rapido-semi-automatico\/#primaryimage","url":"https:\/\/leite-europa.com\/wp-content\/uploads\/2023\/10\/thumbnail_IMG_7072.jpg","contentUrl":"https:\/\/leite-europa.com\/wp-content\/uploads\/2023\/10\/thumbnail_IMG_7072.jpg","width":1440,"height":1920,"caption":"Engate r\u00e1pido para mini-escavadora semi-autom\u00e1tica Leite"},{"@type":"BreadcrumbList","@id":"https:\/\/leite-europa.com\/pt-pt\/produit\/aperto-rapido-semi-automatico\/#breadcrumb","itemListElement":[{"@type":"ListItem","position":1,"name":"Accueil","item":"https:\/\/leite-europa.com\/pt-pt\/inicio\/"},{"@type":"ListItem","position":2,"name":"Boutique","item":"https:\/\/leite-europa.com\/fr\/boutique\/"},{"@type":"ListItem","position":3,"name":"Fecho de aperto r\u00e1pido semi-autom\u00e1tico"}]},{"@type":"WebSite","@id":"https:\/\/leite-europa.com\/pt-pt\/#website","url":"https:\/\/leite-europa.com\/pt-pt\/","name":"Leite Europe","description":"","publisher":{"@id":"https:\/\/leite-europa.com\/pt-pt\/#organization"},"potentialAction":[{"@type":"SearchAction","target":{"@type":"EntryPoint","urlTemplate":"https:\/\/leite-europa.com\/pt-pt\/?s={search_term_string}"},"query-input":{"@type":"PropertyValueSpecification","valueRequired":true,"valueName":"search_term_string"}}],"inLanguage":"pt-PT"},{"@type":"Organization","@id":"https:\/\/leite-europa.com\/pt-pt\/#organization","name":"Leite Europe","url":"https:\/\/leite-europa.com\/pt-pt\/","logo":{"@type":"ImageObject","inLanguage":"pt-PT","@id":"https:\/\/leite-europa.com\/pt-pt\/#\/schema\/logo\/image\/","url":"https:\/\/leite-europa.com\/wp-content\/uploads\/2022\/12\/LOGO-LEITE.png","contentUrl":"https:\/\/leite-europa.com\/wp-content\/uploads\/2022\/12\/LOGO-LEITE.png","width":1024,"height":512,"caption":"Leite Europe"},"image":{"@id":"https:\/\/leite-europa.com\/pt-pt\/#\/schema\/logo\/image\/"},"sameAs":["https:\/\/www.facebook.com\/profile.php?id=100089192656837","https:\/\/www.instagram.com\/leite_france_minipelle\/","https:\/\/www.linkedin.com\/company\/leite-france\/"]}]}},"_links":{"self":[{"href":"https:\/\/leite-europa.com\/pt-pt\/wp-json\/wp\/v2\/product\/8276","targetHints":{"allow":["GET"]}}],"collection":[{"href":"https:\/\/leite-europa.com\/pt-pt\/wp-json\/wp\/v2\/product"}],"about":[{"href":"https:\/\/leite-europa.com\/pt-pt\/wp-json\/wp\/v2\/types\/product"}],"wp:featuredmedia":[{"embeddable":true,"href":"https:\/\/leite-europa.com\/pt-pt\/wp-json\/wp\/v2\/media\/4959"}],"wp:attachment":[{"href":"https:\/\/leite-europa.com\/pt-pt\/wp-json\/wp\/v2\/media?parent=8276"}],"wp:term":[{"taxonomy":"product_brand","embeddable":true,"href":"https:\/\/leite-europa.com\/pt-pt\/wp-json\/wp\/v2\/product_brand?post=8276"},{"taxonomy":"product_cat","embeddable":true,"href":"https:\/\/leite-europa.com\/pt-pt\/wp-json\/wp\/v2\/product_cat?post=8276"},{"taxonomy":"product_tag","embeddable":true,"href":"https:\/\/leite-europa.com\/pt-pt\/wp-json\/wp\/v2\/product_tag?post=8276"}],"curies":[{"name":"wp","href":"https:\/\/api.w.org\/{rel}","templated":true}]}}