{"id":8277,"date":"2023-11-07T18:44:51","date_gmt":"2023-11-07T17:44:51","guid":{"rendered":"https:\/\/leite-europa.com\/produit\/balde-inclinavel\/"},"modified":"2024-07-29T11:55:49","modified_gmt":"2024-07-29T09:55:49","slug":"balde-orientavel-inclinado","status":"publish","type":"product","link":"https:\/\/leite-europa.com\/pt-pt\/produit\/balde-orientavel-inclinado\/","title":{"rendered":"Balde inclin\u00e1vel"},"content":{"rendered":"<p>[et_pb_section fb_built=&#8221;1&#8243; _builder_version=&#8221;4.19.2&#8243; _module_preset=&#8221;default&#8221; background_color=&#8221;#FFFFFF&#8221; custom_padding=&#8221;||4px|||&#8221; global_colors_info=&#8221;{}&#8221;][et_pb_row column_structure=&#8221;1_2,1_2&#8243; _builder_version=&#8221;4.19.2&#8243; _module_preset=&#8221;default&#8221; global_colors_info=&#8221;{}&#8221;][et_pb_column type=&#8221;1_2&#8243; _builder_version=&#8221;4.19.2&#8243; _module_preset=&#8221;default&#8221; global_colors_info=&#8221;{}&#8221;][et_pb_gallery gallery_ids=&#8221;2395&#8243; fullwidth=&#8221;on&#8221; _builder_version=&#8221;4.21.2&#8243; _module_preset=&#8221;default&#8221; global_colors_info=&#8221;{}&#8221;][\/et_pb_gallery][\/et_pb_column][et_pb_column type=&#8221;1_2&#8243; _builder_version=&#8221;4.19.2&#8243; _module_preset=&#8221;default&#8221; global_colors_info=&#8221;{}&#8221;][et_pb_text _builder_version=&#8221;4.20.4&#8243; _module_preset=&#8221;default&#8221; text_line_height=&#8221;2em&#8221; header_2_text_color=&#8221;#E75F0D&#8221; global_colors_info=&#8221;{}&#8221;]<\/p>\n<h2>&#8220;Balde inclin\u00e1vel: precis\u00e3o para o seu trabalho&#8221;.<\/h2>\n<p>[\/et_pb_text][et_pb_text _builder_version=&#8221;4.21.2&#8243; _module_preset=&#8221;default&#8221; text_orientation=&#8221;justified&#8221; global_colors_info=&#8221;{}&#8221;]<\/p>\n<p>Conhecido por v\u00e1rios nomes &#8211; balde basculante, balde girat\u00f3rio, balde inclin\u00e1vel, balde rotativo, balde articulado, balde de inclina\u00e7\u00e3o vari\u00e1vel, balde de inclina\u00e7\u00e3o ajust\u00e1vel, balde multidirecional, balde de movimento lateral ou balde de inclina\u00e7\u00e3o ajust\u00e1vel &#8211; o <strong>balde TILT<\/strong> da <strong>Leite<\/strong> \u00e9 um acess\u00f3rio da gama Leite para equipamentos de constru\u00e7\u00e3o concebido para maximizar a precis\u00e3o, a flexibilidade e a efic\u00e1cia dos trabalhos de escava\u00e7\u00e3o. Especialmente adaptado \u00e0s nossas mini-escavadoras Leite, este balde dirig\u00edvel &#8220;TILT&#8221; oferece uma sinergia e uma adaptabilidade sem precedentes no terreno.<\/p>\n<h3>Caracter\u00edsticas principais:<\/h3>\n<h3><strong style=\"font-size: 14px; color: #484f54; font-family: Montserrat, Helvetica, Arial, Lucida, sans-serif;\">Conce\u00e7\u00e3o integrada<\/strong><span style=\"font-size: 14px; color: #484f54; font-family: Montserrat, Helvetica, Arial, Lucida, sans-serif;\">Especialmente concebido para ser compat\u00edvel com as mini-escavadoras Leite, o balde basculante <\/span><strong style=\"font-size: 14px; color: #484f54; font-family: Montserrat, Helvetica, Arial, Lucida, sans-serif;\">balde basculante &#8220;TILT<\/strong><span style=\"font-size: 14px; color: #484f54; font-family: Montserrat, Helvetica, Arial, Lucida, sans-serif;\"> garante uma instala\u00e7\u00e3o sem problemas e um desempenho \u00f3timo.<\/span><\/h3>\n<h3><strong style=\"font-size: 14px; color: #484f54; font-family: Montserrat, Helvetica, Arial, Lucida, sans-serif;\">Flexibilidade de movimentos<\/strong><span style=\"font-size: 14px; color: #484f54; font-family: Montserrat, Helvetica, Arial, Lucida, sans-serif;\">O nosso <\/span><strong style=\"font-size: 14px; color: #484f54; font-family: Montserrat, Helvetica, Arial, Lucida, sans-serif;\">balde dirig\u00edvel &#8220;TILT<\/strong><span style=\"font-size: 14px; color: #484f54; font-family: Montserrat, Helvetica, Arial, Lucida, sans-serif;\"> pode inclinar-se at\u00e9 30\u00b0 para qualquer lado, facilitando a escava\u00e7\u00e3o, o nivelamento e a movimenta\u00e7\u00e3o de terras, mesmo em \u00e1reas de dif\u00edcil acesso.<\/span><\/h3>\n<h3><strong style=\"font-size: 14px; color: #484f54; font-family: Montserrat, Helvetica, Arial, Lucida, sans-serif;\">Constru\u00e7\u00e3o robusta<\/strong><span style=\"font-size: 14px; color: #484f54; font-family: Montserrat, Helvetica, Arial, Lucida, sans-serif;\">Fabricado em a\u00e7o de alta qualidade, promete uma durabilidade e resist\u00eancia inigual\u00e1veis.<\/span><\/h3>\n<p>&nbsp;<\/p>\n<p>[\/et_pb_text][\/et_pb_column][\/et_pb_row][\/et_pb_section][et_pb_section fb_built=&#8221;1&#8243; _builder_version=&#8221;4.20.4&#8243; _module_preset=&#8221;default&#8221; background_enable_color=&#8221;off&#8221; global_colors_info=&#8221;{}&#8221;][et_pb_row _builder_version=&#8221;4.20.4&#8243; _module_preset=&#8221;default&#8221; global_colors_info=&#8221;{}&#8221;][et_pb_column type=&#8221;4_4&#8243; _builder_version=&#8221;4.20.4&#8243; _module_preset=&#8221;default&#8221; global_colors_info=&#8221;{}&#8221;][et_pb_text _builder_version=&#8221;4.20.4&#8243; _module_preset=&#8221;default&#8221; header_2_text_color=&#8221;#444245&#8243; global_colors_info=&#8221;{}&#8221;]<\/p>\n<h2>Precis\u00e3o no centro dos seus projectos com o balde basculante<\/h2>\n<p>[\/et_pb_text][et_pb_text _builder_version=&#8221;4.20.4&#8243; _module_preset=&#8221;default&#8221; text_text_color=&#8221;#000000&#8243; global_colors_info=&#8221;{}&#8221;]<\/p>\n<h3 style=\"text-align: justify;\">Aplica\u00e7\u00f5es :<\/h3>\n<ul style=\"text-align: justify;\">\n<li>Escava\u00e7\u00e3o precisa em torno de obst\u00e1culos como tubagens ou funda\u00e7\u00f5es.<\/li>\n<li>Nivelamento e terraplanagem em terrenos irregulares ou inclinados.<\/li>\n<li>Trabalhos de paisagismo que exigem a precis\u00e3o de um <strong>balde dirig\u00edvel &#8220;TILT&#8221;<\/strong>.<\/li>\n<li>Cria\u00e7\u00e3o de trincheiras ou valas com uma inclina\u00e7\u00e3o espec\u00edfica.<\/li>\n<\/ul>\n<h3 style=\"text-align: justify;\">Especifica\u00e7\u00f5es t\u00e9cnicas :<\/h3>\n<ul style=\"text-align: justify;\">\n<li><strong>Largura<\/strong>: 80cm.<\/li>\n<li><strong>Capacidade<\/strong>: 0,35 m\u00b3.<\/li>\n<li><strong>\u00c2ngulo de inclina\u00e7\u00e3o<\/strong>: at\u00e9 30\u00b0 para a esquerda e para a direita.<\/li>\n<li><strong>Material<\/strong>: a\u00e7o de alta resist\u00eancia.<\/li>\n<li><strong>Compatibilidade<\/strong>: Concebida exclusivamente para as mini-escavadoras Leite.<\/li>\n<\/ul>\n<p style=\"text-align: justify;\">O <strong>balde dirig\u00edvel Leite &#8220;TILT&#8221;<\/strong> \u00e9 a solu\u00e7\u00e3o ideal para os profissionais que utilizam as nossas mini-escavadoras Leite. O seu design personalizado assegura uma compatibilidade perfeita, proporcionando um desempenho excecional de escava\u00e7\u00e3o e movimenta\u00e7\u00e3o de terras. Para quem procura o melhor em termos de efici\u00eancia e durabilidade, o <strong>balde girat\u00f3rio &#8220;TILT&#8221;<\/strong> \u00e9 a escolha \u00f3bvia.<\/p>\n<ol style=\"text-align: justify;\"><\/ol>\n<p>[\/et_pb_text][\/et_pb_column][\/et_pb_row][et_pb_row _builder_version=&#8221;4.21.2&#8243; _module_preset=&#8221;default&#8221; global_colors_info=&#8221;{}&#8221;][et_pb_column type=&#8221;4_4&#8243; _builder_version=&#8221;4.21.2&#8243; _module_preset=&#8221;default&#8221; global_colors_info=&#8221;{}&#8221;][et_pb_gallery gallery_ids=&#8221;2400,2401,2402,2403,2404,2405,2406,2407,2408,2409,2410,2411,2412,2413,2399&#8243; fullwidth=&#8221;on&#8221; _builder_version=&#8221;4.21.2&#8243; _module_preset=&#8221;default&#8221; global_colors_info=&#8221;{}&#8221;][\/et_pb_gallery][\/et_pb_column][\/et_pb_row][\/et_pb_section]<\/p>\n","protected":false},"excerpt":{"rendered":"<p>&#8220;Balde inclin\u00e1vel: precis\u00e3o para o seu trabalho&#8221;.Conhecido por v\u00e1rios nomes &#8211; balde basculante, balde girat\u00f3rio, balde inclin\u00e1vel, balde rotativo, balde articulado, balde de inclina\u00e7\u00e3o vari\u00e1vel, balde de inclina\u00e7\u00e3o ajust\u00e1vel, balde multidirecional, balde de movimento lateral ou balde de inclina\u00e7\u00e3o ajust\u00e1vel &#8211; o balde TILT da Leite \u00e9 um acess\u00f3rio da gama Leite para equipamentos de [&hellip;]<\/p>\n","protected":false},"featured_media":4559,"template":"","meta":{"_et_pb_use_builder":"on","_et_pb_old_content":"","_et_gb_content_width":""},"product_brand":[],"product_cat":[191,205,206,290],"product_tag":[],"class_list":{"0":"post-8277","1":"product","2":"type-product","3":"status-publish","4":"has-post-thumbnail","6":"product_cat-acessorios-para-mini-escavadoras","7":"product_cat-acessorios-para-mini-escavadoras-cl12s","8":"product_cat-acessorios-para-mini-escavadoras-cl18s","9":"product_cat-acessorios-para-miniescavadeiras-cl20","11":"first","12":"instock","13":"taxable","14":"shipping-taxable","15":"purchasable","16":"product-type-variable"},"yoast_head":"<!-- This site is optimized with the Yoast SEO plugin v27.3 - https:\/\/yoast.com\/product\/yoast-seo-wordpress\/ -->\n<title>Balde inclin\u00e1vel - Leite Europe<\/title>\n<meta name=\"description\" content=\"O balde orient\u00e1vel Tilt \u00e9 a ferramenta essencial para melhorar a precis\u00e3o e a flexibilidade do seu trabalho.\" \/>\n<meta name=\"robots\" content=\"index, follow, max-snippet:-1, max-image-preview:large, max-video-preview:-1\" \/>\n<link rel=\"canonical\" href=\"https:\/\/leite-europa.com\/pt-pt\/produit\/balde-orientavel-inclinado\/\" \/>\n<meta property=\"og:locale\" content=\"pt_PT\" \/>\n<meta property=\"og:type\" content=\"article\" \/>\n<meta property=\"og:title\" content=\"Balde inclin\u00e1vel - Leite Europe\" \/>\n<meta property=\"og:description\" content=\"O balde orient\u00e1vel Tilt \u00e9 a ferramenta essencial para melhorar a precis\u00e3o e a flexibilidade do seu trabalho.\" \/>\n<meta property=\"og:url\" content=\"https:\/\/leite-europa.com\/pt-pt\/produit\/balde-orientavel-inclinado\/\" \/>\n<meta property=\"og:site_name\" content=\"Leite Europe\" \/>\n<meta property=\"article:publisher\" content=\"https:\/\/www.facebook.com\/profile.php?id=100089192656837\" \/>\n<meta property=\"article:modified_time\" content=\"2024-07-29T09:55:49+00:00\" \/>\n<meta property=\"og:image\" content=\"https:\/\/leite-europa.com\/wp-content\/uploads\/2023\/07\/IMG_6431.jpeg\" \/>\n\t<meta property=\"og:image:width\" content=\"1440\" \/>\n\t<meta property=\"og:image:height\" content=\"1920\" \/>\n\t<meta property=\"og:image:type\" content=\"image\/jpeg\" \/>\n<meta name=\"twitter:card\" content=\"summary_large_image\" \/>\n<meta name=\"twitter:label1\" content=\"Tempo estimado de leitura\" \/>\n\t<meta name=\"twitter:data1\" content=\"3 minutos\" \/>\n<script type=\"application\/ld+json\" class=\"yoast-schema-graph\">{\"@context\":\"https:\\\/\\\/schema.org\",\"@graph\":[{\"@type\":\"WebPage\",\"@id\":\"https:\\\/\\\/leite-europa.com\\\/pt-pt\\\/produit\\\/balde-orientavel-inclinado\\\/\",\"url\":\"https:\\\/\\\/leite-europa.com\\\/pt-pt\\\/produit\\\/balde-orientavel-inclinado\\\/\",\"name\":\"Balde inclin\u00e1vel - Leite Europe\",\"isPartOf\":{\"@id\":\"https:\\\/\\\/leite-europa.com\\\/pt-pt\\\/#website\"},\"primaryImageOfPage\":{\"@id\":\"https:\\\/\\\/leite-europa.com\\\/pt-pt\\\/produit\\\/balde-orientavel-inclinado\\\/#primaryimage\"},\"image\":{\"@id\":\"https:\\\/\\\/leite-europa.com\\\/pt-pt\\\/produit\\\/balde-orientavel-inclinado\\\/#primaryimage\"},\"thumbnailUrl\":\"https:\\\/\\\/leite-europa.com\\\/wp-content\\\/uploads\\\/2023\\\/07\\\/IMG_6431.jpeg\",\"datePublished\":\"2023-11-07T17:44:51+00:00\",\"dateModified\":\"2024-07-29T09:55:49+00:00\",\"description\":\"O balde orient\u00e1vel Tilt \u00e9 a ferramenta essencial para melhorar a precis\u00e3o e a flexibilidade do seu trabalho.\",\"breadcrumb\":{\"@id\":\"https:\\\/\\\/leite-europa.com\\\/pt-pt\\\/produit\\\/balde-orientavel-inclinado\\\/#breadcrumb\"},\"inLanguage\":\"pt-PT\",\"potentialAction\":[{\"@type\":\"ReadAction\",\"target\":[\"https:\\\/\\\/leite-europa.com\\\/pt-pt\\\/produit\\\/balde-orientavel-inclinado\\\/\"]}]},{\"@type\":\"ImageObject\",\"inLanguage\":\"pt-PT\",\"@id\":\"https:\\\/\\\/leite-europa.com\\\/pt-pt\\\/produit\\\/balde-orientavel-inclinado\\\/#primaryimage\",\"url\":\"https:\\\/\\\/leite-europa.com\\\/wp-content\\\/uploads\\\/2023\\\/07\\\/IMG_6431.jpeg\",\"contentUrl\":\"https:\\\/\\\/leite-europa.com\\\/wp-content\\\/uploads\\\/2023\\\/07\\\/IMG_6431.jpeg\",\"width\":1440,\"height\":1920,\"caption\":\"Mini p\u00e1 de balde basculante leite\"},{\"@type\":\"BreadcrumbList\",\"@id\":\"https:\\\/\\\/leite-europa.com\\\/pt-pt\\\/produit\\\/balde-orientavel-inclinado\\\/#breadcrumb\",\"itemListElement\":[{\"@type\":\"ListItem\",\"position\":1,\"name\":\"Accueil\",\"item\":\"https:\\\/\\\/leite-europa.com\\\/pt-pt\\\/inicio\\\/\"},{\"@type\":\"ListItem\",\"position\":2,\"name\":\"Boutique\",\"item\":\"https:\\\/\\\/leite-europa.com\\\/fr\\\/boutique\\\/\"},{\"@type\":\"ListItem\",\"position\":3,\"name\":\"Balde inclin\u00e1vel\"}]},{\"@type\":\"WebSite\",\"@id\":\"https:\\\/\\\/leite-europa.com\\\/pt-pt\\\/#website\",\"url\":\"https:\\\/\\\/leite-europa.com\\\/pt-pt\\\/\",\"name\":\"Leite Europe\",\"description\":\"\",\"publisher\":{\"@id\":\"https:\\\/\\\/leite-europa.com\\\/pt-pt\\\/#organization\"},\"potentialAction\":[{\"@type\":\"SearchAction\",\"target\":{\"@type\":\"EntryPoint\",\"urlTemplate\":\"https:\\\/\\\/leite-europa.com\\\/pt-pt\\\/?s={search_term_string}\"},\"query-input\":{\"@type\":\"PropertyValueSpecification\",\"valueRequired\":true,\"valueName\":\"search_term_string\"}}],\"inLanguage\":\"pt-PT\"},{\"@type\":\"Organization\",\"@id\":\"https:\\\/\\\/leite-europa.com\\\/pt-pt\\\/#organization\",\"name\":\"Leite Europe\",\"url\":\"https:\\\/\\\/leite-europa.com\\\/pt-pt\\\/\",\"logo\":{\"@type\":\"ImageObject\",\"inLanguage\":\"pt-PT\",\"@id\":\"https:\\\/\\\/leite-europa.com\\\/pt-pt\\\/#\\\/schema\\\/logo\\\/image\\\/\",\"url\":\"https:\\\/\\\/leite-europa.com\\\/wp-content\\\/uploads\\\/2022\\\/12\\\/LOGO-LEITE.png\",\"contentUrl\":\"https:\\\/\\\/leite-europa.com\\\/wp-content\\\/uploads\\\/2022\\\/12\\\/LOGO-LEITE.png\",\"width\":1024,\"height\":512,\"caption\":\"Leite Europe\"},\"image\":{\"@id\":\"https:\\\/\\\/leite-europa.com\\\/pt-pt\\\/#\\\/schema\\\/logo\\\/image\\\/\"},\"sameAs\":[\"https:\\\/\\\/www.facebook.com\\\/profile.php?id=100089192656837\",\"https:\\\/\\\/www.instagram.com\\\/leite_france_minipelle\\\/\",\"https:\\\/\\\/www.linkedin.com\\\/company\\\/leite-france\\\/\"]}]}<\/script>\n<!-- \/ Yoast SEO plugin. -->","yoast_head_json":{"title":"Balde inclin\u00e1vel - Leite Europe","description":"O balde orient\u00e1vel Tilt \u00e9 a ferramenta essencial para melhorar a precis\u00e3o e a flexibilidade do seu trabalho.","robots":{"index":"index","follow":"follow","max-snippet":"max-snippet:-1","max-image-preview":"max-image-preview:large","max-video-preview":"max-video-preview:-1"},"canonical":"https:\/\/leite-europa.com\/pt-pt\/produit\/balde-orientavel-inclinado\/","og_locale":"pt_PT","og_type":"article","og_title":"Balde inclin\u00e1vel - Leite Europe","og_description":"O balde orient\u00e1vel Tilt \u00e9 a ferramenta essencial para melhorar a precis\u00e3o e a flexibilidade do seu trabalho.","og_url":"https:\/\/leite-europa.com\/pt-pt\/produit\/balde-orientavel-inclinado\/","og_site_name":"Leite Europe","article_publisher":"https:\/\/www.facebook.com\/profile.php?id=100089192656837","article_modified_time":"2024-07-29T09:55:49+00:00","og_image":[{"width":1440,"height":1920,"url":"https:\/\/leite-europa.com\/wp-content\/uploads\/2023\/07\/IMG_6431.jpeg","type":"image\/jpeg"}],"twitter_card":"summary_large_image","twitter_misc":{"Tempo estimado de leitura":"3 minutos"},"schema":{"@context":"https:\/\/schema.org","@graph":[{"@type":"WebPage","@id":"https:\/\/leite-europa.com\/pt-pt\/produit\/balde-orientavel-inclinado\/","url":"https:\/\/leite-europa.com\/pt-pt\/produit\/balde-orientavel-inclinado\/","name":"Balde inclin\u00e1vel - Leite Europe","isPartOf":{"@id":"https:\/\/leite-europa.com\/pt-pt\/#website"},"primaryImageOfPage":{"@id":"https:\/\/leite-europa.com\/pt-pt\/produit\/balde-orientavel-inclinado\/#primaryimage"},"image":{"@id":"https:\/\/leite-europa.com\/pt-pt\/produit\/balde-orientavel-inclinado\/#primaryimage"},"thumbnailUrl":"https:\/\/leite-europa.com\/wp-content\/uploads\/2023\/07\/IMG_6431.jpeg","datePublished":"2023-11-07T17:44:51+00:00","dateModified":"2024-07-29T09:55:49+00:00","description":"O balde orient\u00e1vel Tilt \u00e9 a ferramenta essencial para melhorar a precis\u00e3o e a flexibilidade do seu trabalho.","breadcrumb":{"@id":"https:\/\/leite-europa.com\/pt-pt\/produit\/balde-orientavel-inclinado\/#breadcrumb"},"inLanguage":"pt-PT","potentialAction":[{"@type":"ReadAction","target":["https:\/\/leite-europa.com\/pt-pt\/produit\/balde-orientavel-inclinado\/"]}]},{"@type":"ImageObject","inLanguage":"pt-PT","@id":"https:\/\/leite-europa.com\/pt-pt\/produit\/balde-orientavel-inclinado\/#primaryimage","url":"https:\/\/leite-europa.com\/wp-content\/uploads\/2023\/07\/IMG_6431.jpeg","contentUrl":"https:\/\/leite-europa.com\/wp-content\/uploads\/2023\/07\/IMG_6431.jpeg","width":1440,"height":1920,"caption":"Mini p\u00e1 de balde basculante leite"},{"@type":"BreadcrumbList","@id":"https:\/\/leite-europa.com\/pt-pt\/produit\/balde-orientavel-inclinado\/#breadcrumb","itemListElement":[{"@type":"ListItem","position":1,"name":"Accueil","item":"https:\/\/leite-europa.com\/pt-pt\/inicio\/"},{"@type":"ListItem","position":2,"name":"Boutique","item":"https:\/\/leite-europa.com\/fr\/boutique\/"},{"@type":"ListItem","position":3,"name":"Balde inclin\u00e1vel"}]},{"@type":"WebSite","@id":"https:\/\/leite-europa.com\/pt-pt\/#website","url":"https:\/\/leite-europa.com\/pt-pt\/","name":"Leite Europe","description":"","publisher":{"@id":"https:\/\/leite-europa.com\/pt-pt\/#organization"},"potentialAction":[{"@type":"SearchAction","target":{"@type":"EntryPoint","urlTemplate":"https:\/\/leite-europa.com\/pt-pt\/?s={search_term_string}"},"query-input":{"@type":"PropertyValueSpecification","valueRequired":true,"valueName":"search_term_string"}}],"inLanguage":"pt-PT"},{"@type":"Organization","@id":"https:\/\/leite-europa.com\/pt-pt\/#organization","name":"Leite Europe","url":"https:\/\/leite-europa.com\/pt-pt\/","logo":{"@type":"ImageObject","inLanguage":"pt-PT","@id":"https:\/\/leite-europa.com\/pt-pt\/#\/schema\/logo\/image\/","url":"https:\/\/leite-europa.com\/wp-content\/uploads\/2022\/12\/LOGO-LEITE.png","contentUrl":"https:\/\/leite-europa.com\/wp-content\/uploads\/2022\/12\/LOGO-LEITE.png","width":1024,"height":512,"caption":"Leite Europe"},"image":{"@id":"https:\/\/leite-europa.com\/pt-pt\/#\/schema\/logo\/image\/"},"sameAs":["https:\/\/www.facebook.com\/profile.php?id=100089192656837","https:\/\/www.instagram.com\/leite_france_minipelle\/","https:\/\/www.linkedin.com\/company\/leite-france\/"]}]}},"_links":{"self":[{"href":"https:\/\/leite-europa.com\/pt-pt\/wp-json\/wp\/v2\/product\/8277","targetHints":{"allow":["GET"]}}],"collection":[{"href":"https:\/\/leite-europa.com\/pt-pt\/wp-json\/wp\/v2\/product"}],"about":[{"href":"https:\/\/leite-europa.com\/pt-pt\/wp-json\/wp\/v2\/types\/product"}],"wp:featuredmedia":[{"embeddable":true,"href":"https:\/\/leite-europa.com\/pt-pt\/wp-json\/wp\/v2\/media\/4559"}],"wp:attachment":[{"href":"https:\/\/leite-europa.com\/pt-pt\/wp-json\/wp\/v2\/media?parent=8277"}],"wp:term":[{"taxonomy":"product_brand","embeddable":true,"href":"https:\/\/leite-europa.com\/pt-pt\/wp-json\/wp\/v2\/product_brand?post=8277"},{"taxonomy":"product_cat","embeddable":true,"href":"https:\/\/leite-europa.com\/pt-pt\/wp-json\/wp\/v2\/product_cat?post=8277"},{"taxonomy":"product_tag","embeddable":true,"href":"https:\/\/leite-europa.com\/pt-pt\/wp-json\/wp\/v2\/product_tag?post=8277"}],"curies":[{"name":"wp","href":"https:\/\/api.w.org\/{rel}","templated":true}]}}