{"id":8279,"date":"2023-11-07T18:53:12","date_gmt":"2023-11-07T17:53:12","guid":{"rendered":"https:\/\/leite-europa.com\/produit\/garfo-de-paletes-para-trator-cl30-4\/"},"modified":"2023-11-15T11:48:34","modified_gmt":"2023-11-15T10:48:34","slug":"garfo-de-palete-para-trator-cl30-4","status":"publish","type":"product","link":"https:\/\/leite-europa.com\/pt-pt\/produit\/garfo-de-palete-para-trator-cl30-4\/","title":{"rendered":"Garfo de paletes para trator CL30-4"},"content":{"rendered":"<p>[et_pb_section fb_built=&#8221;1&#8243; _builder_version=&#8221;4.19.2&#8243; _module_preset=&#8221;default&#8221; background_color=&#8221;#FFFFFF&#8221; custom_padding=&#8221;||4px|||&#8221; global_colors_info=&#8221;{}&#8221; theme_builder_area=&#8221;post_content&#8221;][et_pb_row column_structure=&#8221;1_2,1_2&#8243; _builder_version=&#8221;4.19.2&#8243; _module_preset=&#8221;default&#8221; global_colors_info=&#8221;{}&#8221; theme_builder_area=&#8221;post_content&#8221;][et_pb_column type=&#8221;1_2&#8243; _builder_version=&#8221;4.19.2&#8243; _module_preset=&#8221;default&#8221; global_colors_info=&#8221;{}&#8221; theme_builder_area=&#8221;post_content&#8221;][et_pb_gallery gallery_ids=&#8221;2569&#8243; fullwidth=&#8221;on&#8221; _builder_version=&#8221;4.22.1&#8243; _module_preset=&#8221;default&#8221; global_colors_info=&#8221;{}&#8221; theme_builder_area=&#8221;post_content&#8221;][\/et_pb_gallery][\/et_pb_column][et_pb_column type=&#8221;1_2&#8243; _builder_version=&#8221;4.19.2&#8243; _module_preset=&#8221;default&#8221; global_colors_info=&#8221;{}&#8221; theme_builder_area=&#8221;post_content&#8221;][et_pb_text _builder_version=&#8221;4.22.1&#8243; _module_preset=&#8221;default&#8221; text_line_height=&#8221;2em&#8221; header_2_text_color=&#8221;#E75F0D&#8221; global_colors_info=&#8221;{}&#8221; theme_builder_area=&#8221;post_content&#8221;]<\/p>\n<h2>&#8220;Um aliado vers\u00e1til na agricultura<\/h2>\n<p>[\/et_pb_text][et_pb_text _builder_version=&#8221;4.22.1&#8243; _module_preset=&#8221;default&#8221; text_orientation=&#8221;justified&#8221; global_colors_info=&#8221;{}&#8221; theme_builder_area=&#8221;post_content&#8221;]<\/p>\n<p><strong>Garfo para paletes : A ferramenta agr\u00edcola leve para um manuseamento preciso<\/strong><\/p>\n<p>Descubra o nosso garfo para paletes, especialmente concebido para trabalhos agr\u00edcolas ligeiros. Com um comprimento de 1.100 mm e uma largura de 100 mm, \u00e9 ideal para o manuseamento de cargas at\u00e9 320 kg.<\/p>\n<p><strong>Especifica\u00e7\u00f5es t\u00e9cnicas :<\/strong><\/p>\n<ul>\n<li><strong>Comprimento da forquilha:<\/strong> 1.100 mm<\/li>\n<li><strong>Largura da forquilha:<\/strong> 100 mm<\/li>\n<li><strong>Carga m\u00e1xima:<\/strong> 320 kg<\/li>\n<\/ul>\n<p>[\/et_pb_text][\/et_pb_column][\/et_pb_row][et_pb_row _builder_version=&#8221;4.20.4&#8243; _module_preset=&#8221;default&#8221; global_colors_info=&#8221;{}&#8221; theme_builder_area=&#8221;post_content&#8221;][et_pb_column type=&#8221;4_4&#8243; _builder_version=&#8221;4.20.4&#8243; _module_preset=&#8221;default&#8221; global_colors_info=&#8221;{}&#8221; theme_builder_area=&#8221;post_content&#8221;][et_pb_text _builder_version=&#8221;4.22.1&#8243; _module_preset=&#8221;default&#8221; global_colors_info=&#8221;{}&#8221; theme_builder_area=&#8221;post_content&#8221;]<\/p>\n<p><strong>Utiliza\u00e7\u00f5es comuns :<\/strong><\/p>\n<ol>\n<li><strong>Manuseamento de fardos de palha ou feno:<\/strong> Facilita a desloca\u00e7\u00e3o de v\u00e1rios fardos pequenos ou de um fardo grande.<\/li>\n<li><strong>Transporte de sacos de cereais ou de alimentos para animais:<\/strong> Ideal para transportar sacos pesados com toda a seguran\u00e7a.<\/li>\n<li><strong>Transporte de materiais de constru\u00e7\u00e3o:<\/strong> \u00datil para transportar sacos de cimento, tijolos ou vigas.<\/li>\n<li><strong>Carregamento e descarregamento de mercadorias:<\/strong> Perfeito para gerir paletes de produtos ou materiais.<\/li>\n<li><strong>Transfer\u00eancia de frutas e produtos hort\u00edcolas:<\/strong> Ajudar a transportar caixas ou paletes de produtos colhidos.<\/li>\n<li><strong>Gest\u00e3o de res\u00edduos:<\/strong> Facilita a circula\u00e7\u00e3o e a gest\u00e3o dos res\u00edduos agr\u00edcolas.<\/li>\n<li><strong>Instala\u00e7\u00e3o de equipamentos:<\/strong> Pr\u00e1ticas de desloca\u00e7\u00e3o e instala\u00e7\u00e3o de equipamentos montados em paletes.<\/li>\n<\/ol>\n<p><strong>Nota importante:<\/strong> \u00c9 essencial lembrar aos clientes que este garfo para paletes, juntamente com o carregador frontal do trator, foi concebido apenas para trabalhos agr\u00edcolas ligeiros. N\u00e3o s\u00e3o m\u00e1quinas industriais e n\u00e3o devem ser utilizadas como tal para garantir a seguran\u00e7a e a longevidade do equipamento.<\/p>\n<p>[\/et_pb_text][\/et_pb_column][\/et_pb_row][\/et_pb_section][et_pb_section fb_built=&#8221;1&#8243; _builder_version=&#8221;4.19.4&#8243; _module_preset=&#8221;default&#8221; background_color=&#8221;#E75F0D&#8221; custom_padding=&#8221;0px||0px|||&#8221; animation_style=&#8221;flip&#8221; global_colors_info=&#8221;{}&#8221; theme_builder_area=&#8221;post_content&#8221;][et_pb_row _builder_version=&#8221;4.19.2&#8243; _module_preset=&#8221;default&#8221; custom_padding=&#8221;47px|||||&#8221; global_colors_info=&#8221;{}&#8221; theme_builder_area=&#8221;post_content&#8221;][et_pb_column type=&#8221;4_4&#8243; _builder_version=&#8221;4.19.2&#8243; _module_preset=&#8221;default&#8221; global_colors_info=&#8221;{}&#8221; theme_builder_area=&#8221;post_content&#8221;][et_pb_text _builder_version=&#8221;4.22.1&#8243; _module_preset=&#8221;default&#8221; text_font=&#8221;Oswald||||||||&#8221; text_text_color=&#8221;#FFFFFF&#8221; text_font_size=&#8221;18px&#8221; text_line_height=&#8221;1.8em&#8221; custom_padding=&#8221;||4px|||&#8221; hover_enabled=&#8221;0&#8243; global_colors_info=&#8221;{}&#8221; theme_builder_area=&#8221;post_content&#8221; sticky_enabled=&#8221;0&#8243;]<\/p>\n<p style=\"text-align: left;\">Acess\u00f3rio a ligar ao bra\u00e7o hidr\u00e1ulico: 3440 euros sem IVA<\/p>\n<p>[\/et_pb_text][\/et_pb_column][\/et_pb_row][\/et_pb_section]<\/p>\n","protected":false},"excerpt":{"rendered":"<p>&#8220;Um aliado vers\u00e1til na agriculturaGarfo para paletes : A ferramenta agr\u00edcola leve para um manuseamento preciso Descubra o nosso garfo para paletes, especialmente concebido para trabalhos agr\u00edcolas ligeiros. Com um comprimento de 1.100 mm e uma largura de 100 mm, \u00e9 ideal para o manuseamento de cargas at\u00e9 320 kg. Especifica\u00e7\u00f5es t\u00e9cnicas : Comprimento da [&hellip;]<\/p>\n","protected":false},"featured_media":4771,"template":"","meta":{"_et_pb_use_builder":"on","_et_pb_old_content":"","_et_gb_content_width":""},"product_brand":[],"product_cat":[214],"product_tag":[],"class_list":{"0":"post-8279","1":"product","2":"type-product","3":"status-publish","4":"has-post-thumbnail","6":"product_cat-acessorios-para-tractores","8":"first","9":"instock","10":"taxable","11":"shipping-taxable","12":"purchasable","13":"product-type-simple"},"yoast_head":"<!-- This site is optimized with the Yoast SEO plugin v27.4 - https:\/\/yoast.com\/product\/yoast-seo-wordpress\/ -->\n<title>Garfo de paletes para trator CL30-4 - Leite Europe<\/title>\n<meta name=\"description\" content=\"Garfo de paletes para tractores, o parceiro ideal para o seu trabalho agr\u00edcola. Aumente a sua produtividade.\" \/>\n<meta name=\"robots\" content=\"index, follow, max-snippet:-1, max-image-preview:large, max-video-preview:-1\" \/>\n<link rel=\"canonical\" href=\"https:\/\/leite-europa.com\/pt-pt\/produit\/garfo-de-palete-para-trator-cl30-4\/\" \/>\n<meta property=\"og:locale\" content=\"pt_PT\" \/>\n<meta property=\"og:type\" content=\"article\" \/>\n<meta property=\"og:title\" content=\"Garfo de paletes para trator CL30-4 - Leite Europe\" \/>\n<meta property=\"og:description\" content=\"Garfo de paletes para tractores, o parceiro ideal para o seu trabalho agr\u00edcola. Aumente a sua produtividade.\" \/>\n<meta property=\"og:url\" content=\"https:\/\/leite-europa.com\/pt-pt\/produit\/garfo-de-palete-para-trator-cl30-4\/\" \/>\n<meta property=\"og:site_name\" content=\"Leite Europe\" \/>\n<meta property=\"article:publisher\" content=\"https:\/\/www.facebook.com\/profile.php?id=100089192656837\" \/>\n<meta property=\"article:modified_time\" content=\"2023-11-15T10:48:34+00:00\" \/>\n<meta property=\"og:image\" content=\"https:\/\/leite-europa.com\/wp-content\/uploads\/2023\/09\/7.png\" \/>\n\t<meta property=\"og:image:width\" content=\"1436\" \/>\n\t<meta property=\"og:image:height\" content=\"882\" \/>\n\t<meta property=\"og:image:type\" content=\"image\/png\" \/>\n<meta name=\"twitter:card\" content=\"summary_large_image\" \/>\n<meta name=\"twitter:label1\" content=\"Tempo estimado de leitura\" \/>\n\t<meta name=\"twitter:data1\" content=\"3 minutos\" \/>\n<script type=\"application\/ld+json\" class=\"yoast-schema-graph\">{\"@context\":\"https:\\\/\\\/schema.org\",\"@graph\":[{\"@type\":\"WebPage\",\"@id\":\"https:\\\/\\\/leite-europa.com\\\/pt-pt\\\/produit\\\/garfo-de-palete-para-trator-cl30-4\\\/\",\"url\":\"https:\\\/\\\/leite-europa.com\\\/pt-pt\\\/produit\\\/garfo-de-palete-para-trator-cl30-4\\\/\",\"name\":\"Garfo de paletes para trator CL30-4 - Leite Europe\",\"isPartOf\":{\"@id\":\"https:\\\/\\\/leite-europa.com\\\/pt-pt\\\/#website\"},\"primaryImageOfPage\":{\"@id\":\"https:\\\/\\\/leite-europa.com\\\/pt-pt\\\/produit\\\/garfo-de-palete-para-trator-cl30-4\\\/#primaryimage\"},\"image\":{\"@id\":\"https:\\\/\\\/leite-europa.com\\\/pt-pt\\\/produit\\\/garfo-de-palete-para-trator-cl30-4\\\/#primaryimage\"},\"thumbnailUrl\":\"https:\\\/\\\/leite-europa.com\\\/wp-content\\\/uploads\\\/2023\\\/09\\\/7.png\",\"datePublished\":\"2023-11-07T17:53:12+00:00\",\"dateModified\":\"2023-11-15T10:48:34+00:00\",\"description\":\"Garfo de paletes para tractores, o parceiro ideal para o seu trabalho agr\u00edcola. Aumente a sua produtividade.\",\"breadcrumb\":{\"@id\":\"https:\\\/\\\/leite-europa.com\\\/pt-pt\\\/produit\\\/garfo-de-palete-para-trator-cl30-4\\\/#breadcrumb\"},\"inLanguage\":\"pt-PT\",\"potentialAction\":[{\"@type\":\"ReadAction\",\"target\":[\"https:\\\/\\\/leite-europa.com\\\/pt-pt\\\/produit\\\/garfo-de-palete-para-trator-cl30-4\\\/\"]}]},{\"@type\":\"ImageObject\",\"inLanguage\":\"pt-PT\",\"@id\":\"https:\\\/\\\/leite-europa.com\\\/pt-pt\\\/produit\\\/garfo-de-palete-para-trator-cl30-4\\\/#primaryimage\",\"url\":\"https:\\\/\\\/leite-europa.com\\\/wp-content\\\/uploads\\\/2023\\\/09\\\/7.png\",\"contentUrl\":\"https:\\\/\\\/leite-europa.com\\\/wp-content\\\/uploads\\\/2023\\\/09\\\/7.png\",\"width\":1436,\"height\":882,\"caption\":\"Garfo de paletes para trator CL30-4\"},{\"@type\":\"BreadcrumbList\",\"@id\":\"https:\\\/\\\/leite-europa.com\\\/pt-pt\\\/produit\\\/garfo-de-palete-para-trator-cl30-4\\\/#breadcrumb\",\"itemListElement\":[{\"@type\":\"ListItem\",\"position\":1,\"name\":\"Accueil\",\"item\":\"https:\\\/\\\/leite-europa.com\\\/pt-pt\\\/inicio\\\/\"},{\"@type\":\"ListItem\",\"position\":2,\"name\":\"Boutique\",\"item\":\"https:\\\/\\\/leite-europa.com\\\/fr\\\/boutique\\\/\"},{\"@type\":\"ListItem\",\"position\":3,\"name\":\"Garfo de paletes para trator CL30-4\"}]},{\"@type\":\"WebSite\",\"@id\":\"https:\\\/\\\/leite-europa.com\\\/pt-pt\\\/#website\",\"url\":\"https:\\\/\\\/leite-europa.com\\\/pt-pt\\\/\",\"name\":\"Leite Europe\",\"description\":\"\",\"publisher\":{\"@id\":\"https:\\\/\\\/leite-europa.com\\\/pt-pt\\\/#organization\"},\"potentialAction\":[{\"@type\":\"SearchAction\",\"target\":{\"@type\":\"EntryPoint\",\"urlTemplate\":\"https:\\\/\\\/leite-europa.com\\\/pt-pt\\\/?s={search_term_string}\"},\"query-input\":{\"@type\":\"PropertyValueSpecification\",\"valueRequired\":true,\"valueName\":\"search_term_string\"}}],\"inLanguage\":\"pt-PT\"},{\"@type\":\"Organization\",\"@id\":\"https:\\\/\\\/leite-europa.com\\\/pt-pt\\\/#organization\",\"name\":\"Leite Europe\",\"url\":\"https:\\\/\\\/leite-europa.com\\\/pt-pt\\\/\",\"logo\":{\"@type\":\"ImageObject\",\"inLanguage\":\"pt-PT\",\"@id\":\"https:\\\/\\\/leite-europa.com\\\/pt-pt\\\/#\\\/schema\\\/logo\\\/image\\\/\",\"url\":\"https:\\\/\\\/leite-europa.com\\\/wp-content\\\/uploads\\\/2022\\\/12\\\/LOGO-LEITE.png\",\"contentUrl\":\"https:\\\/\\\/leite-europa.com\\\/wp-content\\\/uploads\\\/2022\\\/12\\\/LOGO-LEITE.png\",\"width\":1024,\"height\":512,\"caption\":\"Leite Europe\"},\"image\":{\"@id\":\"https:\\\/\\\/leite-europa.com\\\/pt-pt\\\/#\\\/schema\\\/logo\\\/image\\\/\"},\"sameAs\":[\"https:\\\/\\\/www.facebook.com\\\/profile.php?id=100089192656837\",\"https:\\\/\\\/www.instagram.com\\\/leite_france_minipelle\\\/\",\"https:\\\/\\\/www.linkedin.com\\\/company\\\/leite-france\\\/\"]}]}<\/script>\n<!-- \/ Yoast SEO plugin. -->","yoast_head_json":{"title":"Garfo de paletes para trator CL30-4 - Leite Europe","description":"Garfo de paletes para tractores, o parceiro ideal para o seu trabalho agr\u00edcola. Aumente a sua produtividade.","robots":{"index":"index","follow":"follow","max-snippet":"max-snippet:-1","max-image-preview":"max-image-preview:large","max-video-preview":"max-video-preview:-1"},"canonical":"https:\/\/leite-europa.com\/pt-pt\/produit\/garfo-de-palete-para-trator-cl30-4\/","og_locale":"pt_PT","og_type":"article","og_title":"Garfo de paletes para trator CL30-4 - Leite Europe","og_description":"Garfo de paletes para tractores, o parceiro ideal para o seu trabalho agr\u00edcola. Aumente a sua produtividade.","og_url":"https:\/\/leite-europa.com\/pt-pt\/produit\/garfo-de-palete-para-trator-cl30-4\/","og_site_name":"Leite Europe","article_publisher":"https:\/\/www.facebook.com\/profile.php?id=100089192656837","article_modified_time":"2023-11-15T10:48:34+00:00","og_image":[{"width":1436,"height":882,"url":"https:\/\/leite-europa.com\/wp-content\/uploads\/2023\/09\/7.png","type":"image\/png"}],"twitter_card":"summary_large_image","twitter_misc":{"Tempo estimado de leitura":"3 minutos"},"schema":{"@context":"https:\/\/schema.org","@graph":[{"@type":"WebPage","@id":"https:\/\/leite-europa.com\/pt-pt\/produit\/garfo-de-palete-para-trator-cl30-4\/","url":"https:\/\/leite-europa.com\/pt-pt\/produit\/garfo-de-palete-para-trator-cl30-4\/","name":"Garfo de paletes para trator CL30-4 - Leite Europe","isPartOf":{"@id":"https:\/\/leite-europa.com\/pt-pt\/#website"},"primaryImageOfPage":{"@id":"https:\/\/leite-europa.com\/pt-pt\/produit\/garfo-de-palete-para-trator-cl30-4\/#primaryimage"},"image":{"@id":"https:\/\/leite-europa.com\/pt-pt\/produit\/garfo-de-palete-para-trator-cl30-4\/#primaryimage"},"thumbnailUrl":"https:\/\/leite-europa.com\/wp-content\/uploads\/2023\/09\/7.png","datePublished":"2023-11-07T17:53:12+00:00","dateModified":"2023-11-15T10:48:34+00:00","description":"Garfo de paletes para tractores, o parceiro ideal para o seu trabalho agr\u00edcola. Aumente a sua produtividade.","breadcrumb":{"@id":"https:\/\/leite-europa.com\/pt-pt\/produit\/garfo-de-palete-para-trator-cl30-4\/#breadcrumb"},"inLanguage":"pt-PT","potentialAction":[{"@type":"ReadAction","target":["https:\/\/leite-europa.com\/pt-pt\/produit\/garfo-de-palete-para-trator-cl30-4\/"]}]},{"@type":"ImageObject","inLanguage":"pt-PT","@id":"https:\/\/leite-europa.com\/pt-pt\/produit\/garfo-de-palete-para-trator-cl30-4\/#primaryimage","url":"https:\/\/leite-europa.com\/wp-content\/uploads\/2023\/09\/7.png","contentUrl":"https:\/\/leite-europa.com\/wp-content\/uploads\/2023\/09\/7.png","width":1436,"height":882,"caption":"Garfo de paletes para trator CL30-4"},{"@type":"BreadcrumbList","@id":"https:\/\/leite-europa.com\/pt-pt\/produit\/garfo-de-palete-para-trator-cl30-4\/#breadcrumb","itemListElement":[{"@type":"ListItem","position":1,"name":"Accueil","item":"https:\/\/leite-europa.com\/pt-pt\/inicio\/"},{"@type":"ListItem","position":2,"name":"Boutique","item":"https:\/\/leite-europa.com\/fr\/boutique\/"},{"@type":"ListItem","position":3,"name":"Garfo de paletes para trator CL30-4"}]},{"@type":"WebSite","@id":"https:\/\/leite-europa.com\/pt-pt\/#website","url":"https:\/\/leite-europa.com\/pt-pt\/","name":"Leite Europe","description":"","publisher":{"@id":"https:\/\/leite-europa.com\/pt-pt\/#organization"},"potentialAction":[{"@type":"SearchAction","target":{"@type":"EntryPoint","urlTemplate":"https:\/\/leite-europa.com\/pt-pt\/?s={search_term_string}"},"query-input":{"@type":"PropertyValueSpecification","valueRequired":true,"valueName":"search_term_string"}}],"inLanguage":"pt-PT"},{"@type":"Organization","@id":"https:\/\/leite-europa.com\/pt-pt\/#organization","name":"Leite Europe","url":"https:\/\/leite-europa.com\/pt-pt\/","logo":{"@type":"ImageObject","inLanguage":"pt-PT","@id":"https:\/\/leite-europa.com\/pt-pt\/#\/schema\/logo\/image\/","url":"https:\/\/leite-europa.com\/wp-content\/uploads\/2022\/12\/LOGO-LEITE.png","contentUrl":"https:\/\/leite-europa.com\/wp-content\/uploads\/2022\/12\/LOGO-LEITE.png","width":1024,"height":512,"caption":"Leite Europe"},"image":{"@id":"https:\/\/leite-europa.com\/pt-pt\/#\/schema\/logo\/image\/"},"sameAs":["https:\/\/www.facebook.com\/profile.php?id=100089192656837","https:\/\/www.instagram.com\/leite_france_minipelle\/","https:\/\/www.linkedin.com\/company\/leite-france\/"]}]}},"_links":{"self":[{"href":"https:\/\/leite-europa.com\/pt-pt\/wp-json\/wp\/v2\/product\/8279","targetHints":{"allow":["GET"]}}],"collection":[{"href":"https:\/\/leite-europa.com\/pt-pt\/wp-json\/wp\/v2\/product"}],"about":[{"href":"https:\/\/leite-europa.com\/pt-pt\/wp-json\/wp\/v2\/types\/product"}],"wp:featuredmedia":[{"embeddable":true,"href":"https:\/\/leite-europa.com\/pt-pt\/wp-json\/wp\/v2\/media\/4771"}],"wp:attachment":[{"href":"https:\/\/leite-europa.com\/pt-pt\/wp-json\/wp\/v2\/media?parent=8279"}],"wp:term":[{"taxonomy":"product_brand","embeddable":true,"href":"https:\/\/leite-europa.com\/pt-pt\/wp-json\/wp\/v2\/product_brand?post=8279"},{"taxonomy":"product_cat","embeddable":true,"href":"https:\/\/leite-europa.com\/pt-pt\/wp-json\/wp\/v2\/product_cat?post=8279"},{"taxonomy":"product_tag","embeddable":true,"href":"https:\/\/leite-europa.com\/pt-pt\/wp-json\/wp\/v2\/product_tag?post=8279"}],"curies":[{"name":"wp","href":"https:\/\/api.w.org\/{rel}","templated":true}]}}