{"id":8295,"date":"2023-11-07T14:35:17","date_gmt":"2023-11-07T13:35:17","guid":{"rendered":"https:\/\/leite-europa.com\/produit\/garra-florestal\/"},"modified":"2025-03-14T11:22:45","modified_gmt":"2025-03-14T10:22:45","slug":"garra-florestal","status":"publish","type":"product","link":"https:\/\/leite-europa.com\/pt-pt\/produit\/garra-florestal\/","title":{"rendered":"Garra florestal"},"content":{"rendered":"<p>[et_pb_section fb_built=&#8221;1&#8243; _builder_version=&#8221;4.19.2&#8243; _module_preset=&#8221;default&#8221; background_color=&#8221;#FFFFFF&#8221; custom_padding=&#8221;||4px|||&#8221; global_colors_info=&#8221;{}&#8221;][et_pb_row column_structure=&#8221;1_2,1_2&#8243; _builder_version=&#8221;4.19.2&#8243; _module_preset=&#8221;default&#8221; global_colors_info=&#8221;{}&#8221;][et_pb_column type=&#8221;1_2&#8243; _builder_version=&#8221;4.19.2&#8243; _module_preset=&#8221;default&#8221; global_colors_info=&#8221;{}&#8221;][et_pb_gallery gallery_ids=&#8221;871,872,873,874,875,876&#8243; fullwidth=&#8221;on&#8221; _builder_version=&#8221;4.19.4&#8243; _module_preset=&#8221;default&#8221; global_colors_info=&#8221;{}&#8221;][\/et_pb_gallery][\/et_pb_column][et_pb_column type=&#8221;1_2&#8243; _builder_version=&#8221;4.19.2&#8243; _module_preset=&#8221;default&#8221; global_colors_info=&#8221;{}&#8221;][et_pb_text _builder_version=&#8221;4.19.4&#8243; _module_preset=&#8221;default&#8221; text_line_height=&#8221;2em&#8221; global_colors_info=&#8221;{}&#8221;]<\/p>\n<h2><span style=\"color: #ff6600;\">&#8220;Uma solu\u00e7\u00e3o para o manuseamento de madeira e enrocamento&#8221;.<\/span><\/h2>\n<p>[\/et_pb_text][et_pb_text _builder_version=&#8221;4.19.4&#8243; _module_preset=&#8221;default&#8221; text_text_color=&#8221;#484F54&#8243; global_colors_info=&#8221;{}&#8221;]<\/p>\n<p><span data-canva-clipboard=\"ewAiAGEAIgA6ADUALAAiAGQAIgA6ACIAQgAiACwAIgBoACIAOgAiAHcAdwB3AC4AYwBhAG4AdgBhAC4AYwBvAG0AIgAsACIAYwAiADoAIgBEAEEARgBYAFIAawBCAEoAdgA0ADAAIgAsACIAaQAiADoAIgBJADMAcgAxAFkATwB6AFYAaABVAGUARQBmAFkAQgBVAEQAYwA3AEkAZQBBACIALAAiAGIAIgA6ADEANgA3ADMAMwA2ADEANgAwADkANAA2ADgALAAiAEEAPwAiADoAIgBFACIALAAiAEEAIgA6AHsAIgBBACIAOgBbAHsAIgBBACIAOgB7ACIAQQA\/ACIAOgAiAEEAIgAsACIAQQAiADoAIgBMAGUAIAByAGEAdABlAGEAdQAgAGYAbwByAGUAcwB0AGkAZQByACAAZQBzAHQAIAB1AG4AIABhAGMAYwBlAHMAcwBvAGkAcgBlACAAcQB1AGkAIABzAGUAIABmAGkAeABlACAA4AAgAG4AbwBzACAAbQBpAG4AaQAgAHAAZQBsAGwAZQBzACAAbQDpAGMAYQBuAGkAcQB1AGUAcwAgAHAAbwB1AHIAIAB1AG4AIAB1AHMAYQBnAGUAIABmAG8AcgBlAHMAdABpAGUAcgAsACAAYQBnAHIAaQBjAG8AbABlACAAbwB1ACAAcABvAHUAcgAgAGwAZQBzACAAdAByAGEAdgBhAHUAeAAgAHAAdQBiAGwAaQBjAHMALgBcAG4ASQBsACAAZQBzAHQAIABhAGMAdABpAG8AbgBuAOkAIABwAGEAcgAgAGwAZQBzACAAbQBvAHUAdgBlAG0AZQBuAHQAcwAgAGQAZQAgAGwAYQAgAGYAbADoAGMAaABlACAA4AAgAGwAJwBhAGkAZABlACAAZABlAHMAIAB2AOkAcgBpAG4AcwAgAGgAeQBkAHIAYQB1AGwAaQBxAHUAZQBzACwAIABlAHQAIABwAGUAcgBtAGUAdAAgAGQAZQAgAHIAYQBzAHMAZQBtAGIAbABlAHIAIABsACcAaABlAHIAYgBlACwAIABsAGEAIABwAGEAaQBsAGwAZQAsACAAbABlAHMAIABmAGUAdQBpAGwAbABlAHMAIABlAHQAIABsAGUAcwAgAGIAcgBhAG4AYwBoAGUAcwAuACAAXABuAEkAbAAgAGUAcwB0ACAAZwDpAG4A6QByAGEAbABlAG0AZQBuAHQAIAB1AHQAaQBsAGkAcwDpACAAcABvAHUAcgAgADoAXABuAGQA6QBiAHIAbwB1AHMAcwBhAGkAbABsAGUAcgBcAG4AbgBlAHQAdABvAHkAZQByACAAbABlAHMAIAB6AG8AbgBlAHMAIABzAG8AdQBzAC0AYgBvAGkAcwDpAGUAcwAgAG8AdQAgAGwAZQBzACAAYwBoAGUAbQBpAG4AcwAgAGYAbwByAGUAcwB0AGkAZQByAHMAIABlAHQAIAByAGEAbQBhAHMAcwBlAHIAIABsAGUAcwAgAGIAcgBhAG4AYwBoAGUAcwAsAFwAbgBuAGUAdAB0AG8AeQBlAHIAIABsAGUAcwAgAHQAZQByAHIAYQBpAG4AcwBcAG4AdAByAGkAZQByACAAbABlAHMAIABwAGkAZQByAHIAZQBzACAAZQB0ACAAZADpAHIAbwBjAHQAZQByACAAbABlAHMAIAB0AGUAcgByAGEAaQBuAHMAIABsAOkAZwBlAHIAXABuAGEAcgByAGEAYwBoAGUAcgAgAGwAYQAgAHAAZQBsAG8AdQBzAGUAIABhAHYAYQBuAHQAIAByAGUAcABsAGEAbgB0AGEAZwBlAFwAbgByAGEAbgBnAGUAcgAgAGUAdAAgAHAAcgDpAHAAYQByAGUAcgAgAGwAJwBhAGwAaQBtAGUAbgB0AGEAdABpAG8AbgAgAGQAZQBzACAAdAByAG8AdQBwAGUAYQB1AHgALgAiAH0ALAAiAEIAIgA6AHsAIgBBACIAOgAiAFkAQQBGAEwAZAA4AHMASwBiAHcAYwAsADEAIgAsACIAQgAiADoAIgAxADgALgA2ADYANgA3AHAAeAAiACwAIgBJACIAOgAiADEALgAzACIAfQB9AF0AfQB9AA==\"><\/span><\/p>\n<div>\n<div>\n<p><span data-canva-clipboard=\"ewAiAGEAIgA6ADUALAAiAGQAIgA6ACIAQgAiACwAIgBoACIAOgAiAHcAdwB3AC4AYwBhAG4AdgBhAC4AYwBvAG0AIgAsACIAYwAiADoAIgBEAEEARgBYAFIAawBCAEoAdgA0ADAAIgAsACIAaQAiADoAIgBJADMAcgAxAFkATwB6AFYAaABVAGUARQBmAFkAQgBVAEQAYwA3AEkAZQBBACIALAAiAGIAIgA6ADEANgA3ADMAMwA2ADkAMwAwADMAOAAxADMALAAiAEEAPwAiADoAIgBFACIALAAiAEEAIgA6AHsAIgBBACIAOgBbAHsAIgBBACIAOgB7ACIAQQA\/ACIAOgAiAEEAIgAsACIAQQAiADoAIgBMAGUAIABnAHIAYQBwAHAAaQBuACAAZgBvAHIAZQBzAHQAaQBlAHIAIABwAG8AdQByACAAbQBpAG4AaQAgAHAAZQBsAGwAZQAgAGUAcwB0ACAAdQBuACAA6QBxAHUAaQBwAGUAbQBlAG4AdAAgAHAAbwBsAHkAdgBhAGwAZQBuAHQAIABxAHUAaQAgAHAAZQB1AHQAIADqAHQAcgBlACAAdQB0AGkAbABpAHMA6QAgAHAAbwB1AHIAIABzAG8AdQBsAGUAdgBlAHIAIABlAHQAIABtAGEAbgBpAHAAdQBsAGUAcgAgAGQAZQBzACAAYwBoAGEAcgBnAGUAcwAgAGwAbwB1AHIAZABlAHMALAAgAGMAIgB9ACwAIgBCACIAOgB7ACIAQQAiADoAIgBZAEEARABMAGoASQA5AHEAeABUAEEALAAwACIALAAiAEgAIgA6ACIALQAwAC4AMAAzADIAZQBtACIALAAiAEkAIgA6ACIAMQAuADEAMgAiACwAIgBNACIAOgAiADEALgAwACIAfQB9ACwAewAiAEEAIgA6AHsAIgBBAD8AIgA6ACIAQQAiACwAIgBBACIAOgAiAG8AbQBtAGUAIABkAGUAcwAgAHAAbwB1AHQAcgBlAHMALAAgAGQAZQBzACAAdAByAG8AbgBjAHMAIABkACcAYQByAGIAcgBlAHMAIABlAHQAIABkAGUAcwAgAHIAbwBjAGgAZQByAHMAIgB9ACwAIgBCACIAOgB7ACIATQAiADoAIgAwAC4AMAAiAH0AfQAsAHsAIgBBACIAOgB7ACIAQQA\/ACIAOgAiAEEAIgAsACIAQQAiADoAIgAuACAAIgB9ACwAIgBCACIAOgB7ACIATQAiADoAIgAxAC4AMAAiAH0AfQAsAHsAIgBBACIAOgB7ACIAQQA\/ACIAOgAiAEEAIgAsACIAQQAiADoAIgBcAG4AIgB9ACwAIgBDACIAOgB7ACIATQAiADoAdAByAHUAZQB9AH0ALAB7ACIAQQAiADoAewAiAEEAPwAiADoAIgBBACIALAAiAEEAIgA6ACIASQBsACAAZQBzAHQAIABhAHUAcwBzAGkAIABhAHAAcABlAGwA6QAgACIAfQAsACIAQgAiADoAewAiAE0AIgA6ACIAMQAuADAAIgB9AH0ALAB7ACIAQQAiADoAewAiAEEAPwAiADoAIgBBACIALAAiAEEAIgA6ACIAcABpAG4AYwBlACAA4AAgAGcAcgB1AG0AZQBzACAAYwBhAHIAIABpAGwAIABhACAA6QB0AOkAIABzAHAA6QBjAGkAYQBsAGUAbQBlAG4AdAAgAGMAbwBuAOcAdQAgAHAAbwB1AHIAIABhAHQAdABhAGMAaABlAHIAIABkAGUAcwAgAGcAcgB1AG0AZQBzACAAKABkAGUAcwAgAHQAcgBvAG4AYwBzACAAZAAZIGEAcgBiAHIAZQBzACAAYwBvAHUAcADpAHMAIABlAHQAIABzAGMAaQDpAHMAIABlAG4AIABzAGUAYwB0AGkAbwBuAHMAKQAgAHAAbwB1AHIAIABmAGEAYwBpAGwAaQB0AGUAcgAgAGwAZQAgAHQAcgBhAG4AcwBwAG8AcgB0AC4AIAAiAH0ALAAiAEMAIgA6AHsAIgBNACIAOgB0AHIAdQBlAH0AfQAsAHsAIgBBACIAOgB7ACIAQQA\/ACIAOgAiAEEAIgAsACIAQQAiADoAIgBJAGwAIABwAGUAdQB0ACAA6QBnAGEAbABlAG0AZQBuAHQAIADqAHQAcgBlACAAdQB0AGkAbABpAHMA6QAgAHAAbwB1AHIAIAB0AHIAYQBuAHMAcABvAHIAdABlAHIAIABkAGUAcwAgAG0AYQB0AOkAcgBpAGEAdQB4ACAAbABvAHUAcgBkAHMALAAgAGMAbwBtAG0AZQAgAGQAZQBzACAAcABpAGUAcgByAGUAcwAsACAAZABlAHMAIABiAHIAaQBxAHUAZQBzACAAZQB0ACAAZABlAHMAIABnAHIAYQB2AGEAdABzAC4AIAAiAH0ALAAiAEIAIgA6AHsAIgBNACIAOgAiADAALgAwACIAfQB9ACwAewAiAEEAIgA6AHsAIgBBAD8AIgA6ACIAQQAiACwAIgBBACIAOgAiAFwAbgBMAGUAcwAgAG0A4gBjAGgAbwBpAHIAZQBzACAAcwBvAG4AdAAgAGMAbwBuAOcAdQBlAHMAIABwAG8AdQByACAAcwBlACAAYgBsAG8AcQB1AGUAcgAgAHMAbwBsAGkAZABlAG0AZQBuAHQAIABhAHUAdABvAHUAcgAgAGQAJwB1AG4AZQAgAGcAcgB1AG0AZQAsACAAZQB0ACAAbABlACAAbABlAHYAaQBlAHIAIABwAGUAcgBtAGUAdAAgAGQAZQAgAGYAZQByAG0AZQByACAAZQB0ACAAZABlACAAcgBlAGwA4gBjAGgAZQByACAAbABlAHMAIABtAOIAYwBoAG8AaQByAGUAcwAgAGYAYQBjAGkAbABlAG0AZQBuAHQALgAgAFwAbgAiAH0ALAAiAEMAIgA6AHsAIgBNACIAOgB0AHIAdQBlAH0AfQAsAHsAIgBBACIAOgB7ACIAQQA\/ACIAOgAiAEEAIgAsACIAQQAiADoAIgBMAGUAIABnAHIAYQBwAHAAaQBuACAAZgBvAHIAZQBzAHQAaQBlAHIAIABwAG8AdQByACAAbQBpAG4AaQAgAHAAZQBsAGwAZQAgAGUAcwB0ACAAdQBuACAAbwB1AHQAaQBsACAAaQBuAGQAaQBzAHAAZQBuAHMAYQBiAGwAZQAgAHAAbwB1AHIAIABsAGUAcwAgAGMAaABhAG4AdABpAGUAcgBzACAAZABlACAAYwBvAG4AcwB0AHIAdQBjAHQAaQBvAG4AIABlAHQAIABsAGUAcwAgAHQAcgBhAHYAYQB1AHgAIABmAG8AcgBlAHMAdABpAGUAcgBzAC4AIgB9ACwAIgBCACIAOgB7ACIATQAiADoAIgAwAC4AMAAiAH0AfQBdAH0AfQA=\"><\/span><\/p>\n<div>\n<p><span>A garra florestal para mini-escavadoras \u00e9 um equipamento vers\u00e1til que pode ser utilizado para levantar e manusear cargas pesadas, como vigas, troncos de \u00e1rvores e pedras.<\/span><span>como vigas, troncos de \u00e1rvores e pedras<\/span><span>. <\/span> <\/p>\n<\/div>\n<div>\n<p><span>\u00c9 tamb\u00e9m conhecida como <\/span><span>garra para toros ou garra para madeira, uma vez que foi especialmente concebida para fixar toros (troncos de \u00e1rvores cortados e serrados em sec\u00e7\u00f5es) para facilitar o seu transporte. <\/span><span>Tamb\u00e9m pode ser utilizada para transportar materiais pesados, como pedras, tijolos e entulho. <\/span> <\/p>\n<\/div>\n<div>\n<p><span>Os mordentes foram concebidos para bloquear firmemente em torno de um tronco e a alavanca facilita o fecho e a liberta\u00e7\u00e3o dos mordentes.  <\/span><\/p>\n<\/div>\n<div>\n<p><span>A garra florestal para mini-escavadoras \u00e9 uma ferramenta essencial para estaleiros de constru\u00e7\u00e3o e trabalhos florestais.<\/span><\/p>\n<\/div>\n<\/div>\n<\/div>\n<div>\n<ul><\/ul>\n<\/div>\n<p>[\/et_pb_text][\/et_pb_column][\/et_pb_row][\/et_pb_section][et_pb_section fb_built=&#8221;1&#8243; _builder_version=&#8221;4.19.4&#8243; _module_preset=&#8221;default&#8221; background_color=&#8221;RGBA(255,255,255,0)&#8221; custom_padding=&#8221;2px||4px|||&#8221; global_colors_info=&#8221;{}&#8221;][et_pb_row _builder_version=&#8221;4.19.4&#8243; _module_preset=&#8221;default&#8221; animation_direction=&#8221;bottom&#8221; global_colors_info=&#8221;{}&#8221;][et_pb_column type=&#8221;4_4&#8243; _builder_version=&#8221;4.19.4&#8243; _module_preset=&#8221;default&#8221; global_colors_info=&#8221;{}&#8221;][et_pb_gallery gallery_ids=&#8221;874&#8243; fullwidth=&#8221;on&#8221; _builder_version=&#8221;4.19.4&#8243; _module_preset=&#8221;default&#8221; background_color=&#8221;RGBA(255,255,255,0)&#8221; auto=&#8221;on&#8221; auto_speed=&#8221;3000&#8243; global_colors_info=&#8221;{}&#8221;][\/et_pb_gallery][\/et_pb_column][\/et_pb_row][\/et_pb_section]<\/p>\n","protected":false},"excerpt":{"rendered":"<p>&#8220;Uma solu\u00e7\u00e3o para o manuseamento de madeira e enrocamento&#8221;. A garra florestal para mini-escavadoras \u00e9 um equipamento vers\u00e1til que pode ser utilizado para levantar e manusear cargas pesadas, como vigas, troncos de \u00e1rvores e pedras.como vigas, troncos de \u00e1rvores e pedras. \u00c9 tamb\u00e9m conhecida como garra para toros ou garra para madeira, uma vez que [&hellip;]<\/p>\n","protected":false},"featured_media":3443,"template":"","meta":{"_et_pb_use_builder":"on","_et_pb_old_content":"","_et_gb_content_width":""},"product_brand":[],"product_cat":[191,205,206,290],"product_tag":[],"class_list":{"0":"post-8295","1":"product","2":"type-product","3":"status-publish","4":"has-post-thumbnail","6":"product_cat-acessorios-para-mini-escavadoras","7":"product_cat-acessorios-para-mini-escavadoras-cl12s","8":"product_cat-acessorios-para-mini-escavadoras-cl18s","9":"product_cat-acessorios-para-miniescavadeiras-cl20","11":"first","12":"instock","13":"taxable","14":"shipping-taxable","15":"purchasable","16":"product-type-simple"},"yoast_head":"<!-- This site is optimized with the Yoast SEO plugin v27.4 - https:\/\/yoast.com\/product\/yoast-seo-wordpress\/ -->\n<title>Garra florestal - Leite Europe<\/title>\n<meta name=\"description\" content=\"A garra florestal para mini-escavadoras \u00e9 um equipamento vers\u00e1til que pode ser utilizado para levantar e manusear cargas pesadas, tais como vigas, troncos de \u00e1rvores e pedras.\" \/>\n<meta name=\"robots\" content=\"index, follow, max-snippet:-1, max-image-preview:large, max-video-preview:-1\" \/>\n<link rel=\"canonical\" href=\"https:\/\/leite-europa.com\/pt-pt\/produit\/garra-florestal\/\" \/>\n<meta property=\"og:locale\" content=\"pt_PT\" \/>\n<meta property=\"og:type\" content=\"article\" \/>\n<meta property=\"og:title\" content=\"Garra florestal - Leite Europe\" \/>\n<meta property=\"og:description\" content=\"A garra florestal para mini-escavadoras \u00e9 um equipamento vers\u00e1til que pode ser utilizado para levantar e manusear cargas pesadas, tais como vigas, troncos de \u00e1rvores e pedras.\" \/>\n<meta property=\"og:url\" content=\"https:\/\/leite-europa.com\/pt-pt\/produit\/garra-florestal\/\" \/>\n<meta property=\"og:site_name\" content=\"Leite Europe\" \/>\n<meta property=\"article:publisher\" content=\"https:\/\/www.facebook.com\/profile.php?id=100089192656837\" \/>\n<meta property=\"article:modified_time\" content=\"2025-03-14T10:22:45+00:00\" \/>\n<meta property=\"og:image\" content=\"https:\/\/leite-europa.com\/wp-content\/uploads\/2023\/01\/IMG_1295.jpeg\" \/>\n\t<meta property=\"og:image:width\" content=\"1440\" \/>\n\t<meta property=\"og:image:height\" content=\"1920\" \/>\n\t<meta property=\"og:image:type\" content=\"image\/jpeg\" \/>\n<meta name=\"twitter:card\" content=\"summary_large_image\" \/>\n<meta name=\"twitter:label1\" content=\"Tempo estimado de leitura\" \/>\n\t<meta name=\"twitter:data1\" content=\"2 minutos\" \/>\n<script type=\"application\/ld+json\" class=\"yoast-schema-graph\">{\"@context\":\"https:\\\/\\\/schema.org\",\"@graph\":[{\"@type\":\"WebPage\",\"@id\":\"https:\\\/\\\/leite-europa.com\\\/pt-pt\\\/produit\\\/garra-florestal\\\/\",\"url\":\"https:\\\/\\\/leite-europa.com\\\/pt-pt\\\/produit\\\/garra-florestal\\\/\",\"name\":\"Garra florestal - Leite Europe\",\"isPartOf\":{\"@id\":\"https:\\\/\\\/leite-europa.com\\\/pt-pt\\\/#website\"},\"primaryImageOfPage\":{\"@id\":\"https:\\\/\\\/leite-europa.com\\\/pt-pt\\\/produit\\\/garra-florestal\\\/#primaryimage\"},\"image\":{\"@id\":\"https:\\\/\\\/leite-europa.com\\\/pt-pt\\\/produit\\\/garra-florestal\\\/#primaryimage\"},\"thumbnailUrl\":\"https:\\\/\\\/leite-europa.com\\\/wp-content\\\/uploads\\\/2023\\\/01\\\/IMG_1295.jpeg\",\"datePublished\":\"2023-11-07T13:35:17+00:00\",\"dateModified\":\"2025-03-14T10:22:45+00:00\",\"description\":\"A garra florestal para mini-escavadoras \u00e9 um equipamento vers\u00e1til que pode ser utilizado para levantar e manusear cargas pesadas, tais como vigas, troncos de \u00e1rvores e pedras.\",\"breadcrumb\":{\"@id\":\"https:\\\/\\\/leite-europa.com\\\/pt-pt\\\/produit\\\/garra-florestal\\\/#breadcrumb\"},\"inLanguage\":\"pt-PT\",\"potentialAction\":[{\"@type\":\"ReadAction\",\"target\":[\"https:\\\/\\\/leite-europa.com\\\/pt-pt\\\/produit\\\/garra-florestal\\\/\"]}]},{\"@type\":\"ImageObject\",\"inLanguage\":\"pt-PT\",\"@id\":\"https:\\\/\\\/leite-europa.com\\\/pt-pt\\\/produit\\\/garra-florestal\\\/#primaryimage\",\"url\":\"https:\\\/\\\/leite-europa.com\\\/wp-content\\\/uploads\\\/2023\\\/01\\\/IMG_1295.jpeg\",\"contentUrl\":\"https:\\\/\\\/leite-europa.com\\\/wp-content\\\/uploads\\\/2023\\\/01\\\/IMG_1295.jpeg\",\"width\":1440,\"height\":1920,\"caption\":\"Garra florestal, garra de troncos, garra de arrasto, garra de madeira, garra de madeira para mini-escavadora LEITE\"},{\"@type\":\"BreadcrumbList\",\"@id\":\"https:\\\/\\\/leite-europa.com\\\/pt-pt\\\/produit\\\/garra-florestal\\\/#breadcrumb\",\"itemListElement\":[{\"@type\":\"ListItem\",\"position\":1,\"name\":\"Accueil\",\"item\":\"https:\\\/\\\/leite-europa.com\\\/pt-pt\\\/inicio\\\/\"},{\"@type\":\"ListItem\",\"position\":2,\"name\":\"Boutique\",\"item\":\"https:\\\/\\\/leite-europa.com\\\/fr\\\/boutique\\\/\"},{\"@type\":\"ListItem\",\"position\":3,\"name\":\"Garra florestal\"}]},{\"@type\":\"WebSite\",\"@id\":\"https:\\\/\\\/leite-europa.com\\\/pt-pt\\\/#website\",\"url\":\"https:\\\/\\\/leite-europa.com\\\/pt-pt\\\/\",\"name\":\"Leite Europe\",\"description\":\"\",\"publisher\":{\"@id\":\"https:\\\/\\\/leite-europa.com\\\/pt-pt\\\/#organization\"},\"potentialAction\":[{\"@type\":\"SearchAction\",\"target\":{\"@type\":\"EntryPoint\",\"urlTemplate\":\"https:\\\/\\\/leite-europa.com\\\/pt-pt\\\/?s={search_term_string}\"},\"query-input\":{\"@type\":\"PropertyValueSpecification\",\"valueRequired\":true,\"valueName\":\"search_term_string\"}}],\"inLanguage\":\"pt-PT\"},{\"@type\":\"Organization\",\"@id\":\"https:\\\/\\\/leite-europa.com\\\/pt-pt\\\/#organization\",\"name\":\"Leite Europe\",\"url\":\"https:\\\/\\\/leite-europa.com\\\/pt-pt\\\/\",\"logo\":{\"@type\":\"ImageObject\",\"inLanguage\":\"pt-PT\",\"@id\":\"https:\\\/\\\/leite-europa.com\\\/pt-pt\\\/#\\\/schema\\\/logo\\\/image\\\/\",\"url\":\"https:\\\/\\\/leite-europa.com\\\/wp-content\\\/uploads\\\/2022\\\/12\\\/LOGO-LEITE.png\",\"contentUrl\":\"https:\\\/\\\/leite-europa.com\\\/wp-content\\\/uploads\\\/2022\\\/12\\\/LOGO-LEITE.png\",\"width\":1024,\"height\":512,\"caption\":\"Leite Europe\"},\"image\":{\"@id\":\"https:\\\/\\\/leite-europa.com\\\/pt-pt\\\/#\\\/schema\\\/logo\\\/image\\\/\"},\"sameAs\":[\"https:\\\/\\\/www.facebook.com\\\/profile.php?id=100089192656837\",\"https:\\\/\\\/www.instagram.com\\\/leite_france_minipelle\\\/\",\"https:\\\/\\\/www.linkedin.com\\\/company\\\/leite-france\\\/\"]}]}<\/script>\n<!-- \/ Yoast SEO plugin. -->","yoast_head_json":{"title":"Garra florestal - Leite Europe","description":"A garra florestal para mini-escavadoras \u00e9 um equipamento vers\u00e1til que pode ser utilizado para levantar e manusear cargas pesadas, tais como vigas, troncos de \u00e1rvores e pedras.","robots":{"index":"index","follow":"follow","max-snippet":"max-snippet:-1","max-image-preview":"max-image-preview:large","max-video-preview":"max-video-preview:-1"},"canonical":"https:\/\/leite-europa.com\/pt-pt\/produit\/garra-florestal\/","og_locale":"pt_PT","og_type":"article","og_title":"Garra florestal - Leite Europe","og_description":"A garra florestal para mini-escavadoras \u00e9 um equipamento vers\u00e1til que pode ser utilizado para levantar e manusear cargas pesadas, tais como vigas, troncos de \u00e1rvores e pedras.","og_url":"https:\/\/leite-europa.com\/pt-pt\/produit\/garra-florestal\/","og_site_name":"Leite Europe","article_publisher":"https:\/\/www.facebook.com\/profile.php?id=100089192656837","article_modified_time":"2025-03-14T10:22:45+00:00","og_image":[{"width":1440,"height":1920,"url":"https:\/\/leite-europa.com\/wp-content\/uploads\/2023\/01\/IMG_1295.jpeg","type":"image\/jpeg"}],"twitter_card":"summary_large_image","twitter_misc":{"Tempo estimado de leitura":"2 minutos"},"schema":{"@context":"https:\/\/schema.org","@graph":[{"@type":"WebPage","@id":"https:\/\/leite-europa.com\/pt-pt\/produit\/garra-florestal\/","url":"https:\/\/leite-europa.com\/pt-pt\/produit\/garra-florestal\/","name":"Garra florestal - Leite Europe","isPartOf":{"@id":"https:\/\/leite-europa.com\/pt-pt\/#website"},"primaryImageOfPage":{"@id":"https:\/\/leite-europa.com\/pt-pt\/produit\/garra-florestal\/#primaryimage"},"image":{"@id":"https:\/\/leite-europa.com\/pt-pt\/produit\/garra-florestal\/#primaryimage"},"thumbnailUrl":"https:\/\/leite-europa.com\/wp-content\/uploads\/2023\/01\/IMG_1295.jpeg","datePublished":"2023-11-07T13:35:17+00:00","dateModified":"2025-03-14T10:22:45+00:00","description":"A garra florestal para mini-escavadoras \u00e9 um equipamento vers\u00e1til que pode ser utilizado para levantar e manusear cargas pesadas, tais como vigas, troncos de \u00e1rvores e pedras.","breadcrumb":{"@id":"https:\/\/leite-europa.com\/pt-pt\/produit\/garra-florestal\/#breadcrumb"},"inLanguage":"pt-PT","potentialAction":[{"@type":"ReadAction","target":["https:\/\/leite-europa.com\/pt-pt\/produit\/garra-florestal\/"]}]},{"@type":"ImageObject","inLanguage":"pt-PT","@id":"https:\/\/leite-europa.com\/pt-pt\/produit\/garra-florestal\/#primaryimage","url":"https:\/\/leite-europa.com\/wp-content\/uploads\/2023\/01\/IMG_1295.jpeg","contentUrl":"https:\/\/leite-europa.com\/wp-content\/uploads\/2023\/01\/IMG_1295.jpeg","width":1440,"height":1920,"caption":"Garra florestal, garra de troncos, garra de arrasto, garra de madeira, garra de madeira para mini-escavadora LEITE"},{"@type":"BreadcrumbList","@id":"https:\/\/leite-europa.com\/pt-pt\/produit\/garra-florestal\/#breadcrumb","itemListElement":[{"@type":"ListItem","position":1,"name":"Accueil","item":"https:\/\/leite-europa.com\/pt-pt\/inicio\/"},{"@type":"ListItem","position":2,"name":"Boutique","item":"https:\/\/leite-europa.com\/fr\/boutique\/"},{"@type":"ListItem","position":3,"name":"Garra florestal"}]},{"@type":"WebSite","@id":"https:\/\/leite-europa.com\/pt-pt\/#website","url":"https:\/\/leite-europa.com\/pt-pt\/","name":"Leite Europe","description":"","publisher":{"@id":"https:\/\/leite-europa.com\/pt-pt\/#organization"},"potentialAction":[{"@type":"SearchAction","target":{"@type":"EntryPoint","urlTemplate":"https:\/\/leite-europa.com\/pt-pt\/?s={search_term_string}"},"query-input":{"@type":"PropertyValueSpecification","valueRequired":true,"valueName":"search_term_string"}}],"inLanguage":"pt-PT"},{"@type":"Organization","@id":"https:\/\/leite-europa.com\/pt-pt\/#organization","name":"Leite Europe","url":"https:\/\/leite-europa.com\/pt-pt\/","logo":{"@type":"ImageObject","inLanguage":"pt-PT","@id":"https:\/\/leite-europa.com\/pt-pt\/#\/schema\/logo\/image\/","url":"https:\/\/leite-europa.com\/wp-content\/uploads\/2022\/12\/LOGO-LEITE.png","contentUrl":"https:\/\/leite-europa.com\/wp-content\/uploads\/2022\/12\/LOGO-LEITE.png","width":1024,"height":512,"caption":"Leite Europe"},"image":{"@id":"https:\/\/leite-europa.com\/pt-pt\/#\/schema\/logo\/image\/"},"sameAs":["https:\/\/www.facebook.com\/profile.php?id=100089192656837","https:\/\/www.instagram.com\/leite_france_minipelle\/","https:\/\/www.linkedin.com\/company\/leite-france\/"]}]}},"_links":{"self":[{"href":"https:\/\/leite-europa.com\/pt-pt\/wp-json\/wp\/v2\/product\/8295","targetHints":{"allow":["GET"]}}],"collection":[{"href":"https:\/\/leite-europa.com\/pt-pt\/wp-json\/wp\/v2\/product"}],"about":[{"href":"https:\/\/leite-europa.com\/pt-pt\/wp-json\/wp\/v2\/types\/product"}],"wp:featuredmedia":[{"embeddable":true,"href":"https:\/\/leite-europa.com\/pt-pt\/wp-json\/wp\/v2\/media\/3443"}],"wp:attachment":[{"href":"https:\/\/leite-europa.com\/pt-pt\/wp-json\/wp\/v2\/media?parent=8295"}],"wp:term":[{"taxonomy":"product_brand","embeddable":true,"href":"https:\/\/leite-europa.com\/pt-pt\/wp-json\/wp\/v2\/product_brand?post=8295"},{"taxonomy":"product_cat","embeddable":true,"href":"https:\/\/leite-europa.com\/pt-pt\/wp-json\/wp\/v2\/product_cat?post=8295"},{"taxonomy":"product_tag","embeddable":true,"href":"https:\/\/leite-europa.com\/pt-pt\/wp-json\/wp\/v2\/product_tag?post=8295"}],"curies":[{"name":"wp","href":"https:\/\/api.w.org\/{rel}","templated":true}]}}