{"id":8298,"date":"2023-11-07T14:37:31","date_gmt":"2023-11-07T13:37:31","guid":{"rendered":"https:\/\/leite-europa.com\/produit\/ancinho\/"},"modified":"2025-03-14T14:16:51","modified_gmt":"2025-03-14T13:16:51","slug":"ancinho","status":"publish","type":"product","link":"https:\/\/leite-europa.com\/pt-pt\/produit\/ancinho\/","title":{"rendered":"Ancinho"},"content":{"rendered":"<p>[et_pb_section fb_built=&#8221;1&#8243; _builder_version=&#8221;4.19.2&#8243; _module_preset=&#8221;default&#8221; background_color=&#8221;#FFFFFF&#8221; custom_padding=&#8221;||4px|||&#8221; global_colors_info=&#8221;{}&#8221;][et_pb_row column_structure=&#8221;1_2,1_2&#8243; _builder_version=&#8221;4.19.2&#8243; _module_preset=&#8221;default&#8221; global_colors_info=&#8221;{}&#8221;][et_pb_column type=&#8221;1_2&#8243; _builder_version=&#8221;4.19.2&#8243; _module_preset=&#8221;default&#8221; global_colors_info=&#8221;{}&#8221;][et_pb_gallery gallery_ids=&#8221;854,855,856&#8243; fullwidth=&#8221;on&#8221; _builder_version=&#8221;4.19.4&#8243; _module_preset=&#8221;default&#8221; global_colors_info=&#8221;{}&#8221;][\/et_pb_gallery][\/et_pb_column][et_pb_column type=&#8221;1_2&#8243; _builder_version=&#8221;4.19.2&#8243; _module_preset=&#8221;default&#8221; global_colors_info=&#8221;{}&#8221;][et_pb_text _builder_version=&#8221;4.19.4&#8243; _module_preset=&#8221;default&#8221; text_line_height=&#8221;2em&#8221; global_colors_info=&#8221;{}&#8221;]<\/p>\n<h2><span style=\"color: #ff6600;\">&#8220;Uma solu\u00e7\u00e3o de triagem, recolha e limpeza&#8221;.<\/span><\/h2>\n<p>[\/et_pb_text][et_pb_text _builder_version=&#8221;4.19.4&#8243; _module_preset=&#8221;default&#8221; text_text_color=&#8221;#484F54&#8243; global_colors_info=&#8221;{}&#8221;]<\/p>\n<p>&nbsp;<\/p>\n<div>\n<p><span style=\"color: #484f54;\">O ancinho florestal \u00e9 um acess\u00f3rio que se adapta \u00e0s nossas mini-escavadoras para utiliza\u00e7\u00e3o na silvicultura, agricultura ou obras p\u00fablicas.<\/span><\/p>\n<p>\u00c9 tamb\u00e9m conhecido por garra, balde de ancinho ou balde de pente.<span style=\"color: #484f54;\"><\/span><\/p>\n<p><span style=\"color: #484f54;\"><\/span><\/p>\n<\/div>\n<div>\n<p><span style=\"color: #484f54;\">\u00c9 accionada pelos movimentos da lan\u00e7a, atrav\u00e9s de cilindros hidr\u00e1ulicos, e \u00e9 utilizada para recolher erva, palha, folhas e ramos.<\/span><\/p>\n<p><span style=\"color: #484f54;\"><\/span><\/p>\n<\/div>\n<div>\n<p><span style=\"color: #484f54;\">\u00c9 geralmente utilizado para :<\/span><\/p>\n<\/div>\n<div>\n<ul>\n<li><span style=\"color: #484f54;\">limpar a vegeta\u00e7\u00e3o rasteira<\/span><\/li>\n<li><span style=\"color: #484f54;\">limpar as zonas de vegeta\u00e7\u00e3o rasteira ou os caminhos florestais e apanhar os ramos,<\/span><\/li>\n<li><span style=\"color: #484f54;\">limpar o terreno<\/span><\/li>\n<li><span style=\"color: #484f54;\">selecionar pedras e remover pedras de solos leves<\/span><\/li>\n<li><span style=\"color: #484f54;\">arrancar a relva antes de a replantar<\/span><\/li>\n<li><span style=\"color: #484f54;\">arrumar e preparar os alimentos para os rebanhos.<\/span><\/li>\n<\/ul>\n<\/div>\n<p>[\/et_pb_text][\/et_pb_column][\/et_pb_row][\/et_pb_section][et_pb_section fb_built=&#8221;1&#8243; _builder_version=&#8221;4.19.4&#8243; _module_preset=&#8221;default&#8221; background_color=&#8221;RGBA(255,255,255,0)&#8221; custom_padding=&#8221;2px||4px|||&#8221; global_colors_info=&#8221;{}&#8221;][et_pb_row _builder_version=&#8221;4.19.4&#8243; _module_preset=&#8221;default&#8221; animation_direction=&#8221;bottom&#8221; global_colors_info=&#8221;{}&#8221;][et_pb_column type=&#8221;4_4&#8243; _builder_version=&#8221;4.19.4&#8243; _module_preset=&#8221;default&#8221; global_colors_info=&#8221;{}&#8221;][et_pb_gallery gallery_ids=&#8221;857&#8243; fullwidth=&#8221;on&#8221; _builder_version=&#8221;4.19.4&#8243; _module_preset=&#8221;default&#8221; background_color=&#8221;RGBA(255,255,255,0)&#8221; auto=&#8221;on&#8221; auto_speed=&#8221;3000&#8243; global_colors_info=&#8221;{}&#8221;][\/et_pb_gallery][\/et_pb_column][\/et_pb_row][\/et_pb_section]<\/p>\n","protected":false},"excerpt":{"rendered":"<p>&#8220;Uma solu\u00e7\u00e3o de triagem, recolha e limpeza&#8221;.&nbsp; O ancinho florestal \u00e9 um acess\u00f3rio que se adapta \u00e0s nossas mini-escavadoras para utiliza\u00e7\u00e3o na silvicultura, agricultura ou obras p\u00fablicas. \u00c9 tamb\u00e9m conhecido por garra, balde de ancinho ou balde de pente. \u00c9 accionada pelos movimentos da lan\u00e7a, atrav\u00e9s de cilindros hidr\u00e1ulicos, e \u00e9 utilizada para recolher erva, [&hellip;]<\/p>\n","protected":false},"featured_media":3419,"template":"","meta":{"_et_pb_use_builder":"on","_et_pb_old_content":"","_et_gb_content_width":""},"product_brand":[],"product_cat":[191,205,206,290],"product_tag":[],"class_list":{"0":"post-8298","1":"product","2":"type-product","3":"status-publish","4":"has-post-thumbnail","6":"product_cat-acessorios-para-mini-escavadoras","7":"product_cat-acessorios-para-mini-escavadoras-cl12s","8":"product_cat-acessorios-para-mini-escavadoras-cl18s","9":"product_cat-acessorios-para-miniescavadeiras-cl20","11":"first","12":"instock","13":"taxable","14":"shipping-taxable","15":"purchasable","16":"product-type-variable"},"yoast_head":"<!-- This site is optimized with the Yoast SEO plugin v27.3 - https:\/\/yoast.com\/product\/yoast-seo-wordpress\/ -->\n<title>Ancinho - Leite Europe<\/title>\n<meta name=\"description\" content=\"O ancinho florestal \u00e9 um acess\u00f3rio que se adapta \u00e0s nossas mini-escavadoras LEITE para utiliza\u00e7\u00e3o na silvicultura, agricultura e obras p\u00fablicas. \u00c9 tamb\u00e9m conhecido por garra, balde de ancinho, garra ou balde de pente.\" \/>\n<meta name=\"robots\" content=\"index, follow, max-snippet:-1, max-image-preview:large, max-video-preview:-1\" \/>\n<link rel=\"canonical\" href=\"https:\/\/leite-europa.com\/pt-pt\/produit\/ancinho\/\" \/>\n<meta property=\"og:locale\" content=\"pt_PT\" \/>\n<meta property=\"og:type\" content=\"article\" \/>\n<meta property=\"og:title\" content=\"Ancinho - Leite Europe\" \/>\n<meta property=\"og:description\" content=\"O ancinho florestal \u00e9 um acess\u00f3rio que se adapta \u00e0s nossas mini-escavadoras LEITE para utiliza\u00e7\u00e3o na silvicultura, agricultura e obras p\u00fablicas. \u00c9 tamb\u00e9m conhecido por garra, balde de ancinho, garra ou balde de pente.\" \/>\n<meta property=\"og:url\" content=\"https:\/\/leite-europa.com\/pt-pt\/produit\/ancinho\/\" \/>\n<meta property=\"og:site_name\" content=\"Leite Europe\" \/>\n<meta property=\"article:publisher\" content=\"https:\/\/www.facebook.com\/profile.php?id=100089192656837\" \/>\n<meta property=\"article:modified_time\" content=\"2025-03-14T13:16:51+00:00\" \/>\n<meta property=\"og:image\" content=\"https:\/\/leite-europa.com\/wp-content\/uploads\/2023\/01\/IMG_1289.jpeg\" \/>\n\t<meta property=\"og:image:width\" content=\"1440\" \/>\n\t<meta property=\"og:image:height\" content=\"1920\" \/>\n\t<meta property=\"og:image:type\" content=\"image\/jpeg\" \/>\n<meta name=\"twitter:card\" content=\"summary_large_image\" \/>\n<meta name=\"twitter:label1\" content=\"Tempo estimado de leitura\" \/>\n\t<meta name=\"twitter:data1\" content=\"2 minutos\" \/>\n<script type=\"application\/ld+json\" class=\"yoast-schema-graph\">{\"@context\":\"https:\\\/\\\/schema.org\",\"@graph\":[{\"@type\":\"WebPage\",\"@id\":\"https:\\\/\\\/leite-europa.com\\\/pt-pt\\\/produit\\\/ancinho\\\/\",\"url\":\"https:\\\/\\\/leite-europa.com\\\/pt-pt\\\/produit\\\/ancinho\\\/\",\"name\":\"Ancinho - Leite Europe\",\"isPartOf\":{\"@id\":\"https:\\\/\\\/leite-europa.com\\\/pt-pt\\\/#website\"},\"primaryImageOfPage\":{\"@id\":\"https:\\\/\\\/leite-europa.com\\\/pt-pt\\\/produit\\\/ancinho\\\/#primaryimage\"},\"image\":{\"@id\":\"https:\\\/\\\/leite-europa.com\\\/pt-pt\\\/produit\\\/ancinho\\\/#primaryimage\"},\"thumbnailUrl\":\"https:\\\/\\\/leite-europa.com\\\/wp-content\\\/uploads\\\/2023\\\/01\\\/IMG_1289.jpeg\",\"datePublished\":\"2023-11-07T13:37:31+00:00\",\"dateModified\":\"2025-03-14T13:16:51+00:00\",\"description\":\"O ancinho florestal \u00e9 um acess\u00f3rio que se adapta \u00e0s nossas mini-escavadoras LEITE para utiliza\u00e7\u00e3o na silvicultura, agricultura e obras p\u00fablicas. \u00c9 tamb\u00e9m conhecido por garra, balde de ancinho, garra ou balde de pente.\",\"breadcrumb\":{\"@id\":\"https:\\\/\\\/leite-europa.com\\\/pt-pt\\\/produit\\\/ancinho\\\/#breadcrumb\"},\"inLanguage\":\"pt-PT\",\"potentialAction\":[{\"@type\":\"ReadAction\",\"target\":[\"https:\\\/\\\/leite-europa.com\\\/pt-pt\\\/produit\\\/ancinho\\\/\"]}]},{\"@type\":\"ImageObject\",\"inLanguage\":\"pt-PT\",\"@id\":\"https:\\\/\\\/leite-europa.com\\\/pt-pt\\\/produit\\\/ancinho\\\/#primaryimage\",\"url\":\"https:\\\/\\\/leite-europa.com\\\/wp-content\\\/uploads\\\/2023\\\/01\\\/IMG_1289.jpeg\",\"contentUrl\":\"https:\\\/\\\/leite-europa.com\\\/wp-content\\\/uploads\\\/2023\\\/01\\\/IMG_1289.jpeg\",\"width\":1440,\"height\":1920,\"caption\":\"Ancinho para mini-escavadora Leite, balde de garra, fleco, ancinho florestal, garra\"},{\"@type\":\"BreadcrumbList\",\"@id\":\"https:\\\/\\\/leite-europa.com\\\/pt-pt\\\/produit\\\/ancinho\\\/#breadcrumb\",\"itemListElement\":[{\"@type\":\"ListItem\",\"position\":1,\"name\":\"Accueil\",\"item\":\"https:\\\/\\\/leite-europa.com\\\/pt-pt\\\/inicio\\\/\"},{\"@type\":\"ListItem\",\"position\":2,\"name\":\"Boutique\",\"item\":\"https:\\\/\\\/leite-europa.com\\\/fr\\\/boutique\\\/\"},{\"@type\":\"ListItem\",\"position\":3,\"name\":\"Ancinho\"}]},{\"@type\":\"WebSite\",\"@id\":\"https:\\\/\\\/leite-europa.com\\\/pt-pt\\\/#website\",\"url\":\"https:\\\/\\\/leite-europa.com\\\/pt-pt\\\/\",\"name\":\"Leite Europe\",\"description\":\"\",\"publisher\":{\"@id\":\"https:\\\/\\\/leite-europa.com\\\/pt-pt\\\/#organization\"},\"potentialAction\":[{\"@type\":\"SearchAction\",\"target\":{\"@type\":\"EntryPoint\",\"urlTemplate\":\"https:\\\/\\\/leite-europa.com\\\/pt-pt\\\/?s={search_term_string}\"},\"query-input\":{\"@type\":\"PropertyValueSpecification\",\"valueRequired\":true,\"valueName\":\"search_term_string\"}}],\"inLanguage\":\"pt-PT\"},{\"@type\":\"Organization\",\"@id\":\"https:\\\/\\\/leite-europa.com\\\/pt-pt\\\/#organization\",\"name\":\"Leite Europe\",\"url\":\"https:\\\/\\\/leite-europa.com\\\/pt-pt\\\/\",\"logo\":{\"@type\":\"ImageObject\",\"inLanguage\":\"pt-PT\",\"@id\":\"https:\\\/\\\/leite-europa.com\\\/pt-pt\\\/#\\\/schema\\\/logo\\\/image\\\/\",\"url\":\"https:\\\/\\\/leite-europa.com\\\/wp-content\\\/uploads\\\/2022\\\/12\\\/LOGO-LEITE.png\",\"contentUrl\":\"https:\\\/\\\/leite-europa.com\\\/wp-content\\\/uploads\\\/2022\\\/12\\\/LOGO-LEITE.png\",\"width\":1024,\"height\":512,\"caption\":\"Leite Europe\"},\"image\":{\"@id\":\"https:\\\/\\\/leite-europa.com\\\/pt-pt\\\/#\\\/schema\\\/logo\\\/image\\\/\"},\"sameAs\":[\"https:\\\/\\\/www.facebook.com\\\/profile.php?id=100089192656837\",\"https:\\\/\\\/www.instagram.com\\\/leite_france_minipelle\\\/\",\"https:\\\/\\\/www.linkedin.com\\\/company\\\/leite-france\\\/\"]}]}<\/script>\n<!-- \/ Yoast SEO plugin. -->","yoast_head_json":{"title":"Ancinho - Leite Europe","description":"O ancinho florestal \u00e9 um acess\u00f3rio que se adapta \u00e0s nossas mini-escavadoras LEITE para utiliza\u00e7\u00e3o na silvicultura, agricultura e obras p\u00fablicas. \u00c9 tamb\u00e9m conhecido por garra, balde de ancinho, garra ou balde de pente.","robots":{"index":"index","follow":"follow","max-snippet":"max-snippet:-1","max-image-preview":"max-image-preview:large","max-video-preview":"max-video-preview:-1"},"canonical":"https:\/\/leite-europa.com\/pt-pt\/produit\/ancinho\/","og_locale":"pt_PT","og_type":"article","og_title":"Ancinho - Leite Europe","og_description":"O ancinho florestal \u00e9 um acess\u00f3rio que se adapta \u00e0s nossas mini-escavadoras LEITE para utiliza\u00e7\u00e3o na silvicultura, agricultura e obras p\u00fablicas. \u00c9 tamb\u00e9m conhecido por garra, balde de ancinho, garra ou balde de pente.","og_url":"https:\/\/leite-europa.com\/pt-pt\/produit\/ancinho\/","og_site_name":"Leite Europe","article_publisher":"https:\/\/www.facebook.com\/profile.php?id=100089192656837","article_modified_time":"2025-03-14T13:16:51+00:00","og_image":[{"width":1440,"height":1920,"url":"https:\/\/leite-europa.com\/wp-content\/uploads\/2023\/01\/IMG_1289.jpeg","type":"image\/jpeg"}],"twitter_card":"summary_large_image","twitter_misc":{"Tempo estimado de leitura":"2 minutos"},"schema":{"@context":"https:\/\/schema.org","@graph":[{"@type":"WebPage","@id":"https:\/\/leite-europa.com\/pt-pt\/produit\/ancinho\/","url":"https:\/\/leite-europa.com\/pt-pt\/produit\/ancinho\/","name":"Ancinho - Leite Europe","isPartOf":{"@id":"https:\/\/leite-europa.com\/pt-pt\/#website"},"primaryImageOfPage":{"@id":"https:\/\/leite-europa.com\/pt-pt\/produit\/ancinho\/#primaryimage"},"image":{"@id":"https:\/\/leite-europa.com\/pt-pt\/produit\/ancinho\/#primaryimage"},"thumbnailUrl":"https:\/\/leite-europa.com\/wp-content\/uploads\/2023\/01\/IMG_1289.jpeg","datePublished":"2023-11-07T13:37:31+00:00","dateModified":"2025-03-14T13:16:51+00:00","description":"O ancinho florestal \u00e9 um acess\u00f3rio que se adapta \u00e0s nossas mini-escavadoras LEITE para utiliza\u00e7\u00e3o na silvicultura, agricultura e obras p\u00fablicas. \u00c9 tamb\u00e9m conhecido por garra, balde de ancinho, garra ou balde de pente.","breadcrumb":{"@id":"https:\/\/leite-europa.com\/pt-pt\/produit\/ancinho\/#breadcrumb"},"inLanguage":"pt-PT","potentialAction":[{"@type":"ReadAction","target":["https:\/\/leite-europa.com\/pt-pt\/produit\/ancinho\/"]}]},{"@type":"ImageObject","inLanguage":"pt-PT","@id":"https:\/\/leite-europa.com\/pt-pt\/produit\/ancinho\/#primaryimage","url":"https:\/\/leite-europa.com\/wp-content\/uploads\/2023\/01\/IMG_1289.jpeg","contentUrl":"https:\/\/leite-europa.com\/wp-content\/uploads\/2023\/01\/IMG_1289.jpeg","width":1440,"height":1920,"caption":"Ancinho para mini-escavadora Leite, balde de garra, fleco, ancinho florestal, garra"},{"@type":"BreadcrumbList","@id":"https:\/\/leite-europa.com\/pt-pt\/produit\/ancinho\/#breadcrumb","itemListElement":[{"@type":"ListItem","position":1,"name":"Accueil","item":"https:\/\/leite-europa.com\/pt-pt\/inicio\/"},{"@type":"ListItem","position":2,"name":"Boutique","item":"https:\/\/leite-europa.com\/fr\/boutique\/"},{"@type":"ListItem","position":3,"name":"Ancinho"}]},{"@type":"WebSite","@id":"https:\/\/leite-europa.com\/pt-pt\/#website","url":"https:\/\/leite-europa.com\/pt-pt\/","name":"Leite Europe","description":"","publisher":{"@id":"https:\/\/leite-europa.com\/pt-pt\/#organization"},"potentialAction":[{"@type":"SearchAction","target":{"@type":"EntryPoint","urlTemplate":"https:\/\/leite-europa.com\/pt-pt\/?s={search_term_string}"},"query-input":{"@type":"PropertyValueSpecification","valueRequired":true,"valueName":"search_term_string"}}],"inLanguage":"pt-PT"},{"@type":"Organization","@id":"https:\/\/leite-europa.com\/pt-pt\/#organization","name":"Leite Europe","url":"https:\/\/leite-europa.com\/pt-pt\/","logo":{"@type":"ImageObject","inLanguage":"pt-PT","@id":"https:\/\/leite-europa.com\/pt-pt\/#\/schema\/logo\/image\/","url":"https:\/\/leite-europa.com\/wp-content\/uploads\/2022\/12\/LOGO-LEITE.png","contentUrl":"https:\/\/leite-europa.com\/wp-content\/uploads\/2022\/12\/LOGO-LEITE.png","width":1024,"height":512,"caption":"Leite Europe"},"image":{"@id":"https:\/\/leite-europa.com\/pt-pt\/#\/schema\/logo\/image\/"},"sameAs":["https:\/\/www.facebook.com\/profile.php?id=100089192656837","https:\/\/www.instagram.com\/leite_france_minipelle\/","https:\/\/www.linkedin.com\/company\/leite-france\/"]}]}},"_links":{"self":[{"href":"https:\/\/leite-europa.com\/pt-pt\/wp-json\/wp\/v2\/product\/8298","targetHints":{"allow":["GET"]}}],"collection":[{"href":"https:\/\/leite-europa.com\/pt-pt\/wp-json\/wp\/v2\/product"}],"about":[{"href":"https:\/\/leite-europa.com\/pt-pt\/wp-json\/wp\/v2\/types\/product"}],"wp:featuredmedia":[{"embeddable":true,"href":"https:\/\/leite-europa.com\/pt-pt\/wp-json\/wp\/v2\/media\/3419"}],"wp:attachment":[{"href":"https:\/\/leite-europa.com\/pt-pt\/wp-json\/wp\/v2\/media?parent=8298"}],"wp:term":[{"taxonomy":"product_brand","embeddable":true,"href":"https:\/\/leite-europa.com\/pt-pt\/wp-json\/wp\/v2\/product_brand?post=8298"},{"taxonomy":"product_cat","embeddable":true,"href":"https:\/\/leite-europa.com\/pt-pt\/wp-json\/wp\/v2\/product_cat?post=8298"},{"taxonomy":"product_tag","embeddable":true,"href":"https:\/\/leite-europa.com\/pt-pt\/wp-json\/wp\/v2\/product_tag?post=8298"}],"curies":[{"name":"wp","href":"https:\/\/api.w.org\/{rel}","templated":true}]}}