{"id":8318,"date":"2023-11-07T14:57:44","date_gmt":"2023-11-07T13:57:44","guid":{"rendered":"https:\/\/leite-europa.com\/produit\/balde-de-limpeza\/"},"modified":"2024-08-01T12:30:52","modified_gmt":"2024-08-01T10:30:52","slug":"balde-de-corte","status":"publish","type":"product","link":"https:\/\/leite-europa.com\/pt-pt\/produit\/balde-de-corte\/","title":{"rendered":"Balde de limpeza"},"content":{"rendered":"<p>[et_pb_section fb_built=&#8221;1&#8243; _builder_version=&#8221;4.19.2&#8243; _module_preset=&#8221;default&#8221; background_color=&#8221;#FFFFFF&#8221; custom_padding=&#8221;||4px|||&#8221; global_colors_info=&#8221;{}&#8221;][et_pb_row column_structure=&#8221;1_2,1_2&#8243; _builder_version=&#8221;4.19.2&#8243; _module_preset=&#8221;default&#8221; global_colors_info=&#8221;{}&#8221;][et_pb_column type=&#8221;1_2&#8243; _builder_version=&#8221;4.19.2&#8243; _module_preset=&#8221;default&#8221; global_colors_info=&#8221;{}&#8221;][et_pb_gallery gallery_ids=&#8221;961,960,962,963,964,965&#8243; fullwidth=&#8221;on&#8221; _builder_version=&#8221;4.19.4&#8243; _module_preset=&#8221;default&#8221; global_colors_info=&#8221;{}&#8221;][\/et_pb_gallery][\/et_pb_column][et_pb_column type=&#8221;1_2&#8243; _builder_version=&#8221;4.19.2&#8243; _module_preset=&#8221;default&#8221; global_colors_info=&#8221;{}&#8221;][et_pb_text _builder_version=&#8221;4.19.4&#8243; _module_preset=&#8221;default&#8221; text_line_height=&#8221;2em&#8221; global_colors_info=&#8221;{}&#8221;]<\/p>\n<h2><span style=\"color: #ff6600;\">&#8220;Uma solu\u00e7\u00e3o para escavar, nivelar e limpar valas&#8221;.<\/span><\/h2>\n<p>[\/et_pb_text][et_pb_text _builder_version=&#8221;4.19.4&#8243; _module_preset=&#8221;default&#8221; global_colors_info=&#8221;{}&#8221;]<\/p>\n<div>\n<p><span data-canva-clipboard=\"ewAiAGEAIgA6ADUALAAiAGQAIgA6ACIAQgAiACwAIgBoACIAOgAiAHcAdwB3AC4AYwBhAG4AdgBhAC4AYwBvAG0AIgAsACIAYwAiADoAIgBEAEEARgBYAFIAawBCAEoAdgA0ADAAIgAsACIAaQAiADoAIgBJADMAcgAxAFkATwB6AFYAaABVAGUARQBmAFkAQgBVAEQAYwA3AEkAZQBBACIALAAiAGIAIgA6ADEANgA3ADMANAAzADMANAAwADQANwA3ADAALAAiAEEAPwAiADoAIgBFACIALAAiAEEAIgA6AHsAIgBBACIAOgBbAHsAIgBBACIAOgB7ACIAQQA\/ACIAOgAiAEEAIgAsACIAQQAiADoAIgBMAGUAoAAiAH0ALAAiAEIAIgA6AHsAIgBBACIAOgAiAFkAQQBEAEwAagBJADkAcQB4AFQAQQAsADAAIgAsACIASAAiADoAIgAtADAALgAwADMAMgBlAG0AIgAsACIASQAiADoAIgAxAC4AMQAyACIAfQB9ACwAewAiAEEAIgA6AHsAIgBBAD8AIgA6ACIAQQAiACwAIgBBACIAOgAiAGcAbwBkAGUAdAAgAGQAZQAgAGMAdQByAGEAZwBlACIAfQAsACIAQgAiADoAewAiAEMAIgA6ACIAYgBvAGwAZAAiAH0AfQAsAHsAIgBBACIAOgB7ACIAQQA\/ACIAOgAiAEEAIgAsACIAQQAiADoAIgAsACAA6QBnAGEAbABlAG0AZQBuAHQAIABhAHAAcABlAGwA6QAiAH0ALAAiAEMAIgA6AHsAIgBDACIAOgB0AHIAdQBlAH0AfQAsAHsAIgBBACIAOgB7ACIAQQA\/ACIAOgAiAEEAIgAsACIAQQAiADoAIgCgAGcAbwBkAGUAdAAgAGQAZQAgAHQAZQByAHIAYQBzAHMAZQBtAGUAbgB0ACIAfQAsACIAQgAiADoAewAiAEMAIgA6ACIAYgBvAGwAZAAiAH0AfQAsAHsAIgBBACIAOgB7ACIAQQA\/ACIAOgAiAEEAIgAsACIAQQAiADoAIgAsAKAAIgB9ACwAIgBDACIAOgB7ACIAQwAiADoAdAByAHUAZQB9AH0ALAB7ACIAQQAiADoAewAiAEEAPwAiADoAIgBBACIALAAiAEEAIgA6ACIAZwBvAGQAZQB0ACAA4AAgAGYAbwBzAHMA6QCgACIAfQAsACIAQgAiADoAewAiAEMAIgA6ACIAYgBvAGwAZAAiAH0AfQAsAHsAIgBBACIAOgB7ACIAQQA\/ACIAOgAiAEEAIgAsACIAQQAiADoAIgBvAHUAoAAiAH0ALAAiAEMAIgA6AHsAIgBDACIAOgB0AHIAdQBlAH0AfQAsAHsAIgBBACIAOgB7ACIAQQA\/ACIAOgAiAEEAIgAsACIAQQAiADoAIgBnAG8AZABlAHQAIABkAGUAIABuAGkAdgBlAGwAbABlAG0AZQBuAHQAIgB9ACwAIgBCACIAOgB7ACIAQwAiADoAIgBiAG8AbABkACIAfQB9ACwAewAiAEEAIgA6AHsAIgBBAD8AIgA6ACIAQQAiACwAIgBBACIAOgAiAKAAZQBzAHQAIAB1AG4AIABvAHUAdABpAGwAIABpAG4AZABpAHMAcABlAG4AcwBhAGIAbABlACAAcABvAHUAcgAgAGwAZQBzACAAdAByAGEAdgBhAHUAeAAgAGQAZQAgAHIAZQBtAGIAbABhAHkAYQBnAGUAIABlAHQAIABkAGUAIABuAGkAdgBlAGwAYQBnAGUALgAgAEkAbAAgAGUAcwB0ACAAZwDpAG4A6QByAGEAbABlAG0AZQBuAHQAIAB1AHQAaQBsAGkAcwDpACAAcABvAHUAcgAgAGwAZQAgAHQAZQByAHIAYQBzAHMAZQBtAGUAbgB0ACAAZABlACAAdABlAHIAcgBhAGkAbgAsACAAbABlACAAbgBlAHQAdABvAHkAYQBnAGUAIABkAGUAIABmAG8AcwBzAOkALAAgAGwAZQAgAHQAYQBsAHUAdABhAGcAZQAgAHAAbwB1AHIAIABsAGUAcwAgAHQAcgBhAHYAYQB1AHgAIABkAGUAIAB2AG8AaQByAGkAZQAgAGEAaQBuAHMAaQAgAHEAdQBlACAAbAAnAGUAbgB0AHIAZQB0AGkAZQBuACAAZABlAHMAIABiAG8AcgBkAHMAIABkAGUAIAByAG8AdQB0AGUAIABlAHQAIABkAGUAcwAgAGMAYQBuAGEAdQB4ACAAZAAnAOkAYwBvAHUAbABlAG0AZQBuAHQAIABkACcAZQBhAHUALgAgAEMAZQByAHQAYQBpAG4AcwAgAG0AbwBkAOgAbABlAHMAIABzAG8AbgB0ACAAYwBvAG4A5wB1AHMAIABwAG8AdQByACAA6gB0AHIAZQAgAG0AbwBuAHQA6QBzACAAcwB1AHIAIABsAGUAcwAgAHAAZQBsAGwAZQBzACwAIABsAGUAcwCgACIAfQAsACIAQwAiADoAewAiAEMAIgA6AHQAcgB1AGUAfQB9ACwAewAiAEEAIgA6AHsAIgBBAD8AIgA6ACIAQQAiACwAIgBBACIAOgAiAG0AaQBuAGkALQBwAGUAbABsAGUAcwAiAH0ALAAiAEIAIgA6AHsAIgBHACIAOgAiAGgAdAB0AHAAcwA6AC8ALwB3AHcAdwAuAGgAZQBsAGwAbwBwAHIAbwAuAGYAcgAvAG0AaQBuAGkALQBwAGUAbABsAGUAcwAtAG0AbwBpAG4AcwAtAGQAZQAtADEAMAAtAHQAbwBuAG4AZQBzAC0AMQAwADAAMQAzADIAOAAtAGYAcgAtADEALQBmAGUAdQBpAGwAbABlAC4AaAB0AG0AbAAiAH0AfQAsAHsAIgBBACIAOgB7ACIAQQA\/ACIAOgAiAEEAIgAsACIAQQAiADoAIgCgAGUAdAAgAGwAZQBzAKAAIgB9ACwAIgBDACIAOgB7ACIARwAiADoAdAByAHUAZQB9AH0ALAB7ACIAQQAiADoAewAiAEEAPwAiADoAIgBBACIALAAiAEEAIgA6ACIAdAByAGEAYwB0AG8AcABlAGwAbABlAHMAIgB9ACwAIgBCACIAOgB7ACIARwAiADoAIgBoAHQAdABwAHMAOgAvAC8AdwB3AHcALgBoAGUAbABsAG8AcAByAG8ALgBmAHIALwB0AHIAYQBjAHQAbwBwAGUAbABsAGUAcwAtADIAMAAxADcANQA5ADMALQBmAHIALQAxAC0AZgBlAHUAaQBsAGwAZQAuAGgAdABtAGwAIgB9AH0ALAB7ACIAQQAiADoAewAiAEEAPwAiADoAIgBBACIALAAiAEEAIgA6ACIAoAB0AGEAbgBkAGkAcwAgAHEAdQBlACAAZAAnAGEAdQB0AHIAZQBzACAAcwBvAG4AdAAgAHAAcgDpAHYAdQBzACAAcABvAHUAcgAgAGwAZQBzACAAZQBuAGcAaQBuAHMAIABkAGUAIAB0AHkAcABlAKAAIgB9ACwAIgBDACIAOgB7ACIARwAiADoAdAByAHUAZQB9AH0ALAB7ACIAQQAiADoAewAiAEEAPwAiADoAIgBBACIALAAiAEEAIgA6ACIAYwBoAGEAcgBnAGUAdQBzAGUAIgB9ACwAIgBCACIAOgB7ACIARwAiADoAIgBoAHQAdABwAHMAOgAvAC8AdwB3AHcALgBoAGUAbABsAG8AcAByAG8ALgBmAHIALwBjAGgAYQByAGcAZQB1AHMAZQBzAC0AMgAwADAAMQA2ADYAMQAtAGYAcgAtADEALQBmAGUAdQBpAGwAbABlAC4AaAB0AG0AbAAiAH0AfQAsAHsAIgBBACIAOgB7ACIAQQA\/ACIAOgAiAEEAIgAsACIAQQAiADoAIgAuAKAAXABuACIAfQAsACIAQwAiADoAewAiAEcAIgA6AHQAcgB1AGUAfQB9AF0ALAAiAEIAIgA6AHsAIgB2AGgATQBhAGEARABLAHAAegBfAEsAYgA0AEwAXwBpACIAOgB7ACIAQgAiADoANQAzADYAfQB9AH0AfQA=\" style=\"color: rgba(255, 255, 255, 0);\"><\/span><\/p>\n<div>\n<p><span style=\"color: #484f54;\">O nosso balde escavador Leite, tamb\u00e9m conhecido como balde de vala ou balde nivelador, \u00e9 um balde sem dentes indispens\u00e1vel para os trabalhos de enchimento e nivelamento.<\/span><\/p>\n<p><span style=\"color: #484f54;\">O balde de limpeza \u00e9 utilizado para desbastar, recolher, carregar e endireitar, no \u00e2mbito de trabalhos de terraplanagem, enchimento e nivelamento de terrenos soltos.<\/span><\/p>\n<p><span style=\"color: #484f54;\">\u00c9 tamb\u00e9m utilizado em obras p\u00fablicas para limpar valas e aterros para obras rodovi\u00e1rias, bem como para a manuten\u00e7\u00e3o de bermas de estradas e canais de drenagem.<\/span><\/p>\n<p><span style=\"color: #484f54;\"><\/span><\/p>\n<\/div>\n<\/div>\n<p>[\/et_pb_text][et_pb_text _builder_version=&#8221;4.19.4&#8243; _module_preset=&#8221;default&#8221; text_text_color=&#8221;#484F54&#8243; global_colors_info=&#8221;{}&#8221;][\/et_pb_text][\/et_pb_column][\/et_pb_row][\/et_pb_section][et_pb_section fb_built=&#8221;1&#8243; _builder_version=&#8221;4.19.4&#8243; _module_preset=&#8221;default&#8221; background_color=&#8221;RGBA(255,255,255,0)&#8221; custom_padding=&#8221;2px||4px|||&#8221; global_colors_info=&#8221;{}&#8221;][et_pb_row _builder_version=&#8221;4.19.4&#8243; _module_preset=&#8221;default&#8221; animation_direction=&#8221;bottom&#8221; global_colors_info=&#8221;{}&#8221;][et_pb_column type=&#8221;4_4&#8243; _builder_version=&#8221;4.19.4&#8243; _module_preset=&#8221;default&#8221; global_colors_info=&#8221;{}&#8221;][et_pb_gallery gallery_ids=&#8221;960&#8243; fullwidth=&#8221;on&#8221; _builder_version=&#8221;4.19.4&#8243; _module_preset=&#8221;default&#8221; background_color=&#8221;RGBA(255,255,255,0)&#8221; auto=&#8221;on&#8221; auto_speed=&#8221;3000&#8243; global_colors_info=&#8221;{}&#8221;][\/et_pb_gallery][\/et_pb_column][\/et_pb_row][\/et_pb_section]<\/p>\n","protected":false},"excerpt":{"rendered":"<p>&#8220;Uma solu\u00e7\u00e3o para escavar, nivelar e limpar valas&#8221;. O nosso balde escavador Leite, tamb\u00e9m conhecido como balde de vala ou balde nivelador, \u00e9 um balde sem dentes indispens\u00e1vel para os trabalhos de enchimento e nivelamento. O balde de limpeza \u00e9 utilizado para desbastar, recolher, carregar e endireitar, no \u00e2mbito de trabalhos de terraplanagem, enchimento e [&hellip;]<\/p>\n","protected":false},"featured_media":3519,"template":"","meta":{"_et_pb_use_builder":"on","_et_pb_old_content":"","_et_gb_content_width":""},"product_brand":[],"product_cat":[191,205,206,290],"product_tag":[],"class_list":{"0":"post-8318","1":"product","2":"type-product","3":"status-publish","4":"has-post-thumbnail","6":"product_cat-acessorios-para-mini-escavadoras","7":"product_cat-acessorios-para-mini-escavadoras-cl12s","8":"product_cat-acessorios-para-mini-escavadoras-cl18s","9":"product_cat-acessorios-para-miniescavadeiras-cl20","11":"first","12":"instock","13":"taxable","14":"shipping-taxable","15":"purchasable","16":"product-type-variable","17":"has-default-attributes"},"yoast_head":"<!-- This site is optimized with the Yoast SEO plugin v27.4 - https:\/\/yoast.com\/product\/yoast-seo-wordpress\/ -->\n<title>Balde de limpeza - Leite Europe<\/title>\n<meta name=\"description\" content=\"O nosso balde escavador Leite, tamb\u00e9m conhecido como balde de vala ou balde nivelador, \u00e9 um balde sem dentes indispens\u00e1vel para os trabalhos de enchimento e nivelamento.\" \/>\n<meta name=\"robots\" content=\"index, follow, max-snippet:-1, max-image-preview:large, max-video-preview:-1\" \/>\n<link rel=\"canonical\" href=\"https:\/\/leite-europa.com\/pt-pt\/produit\/balde-de-corte\/\" \/>\n<meta property=\"og:locale\" content=\"pt_PT\" \/>\n<meta property=\"og:type\" content=\"article\" \/>\n<meta property=\"og:title\" content=\"Balde de limpeza - Leite Europe\" \/>\n<meta property=\"og:description\" content=\"O nosso balde escavador Leite, tamb\u00e9m conhecido como balde de vala ou balde nivelador, \u00e9 um balde sem dentes indispens\u00e1vel para os trabalhos de enchimento e nivelamento.\" \/>\n<meta property=\"og:url\" content=\"https:\/\/leite-europa.com\/pt-pt\/produit\/balde-de-corte\/\" \/>\n<meta property=\"og:site_name\" content=\"Leite Europe\" \/>\n<meta property=\"article:publisher\" content=\"https:\/\/www.facebook.com\/profile.php?id=100089192656837\" \/>\n<meta property=\"article:modified_time\" content=\"2024-08-01T10:30:52+00:00\" \/>\n<meta property=\"og:image\" content=\"https:\/\/leite-europa.com\/wp-content\/uploads\/2023\/01\/IMG_1339.jpeg\" \/>\n\t<meta property=\"og:image:width\" content=\"1440\" \/>\n\t<meta property=\"og:image:height\" content=\"1920\" \/>\n\t<meta property=\"og:image:type\" content=\"image\/jpeg\" \/>\n<meta name=\"twitter:card\" content=\"summary_large_image\" \/>\n<meta name=\"twitter:label1\" content=\"Tempo estimado de leitura\" \/>\n\t<meta name=\"twitter:data1\" content=\"2 minutos\" \/>\n<script type=\"application\/ld+json\" class=\"yoast-schema-graph\">{\"@context\":\"https:\\\/\\\/schema.org\",\"@graph\":[{\"@type\":\"WebPage\",\"@id\":\"https:\\\/\\\/leite-europa.com\\\/pt-pt\\\/produit\\\/balde-de-corte\\\/\",\"url\":\"https:\\\/\\\/leite-europa.com\\\/pt-pt\\\/produit\\\/balde-de-corte\\\/\",\"name\":\"Balde de limpeza - Leite Europe\",\"isPartOf\":{\"@id\":\"https:\\\/\\\/leite-europa.com\\\/pt-pt\\\/#website\"},\"primaryImageOfPage\":{\"@id\":\"https:\\\/\\\/leite-europa.com\\\/pt-pt\\\/produit\\\/balde-de-corte\\\/#primaryimage\"},\"image\":{\"@id\":\"https:\\\/\\\/leite-europa.com\\\/pt-pt\\\/produit\\\/balde-de-corte\\\/#primaryimage\"},\"thumbnailUrl\":\"https:\\\/\\\/leite-europa.com\\\/wp-content\\\/uploads\\\/2023\\\/01\\\/IMG_1339.jpeg\",\"datePublished\":\"2023-11-07T13:57:44+00:00\",\"dateModified\":\"2024-08-01T10:30:52+00:00\",\"description\":\"O nosso balde escavador Leite, tamb\u00e9m conhecido como balde de vala ou balde nivelador, \u00e9 um balde sem dentes indispens\u00e1vel para os trabalhos de enchimento e nivelamento.\",\"breadcrumb\":{\"@id\":\"https:\\\/\\\/leite-europa.com\\\/pt-pt\\\/produit\\\/balde-de-corte\\\/#breadcrumb\"},\"inLanguage\":\"pt-PT\",\"potentialAction\":[{\"@type\":\"ReadAction\",\"target\":[\"https:\\\/\\\/leite-europa.com\\\/pt-pt\\\/produit\\\/balde-de-corte\\\/\"]}]},{\"@type\":\"ImageObject\",\"inLanguage\":\"pt-PT\",\"@id\":\"https:\\\/\\\/leite-europa.com\\\/pt-pt\\\/produit\\\/balde-de-corte\\\/#primaryimage\",\"url\":\"https:\\\/\\\/leite-europa.com\\\/wp-content\\\/uploads\\\/2023\\\/01\\\/IMG_1339.jpeg\",\"contentUrl\":\"https:\\\/\\\/leite-europa.com\\\/wp-content\\\/uploads\\\/2023\\\/01\\\/IMG_1339.jpeg\",\"width\":1440,\"height\":1920,\"caption\":\"Balde de limpeza Leite\"},{\"@type\":\"BreadcrumbList\",\"@id\":\"https:\\\/\\\/leite-europa.com\\\/pt-pt\\\/produit\\\/balde-de-corte\\\/#breadcrumb\",\"itemListElement\":[{\"@type\":\"ListItem\",\"position\":1,\"name\":\"Accueil\",\"item\":\"https:\\\/\\\/leite-europa.com\\\/pt-pt\\\/inicio\\\/\"},{\"@type\":\"ListItem\",\"position\":2,\"name\":\"Boutique\",\"item\":\"https:\\\/\\\/leite-europa.com\\\/fr\\\/boutique\\\/\"},{\"@type\":\"ListItem\",\"position\":3,\"name\":\"Balde de limpeza\"}]},{\"@type\":\"WebSite\",\"@id\":\"https:\\\/\\\/leite-europa.com\\\/pt-pt\\\/#website\",\"url\":\"https:\\\/\\\/leite-europa.com\\\/pt-pt\\\/\",\"name\":\"Leite Europe\",\"description\":\"\",\"publisher\":{\"@id\":\"https:\\\/\\\/leite-europa.com\\\/pt-pt\\\/#organization\"},\"potentialAction\":[{\"@type\":\"SearchAction\",\"target\":{\"@type\":\"EntryPoint\",\"urlTemplate\":\"https:\\\/\\\/leite-europa.com\\\/pt-pt\\\/?s={search_term_string}\"},\"query-input\":{\"@type\":\"PropertyValueSpecification\",\"valueRequired\":true,\"valueName\":\"search_term_string\"}}],\"inLanguage\":\"pt-PT\"},{\"@type\":\"Organization\",\"@id\":\"https:\\\/\\\/leite-europa.com\\\/pt-pt\\\/#organization\",\"name\":\"Leite Europe\",\"url\":\"https:\\\/\\\/leite-europa.com\\\/pt-pt\\\/\",\"logo\":{\"@type\":\"ImageObject\",\"inLanguage\":\"pt-PT\",\"@id\":\"https:\\\/\\\/leite-europa.com\\\/pt-pt\\\/#\\\/schema\\\/logo\\\/image\\\/\",\"url\":\"https:\\\/\\\/leite-europa.com\\\/wp-content\\\/uploads\\\/2022\\\/12\\\/LOGO-LEITE.png\",\"contentUrl\":\"https:\\\/\\\/leite-europa.com\\\/wp-content\\\/uploads\\\/2022\\\/12\\\/LOGO-LEITE.png\",\"width\":1024,\"height\":512,\"caption\":\"Leite Europe\"},\"image\":{\"@id\":\"https:\\\/\\\/leite-europa.com\\\/pt-pt\\\/#\\\/schema\\\/logo\\\/image\\\/\"},\"sameAs\":[\"https:\\\/\\\/www.facebook.com\\\/profile.php?id=100089192656837\",\"https:\\\/\\\/www.instagram.com\\\/leite_france_minipelle\\\/\",\"https:\\\/\\\/www.linkedin.com\\\/company\\\/leite-france\\\/\"]}]}<\/script>\n<!-- \/ Yoast SEO plugin. -->","yoast_head_json":{"title":"Balde de limpeza - Leite Europe","description":"O nosso balde escavador Leite, tamb\u00e9m conhecido como balde de vala ou balde nivelador, \u00e9 um balde sem dentes indispens\u00e1vel para os trabalhos de enchimento e nivelamento.","robots":{"index":"index","follow":"follow","max-snippet":"max-snippet:-1","max-image-preview":"max-image-preview:large","max-video-preview":"max-video-preview:-1"},"canonical":"https:\/\/leite-europa.com\/pt-pt\/produit\/balde-de-corte\/","og_locale":"pt_PT","og_type":"article","og_title":"Balde de limpeza - Leite Europe","og_description":"O nosso balde escavador Leite, tamb\u00e9m conhecido como balde de vala ou balde nivelador, \u00e9 um balde sem dentes indispens\u00e1vel para os trabalhos de enchimento e nivelamento.","og_url":"https:\/\/leite-europa.com\/pt-pt\/produit\/balde-de-corte\/","og_site_name":"Leite Europe","article_publisher":"https:\/\/www.facebook.com\/profile.php?id=100089192656837","article_modified_time":"2024-08-01T10:30:52+00:00","og_image":[{"width":1440,"height":1920,"url":"https:\/\/leite-europa.com\/wp-content\/uploads\/2023\/01\/IMG_1339.jpeg","type":"image\/jpeg"}],"twitter_card":"summary_large_image","twitter_misc":{"Tempo estimado de leitura":"2 minutos"},"schema":{"@context":"https:\/\/schema.org","@graph":[{"@type":"WebPage","@id":"https:\/\/leite-europa.com\/pt-pt\/produit\/balde-de-corte\/","url":"https:\/\/leite-europa.com\/pt-pt\/produit\/balde-de-corte\/","name":"Balde de limpeza - Leite Europe","isPartOf":{"@id":"https:\/\/leite-europa.com\/pt-pt\/#website"},"primaryImageOfPage":{"@id":"https:\/\/leite-europa.com\/pt-pt\/produit\/balde-de-corte\/#primaryimage"},"image":{"@id":"https:\/\/leite-europa.com\/pt-pt\/produit\/balde-de-corte\/#primaryimage"},"thumbnailUrl":"https:\/\/leite-europa.com\/wp-content\/uploads\/2023\/01\/IMG_1339.jpeg","datePublished":"2023-11-07T13:57:44+00:00","dateModified":"2024-08-01T10:30:52+00:00","description":"O nosso balde escavador Leite, tamb\u00e9m conhecido como balde de vala ou balde nivelador, \u00e9 um balde sem dentes indispens\u00e1vel para os trabalhos de enchimento e nivelamento.","breadcrumb":{"@id":"https:\/\/leite-europa.com\/pt-pt\/produit\/balde-de-corte\/#breadcrumb"},"inLanguage":"pt-PT","potentialAction":[{"@type":"ReadAction","target":["https:\/\/leite-europa.com\/pt-pt\/produit\/balde-de-corte\/"]}]},{"@type":"ImageObject","inLanguage":"pt-PT","@id":"https:\/\/leite-europa.com\/pt-pt\/produit\/balde-de-corte\/#primaryimage","url":"https:\/\/leite-europa.com\/wp-content\/uploads\/2023\/01\/IMG_1339.jpeg","contentUrl":"https:\/\/leite-europa.com\/wp-content\/uploads\/2023\/01\/IMG_1339.jpeg","width":1440,"height":1920,"caption":"Balde de limpeza Leite"},{"@type":"BreadcrumbList","@id":"https:\/\/leite-europa.com\/pt-pt\/produit\/balde-de-corte\/#breadcrumb","itemListElement":[{"@type":"ListItem","position":1,"name":"Accueil","item":"https:\/\/leite-europa.com\/pt-pt\/inicio\/"},{"@type":"ListItem","position":2,"name":"Boutique","item":"https:\/\/leite-europa.com\/fr\/boutique\/"},{"@type":"ListItem","position":3,"name":"Balde de limpeza"}]},{"@type":"WebSite","@id":"https:\/\/leite-europa.com\/pt-pt\/#website","url":"https:\/\/leite-europa.com\/pt-pt\/","name":"Leite Europe","description":"","publisher":{"@id":"https:\/\/leite-europa.com\/pt-pt\/#organization"},"potentialAction":[{"@type":"SearchAction","target":{"@type":"EntryPoint","urlTemplate":"https:\/\/leite-europa.com\/pt-pt\/?s={search_term_string}"},"query-input":{"@type":"PropertyValueSpecification","valueRequired":true,"valueName":"search_term_string"}}],"inLanguage":"pt-PT"},{"@type":"Organization","@id":"https:\/\/leite-europa.com\/pt-pt\/#organization","name":"Leite Europe","url":"https:\/\/leite-europa.com\/pt-pt\/","logo":{"@type":"ImageObject","inLanguage":"pt-PT","@id":"https:\/\/leite-europa.com\/pt-pt\/#\/schema\/logo\/image\/","url":"https:\/\/leite-europa.com\/wp-content\/uploads\/2022\/12\/LOGO-LEITE.png","contentUrl":"https:\/\/leite-europa.com\/wp-content\/uploads\/2022\/12\/LOGO-LEITE.png","width":1024,"height":512,"caption":"Leite Europe"},"image":{"@id":"https:\/\/leite-europa.com\/pt-pt\/#\/schema\/logo\/image\/"},"sameAs":["https:\/\/www.facebook.com\/profile.php?id=100089192656837","https:\/\/www.instagram.com\/leite_france_minipelle\/","https:\/\/www.linkedin.com\/company\/leite-france\/"]}]}},"_links":{"self":[{"href":"https:\/\/leite-europa.com\/pt-pt\/wp-json\/wp\/v2\/product\/8318","targetHints":{"allow":["GET"]}}],"collection":[{"href":"https:\/\/leite-europa.com\/pt-pt\/wp-json\/wp\/v2\/product"}],"about":[{"href":"https:\/\/leite-europa.com\/pt-pt\/wp-json\/wp\/v2\/types\/product"}],"wp:featuredmedia":[{"embeddable":true,"href":"https:\/\/leite-europa.com\/pt-pt\/wp-json\/wp\/v2\/media\/3519"}],"wp:attachment":[{"href":"https:\/\/leite-europa.com\/pt-pt\/wp-json\/wp\/v2\/media?parent=8318"}],"wp:term":[{"taxonomy":"product_brand","embeddable":true,"href":"https:\/\/leite-europa.com\/pt-pt\/wp-json\/wp\/v2\/product_brand?post=8318"},{"taxonomy":"product_cat","embeddable":true,"href":"https:\/\/leite-europa.com\/pt-pt\/wp-json\/wp\/v2\/product_cat?post=8318"},{"taxonomy":"product_tag","embeddable":true,"href":"https:\/\/leite-europa.com\/pt-pt\/wp-json\/wp\/v2\/product_tag?post=8318"}],"curies":[{"name":"wp","href":"https:\/\/api.w.org\/{rel}","templated":true}]}}