{"id":8321,"date":"2023-11-07T18:57:18","date_gmt":"2023-11-07T17:57:18","guid":{"rendered":"https:\/\/leite-europa.com\/produit\/rotavator-motocultivador-rotativo-140-para-tractores-leite\/"},"modified":"2023-11-15T11:49:04","modified_gmt":"2023-11-15T10:49:04","slug":"rotavator-rotary-tiller-140-for-trator-leite","status":"publish","type":"product","link":"https:\/\/leite-europa.com\/pt-pt\/produit\/rotavator-rotary-tiller-140-for-trator-leite\/","title":{"rendered":"Rotavator &#8211; Motocultivador rotativo 140 para tractores LEITE"},"content":{"rendered":"<p>[et_pb_section fb_built=&#8221;1&#8243; _builder_version=&#8221;4.19.2&#8243; _module_preset=&#8221;default&#8221; background_color=&#8221;#FFFFFF&#8221; custom_padding=&#8221;||4px|||&#8221; global_colors_info=&#8221;{}&#8221;][et_pb_row column_structure=&#8221;1_2,1_2&#8243; _builder_version=&#8221;4.19.2&#8243; _module_preset=&#8221;default&#8221; global_colors_info=&#8221;{}&#8221;][et_pb_column type=&#8221;1_2&#8243; _builder_version=&#8221;4.19.2&#8243; _module_preset=&#8221;default&#8221; global_colors_info=&#8221;{}&#8221;][et_pb_gallery gallery_ids=&#8221;2595&#8243; fullwidth=&#8221;on&#8221; _builder_version=&#8221;4.22.1&#8243; _module_preset=&#8221;default&#8221; global_colors_info=&#8221;{}&#8221;][\/et_pb_gallery][\/et_pb_column][et_pb_column type=&#8221;1_2&#8243; _builder_version=&#8221;4.19.2&#8243; _module_preset=&#8221;default&#8221; global_colors_info=&#8221;{}&#8221;][et_pb_text _builder_version=&#8221;4.22.1&#8243; _module_preset=&#8221;default&#8221; text_line_height=&#8221;2em&#8221; header_2_text_color=&#8221;#E75F0D&#8221; global_colors_info=&#8221;{}&#8221;]<\/p>\n<h2>&#8220;A ferramenta ideal para uma prepara\u00e7\u00e3o \u00f3ptima do solo&#8221;.<\/h2>\n<p>[\/et_pb_text][et_pb_text _builder_version=&#8221;4.22.1&#8243; _module_preset=&#8221;default&#8221; text_orientation=&#8221;justified&#8221; global_colors_info=&#8221;{}&#8221;]<\/p>\n<p>Descubra o <strong>Rotary Tiller 140<\/strong>, um rotavator topo de gama concebido para proporcionar um desempenho excecional. Com uma largura de trabalho de 1400 mm e 32 l\u00e2minas afiadas, prepara o solo para a planta\u00e7\u00e3o de forma eficiente e uniforme.<\/p>\n<p><strong>Especifica\u00e7\u00f5es t\u00e9cnicas :<\/strong><\/p>\n<ul>\n<li><strong>Modelo:<\/strong> Motocultivador rotativo 140<\/li>\n<li><strong>Largura de trabalho:<\/strong> 1400 mm<\/li>\n<li><strong>N\u00famero de l\u00e2minas:<\/strong> 32<\/li>\n<li><strong>M\u00e9todo de atrelagem:<\/strong> Suspens\u00e3o de tr\u00eas pontos<\/li>\n<li><strong>Pot\u00eancia adequada:<\/strong> 30 a 50 hp<\/li>\n<li><strong>Velocidade da tomada de for\u00e7a (TDF):<\/strong> 540 rpm<\/li>\n<\/ul>\n<p><strong>Vantagens :<\/strong><\/p>\n<ol>\n<li><strong>Desempenho incompar\u00e1vel:<\/strong> Com as suas 32 l\u00e2minas, o Rotary Tiller 140 garante uma prepara\u00e7\u00e3o r\u00e1pida e uniforme do pavimento.<\/li>\n<li><strong>Compatibilidade:<\/strong> Concebida para tractores de 30 a 50 CV, satisfaz uma vasta gama de necessidades agr\u00edcolas.<\/li>\n<li><strong>Instala\u00e7\u00e3o f\u00e1cil:<\/strong> fixa\u00e7\u00e3o simples e eficaz com suspens\u00e3o de tr\u00eas pontos.<\/li>\n<li><strong>Durabilidade garantida:<\/strong> materiais robustos para uma longa vida \u00fatil.<\/li>\n<\/ol>\n<p>[\/et_pb_text][\/et_pb_column][\/et_pb_row][\/et_pb_section]<\/p>\n","protected":false},"excerpt":{"rendered":"<p>&#8220;A ferramenta ideal para uma prepara\u00e7\u00e3o \u00f3ptima do solo&#8221;.Descubra o Rotary Tiller 140, um rotavator topo de gama concebido para proporcionar um desempenho excecional. Com uma largura de trabalho de 1400 mm e 32 l\u00e2minas afiadas, prepara o solo para a planta\u00e7\u00e3o de forma eficiente e uniforme. Especifica\u00e7\u00f5es t\u00e9cnicas : Modelo: Motocultivador rotativo 140 Largura [&hellip;]<\/p>\n","protected":false},"featured_media":4779,"template":"","meta":{"_et_pb_use_builder":"on","_et_pb_old_content":"","_et_gb_content_width":""},"product_brand":[],"product_cat":[214],"product_tag":[],"class_list":{"0":"post-8321","1":"product","2":"type-product","3":"status-publish","4":"has-post-thumbnail","6":"product_cat-acessorios-para-tractores","8":"first","9":"instock","10":"taxable","11":"shipping-taxable","12":"purchasable","13":"product-type-simple"},"yoast_head":"<!-- This site is optimized with the Yoast SEO plugin v27.4 - https:\/\/yoast.com\/product\/yoast-seo-wordpress\/ -->\n<title>Rotavator - Motocultivador rotativo 140 para tractores LEITE - Leite Europe<\/title>\n<meta name=\"description\" content=\"O Motocultivador rotativo 140 \u00e9 o rotavador ideal para uma prepara\u00e7\u00e3o \u00f3ptima do solo. 1400 mm de largura, 32 l\u00e2minas, para tractores.\" \/>\n<meta name=\"robots\" content=\"index, follow, max-snippet:-1, max-image-preview:large, max-video-preview:-1\" \/>\n<link rel=\"canonical\" href=\"https:\/\/leite-europa.com\/pt-pt\/produit\/rotavator-rotary-tiller-140-for-trator-leite\/\" \/>\n<meta property=\"og:locale\" content=\"pt_PT\" \/>\n<meta property=\"og:type\" content=\"article\" \/>\n<meta property=\"og:title\" content=\"Rotavator - Motocultivador rotativo 140 para tractores LEITE - Leite Europe\" \/>\n<meta property=\"og:description\" content=\"O Motocultivador rotativo 140 \u00e9 o rotavador ideal para uma prepara\u00e7\u00e3o \u00f3ptima do solo. 1400 mm de largura, 32 l\u00e2minas, para tractores.\" \/>\n<meta property=\"og:url\" content=\"https:\/\/leite-europa.com\/pt-pt\/produit\/rotavator-rotary-tiller-140-for-trator-leite\/\" \/>\n<meta property=\"og:site_name\" content=\"Leite Europe\" \/>\n<meta property=\"article:publisher\" content=\"https:\/\/www.facebook.com\/profile.php?id=100089192656837\" \/>\n<meta property=\"article:modified_time\" content=\"2023-11-15T10:49:04+00:00\" \/>\n<meta property=\"og:image\" content=\"https:\/\/leite-europa.com\/wp-content\/uploads\/2023\/09\/Rotavator-Tracteur-LEITE-1024x819.png\" \/>\n\t<meta property=\"og:image:width\" content=\"1024\" \/>\n\t<meta property=\"og:image:height\" content=\"819\" \/>\n\t<meta property=\"og:image:type\" content=\"image\/png\" \/>\n<meta name=\"twitter:card\" content=\"summary_large_image\" \/>\n<meta name=\"twitter:label1\" content=\"Tempo estimado de leitura\" \/>\n\t<meta name=\"twitter:data1\" content=\"1 minuto\" \/>\n<script type=\"application\/ld+json\" class=\"yoast-schema-graph\">{\"@context\":\"https:\\\/\\\/schema.org\",\"@graph\":[{\"@type\":\"WebPage\",\"@id\":\"https:\\\/\\\/leite-europa.com\\\/pt-pt\\\/produit\\\/rotavator-rotary-tiller-140-for-trator-leite\\\/\",\"url\":\"https:\\\/\\\/leite-europa.com\\\/pt-pt\\\/produit\\\/rotavator-rotary-tiller-140-for-trator-leite\\\/\",\"name\":\"Rotavator - Motocultivador rotativo 140 para tractores LEITE - Leite Europe\",\"isPartOf\":{\"@id\":\"https:\\\/\\\/leite-europa.com\\\/pt-pt\\\/#website\"},\"primaryImageOfPage\":{\"@id\":\"https:\\\/\\\/leite-europa.com\\\/pt-pt\\\/produit\\\/rotavator-rotary-tiller-140-for-trator-leite\\\/#primaryimage\"},\"image\":{\"@id\":\"https:\\\/\\\/leite-europa.com\\\/pt-pt\\\/produit\\\/rotavator-rotary-tiller-140-for-trator-leite\\\/#primaryimage\"},\"thumbnailUrl\":\"https:\\\/\\\/leite-europa.com\\\/wp-content\\\/uploads\\\/2023\\\/09\\\/Rotavator-Tracteur-LEITE.png\",\"datePublished\":\"2023-11-07T17:57:18+00:00\",\"dateModified\":\"2023-11-15T10:49:04+00:00\",\"description\":\"O Motocultivador rotativo 140 \u00e9 o rotavador ideal para uma prepara\u00e7\u00e3o \u00f3ptima do solo. 1400 mm de largura, 32 l\u00e2minas, para tractores.\",\"breadcrumb\":{\"@id\":\"https:\\\/\\\/leite-europa.com\\\/pt-pt\\\/produit\\\/rotavator-rotary-tiller-140-for-trator-leite\\\/#breadcrumb\"},\"inLanguage\":\"pt-PT\",\"potentialAction\":[{\"@type\":\"ReadAction\",\"target\":[\"https:\\\/\\\/leite-europa.com\\\/pt-pt\\\/produit\\\/rotavator-rotary-tiller-140-for-trator-leite\\\/\"]}]},{\"@type\":\"ImageObject\",\"inLanguage\":\"pt-PT\",\"@id\":\"https:\\\/\\\/leite-europa.com\\\/pt-pt\\\/produit\\\/rotavator-rotary-tiller-140-for-trator-leite\\\/#primaryimage\",\"url\":\"https:\\\/\\\/leite-europa.com\\\/wp-content\\\/uploads\\\/2023\\\/09\\\/Rotavator-Tracteur-LEITE.png\",\"contentUrl\":\"https:\\\/\\\/leite-europa.com\\\/wp-content\\\/uploads\\\/2023\\\/09\\\/Rotavator-Tracteur-LEITE.png\",\"width\":2000,\"height\":1600,\"caption\":\"Rotavator - Motocultivador rotativo 140 para tractores LEITE\"},{\"@type\":\"BreadcrumbList\",\"@id\":\"https:\\\/\\\/leite-europa.com\\\/pt-pt\\\/produit\\\/rotavator-rotary-tiller-140-for-trator-leite\\\/#breadcrumb\",\"itemListElement\":[{\"@type\":\"ListItem\",\"position\":1,\"name\":\"Accueil\",\"item\":\"https:\\\/\\\/leite-europa.com\\\/pt-pt\\\/inicio\\\/\"},{\"@type\":\"ListItem\",\"position\":2,\"name\":\"Boutique\",\"item\":\"https:\\\/\\\/leite-europa.com\\\/fr\\\/boutique\\\/\"},{\"@type\":\"ListItem\",\"position\":3,\"name\":\"Rotavator &#8211; Motocultivador rotativo 140 para tractores LEITE\"}]},{\"@type\":\"WebSite\",\"@id\":\"https:\\\/\\\/leite-europa.com\\\/pt-pt\\\/#website\",\"url\":\"https:\\\/\\\/leite-europa.com\\\/pt-pt\\\/\",\"name\":\"Leite Europe\",\"description\":\"\",\"publisher\":{\"@id\":\"https:\\\/\\\/leite-europa.com\\\/pt-pt\\\/#organization\"},\"potentialAction\":[{\"@type\":\"SearchAction\",\"target\":{\"@type\":\"EntryPoint\",\"urlTemplate\":\"https:\\\/\\\/leite-europa.com\\\/pt-pt\\\/?s={search_term_string}\"},\"query-input\":{\"@type\":\"PropertyValueSpecification\",\"valueRequired\":true,\"valueName\":\"search_term_string\"}}],\"inLanguage\":\"pt-PT\"},{\"@type\":\"Organization\",\"@id\":\"https:\\\/\\\/leite-europa.com\\\/pt-pt\\\/#organization\",\"name\":\"Leite Europe\",\"url\":\"https:\\\/\\\/leite-europa.com\\\/pt-pt\\\/\",\"logo\":{\"@type\":\"ImageObject\",\"inLanguage\":\"pt-PT\",\"@id\":\"https:\\\/\\\/leite-europa.com\\\/pt-pt\\\/#\\\/schema\\\/logo\\\/image\\\/\",\"url\":\"https:\\\/\\\/leite-europa.com\\\/wp-content\\\/uploads\\\/2022\\\/12\\\/LOGO-LEITE.png\",\"contentUrl\":\"https:\\\/\\\/leite-europa.com\\\/wp-content\\\/uploads\\\/2022\\\/12\\\/LOGO-LEITE.png\",\"width\":1024,\"height\":512,\"caption\":\"Leite Europe\"},\"image\":{\"@id\":\"https:\\\/\\\/leite-europa.com\\\/pt-pt\\\/#\\\/schema\\\/logo\\\/image\\\/\"},\"sameAs\":[\"https:\\\/\\\/www.facebook.com\\\/profile.php?id=100089192656837\",\"https:\\\/\\\/www.instagram.com\\\/leite_france_minipelle\\\/\",\"https:\\\/\\\/www.linkedin.com\\\/company\\\/leite-france\\\/\"]}]}<\/script>\n<!-- \/ Yoast SEO plugin. -->","yoast_head_json":{"title":"Rotavator - Motocultivador rotativo 140 para tractores LEITE - Leite Europe","description":"O Motocultivador rotativo 140 \u00e9 o rotavador ideal para uma prepara\u00e7\u00e3o \u00f3ptima do solo. 1400 mm de largura, 32 l\u00e2minas, para tractores.","robots":{"index":"index","follow":"follow","max-snippet":"max-snippet:-1","max-image-preview":"max-image-preview:large","max-video-preview":"max-video-preview:-1"},"canonical":"https:\/\/leite-europa.com\/pt-pt\/produit\/rotavator-rotary-tiller-140-for-trator-leite\/","og_locale":"pt_PT","og_type":"article","og_title":"Rotavator - Motocultivador rotativo 140 para tractores LEITE - Leite Europe","og_description":"O Motocultivador rotativo 140 \u00e9 o rotavador ideal para uma prepara\u00e7\u00e3o \u00f3ptima do solo. 1400 mm de largura, 32 l\u00e2minas, para tractores.","og_url":"https:\/\/leite-europa.com\/pt-pt\/produit\/rotavator-rotary-tiller-140-for-trator-leite\/","og_site_name":"Leite Europe","article_publisher":"https:\/\/www.facebook.com\/profile.php?id=100089192656837","article_modified_time":"2023-11-15T10:49:04+00:00","og_image":[{"width":1024,"height":819,"url":"https:\/\/leite-europa.com\/wp-content\/uploads\/2023\/09\/Rotavator-Tracteur-LEITE-1024x819.png","type":"image\/png"}],"twitter_card":"summary_large_image","twitter_misc":{"Tempo estimado de leitura":"1 minuto"},"schema":{"@context":"https:\/\/schema.org","@graph":[{"@type":"WebPage","@id":"https:\/\/leite-europa.com\/pt-pt\/produit\/rotavator-rotary-tiller-140-for-trator-leite\/","url":"https:\/\/leite-europa.com\/pt-pt\/produit\/rotavator-rotary-tiller-140-for-trator-leite\/","name":"Rotavator - Motocultivador rotativo 140 para tractores LEITE - Leite Europe","isPartOf":{"@id":"https:\/\/leite-europa.com\/pt-pt\/#website"},"primaryImageOfPage":{"@id":"https:\/\/leite-europa.com\/pt-pt\/produit\/rotavator-rotary-tiller-140-for-trator-leite\/#primaryimage"},"image":{"@id":"https:\/\/leite-europa.com\/pt-pt\/produit\/rotavator-rotary-tiller-140-for-trator-leite\/#primaryimage"},"thumbnailUrl":"https:\/\/leite-europa.com\/wp-content\/uploads\/2023\/09\/Rotavator-Tracteur-LEITE.png","datePublished":"2023-11-07T17:57:18+00:00","dateModified":"2023-11-15T10:49:04+00:00","description":"O Motocultivador rotativo 140 \u00e9 o rotavador ideal para uma prepara\u00e7\u00e3o \u00f3ptima do solo. 1400 mm de largura, 32 l\u00e2minas, para tractores.","breadcrumb":{"@id":"https:\/\/leite-europa.com\/pt-pt\/produit\/rotavator-rotary-tiller-140-for-trator-leite\/#breadcrumb"},"inLanguage":"pt-PT","potentialAction":[{"@type":"ReadAction","target":["https:\/\/leite-europa.com\/pt-pt\/produit\/rotavator-rotary-tiller-140-for-trator-leite\/"]}]},{"@type":"ImageObject","inLanguage":"pt-PT","@id":"https:\/\/leite-europa.com\/pt-pt\/produit\/rotavator-rotary-tiller-140-for-trator-leite\/#primaryimage","url":"https:\/\/leite-europa.com\/wp-content\/uploads\/2023\/09\/Rotavator-Tracteur-LEITE.png","contentUrl":"https:\/\/leite-europa.com\/wp-content\/uploads\/2023\/09\/Rotavator-Tracteur-LEITE.png","width":2000,"height":1600,"caption":"Rotavator - Motocultivador rotativo 140 para tractores LEITE"},{"@type":"BreadcrumbList","@id":"https:\/\/leite-europa.com\/pt-pt\/produit\/rotavator-rotary-tiller-140-for-trator-leite\/#breadcrumb","itemListElement":[{"@type":"ListItem","position":1,"name":"Accueil","item":"https:\/\/leite-europa.com\/pt-pt\/inicio\/"},{"@type":"ListItem","position":2,"name":"Boutique","item":"https:\/\/leite-europa.com\/fr\/boutique\/"},{"@type":"ListItem","position":3,"name":"Rotavator &#8211; Motocultivador rotativo 140 para tractores LEITE"}]},{"@type":"WebSite","@id":"https:\/\/leite-europa.com\/pt-pt\/#website","url":"https:\/\/leite-europa.com\/pt-pt\/","name":"Leite Europe","description":"","publisher":{"@id":"https:\/\/leite-europa.com\/pt-pt\/#organization"},"potentialAction":[{"@type":"SearchAction","target":{"@type":"EntryPoint","urlTemplate":"https:\/\/leite-europa.com\/pt-pt\/?s={search_term_string}"},"query-input":{"@type":"PropertyValueSpecification","valueRequired":true,"valueName":"search_term_string"}}],"inLanguage":"pt-PT"},{"@type":"Organization","@id":"https:\/\/leite-europa.com\/pt-pt\/#organization","name":"Leite Europe","url":"https:\/\/leite-europa.com\/pt-pt\/","logo":{"@type":"ImageObject","inLanguage":"pt-PT","@id":"https:\/\/leite-europa.com\/pt-pt\/#\/schema\/logo\/image\/","url":"https:\/\/leite-europa.com\/wp-content\/uploads\/2022\/12\/LOGO-LEITE.png","contentUrl":"https:\/\/leite-europa.com\/wp-content\/uploads\/2022\/12\/LOGO-LEITE.png","width":1024,"height":512,"caption":"Leite Europe"},"image":{"@id":"https:\/\/leite-europa.com\/pt-pt\/#\/schema\/logo\/image\/"},"sameAs":["https:\/\/www.facebook.com\/profile.php?id=100089192656837","https:\/\/www.instagram.com\/leite_france_minipelle\/","https:\/\/www.linkedin.com\/company\/leite-france\/"]}]}},"_links":{"self":[{"href":"https:\/\/leite-europa.com\/pt-pt\/wp-json\/wp\/v2\/product\/8321","targetHints":{"allow":["GET"]}}],"collection":[{"href":"https:\/\/leite-europa.com\/pt-pt\/wp-json\/wp\/v2\/product"}],"about":[{"href":"https:\/\/leite-europa.com\/pt-pt\/wp-json\/wp\/v2\/types\/product"}],"wp:featuredmedia":[{"embeddable":true,"href":"https:\/\/leite-europa.com\/pt-pt\/wp-json\/wp\/v2\/media\/4779"}],"wp:attachment":[{"href":"https:\/\/leite-europa.com\/pt-pt\/wp-json\/wp\/v2\/media?parent=8321"}],"wp:term":[{"taxonomy":"product_brand","embeddable":true,"href":"https:\/\/leite-europa.com\/pt-pt\/wp-json\/wp\/v2\/product_brand?post=8321"},{"taxonomy":"product_cat","embeddable":true,"href":"https:\/\/leite-europa.com\/pt-pt\/wp-json\/wp\/v2\/product_cat?post=8321"},{"taxonomy":"product_tag","embeddable":true,"href":"https:\/\/leite-europa.com\/pt-pt\/wp-json\/wp\/v2\/product_tag?post=8321"}],"curies":[{"name":"wp","href":"https:\/\/api.w.org\/{rel}","templated":true}]}}